{"id":38407,"date":"2024-12-26T16:54:52","date_gmt":"2024-12-26T13:54:52","guid":{"rendered":"https:\/\/saudi-gift.com\/product\/tahinli-ve-susamli-seker\/"},"modified":"2024-12-26T16:54:52","modified_gmt":"2024-12-26T13:54:52","slug":"tahinli-ve-susamli-seker","status":"publish","type":"product","link":"https:\/\/saudi-gift.com\/tr\/urun\/tahinli-ve-susamli-seker\/","title":{"rendered":"Tahinli ve Susaml\u0131 \u015eeker"},"content":{"rendered":"<p>Bu tatlar, duyular\u0131n\u0131z\u0131 b\u00fcy\u00fcleyen ve dama\u011f\u0131n\u0131z\u0131 tazeleyen bir deneyim yaratmak i\u00e7in m\u00fckemmel bir denge i\u00e7inde harmanlan\u0131r.<\/p>\n<p><strong>Zengin ve dengeli lezzet:<\/strong><\/p>\n<ul>\n<li class=\"ql-indent-1\">Hurman\u0131n tatl\u0131l\u0131\u011f\u0131, kremsi tahin ve k\u0131zarm\u0131\u015f susam tohumlar\u0131yla birle\u015ferek farkl\u0131 ve dengeli bir lezzet verir. <\/li>\n<\/ul>\n<p><strong>Hassasiyet ve kalite ile doldurulmu\u015ftur:<\/strong><\/p>\n<ul>\n<li class=\"ql-indent-1\">Bu hurmalar\u0131n her biri hassasiyet ve \u00f6zenle tahin ve susamla doldurulur ve size her dokunu\u015fta lezzetli ve farkl\u0131 bir deneyim ya\u015fat\u0131r. <\/li>\n<\/ul>\n<p><strong>Do\u011fal bir enerji kayna\u011f\u0131:<\/strong><\/p>\n<ul>\n<li class=\"ql-indent-1\">Hurma do\u011fal \u015feker, lif, vitamin ve mineraller gibi bir\u00e7ok \u00f6nemli besin maddesi i\u00e7erdi\u011finden ideal bir enerji kayna\u011f\u0131d\u0131r. <\/li>\n<\/ul>\n<p><strong>T\u00fcm zamanlar i\u00e7in uygundur:<\/strong><\/p>\n<ul>\n<li class=\"ql-indent-1\">Bu hurmalar, g\u00fcn\u00fcn herhangi bir saatinde beslenme ihtiya\u00e7lar\u0131n\u0131z\u0131 kar\u015f\u0131lamak i\u00e7in sa\u011fl\u0131kl\u0131 bir at\u0131\u015ft\u0131rmal\u0131k veya enerji at\u0131\u015ft\u0131rmas\u0131 olarak yemek i\u00e7in ideal bir se\u00e7imdir.<\/li>\n<\/ul>\n<p><strong>Tahin ve susam ile doldurulmu\u015f Sukkari hurmalar\u0131 ile e\u015fsiz ve a\u011f\u0131z suland\u0131ran bir deneyimin tad\u0131n\u0131 \u00e7\u0131kar\u0131n ve duyular\u0131n\u0131z\u0131 b\u00fcy\u00fcleyen, size unutulmaz zevk ve keyif anlar\u0131 ya\u015fatan enfes lezzetinin tad\u0131n\u0131 \u00e7\u0131kar\u0131n! <\/strong><\/p>\n","protected":false},"excerpt":{"rendered":"<p>Hurman\u0131n do\u011fal tatl\u0131l\u0131\u011f\u0131n\u0131n kremsi tahin ve k\u0131zarm\u0131\u015f susam aromas\u0131yla birle\u015fti\u011fi Tahinli ve Susaml\u0131 Hurma Dolmam\u0131z ile lezzetli ve besleyici bir deneyimin tad\u0131n\u0131 \u00e7\u0131kar\u0131n. <\/p>\n<p>&nbsp;<\/p>\n<p>&nbsp;<\/p>\n<p><strong><span style=\"font-size: 17px\">Hapla kaplanm\u0131\u015f m\u0131?<\/span><\/strong><\/p>\n","protected":false},"featured_media":31539,"comment_status":"open","ping_status":"closed","template":"","meta":[],"product_brand":[],"product_cat":[3178],"product_tag":[1634,716,1625],"class_list":{"0":"post-38407","1":"product","2":"type-product","3":"status-publish","4":"has-post-thumbnail","6":"product_cat-ikram-urunleri","7":"product_tag-_-tr","8":"product_tag--tr","11":"first","12":"instock","13":"sale","14":"sold-individually","15":"shipping-taxable","16":"purchasable","17":"product-type-variable"},"yoast_head":"<!-- This site is optimized with the Yoast SEO Premium plugin v27.2 (Yoast SEO v27.6) - https:\/\/yoast.com\/product\/yoast-seo-premium-wordpress\/ -->\n<title>Tahinli \u015eeker Hurmas\u0131 - Saudi Gift&#039;teki onlarca ma\u011faza aras\u0131ndan online al\u0131\u015fveri\u015f yap\u0131n<\/title>\n<meta name=\"description\" content=\"Hurman\u0131n do\u011fal tatl\u0131l\u0131\u011f\u0131n\u0131n kremsi tahin ve k\u0131zarm\u0131\u015f susam aromas\u0131yla birle\u015fti\u011fi Tahinli ve Susaml\u0131 Hurma Dolmam\u0131z ile lezzetli ve besleyici bir deneyimin tad\u0131n\u0131 \u00e7\u0131kar\u0131n.\" \/>\n<meta name=\"robots\" content=\"index, follow, max-snippet:-1, max-image-preview:large, max-video-preview:-1\" \/>\n<link rel=\"canonical\" href=\"https:\/\/saudi-gift.com\/product\/\u062a\u0645\u0631-\u0633\u0643\u0631\u064a\/\" \/>\n<meta property=\"og:locale\" content=\"tr_TR\" \/>\n<meta property=\"og:type\" content=\"article\" \/>\n<meta property=\"og:title\" content=\"Tahinli ve Susaml\u0131 \u015eeker\" \/>\n<meta property=\"og:description\" content=\"Hurman\u0131n do\u011fal tatl\u0131l\u0131\u011f\u0131n\u0131n kremsi tahin ve k\u0131zarm\u0131\u015f susam aromas\u0131yla birle\u015fti\u011fi Tahinli ve Susaml\u0131 Hurma Dolmam\u0131z ile lezzetli ve besleyici bir deneyimin tad\u0131n\u0131 \u00e7\u0131kar\u0131n.\" \/>\n<meta property=\"og:url\" content=\"https:\/\/saudi-gift.com\/product\/\u062a\u0645\u0631-\u0633\u0643\u0631\u064a\/\" \/>\n<meta property=\"og:site_name\" content=\"\u0647\u062f\u064a\u0629 \u0633\u0639\u0648\u062f\u064a\u0629\" \/>\n<meta property=\"article:publisher\" content=\"https:\/\/www.facebook.com\/profile.php?id=61560277649059&amp;mibextid=LQQJ4d\" \/>\n<meta property=\"og:image\" content=\"https:\/\/saudi-gift.com\/wp-content\/uploads\/2024\/12\/62ae73f3-80b4-4104-b3ad-e8f87c00dc7e-1000x737-Jcg5MAXcqFrC0RpQGOEEeU6PzWruV2Xd8d9gC1mj-1.webp\" \/>\n\t<meta property=\"og:image:width\" content=\"600\" \/>\n\t<meta property=\"og:image:height\" content=\"600\" \/>\n\t<meta property=\"og:image:type\" content=\"image\/webp\" \/>\n<meta name=\"twitter:card\" content=\"summary_large_image\" \/>\n<meta name=\"twitter:site\" content=\"@saudigift_\" \/>\n<meta name=\"twitter:label1\" content=\"Tahmini okuma s\u00fcresi\" \/>\n\t<meta name=\"twitter:data1\" content=\"1 dakika\" \/>\n<script type=\"application\/ld+json\" class=\"yoast-schema-graph\">{\"@context\":\"https:\\\/\\\/schema.org\",\"@graph\":[{\"@type\":\"WebPage\",\"@id\":\"https:\\\/\\\/saudi-gift.com\\\/product\\\/%d8%aa%d9%85%d8%b1-%d8%b3%d9%83%d8%b1%d9%8a\\\/\",\"url\":\"https:\\\/\\\/saudi-gift.com\\\/product\\\/%d8%aa%d9%85%d8%b1-%d8%b3%d9%83%d8%b1%d9%8a\\\/\",\"name\":\"Tahinli \u015eeker Hurmas\u0131 - Saudi Gift'teki onlarca ma\u011faza aras\u0131ndan online al\u0131\u015fveri\u015f yap\u0131n\",\"isPartOf\":{\"@id\":\"https:\\\/\\\/saudi-gift.com\\\/#website\"},\"primaryImageOfPage\":{\"@id\":\"https:\\\/\\\/saudi-gift.com\\\/product\\\/%d8%aa%d9%85%d8%b1-%d8%b3%d9%83%d8%b1%d9%8a\\\/#primaryimage\"},\"image\":{\"@id\":\"https:\\\/\\\/saudi-gift.com\\\/product\\\/%d8%aa%d9%85%d8%b1-%d8%b3%d9%83%d8%b1%d9%8a\\\/#primaryimage\"},\"thumbnailUrl\":\"https:\\\/\\\/saudi-gift.com\\\/wp-content\\\/uploads\\\/2024\\\/12\\\/62ae73f3-80b4-4104-b3ad-e8f87c00dc7e-1000x737-Jcg5MAXcqFrC0RpQGOEEeU6PzWruV2Xd8d9gC1mj-1.webp\",\"datePublished\":\"2024-12-26T13:54:52+00:00\",\"description\":\"Hurman\u0131n do\u011fal tatl\u0131l\u0131\u011f\u0131n\u0131n kremsi tahin ve k\u0131zarm\u0131\u015f susam aromas\u0131yla birle\u015fti\u011fi Tahinli ve Susaml\u0131 Hurma Dolmam\u0131z ile lezzetli ve besleyici bir deneyimin tad\u0131n\u0131 \u00e7\u0131kar\u0131n.\",\"breadcrumb\":{\"@id\":\"https:\\\/\\\/saudi-gift.com\\\/product\\\/%d8%aa%d9%85%d8%b1-%d8%b3%d9%83%d8%b1%d9%8a\\\/#breadcrumb\"},\"inLanguage\":\"tr\",\"potentialAction\":[{\"@type\":\"ReadAction\",\"target\":[\"https:\\\/\\\/saudi-gift.com\\\/product\\\/%d8%aa%d9%85%d8%b1-%d8%b3%d9%83%d8%b1%d9%8a\\\/\"]}]},{\"@type\":\"ImageObject\",\"inLanguage\":\"tr\",\"@id\":\"https:\\\/\\\/saudi-gift.com\\\/product\\\/%d8%aa%d9%85%d8%b1-%d8%b3%d9%83%d8%b1%d9%8a\\\/#primaryimage\",\"url\":\"https:\\\/\\\/saudi-gift.com\\\/wp-content\\\/uploads\\\/2024\\\/12\\\/62ae73f3-80b4-4104-b3ad-e8f87c00dc7e-1000x737-Jcg5MAXcqFrC0RpQGOEEeU6PzWruV2Xd8d9gC1mj-1.webp\",\"contentUrl\":\"https:\\\/\\\/saudi-gift.com\\\/wp-content\\\/uploads\\\/2024\\\/12\\\/62ae73f3-80b4-4104-b3ad-e8f87c00dc7e-1000x737-Jcg5MAXcqFrC0RpQGOEEeU6PzWruV2Xd8d9gC1mj-1.webp\",\"width\":600,\"height\":600},{\"@type\":\"BreadcrumbList\",\"@id\":\"https:\\\/\\\/saudi-gift.com\\\/product\\\/%d8%aa%d9%85%d8%b1-%d8%b3%d9%83%d8%b1%d9%8a\\\/#breadcrumb\",\"itemListElement\":[{\"@type\":\"ListItem\",\"position\":1,\"name\":\"Home\",\"item\":\"https:\\\/\\\/saudi-gift.com\\\/tr\\\/\"},{\"@type\":\"ListItem\",\"position\":2,\"name\":\"\u015eimdi Al\u0131\u015fveri\u015f Yap\u0131n\",\"item\":\"https:\\\/\\\/saudi-gift.com\\\/tr\\\/simdi-alisveris-yapin\\\/\"},{\"@type\":\"ListItem\",\"position\":3,\"name\":\"Tahinli ve Susaml\u0131 \u015eeker\"}]},{\"@type\":\"WebSite\",\"@id\":\"https:\\\/\\\/saudi-gift.com\\\/#website\",\"url\":\"https:\\\/\\\/saudi-gift.com\\\/\",\"name\":\"\u0647\u062f\u064a\u0629 \u0633\u0639\u0648\u062f\u064a\u0629\",\"description\":\"\u0647\u062f\u064a\u0629 \u0633\u0639\u0648\u062f\u064a\u0629 \u0645\u062a\u062c\u0631 \u0627\u0644\u0643\u062a\u0631\u0648\u0646\u064a \u064a\u0642\u062f\u0645 \u0644\u0643\u0645 \u0645\u062c\u0645\u0648\u0639\u0629 \u0645\u0646 \u0627\u0644\u0647\u062f\u0627\u064a\u0627 \u0627\u0644\u062a\u064a \u062a\u062c\u0633\u062f \u0639\u0628\u0642 \u0630\u0643\u0631\u064a\u0627\u062a\u0643\u0645 \u0641\u064a \u0627\u0644\u0645\u0634\u0627\u0639\u0631 \u0627\u0644\u0645\u0642\u062f\u0633\u0629\",\"publisher\":{\"@id\":\"https:\\\/\\\/saudi-gift.com\\\/#organization\"},\"alternateName\":\"\u0647\u062f\u064a\u0629 \u0633\u0639\u0648\u062f\u064a\u0629\",\"potentialAction\":[{\"@type\":\"SearchAction\",\"target\":{\"@type\":\"EntryPoint\",\"urlTemplate\":\"https:\\\/\\\/saudi-gift.com\\\/?s={search_term_string}\"},\"query-input\":{\"@type\":\"PropertyValueSpecification\",\"valueRequired\":true,\"valueName\":\"search_term_string\"}}],\"inLanguage\":\"tr\"},{\"@type\":\"Organization\",\"@id\":\"https:\\\/\\\/saudi-gift.com\\\/#organization\",\"name\":\"\u0645\u062a\u062c\u0631 \u0627\u0644\u0647\u062f\u064a\u0629\",\"alternateName\":\"\u0647\u062f\u064a\u0629 \u0633\u0639\u0648\u062f\u064a\u0629\",\"url\":\"https:\\\/\\\/saudi-gift.com\\\/\",\"logo\":{\"@type\":\"ImageObject\",\"inLanguage\":\"tr\",\"@id\":\"https:\\\/\\\/saudi-gift.com\\\/#\\\/schema\\\/logo\\\/image\\\/\",\"url\":\"https:\\\/\\\/saudi-gift.com\\\/wp-content\\\/uploads\\\/2025\\\/05\\\/2.png\",\"contentUrl\":\"https:\\\/\\\/saudi-gift.com\\\/wp-content\\\/uploads\\\/2025\\\/05\\\/2.png\",\"width\":163,\"height\":42,\"caption\":\"\u0645\u062a\u062c\u0631 \u0627\u0644\u0647\u062f\u064a\u0629\"},\"image\":{\"@id\":\"https:\\\/\\\/saudi-gift.com\\\/#\\\/schema\\\/logo\\\/image\\\/\"},\"sameAs\":[\"https:\\\/\\\/www.facebook.com\\\/profile.php?id=61560277649059&mibextid=LQQJ4d\",\"https:\\\/\\\/x.com\\\/saudigift_\"]}]}<\/script>\n<!-- \/ Yoast SEO Premium plugin. -->","yoast_head_json":{"title":"Tahinli \u015eeker Hurmas\u0131 - Saudi Gift'teki onlarca ma\u011faza aras\u0131ndan online al\u0131\u015fveri\u015f yap\u0131n","description":"Hurman\u0131n do\u011fal tatl\u0131l\u0131\u011f\u0131n\u0131n kremsi tahin ve k\u0131zarm\u0131\u015f susam aromas\u0131yla birle\u015fti\u011fi Tahinli ve Susaml\u0131 Hurma Dolmam\u0131z ile lezzetli ve besleyici bir deneyimin tad\u0131n\u0131 \u00e7\u0131kar\u0131n.","robots":{"index":"index","follow":"follow","max-snippet":"max-snippet:-1","max-image-preview":"max-image-preview:large","max-video-preview":"max-video-preview:-1"},"canonical":"https:\/\/saudi-gift.com\/product\/\u062a\u0645\u0631-\u0633\u0643\u0631\u064a\/","og_locale":"tr_TR","og_type":"article","og_title":"Tahinli ve Susaml\u0131 \u015eeker","og_description":"Hurman\u0131n do\u011fal tatl\u0131l\u0131\u011f\u0131n\u0131n kremsi tahin ve k\u0131zarm\u0131\u015f susam aromas\u0131yla birle\u015fti\u011fi Tahinli ve Susaml\u0131 Hurma Dolmam\u0131z ile lezzetli ve besleyici bir deneyimin tad\u0131n\u0131 \u00e7\u0131kar\u0131n.","og_url":"https:\/\/saudi-gift.com\/product\/\u062a\u0645\u0631-\u0633\u0643\u0631\u064a\/","og_site_name":"\u0647\u062f\u064a\u0629 \u0633\u0639\u0648\u062f\u064a\u0629","article_publisher":"https:\/\/www.facebook.com\/profile.php?id=61560277649059&mibextid=LQQJ4d","og_image":[{"width":600,"height":600,"url":"https:\/\/saudi-gift.com\/wp-content\/uploads\/2024\/12\/62ae73f3-80b4-4104-b3ad-e8f87c00dc7e-1000x737-Jcg5MAXcqFrC0RpQGOEEeU6PzWruV2Xd8d9gC1mj-1.webp","type":"image\/webp"}],"twitter_card":"summary_large_image","twitter_site":"@saudigift_","twitter_misc":{"Tahmini okuma s\u00fcresi":"1 dakika"},"schema":{"@context":"https:\/\/schema.org","@graph":[{"@type":"WebPage","@id":"https:\/\/saudi-gift.com\/product\/%d8%aa%d9%85%d8%b1-%d8%b3%d9%83%d8%b1%d9%8a\/","url":"https:\/\/saudi-gift.com\/product\/%d8%aa%d9%85%d8%b1-%d8%b3%d9%83%d8%b1%d9%8a\/","name":"Tahinli \u015eeker Hurmas\u0131 - Saudi Gift'teki onlarca ma\u011faza aras\u0131ndan online al\u0131\u015fveri\u015f yap\u0131n","isPartOf":{"@id":"https:\/\/saudi-gift.com\/#website"},"primaryImageOfPage":{"@id":"https:\/\/saudi-gift.com\/product\/%d8%aa%d9%85%d8%b1-%d8%b3%d9%83%d8%b1%d9%8a\/#primaryimage"},"image":{"@id":"https:\/\/saudi-gift.com\/product\/%d8%aa%d9%85%d8%b1-%d8%b3%d9%83%d8%b1%d9%8a\/#primaryimage"},"thumbnailUrl":"https:\/\/saudi-gift.com\/wp-content\/uploads\/2024\/12\/62ae73f3-80b4-4104-b3ad-e8f87c00dc7e-1000x737-Jcg5MAXcqFrC0RpQGOEEeU6PzWruV2Xd8d9gC1mj-1.webp","datePublished":"2024-12-26T13:54:52+00:00","description":"Hurman\u0131n do\u011fal tatl\u0131l\u0131\u011f\u0131n\u0131n kremsi tahin ve k\u0131zarm\u0131\u015f susam aromas\u0131yla birle\u015fti\u011fi Tahinli ve Susaml\u0131 Hurma Dolmam\u0131z ile lezzetli ve besleyici bir deneyimin tad\u0131n\u0131 \u00e7\u0131kar\u0131n.","breadcrumb":{"@id":"https:\/\/saudi-gift.com\/product\/%d8%aa%d9%85%d8%b1-%d8%b3%d9%83%d8%b1%d9%8a\/#breadcrumb"},"inLanguage":"tr","potentialAction":[{"@type":"ReadAction","target":["https:\/\/saudi-gift.com\/product\/%d8%aa%d9%85%d8%b1-%d8%b3%d9%83%d8%b1%d9%8a\/"]}]},{"@type":"ImageObject","inLanguage":"tr","@id":"https:\/\/saudi-gift.com\/product\/%d8%aa%d9%85%d8%b1-%d8%b3%d9%83%d8%b1%d9%8a\/#primaryimage","url":"https:\/\/saudi-gift.com\/wp-content\/uploads\/2024\/12\/62ae73f3-80b4-4104-b3ad-e8f87c00dc7e-1000x737-Jcg5MAXcqFrC0RpQGOEEeU6PzWruV2Xd8d9gC1mj-1.webp","contentUrl":"https:\/\/saudi-gift.com\/wp-content\/uploads\/2024\/12\/62ae73f3-80b4-4104-b3ad-e8f87c00dc7e-1000x737-Jcg5MAXcqFrC0RpQGOEEeU6PzWruV2Xd8d9gC1mj-1.webp","width":600,"height":600},{"@type":"BreadcrumbList","@id":"https:\/\/saudi-gift.com\/product\/%d8%aa%d9%85%d8%b1-%d8%b3%d9%83%d8%b1%d9%8a\/#breadcrumb","itemListElement":[{"@type":"ListItem","position":1,"name":"Home","item":"https:\/\/saudi-gift.com\/tr\/"},{"@type":"ListItem","position":2,"name":"\u015eimdi Al\u0131\u015fveri\u015f Yap\u0131n","item":"https:\/\/saudi-gift.com\/tr\/simdi-alisveris-yapin\/"},{"@type":"ListItem","position":3,"name":"Tahinli ve Susaml\u0131 \u015eeker"}]},{"@type":"WebSite","@id":"https:\/\/saudi-gift.com\/#website","url":"https:\/\/saudi-gift.com\/","name":"\u0647\u062f\u064a\u0629 \u0633\u0639\u0648\u062f\u064a\u0629","description":"\u0647\u062f\u064a\u0629 \u0633\u0639\u0648\u062f\u064a\u0629 \u0645\u062a\u062c\u0631 \u0627\u0644\u0643\u062a\u0631\u0648\u0646\u064a \u064a\u0642\u062f\u0645 \u0644\u0643\u0645 \u0645\u062c\u0645\u0648\u0639\u0629 \u0645\u0646 \u0627\u0644\u0647\u062f\u0627\u064a\u0627 \u0627\u0644\u062a\u064a \u062a\u062c\u0633\u062f \u0639\u0628\u0642 \u0630\u0643\u0631\u064a\u0627\u062a\u0643\u0645 \u0641\u064a \u0627\u0644\u0645\u0634\u0627\u0639\u0631 \u0627\u0644\u0645\u0642\u062f\u0633\u0629","publisher":{"@id":"https:\/\/saudi-gift.com\/#organization"},"alternateName":"\u0647\u062f\u064a\u0629 \u0633\u0639\u0648\u062f\u064a\u0629","potentialAction":[{"@type":"SearchAction","target":{"@type":"EntryPoint","urlTemplate":"https:\/\/saudi-gift.com\/?s={search_term_string}"},"query-input":{"@type":"PropertyValueSpecification","valueRequired":true,"valueName":"search_term_string"}}],"inLanguage":"tr"},{"@type":"Organization","@id":"https:\/\/saudi-gift.com\/#organization","name":"\u0645\u062a\u062c\u0631 \u0627\u0644\u0647\u062f\u064a\u0629","alternateName":"\u0647\u062f\u064a\u0629 \u0633\u0639\u0648\u062f\u064a\u0629","url":"https:\/\/saudi-gift.com\/","logo":{"@type":"ImageObject","inLanguage":"tr","@id":"https:\/\/saudi-gift.com\/#\/schema\/logo\/image\/","url":"https:\/\/saudi-gift.com\/wp-content\/uploads\/2025\/05\/2.png","contentUrl":"https:\/\/saudi-gift.com\/wp-content\/uploads\/2025\/05\/2.png","width":163,"height":42,"caption":"\u0645\u062a\u062c\u0631 \u0627\u0644\u0647\u062f\u064a\u0629"},"image":{"@id":"https:\/\/saudi-gift.com\/#\/schema\/logo\/image\/"},"sameAs":["https:\/\/www.facebook.com\/profile.php?id=61560277649059&mibextid=LQQJ4d","https:\/\/x.com\/saudigift_"]}]}},"jetpack-related-posts":[],"_links":{"self":[{"href":"https:\/\/saudi-gift.com\/tr\/wp-json\/wp\/v2\/product\/38407","targetHints":{"allow":["GET"]}}],"collection":[{"href":"https:\/\/saudi-gift.com\/tr\/wp-json\/wp\/v2\/product"}],"about":[{"href":"https:\/\/saudi-gift.com\/tr\/wp-json\/wp\/v2\/types\/product"}],"replies":[{"embeddable":true,"href":"https:\/\/saudi-gift.com\/tr\/wp-json\/wp\/v2\/comments?post=38407"}],"version-history":[{"count":0,"href":"https:\/\/saudi-gift.com\/tr\/wp-json\/wp\/v2\/product\/38407\/revisions"}],"wp:featuredmedia":[{"embeddable":true,"href":"https:\/\/saudi-gift.com\/tr\/wp-json\/wp\/v2\/media\/31539"}],"wp:attachment":[{"href":"https:\/\/saudi-gift.com\/tr\/wp-json\/wp\/v2\/media?parent=38407"}],"wp:term":[{"taxonomy":"product_brand","embeddable":true,"href":"https:\/\/saudi-gift.com\/tr\/wp-json\/wp\/v2\/product_brand?post=38407"},{"taxonomy":"product_cat","embeddable":true,"href":"https:\/\/saudi-gift.com\/tr\/wp-json\/wp\/v2\/product_cat?post=38407"},{"taxonomy":"product_tag","embeddable":true,"href":"https:\/\/saudi-gift.com\/tr\/wp-json\/wp\/v2\/product_tag?post=38407"}],"curies":[{"name":"wp","href":"https:\/\/api.w.org\/{rel}","templated":true}]}}