{"id":38459,"date":"2024-12-26T16:22:03","date_gmt":"2024-12-26T13:22:03","guid":{"rendered":"https:\/\/saudi-gift.com\/product\/yumusak-badem-ile-doldurulmus-sukkari\/"},"modified":"2024-12-26T16:22:03","modified_gmt":"2024-12-26T13:22:03","slug":"yumusak-badem-ile-doldurulmus-sukkari","status":"publish","type":"product","link":"https:\/\/saudi-gift.com\/tr\/urun\/yumusak-badem-ile-doldurulmus-sukkari\/","title":{"rendered":"Yumu\u015fak badem ile doldurulmu\u015f sukkari"},"content":{"rendered":"<p>G\u00fczel koyu turuncu rengi ve e\u015fsiz aromas\u0131yla bu hurmalar sadece bir yemek de\u011fil, ayn\u0131 zamanda unutulmaz bir deneyimdir. Bademin zenginli\u011fi ve hurman\u0131n yumu\u015fakl\u0131\u011f\u0131n\u0131n sizi bir lezzet yolculu\u011funa \u00e7\u0131karmas\u0131na izin verin.  <\/p>\n<p><strong>Harika lezzet ve a\u011f\u0131z suland\u0131r\u0131c\u0131:<\/strong><\/p>\n<ul>\n<li class=\"ql-indent-1\">\u015eekerli hurmalar lezzetli bir \u015fekilde tatl\u0131 ve tuzludur ve bademlerin yumu\u015fakl\u0131\u011f\u0131yla m\u00fckemmel bir uyum sa\u011flar. <\/li>\n<\/ul>\n<p><strong>\u00d6zenle ve hassasiyetle doldurulmu\u015ftur:<\/strong><\/p>\n<ul>\n<li class=\"ql-indent-1\">Bu hurmalar\u0131n her biri ince bademlerle titizlikle paketlenmi\u015ftir ve onlara sofistike ve l\u00fcks bir dokunu\u015f katmaktad\u0131r. <\/li>\n<\/ul>\n<p><strong>E\u015fsiz ve besleyici tat:<\/strong><\/p>\n<ul>\n<li class=\"ql-indent-1\">Hurma, yumu\u015fak bademin kalp ve genel sa\u011fl\u0131k i\u00e7in faydalar\u0131na ek olarak v\u00fccut sa\u011fl\u0131\u011f\u0131 i\u00e7in gerekli olan bir\u00e7ok besin a\u00e7\u0131s\u0131ndan zengindir. <\/li>\n<\/ul>\n<p><strong>Yumu\u015fakl\u0131k ve mutluluk anlar\u0131:<\/strong><\/p>\n<ul>\n<li class=\"ql-indent-1\">Her bir lezzet dokunu\u015fuyla sizi yumu\u015fakl\u0131k ve mutluluk yolculu\u011funa \u00e7\u0131karan bu hurmalar, ola\u011fan\u00fcst\u00fc ve unutulmaz anlar ya\u015fatacak. <\/li>\n<\/ul>\n<p><strong>Yumu\u015fak bademlerle doldurulmu\u015f Sukkari hurmalar\u0131yla l\u00fcks ve lezzetin tad\u0131n\u0131 \u00e7\u0131kar\u0131n ve tad\u0131n\u0131 \u00e7\u0131kard\u0131\u011f\u0131n\u0131z her an rakipsiz bir deneyim ya\u015fay\u0131n! <\/strong><\/p>\n","protected":false},"excerpt":{"rendered":"<p>Ba\u015fka hi\u00e7bir \u015feye benzemeyen l\u00fcks ve a\u011f\u0131z suland\u0131ran bir deneyim olan Sukkari Badem Dolgulu Hurma, yumu\u015fak ve hassas bir dokuya sahiptir ve yumu\u015fak ve kremsi bademlerle doldurulmu\u015ftur. <\/p>\n<p>&nbsp;<\/p>\n<p>&nbsp;<\/p>\n<p><strong><span style=\"font-size: 17px\">Hapla kaplanm\u0131\u015f m\u0131?<\/span><\/strong><\/p>\n","protected":false},"featured_media":31497,"comment_status":"open","ping_status":"closed","template":"","meta":[],"product_brand":[],"product_cat":[3178],"product_tag":[1634,716,1625],"class_list":{"0":"post-38459","1":"product","2":"type-product","3":"status-publish","4":"has-post-thumbnail","6":"product_cat-ikram-urunleri","7":"product_tag-_-tr","8":"product_tag--tr","11":"first","12":"instock","13":"sale","14":"sold-individually","15":"shipping-taxable","16":"purchasable","17":"product-type-variable"},"yoast_head":"<!-- This site is optimized with the Yoast SEO Premium plugin v27.2 (Yoast SEO v27.6) - https:\/\/yoast.com\/product\/yoast-seo-premium-wordpress\/ -->\n<title>Yumu\u015fak bademli \u015fekerli hurma - Saudi Gift Now&#039;da online al\u0131\u015fveri\u015f yap\u0131n<\/title>\n<meta name=\"description\" content=\"Ba\u015fka hi\u00e7bir \u015feye benzemeyen l\u00fcks ve a\u011f\u0131z suland\u0131ran bir deneyim olan Sukkari Badem Dolgulu Hurma, yumu\u015fak ve hassas bir dokuya sahiptir ve yumu\u015fak ve kremsi bademlerle doldurulmu\u015ftur.\" \/>\n<meta name=\"robots\" content=\"index, follow, max-snippet:-1, max-image-preview:large, max-video-preview:-1\" \/>\n<link rel=\"canonical\" href=\"https:\/\/saudi-gift.com\/product\/\u062a\u0645\u0631-\u0633\u0643\u0631\u064a-\u0645\u062d\u0634\u064a-\u0628\u0627\u0644\u0644\u0648\u0632-\u0627\u0644\u0646\u0627\u0639\u0645\/\" \/>\n<meta property=\"og:locale\" content=\"tr_TR\" \/>\n<meta property=\"og:type\" content=\"article\" \/>\n<meta property=\"og:title\" content=\"Yumu\u015fak badem ile doldurulmu\u015f sukkari\" \/>\n<meta property=\"og:description\" content=\"Ba\u015fka hi\u00e7bir \u015feye benzemeyen l\u00fcks ve a\u011f\u0131z suland\u0131ran bir deneyim olan Sukkari Badem Dolgulu Hurma, yumu\u015fak ve hassas bir dokuya sahiptir ve yumu\u015fak ve kremsi bademlerle doldurulmu\u015ftur.\" \/>\n<meta property=\"og:url\" content=\"https:\/\/saudi-gift.com\/product\/\u062a\u0645\u0631-\u0633\u0643\u0631\u064a-\u0645\u062d\u0634\u064a-\u0628\u0627\u0644\u0644\u0648\u0632-\u0627\u0644\u0646\u0627\u0639\u0645\/\" \/>\n<meta property=\"og:site_name\" content=\"\u0647\u062f\u064a\u0629 \u0633\u0639\u0648\u062f\u064a\u0629\" \/>\n<meta property=\"article:publisher\" content=\"https:\/\/www.facebook.com\/profile.php?id=61560277649059&amp;mibextid=LQQJ4d\" \/>\n<meta property=\"og:image\" content=\"https:\/\/saudi-gift.com\/wp-content\/uploads\/2024\/12\/563eb74a-39eb-453a-b4aa-64744195fd03-1000x737-mioq79JjBJNftfFebQ8vcDb5pXNbUGPSuvg6oWNp-1.webp\" \/>\n\t<meta property=\"og:image:width\" content=\"600\" \/>\n\t<meta property=\"og:image:height\" content=\"600\" \/>\n\t<meta property=\"og:image:type\" content=\"image\/webp\" \/>\n<meta name=\"twitter:card\" content=\"summary_large_image\" \/>\n<meta name=\"twitter:site\" content=\"@saudigift_\" \/>\n<meta name=\"twitter:label1\" content=\"Tahmini okuma s\u00fcresi\" \/>\n\t<meta name=\"twitter:data1\" content=\"1 dakika\" \/>\n<script type=\"application\/ld+json\" class=\"yoast-schema-graph\">{\"@context\":\"https:\\\/\\\/schema.org\",\"@graph\":[{\"@type\":\"WebPage\",\"@id\":\"https:\\\/\\\/saudi-gift.com\\\/product\\\/%d8%aa%d9%85%d8%b1-%d8%b3%d9%83%d8%b1%d9%8a-%d9%85%d8%ad%d8%b4%d9%8a-%d8%a8%d8%a7%d9%84%d9%84%d9%88%d8%b2-%d8%a7%d9%84%d9%86%d8%a7%d8%b9%d9%85\\\/\",\"url\":\"https:\\\/\\\/saudi-gift.com\\\/product\\\/%d8%aa%d9%85%d8%b1-%d8%b3%d9%83%d8%b1%d9%8a-%d9%85%d8%ad%d8%b4%d9%8a-%d8%a8%d8%a7%d9%84%d9%84%d9%88%d8%b2-%d8%a7%d9%84%d9%86%d8%a7%d8%b9%d9%85\\\/\",\"name\":\"Yumu\u015fak bademli \u015fekerli hurma - Saudi Gift Now'da online al\u0131\u015fveri\u015f yap\u0131n\",\"isPartOf\":{\"@id\":\"https:\\\/\\\/saudi-gift.com\\\/#website\"},\"primaryImageOfPage\":{\"@id\":\"https:\\\/\\\/saudi-gift.com\\\/product\\\/%d8%aa%d9%85%d8%b1-%d8%b3%d9%83%d8%b1%d9%8a-%d9%85%d8%ad%d8%b4%d9%8a-%d8%a8%d8%a7%d9%84%d9%84%d9%88%d8%b2-%d8%a7%d9%84%d9%86%d8%a7%d8%b9%d9%85\\\/#primaryimage\"},\"image\":{\"@id\":\"https:\\\/\\\/saudi-gift.com\\\/product\\\/%d8%aa%d9%85%d8%b1-%d8%b3%d9%83%d8%b1%d9%8a-%d9%85%d8%ad%d8%b4%d9%8a-%d8%a8%d8%a7%d9%84%d9%84%d9%88%d8%b2-%d8%a7%d9%84%d9%86%d8%a7%d8%b9%d9%85\\\/#primaryimage\"},\"thumbnailUrl\":\"https:\\\/\\\/saudi-gift.com\\\/wp-content\\\/uploads\\\/2024\\\/12\\\/563eb74a-39eb-453a-b4aa-64744195fd03-1000x737-mioq79JjBJNftfFebQ8vcDb5pXNbUGPSuvg6oWNp-1.webp\",\"datePublished\":\"2024-12-26T13:22:03+00:00\",\"description\":\"Ba\u015fka hi\u00e7bir \u015feye benzemeyen l\u00fcks ve a\u011f\u0131z suland\u0131ran bir deneyim olan Sukkari Badem Dolgulu Hurma, yumu\u015fak ve hassas bir dokuya sahiptir ve yumu\u015fak ve kremsi bademlerle doldurulmu\u015ftur.\",\"breadcrumb\":{\"@id\":\"https:\\\/\\\/saudi-gift.com\\\/product\\\/%d8%aa%d9%85%d8%b1-%d8%b3%d9%83%d8%b1%d9%8a-%d9%85%d8%ad%d8%b4%d9%8a-%d8%a8%d8%a7%d9%84%d9%84%d9%88%d8%b2-%d8%a7%d9%84%d9%86%d8%a7%d8%b9%d9%85\\\/#breadcrumb\"},\"inLanguage\":\"tr\",\"potentialAction\":[{\"@type\":\"ReadAction\",\"target\":[\"https:\\\/\\\/saudi-gift.com\\\/product\\\/%d8%aa%d9%85%d8%b1-%d8%b3%d9%83%d8%b1%d9%8a-%d9%85%d8%ad%d8%b4%d9%8a-%d8%a8%d8%a7%d9%84%d9%84%d9%88%d8%b2-%d8%a7%d9%84%d9%86%d8%a7%d8%b9%d9%85\\\/\"]}]},{\"@type\":\"ImageObject\",\"inLanguage\":\"tr\",\"@id\":\"https:\\\/\\\/saudi-gift.com\\\/product\\\/%d8%aa%d9%85%d8%b1-%d8%b3%d9%83%d8%b1%d9%8a-%d9%85%d8%ad%d8%b4%d9%8a-%d8%a8%d8%a7%d9%84%d9%84%d9%88%d8%b2-%d8%a7%d9%84%d9%86%d8%a7%d8%b9%d9%85\\\/#primaryimage\",\"url\":\"https:\\\/\\\/saudi-gift.com\\\/wp-content\\\/uploads\\\/2024\\\/12\\\/563eb74a-39eb-453a-b4aa-64744195fd03-1000x737-mioq79JjBJNftfFebQ8vcDb5pXNbUGPSuvg6oWNp-1.webp\",\"contentUrl\":\"https:\\\/\\\/saudi-gift.com\\\/wp-content\\\/uploads\\\/2024\\\/12\\\/563eb74a-39eb-453a-b4aa-64744195fd03-1000x737-mioq79JjBJNftfFebQ8vcDb5pXNbUGPSuvg6oWNp-1.webp\",\"width\":600,\"height\":600},{\"@type\":\"BreadcrumbList\",\"@id\":\"https:\\\/\\\/saudi-gift.com\\\/product\\\/%d8%aa%d9%85%d8%b1-%d8%b3%d9%83%d8%b1%d9%8a-%d9%85%d8%ad%d8%b4%d9%8a-%d8%a8%d8%a7%d9%84%d9%84%d9%88%d8%b2-%d8%a7%d9%84%d9%86%d8%a7%d8%b9%d9%85\\\/#breadcrumb\",\"itemListElement\":[{\"@type\":\"ListItem\",\"position\":1,\"name\":\"Home\",\"item\":\"https:\\\/\\\/saudi-gift.com\\\/tr\\\/\"},{\"@type\":\"ListItem\",\"position\":2,\"name\":\"\u015eimdi Al\u0131\u015fveri\u015f Yap\u0131n\",\"item\":\"https:\\\/\\\/saudi-gift.com\\\/tr\\\/simdi-alisveris-yapin\\\/\"},{\"@type\":\"ListItem\",\"position\":3,\"name\":\"Yumu\u015fak badem ile doldurulmu\u015f sukkari\"}]},{\"@type\":\"WebSite\",\"@id\":\"https:\\\/\\\/saudi-gift.com\\\/#website\",\"url\":\"https:\\\/\\\/saudi-gift.com\\\/\",\"name\":\"\u0647\u062f\u064a\u0629 \u0633\u0639\u0648\u062f\u064a\u0629\",\"description\":\"\u0647\u062f\u064a\u0629 \u0633\u0639\u0648\u062f\u064a\u0629 \u0645\u062a\u062c\u0631 \u0627\u0644\u0643\u062a\u0631\u0648\u0646\u064a \u064a\u0642\u062f\u0645 \u0644\u0643\u0645 \u0645\u062c\u0645\u0648\u0639\u0629 \u0645\u0646 \u0627\u0644\u0647\u062f\u0627\u064a\u0627 \u0627\u0644\u062a\u064a \u062a\u062c\u0633\u062f \u0639\u0628\u0642 \u0630\u0643\u0631\u064a\u0627\u062a\u0643\u0645 \u0641\u064a \u0627\u0644\u0645\u0634\u0627\u0639\u0631 \u0627\u0644\u0645\u0642\u062f\u0633\u0629\",\"publisher\":{\"@id\":\"https:\\\/\\\/saudi-gift.com\\\/#organization\"},\"alternateName\":\"\u0647\u062f\u064a\u0629 \u0633\u0639\u0648\u062f\u064a\u0629\",\"potentialAction\":[{\"@type\":\"SearchAction\",\"target\":{\"@type\":\"EntryPoint\",\"urlTemplate\":\"https:\\\/\\\/saudi-gift.com\\\/?s={search_term_string}\"},\"query-input\":{\"@type\":\"PropertyValueSpecification\",\"valueRequired\":true,\"valueName\":\"search_term_string\"}}],\"inLanguage\":\"tr\"},{\"@type\":\"Organization\",\"@id\":\"https:\\\/\\\/saudi-gift.com\\\/#organization\",\"name\":\"\u0645\u062a\u062c\u0631 \u0627\u0644\u0647\u062f\u064a\u0629\",\"alternateName\":\"\u0647\u062f\u064a\u0629 \u0633\u0639\u0648\u062f\u064a\u0629\",\"url\":\"https:\\\/\\\/saudi-gift.com\\\/\",\"logo\":{\"@type\":\"ImageObject\",\"inLanguage\":\"tr\",\"@id\":\"https:\\\/\\\/saudi-gift.com\\\/#\\\/schema\\\/logo\\\/image\\\/\",\"url\":\"https:\\\/\\\/saudi-gift.com\\\/wp-content\\\/uploads\\\/2025\\\/05\\\/2.png\",\"contentUrl\":\"https:\\\/\\\/saudi-gift.com\\\/wp-content\\\/uploads\\\/2025\\\/05\\\/2.png\",\"width\":163,\"height\":42,\"caption\":\"\u0645\u062a\u062c\u0631 \u0627\u0644\u0647\u062f\u064a\u0629\"},\"image\":{\"@id\":\"https:\\\/\\\/saudi-gift.com\\\/#\\\/schema\\\/logo\\\/image\\\/\"},\"sameAs\":[\"https:\\\/\\\/www.facebook.com\\\/profile.php?id=61560277649059&mibextid=LQQJ4d\",\"https:\\\/\\\/x.com\\\/saudigift_\"]}]}<\/script>\n<!-- \/ Yoast SEO Premium plugin. -->","yoast_head_json":{"title":"Yumu\u015fak bademli \u015fekerli hurma - Saudi Gift Now'da online al\u0131\u015fveri\u015f yap\u0131n","description":"Ba\u015fka hi\u00e7bir \u015feye benzemeyen l\u00fcks ve a\u011f\u0131z suland\u0131ran bir deneyim olan Sukkari Badem Dolgulu Hurma, yumu\u015fak ve hassas bir dokuya sahiptir ve yumu\u015fak ve kremsi bademlerle doldurulmu\u015ftur.","robots":{"index":"index","follow":"follow","max-snippet":"max-snippet:-1","max-image-preview":"max-image-preview:large","max-video-preview":"max-video-preview:-1"},"canonical":"https:\/\/saudi-gift.com\/product\/\u062a\u0645\u0631-\u0633\u0643\u0631\u064a-\u0645\u062d\u0634\u064a-\u0628\u0627\u0644\u0644\u0648\u0632-\u0627\u0644\u0646\u0627\u0639\u0645\/","og_locale":"tr_TR","og_type":"article","og_title":"Yumu\u015fak badem ile doldurulmu\u015f sukkari","og_description":"Ba\u015fka hi\u00e7bir \u015feye benzemeyen l\u00fcks ve a\u011f\u0131z suland\u0131ran bir deneyim olan Sukkari Badem Dolgulu Hurma, yumu\u015fak ve hassas bir dokuya sahiptir ve yumu\u015fak ve kremsi bademlerle doldurulmu\u015ftur.","og_url":"https:\/\/saudi-gift.com\/product\/\u062a\u0645\u0631-\u0633\u0643\u0631\u064a-\u0645\u062d\u0634\u064a-\u0628\u0627\u0644\u0644\u0648\u0632-\u0627\u0644\u0646\u0627\u0639\u0645\/","og_site_name":"\u0647\u062f\u064a\u0629 \u0633\u0639\u0648\u062f\u064a\u0629","article_publisher":"https:\/\/www.facebook.com\/profile.php?id=61560277649059&mibextid=LQQJ4d","og_image":[{"width":600,"height":600,"url":"https:\/\/saudi-gift.com\/wp-content\/uploads\/2024\/12\/563eb74a-39eb-453a-b4aa-64744195fd03-1000x737-mioq79JjBJNftfFebQ8vcDb5pXNbUGPSuvg6oWNp-1.webp","type":"image\/webp"}],"twitter_card":"summary_large_image","twitter_site":"@saudigift_","twitter_misc":{"Tahmini okuma s\u00fcresi":"1 dakika"},"schema":{"@context":"https:\/\/schema.org","@graph":[{"@type":"WebPage","@id":"https:\/\/saudi-gift.com\/product\/%d8%aa%d9%85%d8%b1-%d8%b3%d9%83%d8%b1%d9%8a-%d9%85%d8%ad%d8%b4%d9%8a-%d8%a8%d8%a7%d9%84%d9%84%d9%88%d8%b2-%d8%a7%d9%84%d9%86%d8%a7%d8%b9%d9%85\/","url":"https:\/\/saudi-gift.com\/product\/%d8%aa%d9%85%d8%b1-%d8%b3%d9%83%d8%b1%d9%8a-%d9%85%d8%ad%d8%b4%d9%8a-%d8%a8%d8%a7%d9%84%d9%84%d9%88%d8%b2-%d8%a7%d9%84%d9%86%d8%a7%d8%b9%d9%85\/","name":"Yumu\u015fak bademli \u015fekerli hurma - Saudi Gift Now'da online al\u0131\u015fveri\u015f yap\u0131n","isPartOf":{"@id":"https:\/\/saudi-gift.com\/#website"},"primaryImageOfPage":{"@id":"https:\/\/saudi-gift.com\/product\/%d8%aa%d9%85%d8%b1-%d8%b3%d9%83%d8%b1%d9%8a-%d9%85%d8%ad%d8%b4%d9%8a-%d8%a8%d8%a7%d9%84%d9%84%d9%88%d8%b2-%d8%a7%d9%84%d9%86%d8%a7%d8%b9%d9%85\/#primaryimage"},"image":{"@id":"https:\/\/saudi-gift.com\/product\/%d8%aa%d9%85%d8%b1-%d8%b3%d9%83%d8%b1%d9%8a-%d9%85%d8%ad%d8%b4%d9%8a-%d8%a8%d8%a7%d9%84%d9%84%d9%88%d8%b2-%d8%a7%d9%84%d9%86%d8%a7%d8%b9%d9%85\/#primaryimage"},"thumbnailUrl":"https:\/\/saudi-gift.com\/wp-content\/uploads\/2024\/12\/563eb74a-39eb-453a-b4aa-64744195fd03-1000x737-mioq79JjBJNftfFebQ8vcDb5pXNbUGPSuvg6oWNp-1.webp","datePublished":"2024-12-26T13:22:03+00:00","description":"Ba\u015fka hi\u00e7bir \u015feye benzemeyen l\u00fcks ve a\u011f\u0131z suland\u0131ran bir deneyim olan Sukkari Badem Dolgulu Hurma, yumu\u015fak ve hassas bir dokuya sahiptir ve yumu\u015fak ve kremsi bademlerle doldurulmu\u015ftur.","breadcrumb":{"@id":"https:\/\/saudi-gift.com\/product\/%d8%aa%d9%85%d8%b1-%d8%b3%d9%83%d8%b1%d9%8a-%d9%85%d8%ad%d8%b4%d9%8a-%d8%a8%d8%a7%d9%84%d9%84%d9%88%d8%b2-%d8%a7%d9%84%d9%86%d8%a7%d8%b9%d9%85\/#breadcrumb"},"inLanguage":"tr","potentialAction":[{"@type":"ReadAction","target":["https:\/\/saudi-gift.com\/product\/%d8%aa%d9%85%d8%b1-%d8%b3%d9%83%d8%b1%d9%8a-%d9%85%d8%ad%d8%b4%d9%8a-%d8%a8%d8%a7%d9%84%d9%84%d9%88%d8%b2-%d8%a7%d9%84%d9%86%d8%a7%d8%b9%d9%85\/"]}]},{"@type":"ImageObject","inLanguage":"tr","@id":"https:\/\/saudi-gift.com\/product\/%d8%aa%d9%85%d8%b1-%d8%b3%d9%83%d8%b1%d9%8a-%d9%85%d8%ad%d8%b4%d9%8a-%d8%a8%d8%a7%d9%84%d9%84%d9%88%d8%b2-%d8%a7%d9%84%d9%86%d8%a7%d8%b9%d9%85\/#primaryimage","url":"https:\/\/saudi-gift.com\/wp-content\/uploads\/2024\/12\/563eb74a-39eb-453a-b4aa-64744195fd03-1000x737-mioq79JjBJNftfFebQ8vcDb5pXNbUGPSuvg6oWNp-1.webp","contentUrl":"https:\/\/saudi-gift.com\/wp-content\/uploads\/2024\/12\/563eb74a-39eb-453a-b4aa-64744195fd03-1000x737-mioq79JjBJNftfFebQ8vcDb5pXNbUGPSuvg6oWNp-1.webp","width":600,"height":600},{"@type":"BreadcrumbList","@id":"https:\/\/saudi-gift.com\/product\/%d8%aa%d9%85%d8%b1-%d8%b3%d9%83%d8%b1%d9%8a-%d9%85%d8%ad%d8%b4%d9%8a-%d8%a8%d8%a7%d9%84%d9%84%d9%88%d8%b2-%d8%a7%d9%84%d9%86%d8%a7%d8%b9%d9%85\/#breadcrumb","itemListElement":[{"@type":"ListItem","position":1,"name":"Home","item":"https:\/\/saudi-gift.com\/tr\/"},{"@type":"ListItem","position":2,"name":"\u015eimdi Al\u0131\u015fveri\u015f Yap\u0131n","item":"https:\/\/saudi-gift.com\/tr\/simdi-alisveris-yapin\/"},{"@type":"ListItem","position":3,"name":"Yumu\u015fak badem ile doldurulmu\u015f sukkari"}]},{"@type":"WebSite","@id":"https:\/\/saudi-gift.com\/#website","url":"https:\/\/saudi-gift.com\/","name":"\u0647\u062f\u064a\u0629 \u0633\u0639\u0648\u062f\u064a\u0629","description":"\u0647\u062f\u064a\u0629 \u0633\u0639\u0648\u062f\u064a\u0629 \u0645\u062a\u062c\u0631 \u0627\u0644\u0643\u062a\u0631\u0648\u0646\u064a \u064a\u0642\u062f\u0645 \u0644\u0643\u0645 \u0645\u062c\u0645\u0648\u0639\u0629 \u0645\u0646 \u0627\u0644\u0647\u062f\u0627\u064a\u0627 \u0627\u0644\u062a\u064a \u062a\u062c\u0633\u062f \u0639\u0628\u0642 \u0630\u0643\u0631\u064a\u0627\u062a\u0643\u0645 \u0641\u064a \u0627\u0644\u0645\u0634\u0627\u0639\u0631 \u0627\u0644\u0645\u0642\u062f\u0633\u0629","publisher":{"@id":"https:\/\/saudi-gift.com\/#organization"},"alternateName":"\u0647\u062f\u064a\u0629 \u0633\u0639\u0648\u062f\u064a\u0629","potentialAction":[{"@type":"SearchAction","target":{"@type":"EntryPoint","urlTemplate":"https:\/\/saudi-gift.com\/?s={search_term_string}"},"query-input":{"@type":"PropertyValueSpecification","valueRequired":true,"valueName":"search_term_string"}}],"inLanguage":"tr"},{"@type":"Organization","@id":"https:\/\/saudi-gift.com\/#organization","name":"\u0645\u062a\u062c\u0631 \u0627\u0644\u0647\u062f\u064a\u0629","alternateName":"\u0647\u062f\u064a\u0629 \u0633\u0639\u0648\u062f\u064a\u0629","url":"https:\/\/saudi-gift.com\/","logo":{"@type":"ImageObject","inLanguage":"tr","@id":"https:\/\/saudi-gift.com\/#\/schema\/logo\/image\/","url":"https:\/\/saudi-gift.com\/wp-content\/uploads\/2025\/05\/2.png","contentUrl":"https:\/\/saudi-gift.com\/wp-content\/uploads\/2025\/05\/2.png","width":163,"height":42,"caption":"\u0645\u062a\u062c\u0631 \u0627\u0644\u0647\u062f\u064a\u0629"},"image":{"@id":"https:\/\/saudi-gift.com\/#\/schema\/logo\/image\/"},"sameAs":["https:\/\/www.facebook.com\/profile.php?id=61560277649059&mibextid=LQQJ4d","https:\/\/x.com\/saudigift_"]}]}},"jetpack-related-posts":[],"_links":{"self":[{"href":"https:\/\/saudi-gift.com\/tr\/wp-json\/wp\/v2\/product\/38459","targetHints":{"allow":["GET"]}}],"collection":[{"href":"https:\/\/saudi-gift.com\/tr\/wp-json\/wp\/v2\/product"}],"about":[{"href":"https:\/\/saudi-gift.com\/tr\/wp-json\/wp\/v2\/types\/product"}],"replies":[{"embeddable":true,"href":"https:\/\/saudi-gift.com\/tr\/wp-json\/wp\/v2\/comments?post=38459"}],"version-history":[{"count":0,"href":"https:\/\/saudi-gift.com\/tr\/wp-json\/wp\/v2\/product\/38459\/revisions"}],"wp:featuredmedia":[{"embeddable":true,"href":"https:\/\/saudi-gift.com\/tr\/wp-json\/wp\/v2\/media\/31497"}],"wp:attachment":[{"href":"https:\/\/saudi-gift.com\/tr\/wp-json\/wp\/v2\/media?parent=38459"}],"wp:term":[{"taxonomy":"product_brand","embeddable":true,"href":"https:\/\/saudi-gift.com\/tr\/wp-json\/wp\/v2\/product_brand?post=38459"},{"taxonomy":"product_cat","embeddable":true,"href":"https:\/\/saudi-gift.com\/tr\/wp-json\/wp\/v2\/product_cat?post=38459"},{"taxonomy":"product_tag","embeddable":true,"href":"https:\/\/saudi-gift.com\/tr\/wp-json\/wp\/v2\/product_tag?post=38459"}],"curies":[{"name":"wp","href":"https:\/\/api.w.org\/{rel}","templated":true}]}}