{"id":38509,"date":"2024-12-26T14:56:13","date_gmt":"2024-12-26T11:56:13","guid":{"rendered":"https:\/\/saudi-gift.com\/product\/lotus-ile-doldurulmus-sekerli-hurma\/"},"modified":"2024-12-26T14:56:13","modified_gmt":"2024-12-26T11:56:13","slug":"lotus-ile-doldurulmus-sekerli-hurma","status":"publish","type":"product","link":"https:\/\/saudi-gift.com\/tr\/urun\/lotus-ile-doldurulmus-sekerli-hurma\/","title":{"rendered":"Lotus ile doldurulmu\u015f \u015fekerli hurma"},"content":{"rendered":"<p>Lotus ile doldurulmu\u015f \u015fekerli hurma<\/p>\n<p>&nbsp;<\/p>\n<p><strong>Harika ve e\u015fsiz bir lezzet:<\/strong><\/p>\n<ul>\n<li class=\"ql-indent-1\">\u015eeker hurmas\u0131 harika bir tada sahiptir ve nil\u00fcfer aromas\u0131yla dolduruldu\u011funda kar\u015f\u0131 konulmaz bir \u015feye d\u00f6n\u00fc\u015f\u00fcr.  <\/li>\n<\/ul>\n<p><strong>Hassasiyet ve kalite ile doldurulmu\u015ftur:<\/strong><\/p>\n<ul>\n<li class=\"ql-indent-1\">Bu Lotus Hurmalar\u0131n\u0131n her biri \u00f6zenle lotusla doldurulmu\u015ftur ve her tad\u0131n\u0131 \u00e7\u0131kard\u0131\u011f\u0131n\u0131zda size lezzetli ve dengeli bir deneyim sunar. <\/li>\n<\/ul>\n<p><strong>L\u00fcks ve besleyici bir deneyim:<\/strong><\/p>\n<ul>\n<li class=\"ql-indent-1\">Hurma son derece besleyicidir ve nil\u00fcferle dolduruldu\u011funda ekstra bir besin de\u011feri ve l\u00fcks katman\u0131 ekler.  <\/li>\n<\/ul>\n<p><strong>Zevk anlar\u0131:<\/strong><\/p>\n<ul>\n<li class=\"ql-indent-1\">Lotus Dates&#8217;in sizi bir lezzet yolculu\u011funa \u00e7\u0131karmas\u0131na izin verin ve her dokunu\u015fun tad\u0131n\u0131 \u00e7\u0131kar\u0131n, bu da onlar\u0131 g\u00fcn\u00fcn herhangi bir saatinde tad\u0131n\u0131 \u00e7\u0131karmak i\u00e7in m\u00fckemmel bir se\u00e7im haline getirir. <\/li>\n<\/ul>\n<p><strong>Lotus dolgulu hurmalarla e\u015fsiz ve l\u00fcks bir deneyimin tad\u0131n\u0131 \u00e7\u0131kar\u0131n ve lezzetli tatlar\u0131n\u0131n duyular\u0131n\u0131z\u0131 b\u00fcy\u00fclemesine ve size ger\u00e7ek zevk anlar\u0131 ya\u015fatmas\u0131na izin verin! <\/strong><\/p>\n","protected":false},"excerpt":{"rendered":"<p>Hurman\u0131n do\u011fal tatl\u0131l\u0131\u011f\u0131n\u0131n nil\u00fcferin zengin, kremsi lezzetiyle bulu\u015ftu\u011fu Lotus Dolgulu Hurmalar\u0131m\u0131zla l\u00fcks\u00fcn ve lezzetin tad\u0131n\u0131 \u00e7\u0131kar\u0131n. Hurman\u0131n do\u011fal tatl\u0131l\u0131\u011f\u0131 ile lotusun e\u015fsiz lezzeti aras\u0131nda m\u00fckemmel bir denge kuran bu hurmalar, her dokunu\u015fta unutulmaz bir deneyim sunuyor.   <\/p>\n<p>&nbsp;<\/p>\n<p>&nbsp;<\/p>\n<p><span style=\"font-size: 17px;\"><strong>Hapla kaplanm\u0131\u015f m\u0131?<\/strong><\/span><\/p>\n","protected":false},"featured_media":31454,"comment_status":"open","ping_status":"closed","template":"","meta":[],"product_brand":[],"product_cat":[3122],"product_tag":[1381,1382,611],"class_list":{"0":"post-38509","1":"product","2":"type-product","3":"status-publish","4":"has-post-thumbnail","6":"product_cat-3122","7":"product_tag-_","9":"product_tag-611","11":"first","12":"instock","13":"sale","14":"sold-individually","15":"shipping-taxable","16":"purchasable","17":"product-type-variable"},"yoast_head":"<!-- This site is optimized with the Yoast SEO Premium plugin v27.2 (Yoast SEO v27.6) - https:\/\/yoast.com\/product\/yoast-seo-premium-wordpress\/ -->\n<title>Lotus ile doldurulmu\u015f \u015feker hurmalar\u0131 - Saudi Gift Now&#039;dan en d\u00fc\u015f\u00fck fiyatlarla online al\u0131\u015fveri\u015f yap\u0131n<\/title>\n<meta name=\"description\" content=\"Do\u011fal hurman\u0131n enfes tad\u0131n\u0131n lotusun zengin, kremsi lezzetiyle birle\u015fti\u011fi Lotus Dolgulu Hurma ile l\u00fcks\u00fcn ve a\u011f\u0131z suland\u0131ran lezzetin tad\u0131n\u0131 \u00e7\u0131kar\u0131n.\" \/>\n<meta name=\"robots\" content=\"index, follow, max-snippet:-1, max-image-preview:large, max-video-preview:-1\" \/>\n<link rel=\"canonical\" href=\"https:\/\/saudi-gift.com\/product\/\u062a\u0645\u0631-\u0633\u0643\u0631\u064a-\u0645\u062d\u0634\u064a-\u0628\u0627\u0644\u0644\u0648\u062a\u0633\/\" \/>\n<meta property=\"og:locale\" content=\"tr_TR\" \/>\n<meta property=\"og:type\" content=\"article\" \/>\n<meta property=\"og:title\" content=\"Lotus ile doldurulmu\u015f \u015fekerli hurma\" \/>\n<meta property=\"og:description\" content=\"Do\u011fal hurman\u0131n enfes tad\u0131n\u0131n lotusun zengin, kremsi lezzetiyle birle\u015fti\u011fi Lotus Dolgulu Hurma ile l\u00fcks\u00fcn ve a\u011f\u0131z suland\u0131ran lezzetin tad\u0131n\u0131 \u00e7\u0131kar\u0131n.\" \/>\n<meta property=\"og:url\" content=\"https:\/\/saudi-gift.com\/product\/\u062a\u0645\u0631-\u0633\u0643\u0631\u064a-\u0645\u062d\u0634\u064a-\u0628\u0627\u0644\u0644\u0648\u062a\u0633\/\" \/>\n<meta property=\"og:site_name\" content=\"\u0647\u062f\u064a\u0629 \u0633\u0639\u0648\u062f\u064a\u0629\" \/>\n<meta property=\"article:publisher\" content=\"https:\/\/www.facebook.com\/profile.php?id=61560277649059&amp;mibextid=LQQJ4d\" \/>\n<meta property=\"og:image\" content=\"https:\/\/saudi-gift.com\/wp-content\/uploads\/2024\/12\/083540e1-ca48-40c0-81c2-0d9565167a6d-1000x737-YAqZk90knYEIE8kYNNYFaWWDaCd6ZpWVRzVikbek-1.webp\" \/>\n\t<meta property=\"og:image:width\" content=\"600\" \/>\n\t<meta property=\"og:image:height\" content=\"600\" \/>\n\t<meta property=\"og:image:type\" content=\"image\/webp\" \/>\n<meta name=\"twitter:card\" content=\"summary_large_image\" \/>\n<meta name=\"twitter:site\" content=\"@saudigift_\" \/>\n<meta name=\"twitter:label1\" content=\"Tahmini okuma s\u00fcresi\" \/>\n\t<meta name=\"twitter:data1\" content=\"1 dakika\" \/>\n<script type=\"application\/ld+json\" class=\"yoast-schema-graph\">{\"@context\":\"https:\\\/\\\/schema.org\",\"@graph\":[{\"@type\":\"WebPage\",\"@id\":\"https:\\\/\\\/saudi-gift.com\\\/product\\\/%d8%aa%d9%85%d8%b1-%d8%b3%d9%83%d8%b1%d9%8a-%d9%85%d8%ad%d8%b4%d9%8a-%d8%a8%d8%a7%d9%84%d9%84%d9%88%d8%aa%d8%b3\\\/\",\"url\":\"https:\\\/\\\/saudi-gift.com\\\/product\\\/%d8%aa%d9%85%d8%b1-%d8%b3%d9%83%d8%b1%d9%8a-%d9%85%d8%ad%d8%b4%d9%8a-%d8%a8%d8%a7%d9%84%d9%84%d9%88%d8%aa%d8%b3\\\/\",\"name\":\"Lotus ile doldurulmu\u015f \u015feker hurmalar\u0131 - Saudi Gift Now'dan en d\u00fc\u015f\u00fck fiyatlarla online al\u0131\u015fveri\u015f yap\u0131n\",\"isPartOf\":{\"@id\":\"https:\\\/\\\/saudi-gift.com\\\/#website\"},\"primaryImageOfPage\":{\"@id\":\"https:\\\/\\\/saudi-gift.com\\\/product\\\/%d8%aa%d9%85%d8%b1-%d8%b3%d9%83%d8%b1%d9%8a-%d9%85%d8%ad%d8%b4%d9%8a-%d8%a8%d8%a7%d9%84%d9%84%d9%88%d8%aa%d8%b3\\\/#primaryimage\"},\"image\":{\"@id\":\"https:\\\/\\\/saudi-gift.com\\\/product\\\/%d8%aa%d9%85%d8%b1-%d8%b3%d9%83%d8%b1%d9%8a-%d9%85%d8%ad%d8%b4%d9%8a-%d8%a8%d8%a7%d9%84%d9%84%d9%88%d8%aa%d8%b3\\\/#primaryimage\"},\"thumbnailUrl\":\"https:\\\/\\\/saudi-gift.com\\\/wp-content\\\/uploads\\\/2024\\\/12\\\/083540e1-ca48-40c0-81c2-0d9565167a6d-1000x737-YAqZk90knYEIE8kYNNYFaWWDaCd6ZpWVRzVikbek-1.webp\",\"datePublished\":\"2024-12-26T11:56:13+00:00\",\"description\":\"Do\u011fal hurman\u0131n enfes tad\u0131n\u0131n lotusun zengin, kremsi lezzetiyle birle\u015fti\u011fi Lotus Dolgulu Hurma ile l\u00fcks\u00fcn ve a\u011f\u0131z suland\u0131ran lezzetin tad\u0131n\u0131 \u00e7\u0131kar\u0131n.\",\"breadcrumb\":{\"@id\":\"https:\\\/\\\/saudi-gift.com\\\/product\\\/%d8%aa%d9%85%d8%b1-%d8%b3%d9%83%d8%b1%d9%8a-%d9%85%d8%ad%d8%b4%d9%8a-%d8%a8%d8%a7%d9%84%d9%84%d9%88%d8%aa%d8%b3\\\/#breadcrumb\"},\"inLanguage\":\"tr\",\"potentialAction\":[{\"@type\":\"ReadAction\",\"target\":[\"https:\\\/\\\/saudi-gift.com\\\/product\\\/%d8%aa%d9%85%d8%b1-%d8%b3%d9%83%d8%b1%d9%8a-%d9%85%d8%ad%d8%b4%d9%8a-%d8%a8%d8%a7%d9%84%d9%84%d9%88%d8%aa%d8%b3\\\/\"]}]},{\"@type\":\"ImageObject\",\"inLanguage\":\"tr\",\"@id\":\"https:\\\/\\\/saudi-gift.com\\\/product\\\/%d8%aa%d9%85%d8%b1-%d8%b3%d9%83%d8%b1%d9%8a-%d9%85%d8%ad%d8%b4%d9%8a-%d8%a8%d8%a7%d9%84%d9%84%d9%88%d8%aa%d8%b3\\\/#primaryimage\",\"url\":\"https:\\\/\\\/saudi-gift.com\\\/wp-content\\\/uploads\\\/2024\\\/12\\\/083540e1-ca48-40c0-81c2-0d9565167a6d-1000x737-YAqZk90knYEIE8kYNNYFaWWDaCd6ZpWVRzVikbek-1.webp\",\"contentUrl\":\"https:\\\/\\\/saudi-gift.com\\\/wp-content\\\/uploads\\\/2024\\\/12\\\/083540e1-ca48-40c0-81c2-0d9565167a6d-1000x737-YAqZk90knYEIE8kYNNYFaWWDaCd6ZpWVRzVikbek-1.webp\",\"width\":600,\"height\":600},{\"@type\":\"BreadcrumbList\",\"@id\":\"https:\\\/\\\/saudi-gift.com\\\/product\\\/%d8%aa%d9%85%d8%b1-%d8%b3%d9%83%d8%b1%d9%8a-%d9%85%d8%ad%d8%b4%d9%8a-%d8%a8%d8%a7%d9%84%d9%84%d9%88%d8%aa%d8%b3\\\/#breadcrumb\",\"itemListElement\":[{\"@type\":\"ListItem\",\"position\":1,\"name\":\"Home\",\"item\":\"https:\\\/\\\/saudi-gift.com\\\/tr\\\/\"},{\"@type\":\"ListItem\",\"position\":2,\"name\":\"\u015eimdi Al\u0131\u015fveri\u015f Yap\u0131n\",\"item\":\"https:\\\/\\\/saudi-gift.com\\\/tr\\\/simdi-alisveris-yapin\\\/\"},{\"@type\":\"ListItem\",\"position\":3,\"name\":\"Lotus ile doldurulmu\u015f \u015fekerli hurma\"}]},{\"@type\":\"WebSite\",\"@id\":\"https:\\\/\\\/saudi-gift.com\\\/#website\",\"url\":\"https:\\\/\\\/saudi-gift.com\\\/\",\"name\":\"\u0647\u062f\u064a\u0629 \u0633\u0639\u0648\u062f\u064a\u0629\",\"description\":\"\u0647\u062f\u064a\u0629 \u0633\u0639\u0648\u062f\u064a\u0629 \u0645\u062a\u062c\u0631 \u0627\u0644\u0643\u062a\u0631\u0648\u0646\u064a \u064a\u0642\u062f\u0645 \u0644\u0643\u0645 \u0645\u062c\u0645\u0648\u0639\u0629 \u0645\u0646 \u0627\u0644\u0647\u062f\u0627\u064a\u0627 \u0627\u0644\u062a\u064a \u062a\u062c\u0633\u062f \u0639\u0628\u0642 \u0630\u0643\u0631\u064a\u0627\u062a\u0643\u0645 \u0641\u064a \u0627\u0644\u0645\u0634\u0627\u0639\u0631 \u0627\u0644\u0645\u0642\u062f\u0633\u0629\",\"publisher\":{\"@id\":\"https:\\\/\\\/saudi-gift.com\\\/#organization\"},\"alternateName\":\"\u0647\u062f\u064a\u0629 \u0633\u0639\u0648\u062f\u064a\u0629\",\"potentialAction\":[{\"@type\":\"SearchAction\",\"target\":{\"@type\":\"EntryPoint\",\"urlTemplate\":\"https:\\\/\\\/saudi-gift.com\\\/?s={search_term_string}\"},\"query-input\":{\"@type\":\"PropertyValueSpecification\",\"valueRequired\":true,\"valueName\":\"search_term_string\"}}],\"inLanguage\":\"tr\"},{\"@type\":\"Organization\",\"@id\":\"https:\\\/\\\/saudi-gift.com\\\/#organization\",\"name\":\"\u0645\u062a\u062c\u0631 \u0627\u0644\u0647\u062f\u064a\u0629\",\"alternateName\":\"\u0647\u062f\u064a\u0629 \u0633\u0639\u0648\u062f\u064a\u0629\",\"url\":\"https:\\\/\\\/saudi-gift.com\\\/\",\"logo\":{\"@type\":\"ImageObject\",\"inLanguage\":\"tr\",\"@id\":\"https:\\\/\\\/saudi-gift.com\\\/#\\\/schema\\\/logo\\\/image\\\/\",\"url\":\"https:\\\/\\\/saudi-gift.com\\\/wp-content\\\/uploads\\\/2025\\\/05\\\/2.png\",\"contentUrl\":\"https:\\\/\\\/saudi-gift.com\\\/wp-content\\\/uploads\\\/2025\\\/05\\\/2.png\",\"width\":163,\"height\":42,\"caption\":\"\u0645\u062a\u062c\u0631 \u0627\u0644\u0647\u062f\u064a\u0629\"},\"image\":{\"@id\":\"https:\\\/\\\/saudi-gift.com\\\/#\\\/schema\\\/logo\\\/image\\\/\"},\"sameAs\":[\"https:\\\/\\\/www.facebook.com\\\/profile.php?id=61560277649059&mibextid=LQQJ4d\",\"https:\\\/\\\/x.com\\\/saudigift_\"]}]}<\/script>\n<!-- \/ Yoast SEO Premium plugin. -->","yoast_head_json":{"title":"Lotus ile doldurulmu\u015f \u015feker hurmalar\u0131 - Saudi Gift Now'dan en d\u00fc\u015f\u00fck fiyatlarla online al\u0131\u015fveri\u015f yap\u0131n","description":"Do\u011fal hurman\u0131n enfes tad\u0131n\u0131n lotusun zengin, kremsi lezzetiyle birle\u015fti\u011fi Lotus Dolgulu Hurma ile l\u00fcks\u00fcn ve a\u011f\u0131z suland\u0131ran lezzetin tad\u0131n\u0131 \u00e7\u0131kar\u0131n.","robots":{"index":"index","follow":"follow","max-snippet":"max-snippet:-1","max-image-preview":"max-image-preview:large","max-video-preview":"max-video-preview:-1"},"canonical":"https:\/\/saudi-gift.com\/product\/\u062a\u0645\u0631-\u0633\u0643\u0631\u064a-\u0645\u062d\u0634\u064a-\u0628\u0627\u0644\u0644\u0648\u062a\u0633\/","og_locale":"tr_TR","og_type":"article","og_title":"Lotus ile doldurulmu\u015f \u015fekerli hurma","og_description":"Do\u011fal hurman\u0131n enfes tad\u0131n\u0131n lotusun zengin, kremsi lezzetiyle birle\u015fti\u011fi Lotus Dolgulu Hurma ile l\u00fcks\u00fcn ve a\u011f\u0131z suland\u0131ran lezzetin tad\u0131n\u0131 \u00e7\u0131kar\u0131n.","og_url":"https:\/\/saudi-gift.com\/product\/\u062a\u0645\u0631-\u0633\u0643\u0631\u064a-\u0645\u062d\u0634\u064a-\u0628\u0627\u0644\u0644\u0648\u062a\u0633\/","og_site_name":"\u0647\u062f\u064a\u0629 \u0633\u0639\u0648\u062f\u064a\u0629","article_publisher":"https:\/\/www.facebook.com\/profile.php?id=61560277649059&mibextid=LQQJ4d","og_image":[{"width":600,"height":600,"url":"https:\/\/saudi-gift.com\/wp-content\/uploads\/2024\/12\/083540e1-ca48-40c0-81c2-0d9565167a6d-1000x737-YAqZk90knYEIE8kYNNYFaWWDaCd6ZpWVRzVikbek-1.webp","type":"image\/webp"}],"twitter_card":"summary_large_image","twitter_site":"@saudigift_","twitter_misc":{"Tahmini okuma s\u00fcresi":"1 dakika"},"schema":{"@context":"https:\/\/schema.org","@graph":[{"@type":"WebPage","@id":"https:\/\/saudi-gift.com\/product\/%d8%aa%d9%85%d8%b1-%d8%b3%d9%83%d8%b1%d9%8a-%d9%85%d8%ad%d8%b4%d9%8a-%d8%a8%d8%a7%d9%84%d9%84%d9%88%d8%aa%d8%b3\/","url":"https:\/\/saudi-gift.com\/product\/%d8%aa%d9%85%d8%b1-%d8%b3%d9%83%d8%b1%d9%8a-%d9%85%d8%ad%d8%b4%d9%8a-%d8%a8%d8%a7%d9%84%d9%84%d9%88%d8%aa%d8%b3\/","name":"Lotus ile doldurulmu\u015f \u015feker hurmalar\u0131 - Saudi Gift Now'dan en d\u00fc\u015f\u00fck fiyatlarla online al\u0131\u015fveri\u015f yap\u0131n","isPartOf":{"@id":"https:\/\/saudi-gift.com\/#website"},"primaryImageOfPage":{"@id":"https:\/\/saudi-gift.com\/product\/%d8%aa%d9%85%d8%b1-%d8%b3%d9%83%d8%b1%d9%8a-%d9%85%d8%ad%d8%b4%d9%8a-%d8%a8%d8%a7%d9%84%d9%84%d9%88%d8%aa%d8%b3\/#primaryimage"},"image":{"@id":"https:\/\/saudi-gift.com\/product\/%d8%aa%d9%85%d8%b1-%d8%b3%d9%83%d8%b1%d9%8a-%d9%85%d8%ad%d8%b4%d9%8a-%d8%a8%d8%a7%d9%84%d9%84%d9%88%d8%aa%d8%b3\/#primaryimage"},"thumbnailUrl":"https:\/\/saudi-gift.com\/wp-content\/uploads\/2024\/12\/083540e1-ca48-40c0-81c2-0d9565167a6d-1000x737-YAqZk90knYEIE8kYNNYFaWWDaCd6ZpWVRzVikbek-1.webp","datePublished":"2024-12-26T11:56:13+00:00","description":"Do\u011fal hurman\u0131n enfes tad\u0131n\u0131n lotusun zengin, kremsi lezzetiyle birle\u015fti\u011fi Lotus Dolgulu Hurma ile l\u00fcks\u00fcn ve a\u011f\u0131z suland\u0131ran lezzetin tad\u0131n\u0131 \u00e7\u0131kar\u0131n.","breadcrumb":{"@id":"https:\/\/saudi-gift.com\/product\/%d8%aa%d9%85%d8%b1-%d8%b3%d9%83%d8%b1%d9%8a-%d9%85%d8%ad%d8%b4%d9%8a-%d8%a8%d8%a7%d9%84%d9%84%d9%88%d8%aa%d8%b3\/#breadcrumb"},"inLanguage":"tr","potentialAction":[{"@type":"ReadAction","target":["https:\/\/saudi-gift.com\/product\/%d8%aa%d9%85%d8%b1-%d8%b3%d9%83%d8%b1%d9%8a-%d9%85%d8%ad%d8%b4%d9%8a-%d8%a8%d8%a7%d9%84%d9%84%d9%88%d8%aa%d8%b3\/"]}]},{"@type":"ImageObject","inLanguage":"tr","@id":"https:\/\/saudi-gift.com\/product\/%d8%aa%d9%85%d8%b1-%d8%b3%d9%83%d8%b1%d9%8a-%d9%85%d8%ad%d8%b4%d9%8a-%d8%a8%d8%a7%d9%84%d9%84%d9%88%d8%aa%d8%b3\/#primaryimage","url":"https:\/\/saudi-gift.com\/wp-content\/uploads\/2024\/12\/083540e1-ca48-40c0-81c2-0d9565167a6d-1000x737-YAqZk90knYEIE8kYNNYFaWWDaCd6ZpWVRzVikbek-1.webp","contentUrl":"https:\/\/saudi-gift.com\/wp-content\/uploads\/2024\/12\/083540e1-ca48-40c0-81c2-0d9565167a6d-1000x737-YAqZk90knYEIE8kYNNYFaWWDaCd6ZpWVRzVikbek-1.webp","width":600,"height":600},{"@type":"BreadcrumbList","@id":"https:\/\/saudi-gift.com\/product\/%d8%aa%d9%85%d8%b1-%d8%b3%d9%83%d8%b1%d9%8a-%d9%85%d8%ad%d8%b4%d9%8a-%d8%a8%d8%a7%d9%84%d9%84%d9%88%d8%aa%d8%b3\/#breadcrumb","itemListElement":[{"@type":"ListItem","position":1,"name":"Home","item":"https:\/\/saudi-gift.com\/tr\/"},{"@type":"ListItem","position":2,"name":"\u015eimdi Al\u0131\u015fveri\u015f Yap\u0131n","item":"https:\/\/saudi-gift.com\/tr\/simdi-alisveris-yapin\/"},{"@type":"ListItem","position":3,"name":"Lotus ile doldurulmu\u015f \u015fekerli hurma"}]},{"@type":"WebSite","@id":"https:\/\/saudi-gift.com\/#website","url":"https:\/\/saudi-gift.com\/","name":"\u0647\u062f\u064a\u0629 \u0633\u0639\u0648\u062f\u064a\u0629","description":"\u0647\u062f\u064a\u0629 \u0633\u0639\u0648\u062f\u064a\u0629 \u0645\u062a\u062c\u0631 \u0627\u0644\u0643\u062a\u0631\u0648\u0646\u064a \u064a\u0642\u062f\u0645 \u0644\u0643\u0645 \u0645\u062c\u0645\u0648\u0639\u0629 \u0645\u0646 \u0627\u0644\u0647\u062f\u0627\u064a\u0627 \u0627\u0644\u062a\u064a \u062a\u062c\u0633\u062f \u0639\u0628\u0642 \u0630\u0643\u0631\u064a\u0627\u062a\u0643\u0645 \u0641\u064a \u0627\u0644\u0645\u0634\u0627\u0639\u0631 \u0627\u0644\u0645\u0642\u062f\u0633\u0629","publisher":{"@id":"https:\/\/saudi-gift.com\/#organization"},"alternateName":"\u0647\u062f\u064a\u0629 \u0633\u0639\u0648\u062f\u064a\u0629","potentialAction":[{"@type":"SearchAction","target":{"@type":"EntryPoint","urlTemplate":"https:\/\/saudi-gift.com\/?s={search_term_string}"},"query-input":{"@type":"PropertyValueSpecification","valueRequired":true,"valueName":"search_term_string"}}],"inLanguage":"tr"},{"@type":"Organization","@id":"https:\/\/saudi-gift.com\/#organization","name":"\u0645\u062a\u062c\u0631 \u0627\u0644\u0647\u062f\u064a\u0629","alternateName":"\u0647\u062f\u064a\u0629 \u0633\u0639\u0648\u062f\u064a\u0629","url":"https:\/\/saudi-gift.com\/","logo":{"@type":"ImageObject","inLanguage":"tr","@id":"https:\/\/saudi-gift.com\/#\/schema\/logo\/image\/","url":"https:\/\/saudi-gift.com\/wp-content\/uploads\/2025\/05\/2.png","contentUrl":"https:\/\/saudi-gift.com\/wp-content\/uploads\/2025\/05\/2.png","width":163,"height":42,"caption":"\u0645\u062a\u062c\u0631 \u0627\u0644\u0647\u062f\u064a\u0629"},"image":{"@id":"https:\/\/saudi-gift.com\/#\/schema\/logo\/image\/"},"sameAs":["https:\/\/www.facebook.com\/profile.php?id=61560277649059&mibextid=LQQJ4d","https:\/\/x.com\/saudigift_"]}]}},"jetpack-related-posts":[],"_links":{"self":[{"href":"https:\/\/saudi-gift.com\/tr\/wp-json\/wp\/v2\/product\/38509","targetHints":{"allow":["GET"]}}],"collection":[{"href":"https:\/\/saudi-gift.com\/tr\/wp-json\/wp\/v2\/product"}],"about":[{"href":"https:\/\/saudi-gift.com\/tr\/wp-json\/wp\/v2\/types\/product"}],"replies":[{"embeddable":true,"href":"https:\/\/saudi-gift.com\/tr\/wp-json\/wp\/v2\/comments?post=38509"}],"version-history":[{"count":0,"href":"https:\/\/saudi-gift.com\/tr\/wp-json\/wp\/v2\/product\/38509\/revisions"}],"wp:featuredmedia":[{"embeddable":true,"href":"https:\/\/saudi-gift.com\/tr\/wp-json\/wp\/v2\/media\/31454"}],"wp:attachment":[{"href":"https:\/\/saudi-gift.com\/tr\/wp-json\/wp\/v2\/media?parent=38509"}],"wp:term":[{"taxonomy":"product_brand","embeddable":true,"href":"https:\/\/saudi-gift.com\/tr\/wp-json\/wp\/v2\/product_brand?post=38509"},{"taxonomy":"product_cat","embeddable":true,"href":"https:\/\/saudi-gift.com\/tr\/wp-json\/wp\/v2\/product_cat?post=38509"},{"taxonomy":"product_tag","embeddable":true,"href":"https:\/\/saudi-gift.com\/tr\/wp-json\/wp\/v2\/product_tag?post=38509"}],"curies":[{"name":"wp","href":"https:\/\/api.w.org\/{rel}","templated":true}]}}