{"id":38544,"date":"2024-12-26T14:43:07","date_gmt":"2024-12-26T11:43:07","guid":{"rendered":"https:\/\/saudi-gift.com\/product\/suslu-rendelenmis-sekerli-hurma\/"},"modified":"2024-12-26T14:43:07","modified_gmt":"2024-12-26T11:43:07","slug":"suslu-rendelenmis-sekerli-hurma","status":"publish","type":"product","link":"https:\/\/saudi-gift.com\/tr\/urun\/suslu-rendelenmis-sekerli-hurma\/","title":{"rendered":"S\u00fcsl\u00fc Rendelenmi\u015f \u015eekerli Hurma"},"content":{"rendered":"<p class=\"ql-direction-rtl\"><strong>S\u00fcsl\u00fc \u015eeker Hurmalar\u0131  <\/strong><\/p>\n<p>&nbsp;<\/p>\n<p class=\"ql-direction-rtl\"><strong>Diyabetik hurmalar\u0131n\u0131z\u0131 nas\u0131l daha uzun s\u00fcre saklayabilirsiniz?<\/strong><\/p>\n<p class=\"ql-direction-rtl\">Hurmalar\u0131n\u0131z\u0131n \u00f6mr\u00fcn\u00fc uzatmak i\u00e7in, kullanmadan \u00f6nce su ile y\u0131kamaktan ka\u00e7\u0131n\u0131n. Hurmalar haftalarca saklanabilir, ancak aylarca saklamak istiyorsan\u0131z, \u00fczerini kapat\u0131n ve dondurun.    <\/p>\n<p class=\"ql-direction-rtl\"><strong>Neden Asalah Hurma \u015eekeri sat\u0131n almal\u0131s\u0131n\u0131z?<\/strong><\/p>\n<p class=\"ql-direction-rtl\">&#8211; Asalah Palm Farms&#8217;taki t\u00fcm hurmalar en y\u00fcksek kalitededir.<\/p>\n<p class=\"ql-direction-rtl\">&#8211; T\u00fcm Asalah Al Nakheel hurmalar\u0131 %100 do\u011fald\u0131r.<\/p>\n<p class=\"ql-direction-rtl\">&#8211; T\u00fcm hurmalar\u0131m\u0131z temizlenir, ayr\u0131\u015ft\u0131r\u0131l\u0131r ve hava ge\u00e7irmez kaplarda paketlenir.<\/p>\n<p class=\"ql-direction-rtl\">&#8211; T\u00fcm randevular\u0131m\u0131z \u00f6zenle ve dikkatle se\u00e7ilmi\u015ftir.<\/p>\n","protected":false},"excerpt":{"rendered":"<p class=\"ql-direction-rtl\">Par\u00e7alanm\u0131\u015f <strong>Sukari hur<\/strong> malar\u0131 orta ila b\u00fcy\u00fck \u00e7ekirdeklere sahiptir ve en pop\u00fcler Sukari hurmas\u0131 t\u00fcrlerinden biridir. Par\u00e7alanm\u0131\u015f hurmalar, kabuklar\u0131 par\u00e7alanm\u0131\u015f ve hurmaya yap\u0131\u015fm\u0131\u015f olanlard\u0131r ve dokular\u0131 yumu\u015fak ile kuru aras\u0131ndad\u0131r.   <\/p>\n<p>&nbsp;<\/p>\n<p>&nbsp;<\/p>\n<p><strong><span style=\"font-size: 17px;\">Hapla kaplanm\u0131\u015f m\u0131?<\/span><\/strong><\/p>\n","protected":false},"featured_media":31416,"comment_status":"open","ping_status":"closed","template":"","meta":[],"product_brand":[],"product_cat":[3122],"product_tag":[1381,693,611],"class_list":{"0":"post-38544","1":"product","2":"type-product","3":"status-publish","4":"has-post-thumbnail","6":"product_cat-3122","7":"product_tag-_","8":"product_tag-693","9":"product_tag-611","11":"first","12":"instock","13":"sold-individually","14":"shipping-taxable","15":"purchasable","16":"product-type-variable"},"yoast_head":"<!-- This site is optimized with the Yoast SEO Premium plugin v27.2 (Yoast SEO v27.6) - https:\/\/yoast.com\/product\/yoast-seo-premium-wordpress\/ -->\n<title>L\u00fcks Rendelenmi\u015f \u015eeker Hurmas\u0131 - Saudi Gift Now&#039;daki d\u00fczinelerce ma\u011faza aras\u0131ndan online al\u0131\u015fveri\u015f yap\u0131n<\/title>\n<meta name=\"description\" content=\"Par\u00e7alanm\u0131\u015f Sukari hurmalar\u0131 orta ila b\u00fcy\u00fck \u00e7ekirdeklere sahiptir ve en pop\u00fcler Sukari hurmas\u0131 t\u00fcrlerinden biridir. Par\u00e7alanm\u0131\u015f hurmalar, kabuklar\u0131 par\u00e7alanm\u0131\u015f ve hurmaya yap\u0131\u015fm\u0131\u015f olanlard\u0131r ve dokular\u0131 yumu\u015fak ile kuru aras\u0131ndad\u0131r.\" \/>\n<meta name=\"robots\" content=\"index, follow, max-snippet:-1, max-image-preview:large, max-video-preview:-1\" \/>\n<link rel=\"canonical\" href=\"https:\/\/saudi-gift.com\/product\/\u062a\u0645\u0631-\u0633\u0643\u0631\u064a-\u0645\u0641\u062a\u0644-\u0641\u0627\u062e\u0631\/\" \/>\n<meta property=\"og:locale\" content=\"tr_TR\" \/>\n<meta property=\"og:type\" content=\"article\" \/>\n<meta property=\"og:title\" content=\"S\u00fcsl\u00fc Rendelenmi\u015f \u015eekerli Hurma\" \/>\n<meta property=\"og:description\" content=\"Par\u00e7alanm\u0131\u015f Sukari hurmalar\u0131 orta ila b\u00fcy\u00fck \u00e7ekirdeklere sahiptir ve en pop\u00fcler Sukari hurmas\u0131 t\u00fcrlerinden biridir. Par\u00e7alanm\u0131\u015f hurmalar, kabuklar\u0131 par\u00e7alanm\u0131\u015f ve hurmaya yap\u0131\u015fm\u0131\u015f olanlard\u0131r ve dokular\u0131 yumu\u015fak ile kuru aras\u0131ndad\u0131r.\" \/>\n<meta property=\"og:url\" content=\"https:\/\/saudi-gift.com\/product\/\u062a\u0645\u0631-\u0633\u0643\u0631\u064a-\u0645\u0641\u062a\u0644-\u0641\u0627\u062e\u0631\/\" \/>\n<meta property=\"og:site_name\" content=\"\u0647\u062f\u064a\u0629 \u0633\u0639\u0648\u062f\u064a\u0629\" \/>\n<meta property=\"article:publisher\" content=\"https:\/\/www.facebook.com\/profile.php?id=61560277649059&amp;mibextid=LQQJ4d\" \/>\n<meta property=\"og:image\" content=\"https:\/\/saudi-gift.com\/wp-content\/uploads\/2024\/12\/061250e4-ef10-4b8c-87e3-77ac3b047e63-1000x1000-yxp8DfXuhn4K6mx6s2BVGCnKsi2PuhnHu11SywcN-1.webp\" \/>\n\t<meta property=\"og:image:width\" content=\"600\" \/>\n\t<meta property=\"og:image:height\" content=\"600\" \/>\n\t<meta property=\"og:image:type\" content=\"image\/webp\" \/>\n<meta name=\"twitter:card\" content=\"summary_large_image\" \/>\n<meta name=\"twitter:site\" content=\"@saudigift_\" \/>\n<meta name=\"twitter:label1\" content=\"Tahmini okuma s\u00fcresi\" \/>\n\t<meta name=\"twitter:data1\" content=\"1 dakika\" \/>\n<script type=\"application\/ld+json\" class=\"yoast-schema-graph\">{\"@context\":\"https:\\\/\\\/schema.org\",\"@graph\":[{\"@type\":\"WebPage\",\"@id\":\"https:\\\/\\\/saudi-gift.com\\\/product\\\/%d8%aa%d9%85%d8%b1-%d8%b3%d9%83%d8%b1%d9%8a-%d9%85%d9%81%d8%aa%d9%84-%d9%81%d8%a7%d8%ae%d8%b1\\\/\",\"url\":\"https:\\\/\\\/saudi-gift.com\\\/product\\\/%d8%aa%d9%85%d8%b1-%d8%b3%d9%83%d8%b1%d9%8a-%d9%85%d9%81%d8%aa%d9%84-%d9%81%d8%a7%d8%ae%d8%b1\\\/\",\"name\":\"L\u00fcks Rendelenmi\u015f \u015eeker Hurmas\u0131 - Saudi Gift Now'daki d\u00fczinelerce ma\u011faza aras\u0131ndan online al\u0131\u015fveri\u015f yap\u0131n\",\"isPartOf\":{\"@id\":\"https:\\\/\\\/saudi-gift.com\\\/#website\"},\"primaryImageOfPage\":{\"@id\":\"https:\\\/\\\/saudi-gift.com\\\/product\\\/%d8%aa%d9%85%d8%b1-%d8%b3%d9%83%d8%b1%d9%8a-%d9%85%d9%81%d8%aa%d9%84-%d9%81%d8%a7%d8%ae%d8%b1\\\/#primaryimage\"},\"image\":{\"@id\":\"https:\\\/\\\/saudi-gift.com\\\/product\\\/%d8%aa%d9%85%d8%b1-%d8%b3%d9%83%d8%b1%d9%8a-%d9%85%d9%81%d8%aa%d9%84-%d9%81%d8%a7%d8%ae%d8%b1\\\/#primaryimage\"},\"thumbnailUrl\":\"https:\\\/\\\/saudi-gift.com\\\/wp-content\\\/uploads\\\/2024\\\/12\\\/061250e4-ef10-4b8c-87e3-77ac3b047e63-1000x1000-yxp8DfXuhn4K6mx6s2BVGCnKsi2PuhnHu11SywcN-1.webp\",\"datePublished\":\"2024-12-26T11:43:07+00:00\",\"description\":\"Par\u00e7alanm\u0131\u015f Sukari hurmalar\u0131 orta ila b\u00fcy\u00fck \u00e7ekirdeklere sahiptir ve en pop\u00fcler Sukari hurmas\u0131 t\u00fcrlerinden biridir. Par\u00e7alanm\u0131\u015f hurmalar, kabuklar\u0131 par\u00e7alanm\u0131\u015f ve hurmaya yap\u0131\u015fm\u0131\u015f olanlard\u0131r ve dokular\u0131 yumu\u015fak ile kuru aras\u0131ndad\u0131r.\",\"breadcrumb\":{\"@id\":\"https:\\\/\\\/saudi-gift.com\\\/product\\\/%d8%aa%d9%85%d8%b1-%d8%b3%d9%83%d8%b1%d9%8a-%d9%85%d9%81%d8%aa%d9%84-%d9%81%d8%a7%d8%ae%d8%b1\\\/#breadcrumb\"},\"inLanguage\":\"tr\",\"potentialAction\":[{\"@type\":\"ReadAction\",\"target\":[\"https:\\\/\\\/saudi-gift.com\\\/product\\\/%d8%aa%d9%85%d8%b1-%d8%b3%d9%83%d8%b1%d9%8a-%d9%85%d9%81%d8%aa%d9%84-%d9%81%d8%a7%d8%ae%d8%b1\\\/\"]}]},{\"@type\":\"ImageObject\",\"inLanguage\":\"tr\",\"@id\":\"https:\\\/\\\/saudi-gift.com\\\/product\\\/%d8%aa%d9%85%d8%b1-%d8%b3%d9%83%d8%b1%d9%8a-%d9%85%d9%81%d8%aa%d9%84-%d9%81%d8%a7%d8%ae%d8%b1\\\/#primaryimage\",\"url\":\"https:\\\/\\\/saudi-gift.com\\\/wp-content\\\/uploads\\\/2024\\\/12\\\/061250e4-ef10-4b8c-87e3-77ac3b047e63-1000x1000-yxp8DfXuhn4K6mx6s2BVGCnKsi2PuhnHu11SywcN-1.webp\",\"contentUrl\":\"https:\\\/\\\/saudi-gift.com\\\/wp-content\\\/uploads\\\/2024\\\/12\\\/061250e4-ef10-4b8c-87e3-77ac3b047e63-1000x1000-yxp8DfXuhn4K6mx6s2BVGCnKsi2PuhnHu11SywcN-1.webp\",\"width\":600,\"height\":600},{\"@type\":\"BreadcrumbList\",\"@id\":\"https:\\\/\\\/saudi-gift.com\\\/product\\\/%d8%aa%d9%85%d8%b1-%d8%b3%d9%83%d8%b1%d9%8a-%d9%85%d9%81%d8%aa%d9%84-%d9%81%d8%a7%d8%ae%d8%b1\\\/#breadcrumb\",\"itemListElement\":[{\"@type\":\"ListItem\",\"position\":1,\"name\":\"Home\",\"item\":\"https:\\\/\\\/saudi-gift.com\\\/tr\\\/\"},{\"@type\":\"ListItem\",\"position\":2,\"name\":\"\u015eimdi Al\u0131\u015fveri\u015f Yap\u0131n\",\"item\":\"https:\\\/\\\/saudi-gift.com\\\/tr\\\/simdi-alisveris-yapin\\\/\"},{\"@type\":\"ListItem\",\"position\":3,\"name\":\"S\u00fcsl\u00fc Rendelenmi\u015f \u015eekerli Hurma\"}]},{\"@type\":\"WebSite\",\"@id\":\"https:\\\/\\\/saudi-gift.com\\\/#website\",\"url\":\"https:\\\/\\\/saudi-gift.com\\\/\",\"name\":\"\u0647\u062f\u064a\u0629 \u0633\u0639\u0648\u062f\u064a\u0629\",\"description\":\"\u0647\u062f\u064a\u0629 \u0633\u0639\u0648\u062f\u064a\u0629 \u0645\u062a\u062c\u0631 \u0627\u0644\u0643\u062a\u0631\u0648\u0646\u064a \u064a\u0642\u062f\u0645 \u0644\u0643\u0645 \u0645\u062c\u0645\u0648\u0639\u0629 \u0645\u0646 \u0627\u0644\u0647\u062f\u0627\u064a\u0627 \u0627\u0644\u062a\u064a \u062a\u062c\u0633\u062f \u0639\u0628\u0642 \u0630\u0643\u0631\u064a\u0627\u062a\u0643\u0645 \u0641\u064a \u0627\u0644\u0645\u0634\u0627\u0639\u0631 \u0627\u0644\u0645\u0642\u062f\u0633\u0629\",\"publisher\":{\"@id\":\"https:\\\/\\\/saudi-gift.com\\\/#organization\"},\"alternateName\":\"\u0647\u062f\u064a\u0629 \u0633\u0639\u0648\u062f\u064a\u0629\",\"potentialAction\":[{\"@type\":\"SearchAction\",\"target\":{\"@type\":\"EntryPoint\",\"urlTemplate\":\"https:\\\/\\\/saudi-gift.com\\\/?s={search_term_string}\"},\"query-input\":{\"@type\":\"PropertyValueSpecification\",\"valueRequired\":true,\"valueName\":\"search_term_string\"}}],\"inLanguage\":\"tr\"},{\"@type\":\"Organization\",\"@id\":\"https:\\\/\\\/saudi-gift.com\\\/#organization\",\"name\":\"\u0645\u062a\u062c\u0631 \u0627\u0644\u0647\u062f\u064a\u0629\",\"alternateName\":\"\u0647\u062f\u064a\u0629 \u0633\u0639\u0648\u062f\u064a\u0629\",\"url\":\"https:\\\/\\\/saudi-gift.com\\\/\",\"logo\":{\"@type\":\"ImageObject\",\"inLanguage\":\"tr\",\"@id\":\"https:\\\/\\\/saudi-gift.com\\\/#\\\/schema\\\/logo\\\/image\\\/\",\"url\":\"https:\\\/\\\/saudi-gift.com\\\/wp-content\\\/uploads\\\/2025\\\/05\\\/2.png\",\"contentUrl\":\"https:\\\/\\\/saudi-gift.com\\\/wp-content\\\/uploads\\\/2025\\\/05\\\/2.png\",\"width\":163,\"height\":42,\"caption\":\"\u0645\u062a\u062c\u0631 \u0627\u0644\u0647\u062f\u064a\u0629\"},\"image\":{\"@id\":\"https:\\\/\\\/saudi-gift.com\\\/#\\\/schema\\\/logo\\\/image\\\/\"},\"sameAs\":[\"https:\\\/\\\/www.facebook.com\\\/profile.php?id=61560277649059&mibextid=LQQJ4d\",\"https:\\\/\\\/x.com\\\/saudigift_\"]}]}<\/script>\n<!-- \/ Yoast SEO Premium plugin. -->","yoast_head_json":{"title":"L\u00fcks Rendelenmi\u015f \u015eeker Hurmas\u0131 - Saudi Gift Now'daki d\u00fczinelerce ma\u011faza aras\u0131ndan online al\u0131\u015fveri\u015f yap\u0131n","description":"Par\u00e7alanm\u0131\u015f Sukari hurmalar\u0131 orta ila b\u00fcy\u00fck \u00e7ekirdeklere sahiptir ve en pop\u00fcler Sukari hurmas\u0131 t\u00fcrlerinden biridir. Par\u00e7alanm\u0131\u015f hurmalar, kabuklar\u0131 par\u00e7alanm\u0131\u015f ve hurmaya yap\u0131\u015fm\u0131\u015f olanlard\u0131r ve dokular\u0131 yumu\u015fak ile kuru aras\u0131ndad\u0131r.","robots":{"index":"index","follow":"follow","max-snippet":"max-snippet:-1","max-image-preview":"max-image-preview:large","max-video-preview":"max-video-preview:-1"},"canonical":"https:\/\/saudi-gift.com\/product\/\u062a\u0645\u0631-\u0633\u0643\u0631\u064a-\u0645\u0641\u062a\u0644-\u0641\u0627\u062e\u0631\/","og_locale":"tr_TR","og_type":"article","og_title":"S\u00fcsl\u00fc Rendelenmi\u015f \u015eekerli Hurma","og_description":"Par\u00e7alanm\u0131\u015f Sukari hurmalar\u0131 orta ila b\u00fcy\u00fck \u00e7ekirdeklere sahiptir ve en pop\u00fcler Sukari hurmas\u0131 t\u00fcrlerinden biridir. Par\u00e7alanm\u0131\u015f hurmalar, kabuklar\u0131 par\u00e7alanm\u0131\u015f ve hurmaya yap\u0131\u015fm\u0131\u015f olanlard\u0131r ve dokular\u0131 yumu\u015fak ile kuru aras\u0131ndad\u0131r.","og_url":"https:\/\/saudi-gift.com\/product\/\u062a\u0645\u0631-\u0633\u0643\u0631\u064a-\u0645\u0641\u062a\u0644-\u0641\u0627\u062e\u0631\/","og_site_name":"\u0647\u062f\u064a\u0629 \u0633\u0639\u0648\u062f\u064a\u0629","article_publisher":"https:\/\/www.facebook.com\/profile.php?id=61560277649059&mibextid=LQQJ4d","og_image":[{"width":600,"height":600,"url":"https:\/\/saudi-gift.com\/wp-content\/uploads\/2024\/12\/061250e4-ef10-4b8c-87e3-77ac3b047e63-1000x1000-yxp8DfXuhn4K6mx6s2BVGCnKsi2PuhnHu11SywcN-1.webp","type":"image\/webp"}],"twitter_card":"summary_large_image","twitter_site":"@saudigift_","twitter_misc":{"Tahmini okuma s\u00fcresi":"1 dakika"},"schema":{"@context":"https:\/\/schema.org","@graph":[{"@type":"WebPage","@id":"https:\/\/saudi-gift.com\/product\/%d8%aa%d9%85%d8%b1-%d8%b3%d9%83%d8%b1%d9%8a-%d9%85%d9%81%d8%aa%d9%84-%d9%81%d8%a7%d8%ae%d8%b1\/","url":"https:\/\/saudi-gift.com\/product\/%d8%aa%d9%85%d8%b1-%d8%b3%d9%83%d8%b1%d9%8a-%d9%85%d9%81%d8%aa%d9%84-%d9%81%d8%a7%d8%ae%d8%b1\/","name":"L\u00fcks Rendelenmi\u015f \u015eeker Hurmas\u0131 - Saudi Gift Now'daki d\u00fczinelerce ma\u011faza aras\u0131ndan online al\u0131\u015fveri\u015f yap\u0131n","isPartOf":{"@id":"https:\/\/saudi-gift.com\/#website"},"primaryImageOfPage":{"@id":"https:\/\/saudi-gift.com\/product\/%d8%aa%d9%85%d8%b1-%d8%b3%d9%83%d8%b1%d9%8a-%d9%85%d9%81%d8%aa%d9%84-%d9%81%d8%a7%d8%ae%d8%b1\/#primaryimage"},"image":{"@id":"https:\/\/saudi-gift.com\/product\/%d8%aa%d9%85%d8%b1-%d8%b3%d9%83%d8%b1%d9%8a-%d9%85%d9%81%d8%aa%d9%84-%d9%81%d8%a7%d8%ae%d8%b1\/#primaryimage"},"thumbnailUrl":"https:\/\/saudi-gift.com\/wp-content\/uploads\/2024\/12\/061250e4-ef10-4b8c-87e3-77ac3b047e63-1000x1000-yxp8DfXuhn4K6mx6s2BVGCnKsi2PuhnHu11SywcN-1.webp","datePublished":"2024-12-26T11:43:07+00:00","description":"Par\u00e7alanm\u0131\u015f Sukari hurmalar\u0131 orta ila b\u00fcy\u00fck \u00e7ekirdeklere sahiptir ve en pop\u00fcler Sukari hurmas\u0131 t\u00fcrlerinden biridir. Par\u00e7alanm\u0131\u015f hurmalar, kabuklar\u0131 par\u00e7alanm\u0131\u015f ve hurmaya yap\u0131\u015fm\u0131\u015f olanlard\u0131r ve dokular\u0131 yumu\u015fak ile kuru aras\u0131ndad\u0131r.","breadcrumb":{"@id":"https:\/\/saudi-gift.com\/product\/%d8%aa%d9%85%d8%b1-%d8%b3%d9%83%d8%b1%d9%8a-%d9%85%d9%81%d8%aa%d9%84-%d9%81%d8%a7%d8%ae%d8%b1\/#breadcrumb"},"inLanguage":"tr","potentialAction":[{"@type":"ReadAction","target":["https:\/\/saudi-gift.com\/product\/%d8%aa%d9%85%d8%b1-%d8%b3%d9%83%d8%b1%d9%8a-%d9%85%d9%81%d8%aa%d9%84-%d9%81%d8%a7%d8%ae%d8%b1\/"]}]},{"@type":"ImageObject","inLanguage":"tr","@id":"https:\/\/saudi-gift.com\/product\/%d8%aa%d9%85%d8%b1-%d8%b3%d9%83%d8%b1%d9%8a-%d9%85%d9%81%d8%aa%d9%84-%d9%81%d8%a7%d8%ae%d8%b1\/#primaryimage","url":"https:\/\/saudi-gift.com\/wp-content\/uploads\/2024\/12\/061250e4-ef10-4b8c-87e3-77ac3b047e63-1000x1000-yxp8DfXuhn4K6mx6s2BVGCnKsi2PuhnHu11SywcN-1.webp","contentUrl":"https:\/\/saudi-gift.com\/wp-content\/uploads\/2024\/12\/061250e4-ef10-4b8c-87e3-77ac3b047e63-1000x1000-yxp8DfXuhn4K6mx6s2BVGCnKsi2PuhnHu11SywcN-1.webp","width":600,"height":600},{"@type":"BreadcrumbList","@id":"https:\/\/saudi-gift.com\/product\/%d8%aa%d9%85%d8%b1-%d8%b3%d9%83%d8%b1%d9%8a-%d9%85%d9%81%d8%aa%d9%84-%d9%81%d8%a7%d8%ae%d8%b1\/#breadcrumb","itemListElement":[{"@type":"ListItem","position":1,"name":"Home","item":"https:\/\/saudi-gift.com\/tr\/"},{"@type":"ListItem","position":2,"name":"\u015eimdi Al\u0131\u015fveri\u015f Yap\u0131n","item":"https:\/\/saudi-gift.com\/tr\/simdi-alisveris-yapin\/"},{"@type":"ListItem","position":3,"name":"S\u00fcsl\u00fc Rendelenmi\u015f \u015eekerli Hurma"}]},{"@type":"WebSite","@id":"https:\/\/saudi-gift.com\/#website","url":"https:\/\/saudi-gift.com\/","name":"\u0647\u062f\u064a\u0629 \u0633\u0639\u0648\u062f\u064a\u0629","description":"\u0647\u062f\u064a\u0629 \u0633\u0639\u0648\u062f\u064a\u0629 \u0645\u062a\u062c\u0631 \u0627\u0644\u0643\u062a\u0631\u0648\u0646\u064a \u064a\u0642\u062f\u0645 \u0644\u0643\u0645 \u0645\u062c\u0645\u0648\u0639\u0629 \u0645\u0646 \u0627\u0644\u0647\u062f\u0627\u064a\u0627 \u0627\u0644\u062a\u064a \u062a\u062c\u0633\u062f \u0639\u0628\u0642 \u0630\u0643\u0631\u064a\u0627\u062a\u0643\u0645 \u0641\u064a \u0627\u0644\u0645\u0634\u0627\u0639\u0631 \u0627\u0644\u0645\u0642\u062f\u0633\u0629","publisher":{"@id":"https:\/\/saudi-gift.com\/#organization"},"alternateName":"\u0647\u062f\u064a\u0629 \u0633\u0639\u0648\u062f\u064a\u0629","potentialAction":[{"@type":"SearchAction","target":{"@type":"EntryPoint","urlTemplate":"https:\/\/saudi-gift.com\/?s={search_term_string}"},"query-input":{"@type":"PropertyValueSpecification","valueRequired":true,"valueName":"search_term_string"}}],"inLanguage":"tr"},{"@type":"Organization","@id":"https:\/\/saudi-gift.com\/#organization","name":"\u0645\u062a\u062c\u0631 \u0627\u0644\u0647\u062f\u064a\u0629","alternateName":"\u0647\u062f\u064a\u0629 \u0633\u0639\u0648\u062f\u064a\u0629","url":"https:\/\/saudi-gift.com\/","logo":{"@type":"ImageObject","inLanguage":"tr","@id":"https:\/\/saudi-gift.com\/#\/schema\/logo\/image\/","url":"https:\/\/saudi-gift.com\/wp-content\/uploads\/2025\/05\/2.png","contentUrl":"https:\/\/saudi-gift.com\/wp-content\/uploads\/2025\/05\/2.png","width":163,"height":42,"caption":"\u0645\u062a\u062c\u0631 \u0627\u0644\u0647\u062f\u064a\u0629"},"image":{"@id":"https:\/\/saudi-gift.com\/#\/schema\/logo\/image\/"},"sameAs":["https:\/\/www.facebook.com\/profile.php?id=61560277649059&mibextid=LQQJ4d","https:\/\/x.com\/saudigift_"]}]}},"jetpack-related-posts":[],"_links":{"self":[{"href":"https:\/\/saudi-gift.com\/tr\/wp-json\/wp\/v2\/product\/38544","targetHints":{"allow":["GET"]}}],"collection":[{"href":"https:\/\/saudi-gift.com\/tr\/wp-json\/wp\/v2\/product"}],"about":[{"href":"https:\/\/saudi-gift.com\/tr\/wp-json\/wp\/v2\/types\/product"}],"replies":[{"embeddable":true,"href":"https:\/\/saudi-gift.com\/tr\/wp-json\/wp\/v2\/comments?post=38544"}],"version-history":[{"count":0,"href":"https:\/\/saudi-gift.com\/tr\/wp-json\/wp\/v2\/product\/38544\/revisions"}],"wp:featuredmedia":[{"embeddable":true,"href":"https:\/\/saudi-gift.com\/tr\/wp-json\/wp\/v2\/media\/31416"}],"wp:attachment":[{"href":"https:\/\/saudi-gift.com\/tr\/wp-json\/wp\/v2\/media?parent=38544"}],"wp:term":[{"taxonomy":"product_brand","embeddable":true,"href":"https:\/\/saudi-gift.com\/tr\/wp-json\/wp\/v2\/product_brand?post=38544"},{"taxonomy":"product_cat","embeddable":true,"href":"https:\/\/saudi-gift.com\/tr\/wp-json\/wp\/v2\/product_cat?post=38544"},{"taxonomy":"product_tag","embeddable":true,"href":"https:\/\/saudi-gift.com\/tr\/wp-json\/wp\/v2\/product_tag?post=38544"}],"curies":[{"name":"wp","href":"https:\/\/api.w.org\/{rel}","templated":true}]}}