{"id":38587,"date":"2024-12-26T14:19:28","date_gmt":"2024-12-26T11:19:28","guid":{"rendered":"https:\/\/saudi-gift.com\/product\/premium-sakkah-hurmasi\/"},"modified":"2024-12-26T14:19:28","modified_gmt":"2024-12-26T11:19:28","slug":"premium-sakkah-hurmasi","status":"publish","type":"product","link":"https:\/\/saudi-gift.com\/tr\/urun\/premium-sakkah-hurmasi\/","title":{"rendered":"Premium Sakkah Hurmas\u0131"},"content":{"rendered":"<p>Premium Sakkah Hurmas\u0131<\/p>\n<p>&nbsp;<\/p>\n<p><strong>E\u015fsiz renk ve doku:<\/strong><\/p>\n<ul>\n<li class=\"ql-indent-1\">K\u0131rm\u0131z\u0131 renklidir ve belirgin sar\u0131 bir tepesi vard\u0131r.<\/li>\n<\/ul>\n<p><strong>Orta derecede tatl\u0131 tat:<\/strong><\/p>\n<ul>\n<li class=\"ql-indent-1\">Her damak tad\u0131na uygun orta derecede tatl\u0131 bir aromas\u0131 vard\u0131r.<\/li>\n<\/ul>\n<p><strong>M\u00fckemmel kalite:<\/strong><\/p>\n<ul>\n<li class=\"ql-indent-1\">En y\u00fcksek kalite ve hijyen standartlar\u0131n\u0131 sa\u011flamak i\u00e7in titizlikle sterilize ettik ve temizledik.<\/li>\n<\/ul>\n<p><strong>Y\u00fcksek besin de\u011feri:<\/strong><\/p>\n<ul>\n<li class=\"ql-indent-1\">Lif ve temel vitamin ve mineraller a\u00e7\u0131s\u0131ndan zengindir. Her 100 g porsiyon 227 kalori i\u00e7erir, bu da onu sa\u011fl\u0131kl\u0131 ve besleyici bir se\u00e7im haline getirir.  <\/li>\n<\/ul>\n<p><strong>L\u00fcks boyut:<\/strong><\/p>\n<ul>\n<li class=\"ql-indent-1\">Hurmalar\u0131n l\u00fcks boyutu, onlar\u0131 \u00f6zel g\u00fcnler i\u00e7in veya harika bir hediye olarak m\u00fckemmel k\u0131lar.<\/li>\n<\/ul>\n<p><strong>\u00c7oklu kullan\u0131m:<\/strong><\/p>\n<ul>\n<li class=\"ql-indent-1\">Sa\u011fl\u0131kl\u0131 bir at\u0131\u015ft\u0131rmal\u0131k olarak yenebilir veya geleneksel tatl\u0131larda ve yemeklerde kullan\u0131labilir.<\/li>\n<\/ul>\n<p><strong>Memnuniyet garantisi:<\/strong><\/p>\n<ul>\n<li class=\"ql-indent-1\">Memnun kalmad\u0131\u011f\u0131n\u0131z takdirde iade etme se\u00e7ene\u011fi ile \u00fcr\u00fcn\u00fcn kalitesini garanti ediyoruz.<\/li>\n<\/ul>\n<p><strong>\u015eimdi sipari\u015f verin ve l\u00fcks Royal Saqi Hurmalar\u0131n\u0131 deneyimleyin<\/strong><\/p>\n","protected":false},"excerpt":{"rendered":"<p>M\u00fckemmel lezzet ve y\u00fcksek kaliteyi bir araya getiren l\u00fcks Royal Saqa&#8217;i hurmalar\u0131n\u0131 deneyimleyin. Bu hurmalar orta derecede tatl\u0131d\u0131r ve her damak tad\u0131na uygundur. \u0130ster sa\u011fl\u0131kl\u0131 bir at\u0131\u015ft\u0131rmal\u0131k ister \u00f6zel bir hediye ar\u0131yor olun, Royal Saqi Hurmalar\u0131 sizin i\u00e7in m\u00fckemmel bir se\u00e7imdir.  <\/p>\n<p>&nbsp;<\/p>\n<p>&nbsp;<\/p>\n<p><strong><span style=\"font-size: 17px;\">Hapla kaplanm\u0131\u015f m\u0131?<\/span><\/strong><\/p>\n","protected":false},"featured_media":31360,"comment_status":"open","ping_status":"closed","template":"","meta":[],"product_brand":[],"product_cat":[3122],"product_tag":[1377,693,611],"class_list":{"0":"post-38587","1":"product","2":"type-product","3":"status-publish","4":"has-post-thumbnail","6":"product_cat-3122","7":"product_tag-_","8":"product_tag-693","9":"product_tag-611","11":"first","12":"instock","13":"sale","14":"sold-individually","15":"shipping-taxable","16":"purchasable","17":"product-type-variable"},"yoast_head":"<!-- This site is optimized with the Yoast SEO Premium plugin v27.2 (Yoast SEO v27.6) - https:\/\/yoast.com\/product\/yoast-seo-premium-wordpress\/ -->\n<title>L\u00fcks Sicilya Hurmas\u0131 - Suudi hediyesi i\u00e7in \u015fimdi online al\u0131\u015fveri\u015f yap\u0131n<\/title>\n<meta name=\"description\" content=\"Harika lezzet ve y\u00fcksek kaliteyi bir araya getiren l\u00fcks Royal Saqi Hurmalar\u0131n\u0131 deneyimleyin. Bu hurmalar orta derecede tatl\u0131d\u0131r ve her damak tad\u0131na uygundur.\" \/>\n<meta name=\"robots\" content=\"index, follow, max-snippet:-1, max-image-preview:large, max-video-preview:-1\" \/>\n<link rel=\"canonical\" href=\"https:\/\/saudi-gift.com\/product\/\u062a\u0645\u0631-\u0635\u0642\u0639\u064a-\u0645\u063a\u0644\u0641-\u0628\u0627\u0644\u062d\u0628\u0629\/\" \/>\n<meta property=\"og:locale\" content=\"tr_TR\" \/>\n<meta property=\"og:type\" content=\"article\" \/>\n<meta property=\"og:title\" content=\"Premium Sakkah Hurmas\u0131\" \/>\n<meta property=\"og:description\" content=\"Harika lezzet ve y\u00fcksek kaliteyi bir araya getiren l\u00fcks Royal Saqi Hurmalar\u0131n\u0131 deneyimleyin. Bu hurmalar orta derecede tatl\u0131d\u0131r ve her damak tad\u0131na uygundur.\" \/>\n<meta property=\"og:url\" content=\"https:\/\/saudi-gift.com\/product\/\u062a\u0645\u0631-\u0635\u0642\u0639\u064a-\u0645\u063a\u0644\u0641-\u0628\u0627\u0644\u062d\u0628\u0629\/\" \/>\n<meta property=\"og:site_name\" content=\"\u0647\u062f\u064a\u0629 \u0633\u0639\u0648\u062f\u064a\u0629\" \/>\n<meta property=\"article:publisher\" content=\"https:\/\/www.facebook.com\/profile.php?id=61560277649059&amp;mibextid=LQQJ4d\" \/>\n<meta property=\"og:image\" content=\"https:\/\/saudi-gift.com\/wp-content\/uploads\/2024\/12\/e83abaa4-767b-4096-b494-4ec892c7d8a4-1000x1000-ImjSDSO7K9BSVcA3cosGYzPi8PquQEnKgbVcJkyi-1.webp\" \/>\n\t<meta property=\"og:image:width\" content=\"600\" \/>\n\t<meta property=\"og:image:height\" content=\"600\" \/>\n\t<meta property=\"og:image:type\" content=\"image\/webp\" \/>\n<meta name=\"twitter:card\" content=\"summary_large_image\" \/>\n<meta name=\"twitter:site\" content=\"@saudigift_\" \/>\n<meta name=\"twitter:label1\" content=\"Tahmini okuma s\u00fcresi\" \/>\n\t<meta name=\"twitter:data1\" content=\"1 dakika\" \/>\n<script type=\"application\/ld+json\" class=\"yoast-schema-graph\">{\"@context\":\"https:\\\/\\\/schema.org\",\"@graph\":[{\"@type\":\"WebPage\",\"@id\":\"https:\\\/\\\/saudi-gift.com\\\/product\\\/%d8%aa%d9%85%d8%b1-%d8%b5%d9%82%d8%b9%d9%8a-%d9%85%d8%ba%d9%84%d9%81-%d8%a8%d8%a7%d9%84%d8%ad%d8%a8%d8%a9\\\/\",\"url\":\"https:\\\/\\\/saudi-gift.com\\\/product\\\/%d8%aa%d9%85%d8%b1-%d8%b5%d9%82%d8%b9%d9%8a-%d9%85%d8%ba%d9%84%d9%81-%d8%a8%d8%a7%d9%84%d8%ad%d8%a8%d8%a9\\\/\",\"name\":\"L\u00fcks Sicilya Hurmas\u0131 - Suudi hediyesi i\u00e7in \u015fimdi online al\u0131\u015fveri\u015f yap\u0131n\",\"isPartOf\":{\"@id\":\"https:\\\/\\\/saudi-gift.com\\\/#website\"},\"primaryImageOfPage\":{\"@id\":\"https:\\\/\\\/saudi-gift.com\\\/product\\\/%d8%aa%d9%85%d8%b1-%d8%b5%d9%82%d8%b9%d9%8a-%d9%85%d8%ba%d9%84%d9%81-%d8%a8%d8%a7%d9%84%d8%ad%d8%a8%d8%a9\\\/#primaryimage\"},\"image\":{\"@id\":\"https:\\\/\\\/saudi-gift.com\\\/product\\\/%d8%aa%d9%85%d8%b1-%d8%b5%d9%82%d8%b9%d9%8a-%d9%85%d8%ba%d9%84%d9%81-%d8%a8%d8%a7%d9%84%d8%ad%d8%a8%d8%a9\\\/#primaryimage\"},\"thumbnailUrl\":\"https:\\\/\\\/saudi-gift.com\\\/wp-content\\\/uploads\\\/2024\\\/12\\\/e83abaa4-767b-4096-b494-4ec892c7d8a4-1000x1000-ImjSDSO7K9BSVcA3cosGYzPi8PquQEnKgbVcJkyi-1.webp\",\"datePublished\":\"2024-12-26T11:19:28+00:00\",\"description\":\"Harika lezzet ve y\u00fcksek kaliteyi bir araya getiren l\u00fcks Royal Saqi Hurmalar\u0131n\u0131 deneyimleyin. Bu hurmalar orta derecede tatl\u0131d\u0131r ve her damak tad\u0131na uygundur.\",\"breadcrumb\":{\"@id\":\"https:\\\/\\\/saudi-gift.com\\\/product\\\/%d8%aa%d9%85%d8%b1-%d8%b5%d9%82%d8%b9%d9%8a-%d9%85%d8%ba%d9%84%d9%81-%d8%a8%d8%a7%d9%84%d8%ad%d8%a8%d8%a9\\\/#breadcrumb\"},\"inLanguage\":\"tr\",\"potentialAction\":[{\"@type\":\"ReadAction\",\"target\":[\"https:\\\/\\\/saudi-gift.com\\\/product\\\/%d8%aa%d9%85%d8%b1-%d8%b5%d9%82%d8%b9%d9%8a-%d9%85%d8%ba%d9%84%d9%81-%d8%a8%d8%a7%d9%84%d8%ad%d8%a8%d8%a9\\\/\"]}]},{\"@type\":\"ImageObject\",\"inLanguage\":\"tr\",\"@id\":\"https:\\\/\\\/saudi-gift.com\\\/product\\\/%d8%aa%d9%85%d8%b1-%d8%b5%d9%82%d8%b9%d9%8a-%d9%85%d8%ba%d9%84%d9%81-%d8%a8%d8%a7%d9%84%d8%ad%d8%a8%d8%a9\\\/#primaryimage\",\"url\":\"https:\\\/\\\/saudi-gift.com\\\/wp-content\\\/uploads\\\/2024\\\/12\\\/e83abaa4-767b-4096-b494-4ec892c7d8a4-1000x1000-ImjSDSO7K9BSVcA3cosGYzPi8PquQEnKgbVcJkyi-1.webp\",\"contentUrl\":\"https:\\\/\\\/saudi-gift.com\\\/wp-content\\\/uploads\\\/2024\\\/12\\\/e83abaa4-767b-4096-b494-4ec892c7d8a4-1000x1000-ImjSDSO7K9BSVcA3cosGYzPi8PquQEnKgbVcJkyi-1.webp\",\"width\":600,\"height\":600},{\"@type\":\"BreadcrumbList\",\"@id\":\"https:\\\/\\\/saudi-gift.com\\\/product\\\/%d8%aa%d9%85%d8%b1-%d8%b5%d9%82%d8%b9%d9%8a-%d9%85%d8%ba%d9%84%d9%81-%d8%a8%d8%a7%d9%84%d8%ad%d8%a8%d8%a9\\\/#breadcrumb\",\"itemListElement\":[{\"@type\":\"ListItem\",\"position\":1,\"name\":\"Home\",\"item\":\"https:\\\/\\\/saudi-gift.com\\\/tr\\\/\"},{\"@type\":\"ListItem\",\"position\":2,\"name\":\"\u015eimdi Al\u0131\u015fveri\u015f Yap\u0131n\",\"item\":\"https:\\\/\\\/saudi-gift.com\\\/tr\\\/simdi-alisveris-yapin\\\/\"},{\"@type\":\"ListItem\",\"position\":3,\"name\":\"Premium Sakkah Hurmas\u0131\"}]},{\"@type\":\"WebSite\",\"@id\":\"https:\\\/\\\/saudi-gift.com\\\/#website\",\"url\":\"https:\\\/\\\/saudi-gift.com\\\/\",\"name\":\"\u0647\u062f\u064a\u0629 \u0633\u0639\u0648\u062f\u064a\u0629\",\"description\":\"\u0647\u062f\u064a\u0629 \u0633\u0639\u0648\u062f\u064a\u0629 \u0645\u062a\u062c\u0631 \u0627\u0644\u0643\u062a\u0631\u0648\u0646\u064a \u064a\u0642\u062f\u0645 \u0644\u0643\u0645 \u0645\u062c\u0645\u0648\u0639\u0629 \u0645\u0646 \u0627\u0644\u0647\u062f\u0627\u064a\u0627 \u0627\u0644\u062a\u064a \u062a\u062c\u0633\u062f \u0639\u0628\u0642 \u0630\u0643\u0631\u064a\u0627\u062a\u0643\u0645 \u0641\u064a \u0627\u0644\u0645\u0634\u0627\u0639\u0631 \u0627\u0644\u0645\u0642\u062f\u0633\u0629\",\"publisher\":{\"@id\":\"https:\\\/\\\/saudi-gift.com\\\/#organization\"},\"alternateName\":\"\u0647\u062f\u064a\u0629 \u0633\u0639\u0648\u062f\u064a\u0629\",\"potentialAction\":[{\"@type\":\"SearchAction\",\"target\":{\"@type\":\"EntryPoint\",\"urlTemplate\":\"https:\\\/\\\/saudi-gift.com\\\/?s={search_term_string}\"},\"query-input\":{\"@type\":\"PropertyValueSpecification\",\"valueRequired\":true,\"valueName\":\"search_term_string\"}}],\"inLanguage\":\"tr\"},{\"@type\":\"Organization\",\"@id\":\"https:\\\/\\\/saudi-gift.com\\\/#organization\",\"name\":\"\u0645\u062a\u062c\u0631 \u0627\u0644\u0647\u062f\u064a\u0629\",\"alternateName\":\"\u0647\u062f\u064a\u0629 \u0633\u0639\u0648\u062f\u064a\u0629\",\"url\":\"https:\\\/\\\/saudi-gift.com\\\/\",\"logo\":{\"@type\":\"ImageObject\",\"inLanguage\":\"tr\",\"@id\":\"https:\\\/\\\/saudi-gift.com\\\/#\\\/schema\\\/logo\\\/image\\\/\",\"url\":\"https:\\\/\\\/saudi-gift.com\\\/wp-content\\\/uploads\\\/2025\\\/05\\\/2.png\",\"contentUrl\":\"https:\\\/\\\/saudi-gift.com\\\/wp-content\\\/uploads\\\/2025\\\/05\\\/2.png\",\"width\":163,\"height\":42,\"caption\":\"\u0645\u062a\u062c\u0631 \u0627\u0644\u0647\u062f\u064a\u0629\"},\"image\":{\"@id\":\"https:\\\/\\\/saudi-gift.com\\\/#\\\/schema\\\/logo\\\/image\\\/\"},\"sameAs\":[\"https:\\\/\\\/www.facebook.com\\\/profile.php?id=61560277649059&mibextid=LQQJ4d\",\"https:\\\/\\\/x.com\\\/saudigift_\"]}]}<\/script>\n<!-- \/ Yoast SEO Premium plugin. -->","yoast_head_json":{"title":"L\u00fcks Sicilya Hurmas\u0131 - Suudi hediyesi i\u00e7in \u015fimdi online al\u0131\u015fveri\u015f yap\u0131n","description":"Harika lezzet ve y\u00fcksek kaliteyi bir araya getiren l\u00fcks Royal Saqi Hurmalar\u0131n\u0131 deneyimleyin. Bu hurmalar orta derecede tatl\u0131d\u0131r ve her damak tad\u0131na uygundur.","robots":{"index":"index","follow":"follow","max-snippet":"max-snippet:-1","max-image-preview":"max-image-preview:large","max-video-preview":"max-video-preview:-1"},"canonical":"https:\/\/saudi-gift.com\/product\/\u062a\u0645\u0631-\u0635\u0642\u0639\u064a-\u0645\u063a\u0644\u0641-\u0628\u0627\u0644\u062d\u0628\u0629\/","og_locale":"tr_TR","og_type":"article","og_title":"Premium Sakkah Hurmas\u0131","og_description":"Harika lezzet ve y\u00fcksek kaliteyi bir araya getiren l\u00fcks Royal Saqi Hurmalar\u0131n\u0131 deneyimleyin. Bu hurmalar orta derecede tatl\u0131d\u0131r ve her damak tad\u0131na uygundur.","og_url":"https:\/\/saudi-gift.com\/product\/\u062a\u0645\u0631-\u0635\u0642\u0639\u064a-\u0645\u063a\u0644\u0641-\u0628\u0627\u0644\u062d\u0628\u0629\/","og_site_name":"\u0647\u062f\u064a\u0629 \u0633\u0639\u0648\u062f\u064a\u0629","article_publisher":"https:\/\/www.facebook.com\/profile.php?id=61560277649059&mibextid=LQQJ4d","og_image":[{"width":600,"height":600,"url":"https:\/\/saudi-gift.com\/wp-content\/uploads\/2024\/12\/e83abaa4-767b-4096-b494-4ec892c7d8a4-1000x1000-ImjSDSO7K9BSVcA3cosGYzPi8PquQEnKgbVcJkyi-1.webp","type":"image\/webp"}],"twitter_card":"summary_large_image","twitter_site":"@saudigift_","twitter_misc":{"Tahmini okuma s\u00fcresi":"1 dakika"},"schema":{"@context":"https:\/\/schema.org","@graph":[{"@type":"WebPage","@id":"https:\/\/saudi-gift.com\/product\/%d8%aa%d9%85%d8%b1-%d8%b5%d9%82%d8%b9%d9%8a-%d9%85%d8%ba%d9%84%d9%81-%d8%a8%d8%a7%d9%84%d8%ad%d8%a8%d8%a9\/","url":"https:\/\/saudi-gift.com\/product\/%d8%aa%d9%85%d8%b1-%d8%b5%d9%82%d8%b9%d9%8a-%d9%85%d8%ba%d9%84%d9%81-%d8%a8%d8%a7%d9%84%d8%ad%d8%a8%d8%a9\/","name":"L\u00fcks Sicilya Hurmas\u0131 - Suudi hediyesi i\u00e7in \u015fimdi online al\u0131\u015fveri\u015f yap\u0131n","isPartOf":{"@id":"https:\/\/saudi-gift.com\/#website"},"primaryImageOfPage":{"@id":"https:\/\/saudi-gift.com\/product\/%d8%aa%d9%85%d8%b1-%d8%b5%d9%82%d8%b9%d9%8a-%d9%85%d8%ba%d9%84%d9%81-%d8%a8%d8%a7%d9%84%d8%ad%d8%a8%d8%a9\/#primaryimage"},"image":{"@id":"https:\/\/saudi-gift.com\/product\/%d8%aa%d9%85%d8%b1-%d8%b5%d9%82%d8%b9%d9%8a-%d9%85%d8%ba%d9%84%d9%81-%d8%a8%d8%a7%d9%84%d8%ad%d8%a8%d8%a9\/#primaryimage"},"thumbnailUrl":"https:\/\/saudi-gift.com\/wp-content\/uploads\/2024\/12\/e83abaa4-767b-4096-b494-4ec892c7d8a4-1000x1000-ImjSDSO7K9BSVcA3cosGYzPi8PquQEnKgbVcJkyi-1.webp","datePublished":"2024-12-26T11:19:28+00:00","description":"Harika lezzet ve y\u00fcksek kaliteyi bir araya getiren l\u00fcks Royal Saqi Hurmalar\u0131n\u0131 deneyimleyin. Bu hurmalar orta derecede tatl\u0131d\u0131r ve her damak tad\u0131na uygundur.","breadcrumb":{"@id":"https:\/\/saudi-gift.com\/product\/%d8%aa%d9%85%d8%b1-%d8%b5%d9%82%d8%b9%d9%8a-%d9%85%d8%ba%d9%84%d9%81-%d8%a8%d8%a7%d9%84%d8%ad%d8%a8%d8%a9\/#breadcrumb"},"inLanguage":"tr","potentialAction":[{"@type":"ReadAction","target":["https:\/\/saudi-gift.com\/product\/%d8%aa%d9%85%d8%b1-%d8%b5%d9%82%d8%b9%d9%8a-%d9%85%d8%ba%d9%84%d9%81-%d8%a8%d8%a7%d9%84%d8%ad%d8%a8%d8%a9\/"]}]},{"@type":"ImageObject","inLanguage":"tr","@id":"https:\/\/saudi-gift.com\/product\/%d8%aa%d9%85%d8%b1-%d8%b5%d9%82%d8%b9%d9%8a-%d9%85%d8%ba%d9%84%d9%81-%d8%a8%d8%a7%d9%84%d8%ad%d8%a8%d8%a9\/#primaryimage","url":"https:\/\/saudi-gift.com\/wp-content\/uploads\/2024\/12\/e83abaa4-767b-4096-b494-4ec892c7d8a4-1000x1000-ImjSDSO7K9BSVcA3cosGYzPi8PquQEnKgbVcJkyi-1.webp","contentUrl":"https:\/\/saudi-gift.com\/wp-content\/uploads\/2024\/12\/e83abaa4-767b-4096-b494-4ec892c7d8a4-1000x1000-ImjSDSO7K9BSVcA3cosGYzPi8PquQEnKgbVcJkyi-1.webp","width":600,"height":600},{"@type":"BreadcrumbList","@id":"https:\/\/saudi-gift.com\/product\/%d8%aa%d9%85%d8%b1-%d8%b5%d9%82%d8%b9%d9%8a-%d9%85%d8%ba%d9%84%d9%81-%d8%a8%d8%a7%d9%84%d8%ad%d8%a8%d8%a9\/#breadcrumb","itemListElement":[{"@type":"ListItem","position":1,"name":"Home","item":"https:\/\/saudi-gift.com\/tr\/"},{"@type":"ListItem","position":2,"name":"\u015eimdi Al\u0131\u015fveri\u015f Yap\u0131n","item":"https:\/\/saudi-gift.com\/tr\/simdi-alisveris-yapin\/"},{"@type":"ListItem","position":3,"name":"Premium Sakkah Hurmas\u0131"}]},{"@type":"WebSite","@id":"https:\/\/saudi-gift.com\/#website","url":"https:\/\/saudi-gift.com\/","name":"\u0647\u062f\u064a\u0629 \u0633\u0639\u0648\u062f\u064a\u0629","description":"\u0647\u062f\u064a\u0629 \u0633\u0639\u0648\u062f\u064a\u0629 \u0645\u062a\u062c\u0631 \u0627\u0644\u0643\u062a\u0631\u0648\u0646\u064a \u064a\u0642\u062f\u0645 \u0644\u0643\u0645 \u0645\u062c\u0645\u0648\u0639\u0629 \u0645\u0646 \u0627\u0644\u0647\u062f\u0627\u064a\u0627 \u0627\u0644\u062a\u064a \u062a\u062c\u0633\u062f \u0639\u0628\u0642 \u0630\u0643\u0631\u064a\u0627\u062a\u0643\u0645 \u0641\u064a \u0627\u0644\u0645\u0634\u0627\u0639\u0631 \u0627\u0644\u0645\u0642\u062f\u0633\u0629","publisher":{"@id":"https:\/\/saudi-gift.com\/#organization"},"alternateName":"\u0647\u062f\u064a\u0629 \u0633\u0639\u0648\u062f\u064a\u0629","potentialAction":[{"@type":"SearchAction","target":{"@type":"EntryPoint","urlTemplate":"https:\/\/saudi-gift.com\/?s={search_term_string}"},"query-input":{"@type":"PropertyValueSpecification","valueRequired":true,"valueName":"search_term_string"}}],"inLanguage":"tr"},{"@type":"Organization","@id":"https:\/\/saudi-gift.com\/#organization","name":"\u0645\u062a\u062c\u0631 \u0627\u0644\u0647\u062f\u064a\u0629","alternateName":"\u0647\u062f\u064a\u0629 \u0633\u0639\u0648\u062f\u064a\u0629","url":"https:\/\/saudi-gift.com\/","logo":{"@type":"ImageObject","inLanguage":"tr","@id":"https:\/\/saudi-gift.com\/#\/schema\/logo\/image\/","url":"https:\/\/saudi-gift.com\/wp-content\/uploads\/2025\/05\/2.png","contentUrl":"https:\/\/saudi-gift.com\/wp-content\/uploads\/2025\/05\/2.png","width":163,"height":42,"caption":"\u0645\u062a\u062c\u0631 \u0627\u0644\u0647\u062f\u064a\u0629"},"image":{"@id":"https:\/\/saudi-gift.com\/#\/schema\/logo\/image\/"},"sameAs":["https:\/\/www.facebook.com\/profile.php?id=61560277649059&mibextid=LQQJ4d","https:\/\/x.com\/saudigift_"]}]}},"jetpack-related-posts":[],"_links":{"self":[{"href":"https:\/\/saudi-gift.com\/tr\/wp-json\/wp\/v2\/product\/38587","targetHints":{"allow":["GET"]}}],"collection":[{"href":"https:\/\/saudi-gift.com\/tr\/wp-json\/wp\/v2\/product"}],"about":[{"href":"https:\/\/saudi-gift.com\/tr\/wp-json\/wp\/v2\/types\/product"}],"replies":[{"embeddable":true,"href":"https:\/\/saudi-gift.com\/tr\/wp-json\/wp\/v2\/comments?post=38587"}],"version-history":[{"count":0,"href":"https:\/\/saudi-gift.com\/tr\/wp-json\/wp\/v2\/product\/38587\/revisions"}],"wp:featuredmedia":[{"embeddable":true,"href":"https:\/\/saudi-gift.com\/tr\/wp-json\/wp\/v2\/media\/31360"}],"wp:attachment":[{"href":"https:\/\/saudi-gift.com\/tr\/wp-json\/wp\/v2\/media?parent=38587"}],"wp:term":[{"taxonomy":"product_brand","embeddable":true,"href":"https:\/\/saudi-gift.com\/tr\/wp-json\/wp\/v2\/product_brand?post=38587"},{"taxonomy":"product_cat","embeddable":true,"href":"https:\/\/saudi-gift.com\/tr\/wp-json\/wp\/v2\/product_cat?post=38587"},{"taxonomy":"product_tag","embeddable":true,"href":"https:\/\/saudi-gift.com\/tr\/wp-json\/wp\/v2\/product_tag?post=38587"}],"curies":[{"name":"wp","href":"https:\/\/api.w.org\/{rel}","templated":true}]}}