{"id":38664,"date":"2024-12-26T13:34:36","date_gmt":"2024-12-26T10:34:36","guid":{"rendered":"https:\/\/saudi-gift.com\/product\/suslu-majdalah-tarihleri\/"},"modified":"2024-12-26T13:34:36","modified_gmt":"2024-12-26T10:34:36","slug":"suslu-majdalah-tarihleri","status":"publish","type":"product","link":"https:\/\/saudi-gift.com\/tr\/urun\/suslu-majdalah-tarihleri\/","title":{"rendered":"S\u00fcsl\u00fc Majdalah Tarihleri"},"content":{"rendered":"<h2 class=\"ql-direction-rtl\">S\u00fcsl\u00fc Majdalah Tarihleri<\/h2>\n<h2 class=\"ql-direction-rtl\">Hurma Ba\u011f\u0131\u015f\u0131kl\u0131\u011f\u0131 Art\u0131r\u0131r<\/h2>\n<ul>\n<li class=\"ql-direction-rtl ql-align-justify\">Ba\u011f\u0131\u015f\u0131kl\u0131k sistemini uyaran elementler a\u00e7\u0131s\u0131ndan zengin<\/li>\n<li class=\"ql-direction-rtl ql-align-justify\">\u00c7ocuklar i\u00e7in harika, sa\u011fl\u0131kl\u0131 bir \u015feker ikamesi<\/li>\n<li class=\"ql-direction-rtl ql-align-justify\">Sindirimi iyile\u015ftirir<\/li>\n<li class=\"ql-direction-rtl\">Yeni do\u011fmu\u015f bebekleri olan hamile kad\u0131nlar i\u00e7in \u00f6nerilir<\/li>\n<\/ul>\n<p class=\"ql-direction-rtl\">Kalite: Hatas\u0131z olduklar\u0131ndan emin olmak i\u00e7in tarihler \u00f6zenle se\u00e7ilir <\/p>\n<p class=\"ql-direction-rtl\">Nas\u0131l saklanmal\u0131: Kalitenin devaml\u0131l\u0131\u011f\u0131n\u0131 sa\u011flamak i\u00e7in 18\u00b0C ile 25\u00b0C aras\u0131nda dondurulmu\u015f olarak saklay\u0131n <\/p>\n<p class=\"ql-direction-rtl\">Majdoul Asala Al Nakheel Tarihlerinden Royal Majdoul Tarihlerini Al\u0131n<\/p>\n","protected":false},"excerpt":{"rendered":"<p>Majdoul, Krall\u0131k&#8217;ta yeni bir hurma \u00e7e\u015fididir, \u00e7\u00fcnk\u00fc Majdoul d\u00fcnyan\u0131n di\u011fer b\u00f6lgelerinde biliniyordu ve daha sonra Krall\u0131k&#8217;taki hurma \u00e7ift\u00e7ileri taraf\u0131ndan yeti\u015ftirildi ve yeti\u015ftiricili\u011finin ba\u015far\u0131s\u0131 nedeniyle Krall\u0131k&#8217;\u0131n hurma pazarlar\u0131ndaki ana \u00e7e\u015fitlerden biri haline geldi.  <\/p>\n<p>&nbsp;<\/p>\n<p>&nbsp;<\/p>\n<p><strong><span style=\"font-size: 17px;\">Hapla kaplanm\u0131\u015f m\u0131?<\/span><\/strong><\/p>\n","protected":false},"featured_media":31328,"comment_status":"open","ping_status":"closed","template":"","meta":[],"product_brand":[],"product_cat":[3178],"product_tag":[1651,1652,615],"class_list":{"0":"post-38664","1":"product","2":"type-product","3":"status-publish","4":"has-post-thumbnail","6":"product_cat-ikram-urunleri","7":"product_tag--tr","8":"product_tag-_-tr","11":"first","12":"instock","13":"sale","14":"sold-individually","15":"shipping-taxable","16":"purchasable","17":"product-type-variable"},"yoast_head":"<!-- This site is optimized with the Yoast SEO Premium plugin v27.2 (Yoast SEO v27.6) - https:\/\/yoast.com\/product\/yoast-seo-premium-wordpress\/ -->\n<title>L\u00fcks Mecdoul Hurmas\u0131 - Suudi Hediyesi i\u00e7in \u015eimdi Online Al\u0131\u015fveri\u015f Yap\u0131n<\/title>\n<meta name=\"description\" content=\"Majdoul kraliyet hurmas\u0131, Krall\u0131\u011f\u0131n hurma \u00e7e\u015fitleri i\u00e7in yeni bir \u00e7e\u015fittir, \u00e7\u00fcnk\u00fc Majdoul d\u00fcnyan\u0131n di\u011fer b\u00f6lgelerinde biliniyordu ve daha sonra Krall\u0131\u011f\u0131n hurma yeti\u015ftiricileri taraf\u0131ndan yeti\u015ftirildi.\" \/>\n<meta name=\"robots\" content=\"index, follow, max-snippet:-1, max-image-preview:large, max-video-preview:-1\" \/>\n<link rel=\"canonical\" href=\"https:\/\/saudi-gift.com\/product\/\u062a\u0645\u0631-\u0645\u062c\u062f\u0648\u0644-\u0641\u0627\u062e\u0631\/\" \/>\n<meta property=\"og:locale\" content=\"tr_TR\" \/>\n<meta property=\"og:type\" content=\"article\" \/>\n<meta property=\"og:title\" content=\"S\u00fcsl\u00fc Majdalah Tarihleri\" \/>\n<meta property=\"og:description\" content=\"Majdoul kraliyet hurmas\u0131, Krall\u0131\u011f\u0131n hurma \u00e7e\u015fitleri i\u00e7in yeni bir \u00e7e\u015fittir, \u00e7\u00fcnk\u00fc Majdoul d\u00fcnyan\u0131n di\u011fer b\u00f6lgelerinde biliniyordu ve daha sonra Krall\u0131\u011f\u0131n hurma yeti\u015ftiricileri taraf\u0131ndan yeti\u015ftirildi.\" \/>\n<meta property=\"og:url\" content=\"https:\/\/saudi-gift.com\/product\/\u062a\u0645\u0631-\u0645\u062c\u062f\u0648\u0644-\u0641\u0627\u062e\u0631\/\" \/>\n<meta property=\"og:site_name\" content=\"\u0647\u062f\u064a\u0629 \u0633\u0639\u0648\u062f\u064a\u0629\" \/>\n<meta property=\"article:publisher\" content=\"https:\/\/www.facebook.com\/profile.php?id=61560277649059&amp;mibextid=LQQJ4d\" \/>\n<meta property=\"og:image\" content=\"https:\/\/saudi-gift.com\/wp-content\/uploads\/2024\/12\/82aef09a-1df0-4ade-9612-0d84139d5979-1000x1000-bOQsaWli0RgtQAr5g5xkAkkRwgkNGENvtNNxD0AA-1.webp\" \/>\n\t<meta property=\"og:image:width\" content=\"600\" \/>\n\t<meta property=\"og:image:height\" content=\"600\" \/>\n\t<meta property=\"og:image:type\" content=\"image\/webp\" \/>\n<meta name=\"twitter:card\" content=\"summary_large_image\" \/>\n<meta name=\"twitter:site\" content=\"@saudigift_\" \/>\n<script type=\"application\/ld+json\" class=\"yoast-schema-graph\">{\"@context\":\"https:\\\/\\\/schema.org\",\"@graph\":[{\"@type\":\"WebPage\",\"@id\":\"https:\\\/\\\/saudi-gift.com\\\/product\\\/%d8%aa%d9%85%d8%b1-%d9%85%d8%ac%d8%af%d9%88%d9%84-%d9%81%d8%a7%d8%ae%d8%b1\\\/\",\"url\":\"https:\\\/\\\/saudi-gift.com\\\/product\\\/%d8%aa%d9%85%d8%b1-%d9%85%d8%ac%d8%af%d9%88%d9%84-%d9%81%d8%a7%d8%ae%d8%b1\\\/\",\"name\":\"L\u00fcks Mecdoul Hurmas\u0131 - Suudi Hediyesi i\u00e7in \u015eimdi Online Al\u0131\u015fveri\u015f Yap\u0131n\",\"isPartOf\":{\"@id\":\"https:\\\/\\\/saudi-gift.com\\\/#website\"},\"primaryImageOfPage\":{\"@id\":\"https:\\\/\\\/saudi-gift.com\\\/product\\\/%d8%aa%d9%85%d8%b1-%d9%85%d8%ac%d8%af%d9%88%d9%84-%d9%81%d8%a7%d8%ae%d8%b1\\\/#primaryimage\"},\"image\":{\"@id\":\"https:\\\/\\\/saudi-gift.com\\\/product\\\/%d8%aa%d9%85%d8%b1-%d9%85%d8%ac%d8%af%d9%88%d9%84-%d9%81%d8%a7%d8%ae%d8%b1\\\/#primaryimage\"},\"thumbnailUrl\":\"https:\\\/\\\/saudi-gift.com\\\/wp-content\\\/uploads\\\/2024\\\/12\\\/82aef09a-1df0-4ade-9612-0d84139d5979-1000x1000-bOQsaWli0RgtQAr5g5xkAkkRwgkNGENvtNNxD0AA-1.webp\",\"datePublished\":\"2024-12-26T10:34:36+00:00\",\"description\":\"Majdoul kraliyet hurmas\u0131, Krall\u0131\u011f\u0131n hurma \u00e7e\u015fitleri i\u00e7in yeni bir \u00e7e\u015fittir, \u00e7\u00fcnk\u00fc Majdoul d\u00fcnyan\u0131n di\u011fer b\u00f6lgelerinde biliniyordu ve daha sonra Krall\u0131\u011f\u0131n hurma yeti\u015ftiricileri taraf\u0131ndan yeti\u015ftirildi.\",\"breadcrumb\":{\"@id\":\"https:\\\/\\\/saudi-gift.com\\\/product\\\/%d8%aa%d9%85%d8%b1-%d9%85%d8%ac%d8%af%d9%88%d9%84-%d9%81%d8%a7%d8%ae%d8%b1\\\/#breadcrumb\"},\"inLanguage\":\"tr\",\"potentialAction\":[{\"@type\":\"ReadAction\",\"target\":[\"https:\\\/\\\/saudi-gift.com\\\/product\\\/%d8%aa%d9%85%d8%b1-%d9%85%d8%ac%d8%af%d9%88%d9%84-%d9%81%d8%a7%d8%ae%d8%b1\\\/\"]}]},{\"@type\":\"ImageObject\",\"inLanguage\":\"tr\",\"@id\":\"https:\\\/\\\/saudi-gift.com\\\/product\\\/%d8%aa%d9%85%d8%b1-%d9%85%d8%ac%d8%af%d9%88%d9%84-%d9%81%d8%a7%d8%ae%d8%b1\\\/#primaryimage\",\"url\":\"https:\\\/\\\/saudi-gift.com\\\/wp-content\\\/uploads\\\/2024\\\/12\\\/82aef09a-1df0-4ade-9612-0d84139d5979-1000x1000-bOQsaWli0RgtQAr5g5xkAkkRwgkNGENvtNNxD0AA-1.webp\",\"contentUrl\":\"https:\\\/\\\/saudi-gift.com\\\/wp-content\\\/uploads\\\/2024\\\/12\\\/82aef09a-1df0-4ade-9612-0d84139d5979-1000x1000-bOQsaWli0RgtQAr5g5xkAkkRwgkNGENvtNNxD0AA-1.webp\",\"width\":600,\"height\":600},{\"@type\":\"BreadcrumbList\",\"@id\":\"https:\\\/\\\/saudi-gift.com\\\/product\\\/%d8%aa%d9%85%d8%b1-%d9%85%d8%ac%d8%af%d9%88%d9%84-%d9%81%d8%a7%d8%ae%d8%b1\\\/#breadcrumb\",\"itemListElement\":[{\"@type\":\"ListItem\",\"position\":1,\"name\":\"Home\",\"item\":\"https:\\\/\\\/saudi-gift.com\\\/tr\\\/\"},{\"@type\":\"ListItem\",\"position\":2,\"name\":\"\u015eimdi Al\u0131\u015fveri\u015f Yap\u0131n\",\"item\":\"https:\\\/\\\/saudi-gift.com\\\/tr\\\/simdi-alisveris-yapin\\\/\"},{\"@type\":\"ListItem\",\"position\":3,\"name\":\"S\u00fcsl\u00fc Majdalah Tarihleri\"}]},{\"@type\":\"WebSite\",\"@id\":\"https:\\\/\\\/saudi-gift.com\\\/#website\",\"url\":\"https:\\\/\\\/saudi-gift.com\\\/\",\"name\":\"\u0647\u062f\u064a\u0629 \u0633\u0639\u0648\u062f\u064a\u0629\",\"description\":\"\u0647\u062f\u064a\u0629 \u0633\u0639\u0648\u062f\u064a\u0629 \u0645\u062a\u062c\u0631 \u0627\u0644\u0643\u062a\u0631\u0648\u0646\u064a \u064a\u0642\u062f\u0645 \u0644\u0643\u0645 \u0645\u062c\u0645\u0648\u0639\u0629 \u0645\u0646 \u0627\u0644\u0647\u062f\u0627\u064a\u0627 \u0627\u0644\u062a\u064a \u062a\u062c\u0633\u062f \u0639\u0628\u0642 \u0630\u0643\u0631\u064a\u0627\u062a\u0643\u0645 \u0641\u064a \u0627\u0644\u0645\u0634\u0627\u0639\u0631 \u0627\u0644\u0645\u0642\u062f\u0633\u0629\",\"publisher\":{\"@id\":\"https:\\\/\\\/saudi-gift.com\\\/#organization\"},\"alternateName\":\"\u0647\u062f\u064a\u0629 \u0633\u0639\u0648\u062f\u064a\u0629\",\"potentialAction\":[{\"@type\":\"SearchAction\",\"target\":{\"@type\":\"EntryPoint\",\"urlTemplate\":\"https:\\\/\\\/saudi-gift.com\\\/?s={search_term_string}\"},\"query-input\":{\"@type\":\"PropertyValueSpecification\",\"valueRequired\":true,\"valueName\":\"search_term_string\"}}],\"inLanguage\":\"tr\"},{\"@type\":\"Organization\",\"@id\":\"https:\\\/\\\/saudi-gift.com\\\/#organization\",\"name\":\"\u0645\u062a\u062c\u0631 \u0627\u0644\u0647\u062f\u064a\u0629\",\"alternateName\":\"\u0647\u062f\u064a\u0629 \u0633\u0639\u0648\u062f\u064a\u0629\",\"url\":\"https:\\\/\\\/saudi-gift.com\\\/\",\"logo\":{\"@type\":\"ImageObject\",\"inLanguage\":\"tr\",\"@id\":\"https:\\\/\\\/saudi-gift.com\\\/#\\\/schema\\\/logo\\\/image\\\/\",\"url\":\"https:\\\/\\\/saudi-gift.com\\\/wp-content\\\/uploads\\\/2025\\\/05\\\/2.png\",\"contentUrl\":\"https:\\\/\\\/saudi-gift.com\\\/wp-content\\\/uploads\\\/2025\\\/05\\\/2.png\",\"width\":163,\"height\":42,\"caption\":\"\u0645\u062a\u062c\u0631 \u0627\u0644\u0647\u062f\u064a\u0629\"},\"image\":{\"@id\":\"https:\\\/\\\/saudi-gift.com\\\/#\\\/schema\\\/logo\\\/image\\\/\"},\"sameAs\":[\"https:\\\/\\\/www.facebook.com\\\/profile.php?id=61560277649059&mibextid=LQQJ4d\",\"https:\\\/\\\/x.com\\\/saudigift_\"]}]}<\/script>\n<!-- \/ Yoast SEO Premium plugin. -->","yoast_head_json":{"title":"L\u00fcks Mecdoul Hurmas\u0131 - Suudi Hediyesi i\u00e7in \u015eimdi Online Al\u0131\u015fveri\u015f Yap\u0131n","description":"Majdoul kraliyet hurmas\u0131, Krall\u0131\u011f\u0131n hurma \u00e7e\u015fitleri i\u00e7in yeni bir \u00e7e\u015fittir, \u00e7\u00fcnk\u00fc Majdoul d\u00fcnyan\u0131n di\u011fer b\u00f6lgelerinde biliniyordu ve daha sonra Krall\u0131\u011f\u0131n hurma yeti\u015ftiricileri taraf\u0131ndan yeti\u015ftirildi.","robots":{"index":"index","follow":"follow","max-snippet":"max-snippet:-1","max-image-preview":"max-image-preview:large","max-video-preview":"max-video-preview:-1"},"canonical":"https:\/\/saudi-gift.com\/product\/\u062a\u0645\u0631-\u0645\u062c\u062f\u0648\u0644-\u0641\u0627\u062e\u0631\/","og_locale":"tr_TR","og_type":"article","og_title":"S\u00fcsl\u00fc Majdalah Tarihleri","og_description":"Majdoul kraliyet hurmas\u0131, Krall\u0131\u011f\u0131n hurma \u00e7e\u015fitleri i\u00e7in yeni bir \u00e7e\u015fittir, \u00e7\u00fcnk\u00fc Majdoul d\u00fcnyan\u0131n di\u011fer b\u00f6lgelerinde biliniyordu ve daha sonra Krall\u0131\u011f\u0131n hurma yeti\u015ftiricileri taraf\u0131ndan yeti\u015ftirildi.","og_url":"https:\/\/saudi-gift.com\/product\/\u062a\u0645\u0631-\u0645\u062c\u062f\u0648\u0644-\u0641\u0627\u062e\u0631\/","og_site_name":"\u0647\u062f\u064a\u0629 \u0633\u0639\u0648\u062f\u064a\u0629","article_publisher":"https:\/\/www.facebook.com\/profile.php?id=61560277649059&mibextid=LQQJ4d","og_image":[{"width":600,"height":600,"url":"https:\/\/saudi-gift.com\/wp-content\/uploads\/2024\/12\/82aef09a-1df0-4ade-9612-0d84139d5979-1000x1000-bOQsaWli0RgtQAr5g5xkAkkRwgkNGENvtNNxD0AA-1.webp","type":"image\/webp"}],"twitter_card":"summary_large_image","twitter_site":"@saudigift_","schema":{"@context":"https:\/\/schema.org","@graph":[{"@type":"WebPage","@id":"https:\/\/saudi-gift.com\/product\/%d8%aa%d9%85%d8%b1-%d9%85%d8%ac%d8%af%d9%88%d9%84-%d9%81%d8%a7%d8%ae%d8%b1\/","url":"https:\/\/saudi-gift.com\/product\/%d8%aa%d9%85%d8%b1-%d9%85%d8%ac%d8%af%d9%88%d9%84-%d9%81%d8%a7%d8%ae%d8%b1\/","name":"L\u00fcks Mecdoul Hurmas\u0131 - Suudi Hediyesi i\u00e7in \u015eimdi Online Al\u0131\u015fveri\u015f Yap\u0131n","isPartOf":{"@id":"https:\/\/saudi-gift.com\/#website"},"primaryImageOfPage":{"@id":"https:\/\/saudi-gift.com\/product\/%d8%aa%d9%85%d8%b1-%d9%85%d8%ac%d8%af%d9%88%d9%84-%d9%81%d8%a7%d8%ae%d8%b1\/#primaryimage"},"image":{"@id":"https:\/\/saudi-gift.com\/product\/%d8%aa%d9%85%d8%b1-%d9%85%d8%ac%d8%af%d9%88%d9%84-%d9%81%d8%a7%d8%ae%d8%b1\/#primaryimage"},"thumbnailUrl":"https:\/\/saudi-gift.com\/wp-content\/uploads\/2024\/12\/82aef09a-1df0-4ade-9612-0d84139d5979-1000x1000-bOQsaWli0RgtQAr5g5xkAkkRwgkNGENvtNNxD0AA-1.webp","datePublished":"2024-12-26T10:34:36+00:00","description":"Majdoul kraliyet hurmas\u0131, Krall\u0131\u011f\u0131n hurma \u00e7e\u015fitleri i\u00e7in yeni bir \u00e7e\u015fittir, \u00e7\u00fcnk\u00fc Majdoul d\u00fcnyan\u0131n di\u011fer b\u00f6lgelerinde biliniyordu ve daha sonra Krall\u0131\u011f\u0131n hurma yeti\u015ftiricileri taraf\u0131ndan yeti\u015ftirildi.","breadcrumb":{"@id":"https:\/\/saudi-gift.com\/product\/%d8%aa%d9%85%d8%b1-%d9%85%d8%ac%d8%af%d9%88%d9%84-%d9%81%d8%a7%d8%ae%d8%b1\/#breadcrumb"},"inLanguage":"tr","potentialAction":[{"@type":"ReadAction","target":["https:\/\/saudi-gift.com\/product\/%d8%aa%d9%85%d8%b1-%d9%85%d8%ac%d8%af%d9%88%d9%84-%d9%81%d8%a7%d8%ae%d8%b1\/"]}]},{"@type":"ImageObject","inLanguage":"tr","@id":"https:\/\/saudi-gift.com\/product\/%d8%aa%d9%85%d8%b1-%d9%85%d8%ac%d8%af%d9%88%d9%84-%d9%81%d8%a7%d8%ae%d8%b1\/#primaryimage","url":"https:\/\/saudi-gift.com\/wp-content\/uploads\/2024\/12\/82aef09a-1df0-4ade-9612-0d84139d5979-1000x1000-bOQsaWli0RgtQAr5g5xkAkkRwgkNGENvtNNxD0AA-1.webp","contentUrl":"https:\/\/saudi-gift.com\/wp-content\/uploads\/2024\/12\/82aef09a-1df0-4ade-9612-0d84139d5979-1000x1000-bOQsaWli0RgtQAr5g5xkAkkRwgkNGENvtNNxD0AA-1.webp","width":600,"height":600},{"@type":"BreadcrumbList","@id":"https:\/\/saudi-gift.com\/product\/%d8%aa%d9%85%d8%b1-%d9%85%d8%ac%d8%af%d9%88%d9%84-%d9%81%d8%a7%d8%ae%d8%b1\/#breadcrumb","itemListElement":[{"@type":"ListItem","position":1,"name":"Home","item":"https:\/\/saudi-gift.com\/tr\/"},{"@type":"ListItem","position":2,"name":"\u015eimdi Al\u0131\u015fveri\u015f Yap\u0131n","item":"https:\/\/saudi-gift.com\/tr\/simdi-alisveris-yapin\/"},{"@type":"ListItem","position":3,"name":"S\u00fcsl\u00fc Majdalah Tarihleri"}]},{"@type":"WebSite","@id":"https:\/\/saudi-gift.com\/#website","url":"https:\/\/saudi-gift.com\/","name":"\u0647\u062f\u064a\u0629 \u0633\u0639\u0648\u062f\u064a\u0629","description":"\u0647\u062f\u064a\u0629 \u0633\u0639\u0648\u062f\u064a\u0629 \u0645\u062a\u062c\u0631 \u0627\u0644\u0643\u062a\u0631\u0648\u0646\u064a \u064a\u0642\u062f\u0645 \u0644\u0643\u0645 \u0645\u062c\u0645\u0648\u0639\u0629 \u0645\u0646 \u0627\u0644\u0647\u062f\u0627\u064a\u0627 \u0627\u0644\u062a\u064a \u062a\u062c\u0633\u062f \u0639\u0628\u0642 \u0630\u0643\u0631\u064a\u0627\u062a\u0643\u0645 \u0641\u064a \u0627\u0644\u0645\u0634\u0627\u0639\u0631 \u0627\u0644\u0645\u0642\u062f\u0633\u0629","publisher":{"@id":"https:\/\/saudi-gift.com\/#organization"},"alternateName":"\u0647\u062f\u064a\u0629 \u0633\u0639\u0648\u062f\u064a\u0629","potentialAction":[{"@type":"SearchAction","target":{"@type":"EntryPoint","urlTemplate":"https:\/\/saudi-gift.com\/?s={search_term_string}"},"query-input":{"@type":"PropertyValueSpecification","valueRequired":true,"valueName":"search_term_string"}}],"inLanguage":"tr"},{"@type":"Organization","@id":"https:\/\/saudi-gift.com\/#organization","name":"\u0645\u062a\u062c\u0631 \u0627\u0644\u0647\u062f\u064a\u0629","alternateName":"\u0647\u062f\u064a\u0629 \u0633\u0639\u0648\u062f\u064a\u0629","url":"https:\/\/saudi-gift.com\/","logo":{"@type":"ImageObject","inLanguage":"tr","@id":"https:\/\/saudi-gift.com\/#\/schema\/logo\/image\/","url":"https:\/\/saudi-gift.com\/wp-content\/uploads\/2025\/05\/2.png","contentUrl":"https:\/\/saudi-gift.com\/wp-content\/uploads\/2025\/05\/2.png","width":163,"height":42,"caption":"\u0645\u062a\u062c\u0631 \u0627\u0644\u0647\u062f\u064a\u0629"},"image":{"@id":"https:\/\/saudi-gift.com\/#\/schema\/logo\/image\/"},"sameAs":["https:\/\/www.facebook.com\/profile.php?id=61560277649059&mibextid=LQQJ4d","https:\/\/x.com\/saudigift_"]}]}},"jetpack-related-posts":[],"_links":{"self":[{"href":"https:\/\/saudi-gift.com\/tr\/wp-json\/wp\/v2\/product\/38664","targetHints":{"allow":["GET"]}}],"collection":[{"href":"https:\/\/saudi-gift.com\/tr\/wp-json\/wp\/v2\/product"}],"about":[{"href":"https:\/\/saudi-gift.com\/tr\/wp-json\/wp\/v2\/types\/product"}],"replies":[{"embeddable":true,"href":"https:\/\/saudi-gift.com\/tr\/wp-json\/wp\/v2\/comments?post=38664"}],"version-history":[{"count":0,"href":"https:\/\/saudi-gift.com\/tr\/wp-json\/wp\/v2\/product\/38664\/revisions"}],"wp:featuredmedia":[{"embeddable":true,"href":"https:\/\/saudi-gift.com\/tr\/wp-json\/wp\/v2\/media\/31328"}],"wp:attachment":[{"href":"https:\/\/saudi-gift.com\/tr\/wp-json\/wp\/v2\/media?parent=38664"}],"wp:term":[{"taxonomy":"product_brand","embeddable":true,"href":"https:\/\/saudi-gift.com\/tr\/wp-json\/wp\/v2\/product_brand?post=38664"},{"taxonomy":"product_cat","embeddable":true,"href":"https:\/\/saudi-gift.com\/tr\/wp-json\/wp\/v2\/product_cat?post=38664"},{"taxonomy":"product_tag","embeddable":true,"href":"https:\/\/saudi-gift.com\/tr\/wp-json\/wp\/v2\/product_tag?post=38664"}],"curies":[{"name":"wp","href":"https:\/\/api.w.org\/{rel}","templated":true}]}}