{"id":38759,"date":"2024-12-25T19:48:22","date_gmt":"2024-12-25T16:48:22","guid":{"rendered":"https:\/\/saudi-gift.com\/product\/medine-ajwa-tarihleri\/"},"modified":"2024-12-25T19:48:22","modified_gmt":"2024-12-25T16:48:22","slug":"medine-ajwa-tarihleri","status":"publish","type":"product","link":"https:\/\/saudi-gift.com\/tr\/urun\/medine-ajwa-tarihleri\/","title":{"rendered":"Medine Ajwa Tarihleri"},"content":{"rendered":"<p>Medine Ajwa Tarihleri<\/p>\n<p><strong>Medina \u00c7iftli\u011fi&#8217;nden:<\/strong><\/p>\n<ul>\n<li class=\"ql-indent-1\">Aslen hurmalar\u0131n\u0131n kalitesiyle \u00fcnl\u00fc Medine \u00e7iftliklerinden temin edilmi\u015ftir.<\/li>\n<\/ul>\n<p><strong>E\u015fsiz renk ve tat:<\/strong><\/p>\n<ul>\n<li class=\"ql-indent-1\">Parlak siyah rengi, yumu\u015fak posas\u0131 ve e\u015fsiz tad\u0131 ile karakterize edilir.  <\/li>\n<\/ul>\n<p><strong>En \u00e7ok arananlar:<\/strong><\/p>\n<ul>\n<li class=\"ql-indent-1\">D\u00fcnya \u00e7ap\u0131nda en \u00e7ok aranan hurmalardan biridir.<\/li>\n<\/ul>\n<p><strong>M\u00fckemmel kalite:<\/strong><\/p>\n<ul>\n<li class=\"ql-indent-1\">En y\u00fcksek kalite ve hijyen standartlar\u0131n\u0131 sa\u011flamak i\u00e7in titizlikle sterilize ettik ve temizledik.<\/li>\n<\/ul>\n<p><strong>Y\u00fcksek besin de\u011feri:<\/strong><\/p>\n<ul>\n<li class=\"ql-indent-1\">Lif ve temel vitamin ve mineraller a\u00e7\u0131s\u0131ndan zengindir. Her 100 g porsiyon 282 kalori i\u00e7erir, bu da onu sa\u011fl\u0131kl\u0131 ve besleyici bir se\u00e7im haline getirir.  <\/li>\n<\/ul>\n<p><strong>L\u00fcks boyut:<\/strong><\/p>\n<ul>\n<li class=\"ql-indent-1\">Hurmalar\u0131n l\u00fcks boyutu, onlar\u0131 \u00f6zel g\u00fcnler i\u00e7in veya harika bir hediye olarak m\u00fckemmel k\u0131lar.<\/li>\n<\/ul>\n<p><strong>Ola\u011fan\u00fcst\u00fc sa\u011fl\u0131k avantajlar\u0131:<\/strong><\/p>\n<ul>\n<li class=\"ql-indent-1\">Hadise g\u00f6re: &#8220;Her kim sabahleyin yedi sulu hurma yerse, o g\u00fcn ona ne zehir ne de sihir zarar verir.&#8221; &#8211; Saad bin Ebi Vakkas taraf\u0131ndan Peygamber (sav)&#8217;den rivayet edilmi\u015ftir.    <\/li>\n<\/ul>\n<p><strong>\u00c7oklu kullan\u0131m:<\/strong><\/p>\n<ul>\n<li class=\"ql-indent-1\">At\u0131\u015ft\u0131rmal\u0131k olarak yenebilir veya geleneksel tatl\u0131larda ve yemeklerde kullan\u0131labilir.<\/li>\n<\/ul>\n<p><strong>Memnuniyet garantisi:<\/strong><\/p>\n<ul>\n<li class=\"ql-indent-1\">Memnun kalmad\u0131\u011f\u0131n\u0131z takdirde iade etme se\u00e7ene\u011fi ile \u00fcr\u00fcn\u00fcn kalitesini garanti ediyoruz.<\/li>\n<\/ul>\n<p><strong>\u015eimdi sipari\u015f verin ve Medine Ajwa Hurmas\u0131 deneyiminin tad\u0131n\u0131 \u00e7\u0131kar\u0131n<\/strong><\/p>\n","protected":false},"excerpt":{"rendered":"<p>Medine Hurmas\u0131, Medine \u00e7iftliklerinden size en iyi kalite ve lezzetle geliyor. Sa\u011fl\u0131k a\u00e7\u0131s\u0131ndan ola\u011fan\u00fcst\u00fc faydalar\u0131 ve \u00e7ok y\u00f6nl\u00fc kullan\u0131mlar\u0131 ile Medine Acve hurmalar\u0131n\u0131n sadece sa\u011fl\u0131kl\u0131 bir se\u00e7im de\u011fil, ayn\u0131 zamanda sevdikleriniz i\u00e7in harika bir hediye oldu\u011funu g\u00f6receksiniz.  <\/p>\n<p>&nbsp;<\/p>\n<p><span style=\"font-size: 17px;\"><strong>Hapla sar\u0131lm\u0131\u015f m\u0131?<\/strong><\/span><\/p>\n","protected":false},"featured_media":31264,"comment_status":"open","ping_status":"closed","template":"","meta":[],"product_brand":[],"product_cat":[3178,3302,360],"product_tag":[1659,716,782],"class_list":{"0":"post-38759","1":"product","2":"type-product","3":"status-publish","4":"has-post-thumbnail","6":"product_cat-ikram-urunleri","7":"product_cat-medine-tarihleri","8":"product_cat-ramazan-urunleri","9":"product_tag-_-tr","10":"product_tag--tr","13":"first","14":"instock","15":"sale","16":"sold-individually","17":"shipping-taxable","18":"purchasable","19":"product-type-variable"},"yoast_head":"<!-- This site is optimized with the Yoast SEO Premium plugin v27.2 (Yoast SEO v27.6) - https:\/\/yoast.com\/product\/yoast-seo-premium-wordpress\/ -->\n<title>Medine Ajwa Hurmas\u0131 - Saudi Gift Now&#039;dan en ucuz fiyatlarla online al\u0131\u015fveri\u015f yap\u0131n<\/title>\n<meta name=\"description\" content=\"Sa\u011fl\u0131\u011fa olan ola\u011fan\u00fcst\u00fc faydalar\u0131 ve \u00e7ok y\u00f6nl\u00fcl\u00fc\u011f\u00fc sayesinde Medina Ajwa Hurmas\u0131 sadece sa\u011fl\u0131kl\u0131 bir se\u00e7im de\u011fil, ayn\u0131 zamanda sevdikleriniz i\u00e7in harika bir hediyedir.\" \/>\n<meta name=\"robots\" content=\"index, follow, max-snippet:-1, max-image-preview:large, max-video-preview:-1\" \/>\n<link rel=\"canonical\" href=\"https:\/\/saudi-gift.com\/tr\/product\/medine-ajwa-tarihleri\/\" \/>\n<meta property=\"og:locale\" content=\"tr_TR\" \/>\n<meta property=\"og:type\" content=\"article\" \/>\n<meta property=\"og:title\" content=\"Medine Ajwa Tarihleri\" \/>\n<meta property=\"og:description\" content=\"Sa\u011fl\u0131\u011fa olan ola\u011fan\u00fcst\u00fc faydalar\u0131 ve \u00e7ok y\u00f6nl\u00fcl\u00fc\u011f\u00fc sayesinde Medina Ajwa Hurmas\u0131 sadece sa\u011fl\u0131kl\u0131 bir se\u00e7im de\u011fil, ayn\u0131 zamanda sevdikleriniz i\u00e7in harika bir hediyedir.\" \/>\n<meta property=\"og:url\" content=\"https:\/\/saudi-gift.com\/tr\/product\/medine-ajwa-tarihleri\/\" \/>\n<meta property=\"og:site_name\" content=\"\u0647\u062f\u064a\u0629 \u0633\u0639\u0648\u062f\u064a\u0629\" \/>\n<meta property=\"article:publisher\" content=\"https:\/\/www.facebook.com\/profile.php?id=61560277649059&amp;mibextid=LQQJ4d\" \/>\n<meta property=\"og:image\" content=\"https:\/\/saudi-gift.com\/wp-content\/uploads\/2024\/12\/372a9c26-bd0e-4235-a34d-6b7e14b6d82c-1000x1000-6g347WSpmhNAxfkZ76Vfe6wrHoNqMwRInv5z0AeH.webp\" \/>\n\t<meta property=\"og:image:width\" content=\"600\" \/>\n\t<meta property=\"og:image:height\" content=\"600\" \/>\n\t<meta property=\"og:image:type\" content=\"image\/webp\" \/>\n<meta name=\"twitter:card\" content=\"summary_large_image\" \/>\n<meta name=\"twitter:site\" content=\"@saudigift_\" \/>\n<meta name=\"twitter:label1\" content=\"Tahmini okuma s\u00fcresi\" \/>\n\t<meta name=\"twitter:data1\" content=\"1 dakika\" \/>\n<script type=\"application\/ld+json\" class=\"yoast-schema-graph\">{\"@context\":\"https:\\\/\\\/schema.org\",\"@graph\":[{\"@type\":\"WebPage\",\"@id\":\"https:\\\/\\\/saudi-gift.com\\\/tr\\\/product\\\/medine-ajwa-tarihleri\\\/\",\"url\":\"https:\\\/\\\/saudi-gift.com\\\/tr\\\/product\\\/medine-ajwa-tarihleri\\\/\",\"name\":\"Medine Ajwa Hurmas\u0131 - Saudi Gift Now'dan en ucuz fiyatlarla online al\u0131\u015fveri\u015f yap\u0131n\",\"isPartOf\":{\"@id\":\"https:\\\/\\\/saudi-gift.com\\\/#website\"},\"primaryImageOfPage\":{\"@id\":\"https:\\\/\\\/saudi-gift.com\\\/tr\\\/product\\\/medine-ajwa-tarihleri\\\/#primaryimage\"},\"image\":{\"@id\":\"https:\\\/\\\/saudi-gift.com\\\/tr\\\/product\\\/medine-ajwa-tarihleri\\\/#primaryimage\"},\"thumbnailUrl\":\"https:\\\/\\\/saudi-gift.com\\\/wp-content\\\/uploads\\\/2024\\\/12\\\/372a9c26-bd0e-4235-a34d-6b7e14b6d82c-1000x1000-6g347WSpmhNAxfkZ76Vfe6wrHoNqMwRInv5z0AeH.webp\",\"datePublished\":\"2024-12-25T16:48:22+00:00\",\"description\":\"Sa\u011fl\u0131\u011fa olan ola\u011fan\u00fcst\u00fc faydalar\u0131 ve \u00e7ok y\u00f6nl\u00fcl\u00fc\u011f\u00fc sayesinde Medina Ajwa Hurmas\u0131 sadece sa\u011fl\u0131kl\u0131 bir se\u00e7im de\u011fil, ayn\u0131 zamanda sevdikleriniz i\u00e7in harika bir hediyedir.\",\"breadcrumb\":{\"@id\":\"https:\\\/\\\/saudi-gift.com\\\/tr\\\/product\\\/medine-ajwa-tarihleri\\\/#breadcrumb\"},\"inLanguage\":\"tr\",\"potentialAction\":[{\"@type\":\"ReadAction\",\"target\":[\"https:\\\/\\\/saudi-gift.com\\\/tr\\\/product\\\/medine-ajwa-tarihleri\\\/\"]}]},{\"@type\":\"ImageObject\",\"inLanguage\":\"tr\",\"@id\":\"https:\\\/\\\/saudi-gift.com\\\/tr\\\/product\\\/medine-ajwa-tarihleri\\\/#primaryimage\",\"url\":\"https:\\\/\\\/saudi-gift.com\\\/wp-content\\\/uploads\\\/2024\\\/12\\\/372a9c26-bd0e-4235-a34d-6b7e14b6d82c-1000x1000-6g347WSpmhNAxfkZ76Vfe6wrHoNqMwRInv5z0AeH.webp\",\"contentUrl\":\"https:\\\/\\\/saudi-gift.com\\\/wp-content\\\/uploads\\\/2024\\\/12\\\/372a9c26-bd0e-4235-a34d-6b7e14b6d82c-1000x1000-6g347WSpmhNAxfkZ76Vfe6wrHoNqMwRInv5z0AeH.webp\",\"width\":600,\"height\":600},{\"@type\":\"BreadcrumbList\",\"@id\":\"https:\\\/\\\/saudi-gift.com\\\/tr\\\/product\\\/medine-ajwa-tarihleri\\\/#breadcrumb\",\"itemListElement\":[{\"@type\":\"ListItem\",\"position\":1,\"name\":\"Home\",\"item\":\"https:\\\/\\\/saudi-gift.com\\\/tr\\\/\"},{\"@type\":\"ListItem\",\"position\":2,\"name\":\"\u015eimdi Al\u0131\u015fveri\u015f Yap\u0131n\",\"item\":\"https:\\\/\\\/saudi-gift.com\\\/tr\\\/simdi-alisveris-yapin\\\/\"},{\"@type\":\"ListItem\",\"position\":3,\"name\":\"Medine Ajwa Tarihleri\"}]},{\"@type\":\"WebSite\",\"@id\":\"https:\\\/\\\/saudi-gift.com\\\/#website\",\"url\":\"https:\\\/\\\/saudi-gift.com\\\/\",\"name\":\"\u0647\u062f\u064a\u0629 \u0633\u0639\u0648\u062f\u064a\u0629\",\"description\":\"\u0647\u062f\u064a\u0629 \u0633\u0639\u0648\u062f\u064a\u0629 \u0645\u062a\u062c\u0631 \u0627\u0644\u0643\u062a\u0631\u0648\u0646\u064a \u064a\u0642\u062f\u0645 \u0644\u0643\u0645 \u0645\u062c\u0645\u0648\u0639\u0629 \u0645\u0646 \u0627\u0644\u0647\u062f\u0627\u064a\u0627 \u0627\u0644\u062a\u064a \u062a\u062c\u0633\u062f \u0639\u0628\u0642 \u0630\u0643\u0631\u064a\u0627\u062a\u0643\u0645 \u0641\u064a \u0627\u0644\u0645\u0634\u0627\u0639\u0631 \u0627\u0644\u0645\u0642\u062f\u0633\u0629\",\"publisher\":{\"@id\":\"https:\\\/\\\/saudi-gift.com\\\/#organization\"},\"alternateName\":\"\u0647\u062f\u064a\u0629 \u0633\u0639\u0648\u062f\u064a\u0629\",\"potentialAction\":[{\"@type\":\"SearchAction\",\"target\":{\"@type\":\"EntryPoint\",\"urlTemplate\":\"https:\\\/\\\/saudi-gift.com\\\/?s={search_term_string}\"},\"query-input\":{\"@type\":\"PropertyValueSpecification\",\"valueRequired\":true,\"valueName\":\"search_term_string\"}}],\"inLanguage\":\"tr\"},{\"@type\":\"Organization\",\"@id\":\"https:\\\/\\\/saudi-gift.com\\\/#organization\",\"name\":\"\u0645\u062a\u062c\u0631 \u0627\u0644\u0647\u062f\u064a\u0629\",\"alternateName\":\"\u0647\u062f\u064a\u0629 \u0633\u0639\u0648\u062f\u064a\u0629\",\"url\":\"https:\\\/\\\/saudi-gift.com\\\/\",\"logo\":{\"@type\":\"ImageObject\",\"inLanguage\":\"tr\",\"@id\":\"https:\\\/\\\/saudi-gift.com\\\/#\\\/schema\\\/logo\\\/image\\\/\",\"url\":\"https:\\\/\\\/saudi-gift.com\\\/wp-content\\\/uploads\\\/2025\\\/05\\\/2.png\",\"contentUrl\":\"https:\\\/\\\/saudi-gift.com\\\/wp-content\\\/uploads\\\/2025\\\/05\\\/2.png\",\"width\":163,\"height\":42,\"caption\":\"\u0645\u062a\u062c\u0631 \u0627\u0644\u0647\u062f\u064a\u0629\"},\"image\":{\"@id\":\"https:\\\/\\\/saudi-gift.com\\\/#\\\/schema\\\/logo\\\/image\\\/\"},\"sameAs\":[\"https:\\\/\\\/www.facebook.com\\\/profile.php?id=61560277649059&mibextid=LQQJ4d\",\"https:\\\/\\\/x.com\\\/saudigift_\"]}]}<\/script>\n<!-- \/ Yoast SEO Premium plugin. -->","yoast_head_json":{"title":"Medine Ajwa Hurmas\u0131 - Saudi Gift Now'dan en ucuz fiyatlarla online al\u0131\u015fveri\u015f yap\u0131n","description":"Sa\u011fl\u0131\u011fa olan ola\u011fan\u00fcst\u00fc faydalar\u0131 ve \u00e7ok y\u00f6nl\u00fcl\u00fc\u011f\u00fc sayesinde Medina Ajwa Hurmas\u0131 sadece sa\u011fl\u0131kl\u0131 bir se\u00e7im de\u011fil, ayn\u0131 zamanda sevdikleriniz i\u00e7in harika bir hediyedir.","robots":{"index":"index","follow":"follow","max-snippet":"max-snippet:-1","max-image-preview":"max-image-preview:large","max-video-preview":"max-video-preview:-1"},"canonical":"https:\/\/saudi-gift.com\/tr\/product\/medine-ajwa-tarihleri\/","og_locale":"tr_TR","og_type":"article","og_title":"Medine Ajwa Tarihleri","og_description":"Sa\u011fl\u0131\u011fa olan ola\u011fan\u00fcst\u00fc faydalar\u0131 ve \u00e7ok y\u00f6nl\u00fcl\u00fc\u011f\u00fc sayesinde Medina Ajwa Hurmas\u0131 sadece sa\u011fl\u0131kl\u0131 bir se\u00e7im de\u011fil, ayn\u0131 zamanda sevdikleriniz i\u00e7in harika bir hediyedir.","og_url":"https:\/\/saudi-gift.com\/tr\/product\/medine-ajwa-tarihleri\/","og_site_name":"\u0647\u062f\u064a\u0629 \u0633\u0639\u0648\u062f\u064a\u0629","article_publisher":"https:\/\/www.facebook.com\/profile.php?id=61560277649059&mibextid=LQQJ4d","og_image":[{"width":600,"height":600,"url":"https:\/\/saudi-gift.com\/wp-content\/uploads\/2024\/12\/372a9c26-bd0e-4235-a34d-6b7e14b6d82c-1000x1000-6g347WSpmhNAxfkZ76Vfe6wrHoNqMwRInv5z0AeH.webp","type":"image\/webp"}],"twitter_card":"summary_large_image","twitter_site":"@saudigift_","twitter_misc":{"Tahmini okuma s\u00fcresi":"1 dakika"},"schema":{"@context":"https:\/\/schema.org","@graph":[{"@type":"WebPage","@id":"https:\/\/saudi-gift.com\/tr\/product\/medine-ajwa-tarihleri\/","url":"https:\/\/saudi-gift.com\/tr\/product\/medine-ajwa-tarihleri\/","name":"Medine Ajwa Hurmas\u0131 - Saudi Gift Now'dan en ucuz fiyatlarla online al\u0131\u015fveri\u015f yap\u0131n","isPartOf":{"@id":"https:\/\/saudi-gift.com\/#website"},"primaryImageOfPage":{"@id":"https:\/\/saudi-gift.com\/tr\/product\/medine-ajwa-tarihleri\/#primaryimage"},"image":{"@id":"https:\/\/saudi-gift.com\/tr\/product\/medine-ajwa-tarihleri\/#primaryimage"},"thumbnailUrl":"https:\/\/saudi-gift.com\/wp-content\/uploads\/2024\/12\/372a9c26-bd0e-4235-a34d-6b7e14b6d82c-1000x1000-6g347WSpmhNAxfkZ76Vfe6wrHoNqMwRInv5z0AeH.webp","datePublished":"2024-12-25T16:48:22+00:00","description":"Sa\u011fl\u0131\u011fa olan ola\u011fan\u00fcst\u00fc faydalar\u0131 ve \u00e7ok y\u00f6nl\u00fcl\u00fc\u011f\u00fc sayesinde Medina Ajwa Hurmas\u0131 sadece sa\u011fl\u0131kl\u0131 bir se\u00e7im de\u011fil, ayn\u0131 zamanda sevdikleriniz i\u00e7in harika bir hediyedir.","breadcrumb":{"@id":"https:\/\/saudi-gift.com\/tr\/product\/medine-ajwa-tarihleri\/#breadcrumb"},"inLanguage":"tr","potentialAction":[{"@type":"ReadAction","target":["https:\/\/saudi-gift.com\/tr\/product\/medine-ajwa-tarihleri\/"]}]},{"@type":"ImageObject","inLanguage":"tr","@id":"https:\/\/saudi-gift.com\/tr\/product\/medine-ajwa-tarihleri\/#primaryimage","url":"https:\/\/saudi-gift.com\/wp-content\/uploads\/2024\/12\/372a9c26-bd0e-4235-a34d-6b7e14b6d82c-1000x1000-6g347WSpmhNAxfkZ76Vfe6wrHoNqMwRInv5z0AeH.webp","contentUrl":"https:\/\/saudi-gift.com\/wp-content\/uploads\/2024\/12\/372a9c26-bd0e-4235-a34d-6b7e14b6d82c-1000x1000-6g347WSpmhNAxfkZ76Vfe6wrHoNqMwRInv5z0AeH.webp","width":600,"height":600},{"@type":"BreadcrumbList","@id":"https:\/\/saudi-gift.com\/tr\/product\/medine-ajwa-tarihleri\/#breadcrumb","itemListElement":[{"@type":"ListItem","position":1,"name":"Home","item":"https:\/\/saudi-gift.com\/tr\/"},{"@type":"ListItem","position":2,"name":"\u015eimdi Al\u0131\u015fveri\u015f Yap\u0131n","item":"https:\/\/saudi-gift.com\/tr\/simdi-alisveris-yapin\/"},{"@type":"ListItem","position":3,"name":"Medine Ajwa Tarihleri"}]},{"@type":"WebSite","@id":"https:\/\/saudi-gift.com\/#website","url":"https:\/\/saudi-gift.com\/","name":"\u0647\u062f\u064a\u0629 \u0633\u0639\u0648\u062f\u064a\u0629","description":"\u0647\u062f\u064a\u0629 \u0633\u0639\u0648\u062f\u064a\u0629 \u0645\u062a\u062c\u0631 \u0627\u0644\u0643\u062a\u0631\u0648\u0646\u064a \u064a\u0642\u062f\u0645 \u0644\u0643\u0645 \u0645\u062c\u0645\u0648\u0639\u0629 \u0645\u0646 \u0627\u0644\u0647\u062f\u0627\u064a\u0627 \u0627\u0644\u062a\u064a \u062a\u062c\u0633\u062f \u0639\u0628\u0642 \u0630\u0643\u0631\u064a\u0627\u062a\u0643\u0645 \u0641\u064a \u0627\u0644\u0645\u0634\u0627\u0639\u0631 \u0627\u0644\u0645\u0642\u062f\u0633\u0629","publisher":{"@id":"https:\/\/saudi-gift.com\/#organization"},"alternateName":"\u0647\u062f\u064a\u0629 \u0633\u0639\u0648\u062f\u064a\u0629","potentialAction":[{"@type":"SearchAction","target":{"@type":"EntryPoint","urlTemplate":"https:\/\/saudi-gift.com\/?s={search_term_string}"},"query-input":{"@type":"PropertyValueSpecification","valueRequired":true,"valueName":"search_term_string"}}],"inLanguage":"tr"},{"@type":"Organization","@id":"https:\/\/saudi-gift.com\/#organization","name":"\u0645\u062a\u062c\u0631 \u0627\u0644\u0647\u062f\u064a\u0629","alternateName":"\u0647\u062f\u064a\u0629 \u0633\u0639\u0648\u062f\u064a\u0629","url":"https:\/\/saudi-gift.com\/","logo":{"@type":"ImageObject","inLanguage":"tr","@id":"https:\/\/saudi-gift.com\/#\/schema\/logo\/image\/","url":"https:\/\/saudi-gift.com\/wp-content\/uploads\/2025\/05\/2.png","contentUrl":"https:\/\/saudi-gift.com\/wp-content\/uploads\/2025\/05\/2.png","width":163,"height":42,"caption":"\u0645\u062a\u062c\u0631 \u0627\u0644\u0647\u062f\u064a\u0629"},"image":{"@id":"https:\/\/saudi-gift.com\/#\/schema\/logo\/image\/"},"sameAs":["https:\/\/www.facebook.com\/profile.php?id=61560277649059&mibextid=LQQJ4d","https:\/\/x.com\/saudigift_"]}]}},"jetpack-related-posts":[],"_links":{"self":[{"href":"https:\/\/saudi-gift.com\/tr\/wp-json\/wp\/v2\/product\/38759","targetHints":{"allow":["GET"]}}],"collection":[{"href":"https:\/\/saudi-gift.com\/tr\/wp-json\/wp\/v2\/product"}],"about":[{"href":"https:\/\/saudi-gift.com\/tr\/wp-json\/wp\/v2\/types\/product"}],"replies":[{"embeddable":true,"href":"https:\/\/saudi-gift.com\/tr\/wp-json\/wp\/v2\/comments?post=38759"}],"version-history":[{"count":0,"href":"https:\/\/saudi-gift.com\/tr\/wp-json\/wp\/v2\/product\/38759\/revisions"}],"wp:featuredmedia":[{"embeddable":true,"href":"https:\/\/saudi-gift.com\/tr\/wp-json\/wp\/v2\/media\/31264"}],"wp:attachment":[{"href":"https:\/\/saudi-gift.com\/tr\/wp-json\/wp\/v2\/media?parent=38759"}],"wp:term":[{"taxonomy":"product_brand","embeddable":true,"href":"https:\/\/saudi-gift.com\/tr\/wp-json\/wp\/v2\/product_brand?post=38759"},{"taxonomy":"product_cat","embeddable":true,"href":"https:\/\/saudi-gift.com\/tr\/wp-json\/wp\/v2\/product_cat?post=38759"},{"taxonomy":"product_tag","embeddable":true,"href":"https:\/\/saudi-gift.com\/tr\/wp-json\/wp\/v2\/product_tag?post=38759"}],"curies":[{"name":"wp","href":"https:\/\/api.w.org\/{rel}","templated":true}]}}