{"id":39162,"date":"2024-12-25T14:49:41","date_gmt":"2024-12-25T11:49:41","guid":{"rendered":"https:\/\/saudi-gift.com\/product\/premium-cesit-hurmalar\/"},"modified":"2025-06-02T12:49:54","modified_gmt":"2025-06-02T09:49:54","slug":"premium-cesit-hurmalar","status":"publish","type":"product","link":"https:\/\/saudi-gift.com\/tr\/urun\/premium-cesit-hurmalar\/","title":{"rendered":"Premium \u00c7e\u015fit Hurmalar"},"content":{"rendered":"<p><span style=\"font-weight: 400;\">Zengin lezzeti ve y\u00fcksek besleyici faydalar\u0131 i\u00e7in en kaliteli hurmalar\u0131n se\u00e7ildi\u011fi l\u00fcks hurma \u00e7e\u015fitleri size lezzetli ve sa\u011fl\u0131kl\u0131 bir deneyim sunar. Her damak tad\u0131na uygun, l\u00fcks lezzeti y\u00fcksek besin de\u011feriyle birle\u015ftiren birinci s\u0131n\u0131f hurma kar\u0131\u015f\u0131m\u0131.   <\/span><\/p>\n<h2><b>Premium hurma \u00e7e\u015fitlerinin \u00f6zellikleri:<\/b><\/h2>\n<ul>\n<li style=\"font-weight: 400;\" aria-level=\"1\"><span style=\"font-weight: 400;\">\u0130sim L\u00fcks Tarihler <\/span><\/li>\n<li style=\"font-weight: 400;\" aria-level=\"1\"><span style=\"font-weight: 400;\">Kategori: Hurma ve Tatl\u0131lar <\/span><\/li>\n<li style=\"font-weight: 400;\" aria-level=\"1\"><span style=\"font-weight: 400;\">Hedef kitle: Unisex <\/span><\/li>\n<\/ul>\n<h2><b>\u00c7e\u015fitli premium tarihler i\u00e7erir:<\/b><\/h2>\n<ul>\n<li style=\"font-weight: 400;\" aria-level=\"1\"><span style=\"font-weight: 400;\">E\u015fsiz bir kar\u0131\u015f\u0131m: Zengin ve l\u00fcks bir lezzet i\u00e7in en iyi hurmalar \u00f6zenle se\u00e7ilmi\u015ftir. <\/span><\/li>\n<li style=\"font-weight: 400;\" aria-level=\"1\"><span style=\"font-weight: 400;\">\u00d6zenle \u00e7e\u015fitlendirilmi\u015f ambalaj: Paket, en iyinin en iyisini tatman\u0131z\u0131 sa\u011flayan \u00e7e\u015fitli premium hurmalar i\u00e7erir.  <\/span><\/li>\n<li style=\"font-weight: 400;\" aria-level=\"1\"><span style=\"font-weight: 400;\">\u00d6zenle se\u00e7ilmi\u015f hurmalar: Hurmalar\u0131m\u0131z taze ve do\u011fal bir lezzet sa\u011flamak i\u00e7in y\u00fcksek kaliteli \u00e7iftliklerden gelmektedir. <\/span><\/li>\n<li style=\"font-weight: 400;\" aria-level=\"1\"><span style=\"font-weight: 400;\">Lif ve mineral bak\u0131m\u0131ndan zengindir: Zengin bir lif kayna\u011f\u0131 ve potasyum ve magnezyum gibi temel besin maddeleri. <\/span><\/li>\n<li style=\"font-weight: 400;\" aria-level=\"1\"><span style=\"font-weight: 400;\">Misafirperverlik i\u00e7in m\u00fckemmel bir se\u00e7im: \u00d6zel g\u00fcnler i\u00e7in veya g\u00fcn\u00fcn her saatinde sa\u011fl\u0131kl\u0131 bir at\u0131\u015ft\u0131rmal\u0131k olarak m\u00fckemmeldir. <\/span><\/li>\n<li style=\"font-weight: 400;\" aria-level=\"1\"><span style=\"font-weight: 400;\">\u00d6zenle paketlenmi\u015ftir: Hurmalar\u0131m\u0131z tazeliklerini ve kalitelerini korumak i\u00e7in \u00f6zenle paketlenir ve e\u015fsiz bir yemek deneyimi ya\u015faman\u0131z\u0131 sa\u011flar.  <\/span><\/li>\n<li style=\"font-weight: 400;\" aria-level=\"1\"><span style=\"font-weight: 400;\">L\u00fcks bir hediye: Hurma ve otantik Arap lezzetleri sevenler i\u00e7in l\u00fcks bir hediye olarak m\u00fckemmel bir se\u00e7im. <\/span><\/li>\n<\/ul>\n<p><span style=\"font-weight: 400;\">Her \u0131s\u0131r\u0131kta l\u00fcks\u00fc, do\u011fal lezzeti ve sa\u011fl\u0131k faydalar\u0131n\u0131 bir araya getiren l\u00fcks hurma \u00e7e\u015fitlerini deneyimleyin.<\/span><\/p>\n<p><span style=\"font-weight: 400;\">Bu form\u00fcl i\u015finize yar\u0131yor mu?<\/span><\/p>\n","protected":false},"excerpt":{"rendered":"<p class=\"ql-align-right\">L\u00fcks ve kaliteyi tek bir pakette birle\u015ftiren l\u00fcks hurma kutular\u0131. En kaliteli hurmalar, lezzetin sa\u011fl\u0131k faydalar\u0131yla bulu\u015ftu\u011fu ola\u011fan\u00fcst\u00fc bir yemek deneyimi sunmak i\u00e7in \u00f6zenle se\u00e7ilmi\u015ftir. Her bir hurma, Arap \u00fcretiminin m\u00fckemmelli\u011fini temsil eden ve l\u00fcks misafirperverlik gelene\u011fini yans\u0131tan otantik bir lezzeti temsil eder   <\/p>\n","protected":false},"featured_media":31115,"comment_status":"open","ping_status":"closed","template":"","meta":[],"product_brand":[],"product_cat":[3178,3302,360],"product_tag":[1651,615],"class_list":{"0":"post-39162","1":"product","2":"type-product","3":"status-publish","4":"has-post-thumbnail","6":"product_cat-ikram-urunleri","7":"product_cat-medine-tarihleri","8":"product_cat-ramazan-urunleri","9":"product_tag--tr","12":"first","13":"instock","14":"sale","15":"sold-individually","16":"shipping-taxable","17":"purchasable","18":"product-type-variable"},"yoast_head":"<!-- This site is optimized with the Yoast SEO Premium plugin v27.2 (Yoast SEO v27.6) - https:\/\/yoast.com\/product\/yoast-seo-premium-wordpress\/ -->\n<title>L\u00fcks hurma \u00e7e\u015fitleri - Saudi Gift Now&#039;da en d\u00fc\u015f\u00fck fiyatlarla online al\u0131\u015fveri\u015f yap\u0131n<\/title>\n<meta name=\"description\" content=\"Lezzetli ve sa\u011fl\u0131kl\u0131 bir deneyim i\u00e7in, zengin lezzetleri ve besinsel faydalar\u0131 i\u00e7in en iyi hurmalar\u0131n se\u00e7ildi\u011fi l\u00fcks bir hurma \u00e7e\u015fidi. Birinci s\u0131n\u0131f hurma kar\u0131\u015f\u0131m\u0131\" \/>\n<meta name=\"robots\" content=\"index, follow, max-snippet:-1, max-image-preview:large, max-video-preview:-1\" \/>\n<link rel=\"canonical\" href=\"https:\/\/saudi-gift.com\/tr\/product\/premium-cesit-hurmalar\/\" \/>\n<meta property=\"og:locale\" content=\"tr_TR\" \/>\n<meta property=\"og:type\" content=\"article\" \/>\n<meta property=\"og:title\" content=\"Premium \u00c7e\u015fit Hurmalar\" \/>\n<meta property=\"og:description\" content=\"Lezzetli ve sa\u011fl\u0131kl\u0131 bir deneyim i\u00e7in, zengin lezzetleri ve besinsel faydalar\u0131 i\u00e7in en iyi hurmalar\u0131n se\u00e7ildi\u011fi l\u00fcks bir hurma \u00e7e\u015fidi. Birinci s\u0131n\u0131f hurma kar\u0131\u015f\u0131m\u0131\" \/>\n<meta property=\"og:url\" content=\"https:\/\/saudi-gift.com\/tr\/product\/premium-cesit-hurmalar\/\" \/>\n<meta property=\"og:site_name\" content=\"\u0647\u062f\u064a\u0629 \u0633\u0639\u0648\u062f\u064a\u0629\" \/>\n<meta property=\"article:publisher\" content=\"https:\/\/www.facebook.com\/profile.php?id=61560277649059&amp;mibextid=LQQJ4d\" \/>\n<meta property=\"article:modified_time\" content=\"2025-06-02T09:49:54+00:00\" \/>\n<meta property=\"og:image\" content=\"https:\/\/saudi-gift.com\/wp-content\/uploads\/2024\/12\/70dc9a25-844b-4e98-b39b-75643eba5a99-1000x1000-eYhCI4LhmgKNIMfwaOSzxdY4xJ3kWfR1G4fqxmyM.webp\" \/>\n\t<meta property=\"og:image:width\" content=\"600\" \/>\n\t<meta property=\"og:image:height\" content=\"600\" \/>\n\t<meta property=\"og:image:type\" content=\"image\/webp\" \/>\n<meta name=\"twitter:card\" content=\"summary_large_image\" \/>\n<meta name=\"twitter:site\" content=\"@saudigift_\" \/>\n<meta name=\"twitter:label1\" content=\"Tahmini okuma s\u00fcresi\" \/>\n\t<meta name=\"twitter:data1\" content=\"1 dakika\" \/>\n<script type=\"application\/ld+json\" class=\"yoast-schema-graph\">{\"@context\":\"https:\\\/\\\/schema.org\",\"@graph\":[{\"@type\":\"WebPage\",\"@id\":\"https:\\\/\\\/saudi-gift.com\\\/tr\\\/product\\\/premium-cesit-hurmalar\\\/\",\"url\":\"https:\\\/\\\/saudi-gift.com\\\/tr\\\/product\\\/premium-cesit-hurmalar\\\/\",\"name\":\"L\u00fcks hurma \u00e7e\u015fitleri - Saudi Gift Now'da en d\u00fc\u015f\u00fck fiyatlarla online al\u0131\u015fveri\u015f yap\u0131n\",\"isPartOf\":{\"@id\":\"https:\\\/\\\/saudi-gift.com\\\/#website\"},\"primaryImageOfPage\":{\"@id\":\"https:\\\/\\\/saudi-gift.com\\\/tr\\\/product\\\/premium-cesit-hurmalar\\\/#primaryimage\"},\"image\":{\"@id\":\"https:\\\/\\\/saudi-gift.com\\\/tr\\\/product\\\/premium-cesit-hurmalar\\\/#primaryimage\"},\"thumbnailUrl\":\"https:\\\/\\\/saudi-gift.com\\\/wp-content\\\/uploads\\\/2024\\\/12\\\/70dc9a25-844b-4e98-b39b-75643eba5a99-1000x1000-eYhCI4LhmgKNIMfwaOSzxdY4xJ3kWfR1G4fqxmyM.webp\",\"datePublished\":\"2024-12-25T11:49:41+00:00\",\"dateModified\":\"2025-06-02T09:49:54+00:00\",\"description\":\"Lezzetli ve sa\u011fl\u0131kl\u0131 bir deneyim i\u00e7in, zengin lezzetleri ve besinsel faydalar\u0131 i\u00e7in en iyi hurmalar\u0131n se\u00e7ildi\u011fi l\u00fcks bir hurma \u00e7e\u015fidi. Birinci s\u0131n\u0131f hurma kar\u0131\u015f\u0131m\u0131\",\"breadcrumb\":{\"@id\":\"https:\\\/\\\/saudi-gift.com\\\/tr\\\/product\\\/premium-cesit-hurmalar\\\/#breadcrumb\"},\"inLanguage\":\"tr\",\"potentialAction\":[{\"@type\":\"ReadAction\",\"target\":[\"https:\\\/\\\/saudi-gift.com\\\/tr\\\/product\\\/premium-cesit-hurmalar\\\/\"]}]},{\"@type\":\"ImageObject\",\"inLanguage\":\"tr\",\"@id\":\"https:\\\/\\\/saudi-gift.com\\\/tr\\\/product\\\/premium-cesit-hurmalar\\\/#primaryimage\",\"url\":\"https:\\\/\\\/saudi-gift.com\\\/wp-content\\\/uploads\\\/2024\\\/12\\\/70dc9a25-844b-4e98-b39b-75643eba5a99-1000x1000-eYhCI4LhmgKNIMfwaOSzxdY4xJ3kWfR1G4fqxmyM.webp\",\"contentUrl\":\"https:\\\/\\\/saudi-gift.com\\\/wp-content\\\/uploads\\\/2024\\\/12\\\/70dc9a25-844b-4e98-b39b-75643eba5a99-1000x1000-eYhCI4LhmgKNIMfwaOSzxdY4xJ3kWfR1G4fqxmyM.webp\",\"width\":600,\"height\":600},{\"@type\":\"BreadcrumbList\",\"@id\":\"https:\\\/\\\/saudi-gift.com\\\/tr\\\/product\\\/premium-cesit-hurmalar\\\/#breadcrumb\",\"itemListElement\":[{\"@type\":\"ListItem\",\"position\":1,\"name\":\"Home\",\"item\":\"https:\\\/\\\/saudi-gift.com\\\/tr\\\/\"},{\"@type\":\"ListItem\",\"position\":2,\"name\":\"\u015eimdi Al\u0131\u015fveri\u015f Yap\u0131n\",\"item\":\"https:\\\/\\\/saudi-gift.com\\\/tr\\\/simdi-alisveris-yapin\\\/\"},{\"@type\":\"ListItem\",\"position\":3,\"name\":\"Premium \u00c7e\u015fit Hurmalar\"}]},{\"@type\":\"WebSite\",\"@id\":\"https:\\\/\\\/saudi-gift.com\\\/#website\",\"url\":\"https:\\\/\\\/saudi-gift.com\\\/\",\"name\":\"\u0647\u062f\u064a\u0629 \u0633\u0639\u0648\u062f\u064a\u0629\",\"description\":\"\u0647\u062f\u064a\u0629 \u0633\u0639\u0648\u062f\u064a\u0629 \u0645\u062a\u062c\u0631 \u0627\u0644\u0643\u062a\u0631\u0648\u0646\u064a \u064a\u0642\u062f\u0645 \u0644\u0643\u0645 \u0645\u062c\u0645\u0648\u0639\u0629 \u0645\u0646 \u0627\u0644\u0647\u062f\u0627\u064a\u0627 \u0627\u0644\u062a\u064a \u062a\u062c\u0633\u062f \u0639\u0628\u0642 \u0630\u0643\u0631\u064a\u0627\u062a\u0643\u0645 \u0641\u064a \u0627\u0644\u0645\u0634\u0627\u0639\u0631 \u0627\u0644\u0645\u0642\u062f\u0633\u0629\",\"publisher\":{\"@id\":\"https:\\\/\\\/saudi-gift.com\\\/#organization\"},\"alternateName\":\"\u0647\u062f\u064a\u0629 \u0633\u0639\u0648\u062f\u064a\u0629\",\"potentialAction\":[{\"@type\":\"SearchAction\",\"target\":{\"@type\":\"EntryPoint\",\"urlTemplate\":\"https:\\\/\\\/saudi-gift.com\\\/?s={search_term_string}\"},\"query-input\":{\"@type\":\"PropertyValueSpecification\",\"valueRequired\":true,\"valueName\":\"search_term_string\"}}],\"inLanguage\":\"tr\"},{\"@type\":\"Organization\",\"@id\":\"https:\\\/\\\/saudi-gift.com\\\/#organization\",\"name\":\"\u0645\u062a\u062c\u0631 \u0627\u0644\u0647\u062f\u064a\u0629\",\"alternateName\":\"\u0647\u062f\u064a\u0629 \u0633\u0639\u0648\u062f\u064a\u0629\",\"url\":\"https:\\\/\\\/saudi-gift.com\\\/\",\"logo\":{\"@type\":\"ImageObject\",\"inLanguage\":\"tr\",\"@id\":\"https:\\\/\\\/saudi-gift.com\\\/#\\\/schema\\\/logo\\\/image\\\/\",\"url\":\"https:\\\/\\\/saudi-gift.com\\\/wp-content\\\/uploads\\\/2025\\\/05\\\/2.png\",\"contentUrl\":\"https:\\\/\\\/saudi-gift.com\\\/wp-content\\\/uploads\\\/2025\\\/05\\\/2.png\",\"width\":163,\"height\":42,\"caption\":\"\u0645\u062a\u062c\u0631 \u0627\u0644\u0647\u062f\u064a\u0629\"},\"image\":{\"@id\":\"https:\\\/\\\/saudi-gift.com\\\/#\\\/schema\\\/logo\\\/image\\\/\"},\"sameAs\":[\"https:\\\/\\\/www.facebook.com\\\/profile.php?id=61560277649059&mibextid=LQQJ4d\",\"https:\\\/\\\/x.com\\\/saudigift_\"]}]}<\/script>\n<!-- \/ Yoast SEO Premium plugin. -->","yoast_head_json":{"title":"L\u00fcks hurma \u00e7e\u015fitleri - Saudi Gift Now'da en d\u00fc\u015f\u00fck fiyatlarla online al\u0131\u015fveri\u015f yap\u0131n","description":"Lezzetli ve sa\u011fl\u0131kl\u0131 bir deneyim i\u00e7in, zengin lezzetleri ve besinsel faydalar\u0131 i\u00e7in en iyi hurmalar\u0131n se\u00e7ildi\u011fi l\u00fcks bir hurma \u00e7e\u015fidi. Birinci s\u0131n\u0131f hurma kar\u0131\u015f\u0131m\u0131","robots":{"index":"index","follow":"follow","max-snippet":"max-snippet:-1","max-image-preview":"max-image-preview:large","max-video-preview":"max-video-preview:-1"},"canonical":"https:\/\/saudi-gift.com\/tr\/product\/premium-cesit-hurmalar\/","og_locale":"tr_TR","og_type":"article","og_title":"Premium \u00c7e\u015fit Hurmalar","og_description":"Lezzetli ve sa\u011fl\u0131kl\u0131 bir deneyim i\u00e7in, zengin lezzetleri ve besinsel faydalar\u0131 i\u00e7in en iyi hurmalar\u0131n se\u00e7ildi\u011fi l\u00fcks bir hurma \u00e7e\u015fidi. Birinci s\u0131n\u0131f hurma kar\u0131\u015f\u0131m\u0131","og_url":"https:\/\/saudi-gift.com\/tr\/product\/premium-cesit-hurmalar\/","og_site_name":"\u0647\u062f\u064a\u0629 \u0633\u0639\u0648\u062f\u064a\u0629","article_publisher":"https:\/\/www.facebook.com\/profile.php?id=61560277649059&mibextid=LQQJ4d","article_modified_time":"2025-06-02T09:49:54+00:00","og_image":[{"width":600,"height":600,"url":"https:\/\/saudi-gift.com\/wp-content\/uploads\/2024\/12\/70dc9a25-844b-4e98-b39b-75643eba5a99-1000x1000-eYhCI4LhmgKNIMfwaOSzxdY4xJ3kWfR1G4fqxmyM.webp","type":"image\/webp"}],"twitter_card":"summary_large_image","twitter_site":"@saudigift_","twitter_misc":{"Tahmini okuma s\u00fcresi":"1 dakika"},"schema":{"@context":"https:\/\/schema.org","@graph":[{"@type":"WebPage","@id":"https:\/\/saudi-gift.com\/tr\/product\/premium-cesit-hurmalar\/","url":"https:\/\/saudi-gift.com\/tr\/product\/premium-cesit-hurmalar\/","name":"L\u00fcks hurma \u00e7e\u015fitleri - Saudi Gift Now'da en d\u00fc\u015f\u00fck fiyatlarla online al\u0131\u015fveri\u015f yap\u0131n","isPartOf":{"@id":"https:\/\/saudi-gift.com\/#website"},"primaryImageOfPage":{"@id":"https:\/\/saudi-gift.com\/tr\/product\/premium-cesit-hurmalar\/#primaryimage"},"image":{"@id":"https:\/\/saudi-gift.com\/tr\/product\/premium-cesit-hurmalar\/#primaryimage"},"thumbnailUrl":"https:\/\/saudi-gift.com\/wp-content\/uploads\/2024\/12\/70dc9a25-844b-4e98-b39b-75643eba5a99-1000x1000-eYhCI4LhmgKNIMfwaOSzxdY4xJ3kWfR1G4fqxmyM.webp","datePublished":"2024-12-25T11:49:41+00:00","dateModified":"2025-06-02T09:49:54+00:00","description":"Lezzetli ve sa\u011fl\u0131kl\u0131 bir deneyim i\u00e7in, zengin lezzetleri ve besinsel faydalar\u0131 i\u00e7in en iyi hurmalar\u0131n se\u00e7ildi\u011fi l\u00fcks bir hurma \u00e7e\u015fidi. Birinci s\u0131n\u0131f hurma kar\u0131\u015f\u0131m\u0131","breadcrumb":{"@id":"https:\/\/saudi-gift.com\/tr\/product\/premium-cesit-hurmalar\/#breadcrumb"},"inLanguage":"tr","potentialAction":[{"@type":"ReadAction","target":["https:\/\/saudi-gift.com\/tr\/product\/premium-cesit-hurmalar\/"]}]},{"@type":"ImageObject","inLanguage":"tr","@id":"https:\/\/saudi-gift.com\/tr\/product\/premium-cesit-hurmalar\/#primaryimage","url":"https:\/\/saudi-gift.com\/wp-content\/uploads\/2024\/12\/70dc9a25-844b-4e98-b39b-75643eba5a99-1000x1000-eYhCI4LhmgKNIMfwaOSzxdY4xJ3kWfR1G4fqxmyM.webp","contentUrl":"https:\/\/saudi-gift.com\/wp-content\/uploads\/2024\/12\/70dc9a25-844b-4e98-b39b-75643eba5a99-1000x1000-eYhCI4LhmgKNIMfwaOSzxdY4xJ3kWfR1G4fqxmyM.webp","width":600,"height":600},{"@type":"BreadcrumbList","@id":"https:\/\/saudi-gift.com\/tr\/product\/premium-cesit-hurmalar\/#breadcrumb","itemListElement":[{"@type":"ListItem","position":1,"name":"Home","item":"https:\/\/saudi-gift.com\/tr\/"},{"@type":"ListItem","position":2,"name":"\u015eimdi Al\u0131\u015fveri\u015f Yap\u0131n","item":"https:\/\/saudi-gift.com\/tr\/simdi-alisveris-yapin\/"},{"@type":"ListItem","position":3,"name":"Premium \u00c7e\u015fit Hurmalar"}]},{"@type":"WebSite","@id":"https:\/\/saudi-gift.com\/#website","url":"https:\/\/saudi-gift.com\/","name":"\u0647\u062f\u064a\u0629 \u0633\u0639\u0648\u062f\u064a\u0629","description":"\u0647\u062f\u064a\u0629 \u0633\u0639\u0648\u062f\u064a\u0629 \u0645\u062a\u062c\u0631 \u0627\u0644\u0643\u062a\u0631\u0648\u0646\u064a \u064a\u0642\u062f\u0645 \u0644\u0643\u0645 \u0645\u062c\u0645\u0648\u0639\u0629 \u0645\u0646 \u0627\u0644\u0647\u062f\u0627\u064a\u0627 \u0627\u0644\u062a\u064a \u062a\u062c\u0633\u062f \u0639\u0628\u0642 \u0630\u0643\u0631\u064a\u0627\u062a\u0643\u0645 \u0641\u064a \u0627\u0644\u0645\u0634\u0627\u0639\u0631 \u0627\u0644\u0645\u0642\u062f\u0633\u0629","publisher":{"@id":"https:\/\/saudi-gift.com\/#organization"},"alternateName":"\u0647\u062f\u064a\u0629 \u0633\u0639\u0648\u062f\u064a\u0629","potentialAction":[{"@type":"SearchAction","target":{"@type":"EntryPoint","urlTemplate":"https:\/\/saudi-gift.com\/?s={search_term_string}"},"query-input":{"@type":"PropertyValueSpecification","valueRequired":true,"valueName":"search_term_string"}}],"inLanguage":"tr"},{"@type":"Organization","@id":"https:\/\/saudi-gift.com\/#organization","name":"\u0645\u062a\u062c\u0631 \u0627\u0644\u0647\u062f\u064a\u0629","alternateName":"\u0647\u062f\u064a\u0629 \u0633\u0639\u0648\u062f\u064a\u0629","url":"https:\/\/saudi-gift.com\/","logo":{"@type":"ImageObject","inLanguage":"tr","@id":"https:\/\/saudi-gift.com\/#\/schema\/logo\/image\/","url":"https:\/\/saudi-gift.com\/wp-content\/uploads\/2025\/05\/2.png","contentUrl":"https:\/\/saudi-gift.com\/wp-content\/uploads\/2025\/05\/2.png","width":163,"height":42,"caption":"\u0645\u062a\u062c\u0631 \u0627\u0644\u0647\u062f\u064a\u0629"},"image":{"@id":"https:\/\/saudi-gift.com\/#\/schema\/logo\/image\/"},"sameAs":["https:\/\/www.facebook.com\/profile.php?id=61560277649059&mibextid=LQQJ4d","https:\/\/x.com\/saudigift_"]}]}},"jetpack-related-posts":[],"_links":{"self":[{"href":"https:\/\/saudi-gift.com\/tr\/wp-json\/wp\/v2\/product\/39162","targetHints":{"allow":["GET"]}}],"collection":[{"href":"https:\/\/saudi-gift.com\/tr\/wp-json\/wp\/v2\/product"}],"about":[{"href":"https:\/\/saudi-gift.com\/tr\/wp-json\/wp\/v2\/types\/product"}],"replies":[{"embeddable":true,"href":"https:\/\/saudi-gift.com\/tr\/wp-json\/wp\/v2\/comments?post=39162"}],"version-history":[{"count":1,"href":"https:\/\/saudi-gift.com\/tr\/wp-json\/wp\/v2\/product\/39162\/revisions"}],"predecessor-version":[{"id":67427,"href":"https:\/\/saudi-gift.com\/tr\/wp-json\/wp\/v2\/product\/39162\/revisions\/67427"}],"wp:featuredmedia":[{"embeddable":true,"href":"https:\/\/saudi-gift.com\/tr\/wp-json\/wp\/v2\/media\/31115"}],"wp:attachment":[{"href":"https:\/\/saudi-gift.com\/tr\/wp-json\/wp\/v2\/media?parent=39162"}],"wp:term":[{"taxonomy":"product_brand","embeddable":true,"href":"https:\/\/saudi-gift.com\/tr\/wp-json\/wp\/v2\/product_brand?post=39162"},{"taxonomy":"product_cat","embeddable":true,"href":"https:\/\/saudi-gift.com\/tr\/wp-json\/wp\/v2\/product_cat?post=39162"},{"taxonomy":"product_tag","embeddable":true,"href":"https:\/\/saudi-gift.com\/tr\/wp-json\/wp\/v2\/product_tag?post=39162"}],"curies":[{"name":"wp","href":"https:\/\/api.w.org\/{rel}","templated":true}]}}