{"id":39205,"date":"2024-12-25T15:41:54","date_gmt":"2024-12-25T12:41:54","guid":{"rendered":"https:\/\/saudi-gift.com\/product\/luks-karisik-hurma-dolmasi-kutusu\/"},"modified":"2025-06-02T12:49:53","modified_gmt":"2025-06-02T09:49:53","slug":"luks-karisik-hurma-dolmasi-kutusu","status":"publish","type":"product","link":"https:\/\/saudi-gift.com\/tr\/urun\/luks-karisik-hurma-dolmasi-kutusu\/","title":{"rendered":"L\u00fcks Kar\u0131\u015f\u0131k Hurma Dolmas\u0131 Kutusu"},"content":{"rendered":"<p>L\u00fcks Kar\u0131\u015f\u0131k Hurma Dolmas\u0131 Kutusu<\/p>\n<p>Zengin tatlar ve homojen besleyici i\u00e7eriklerin m\u00fckemmel birle\u015fimi olan bu hurma dolmas\u0131, beslenme iste\u011finizi tatmin etmek ve zaman\u0131n\u0131za lezzetli bir dokunu\u015f katmak i\u00e7in m\u00fckemmel bir se\u00e7imdir. <\/p>\n<p>&nbsp;<\/p>\n<p><strong>Besin de\u011feri:<\/strong><\/p>\n<ul>\n<li class=\"ql-indent-1\">Hurma zengin bir vitamin ve mineral kayna\u011f\u0131d\u0131r, dolgular ve f\u0131nd\u0131k ise protein, sa\u011fl\u0131kl\u0131 ya\u011flar ve lif ekler.  <\/li>\n<\/ul>\n<p><strong>Do\u011fal i\u00e7erikler:<\/strong><\/p>\n<ul>\n<li class=\"ql-indent-1\">Bu hurmalar sadece do\u011fal ve sa\u011fl\u0131kl\u0131 i\u00e7eriklerle doludur, hi\u00e7bir koruyucu madde eklenmemi\u015ftir <\/li>\n<\/ul>\n<p><strong>T\u00fcm zamanlar i\u00e7in uygundur:<\/strong><\/p>\n<ul>\n<li class=\"ql-indent-1\">Bu hurmalar, sa\u011fl\u0131kl\u0131 bir at\u0131\u015ft\u0131rmal\u0131k olarak veya g\u00fcn i\u00e7inde enerjinizi y\u00fckseltmek i\u00e7in bir enerji at\u0131\u015ft\u0131rmal\u0131\u011f\u0131 olarak yemek i\u00e7in ideal bir se\u00e7imdir.<\/li>\n<\/ul>\n","protected":false},"excerpt":{"rendered":"<p><strong>Aromal\u0131 hurma dolmas\u0131 \u00e7e\u015fitlerimizle benzersiz ve farkl\u0131 bir deneyimin tad\u0131n\u0131 \u00e7\u0131kar\u0131n ve her \u00f6\u011f\u00fcnde y\u00fcksek besin de\u011ferlerinin avantajlar\u0131ndan yararlan\u0131n! <\/strong><\/p>\n","protected":false},"featured_media":31109,"comment_status":"open","ping_status":"closed","template":"","meta":[],"product_brand":[],"product_cat":[3178,3302,360],"product_tag":[1651,615],"class_list":{"0":"post-39205","1":"product","2":"type-product","3":"status-publish","4":"has-post-thumbnail","6":"product_cat-ikram-urunleri","7":"product_cat-medine-tarihleri","8":"product_cat-ramazan-urunleri","9":"product_tag--tr","12":"first","13":"instock","14":"sale","15":"sold-individually","16":"shipping-taxable","17":"purchasable","18":"product-type-variable"},"yoast_head":"<!-- This site is optimized with the Yoast SEO Premium plugin v27.2 (Yoast SEO v27.6) - https:\/\/yoast.com\/product\/yoast-seo-premium-wordpress\/ -->\n<title>L\u00fcks Doldurulmu\u015f Hurma Koleksiyonu - Saudi Gift Now&#039;da en d\u00fc\u015f\u00fck fiyatlarla online al\u0131\u015fveri\u015f yap\u0131n<\/title>\n<meta name=\"description\" content=\"Aromal\u0131 hurma dolmas\u0131 \u00e7e\u015fitlerimizle benzersiz ve farkl\u0131 bir deneyimin tad\u0131n\u0131 \u00e7\u0131kar\u0131n ve her \u00f6\u011f\u00fcnde y\u00fcksek besin de\u011ferlerinin avantajlar\u0131ndan yararlan\u0131n!\" \/>\n<meta name=\"robots\" content=\"index, follow, max-snippet:-1, max-image-preview:large, max-video-preview:-1\" \/>\n<link rel=\"canonical\" href=\"https:\/\/saudi-gift.com\/tr\/product\/luks-karisik-hurma-dolmasi-kutusu\/\" \/>\n<meta property=\"og:locale\" content=\"tr_TR\" \/>\n<meta property=\"og:type\" content=\"article\" \/>\n<meta property=\"og:title\" content=\"L\u00fcks Kar\u0131\u015f\u0131k Hurma Dolmas\u0131 Kutusu\" \/>\n<meta property=\"og:description\" content=\"Aromal\u0131 hurma dolmas\u0131 \u00e7e\u015fitlerimizle benzersiz ve farkl\u0131 bir deneyimin tad\u0131n\u0131 \u00e7\u0131kar\u0131n ve her \u00f6\u011f\u00fcnde y\u00fcksek besin de\u011ferlerinin avantajlar\u0131ndan yararlan\u0131n!\" \/>\n<meta property=\"og:url\" content=\"https:\/\/saudi-gift.com\/tr\/product\/luks-karisik-hurma-dolmasi-kutusu\/\" \/>\n<meta property=\"og:site_name\" content=\"\u0647\u062f\u064a\u0629 \u0633\u0639\u0648\u062f\u064a\u0629\" \/>\n<meta property=\"article:publisher\" content=\"https:\/\/www.facebook.com\/profile.php?id=61560277649059&amp;mibextid=LQQJ4d\" \/>\n<meta property=\"article:modified_time\" content=\"2025-06-02T09:49:53+00:00\" \/>\n<meta property=\"og:image\" content=\"https:\/\/saudi-gift.com\/wp-content\/uploads\/2024\/12\/51c3ccd6-4f03-429b-96f7-cf9fde930fbf-1000x1000-zOern5oh8V5F4gNx4gfM0AqdD6Ju2nlXUkA82xPd.webp\" \/>\n\t<meta property=\"og:image:width\" content=\"600\" \/>\n\t<meta property=\"og:image:height\" content=\"600\" \/>\n\t<meta property=\"og:image:type\" content=\"image\/webp\" \/>\n<meta name=\"twitter:card\" content=\"summary_large_image\" \/>\n<meta name=\"twitter:site\" content=\"@saudigift_\" \/>\n<meta name=\"twitter:label1\" content=\"Tahmini okuma s\u00fcresi\" \/>\n\t<meta name=\"twitter:data1\" content=\"1 dakika\" \/>\n<script type=\"application\/ld+json\" class=\"yoast-schema-graph\">{\"@context\":\"https:\\\/\\\/schema.org\",\"@graph\":[{\"@type\":\"WebPage\",\"@id\":\"https:\\\/\\\/saudi-gift.com\\\/tr\\\/product\\\/luks-karisik-hurma-dolmasi-kutusu\\\/\",\"url\":\"https:\\\/\\\/saudi-gift.com\\\/tr\\\/product\\\/luks-karisik-hurma-dolmasi-kutusu\\\/\",\"name\":\"L\u00fcks Doldurulmu\u015f Hurma Koleksiyonu - Saudi Gift Now'da en d\u00fc\u015f\u00fck fiyatlarla online al\u0131\u015fveri\u015f yap\u0131n\",\"isPartOf\":{\"@id\":\"https:\\\/\\\/saudi-gift.com\\\/#website\"},\"primaryImageOfPage\":{\"@id\":\"https:\\\/\\\/saudi-gift.com\\\/tr\\\/product\\\/luks-karisik-hurma-dolmasi-kutusu\\\/#primaryimage\"},\"image\":{\"@id\":\"https:\\\/\\\/saudi-gift.com\\\/tr\\\/product\\\/luks-karisik-hurma-dolmasi-kutusu\\\/#primaryimage\"},\"thumbnailUrl\":\"https:\\\/\\\/saudi-gift.com\\\/wp-content\\\/uploads\\\/2024\\\/12\\\/51c3ccd6-4f03-429b-96f7-cf9fde930fbf-1000x1000-zOern5oh8V5F4gNx4gfM0AqdD6Ju2nlXUkA82xPd.webp\",\"datePublished\":\"2024-12-25T12:41:54+00:00\",\"dateModified\":\"2025-06-02T09:49:53+00:00\",\"description\":\"Aromal\u0131 hurma dolmas\u0131 \u00e7e\u015fitlerimizle benzersiz ve farkl\u0131 bir deneyimin tad\u0131n\u0131 \u00e7\u0131kar\u0131n ve her \u00f6\u011f\u00fcnde y\u00fcksek besin de\u011ferlerinin avantajlar\u0131ndan yararlan\u0131n!\",\"breadcrumb\":{\"@id\":\"https:\\\/\\\/saudi-gift.com\\\/tr\\\/product\\\/luks-karisik-hurma-dolmasi-kutusu\\\/#breadcrumb\"},\"inLanguage\":\"tr\",\"potentialAction\":[{\"@type\":\"ReadAction\",\"target\":[\"https:\\\/\\\/saudi-gift.com\\\/tr\\\/product\\\/luks-karisik-hurma-dolmasi-kutusu\\\/\"]}]},{\"@type\":\"ImageObject\",\"inLanguage\":\"tr\",\"@id\":\"https:\\\/\\\/saudi-gift.com\\\/tr\\\/product\\\/luks-karisik-hurma-dolmasi-kutusu\\\/#primaryimage\",\"url\":\"https:\\\/\\\/saudi-gift.com\\\/wp-content\\\/uploads\\\/2024\\\/12\\\/51c3ccd6-4f03-429b-96f7-cf9fde930fbf-1000x1000-zOern5oh8V5F4gNx4gfM0AqdD6Ju2nlXUkA82xPd.webp\",\"contentUrl\":\"https:\\\/\\\/saudi-gift.com\\\/wp-content\\\/uploads\\\/2024\\\/12\\\/51c3ccd6-4f03-429b-96f7-cf9fde930fbf-1000x1000-zOern5oh8V5F4gNx4gfM0AqdD6Ju2nlXUkA82xPd.webp\",\"width\":600,\"height\":600},{\"@type\":\"BreadcrumbList\",\"@id\":\"https:\\\/\\\/saudi-gift.com\\\/tr\\\/product\\\/luks-karisik-hurma-dolmasi-kutusu\\\/#breadcrumb\",\"itemListElement\":[{\"@type\":\"ListItem\",\"position\":1,\"name\":\"Home\",\"item\":\"https:\\\/\\\/saudi-gift.com\\\/tr\\\/\"},{\"@type\":\"ListItem\",\"position\":2,\"name\":\"\u015eimdi Al\u0131\u015fveri\u015f Yap\u0131n\",\"item\":\"https:\\\/\\\/saudi-gift.com\\\/tr\\\/simdi-alisveris-yapin\\\/\"},{\"@type\":\"ListItem\",\"position\":3,\"name\":\"L\u00fcks Kar\u0131\u015f\u0131k Hurma Dolmas\u0131 Kutusu\"}]},{\"@type\":\"WebSite\",\"@id\":\"https:\\\/\\\/saudi-gift.com\\\/#website\",\"url\":\"https:\\\/\\\/saudi-gift.com\\\/\",\"name\":\"\u0647\u062f\u064a\u0629 \u0633\u0639\u0648\u062f\u064a\u0629\",\"description\":\"\u0647\u062f\u064a\u0629 \u0633\u0639\u0648\u062f\u064a\u0629 \u0645\u062a\u062c\u0631 \u0627\u0644\u0643\u062a\u0631\u0648\u0646\u064a \u064a\u0642\u062f\u0645 \u0644\u0643\u0645 \u0645\u062c\u0645\u0648\u0639\u0629 \u0645\u0646 \u0627\u0644\u0647\u062f\u0627\u064a\u0627 \u0627\u0644\u062a\u064a \u062a\u062c\u0633\u062f \u0639\u0628\u0642 \u0630\u0643\u0631\u064a\u0627\u062a\u0643\u0645 \u0641\u064a \u0627\u0644\u0645\u0634\u0627\u0639\u0631 \u0627\u0644\u0645\u0642\u062f\u0633\u0629\",\"publisher\":{\"@id\":\"https:\\\/\\\/saudi-gift.com\\\/#organization\"},\"alternateName\":\"\u0647\u062f\u064a\u0629 \u0633\u0639\u0648\u062f\u064a\u0629\",\"potentialAction\":[{\"@type\":\"SearchAction\",\"target\":{\"@type\":\"EntryPoint\",\"urlTemplate\":\"https:\\\/\\\/saudi-gift.com\\\/?s={search_term_string}\"},\"query-input\":{\"@type\":\"PropertyValueSpecification\",\"valueRequired\":true,\"valueName\":\"search_term_string\"}}],\"inLanguage\":\"tr\"},{\"@type\":\"Organization\",\"@id\":\"https:\\\/\\\/saudi-gift.com\\\/#organization\",\"name\":\"\u0645\u062a\u062c\u0631 \u0627\u0644\u0647\u062f\u064a\u0629\",\"alternateName\":\"\u0647\u062f\u064a\u0629 \u0633\u0639\u0648\u062f\u064a\u0629\",\"url\":\"https:\\\/\\\/saudi-gift.com\\\/\",\"logo\":{\"@type\":\"ImageObject\",\"inLanguage\":\"tr\",\"@id\":\"https:\\\/\\\/saudi-gift.com\\\/#\\\/schema\\\/logo\\\/image\\\/\",\"url\":\"https:\\\/\\\/saudi-gift.com\\\/wp-content\\\/uploads\\\/2025\\\/05\\\/2.png\",\"contentUrl\":\"https:\\\/\\\/saudi-gift.com\\\/wp-content\\\/uploads\\\/2025\\\/05\\\/2.png\",\"width\":163,\"height\":42,\"caption\":\"\u0645\u062a\u062c\u0631 \u0627\u0644\u0647\u062f\u064a\u0629\"},\"image\":{\"@id\":\"https:\\\/\\\/saudi-gift.com\\\/#\\\/schema\\\/logo\\\/image\\\/\"},\"sameAs\":[\"https:\\\/\\\/www.facebook.com\\\/profile.php?id=61560277649059&mibextid=LQQJ4d\",\"https:\\\/\\\/x.com\\\/saudigift_\"]}]}<\/script>\n<!-- \/ Yoast SEO Premium plugin. -->","yoast_head_json":{"title":"L\u00fcks Doldurulmu\u015f Hurma Koleksiyonu - Saudi Gift Now'da en d\u00fc\u015f\u00fck fiyatlarla online al\u0131\u015fveri\u015f yap\u0131n","description":"Aromal\u0131 hurma dolmas\u0131 \u00e7e\u015fitlerimizle benzersiz ve farkl\u0131 bir deneyimin tad\u0131n\u0131 \u00e7\u0131kar\u0131n ve her \u00f6\u011f\u00fcnde y\u00fcksek besin de\u011ferlerinin avantajlar\u0131ndan yararlan\u0131n!","robots":{"index":"index","follow":"follow","max-snippet":"max-snippet:-1","max-image-preview":"max-image-preview:large","max-video-preview":"max-video-preview:-1"},"canonical":"https:\/\/saudi-gift.com\/tr\/product\/luks-karisik-hurma-dolmasi-kutusu\/","og_locale":"tr_TR","og_type":"article","og_title":"L\u00fcks Kar\u0131\u015f\u0131k Hurma Dolmas\u0131 Kutusu","og_description":"Aromal\u0131 hurma dolmas\u0131 \u00e7e\u015fitlerimizle benzersiz ve farkl\u0131 bir deneyimin tad\u0131n\u0131 \u00e7\u0131kar\u0131n ve her \u00f6\u011f\u00fcnde y\u00fcksek besin de\u011ferlerinin avantajlar\u0131ndan yararlan\u0131n!","og_url":"https:\/\/saudi-gift.com\/tr\/product\/luks-karisik-hurma-dolmasi-kutusu\/","og_site_name":"\u0647\u062f\u064a\u0629 \u0633\u0639\u0648\u062f\u064a\u0629","article_publisher":"https:\/\/www.facebook.com\/profile.php?id=61560277649059&mibextid=LQQJ4d","article_modified_time":"2025-06-02T09:49:53+00:00","og_image":[{"width":600,"height":600,"url":"https:\/\/saudi-gift.com\/wp-content\/uploads\/2024\/12\/51c3ccd6-4f03-429b-96f7-cf9fde930fbf-1000x1000-zOern5oh8V5F4gNx4gfM0AqdD6Ju2nlXUkA82xPd.webp","type":"image\/webp"}],"twitter_card":"summary_large_image","twitter_site":"@saudigift_","twitter_misc":{"Tahmini okuma s\u00fcresi":"1 dakika"},"schema":{"@context":"https:\/\/schema.org","@graph":[{"@type":"WebPage","@id":"https:\/\/saudi-gift.com\/tr\/product\/luks-karisik-hurma-dolmasi-kutusu\/","url":"https:\/\/saudi-gift.com\/tr\/product\/luks-karisik-hurma-dolmasi-kutusu\/","name":"L\u00fcks Doldurulmu\u015f Hurma Koleksiyonu - Saudi Gift Now'da en d\u00fc\u015f\u00fck fiyatlarla online al\u0131\u015fveri\u015f yap\u0131n","isPartOf":{"@id":"https:\/\/saudi-gift.com\/#website"},"primaryImageOfPage":{"@id":"https:\/\/saudi-gift.com\/tr\/product\/luks-karisik-hurma-dolmasi-kutusu\/#primaryimage"},"image":{"@id":"https:\/\/saudi-gift.com\/tr\/product\/luks-karisik-hurma-dolmasi-kutusu\/#primaryimage"},"thumbnailUrl":"https:\/\/saudi-gift.com\/wp-content\/uploads\/2024\/12\/51c3ccd6-4f03-429b-96f7-cf9fde930fbf-1000x1000-zOern5oh8V5F4gNx4gfM0AqdD6Ju2nlXUkA82xPd.webp","datePublished":"2024-12-25T12:41:54+00:00","dateModified":"2025-06-02T09:49:53+00:00","description":"Aromal\u0131 hurma dolmas\u0131 \u00e7e\u015fitlerimizle benzersiz ve farkl\u0131 bir deneyimin tad\u0131n\u0131 \u00e7\u0131kar\u0131n ve her \u00f6\u011f\u00fcnde y\u00fcksek besin de\u011ferlerinin avantajlar\u0131ndan yararlan\u0131n!","breadcrumb":{"@id":"https:\/\/saudi-gift.com\/tr\/product\/luks-karisik-hurma-dolmasi-kutusu\/#breadcrumb"},"inLanguage":"tr","potentialAction":[{"@type":"ReadAction","target":["https:\/\/saudi-gift.com\/tr\/product\/luks-karisik-hurma-dolmasi-kutusu\/"]}]},{"@type":"ImageObject","inLanguage":"tr","@id":"https:\/\/saudi-gift.com\/tr\/product\/luks-karisik-hurma-dolmasi-kutusu\/#primaryimage","url":"https:\/\/saudi-gift.com\/wp-content\/uploads\/2024\/12\/51c3ccd6-4f03-429b-96f7-cf9fde930fbf-1000x1000-zOern5oh8V5F4gNx4gfM0AqdD6Ju2nlXUkA82xPd.webp","contentUrl":"https:\/\/saudi-gift.com\/wp-content\/uploads\/2024\/12\/51c3ccd6-4f03-429b-96f7-cf9fde930fbf-1000x1000-zOern5oh8V5F4gNx4gfM0AqdD6Ju2nlXUkA82xPd.webp","width":600,"height":600},{"@type":"BreadcrumbList","@id":"https:\/\/saudi-gift.com\/tr\/product\/luks-karisik-hurma-dolmasi-kutusu\/#breadcrumb","itemListElement":[{"@type":"ListItem","position":1,"name":"Home","item":"https:\/\/saudi-gift.com\/tr\/"},{"@type":"ListItem","position":2,"name":"\u015eimdi Al\u0131\u015fveri\u015f Yap\u0131n","item":"https:\/\/saudi-gift.com\/tr\/simdi-alisveris-yapin\/"},{"@type":"ListItem","position":3,"name":"L\u00fcks Kar\u0131\u015f\u0131k Hurma Dolmas\u0131 Kutusu"}]},{"@type":"WebSite","@id":"https:\/\/saudi-gift.com\/#website","url":"https:\/\/saudi-gift.com\/","name":"\u0647\u062f\u064a\u0629 \u0633\u0639\u0648\u062f\u064a\u0629","description":"\u0647\u062f\u064a\u0629 \u0633\u0639\u0648\u062f\u064a\u0629 \u0645\u062a\u062c\u0631 \u0627\u0644\u0643\u062a\u0631\u0648\u0646\u064a \u064a\u0642\u062f\u0645 \u0644\u0643\u0645 \u0645\u062c\u0645\u0648\u0639\u0629 \u0645\u0646 \u0627\u0644\u0647\u062f\u0627\u064a\u0627 \u0627\u0644\u062a\u064a \u062a\u062c\u0633\u062f \u0639\u0628\u0642 \u0630\u0643\u0631\u064a\u0627\u062a\u0643\u0645 \u0641\u064a \u0627\u0644\u0645\u0634\u0627\u0639\u0631 \u0627\u0644\u0645\u0642\u062f\u0633\u0629","publisher":{"@id":"https:\/\/saudi-gift.com\/#organization"},"alternateName":"\u0647\u062f\u064a\u0629 \u0633\u0639\u0648\u062f\u064a\u0629","potentialAction":[{"@type":"SearchAction","target":{"@type":"EntryPoint","urlTemplate":"https:\/\/saudi-gift.com\/?s={search_term_string}"},"query-input":{"@type":"PropertyValueSpecification","valueRequired":true,"valueName":"search_term_string"}}],"inLanguage":"tr"},{"@type":"Organization","@id":"https:\/\/saudi-gift.com\/#organization","name":"\u0645\u062a\u062c\u0631 \u0627\u0644\u0647\u062f\u064a\u0629","alternateName":"\u0647\u062f\u064a\u0629 \u0633\u0639\u0648\u062f\u064a\u0629","url":"https:\/\/saudi-gift.com\/","logo":{"@type":"ImageObject","inLanguage":"tr","@id":"https:\/\/saudi-gift.com\/#\/schema\/logo\/image\/","url":"https:\/\/saudi-gift.com\/wp-content\/uploads\/2025\/05\/2.png","contentUrl":"https:\/\/saudi-gift.com\/wp-content\/uploads\/2025\/05\/2.png","width":163,"height":42,"caption":"\u0645\u062a\u062c\u0631 \u0627\u0644\u0647\u062f\u064a\u0629"},"image":{"@id":"https:\/\/saudi-gift.com\/#\/schema\/logo\/image\/"},"sameAs":["https:\/\/www.facebook.com\/profile.php?id=61560277649059&mibextid=LQQJ4d","https:\/\/x.com\/saudigift_"]}]}},"jetpack-related-posts":[],"_links":{"self":[{"href":"https:\/\/saudi-gift.com\/tr\/wp-json\/wp\/v2\/product\/39205","targetHints":{"allow":["GET"]}}],"collection":[{"href":"https:\/\/saudi-gift.com\/tr\/wp-json\/wp\/v2\/product"}],"about":[{"href":"https:\/\/saudi-gift.com\/tr\/wp-json\/wp\/v2\/types\/product"}],"replies":[{"embeddable":true,"href":"https:\/\/saudi-gift.com\/tr\/wp-json\/wp\/v2\/comments?post=39205"}],"version-history":[{"count":1,"href":"https:\/\/saudi-gift.com\/tr\/wp-json\/wp\/v2\/product\/39205\/revisions"}],"predecessor-version":[{"id":67425,"href":"https:\/\/saudi-gift.com\/tr\/wp-json\/wp\/v2\/product\/39205\/revisions\/67425"}],"wp:featuredmedia":[{"embeddable":true,"href":"https:\/\/saudi-gift.com\/tr\/wp-json\/wp\/v2\/media\/31109"}],"wp:attachment":[{"href":"https:\/\/saudi-gift.com\/tr\/wp-json\/wp\/v2\/media?parent=39205"}],"wp:term":[{"taxonomy":"product_brand","embeddable":true,"href":"https:\/\/saudi-gift.com\/tr\/wp-json\/wp\/v2\/product_brand?post=39205"},{"taxonomy":"product_cat","embeddable":true,"href":"https:\/\/saudi-gift.com\/tr\/wp-json\/wp\/v2\/product_cat?post=39205"},{"taxonomy":"product_tag","embeddable":true,"href":"https:\/\/saudi-gift.com\/tr\/wp-json\/wp\/v2\/product_tag?post=39205"}],"curies":[{"name":"wp","href":"https:\/\/api.w.org\/{rel}","templated":true}]}}