{"id":39623,"date":"2025-01-22T14:51:17","date_gmt":"2025-01-22T11:51:17","guid":{"rendered":"https:\/\/saudi-gift.com\/product\/kentsel-hassasiyet\/"},"modified":"2025-02-01T20:20:22","modified_gmt":"2025-02-01T17:20:22","slug":"kentsel-hassasiyet","status":"publish","type":"product","link":"https:\/\/saudi-gift.com\/tr\/urun\/kentsel-hassasiyet\/","title":{"rendered":"Kentsel Hassasiyet"},"content":{"rendered":"<h2 class=\"ql-direction-rtl\"><span style=\"font-size: 17px;\">Kentsel Hassasiyet  <\/span><\/h2>\n<h2 class=\"ql-direction-rtl\"><span style=\"font-size: 17px;\">Medine unu i\u00e7in malzemeler:<\/span><\/h2>\n<ul>\n<li class=\"ql-direction-rtl ql-align-right\"><strong>Kimyon tohumu<\/strong>: Sindirim ve \u015fi\u015fkinlik \u00f6nleyici faydalar\u0131 ile bilinen kimyonun kendine \u00f6zg\u00fc bir kokusu ve tad\u0131 vard\u0131r.<\/li>\n<li class=\"ql-direction-rtl ql-align-right\"><strong>Karabiber<\/strong>: V\u00fccudun besin emilimini art\u0131r\u0131r ve yemeklere baharatl\u0131 bir lezzet katar.<\/li>\n<li class=\"ql-direction-rtl ql-align-right\"><strong>Susam<\/strong>: Protein, lif ve kalsiyum ve magnezyum gibi temel mineraller a\u00e7\u0131s\u0131ndan zengin olan susam, yemeklere zengin bir lezzet katar.<\/li>\n<li class=\"ql-direction-rtl ql-align-right\"><strong>Kamrani tuzu<\/strong>: Sa\u011fl\u0131\u011fa faydalar\u0131 ile <strong>bilinir<\/strong>, \u00f6rne\u011fin: Kan bas\u0131nc\u0131n\u0131 d\u00fc\u015f\u00fcrmek ve yemeklere farkl\u0131 bir lezzet katmak.<\/li>\n<li class=\"ql-direction-rtl ql-align-right\"><strong>Limon tuzu<\/strong>: Yiyeceklerin lezzetini art\u0131r\u0131r ve bir miktar asitlik katar.<\/li>\n<li class=\"ql-direction-rtl ql-align-right\"><strong>Ki\u015fni\u015f<\/strong>: Antioksidanlar a\u00e7\u0131s\u0131ndan zengin oldu\u011fu i\u00e7in sindirim ve iltihap \u00f6nleyici faydalar\u0131 ile bilinir ve yemeklere farkl\u0131 bir lezzet katar.<\/li>\n<li class=\"ql-direction-rtl ql-align-right\"><strong>Medinan g\u00fclleri<\/strong>: Yemeklere aromatik bir lezzet katar.<\/li>\n<\/ul>\n<h2 class=\"ql-direction-rtl\">Kentsel Hassasiyetin Kullan\u0131m Alanlar\u0131:<\/h2>\n<ul>\n<li class=\"ql-direction-rtl ql-align-right\">Et ve k\u00fcmes hayvanlar\u0131n\u0131n marine edilmesi: Medine unu, pi\u015firmeden \u00f6nce et ve k\u00fcmes hayvanlar\u0131n\u0131 marine etmek i\u00e7in kullan\u0131l\u0131r. <\/li>\n<li class=\"ql-direction-rtl ql-align-right\">Salatalara lezzet kat\u0131n: Medine unu, yo\u011furtlu salatalar gibi baz\u0131 salata t\u00fcrlerine farkl\u0131 bir lezzet vermek i\u00e7in eklenebilir.   <\/li>\n<li class=\"ql-direction-rtl ql-align-right\">Humus yap\u0131m\u0131: Humus yap\u0131m\u0131nda kendine \u00f6zg\u00fc bir tat vermek i\u00e7in Medine unu kullan\u0131l\u0131r.  <\/li>\n<li class=\"ql-direction-rtl ql-align-right\">Faul yeme\u011fi: Medine unu, harika bir faul yeme\u011fi yapmak i\u00e7in en iyi baharatlardan biridir. <\/li>\n<\/ul>\n","protected":false},"excerpt":{"rendered":"<p>Kentsel Hassasiyet Medine unu i\u00e7in malzemeler: Kimyon tohumu: Sindirim ve \u015fi\u015fkinlik \u00f6nleyici faydalar\u0131 ile bilinen kimyonun kendine \u00f6zg\u00fc bir kokusu<\/p>\n","protected":false},"featured_media":39497,"comment_status":"open","ping_status":"closed","template":"","meta":[],"product_brand":[],"product_cat":[3122],"product_tag":[1691],"class_list":{"0":"post-39623","1":"product","2":"type-product","3":"status-publish","4":"has-post-thumbnail","6":"product_cat-3122","7":"product_tag-1691","9":"first","10":"instock","11":"shipping-taxable","12":"purchasable","13":"product-type-simple"},"yoast_head":"<!-- This site is optimized with the Yoast SEO Premium plugin v27.2 (Yoast SEO v27.6) - https:\/\/yoast.com\/product\/yoast-seo-premium-wordpress\/ -->\n<title>Kentsel Hassasiyet - \u0647\u062f\u064a\u0629 \u0633\u0639\u0648\u062f\u064a\u0629<\/title>\n<meta name=\"robots\" content=\"index, follow, max-snippet:-1, max-image-preview:large, max-video-preview:-1\" \/>\n<link rel=\"canonical\" href=\"https:\/\/saudi-gift.com\/product\/\u062f\u0642\u0629-\u0645\u062f\u064a\u0646\u064a\u0629\/\" \/>\n<meta property=\"og:locale\" content=\"tr_TR\" \/>\n<meta property=\"og:type\" content=\"article\" \/>\n<meta property=\"og:title\" content=\"Kentsel Hassasiyet\" \/>\n<meta property=\"og:description\" content=\"Kentsel Hassasiyet Medine unu i\u00e7in malzemeler: Kimyon tohumu: Sindirim ve \u015fi\u015fkinlik \u00f6nleyici faydalar\u0131 ile bilinen kimyonun kendine \u00f6zg\u00fc bir kokusu\" \/>\n<meta property=\"og:url\" content=\"https:\/\/saudi-gift.com\/product\/\u062f\u0642\u0629-\u0645\u062f\u064a\u0646\u064a\u0629\/\" \/>\n<meta property=\"og:site_name\" content=\"\u0647\u062f\u064a\u0629 \u0633\u0639\u0648\u062f\u064a\u0629\" \/>\n<meta property=\"article:publisher\" content=\"https:\/\/www.facebook.com\/profile.php?id=61560277649059&amp;mibextid=LQQJ4d\" \/>\n<meta property=\"article:modified_time\" content=\"2025-02-01T17:20:22+00:00\" \/>\n<meta property=\"og:image\" content=\"https:\/\/saudi-gift.com\/wp-content\/uploads\/2025\/01\/c7862b20-602a-4a7e-b7b3-ac61c5e4b6e6-1000x1000-wobyn7y2QWHhHd00D6HfuCrOSL3TgpmRSyJGU805.webp\" \/>\n\t<meta property=\"og:image:width\" content=\"1000\" \/>\n\t<meta property=\"og:image:height\" content=\"1000\" \/>\n\t<meta property=\"og:image:type\" content=\"image\/webp\" \/>\n<meta name=\"twitter:card\" content=\"summary_large_image\" \/>\n<meta name=\"twitter:site\" content=\"@saudigift_\" \/>\n<meta name=\"twitter:label1\" content=\"Tahmini okuma s\u00fcresi\" \/>\n\t<meta name=\"twitter:data1\" content=\"1 dakika\" \/>\n<script type=\"application\/ld+json\" class=\"yoast-schema-graph\">{\"@context\":\"https:\\\/\\\/schema.org\",\"@graph\":[{\"@type\":\"WebPage\",\"@id\":\"https:\\\/\\\/saudi-gift.com\\\/product\\\/%d8%af%d9%82%d8%a9-%d9%85%d8%af%d9%8a%d9%86%d9%8a%d8%a9\\\/\",\"url\":\"https:\\\/\\\/saudi-gift.com\\\/product\\\/%d8%af%d9%82%d8%a9-%d9%85%d8%af%d9%8a%d9%86%d9%8a%d8%a9\\\/\",\"name\":\"Kentsel Hassasiyet - \u0647\u062f\u064a\u0629 \u0633\u0639\u0648\u062f\u064a\u0629\",\"isPartOf\":{\"@id\":\"https:\\\/\\\/saudi-gift.com\\\/#website\"},\"primaryImageOfPage\":{\"@id\":\"https:\\\/\\\/saudi-gift.com\\\/product\\\/%d8%af%d9%82%d8%a9-%d9%85%d8%af%d9%8a%d9%86%d9%8a%d8%a9\\\/#primaryimage\"},\"image\":{\"@id\":\"https:\\\/\\\/saudi-gift.com\\\/product\\\/%d8%af%d9%82%d8%a9-%d9%85%d8%af%d9%8a%d9%86%d9%8a%d8%a9\\\/#primaryimage\"},\"thumbnailUrl\":\"https:\\\/\\\/saudi-gift.com\\\/wp-content\\\/uploads\\\/2025\\\/01\\\/c7862b20-602a-4a7e-b7b3-ac61c5e4b6e6-1000x1000-wobyn7y2QWHhHd00D6HfuCrOSL3TgpmRSyJGU805.webp\",\"datePublished\":\"2025-01-22T11:51:17+00:00\",\"dateModified\":\"2025-02-01T17:20:22+00:00\",\"breadcrumb\":{\"@id\":\"https:\\\/\\\/saudi-gift.com\\\/product\\\/%d8%af%d9%82%d8%a9-%d9%85%d8%af%d9%8a%d9%86%d9%8a%d8%a9\\\/#breadcrumb\"},\"inLanguage\":\"tr\",\"potentialAction\":[{\"@type\":\"ReadAction\",\"target\":[\"https:\\\/\\\/saudi-gift.com\\\/product\\\/%d8%af%d9%82%d8%a9-%d9%85%d8%af%d9%8a%d9%86%d9%8a%d8%a9\\\/\"]}]},{\"@type\":\"ImageObject\",\"inLanguage\":\"tr\",\"@id\":\"https:\\\/\\\/saudi-gift.com\\\/product\\\/%d8%af%d9%82%d8%a9-%d9%85%d8%af%d9%8a%d9%86%d9%8a%d8%a9\\\/#primaryimage\",\"url\":\"https:\\\/\\\/saudi-gift.com\\\/wp-content\\\/uploads\\\/2025\\\/01\\\/c7862b20-602a-4a7e-b7b3-ac61c5e4b6e6-1000x1000-wobyn7y2QWHhHd00D6HfuCrOSL3TgpmRSyJGU805.webp\",\"contentUrl\":\"https:\\\/\\\/saudi-gift.com\\\/wp-content\\\/uploads\\\/2025\\\/01\\\/c7862b20-602a-4a7e-b7b3-ac61c5e4b6e6-1000x1000-wobyn7y2QWHhHd00D6HfuCrOSL3TgpmRSyJGU805.webp\",\"width\":1000,\"height\":1000},{\"@type\":\"BreadcrumbList\",\"@id\":\"https:\\\/\\\/saudi-gift.com\\\/product\\\/%d8%af%d9%82%d8%a9-%d9%85%d8%af%d9%8a%d9%86%d9%8a%d8%a9\\\/#breadcrumb\",\"itemListElement\":[{\"@type\":\"ListItem\",\"position\":1,\"name\":\"Home\",\"item\":\"https:\\\/\\\/saudi-gift.com\\\/tr\\\/\"},{\"@type\":\"ListItem\",\"position\":2,\"name\":\"\u015eimdi Al\u0131\u015fveri\u015f Yap\u0131n\",\"item\":\"https:\\\/\\\/saudi-gift.com\\\/tr\\\/simdi-alisveris-yapin\\\/\"},{\"@type\":\"ListItem\",\"position\":3,\"name\":\"Kentsel Hassasiyet\"}]},{\"@type\":\"WebSite\",\"@id\":\"https:\\\/\\\/saudi-gift.com\\\/#website\",\"url\":\"https:\\\/\\\/saudi-gift.com\\\/\",\"name\":\"\u0647\u062f\u064a\u0629 \u0633\u0639\u0648\u062f\u064a\u0629\",\"description\":\"\u0647\u062f\u064a\u0629 \u0633\u0639\u0648\u062f\u064a\u0629 \u0645\u062a\u062c\u0631 \u0627\u0644\u0643\u062a\u0631\u0648\u0646\u064a \u064a\u0642\u062f\u0645 \u0644\u0643\u0645 \u0645\u062c\u0645\u0648\u0639\u0629 \u0645\u0646 \u0627\u0644\u0647\u062f\u0627\u064a\u0627 \u0627\u0644\u062a\u064a \u062a\u062c\u0633\u062f \u0639\u0628\u0642 \u0630\u0643\u0631\u064a\u0627\u062a\u0643\u0645 \u0641\u064a \u0627\u0644\u0645\u0634\u0627\u0639\u0631 \u0627\u0644\u0645\u0642\u062f\u0633\u0629\",\"publisher\":{\"@id\":\"https:\\\/\\\/saudi-gift.com\\\/#organization\"},\"alternateName\":\"\u0647\u062f\u064a\u0629 \u0633\u0639\u0648\u062f\u064a\u0629\",\"potentialAction\":[{\"@type\":\"SearchAction\",\"target\":{\"@type\":\"EntryPoint\",\"urlTemplate\":\"https:\\\/\\\/saudi-gift.com\\\/?s={search_term_string}\"},\"query-input\":{\"@type\":\"PropertyValueSpecification\",\"valueRequired\":true,\"valueName\":\"search_term_string\"}}],\"inLanguage\":\"tr\"},{\"@type\":\"Organization\",\"@id\":\"https:\\\/\\\/saudi-gift.com\\\/#organization\",\"name\":\"\u0645\u062a\u062c\u0631 \u0627\u0644\u0647\u062f\u064a\u0629\",\"alternateName\":\"\u0647\u062f\u064a\u0629 \u0633\u0639\u0648\u062f\u064a\u0629\",\"url\":\"https:\\\/\\\/saudi-gift.com\\\/\",\"logo\":{\"@type\":\"ImageObject\",\"inLanguage\":\"tr\",\"@id\":\"https:\\\/\\\/saudi-gift.com\\\/#\\\/schema\\\/logo\\\/image\\\/\",\"url\":\"https:\\\/\\\/saudi-gift.com\\\/wp-content\\\/uploads\\\/2025\\\/05\\\/2.png\",\"contentUrl\":\"https:\\\/\\\/saudi-gift.com\\\/wp-content\\\/uploads\\\/2025\\\/05\\\/2.png\",\"width\":163,\"height\":42,\"caption\":\"\u0645\u062a\u062c\u0631 \u0627\u0644\u0647\u062f\u064a\u0629\"},\"image\":{\"@id\":\"https:\\\/\\\/saudi-gift.com\\\/#\\\/schema\\\/logo\\\/image\\\/\"},\"sameAs\":[\"https:\\\/\\\/www.facebook.com\\\/profile.php?id=61560277649059&mibextid=LQQJ4d\",\"https:\\\/\\\/x.com\\\/saudigift_\"]}]}<\/script>\n<!-- \/ Yoast SEO Premium plugin. -->","yoast_head_json":{"title":"Kentsel Hassasiyet - \u0647\u062f\u064a\u0629 \u0633\u0639\u0648\u062f\u064a\u0629","robots":{"index":"index","follow":"follow","max-snippet":"max-snippet:-1","max-image-preview":"max-image-preview:large","max-video-preview":"max-video-preview:-1"},"canonical":"https:\/\/saudi-gift.com\/product\/\u062f\u0642\u0629-\u0645\u062f\u064a\u0646\u064a\u0629\/","og_locale":"tr_TR","og_type":"article","og_title":"Kentsel Hassasiyet","og_description":"Kentsel Hassasiyet Medine unu i\u00e7in malzemeler: Kimyon tohumu: Sindirim ve \u015fi\u015fkinlik \u00f6nleyici faydalar\u0131 ile bilinen kimyonun kendine \u00f6zg\u00fc bir kokusu","og_url":"https:\/\/saudi-gift.com\/product\/\u062f\u0642\u0629-\u0645\u062f\u064a\u0646\u064a\u0629\/","og_site_name":"\u0647\u062f\u064a\u0629 \u0633\u0639\u0648\u062f\u064a\u0629","article_publisher":"https:\/\/www.facebook.com\/profile.php?id=61560277649059&mibextid=LQQJ4d","article_modified_time":"2025-02-01T17:20:22+00:00","og_image":[{"width":1000,"height":1000,"url":"https:\/\/saudi-gift.com\/wp-content\/uploads\/2025\/01\/c7862b20-602a-4a7e-b7b3-ac61c5e4b6e6-1000x1000-wobyn7y2QWHhHd00D6HfuCrOSL3TgpmRSyJGU805.webp","type":"image\/webp"}],"twitter_card":"summary_large_image","twitter_site":"@saudigift_","twitter_misc":{"Tahmini okuma s\u00fcresi":"1 dakika"},"schema":{"@context":"https:\/\/schema.org","@graph":[{"@type":"WebPage","@id":"https:\/\/saudi-gift.com\/product\/%d8%af%d9%82%d8%a9-%d9%85%d8%af%d9%8a%d9%86%d9%8a%d8%a9\/","url":"https:\/\/saudi-gift.com\/product\/%d8%af%d9%82%d8%a9-%d9%85%d8%af%d9%8a%d9%86%d9%8a%d8%a9\/","name":"Kentsel Hassasiyet - \u0647\u062f\u064a\u0629 \u0633\u0639\u0648\u062f\u064a\u0629","isPartOf":{"@id":"https:\/\/saudi-gift.com\/#website"},"primaryImageOfPage":{"@id":"https:\/\/saudi-gift.com\/product\/%d8%af%d9%82%d8%a9-%d9%85%d8%af%d9%8a%d9%86%d9%8a%d8%a9\/#primaryimage"},"image":{"@id":"https:\/\/saudi-gift.com\/product\/%d8%af%d9%82%d8%a9-%d9%85%d8%af%d9%8a%d9%86%d9%8a%d8%a9\/#primaryimage"},"thumbnailUrl":"https:\/\/saudi-gift.com\/wp-content\/uploads\/2025\/01\/c7862b20-602a-4a7e-b7b3-ac61c5e4b6e6-1000x1000-wobyn7y2QWHhHd00D6HfuCrOSL3TgpmRSyJGU805.webp","datePublished":"2025-01-22T11:51:17+00:00","dateModified":"2025-02-01T17:20:22+00:00","breadcrumb":{"@id":"https:\/\/saudi-gift.com\/product\/%d8%af%d9%82%d8%a9-%d9%85%d8%af%d9%8a%d9%86%d9%8a%d8%a9\/#breadcrumb"},"inLanguage":"tr","potentialAction":[{"@type":"ReadAction","target":["https:\/\/saudi-gift.com\/product\/%d8%af%d9%82%d8%a9-%d9%85%d8%af%d9%8a%d9%86%d9%8a%d8%a9\/"]}]},{"@type":"ImageObject","inLanguage":"tr","@id":"https:\/\/saudi-gift.com\/product\/%d8%af%d9%82%d8%a9-%d9%85%d8%af%d9%8a%d9%86%d9%8a%d8%a9\/#primaryimage","url":"https:\/\/saudi-gift.com\/wp-content\/uploads\/2025\/01\/c7862b20-602a-4a7e-b7b3-ac61c5e4b6e6-1000x1000-wobyn7y2QWHhHd00D6HfuCrOSL3TgpmRSyJGU805.webp","contentUrl":"https:\/\/saudi-gift.com\/wp-content\/uploads\/2025\/01\/c7862b20-602a-4a7e-b7b3-ac61c5e4b6e6-1000x1000-wobyn7y2QWHhHd00D6HfuCrOSL3TgpmRSyJGU805.webp","width":1000,"height":1000},{"@type":"BreadcrumbList","@id":"https:\/\/saudi-gift.com\/product\/%d8%af%d9%82%d8%a9-%d9%85%d8%af%d9%8a%d9%86%d9%8a%d8%a9\/#breadcrumb","itemListElement":[{"@type":"ListItem","position":1,"name":"Home","item":"https:\/\/saudi-gift.com\/tr\/"},{"@type":"ListItem","position":2,"name":"\u015eimdi Al\u0131\u015fveri\u015f Yap\u0131n","item":"https:\/\/saudi-gift.com\/tr\/simdi-alisveris-yapin\/"},{"@type":"ListItem","position":3,"name":"Kentsel Hassasiyet"}]},{"@type":"WebSite","@id":"https:\/\/saudi-gift.com\/#website","url":"https:\/\/saudi-gift.com\/","name":"\u0647\u062f\u064a\u0629 \u0633\u0639\u0648\u062f\u064a\u0629","description":"\u0647\u062f\u064a\u0629 \u0633\u0639\u0648\u062f\u064a\u0629 \u0645\u062a\u062c\u0631 \u0627\u0644\u0643\u062a\u0631\u0648\u0646\u064a \u064a\u0642\u062f\u0645 \u0644\u0643\u0645 \u0645\u062c\u0645\u0648\u0639\u0629 \u0645\u0646 \u0627\u0644\u0647\u062f\u0627\u064a\u0627 \u0627\u0644\u062a\u064a \u062a\u062c\u0633\u062f \u0639\u0628\u0642 \u0630\u0643\u0631\u064a\u0627\u062a\u0643\u0645 \u0641\u064a \u0627\u0644\u0645\u0634\u0627\u0639\u0631 \u0627\u0644\u0645\u0642\u062f\u0633\u0629","publisher":{"@id":"https:\/\/saudi-gift.com\/#organization"},"alternateName":"\u0647\u062f\u064a\u0629 \u0633\u0639\u0648\u062f\u064a\u0629","potentialAction":[{"@type":"SearchAction","target":{"@type":"EntryPoint","urlTemplate":"https:\/\/saudi-gift.com\/?s={search_term_string}"},"query-input":{"@type":"PropertyValueSpecification","valueRequired":true,"valueName":"search_term_string"}}],"inLanguage":"tr"},{"@type":"Organization","@id":"https:\/\/saudi-gift.com\/#organization","name":"\u0645\u062a\u062c\u0631 \u0627\u0644\u0647\u062f\u064a\u0629","alternateName":"\u0647\u062f\u064a\u0629 \u0633\u0639\u0648\u062f\u064a\u0629","url":"https:\/\/saudi-gift.com\/","logo":{"@type":"ImageObject","inLanguage":"tr","@id":"https:\/\/saudi-gift.com\/#\/schema\/logo\/image\/","url":"https:\/\/saudi-gift.com\/wp-content\/uploads\/2025\/05\/2.png","contentUrl":"https:\/\/saudi-gift.com\/wp-content\/uploads\/2025\/05\/2.png","width":163,"height":42,"caption":"\u0645\u062a\u062c\u0631 \u0627\u0644\u0647\u062f\u064a\u0629"},"image":{"@id":"https:\/\/saudi-gift.com\/#\/schema\/logo\/image\/"},"sameAs":["https:\/\/www.facebook.com\/profile.php?id=61560277649059&mibextid=LQQJ4d","https:\/\/x.com\/saudigift_"]}]}},"jetpack-related-posts":[],"_links":{"self":[{"href":"https:\/\/saudi-gift.com\/tr\/wp-json\/wp\/v2\/product\/39623","targetHints":{"allow":["GET"]}}],"collection":[{"href":"https:\/\/saudi-gift.com\/tr\/wp-json\/wp\/v2\/product"}],"about":[{"href":"https:\/\/saudi-gift.com\/tr\/wp-json\/wp\/v2\/types\/product"}],"replies":[{"embeddable":true,"href":"https:\/\/saudi-gift.com\/tr\/wp-json\/wp\/v2\/comments?post=39623"}],"version-history":[{"count":0,"href":"https:\/\/saudi-gift.com\/tr\/wp-json\/wp\/v2\/product\/39623\/revisions"}],"wp:featuredmedia":[{"embeddable":true,"href":"https:\/\/saudi-gift.com\/tr\/wp-json\/wp\/v2\/media\/39497"}],"wp:attachment":[{"href":"https:\/\/saudi-gift.com\/tr\/wp-json\/wp\/v2\/media?parent=39623"}],"wp:term":[{"taxonomy":"product_brand","embeddable":true,"href":"https:\/\/saudi-gift.com\/tr\/wp-json\/wp\/v2\/product_brand?post=39623"},{"taxonomy":"product_cat","embeddable":true,"href":"https:\/\/saudi-gift.com\/tr\/wp-json\/wp\/v2\/product_cat?post=39623"},{"taxonomy":"product_tag","embeddable":true,"href":"https:\/\/saudi-gift.com\/tr\/wp-json\/wp\/v2\/product_tag?post=39623"}],"curies":[{"name":"wp","href":"https:\/\/api.w.org\/{rel}","templated":true}]}}