{"id":39643,"date":"2025-01-22T14:42:04","date_gmt":"2025-01-22T11:42:04","guid":{"rendered":"https:\/\/saudi-gift.com\/product\/kurutulmus-medine-kinasi\/"},"modified":"2025-02-01T21:02:15","modified_gmt":"2025-02-01T18:02:15","slug":"kurutulmus-medine-kinasi","status":"publish","type":"product","link":"https:\/\/saudi-gift.com\/tr\/urun\/kurutulmus-medine-kinasi\/","title":{"rendered":"Kurutulmu\u015f Medine K\u0131nas\u0131"},"content":{"rendered":"<p class=\"ql-align-justify\">Kurutulmu\u015f Medine K\u0131nas\u0131<\/p>\n<p class=\"ql-align-justify\">Antep F\u0131st\u0131\u011f\u0131 Ye\u015fili Renk<\/p>\n<p class=\"ql-align-justify ql-direction-rtl\">K\u0131na, <strong>k\u0131na<\/strong> veya k\u0131na, y\u00fczy\u0131llard\u0131r bir\u00e7ok k\u00fclt\u00fcrde g\u00fczelli\u011fi artt\u0131rmak i\u00e7in kullan\u0131lan bir bitki \u00f6z\u00fcd\u00fcr. Geleneksel olarak Orta Do\u011fu, Hindistan ve Afrika&#8217;da cilt rengini koyula\u015ft\u0131rmak, sa\u00e7 rengini g\u00fczelle\u015ftirmek ve cilt bak\u0131m maddesi olarak kullan\u0131lm\u0131\u015ft\u0131r. G\u00fcn\u00fcm\u00fczde k\u0131na hala bu b\u00f6lgelerde kullan\u0131lmakla birlikte, Bat\u0131 \u00fclkelerinde boya olarak veya d\u00f6vmelere ge\u00e7ici bir alternatif olarak \u00e7ok pop\u00fclerdir. K\u0131nan\u0131n, cildin g\u00f6r\u00fcn\u00fcm\u00fcn\u00fc iyile\u015ftirmek i\u00e7in birlikte \u00e7al\u0131\u015fan \u00e7e\u015fitli bitki \u00f6zleri ve do\u011fal pigmentler i\u00e7erdi\u011fi bilinmektedir. K\u0131na fenol ad\u0131 verilen bitki \u00f6zleri i\u00e7erir. Fenolik bile\u015fikler, ciltte hasara ve ya\u015flanmaya neden olan oksidatif stresi azaltabilen antioksidanlard\u0131r. K\u0131na bitkisi kurudu\u011funda koyu kahverengi bir toza d\u00f6n\u00fc\u015f\u00fcr. Kahverengi toz genellikle k\u0131nan\u0131n boyama k\u0131sm\u0131 i\u00e7in kullan\u0131l\u0131r. Bununla birlikte, kahverengi toz do\u011fal bir di\u015f beyazlat\u0131c\u0131 ve do\u011fal bir v\u00fccut peelingi olarak kullan\u0131labilir. Bitkinin kahverengi tozu farkl\u0131 \u015fekillerde kullan\u0131labilir.            <\/p>\n<h3 class=\"ql-align-justify ql-direction-rtl\"><strong>City Henna cildin g\u00f6r\u00fcn\u00fcm\u00fcn\u00fc iyile\u015ftirir.<\/strong><\/h3>\n<p class=\"ql-align-justify ql-direction-rtl\">Bitkinin kahverengi tozunun ciltteki oksidatif stresi azaltabilen bir antioksidan oldu\u011fu bilinmektedir. <a href=\"https:\/\/attar-sa.com\/%D8%AD%D9%86%D8%A7%D8%A1-%D8%A7%D9%84%D9%85%D8%AF%D9%8A%D9%86%D8%A9-%D8%A7%D9%84%D9%85%D9%86%D9%88%D8%B1%D8%A9\" target=\"_blank\" rel=\"noopener\">K\u0131na<\/a> bu nedenle ciltteki k\u0131r\u0131\u015f\u0131kl\u0131klar\u0131 ve koyu lekeleri azaltmada etkilidir. <\/p>\n<h3 class=\"ql-align-justify ql-direction-rtl\"><strong>K\u0131na Medine do\u011fal bir boyad\u0131r.<\/strong><\/h3>\n<p class=\"ql-align-justify ql-direction-rtl\">Bitkinin kahverengi boyas\u0131 da hi\u00e7bir yan etkisi olmayan do\u011fal bir sa\u00e7 boyas\u0131 olarak etkilidir. Ancak do\u011fal sa\u00e7 bak\u0131m\u0131 i\u00e7in k\u0131na kadar pop\u00fcler de\u011fildir \u00e7\u00fcnk\u00fc bu ama\u00e7 i\u00e7in k\u0131nadan daha az etkilidir.  <\/p>\n<h3 class=\"ql-align-justify ql-direction-rtl\"><strong>K\u0131na Medine do\u011fal bir eksfoliyat\u00f6rd\u00fcr.<\/strong><\/h3>\n<p class=\"ql-align-justify ql-direction-rtl\">K\u0131na bitkisinin kahverengi tozu, di\u015flerdeki plak ve tartar birikimini gidermede etkili oldu\u011fu bilindi\u011finden do\u011fal bir di\u015f f\u0131r\u00e7as\u0131 olarak da kullan\u0131labilir.<\/p>\n<h3 class=\"ql-align-justify ql-direction-rtl\"><strong>Henna Medina do\u011fal bir sa\u00e7 kremidir.<\/strong><\/h3>\n<p class=\"ql-align-justify ql-direction-rtl\">K\u0131nadaki antioksidanlar\u0131n sa\u00e7\u0131 nemlendirmede de etkili oldu\u011fu bilinmektedir. Bu nedenle <a href=\"https:\/\/attar-sa.com\/%D8%A7%D9%84%D8%A3%D8%B9%D8%B4%D8%A7%D8%A8?page=7\" target=\"_blank\" rel=\"noopener\">bitki<\/a> genellikle do\u011fal bir sa\u00e7 kremi olarak kullan\u0131l\u0131r. <\/p>\n<h3 class=\"ql-align-justify ql-direction-rtl\"><strong>K\u0131na cilt i\u00e7in bir nemlendirici g\u00f6revi g\u00f6r\u00fcr.<\/strong><\/h3>\n<p class=\"ql-align-justify ql-direction-rtl\">K\u0131na veya k\u0131na cilt i\u00e7in do\u011fal bir nemlendiricidir. Bu nedenle bitki genellikle do\u011fal bir v\u00fccut nemlendiricisi olarak kullan\u0131l\u0131r. <\/p>\n<h3 class=\"ql-align-justify ql-direction-rtl\"><strong>K\u0131na bir cilt detoksifikat\u00f6r\u00fcd\u00fcr.<\/strong><\/h3>\n<p class=\"ql-align-justify ql-direction-rtl\">K\u0131na bitkisinin kahverengi tozunda bulunan fenolik bile\u015fikler ayn\u0131 zamanda bir a\u011f\u0131r metal detoksifikat\u00f6r\u00fc olarak da i\u015flev g\u00f6r\u00fcr. Bu nedenle bitki genellikle do\u011fal bir detoksifikat\u00f6r olarak kullan\u0131l\u0131r. <\/p>\n<h2 class=\"ql-align-justify ql-direction-rtl\"><strong>Do\u011fal sa\u00e7 bak\u0131m\u0131 i\u00e7in K\u0131na Medine.<\/strong><\/h2>\n<p class=\"ql-align-justify ql-direction-rtl\">K\u0131na Medine, do\u011fal sa\u00e7 bak\u0131m\u0131 i\u00e7in kullan\u0131lan bir bitkidir. K\u0131na Medine&#8217;nin kahverengi tozu do\u011fal olarak koyu kahverengi renktedir, bu nedenle genellikle sa\u00e7 boyas\u0131 olarak kullan\u0131l\u0131r. Bununla birlikte, sa\u00e7\u0131n\u0131z\u0131 nemlendirmek i\u00e7in veya do\u011fal bir di\u015f beyazlat\u0131c\u0131 olarak da kullanabilirsiniz. Bitkinin kahverengi tozunun aksine, k\u0131na \u00f6zleri k\u0131rm\u0131z\u0131 renktedir. Bu k\u0131rm\u0131z\u0131 renk, k\u0131nay\u0131 do\u011fal bir sa\u00e7 boyas\u0131 olarak bu kadar etkili k\u0131lan \u015feydir. K\u0131nan\u0131n k\u0131rm\u0131z\u0131 \u00f6z\u00fc ayn\u0131 zamanda sa\u00e7\u0131 besleyen, sa\u011fl\u0131kl\u0131 ve parlak g\u00f6r\u00fcnmesini sa\u011flayan do\u011fal bir sa\u00e7 kremidir. Bitkiden elde edilen kahverengi toz ve k\u0131rm\u0131z\u0131 k\u0131na \u00f6z\u00fc, sa\u00e7a bak\u0131m yaparken bir kombinasyon olarak kullan\u0131l\u0131r.         <\/p>\n<h2 class=\"ql-align-justify ql-direction-rtl\"><strong>Sa\u011fl\u0131kl\u0131 bir cilt i\u00e7in \u015fehir k\u0131nas\u0131.<\/strong><\/h2>\n<p class=\"ql-align-justify ql-direction-rtl\">K\u0131na Medine K\u0131rm\u0131z\u0131s\u0131 \u00d6z\u00fc do\u011fal bir cilt yumu\u015fat\u0131c\u0131d\u0131r. Bu \u00f6z cilt i\u00e7in do\u011fal bir nemlendirici g\u00f6revi g\u00f6r\u00fcr. Bitkinin kahverengi tozu ayn\u0131 zamanda ciltteki oksidatif stresi azaltabilen do\u011fal bir antioksidand\u0131r. Bitkinin kahverengi tozu ciltteki fazla ya\u011f\u0131n giderilmesinde etkilidir. Bu nedenle toz, do\u011fal bir y\u00fcz peelingi olarak kullan\u0131labilir. Bitkinin kahverengi tozu ayn\u0131 zamanda do\u011fal bir toksin ve a\u011f\u0131r metal detoksifiye edicidir. Bitkinin kahverengi tozunda bulunan fenolik bile\u015fikler, cilt \u00fczerindeki oksidatif stresi azaltabilen antioksidanlard\u0131r.      <\/p>\n<h2 class=\"ql-align-justify ql-direction-rtl\"><strong>Sa\u00e7 boyama i\u00e7in Medine k\u0131nas\u0131.<\/strong><\/h2>\n<p class=\"ql-align-justify ql-direction-rtl\">K\u0131na bitkisinin k\u0131rm\u0131z\u0131 \u00f6z\u00fcn\u00fcn do\u011fal bir sa\u00e7 boyas\u0131 olarak da etkili oldu\u011fu bilinmektedir. Bu y\u00fczden do\u011fal sa\u00e7 boyas\u0131 olarak s\u0131kl\u0131kla kullan\u0131l\u0131r. Bitkinin kahverengi tozu koyu kahverengi renktedir ve sa\u00e7taki fazla ya\u011f\u0131 gidermede etkilidir. Bitkinin kahverengi tozu ayn\u0131 zamanda do\u011fal bir toksin ve a\u011f\u0131r metal detoksifiye edicidir. Bitkinin kahverengi tozu ayn\u0131 zamanda do\u011fal bir sa\u00e7 kremi ve do\u011fal bir y\u00fcz peelingi olarak da etkilidir. Bitkinin kahverengi tozu sa\u00e7 bak\u0131m\u0131nda k\u0131rm\u0131z\u0131 k\u0131na \u00f6z\u00fc ile kar\u0131\u015ft\u0131r\u0131l\u0131r ve do\u011fal sa\u00e7 boyas\u0131 olarak kullan\u0131l\u0131r.     <\/p>\n<h2 class=\"ql-align-justify ql-direction-rtl\"><strong>V\u00fccut bak\u0131m\u0131 i\u00e7in Henna Medina.<\/strong><\/h2>\n<p class=\"ql-align-justify ql-direction-rtl\">Bitkinin kahverengi tozunun do\u011fal bir v\u00fccut peelingi olarak da etkili oldu\u011fu bilinmektedir. Bu y\u00fczden s\u0131kl\u0131kla v\u00fccut peelingi olarak kullan\u0131l\u0131r. K\u0131na bitkisinin k\u0131rm\u0131z\u0131 \u00f6z\u00fcn\u00fcn de do\u011fal bir v\u00fccut peelingi olarak etkili oldu\u011fu bilinmektedir. Bu y\u00fczden s\u0131kl\u0131kla v\u00fccut peelingi olarak kullan\u0131l\u0131r. Bitkinin kahverengi tozu koyu kahverengi renktedir ve ciltteki fazla ya\u011flar\u0131n giderilmesinde etkilidir. Bitkinin kahverengi tozu ayn\u0131 zamanda do\u011fal bir toksin ve a\u011f\u0131r metal detoksifiye edicidir.     <\/p>\n","protected":false},"excerpt":{"rendered":"<p>Medina&#8217;n\u0131n birinci s\u0131n\u0131f \u00f6\u011f\u00fct\u00fclm\u00fc\u015f k\u0131nas\u0131. Safs\u0131zl\u0131k i\u00e7ermez ve g\u00fczel bir f\u0131st\u0131k ye\u015fili rengine sahiptir. <\/p>\n","protected":false},"featured_media":39473,"comment_status":"open","ping_status":"closed","template":"","meta":[],"product_brand":[],"product_cat":[3122],"product_tag":[1688],"class_list":{"0":"post-39643","1":"product","2":"type-product","3":"status-publish","4":"has-post-thumbnail","6":"product_cat-3122","7":"product_tag-1688","9":"first","10":"instock","11":"shipping-taxable","12":"purchasable","13":"product-type-simple"},"yoast_head":"<!-- This site is optimized with the Yoast SEO Premium plugin v27.2 (Yoast SEO v27.6) - https:\/\/yoast.com\/product\/yoast-seo-premium-wordpress\/ -->\n<title>Kurutulmu\u015f Medine K\u0131nas\u0131 - \u0647\u062f\u064a\u0629 \u0633\u0639\u0648\u062f\u064a\u0629<\/title>\n<meta name=\"robots\" content=\"index, follow, max-snippet:-1, max-image-preview:large, max-video-preview:-1\" \/>\n<link rel=\"canonical\" href=\"https:\/\/saudi-gift.com\/product\/\u062d\u0646\u0629-\u0645\u062f\u064a\u0646\u064a\u0629-\u0645\u062c\u0641\u0641\u0629\/\" \/>\n<meta property=\"og:locale\" content=\"tr_TR\" \/>\n<meta property=\"og:type\" content=\"article\" \/>\n<meta property=\"og:title\" content=\"Kurutulmu\u015f Medine K\u0131nas\u0131\" \/>\n<meta property=\"og:description\" content=\"Medina&#039;n\u0131n birinci s\u0131n\u0131f \u00f6\u011f\u00fct\u00fclm\u00fc\u015f k\u0131nas\u0131. Safs\u0131zl\u0131k i\u00e7ermez ve g\u00fczel bir f\u0131st\u0131k ye\u015fili rengine sahiptir.\" \/>\n<meta property=\"og:url\" content=\"https:\/\/saudi-gift.com\/product\/\u062d\u0646\u0629-\u0645\u062f\u064a\u0646\u064a\u0629-\u0645\u062c\u0641\u0641\u0629\/\" \/>\n<meta property=\"og:site_name\" content=\"\u0647\u062f\u064a\u0629 \u0633\u0639\u0648\u062f\u064a\u0629\" \/>\n<meta property=\"article:publisher\" content=\"https:\/\/www.facebook.com\/profile.php?id=61560277649059&amp;mibextid=LQQJ4d\" \/>\n<meta property=\"article:modified_time\" content=\"2025-02-01T18:02:15+00:00\" \/>\n<meta property=\"og:image\" content=\"https:\/\/saudi-gift.com\/wp-content\/uploads\/2025\/01\/95105f97-02db-48cc-91fa-69bcde18abc9-1000x1000-NVIaqsXh42O0EbXacRAIP3VWcg4mmzzmSYwXyvaJ.webp\" \/>\n\t<meta property=\"og:image:width\" content=\"999\" \/>\n\t<meta property=\"og:image:height\" content=\"999\" \/>\n\t<meta property=\"og:image:type\" content=\"image\/webp\" \/>\n<meta name=\"twitter:card\" content=\"summary_large_image\" \/>\n<meta name=\"twitter:site\" content=\"@saudigift_\" \/>\n<meta name=\"twitter:label1\" content=\"Tahmini okuma s\u00fcresi\" \/>\n\t<meta name=\"twitter:data1\" content=\"4 dakika\" \/>\n<script type=\"application\/ld+json\" class=\"yoast-schema-graph\">{\"@context\":\"https:\\\/\\\/schema.org\",\"@graph\":[{\"@type\":\"WebPage\",\"@id\":\"https:\\\/\\\/saudi-gift.com\\\/product\\\/%d8%ad%d9%86%d8%a9-%d9%85%d8%af%d9%8a%d9%86%d9%8a%d8%a9-%d9%85%d8%ac%d9%81%d9%81%d8%a9\\\/\",\"url\":\"https:\\\/\\\/saudi-gift.com\\\/product\\\/%d8%ad%d9%86%d8%a9-%d9%85%d8%af%d9%8a%d9%86%d9%8a%d8%a9-%d9%85%d8%ac%d9%81%d9%81%d8%a9\\\/\",\"name\":\"Kurutulmu\u015f Medine K\u0131nas\u0131 - \u0647\u062f\u064a\u0629 \u0633\u0639\u0648\u062f\u064a\u0629\",\"isPartOf\":{\"@id\":\"https:\\\/\\\/saudi-gift.com\\\/#website\"},\"primaryImageOfPage\":{\"@id\":\"https:\\\/\\\/saudi-gift.com\\\/product\\\/%d8%ad%d9%86%d8%a9-%d9%85%d8%af%d9%8a%d9%86%d9%8a%d8%a9-%d9%85%d8%ac%d9%81%d9%81%d8%a9\\\/#primaryimage\"},\"image\":{\"@id\":\"https:\\\/\\\/saudi-gift.com\\\/product\\\/%d8%ad%d9%86%d8%a9-%d9%85%d8%af%d9%8a%d9%86%d9%8a%d8%a9-%d9%85%d8%ac%d9%81%d9%81%d8%a9\\\/#primaryimage\"},\"thumbnailUrl\":\"https:\\\/\\\/saudi-gift.com\\\/wp-content\\\/uploads\\\/2025\\\/01\\\/95105f97-02db-48cc-91fa-69bcde18abc9-1000x1000-NVIaqsXh42O0EbXacRAIP3VWcg4mmzzmSYwXyvaJ.webp\",\"datePublished\":\"2025-01-22T11:42:04+00:00\",\"dateModified\":\"2025-02-01T18:02:15+00:00\",\"breadcrumb\":{\"@id\":\"https:\\\/\\\/saudi-gift.com\\\/product\\\/%d8%ad%d9%86%d8%a9-%d9%85%d8%af%d9%8a%d9%86%d9%8a%d8%a9-%d9%85%d8%ac%d9%81%d9%81%d8%a9\\\/#breadcrumb\"},\"inLanguage\":\"tr\",\"potentialAction\":[{\"@type\":\"ReadAction\",\"target\":[\"https:\\\/\\\/saudi-gift.com\\\/product\\\/%d8%ad%d9%86%d8%a9-%d9%85%d8%af%d9%8a%d9%86%d9%8a%d8%a9-%d9%85%d8%ac%d9%81%d9%81%d8%a9\\\/\"]}]},{\"@type\":\"ImageObject\",\"inLanguage\":\"tr\",\"@id\":\"https:\\\/\\\/saudi-gift.com\\\/product\\\/%d8%ad%d9%86%d8%a9-%d9%85%d8%af%d9%8a%d9%86%d9%8a%d8%a9-%d9%85%d8%ac%d9%81%d9%81%d8%a9\\\/#primaryimage\",\"url\":\"https:\\\/\\\/saudi-gift.com\\\/wp-content\\\/uploads\\\/2025\\\/01\\\/95105f97-02db-48cc-91fa-69bcde18abc9-1000x1000-NVIaqsXh42O0EbXacRAIP3VWcg4mmzzmSYwXyvaJ.webp\",\"contentUrl\":\"https:\\\/\\\/saudi-gift.com\\\/wp-content\\\/uploads\\\/2025\\\/01\\\/95105f97-02db-48cc-91fa-69bcde18abc9-1000x1000-NVIaqsXh42O0EbXacRAIP3VWcg4mmzzmSYwXyvaJ.webp\",\"width\":999,\"height\":999},{\"@type\":\"BreadcrumbList\",\"@id\":\"https:\\\/\\\/saudi-gift.com\\\/product\\\/%d8%ad%d9%86%d8%a9-%d9%85%d8%af%d9%8a%d9%86%d9%8a%d8%a9-%d9%85%d8%ac%d9%81%d9%81%d8%a9\\\/#breadcrumb\",\"itemListElement\":[{\"@type\":\"ListItem\",\"position\":1,\"name\":\"Home\",\"item\":\"https:\\\/\\\/saudi-gift.com\\\/tr\\\/\"},{\"@type\":\"ListItem\",\"position\":2,\"name\":\"\u015eimdi Al\u0131\u015fveri\u015f Yap\u0131n\",\"item\":\"https:\\\/\\\/saudi-gift.com\\\/tr\\\/simdi-alisveris-yapin\\\/\"},{\"@type\":\"ListItem\",\"position\":3,\"name\":\"Kurutulmu\u015f Medine K\u0131nas\u0131\"}]},{\"@type\":\"WebSite\",\"@id\":\"https:\\\/\\\/saudi-gift.com\\\/#website\",\"url\":\"https:\\\/\\\/saudi-gift.com\\\/\",\"name\":\"\u0647\u062f\u064a\u0629 \u0633\u0639\u0648\u062f\u064a\u0629\",\"description\":\"\u0647\u062f\u064a\u0629 \u0633\u0639\u0648\u062f\u064a\u0629 \u0645\u062a\u062c\u0631 \u0627\u0644\u0643\u062a\u0631\u0648\u0646\u064a \u064a\u0642\u062f\u0645 \u0644\u0643\u0645 \u0645\u062c\u0645\u0648\u0639\u0629 \u0645\u0646 \u0627\u0644\u0647\u062f\u0627\u064a\u0627 \u0627\u0644\u062a\u064a \u062a\u062c\u0633\u062f \u0639\u0628\u0642 \u0630\u0643\u0631\u064a\u0627\u062a\u0643\u0645 \u0641\u064a \u0627\u0644\u0645\u0634\u0627\u0639\u0631 \u0627\u0644\u0645\u0642\u062f\u0633\u0629\",\"publisher\":{\"@id\":\"https:\\\/\\\/saudi-gift.com\\\/#organization\"},\"alternateName\":\"\u0647\u062f\u064a\u0629 \u0633\u0639\u0648\u062f\u064a\u0629\",\"potentialAction\":[{\"@type\":\"SearchAction\",\"target\":{\"@type\":\"EntryPoint\",\"urlTemplate\":\"https:\\\/\\\/saudi-gift.com\\\/?s={search_term_string}\"},\"query-input\":{\"@type\":\"PropertyValueSpecification\",\"valueRequired\":true,\"valueName\":\"search_term_string\"}}],\"inLanguage\":\"tr\"},{\"@type\":\"Organization\",\"@id\":\"https:\\\/\\\/saudi-gift.com\\\/#organization\",\"name\":\"\u0645\u062a\u062c\u0631 \u0627\u0644\u0647\u062f\u064a\u0629\",\"alternateName\":\"\u0647\u062f\u064a\u0629 \u0633\u0639\u0648\u062f\u064a\u0629\",\"url\":\"https:\\\/\\\/saudi-gift.com\\\/\",\"logo\":{\"@type\":\"ImageObject\",\"inLanguage\":\"tr\",\"@id\":\"https:\\\/\\\/saudi-gift.com\\\/#\\\/schema\\\/logo\\\/image\\\/\",\"url\":\"https:\\\/\\\/saudi-gift.com\\\/wp-content\\\/uploads\\\/2025\\\/05\\\/2.png\",\"contentUrl\":\"https:\\\/\\\/saudi-gift.com\\\/wp-content\\\/uploads\\\/2025\\\/05\\\/2.png\",\"width\":163,\"height\":42,\"caption\":\"\u0645\u062a\u062c\u0631 \u0627\u0644\u0647\u062f\u064a\u0629\"},\"image\":{\"@id\":\"https:\\\/\\\/saudi-gift.com\\\/#\\\/schema\\\/logo\\\/image\\\/\"},\"sameAs\":[\"https:\\\/\\\/www.facebook.com\\\/profile.php?id=61560277649059&mibextid=LQQJ4d\",\"https:\\\/\\\/x.com\\\/saudigift_\"]}]}<\/script>\n<!-- \/ Yoast SEO Premium plugin. -->","yoast_head_json":{"title":"Kurutulmu\u015f Medine K\u0131nas\u0131 - \u0647\u062f\u064a\u0629 \u0633\u0639\u0648\u062f\u064a\u0629","robots":{"index":"index","follow":"follow","max-snippet":"max-snippet:-1","max-image-preview":"max-image-preview:large","max-video-preview":"max-video-preview:-1"},"canonical":"https:\/\/saudi-gift.com\/product\/\u062d\u0646\u0629-\u0645\u062f\u064a\u0646\u064a\u0629-\u0645\u062c\u0641\u0641\u0629\/","og_locale":"tr_TR","og_type":"article","og_title":"Kurutulmu\u015f Medine K\u0131nas\u0131","og_description":"Medina'n\u0131n birinci s\u0131n\u0131f \u00f6\u011f\u00fct\u00fclm\u00fc\u015f k\u0131nas\u0131. Safs\u0131zl\u0131k i\u00e7ermez ve g\u00fczel bir f\u0131st\u0131k ye\u015fili rengine sahiptir.","og_url":"https:\/\/saudi-gift.com\/product\/\u062d\u0646\u0629-\u0645\u062f\u064a\u0646\u064a\u0629-\u0645\u062c\u0641\u0641\u0629\/","og_site_name":"\u0647\u062f\u064a\u0629 \u0633\u0639\u0648\u062f\u064a\u0629","article_publisher":"https:\/\/www.facebook.com\/profile.php?id=61560277649059&mibextid=LQQJ4d","article_modified_time":"2025-02-01T18:02:15+00:00","og_image":[{"width":999,"height":999,"url":"https:\/\/saudi-gift.com\/wp-content\/uploads\/2025\/01\/95105f97-02db-48cc-91fa-69bcde18abc9-1000x1000-NVIaqsXh42O0EbXacRAIP3VWcg4mmzzmSYwXyvaJ.webp","type":"image\/webp"}],"twitter_card":"summary_large_image","twitter_site":"@saudigift_","twitter_misc":{"Tahmini okuma s\u00fcresi":"4 dakika"},"schema":{"@context":"https:\/\/schema.org","@graph":[{"@type":"WebPage","@id":"https:\/\/saudi-gift.com\/product\/%d8%ad%d9%86%d8%a9-%d9%85%d8%af%d9%8a%d9%86%d9%8a%d8%a9-%d9%85%d8%ac%d9%81%d9%81%d8%a9\/","url":"https:\/\/saudi-gift.com\/product\/%d8%ad%d9%86%d8%a9-%d9%85%d8%af%d9%8a%d9%86%d9%8a%d8%a9-%d9%85%d8%ac%d9%81%d9%81%d8%a9\/","name":"Kurutulmu\u015f Medine K\u0131nas\u0131 - \u0647\u062f\u064a\u0629 \u0633\u0639\u0648\u062f\u064a\u0629","isPartOf":{"@id":"https:\/\/saudi-gift.com\/#website"},"primaryImageOfPage":{"@id":"https:\/\/saudi-gift.com\/product\/%d8%ad%d9%86%d8%a9-%d9%85%d8%af%d9%8a%d9%86%d9%8a%d8%a9-%d9%85%d8%ac%d9%81%d9%81%d8%a9\/#primaryimage"},"image":{"@id":"https:\/\/saudi-gift.com\/product\/%d8%ad%d9%86%d8%a9-%d9%85%d8%af%d9%8a%d9%86%d9%8a%d8%a9-%d9%85%d8%ac%d9%81%d9%81%d8%a9\/#primaryimage"},"thumbnailUrl":"https:\/\/saudi-gift.com\/wp-content\/uploads\/2025\/01\/95105f97-02db-48cc-91fa-69bcde18abc9-1000x1000-NVIaqsXh42O0EbXacRAIP3VWcg4mmzzmSYwXyvaJ.webp","datePublished":"2025-01-22T11:42:04+00:00","dateModified":"2025-02-01T18:02:15+00:00","breadcrumb":{"@id":"https:\/\/saudi-gift.com\/product\/%d8%ad%d9%86%d8%a9-%d9%85%d8%af%d9%8a%d9%86%d9%8a%d8%a9-%d9%85%d8%ac%d9%81%d9%81%d8%a9\/#breadcrumb"},"inLanguage":"tr","potentialAction":[{"@type":"ReadAction","target":["https:\/\/saudi-gift.com\/product\/%d8%ad%d9%86%d8%a9-%d9%85%d8%af%d9%8a%d9%86%d9%8a%d8%a9-%d9%85%d8%ac%d9%81%d9%81%d8%a9\/"]}]},{"@type":"ImageObject","inLanguage":"tr","@id":"https:\/\/saudi-gift.com\/product\/%d8%ad%d9%86%d8%a9-%d9%85%d8%af%d9%8a%d9%86%d9%8a%d8%a9-%d9%85%d8%ac%d9%81%d9%81%d8%a9\/#primaryimage","url":"https:\/\/saudi-gift.com\/wp-content\/uploads\/2025\/01\/95105f97-02db-48cc-91fa-69bcde18abc9-1000x1000-NVIaqsXh42O0EbXacRAIP3VWcg4mmzzmSYwXyvaJ.webp","contentUrl":"https:\/\/saudi-gift.com\/wp-content\/uploads\/2025\/01\/95105f97-02db-48cc-91fa-69bcde18abc9-1000x1000-NVIaqsXh42O0EbXacRAIP3VWcg4mmzzmSYwXyvaJ.webp","width":999,"height":999},{"@type":"BreadcrumbList","@id":"https:\/\/saudi-gift.com\/product\/%d8%ad%d9%86%d8%a9-%d9%85%d8%af%d9%8a%d9%86%d9%8a%d8%a9-%d9%85%d8%ac%d9%81%d9%81%d8%a9\/#breadcrumb","itemListElement":[{"@type":"ListItem","position":1,"name":"Home","item":"https:\/\/saudi-gift.com\/tr\/"},{"@type":"ListItem","position":2,"name":"\u015eimdi Al\u0131\u015fveri\u015f Yap\u0131n","item":"https:\/\/saudi-gift.com\/tr\/simdi-alisveris-yapin\/"},{"@type":"ListItem","position":3,"name":"Kurutulmu\u015f Medine K\u0131nas\u0131"}]},{"@type":"WebSite","@id":"https:\/\/saudi-gift.com\/#website","url":"https:\/\/saudi-gift.com\/","name":"\u0647\u062f\u064a\u0629 \u0633\u0639\u0648\u062f\u064a\u0629","description":"\u0647\u062f\u064a\u0629 \u0633\u0639\u0648\u062f\u064a\u0629 \u0645\u062a\u062c\u0631 \u0627\u0644\u0643\u062a\u0631\u0648\u0646\u064a \u064a\u0642\u062f\u0645 \u0644\u0643\u0645 \u0645\u062c\u0645\u0648\u0639\u0629 \u0645\u0646 \u0627\u0644\u0647\u062f\u0627\u064a\u0627 \u0627\u0644\u062a\u064a \u062a\u062c\u0633\u062f \u0639\u0628\u0642 \u0630\u0643\u0631\u064a\u0627\u062a\u0643\u0645 \u0641\u064a \u0627\u0644\u0645\u0634\u0627\u0639\u0631 \u0627\u0644\u0645\u0642\u062f\u0633\u0629","publisher":{"@id":"https:\/\/saudi-gift.com\/#organization"},"alternateName":"\u0647\u062f\u064a\u0629 \u0633\u0639\u0648\u062f\u064a\u0629","potentialAction":[{"@type":"SearchAction","target":{"@type":"EntryPoint","urlTemplate":"https:\/\/saudi-gift.com\/?s={search_term_string}"},"query-input":{"@type":"PropertyValueSpecification","valueRequired":true,"valueName":"search_term_string"}}],"inLanguage":"tr"},{"@type":"Organization","@id":"https:\/\/saudi-gift.com\/#organization","name":"\u0645\u062a\u062c\u0631 \u0627\u0644\u0647\u062f\u064a\u0629","alternateName":"\u0647\u062f\u064a\u0629 \u0633\u0639\u0648\u062f\u064a\u0629","url":"https:\/\/saudi-gift.com\/","logo":{"@type":"ImageObject","inLanguage":"tr","@id":"https:\/\/saudi-gift.com\/#\/schema\/logo\/image\/","url":"https:\/\/saudi-gift.com\/wp-content\/uploads\/2025\/05\/2.png","contentUrl":"https:\/\/saudi-gift.com\/wp-content\/uploads\/2025\/05\/2.png","width":163,"height":42,"caption":"\u0645\u062a\u062c\u0631 \u0627\u0644\u0647\u062f\u064a\u0629"},"image":{"@id":"https:\/\/saudi-gift.com\/#\/schema\/logo\/image\/"},"sameAs":["https:\/\/www.facebook.com\/profile.php?id=61560277649059&mibextid=LQQJ4d","https:\/\/x.com\/saudigift_"]}]}},"jetpack-related-posts":[],"_links":{"self":[{"href":"https:\/\/saudi-gift.com\/tr\/wp-json\/wp\/v2\/product\/39643","targetHints":{"allow":["GET"]}}],"collection":[{"href":"https:\/\/saudi-gift.com\/tr\/wp-json\/wp\/v2\/product"}],"about":[{"href":"https:\/\/saudi-gift.com\/tr\/wp-json\/wp\/v2\/types\/product"}],"replies":[{"embeddable":true,"href":"https:\/\/saudi-gift.com\/tr\/wp-json\/wp\/v2\/comments?post=39643"}],"version-history":[{"count":0,"href":"https:\/\/saudi-gift.com\/tr\/wp-json\/wp\/v2\/product\/39643\/revisions"}],"wp:featuredmedia":[{"embeddable":true,"href":"https:\/\/saudi-gift.com\/tr\/wp-json\/wp\/v2\/media\/39473"}],"wp:attachment":[{"href":"https:\/\/saudi-gift.com\/tr\/wp-json\/wp\/v2\/media?parent=39643"}],"wp:term":[{"taxonomy":"product_brand","embeddable":true,"href":"https:\/\/saudi-gift.com\/tr\/wp-json\/wp\/v2\/product_brand?post=39643"},{"taxonomy":"product_cat","embeddable":true,"href":"https:\/\/saudi-gift.com\/tr\/wp-json\/wp\/v2\/product_cat?post=39643"},{"taxonomy":"product_tag","embeddable":true,"href":"https:\/\/saudi-gift.com\/tr\/wp-json\/wp\/v2\/product_tag?post=39643"}],"curies":[{"name":"wp","href":"https:\/\/api.w.org\/{rel}","templated":true}]}}