{"id":39709,"date":"2025-01-18T19:59:46","date_gmt":"2025-01-18T16:59:46","guid":{"rendered":"https:\/\/saudi-gift.com\/product\/premium-sargili-omlet-150g\/"},"modified":"2025-01-18T19:59:46","modified_gmt":"2025-01-18T16:59:46","slug":"premium-sargili-omlet-150g","status":"publish","type":"product","link":"https:\/\/saudi-gift.com\/tr\/urun\/premium-sargili-omlet-150g\/","title":{"rendered":"Premium Sarg\u0131l\u0131 Omlet (150g)"},"content":{"rendered":"<p>Premium Sarg\u0131l\u0131 Omlet (150g)<\/p>\n","protected":false},"excerpt":{"rendered":"<p>Elixir&#8217;in \u00f6zenle paketlenmi\u015f Medine Hurmas\u0131, y\u00fcksek kalitesi ve zengin lezzetiyle e\u015fsiz bir yemek deneyimi sunarken, at\u0131\u015ft\u0131rmal\u0131klar ve hediyeler i\u00e7in ideal bir se\u00e7imdir <\/p>\n","protected":false},"featured_media":37884,"comment_status":"open","ping_status":"closed","template":"","meta":[],"product_brand":[],"product_cat":[3122],"product_tag":[1374,1378],"class_list":{"0":"post-39709","1":"product","2":"type-product","3":"status-publish","4":"has-post-thumbnail","6":"product_cat-3122","7":"product_tag-1374","8":"product_tag-_","10":"first","11":"instock","12":"shipping-taxable","13":"purchasable","14":"product-type-simple"},"yoast_head":"<!-- This site is optimized with the Yoast SEO Premium plugin v27.2 (Yoast SEO v27.6) - https:\/\/yoast.com\/product\/yoast-seo-premium-wordpress\/ -->\n<title>Premium Sarg\u0131l\u0131 Omlet (150g) - \u0647\u062f\u064a\u0629 \u0633\u0639\u0648\u062f\u064a\u0629<\/title>\n<meta name=\"robots\" content=\"index, follow, max-snippet:-1, max-image-preview:large, max-video-preview:-1\" \/>\n<link rel=\"canonical\" href=\"https:\/\/saudi-gift.com\/product\/\u0639\u062c\u0648\u0629-\u0645\u063a\u0644\u0641\u0629-\u0641\u0627\u062e\u0631\u0629\/\" \/>\n<meta property=\"og:locale\" content=\"tr_TR\" \/>\n<meta property=\"og:type\" content=\"article\" \/>\n<meta property=\"og:title\" content=\"Premium Sarg\u0131l\u0131 Omlet (150g)\" \/>\n<meta property=\"og:description\" content=\"Elixir&#039;in \u00f6zenle paketlenmi\u015f Medine Hurmas\u0131, y\u00fcksek kalitesi ve zengin lezzetiyle e\u015fsiz bir yemek deneyimi sunarken, at\u0131\u015ft\u0131rmal\u0131klar ve hediyeler i\u00e7in ideal bir se\u00e7imdir\" \/>\n<meta property=\"og:url\" content=\"https:\/\/saudi-gift.com\/product\/\u0639\u062c\u0648\u0629-\u0645\u063a\u0644\u0641\u0629-\u0641\u0627\u062e\u0631\u0629\/\" \/>\n<meta property=\"og:site_name\" content=\"\u0647\u062f\u064a\u0629 \u0633\u0639\u0648\u062f\u064a\u0629\" \/>\n<meta property=\"article:publisher\" content=\"https:\/\/www.facebook.com\/profile.php?id=61560277649059&amp;mibextid=LQQJ4d\" \/>\n<meta property=\"og:image\" content=\"https:\/\/saudi-gift.com\/wp-content\/uploads\/2025\/05\/2.png\" \/>\n\t<meta property=\"og:image:width\" content=\"163\" \/>\n\t<meta property=\"og:image:height\" content=\"42\" \/>\n\t<meta property=\"og:image:type\" content=\"image\/png\" \/>\n<meta name=\"twitter:card\" content=\"summary_large_image\" \/>\n<meta name=\"twitter:site\" content=\"@saudigift_\" \/>\n<script type=\"application\/ld+json\" class=\"yoast-schema-graph\">{\"@context\":\"https:\\\/\\\/schema.org\",\"@graph\":[{\"@type\":\"WebPage\",\"@id\":\"https:\\\/\\\/saudi-gift.com\\\/product\\\/%d8%b9%d8%ac%d9%88%d8%a9-%d9%85%d8%ba%d9%84%d9%81%d8%a9-%d9%81%d8%a7%d8%ae%d8%b1%d8%a9\\\/\",\"url\":\"https:\\\/\\\/saudi-gift.com\\\/product\\\/%d8%b9%d8%ac%d9%88%d8%a9-%d9%85%d8%ba%d9%84%d9%81%d8%a9-%d9%81%d8%a7%d8%ae%d8%b1%d8%a9\\\/\",\"name\":\"Premium Sarg\u0131l\u0131 Omlet (150g) - \u0647\u062f\u064a\u0629 \u0633\u0639\u0648\u062f\u064a\u0629\",\"isPartOf\":{\"@id\":\"https:\\\/\\\/saudi-gift.com\\\/#website\"},\"primaryImageOfPage\":{\"@id\":\"https:\\\/\\\/saudi-gift.com\\\/product\\\/%d8%b9%d8%ac%d9%88%d8%a9-%d9%85%d8%ba%d9%84%d9%81%d8%a9-%d9%81%d8%a7%d8%ae%d8%b1%d8%a9\\\/#primaryimage\"},\"image\":{\"@id\":\"https:\\\/\\\/saudi-gift.com\\\/product\\\/%d8%b9%d8%ac%d9%88%d8%a9-%d9%85%d8%ba%d9%84%d9%81%d8%a9-%d9%81%d8%a7%d8%ae%d8%b1%d8%a9\\\/#primaryimage\"},\"thumbnailUrl\":\"https:\\\/\\\/saudi-gift.com\\\/wp-content\\\/uploads\\\/2025\\\/01\\\/1f911c9a-631b-409a-a7f0-3d2e91137003-1000x1000-YvPU0cw4TIQkPYgUiBFuHt8I8j8kOiJzJedRPeFl-1.webp\",\"datePublished\":\"2025-01-18T16:59:46+00:00\",\"breadcrumb\":{\"@id\":\"https:\\\/\\\/saudi-gift.com\\\/product\\\/%d8%b9%d8%ac%d9%88%d8%a9-%d9%85%d8%ba%d9%84%d9%81%d8%a9-%d9%81%d8%a7%d8%ae%d8%b1%d8%a9\\\/#breadcrumb\"},\"inLanguage\":\"tr\",\"potentialAction\":[{\"@type\":\"ReadAction\",\"target\":[\"https:\\\/\\\/saudi-gift.com\\\/product\\\/%d8%b9%d8%ac%d9%88%d8%a9-%d9%85%d8%ba%d9%84%d9%81%d8%a9-%d9%81%d8%a7%d8%ae%d8%b1%d8%a9\\\/\"]}]},{\"@type\":\"ImageObject\",\"inLanguage\":\"tr\",\"@id\":\"https:\\\/\\\/saudi-gift.com\\\/product\\\/%d8%b9%d8%ac%d9%88%d8%a9-%d9%85%d8%ba%d9%84%d9%81%d8%a9-%d9%81%d8%a7%d8%ae%d8%b1%d8%a9\\\/#primaryimage\",\"url\":\"https:\\\/\\\/saudi-gift.com\\\/wp-content\\\/uploads\\\/2025\\\/01\\\/1f911c9a-631b-409a-a7f0-3d2e91137003-1000x1000-YvPU0cw4TIQkPYgUiBFuHt8I8j8kOiJzJedRPeFl-1.webp\",\"contentUrl\":\"https:\\\/\\\/saudi-gift.com\\\/wp-content\\\/uploads\\\/2025\\\/01\\\/1f911c9a-631b-409a-a7f0-3d2e91137003-1000x1000-YvPU0cw4TIQkPYgUiBFuHt8I8j8kOiJzJedRPeFl-1.webp\",\"width\":600,\"height\":600},{\"@type\":\"BreadcrumbList\",\"@id\":\"https:\\\/\\\/saudi-gift.com\\\/product\\\/%d8%b9%d8%ac%d9%88%d8%a9-%d9%85%d8%ba%d9%84%d9%81%d8%a9-%d9%81%d8%a7%d8%ae%d8%b1%d8%a9\\\/#breadcrumb\",\"itemListElement\":[{\"@type\":\"ListItem\",\"position\":1,\"name\":\"Home\",\"item\":\"https:\\\/\\\/saudi-gift.com\\\/tr\\\/\"},{\"@type\":\"ListItem\",\"position\":2,\"name\":\"\u015eimdi Al\u0131\u015fveri\u015f Yap\u0131n\",\"item\":\"https:\\\/\\\/saudi-gift.com\\\/tr\\\/simdi-alisveris-yapin\\\/\"},{\"@type\":\"ListItem\",\"position\":3,\"name\":\"Premium Sarg\u0131l\u0131 Omlet (150g)\"}]},{\"@type\":\"WebSite\",\"@id\":\"https:\\\/\\\/saudi-gift.com\\\/#website\",\"url\":\"https:\\\/\\\/saudi-gift.com\\\/\",\"name\":\"\u0647\u062f\u064a\u0629 \u0633\u0639\u0648\u062f\u064a\u0629\",\"description\":\"\u0647\u062f\u064a\u0629 \u0633\u0639\u0648\u062f\u064a\u0629 \u0645\u062a\u062c\u0631 \u0627\u0644\u0643\u062a\u0631\u0648\u0646\u064a \u064a\u0642\u062f\u0645 \u0644\u0643\u0645 \u0645\u062c\u0645\u0648\u0639\u0629 \u0645\u0646 \u0627\u0644\u0647\u062f\u0627\u064a\u0627 \u0627\u0644\u062a\u064a \u062a\u062c\u0633\u062f \u0639\u0628\u0642 \u0630\u0643\u0631\u064a\u0627\u062a\u0643\u0645 \u0641\u064a \u0627\u0644\u0645\u0634\u0627\u0639\u0631 \u0627\u0644\u0645\u0642\u062f\u0633\u0629\",\"publisher\":{\"@id\":\"https:\\\/\\\/saudi-gift.com\\\/#organization\"},\"alternateName\":\"\u0647\u062f\u064a\u0629 \u0633\u0639\u0648\u062f\u064a\u0629\",\"potentialAction\":[{\"@type\":\"SearchAction\",\"target\":{\"@type\":\"EntryPoint\",\"urlTemplate\":\"https:\\\/\\\/saudi-gift.com\\\/?s={search_term_string}\"},\"query-input\":{\"@type\":\"PropertyValueSpecification\",\"valueRequired\":true,\"valueName\":\"search_term_string\"}}],\"inLanguage\":\"tr\"},{\"@type\":\"Organization\",\"@id\":\"https:\\\/\\\/saudi-gift.com\\\/#organization\",\"name\":\"\u0645\u062a\u062c\u0631 \u0627\u0644\u0647\u062f\u064a\u0629\",\"alternateName\":\"\u0647\u062f\u064a\u0629 \u0633\u0639\u0648\u062f\u064a\u0629\",\"url\":\"https:\\\/\\\/saudi-gift.com\\\/\",\"logo\":{\"@type\":\"ImageObject\",\"inLanguage\":\"tr\",\"@id\":\"https:\\\/\\\/saudi-gift.com\\\/#\\\/schema\\\/logo\\\/image\\\/\",\"url\":\"https:\\\/\\\/saudi-gift.com\\\/wp-content\\\/uploads\\\/2025\\\/05\\\/2.png\",\"contentUrl\":\"https:\\\/\\\/saudi-gift.com\\\/wp-content\\\/uploads\\\/2025\\\/05\\\/2.png\",\"width\":163,\"height\":42,\"caption\":\"\u0645\u062a\u062c\u0631 \u0627\u0644\u0647\u062f\u064a\u0629\"},\"image\":{\"@id\":\"https:\\\/\\\/saudi-gift.com\\\/#\\\/schema\\\/logo\\\/image\\\/\"},\"sameAs\":[\"https:\\\/\\\/www.facebook.com\\\/profile.php?id=61560277649059&mibextid=LQQJ4d\",\"https:\\\/\\\/x.com\\\/saudigift_\"]}]}<\/script>\n<!-- \/ Yoast SEO Premium plugin. -->","yoast_head_json":{"title":"Premium Sarg\u0131l\u0131 Omlet (150g) - \u0647\u062f\u064a\u0629 \u0633\u0639\u0648\u062f\u064a\u0629","robots":{"index":"index","follow":"follow","max-snippet":"max-snippet:-1","max-image-preview":"max-image-preview:large","max-video-preview":"max-video-preview:-1"},"canonical":"https:\/\/saudi-gift.com\/product\/\u0639\u062c\u0648\u0629-\u0645\u063a\u0644\u0641\u0629-\u0641\u0627\u062e\u0631\u0629\/","og_locale":"tr_TR","og_type":"article","og_title":"Premium Sarg\u0131l\u0131 Omlet (150g)","og_description":"Elixir'in \u00f6zenle paketlenmi\u015f Medine Hurmas\u0131, y\u00fcksek kalitesi ve zengin lezzetiyle e\u015fsiz bir yemek deneyimi sunarken, at\u0131\u015ft\u0131rmal\u0131klar ve hediyeler i\u00e7in ideal bir se\u00e7imdir","og_url":"https:\/\/saudi-gift.com\/product\/\u0639\u062c\u0648\u0629-\u0645\u063a\u0644\u0641\u0629-\u0641\u0627\u062e\u0631\u0629\/","og_site_name":"\u0647\u062f\u064a\u0629 \u0633\u0639\u0648\u062f\u064a\u0629","article_publisher":"https:\/\/www.facebook.com\/profile.php?id=61560277649059&mibextid=LQQJ4d","og_image":[{"width":163,"height":42,"url":"https:\/\/saudi-gift.com\/wp-content\/uploads\/2025\/05\/2.png","type":"image\/png"}],"twitter_card":"summary_large_image","twitter_site":"@saudigift_","schema":{"@context":"https:\/\/schema.org","@graph":[{"@type":"WebPage","@id":"https:\/\/saudi-gift.com\/product\/%d8%b9%d8%ac%d9%88%d8%a9-%d9%85%d8%ba%d9%84%d9%81%d8%a9-%d9%81%d8%a7%d8%ae%d8%b1%d8%a9\/","url":"https:\/\/saudi-gift.com\/product\/%d8%b9%d8%ac%d9%88%d8%a9-%d9%85%d8%ba%d9%84%d9%81%d8%a9-%d9%81%d8%a7%d8%ae%d8%b1%d8%a9\/","name":"Premium Sarg\u0131l\u0131 Omlet (150g) - \u0647\u062f\u064a\u0629 \u0633\u0639\u0648\u062f\u064a\u0629","isPartOf":{"@id":"https:\/\/saudi-gift.com\/#website"},"primaryImageOfPage":{"@id":"https:\/\/saudi-gift.com\/product\/%d8%b9%d8%ac%d9%88%d8%a9-%d9%85%d8%ba%d9%84%d9%81%d8%a9-%d9%81%d8%a7%d8%ae%d8%b1%d8%a9\/#primaryimage"},"image":{"@id":"https:\/\/saudi-gift.com\/product\/%d8%b9%d8%ac%d9%88%d8%a9-%d9%85%d8%ba%d9%84%d9%81%d8%a9-%d9%81%d8%a7%d8%ae%d8%b1%d8%a9\/#primaryimage"},"thumbnailUrl":"https:\/\/saudi-gift.com\/wp-content\/uploads\/2025\/01\/1f911c9a-631b-409a-a7f0-3d2e91137003-1000x1000-YvPU0cw4TIQkPYgUiBFuHt8I8j8kOiJzJedRPeFl-1.webp","datePublished":"2025-01-18T16:59:46+00:00","breadcrumb":{"@id":"https:\/\/saudi-gift.com\/product\/%d8%b9%d8%ac%d9%88%d8%a9-%d9%85%d8%ba%d9%84%d9%81%d8%a9-%d9%81%d8%a7%d8%ae%d8%b1%d8%a9\/#breadcrumb"},"inLanguage":"tr","potentialAction":[{"@type":"ReadAction","target":["https:\/\/saudi-gift.com\/product\/%d8%b9%d8%ac%d9%88%d8%a9-%d9%85%d8%ba%d9%84%d9%81%d8%a9-%d9%81%d8%a7%d8%ae%d8%b1%d8%a9\/"]}]},{"@type":"ImageObject","inLanguage":"tr","@id":"https:\/\/saudi-gift.com\/product\/%d8%b9%d8%ac%d9%88%d8%a9-%d9%85%d8%ba%d9%84%d9%81%d8%a9-%d9%81%d8%a7%d8%ae%d8%b1%d8%a9\/#primaryimage","url":"https:\/\/saudi-gift.com\/wp-content\/uploads\/2025\/01\/1f911c9a-631b-409a-a7f0-3d2e91137003-1000x1000-YvPU0cw4TIQkPYgUiBFuHt8I8j8kOiJzJedRPeFl-1.webp","contentUrl":"https:\/\/saudi-gift.com\/wp-content\/uploads\/2025\/01\/1f911c9a-631b-409a-a7f0-3d2e91137003-1000x1000-YvPU0cw4TIQkPYgUiBFuHt8I8j8kOiJzJedRPeFl-1.webp","width":600,"height":600},{"@type":"BreadcrumbList","@id":"https:\/\/saudi-gift.com\/product\/%d8%b9%d8%ac%d9%88%d8%a9-%d9%85%d8%ba%d9%84%d9%81%d8%a9-%d9%81%d8%a7%d8%ae%d8%b1%d8%a9\/#breadcrumb","itemListElement":[{"@type":"ListItem","position":1,"name":"Home","item":"https:\/\/saudi-gift.com\/tr\/"},{"@type":"ListItem","position":2,"name":"\u015eimdi Al\u0131\u015fveri\u015f Yap\u0131n","item":"https:\/\/saudi-gift.com\/tr\/simdi-alisveris-yapin\/"},{"@type":"ListItem","position":3,"name":"Premium Sarg\u0131l\u0131 Omlet (150g)"}]},{"@type":"WebSite","@id":"https:\/\/saudi-gift.com\/#website","url":"https:\/\/saudi-gift.com\/","name":"\u0647\u062f\u064a\u0629 \u0633\u0639\u0648\u062f\u064a\u0629","description":"\u0647\u062f\u064a\u0629 \u0633\u0639\u0648\u062f\u064a\u0629 \u0645\u062a\u062c\u0631 \u0627\u0644\u0643\u062a\u0631\u0648\u0646\u064a \u064a\u0642\u062f\u0645 \u0644\u0643\u0645 \u0645\u062c\u0645\u0648\u0639\u0629 \u0645\u0646 \u0627\u0644\u0647\u062f\u0627\u064a\u0627 \u0627\u0644\u062a\u064a \u062a\u062c\u0633\u062f \u0639\u0628\u0642 \u0630\u0643\u0631\u064a\u0627\u062a\u0643\u0645 \u0641\u064a \u0627\u0644\u0645\u0634\u0627\u0639\u0631 \u0627\u0644\u0645\u0642\u062f\u0633\u0629","publisher":{"@id":"https:\/\/saudi-gift.com\/#organization"},"alternateName":"\u0647\u062f\u064a\u0629 \u0633\u0639\u0648\u062f\u064a\u0629","potentialAction":[{"@type":"SearchAction","target":{"@type":"EntryPoint","urlTemplate":"https:\/\/saudi-gift.com\/?s={search_term_string}"},"query-input":{"@type":"PropertyValueSpecification","valueRequired":true,"valueName":"search_term_string"}}],"inLanguage":"tr"},{"@type":"Organization","@id":"https:\/\/saudi-gift.com\/#organization","name":"\u0645\u062a\u062c\u0631 \u0627\u0644\u0647\u062f\u064a\u0629","alternateName":"\u0647\u062f\u064a\u0629 \u0633\u0639\u0648\u062f\u064a\u0629","url":"https:\/\/saudi-gift.com\/","logo":{"@type":"ImageObject","inLanguage":"tr","@id":"https:\/\/saudi-gift.com\/#\/schema\/logo\/image\/","url":"https:\/\/saudi-gift.com\/wp-content\/uploads\/2025\/05\/2.png","contentUrl":"https:\/\/saudi-gift.com\/wp-content\/uploads\/2025\/05\/2.png","width":163,"height":42,"caption":"\u0645\u062a\u062c\u0631 \u0627\u0644\u0647\u062f\u064a\u0629"},"image":{"@id":"https:\/\/saudi-gift.com\/#\/schema\/logo\/image\/"},"sameAs":["https:\/\/www.facebook.com\/profile.php?id=61560277649059&mibextid=LQQJ4d","https:\/\/x.com\/saudigift_"]}]}},"jetpack-related-posts":[],"_links":{"self":[{"href":"https:\/\/saudi-gift.com\/tr\/wp-json\/wp\/v2\/product\/39709","targetHints":{"allow":["GET"]}}],"collection":[{"href":"https:\/\/saudi-gift.com\/tr\/wp-json\/wp\/v2\/product"}],"about":[{"href":"https:\/\/saudi-gift.com\/tr\/wp-json\/wp\/v2\/types\/product"}],"replies":[{"embeddable":true,"href":"https:\/\/saudi-gift.com\/tr\/wp-json\/wp\/v2\/comments?post=39709"}],"version-history":[{"count":0,"href":"https:\/\/saudi-gift.com\/tr\/wp-json\/wp\/v2\/product\/39709\/revisions"}],"wp:featuredmedia":[{"embeddable":true,"href":"https:\/\/saudi-gift.com\/tr\/wp-json\/wp\/v2\/media\/37884"}],"wp:attachment":[{"href":"https:\/\/saudi-gift.com\/tr\/wp-json\/wp\/v2\/media?parent=39709"}],"wp:term":[{"taxonomy":"product_brand","embeddable":true,"href":"https:\/\/saudi-gift.com\/tr\/wp-json\/wp\/v2\/product_brand?post=39709"},{"taxonomy":"product_cat","embeddable":true,"href":"https:\/\/saudi-gift.com\/tr\/wp-json\/wp\/v2\/product_cat?post=39709"},{"taxonomy":"product_tag","embeddable":true,"href":"https:\/\/saudi-gift.com\/tr\/wp-json\/wp\/v2\/product_tag?post=39709"}],"curies":[{"name":"wp","href":"https:\/\/api.w.org\/{rel}","templated":true}]}}