{"id":40359,"date":"2025-01-05T19:24:49","date_gmt":"2025-01-05T16:24:49","guid":{"rendered":"https:\/\/saudi-gift.com\/product\/kabe-kapi-modeli-mekke-ve-medine\/"},"modified":"2025-01-05T19:24:49","modified_gmt":"2025-01-05T16:24:49","slug":"kabe-kapi-modeli-mekke-ve-medine","status":"publish","type":"product","link":"https:\/\/saudi-gift.com\/tr\/urun\/kabe-kapi-modeli-mekke-ve-medine\/","title":{"rendered":"K\u00e2be kap\u0131 modeli, Mekke ve Medine"},"content":{"rendered":"<p style=\"text-align: right;\"><strong>Mekke ve Medine K\u00e2be kap\u0131 maketi<\/strong><\/p>\n<p style=\"text-align: right;\"><strong>\u00dcr\u00fcn Rizen&#8217;den \u00fcretilmi\u015ftir<\/strong><\/p>\n<p style=\"text-align: right;\">Bu l\u00fcks ve \u00f6zenli \u00fcr\u00fcn, sanatsal g\u00fczelli\u011fi ve derin maneviyat\u0131 birle\u015ftiren en iyi hediyelik e\u015fyalardan biridir. Ulu Camii ve Peygamber Camii&#8217;nin \u00fcnl\u00fc kap\u0131lar\u0131n\u0131 temsil eden \u00fc\u00e7 kap\u0131dan olu\u015fan Mekke ve Medine kap\u0131 tasar\u0131m\u0131, kutsal mekanlar\u0131n g\u00fczelli\u011fini ve ihti\u015fam\u0131n\u0131 yans\u0131tmakta ve her mekana l\u00fcks bir sanatsal dokunu\u015f katmaktad\u0131r. Bu \u00fcr\u00fcn, detaylarda y\u00fcksek hassasiyet sa\u011flayan ve bu kap\u0131lar\u0131n estetik ve dini boyutlar\u0131n\u0131 vurgulamaya katk\u0131da bulunan Rizen&#8217;den \u00fcretilmi\u015ftir.    <\/p>\n<p style=\"text-align: right;\"><strong>\u00d6zellikler:<\/strong><\/p>\n<ul>\n<li style=\"text-align: right;\">  \u00dcr\u00fcn, Mekke&#8217;deki Ulu Camii ve Medine&#8217;deki Peygamber Camii&#8217;nin ana kap\u0131lar\u0131n\u0131 temsil eden \u00fc\u00e7 kap\u0131 ile birlikte gelir ve kullan\u0131c\u0131lara kapsaml\u0131 bir manevi ve estetik deneyim sunar. Uzunluk 23 Geni\u015flik: 27\n<\/li>\n<\/ul>\n","protected":false},"excerpt":{"rendered":"<p style=\"text-align: right;\"><strong><span style=\"font-size: 18px;\">Kutsal Kabe&#8217;nin kap\u0131s\u0131n\u0131n modeli, Mekke ve Medine <\/span><\/strong><strong><span style=\"font-size: 18px;\">\u00fc\u00e7 kap\u0131dan olu\u015fur<\/span><\/strong><\/p>\n","protected":false},"featured_media":33279,"comment_status":"open","ping_status":"closed","template":"","meta":[],"product_brand":[],"product_cat":[177],"product_tag":[1114],"class_list":{"0":"post-40359","1":"product","2":"type-product","3":"status-publish","4":"has-post-thumbnail","6":"product_cat-177","7":"product_tag-_","9":"first","10":"instock","11":"shipping-taxable","12":"purchasable","13":"product-type-simple"},"yoast_head":"<!-- This site is optimized with the Yoast SEO Premium plugin v27.2 (Yoast SEO v27.6) - https:\/\/yoast.com\/product\/yoast-seo-premium-wordpress\/ -->\n<title>K\u00e2be kap\u0131 modeli, Mekke ve Medine - \u0647\u062f\u064a\u0629 \u0633\u0639\u0648\u062f\u064a\u0629<\/title>\n<meta name=\"robots\" content=\"index, follow, max-snippet:-1, max-image-preview:large, max-video-preview:-1\" \/>\n<link rel=\"canonical\" href=\"https:\/\/saudi-gift.com\/urun\/\u0645\u062c\u0633\u0645-\u0628\u0627\u0628-\u0627\u0644\u0643\u0639\u0628\u0629\/\" \/>\n<meta property=\"og:locale\" content=\"tr_TR\" \/>\n<meta property=\"og:type\" content=\"article\" \/>\n<meta property=\"og:title\" content=\"K\u00e2be kap\u0131 modeli, Mekke ve Medine\" \/>\n<meta property=\"og:description\" content=\"Kutsal Kabe&#039;nin kap\u0131s\u0131n\u0131n modeli, Mekke ve Medine \u00fc\u00e7 kap\u0131dan olu\u015fur\" \/>\n<meta property=\"og:url\" content=\"https:\/\/saudi-gift.com\/urun\/\u0645\u062c\u0633\u0645-\u0628\u0627\u0628-\u0627\u0644\u0643\u0639\u0628\u0629\/\" \/>\n<meta property=\"og:site_name\" content=\"\u0647\u062f\u064a\u0629 \u0633\u0639\u0648\u062f\u064a\u0629\" \/>\n<meta property=\"article:publisher\" content=\"https:\/\/www.facebook.com\/profile.php?id=61560277649059&amp;mibextid=LQQJ4d\" \/>\n<meta property=\"og:image\" content=\"https:\/\/i0.wp.com\/saudi-gift.com\/wp-content\/uploads\/2025\/01\/IMG_4497.webp?fit=600%2C600&ssl=1\" \/>\n\t<meta property=\"og:image:width\" content=\"600\" \/>\n\t<meta property=\"og:image:height\" content=\"600\" \/>\n\t<meta property=\"og:image:type\" content=\"image\/webp\" \/>\n<meta name=\"twitter:card\" content=\"summary_large_image\" \/>\n<meta name=\"twitter:site\" content=\"@saudigift_\" \/>\n<meta name=\"twitter:label1\" content=\"Tahmini okuma s\u00fcresi\" \/>\n\t<meta name=\"twitter:data1\" content=\"1 dakika\" \/>\n<script type=\"application\/ld+json\" class=\"yoast-schema-graph\">{\"@context\":\"https:\\\/\\\/schema.org\",\"@graph\":[{\"@type\":\"WebPage\",\"@id\":\"https:\\\/\\\/saudi-gift.com\\\/urun\\\/%d9%85%d8%ac%d8%b3%d9%85-%d8%a8%d8%a7%d8%a8-%d8%a7%d9%84%d9%83%d8%b9%d8%a8%d8%a9\\\/\",\"url\":\"https:\\\/\\\/saudi-gift.com\\\/urun\\\/%d9%85%d8%ac%d8%b3%d9%85-%d8%a8%d8%a7%d8%a8-%d8%a7%d9%84%d9%83%d8%b9%d8%a8%d8%a9\\\/\",\"name\":\"K\u00e2be kap\u0131 modeli, Mekke ve Medine - \u0647\u062f\u064a\u0629 \u0633\u0639\u0648\u062f\u064a\u0629\",\"isPartOf\":{\"@id\":\"https:\\\/\\\/saudi-gift.com\\\/#website\"},\"primaryImageOfPage\":{\"@id\":\"https:\\\/\\\/saudi-gift.com\\\/urun\\\/%d9%85%d8%ac%d8%b3%d9%85-%d8%a8%d8%a7%d8%a8-%d8%a7%d9%84%d9%83%d8%b9%d8%a8%d8%a9\\\/#primaryimage\"},\"image\":{\"@id\":\"https:\\\/\\\/saudi-gift.com\\\/urun\\\/%d9%85%d8%ac%d8%b3%d9%85-%d8%a8%d8%a7%d8%a8-%d8%a7%d9%84%d9%83%d8%b9%d8%a8%d8%a9\\\/#primaryimage\"},\"thumbnailUrl\":\"https:\\\/\\\/saudi-gift.com\\\/wp-content\\\/uploads\\\/2025\\\/01\\\/IMG_4497.webp\",\"datePublished\":\"2025-01-05T16:24:49+00:00\",\"breadcrumb\":{\"@id\":\"https:\\\/\\\/saudi-gift.com\\\/urun\\\/%d9%85%d8%ac%d8%b3%d9%85-%d8%a8%d8%a7%d8%a8-%d8%a7%d9%84%d9%83%d8%b9%d8%a8%d8%a9\\\/#breadcrumb\"},\"inLanguage\":\"tr\",\"potentialAction\":[{\"@type\":\"ReadAction\",\"target\":[\"https:\\\/\\\/saudi-gift.com\\\/urun\\\/%d9%85%d8%ac%d8%b3%d9%85-%d8%a8%d8%a7%d8%a8-%d8%a7%d9%84%d9%83%d8%b9%d8%a8%d8%a9\\\/\"]}]},{\"@type\":\"ImageObject\",\"inLanguage\":\"tr\",\"@id\":\"https:\\\/\\\/saudi-gift.com\\\/urun\\\/%d9%85%d8%ac%d8%b3%d9%85-%d8%a8%d8%a7%d8%a8-%d8%a7%d9%84%d9%83%d8%b9%d8%a8%d8%a9\\\/#primaryimage\",\"url\":\"https:\\\/\\\/saudi-gift.com\\\/wp-content\\\/uploads\\\/2025\\\/01\\\/IMG_4497.webp\",\"contentUrl\":\"https:\\\/\\\/saudi-gift.com\\\/wp-content\\\/uploads\\\/2025\\\/01\\\/IMG_4497.webp\",\"width\":600,\"height\":600,\"caption\":\"\u0645\u062c\u0633\u0645 \u0628\u0627\u0628 \u0627\u0644\u0643\u0639\u0628\u0629\"},{\"@type\":\"BreadcrumbList\",\"@id\":\"https:\\\/\\\/saudi-gift.com\\\/urun\\\/%d9%85%d8%ac%d8%b3%d9%85-%d8%a8%d8%a7%d8%a8-%d8%a7%d9%84%d9%83%d8%b9%d8%a8%d8%a9\\\/#breadcrumb\",\"itemListElement\":[{\"@type\":\"ListItem\",\"position\":1,\"name\":\"Home\",\"item\":\"https:\\\/\\\/saudi-gift.com\\\/tr\\\/\"},{\"@type\":\"ListItem\",\"position\":2,\"name\":\"\u015eimdi Al\u0131\u015fveri\u015f Yap\u0131n\",\"item\":\"https:\\\/\\\/saudi-gift.com\\\/tr\\\/simdi-alisveris-yapin\\\/\"},{\"@type\":\"ListItem\",\"position\":3,\"name\":\"K\u00e2be kap\u0131 modeli, Mekke ve Medine\"}]},{\"@type\":\"WebSite\",\"@id\":\"https:\\\/\\\/saudi-gift.com\\\/#website\",\"url\":\"https:\\\/\\\/saudi-gift.com\\\/\",\"name\":\"\u0647\u062f\u064a\u0629 \u0633\u0639\u0648\u062f\u064a\u0629\",\"description\":\"\u0647\u062f\u064a\u0629 \u0633\u0639\u0648\u062f\u064a\u0629 \u0645\u062a\u062c\u0631 \u0627\u0644\u0643\u062a\u0631\u0648\u0646\u064a \u064a\u0642\u062f\u0645 \u0644\u0643\u0645 \u0645\u062c\u0645\u0648\u0639\u0629 \u0645\u0646 \u0627\u0644\u0647\u062f\u0627\u064a\u0627 \u0627\u0644\u062a\u064a \u062a\u062c\u0633\u062f \u0639\u0628\u0642 \u0630\u0643\u0631\u064a\u0627\u062a\u0643\u0645 \u0641\u064a \u0627\u0644\u0645\u0634\u0627\u0639\u0631 \u0627\u0644\u0645\u0642\u062f\u0633\u0629\",\"publisher\":{\"@id\":\"https:\\\/\\\/saudi-gift.com\\\/#organization\"},\"alternateName\":\"\u0647\u062f\u064a\u0629 \u0633\u0639\u0648\u062f\u064a\u0629\",\"potentialAction\":[{\"@type\":\"SearchAction\",\"target\":{\"@type\":\"EntryPoint\",\"urlTemplate\":\"https:\\\/\\\/saudi-gift.com\\\/?s={search_term_string}\"},\"query-input\":{\"@type\":\"PropertyValueSpecification\",\"valueRequired\":true,\"valueName\":\"search_term_string\"}}],\"inLanguage\":\"tr\"},{\"@type\":\"Organization\",\"@id\":\"https:\\\/\\\/saudi-gift.com\\\/#organization\",\"name\":\"\u0645\u062a\u062c\u0631 \u0627\u0644\u0647\u062f\u064a\u0629\",\"alternateName\":\"\u0647\u062f\u064a\u0629 \u0633\u0639\u0648\u062f\u064a\u0629\",\"url\":\"https:\\\/\\\/saudi-gift.com\\\/\",\"logo\":{\"@type\":\"ImageObject\",\"inLanguage\":\"tr\",\"@id\":\"https:\\\/\\\/saudi-gift.com\\\/#\\\/schema\\\/logo\\\/image\\\/\",\"url\":\"https:\\\/\\\/saudi-gift.com\\\/wp-content\\\/uploads\\\/2025\\\/05\\\/2.png\",\"contentUrl\":\"https:\\\/\\\/saudi-gift.com\\\/wp-content\\\/uploads\\\/2025\\\/05\\\/2.png\",\"width\":163,\"height\":42,\"caption\":\"\u0645\u062a\u062c\u0631 \u0627\u0644\u0647\u062f\u064a\u0629\"},\"image\":{\"@id\":\"https:\\\/\\\/saudi-gift.com\\\/#\\\/schema\\\/logo\\\/image\\\/\"},\"sameAs\":[\"https:\\\/\\\/www.facebook.com\\\/profile.php?id=61560277649059&mibextid=LQQJ4d\",\"https:\\\/\\\/x.com\\\/saudigift_\"]}]}<\/script>\n<!-- \/ Yoast SEO Premium plugin. -->","yoast_head_json":{"title":"K\u00e2be kap\u0131 modeli, Mekke ve Medine - \u0647\u062f\u064a\u0629 \u0633\u0639\u0648\u062f\u064a\u0629","robots":{"index":"index","follow":"follow","max-snippet":"max-snippet:-1","max-image-preview":"max-image-preview:large","max-video-preview":"max-video-preview:-1"},"canonical":"https:\/\/saudi-gift.com\/urun\/\u0645\u062c\u0633\u0645-\u0628\u0627\u0628-\u0627\u0644\u0643\u0639\u0628\u0629\/","og_locale":"tr_TR","og_type":"article","og_title":"K\u00e2be kap\u0131 modeli, Mekke ve Medine","og_description":"Kutsal Kabe'nin kap\u0131s\u0131n\u0131n modeli, Mekke ve Medine \u00fc\u00e7 kap\u0131dan olu\u015fur","og_url":"https:\/\/saudi-gift.com\/urun\/\u0645\u062c\u0633\u0645-\u0628\u0627\u0628-\u0627\u0644\u0643\u0639\u0628\u0629\/","og_site_name":"\u0647\u062f\u064a\u0629 \u0633\u0639\u0648\u062f\u064a\u0629","article_publisher":"https:\/\/www.facebook.com\/profile.php?id=61560277649059&mibextid=LQQJ4d","og_image":[{"width":600,"height":600,"url":"https:\/\/i0.wp.com\/saudi-gift.com\/wp-content\/uploads\/2025\/01\/IMG_4497.webp?fit=600%2C600&ssl=1","type":"image\/webp"}],"twitter_card":"summary_large_image","twitter_site":"@saudigift_","twitter_misc":{"Tahmini okuma s\u00fcresi":"1 dakika"},"schema":{"@context":"https:\/\/schema.org","@graph":[{"@type":"WebPage","@id":"https:\/\/saudi-gift.com\/urun\/%d9%85%d8%ac%d8%b3%d9%85-%d8%a8%d8%a7%d8%a8-%d8%a7%d9%84%d9%83%d8%b9%d8%a8%d8%a9\/","url":"https:\/\/saudi-gift.com\/urun\/%d9%85%d8%ac%d8%b3%d9%85-%d8%a8%d8%a7%d8%a8-%d8%a7%d9%84%d9%83%d8%b9%d8%a8%d8%a9\/","name":"K\u00e2be kap\u0131 modeli, Mekke ve Medine - \u0647\u062f\u064a\u0629 \u0633\u0639\u0648\u062f\u064a\u0629","isPartOf":{"@id":"https:\/\/saudi-gift.com\/#website"},"primaryImageOfPage":{"@id":"https:\/\/saudi-gift.com\/urun\/%d9%85%d8%ac%d8%b3%d9%85-%d8%a8%d8%a7%d8%a8-%d8%a7%d9%84%d9%83%d8%b9%d8%a8%d8%a9\/#primaryimage"},"image":{"@id":"https:\/\/saudi-gift.com\/urun\/%d9%85%d8%ac%d8%b3%d9%85-%d8%a8%d8%a7%d8%a8-%d8%a7%d9%84%d9%83%d8%b9%d8%a8%d8%a9\/#primaryimage"},"thumbnailUrl":"https:\/\/saudi-gift.com\/wp-content\/uploads\/2025\/01\/IMG_4497.webp","datePublished":"2025-01-05T16:24:49+00:00","breadcrumb":{"@id":"https:\/\/saudi-gift.com\/urun\/%d9%85%d8%ac%d8%b3%d9%85-%d8%a8%d8%a7%d8%a8-%d8%a7%d9%84%d9%83%d8%b9%d8%a8%d8%a9\/#breadcrumb"},"inLanguage":"tr","potentialAction":[{"@type":"ReadAction","target":["https:\/\/saudi-gift.com\/urun\/%d9%85%d8%ac%d8%b3%d9%85-%d8%a8%d8%a7%d8%a8-%d8%a7%d9%84%d9%83%d8%b9%d8%a8%d8%a9\/"]}]},{"@type":"ImageObject","inLanguage":"tr","@id":"https:\/\/saudi-gift.com\/urun\/%d9%85%d8%ac%d8%b3%d9%85-%d8%a8%d8%a7%d8%a8-%d8%a7%d9%84%d9%83%d8%b9%d8%a8%d8%a9\/#primaryimage","url":"https:\/\/saudi-gift.com\/wp-content\/uploads\/2025\/01\/IMG_4497.webp","contentUrl":"https:\/\/saudi-gift.com\/wp-content\/uploads\/2025\/01\/IMG_4497.webp","width":600,"height":600,"caption":"\u0645\u062c\u0633\u0645 \u0628\u0627\u0628 \u0627\u0644\u0643\u0639\u0628\u0629"},{"@type":"BreadcrumbList","@id":"https:\/\/saudi-gift.com\/urun\/%d9%85%d8%ac%d8%b3%d9%85-%d8%a8%d8%a7%d8%a8-%d8%a7%d9%84%d9%83%d8%b9%d8%a8%d8%a9\/#breadcrumb","itemListElement":[{"@type":"ListItem","position":1,"name":"Home","item":"https:\/\/saudi-gift.com\/tr\/"},{"@type":"ListItem","position":2,"name":"\u015eimdi Al\u0131\u015fveri\u015f Yap\u0131n","item":"https:\/\/saudi-gift.com\/tr\/simdi-alisveris-yapin\/"},{"@type":"ListItem","position":3,"name":"K\u00e2be kap\u0131 modeli, Mekke ve Medine"}]},{"@type":"WebSite","@id":"https:\/\/saudi-gift.com\/#website","url":"https:\/\/saudi-gift.com\/","name":"\u0647\u062f\u064a\u0629 \u0633\u0639\u0648\u062f\u064a\u0629","description":"\u0647\u062f\u064a\u0629 \u0633\u0639\u0648\u062f\u064a\u0629 \u0645\u062a\u062c\u0631 \u0627\u0644\u0643\u062a\u0631\u0648\u0646\u064a \u064a\u0642\u062f\u0645 \u0644\u0643\u0645 \u0645\u062c\u0645\u0648\u0639\u0629 \u0645\u0646 \u0627\u0644\u0647\u062f\u0627\u064a\u0627 \u0627\u0644\u062a\u064a \u062a\u062c\u0633\u062f \u0639\u0628\u0642 \u0630\u0643\u0631\u064a\u0627\u062a\u0643\u0645 \u0641\u064a \u0627\u0644\u0645\u0634\u0627\u0639\u0631 \u0627\u0644\u0645\u0642\u062f\u0633\u0629","publisher":{"@id":"https:\/\/saudi-gift.com\/#organization"},"alternateName":"\u0647\u062f\u064a\u0629 \u0633\u0639\u0648\u062f\u064a\u0629","potentialAction":[{"@type":"SearchAction","target":{"@type":"EntryPoint","urlTemplate":"https:\/\/saudi-gift.com\/?s={search_term_string}"},"query-input":{"@type":"PropertyValueSpecification","valueRequired":true,"valueName":"search_term_string"}}],"inLanguage":"tr"},{"@type":"Organization","@id":"https:\/\/saudi-gift.com\/#organization","name":"\u0645\u062a\u062c\u0631 \u0627\u0644\u0647\u062f\u064a\u0629","alternateName":"\u0647\u062f\u064a\u0629 \u0633\u0639\u0648\u062f\u064a\u0629","url":"https:\/\/saudi-gift.com\/","logo":{"@type":"ImageObject","inLanguage":"tr","@id":"https:\/\/saudi-gift.com\/#\/schema\/logo\/image\/","url":"https:\/\/saudi-gift.com\/wp-content\/uploads\/2025\/05\/2.png","contentUrl":"https:\/\/saudi-gift.com\/wp-content\/uploads\/2025\/05\/2.png","width":163,"height":42,"caption":"\u0645\u062a\u062c\u0631 \u0627\u0644\u0647\u062f\u064a\u0629"},"image":{"@id":"https:\/\/saudi-gift.com\/#\/schema\/logo\/image\/"},"sameAs":["https:\/\/www.facebook.com\/profile.php?id=61560277649059&mibextid=LQQJ4d","https:\/\/x.com\/saudigift_"]}]}},"jetpack-related-posts":[],"_links":{"self":[{"href":"https:\/\/saudi-gift.com\/tr\/wp-json\/wp\/v2\/product\/40359","targetHints":{"allow":["GET"]}}],"collection":[{"href":"https:\/\/saudi-gift.com\/tr\/wp-json\/wp\/v2\/product"}],"about":[{"href":"https:\/\/saudi-gift.com\/tr\/wp-json\/wp\/v2\/types\/product"}],"replies":[{"embeddable":true,"href":"https:\/\/saudi-gift.com\/tr\/wp-json\/wp\/v2\/comments?post=40359"}],"version-history":[{"count":0,"href":"https:\/\/saudi-gift.com\/tr\/wp-json\/wp\/v2\/product\/40359\/revisions"}],"wp:featuredmedia":[{"embeddable":true,"href":"https:\/\/saudi-gift.com\/tr\/wp-json\/wp\/v2\/media\/33279"}],"wp:attachment":[{"href":"https:\/\/saudi-gift.com\/tr\/wp-json\/wp\/v2\/media?parent=40359"}],"wp:term":[{"taxonomy":"product_brand","embeddable":true,"href":"https:\/\/saudi-gift.com\/tr\/wp-json\/wp\/v2\/product_brand?post=40359"},{"taxonomy":"product_cat","embeddable":true,"href":"https:\/\/saudi-gift.com\/tr\/wp-json\/wp\/v2\/product_cat?post=40359"},{"taxonomy":"product_tag","embeddable":true,"href":"https:\/\/saudi-gift.com\/tr\/wp-json\/wp\/v2\/product_tag?post=40359"}],"curies":[{"name":"wp","href":"https:\/\/api.w.org\/{rel}","templated":true}]}}