{"id":41464,"date":"2025-01-09T13:52:47","date_gmt":"2025-01-09T10:52:47","guid":{"rendered":"https:\/\/saudi-gift.com\/product\/kutsal-kabenin-seyyiduna-ibrahimin-turbesinin-seyyiduna-ismailin-selam-uzerlerine-olsun-tasinin-ve-yuce-allahin-isminin-camdan-bir-modeli\/"},"modified":"2025-01-09T13:52:47","modified_gmt":"2025-01-09T10:52:47","slug":"kutsal-kabenin-seyyiduna-ibrahimin-turbesinin-seyyiduna-ismailin-selam-uzerlerine-olsun-tasinin-ve-yuce-allahin-isminin-camdan-bir-modeli","status":"publish","type":"product","link":"https:\/\/saudi-gift.com\/tr\/urun\/kutsal-kabenin-seyyiduna-ibrahimin-turbesinin-seyyiduna-ismailin-selam-uzerlerine-olsun-tasinin-ve-yuce-allahin-isminin-camdan-bir-modeli\/","title":{"rendered":"Kutsal Kabe&#8217;nin, Seyyiduna \u0130brahim&#8217;in t\u00fcrbesinin, Seyyiduna \u0130smail&#8217;in (selam \u00fczerlerine olsun) ta\u015f\u0131n\u0131n ve Y\u00fcce Allah&#8217;\u0131n isminin camdan bir modeli"},"content":{"rendered":"<p style=\"text-align: right;\">Kabe maketi, \u0130brahim&#8217;in mezar\u0131 ve \u0130smail&#8217;in ta\u015f\u0131<\/p>\n<p style=\"text-align: right;\">Kutsal Kabe&#8217;nin, Seyyiduna \u0130brahim&#8217;in t\u00fcrbesinin ve Seyyiduna \u0130smail&#8217;in (selam \u00fczerlerine olsun) ta\u015f\u0131n\u0131n karma\u015f\u0131k ayr\u0131nt\u0131lar\u0131n\u0131n g\u00fczelli\u011fini koruyan \u015feffaf camdan yap\u0131lm\u0131\u015f kompakt bir cam yap\u0131d\u0131r. Heykele \u00f6zel bir maneviyat ve g\u00fczellik kazand\u0131rmak i\u00e7in <strong>&#8220;Y\u00fcce Allah&#8221;<\/strong> ismi eklenmi\u015ftir.    <\/p>\n<ul>\n<li style=\"text-align: right;\">\u00d6zel g\u00fcnlerde M\u00fcsl\u00fcmanlar i\u00e7in <strong>l\u00fcks<\/strong> bir <strong>hediye<\/strong> olabilir.<\/li>\n<\/ul>\n","protected":false},"excerpt":{"rendered":"<p><span style=\"font-size: 18px;\"><strong>Kutsal Kabe&#8217;nin, Seyyiduna \u0130brahim&#8217;in t\u00fcrbesinin, Seyyiduna \u0130smail&#8217;in (selam \u00fczerlerine olsun) ta\u015f\u0131n\u0131n ve Y\u00fcce Allah&#8217;\u0131n isminin birka\u00e7 farkl\u0131 boyutta camdan bir modeli.<\/strong><\/span><\/p>\n<p><span style=\"font-size: 18px;\"><strong>(B\u00fcy\u00fck &#8211; Orta &#8211; K\u00fc\u00e7\u00fck)<\/strong><\/span><\/p>\n<p>&nbsp;<\/p>\n<p>&nbsp;<\/p>\n<p>Boyut<\/p>\n","protected":false},"featured_media":34715,"comment_status":"closed","ping_status":"closed","template":"","meta":[],"product_brand":[],"product_cat":[3338],"product_tag":[804],"class_list":{"0":"post-41464","1":"product","2":"type-product","3":"status-publish","4":"has-post-thumbnail","6":"product_cat-mekke-maketleri","7":"product_tag--tr","9":"first","10":"outofstock","11":"shipping-taxable","12":"purchasable","13":"product-type-variable"},"yoast_head":"<!-- This site is optimized with the Yoast SEO Premium plugin v27.2 (Yoast SEO v27.6) - https:\/\/yoast.com\/product\/yoast-seo-premium-wordpress\/ -->\n<title>Kutsal Kabe&#039;nin, Seyyiduna \u0130brahim&#039;in t\u00fcrbesinin, Seyyiduna \u0130smail&#039;in (selam \u00fczerlerine olsun) ta\u015f\u0131n\u0131n ve Y\u00fcce Allah&#039;\u0131n isminin camdan bir modeli - \u0647\u062f\u064a\u0629 \u0633\u0639\u0648\u062f\u064a\u0629<\/title>\n<meta name=\"robots\" content=\"index, follow, max-snippet:-1, max-image-preview:large, max-video-preview:-1\" \/>\n<link rel=\"canonical\" href=\"https:\/\/saudi-gift.com\/tr\/product\/kutsal-kabenin-seyyiduna-ibrahimin-turbesinin-seyyiduna-ismailin-selam-uzerlerine-olsun-tasinin-ve-yuce-allahin-isminin-camdan-bir-modeli\/\" \/>\n<meta property=\"og:locale\" content=\"tr_TR\" \/>\n<meta property=\"og:type\" content=\"article\" \/>\n<meta property=\"og:title\" content=\"Kutsal Kabe&#039;nin, Seyyiduna \u0130brahim&#039;in t\u00fcrbesinin, Seyyiduna \u0130smail&#039;in (selam \u00fczerlerine olsun) ta\u015f\u0131n\u0131n ve Y\u00fcce Allah&#039;\u0131n isminin camdan bir modeli\" \/>\n<meta property=\"og:description\" content=\"Kutsal Kabe&#039;nin, Seyyiduna \u0130brahim&#039;in t\u00fcrbesinin, Seyyiduna \u0130smail&#039;in (selam \u00fczerlerine olsun) ta\u015f\u0131n\u0131n ve Y\u00fcce Allah&#039;\u0131n isminin birka\u00e7 farkl\u0131 boyutta camdan bir modeli. (B\u00fcy\u00fck - Orta - K\u00fc\u00e7\u00fck) &nbsp; &nbsp; Boyut\" \/>\n<meta property=\"og:url\" content=\"https:\/\/saudi-gift.com\/tr\/product\/kutsal-kabenin-seyyiduna-ibrahimin-turbesinin-seyyiduna-ismailin-selam-uzerlerine-olsun-tasinin-ve-yuce-allahin-isminin-camdan-bir-modeli\/\" \/>\n<meta property=\"og:site_name\" content=\"\u0647\u062f\u064a\u0629 \u0633\u0639\u0648\u062f\u064a\u0629\" \/>\n<meta property=\"article:publisher\" content=\"https:\/\/www.facebook.com\/profile.php?id=61560277649059&amp;mibextid=LQQJ4d\" \/>\n<meta property=\"og:image\" content=\"https:\/\/saudi-gift.com\/wp-content\/uploads\/2025\/05\/2.png\" \/>\n\t<meta property=\"og:image:width\" content=\"163\" \/>\n\t<meta property=\"og:image:height\" content=\"42\" \/>\n\t<meta property=\"og:image:type\" content=\"image\/png\" \/>\n<meta name=\"twitter:card\" content=\"summary_large_image\" \/>\n<meta name=\"twitter:site\" content=\"@saudigift_\" \/>\n<script type=\"application\/ld+json\" class=\"yoast-schema-graph\">{\"@context\":\"https:\\\/\\\/schema.org\",\"@graph\":[{\"@type\":\"WebPage\",\"@id\":\"https:\\\/\\\/saudi-gift.com\\\/tr\\\/product\\\/kutsal-kabenin-seyyiduna-ibrahimin-turbesinin-seyyiduna-ismailin-selam-uzerlerine-olsun-tasinin-ve-yuce-allahin-isminin-camdan-bir-modeli\\\/\",\"url\":\"https:\\\/\\\/saudi-gift.com\\\/tr\\\/product\\\/kutsal-kabenin-seyyiduna-ibrahimin-turbesinin-seyyiduna-ismailin-selam-uzerlerine-olsun-tasinin-ve-yuce-allahin-isminin-camdan-bir-modeli\\\/\",\"name\":\"Kutsal Kabe'nin, Seyyiduna \u0130brahim'in t\u00fcrbesinin, Seyyiduna \u0130smail'in (selam \u00fczerlerine olsun) ta\u015f\u0131n\u0131n ve Y\u00fcce Allah'\u0131n isminin camdan bir modeli - \u0647\u062f\u064a\u0629 \u0633\u0639\u0648\u062f\u064a\u0629\",\"isPartOf\":{\"@id\":\"https:\\\/\\\/saudi-gift.com\\\/#website\"},\"primaryImageOfPage\":{\"@id\":\"https:\\\/\\\/saudi-gift.com\\\/tr\\\/product\\\/kutsal-kabenin-seyyiduna-ibrahimin-turbesinin-seyyiduna-ismailin-selam-uzerlerine-olsun-tasinin-ve-yuce-allahin-isminin-camdan-bir-modeli\\\/#primaryimage\"},\"image\":{\"@id\":\"https:\\\/\\\/saudi-gift.com\\\/tr\\\/product\\\/kutsal-kabenin-seyyiduna-ibrahimin-turbesinin-seyyiduna-ismailin-selam-uzerlerine-olsun-tasinin-ve-yuce-allahin-isminin-camdan-bir-modeli\\\/#primaryimage\"},\"thumbnailUrl\":\"https:\\\/\\\/saudi-gift.com\\\/wp-content\\\/uploads\\\/2025\\\/01\\\/IMG_5659.webp\",\"datePublished\":\"2025-01-09T10:52:47+00:00\",\"breadcrumb\":{\"@id\":\"https:\\\/\\\/saudi-gift.com\\\/tr\\\/product\\\/kutsal-kabenin-seyyiduna-ibrahimin-turbesinin-seyyiduna-ismailin-selam-uzerlerine-olsun-tasinin-ve-yuce-allahin-isminin-camdan-bir-modeli\\\/#breadcrumb\"},\"inLanguage\":\"tr\",\"potentialAction\":[{\"@type\":\"ReadAction\",\"target\":[\"https:\\\/\\\/saudi-gift.com\\\/tr\\\/product\\\/kutsal-kabenin-seyyiduna-ibrahimin-turbesinin-seyyiduna-ismailin-selam-uzerlerine-olsun-tasinin-ve-yuce-allahin-isminin-camdan-bir-modeli\\\/\"]}]},{\"@type\":\"ImageObject\",\"inLanguage\":\"tr\",\"@id\":\"https:\\\/\\\/saudi-gift.com\\\/tr\\\/product\\\/kutsal-kabenin-seyyiduna-ibrahimin-turbesinin-seyyiduna-ismailin-selam-uzerlerine-olsun-tasinin-ve-yuce-allahin-isminin-camdan-bir-modeli\\\/#primaryimage\",\"url\":\"https:\\\/\\\/saudi-gift.com\\\/wp-content\\\/uploads\\\/2025\\\/01\\\/IMG_5659.webp\",\"contentUrl\":\"https:\\\/\\\/saudi-gift.com\\\/wp-content\\\/uploads\\\/2025\\\/01\\\/IMG_5659.webp\",\"width\":600,\"height\":600},{\"@type\":\"BreadcrumbList\",\"@id\":\"https:\\\/\\\/saudi-gift.com\\\/tr\\\/product\\\/kutsal-kabenin-seyyiduna-ibrahimin-turbesinin-seyyiduna-ismailin-selam-uzerlerine-olsun-tasinin-ve-yuce-allahin-isminin-camdan-bir-modeli\\\/#breadcrumb\",\"itemListElement\":[{\"@type\":\"ListItem\",\"position\":1,\"name\":\"Home\",\"item\":\"https:\\\/\\\/saudi-gift.com\\\/tr\\\/\"},{\"@type\":\"ListItem\",\"position\":2,\"name\":\"\u015eimdi Al\u0131\u015fveri\u015f Yap\u0131n\",\"item\":\"https:\\\/\\\/saudi-gift.com\\\/tr\\\/simdi-alisveris-yapin\\\/\"},{\"@type\":\"ListItem\",\"position\":3,\"name\":\"Kutsal Kabe&#8217;nin, Seyyiduna \u0130brahim&#8217;in t\u00fcrbesinin, Seyyiduna \u0130smail&#8217;in (selam \u00fczerlerine olsun) ta\u015f\u0131n\u0131n ve Y\u00fcce Allah&#8217;\u0131n isminin camdan bir modeli\"}]},{\"@type\":\"WebSite\",\"@id\":\"https:\\\/\\\/saudi-gift.com\\\/#website\",\"url\":\"https:\\\/\\\/saudi-gift.com\\\/\",\"name\":\"\u0647\u062f\u064a\u0629 \u0633\u0639\u0648\u062f\u064a\u0629\",\"description\":\"\u0647\u062f\u064a\u0629 \u0633\u0639\u0648\u062f\u064a\u0629 \u0645\u062a\u062c\u0631 \u0627\u0644\u0643\u062a\u0631\u0648\u0646\u064a \u064a\u0642\u062f\u0645 \u0644\u0643\u0645 \u0645\u062c\u0645\u0648\u0639\u0629 \u0645\u0646 \u0627\u0644\u0647\u062f\u0627\u064a\u0627 \u0627\u0644\u062a\u064a \u062a\u062c\u0633\u062f \u0639\u0628\u0642 \u0630\u0643\u0631\u064a\u0627\u062a\u0643\u0645 \u0641\u064a \u0627\u0644\u0645\u0634\u0627\u0639\u0631 \u0627\u0644\u0645\u0642\u062f\u0633\u0629\",\"publisher\":{\"@id\":\"https:\\\/\\\/saudi-gift.com\\\/#organization\"},\"alternateName\":\"\u0647\u062f\u064a\u0629 \u0633\u0639\u0648\u062f\u064a\u0629\",\"potentialAction\":[{\"@type\":\"SearchAction\",\"target\":{\"@type\":\"EntryPoint\",\"urlTemplate\":\"https:\\\/\\\/saudi-gift.com\\\/?s={search_term_string}\"},\"query-input\":{\"@type\":\"PropertyValueSpecification\",\"valueRequired\":true,\"valueName\":\"search_term_string\"}}],\"inLanguage\":\"tr\"},{\"@type\":\"Organization\",\"@id\":\"https:\\\/\\\/saudi-gift.com\\\/#organization\",\"name\":\"\u0645\u062a\u062c\u0631 \u0627\u0644\u0647\u062f\u064a\u0629\",\"alternateName\":\"\u0647\u062f\u064a\u0629 \u0633\u0639\u0648\u062f\u064a\u0629\",\"url\":\"https:\\\/\\\/saudi-gift.com\\\/\",\"logo\":{\"@type\":\"ImageObject\",\"inLanguage\":\"tr\",\"@id\":\"https:\\\/\\\/saudi-gift.com\\\/#\\\/schema\\\/logo\\\/image\\\/\",\"url\":\"https:\\\/\\\/saudi-gift.com\\\/wp-content\\\/uploads\\\/2025\\\/05\\\/2.png\",\"contentUrl\":\"https:\\\/\\\/saudi-gift.com\\\/wp-content\\\/uploads\\\/2025\\\/05\\\/2.png\",\"width\":163,\"height\":42,\"caption\":\"\u0645\u062a\u062c\u0631 \u0627\u0644\u0647\u062f\u064a\u0629\"},\"image\":{\"@id\":\"https:\\\/\\\/saudi-gift.com\\\/#\\\/schema\\\/logo\\\/image\\\/\"},\"sameAs\":[\"https:\\\/\\\/www.facebook.com\\\/profile.php?id=61560277649059&mibextid=LQQJ4d\",\"https:\\\/\\\/x.com\\\/saudigift_\"]}]}<\/script>\n<!-- \/ Yoast SEO Premium plugin. -->","yoast_head_json":{"title":"Kutsal Kabe'nin, Seyyiduna \u0130brahim'in t\u00fcrbesinin, Seyyiduna \u0130smail'in (selam \u00fczerlerine olsun) ta\u015f\u0131n\u0131n ve Y\u00fcce Allah'\u0131n isminin camdan bir modeli - \u0647\u062f\u064a\u0629 \u0633\u0639\u0648\u062f\u064a\u0629","robots":{"index":"index","follow":"follow","max-snippet":"max-snippet:-1","max-image-preview":"max-image-preview:large","max-video-preview":"max-video-preview:-1"},"canonical":"https:\/\/saudi-gift.com\/tr\/product\/kutsal-kabenin-seyyiduna-ibrahimin-turbesinin-seyyiduna-ismailin-selam-uzerlerine-olsun-tasinin-ve-yuce-allahin-isminin-camdan-bir-modeli\/","og_locale":"tr_TR","og_type":"article","og_title":"Kutsal Kabe'nin, Seyyiduna \u0130brahim'in t\u00fcrbesinin, Seyyiduna \u0130smail'in (selam \u00fczerlerine olsun) ta\u015f\u0131n\u0131n ve Y\u00fcce Allah'\u0131n isminin camdan bir modeli","og_description":"Kutsal Kabe'nin, Seyyiduna \u0130brahim'in t\u00fcrbesinin, Seyyiduna \u0130smail'in (selam \u00fczerlerine olsun) ta\u015f\u0131n\u0131n ve Y\u00fcce Allah'\u0131n isminin birka\u00e7 farkl\u0131 boyutta camdan bir modeli. (B\u00fcy\u00fck - Orta - K\u00fc\u00e7\u00fck) &nbsp; &nbsp; Boyut","og_url":"https:\/\/saudi-gift.com\/tr\/product\/kutsal-kabenin-seyyiduna-ibrahimin-turbesinin-seyyiduna-ismailin-selam-uzerlerine-olsun-tasinin-ve-yuce-allahin-isminin-camdan-bir-modeli\/","og_site_name":"\u0647\u062f\u064a\u0629 \u0633\u0639\u0648\u062f\u064a\u0629","article_publisher":"https:\/\/www.facebook.com\/profile.php?id=61560277649059&mibextid=LQQJ4d","og_image":[{"width":163,"height":42,"url":"https:\/\/saudi-gift.com\/wp-content\/uploads\/2025\/05\/2.png","type":"image\/png"}],"twitter_card":"summary_large_image","twitter_site":"@saudigift_","schema":{"@context":"https:\/\/schema.org","@graph":[{"@type":"WebPage","@id":"https:\/\/saudi-gift.com\/tr\/product\/kutsal-kabenin-seyyiduna-ibrahimin-turbesinin-seyyiduna-ismailin-selam-uzerlerine-olsun-tasinin-ve-yuce-allahin-isminin-camdan-bir-modeli\/","url":"https:\/\/saudi-gift.com\/tr\/product\/kutsal-kabenin-seyyiduna-ibrahimin-turbesinin-seyyiduna-ismailin-selam-uzerlerine-olsun-tasinin-ve-yuce-allahin-isminin-camdan-bir-modeli\/","name":"Kutsal Kabe'nin, Seyyiduna \u0130brahim'in t\u00fcrbesinin, Seyyiduna \u0130smail'in (selam \u00fczerlerine olsun) ta\u015f\u0131n\u0131n ve Y\u00fcce Allah'\u0131n isminin camdan bir modeli - \u0647\u062f\u064a\u0629 \u0633\u0639\u0648\u062f\u064a\u0629","isPartOf":{"@id":"https:\/\/saudi-gift.com\/#website"},"primaryImageOfPage":{"@id":"https:\/\/saudi-gift.com\/tr\/product\/kutsal-kabenin-seyyiduna-ibrahimin-turbesinin-seyyiduna-ismailin-selam-uzerlerine-olsun-tasinin-ve-yuce-allahin-isminin-camdan-bir-modeli\/#primaryimage"},"image":{"@id":"https:\/\/saudi-gift.com\/tr\/product\/kutsal-kabenin-seyyiduna-ibrahimin-turbesinin-seyyiduna-ismailin-selam-uzerlerine-olsun-tasinin-ve-yuce-allahin-isminin-camdan-bir-modeli\/#primaryimage"},"thumbnailUrl":"https:\/\/saudi-gift.com\/wp-content\/uploads\/2025\/01\/IMG_5659.webp","datePublished":"2025-01-09T10:52:47+00:00","breadcrumb":{"@id":"https:\/\/saudi-gift.com\/tr\/product\/kutsal-kabenin-seyyiduna-ibrahimin-turbesinin-seyyiduna-ismailin-selam-uzerlerine-olsun-tasinin-ve-yuce-allahin-isminin-camdan-bir-modeli\/#breadcrumb"},"inLanguage":"tr","potentialAction":[{"@type":"ReadAction","target":["https:\/\/saudi-gift.com\/tr\/product\/kutsal-kabenin-seyyiduna-ibrahimin-turbesinin-seyyiduna-ismailin-selam-uzerlerine-olsun-tasinin-ve-yuce-allahin-isminin-camdan-bir-modeli\/"]}]},{"@type":"ImageObject","inLanguage":"tr","@id":"https:\/\/saudi-gift.com\/tr\/product\/kutsal-kabenin-seyyiduna-ibrahimin-turbesinin-seyyiduna-ismailin-selam-uzerlerine-olsun-tasinin-ve-yuce-allahin-isminin-camdan-bir-modeli\/#primaryimage","url":"https:\/\/saudi-gift.com\/wp-content\/uploads\/2025\/01\/IMG_5659.webp","contentUrl":"https:\/\/saudi-gift.com\/wp-content\/uploads\/2025\/01\/IMG_5659.webp","width":600,"height":600},{"@type":"BreadcrumbList","@id":"https:\/\/saudi-gift.com\/tr\/product\/kutsal-kabenin-seyyiduna-ibrahimin-turbesinin-seyyiduna-ismailin-selam-uzerlerine-olsun-tasinin-ve-yuce-allahin-isminin-camdan-bir-modeli\/#breadcrumb","itemListElement":[{"@type":"ListItem","position":1,"name":"Home","item":"https:\/\/saudi-gift.com\/tr\/"},{"@type":"ListItem","position":2,"name":"\u015eimdi Al\u0131\u015fveri\u015f Yap\u0131n","item":"https:\/\/saudi-gift.com\/tr\/simdi-alisveris-yapin\/"},{"@type":"ListItem","position":3,"name":"Kutsal Kabe&#8217;nin, Seyyiduna \u0130brahim&#8217;in t\u00fcrbesinin, Seyyiduna \u0130smail&#8217;in (selam \u00fczerlerine olsun) ta\u015f\u0131n\u0131n ve Y\u00fcce Allah&#8217;\u0131n isminin camdan bir modeli"}]},{"@type":"WebSite","@id":"https:\/\/saudi-gift.com\/#website","url":"https:\/\/saudi-gift.com\/","name":"\u0647\u062f\u064a\u0629 \u0633\u0639\u0648\u062f\u064a\u0629","description":"\u0647\u062f\u064a\u0629 \u0633\u0639\u0648\u062f\u064a\u0629 \u0645\u062a\u062c\u0631 \u0627\u0644\u0643\u062a\u0631\u0648\u0646\u064a \u064a\u0642\u062f\u0645 \u0644\u0643\u0645 \u0645\u062c\u0645\u0648\u0639\u0629 \u0645\u0646 \u0627\u0644\u0647\u062f\u0627\u064a\u0627 \u0627\u0644\u062a\u064a \u062a\u062c\u0633\u062f \u0639\u0628\u0642 \u0630\u0643\u0631\u064a\u0627\u062a\u0643\u0645 \u0641\u064a \u0627\u0644\u0645\u0634\u0627\u0639\u0631 \u0627\u0644\u0645\u0642\u062f\u0633\u0629","publisher":{"@id":"https:\/\/saudi-gift.com\/#organization"},"alternateName":"\u0647\u062f\u064a\u0629 \u0633\u0639\u0648\u062f\u064a\u0629","potentialAction":[{"@type":"SearchAction","target":{"@type":"EntryPoint","urlTemplate":"https:\/\/saudi-gift.com\/?s={search_term_string}"},"query-input":{"@type":"PropertyValueSpecification","valueRequired":true,"valueName":"search_term_string"}}],"inLanguage":"tr"},{"@type":"Organization","@id":"https:\/\/saudi-gift.com\/#organization","name":"\u0645\u062a\u062c\u0631 \u0627\u0644\u0647\u062f\u064a\u0629","alternateName":"\u0647\u062f\u064a\u0629 \u0633\u0639\u0648\u062f\u064a\u0629","url":"https:\/\/saudi-gift.com\/","logo":{"@type":"ImageObject","inLanguage":"tr","@id":"https:\/\/saudi-gift.com\/#\/schema\/logo\/image\/","url":"https:\/\/saudi-gift.com\/wp-content\/uploads\/2025\/05\/2.png","contentUrl":"https:\/\/saudi-gift.com\/wp-content\/uploads\/2025\/05\/2.png","width":163,"height":42,"caption":"\u0645\u062a\u062c\u0631 \u0627\u0644\u0647\u062f\u064a\u0629"},"image":{"@id":"https:\/\/saudi-gift.com\/#\/schema\/logo\/image\/"},"sameAs":["https:\/\/www.facebook.com\/profile.php?id=61560277649059&mibextid=LQQJ4d","https:\/\/x.com\/saudigift_"]}]}},"jetpack-related-posts":[],"_links":{"self":[{"href":"https:\/\/saudi-gift.com\/tr\/wp-json\/wp\/v2\/product\/41464","targetHints":{"allow":["GET"]}}],"collection":[{"href":"https:\/\/saudi-gift.com\/tr\/wp-json\/wp\/v2\/product"}],"about":[{"href":"https:\/\/saudi-gift.com\/tr\/wp-json\/wp\/v2\/types\/product"}],"replies":[{"embeddable":true,"href":"https:\/\/saudi-gift.com\/tr\/wp-json\/wp\/v2\/comments?post=41464"}],"version-history":[{"count":0,"href":"https:\/\/saudi-gift.com\/tr\/wp-json\/wp\/v2\/product\/41464\/revisions"}],"wp:featuredmedia":[{"embeddable":true,"href":"https:\/\/saudi-gift.com\/tr\/wp-json\/wp\/v2\/media\/34715"}],"wp:attachment":[{"href":"https:\/\/saudi-gift.com\/tr\/wp-json\/wp\/v2\/media?parent=41464"}],"wp:term":[{"taxonomy":"product_brand","embeddable":true,"href":"https:\/\/saudi-gift.com\/tr\/wp-json\/wp\/v2\/product_brand?post=41464"},{"taxonomy":"product_cat","embeddable":true,"href":"https:\/\/saudi-gift.com\/tr\/wp-json\/wp\/v2\/product_cat?post=41464"},{"taxonomy":"product_tag","embeddable":true,"href":"https:\/\/saudi-gift.com\/tr\/wp-json\/wp\/v2\/product_tag?post=41464"}],"curies":[{"name":"wp","href":"https:\/\/api.w.org\/{rel}","templated":true}]}}