{"id":43205,"date":"2025-01-21T17:06:41","date_gmt":"2025-01-21T14:06:41","guid":{"rendered":"https:\/\/saudi-gift.com\/product\/medine-fistikli-ojwa-500g-1445-uretim\/"},"modified":"2025-01-21T17:06:41","modified_gmt":"2025-01-21T14:06:41","slug":"medine-fistikli-ojwa-500g-1445-uretim","status":"publish","type":"product","link":"https:\/\/saudi-gift.com\/tr\/urun\/medine-fistikli-ojwa-500g-1445-uretim\/","title":{"rendered":"Medine F\u0131st\u0131kl\u0131 Ojwa 500g (1445 \u00dcretim)"},"content":{"rendered":"<p>Medina Antep F\u0131st\u0131kl\u0131 Ojwa 500g<\/p>\n<p>&nbsp;<\/p>\n<p>Saad bin Ebi Vakkas (Allah ondan raz\u0131 olsun) Peygamber (sallallahu aleyhi vesellem)&#8217;den \u015f\u00f6yle buyurdu\u011funu rivayet etmi\u015ftir:<\/p>\n<p>(Sabahlar\u0131 yedi sulu hurma yiyen ki\u015fi o g\u00fcn zehirden ya da b\u00fcy\u00fcden zarar g\u00f6rmez).  <\/p>\n","protected":false},"excerpt":{"rendered":"<p>Temizlenmi\u015f, sterilize edilmi\u015f ve \u0131s\u0131 ile kapat\u0131lm\u0131\u015ft\u0131r. Hap boyutu orta<\/p>\n","protected":false},"featured_media":39055,"comment_status":"open","ping_status":"closed","template":"","meta":[],"product_brand":[],"product_cat":[3122],"product_tag":[1374,1378,1382],"class_list":{"0":"post-43205","1":"product","2":"type-product","3":"status-publish","4":"has-post-thumbnail","6":"product_cat-3122","7":"product_tag-1374","8":"product_tag-_","11":"first","12":"instock","13":"sale","14":"shipping-taxable","15":"purchasable","16":"product-type-simple"},"yoast_head":"<!-- This site is optimized with the Yoast SEO Premium plugin v27.2 (Yoast SEO v27.6) - https:\/\/yoast.com\/product\/yoast-seo-premium-wordpress\/ -->\n<title>Medine F\u0131st\u0131kl\u0131 Ojwa 500g (1445 \u00dcretim) - \u0647\u062f\u064a\u0629 \u0633\u0639\u0648\u062f\u064a\u0629<\/title>\n<meta name=\"robots\" content=\"index, follow, max-snippet:-1, max-image-preview:large, max-video-preview:-1\" \/>\n<link rel=\"canonical\" href=\"https:\/\/saudi-gift.com\/product\/\u0639\u062c\u0648\u0629-\u0627\u0644\u0645\u062f\u064a\u0646\u0629-\u0628\u0627\u0644\u0641\u0633\u062a\u0642\/\" \/>\n<meta property=\"og:locale\" content=\"tr_TR\" \/>\n<meta property=\"og:type\" content=\"article\" \/>\n<meta property=\"og:title\" content=\"Medine F\u0131st\u0131kl\u0131 Ojwa 500g (1445 \u00dcretim)\" \/>\n<meta property=\"og:description\" content=\"Temizlenmi\u015f, sterilize edilmi\u015f ve \u0131s\u0131 ile kapat\u0131lm\u0131\u015ft\u0131r. Hap boyutu orta\" \/>\n<meta property=\"og:url\" content=\"https:\/\/saudi-gift.com\/product\/\u0639\u062c\u0648\u0629-\u0627\u0644\u0645\u062f\u064a\u0646\u0629-\u0628\u0627\u0644\u0641\u0633\u062a\u0642\/\" \/>\n<meta property=\"og:site_name\" content=\"\u0647\u062f\u064a\u0629 \u0633\u0639\u0648\u062f\u064a\u0629\" \/>\n<meta property=\"article:publisher\" content=\"https:\/\/www.facebook.com\/profile.php?id=61560277649059&amp;mibextid=LQQJ4d\" \/>\n<meta property=\"og:image\" content=\"https:\/\/saudi-gift.com\/wp-content\/uploads\/2025\/05\/2.png\" \/>\n\t<meta property=\"og:image:width\" content=\"163\" \/>\n\t<meta property=\"og:image:height\" content=\"42\" \/>\n\t<meta property=\"og:image:type\" content=\"image\/png\" \/>\n<meta name=\"twitter:card\" content=\"summary_large_image\" \/>\n<meta name=\"twitter:site\" content=\"@saudigift_\" \/>\n<script type=\"application\/ld+json\" class=\"yoast-schema-graph\">{\"@context\":\"https:\\\/\\\/schema.org\",\"@graph\":[{\"@type\":\"WebPage\",\"@id\":\"https:\\\/\\\/saudi-gift.com\\\/product\\\/%d8%b9%d8%ac%d9%88%d8%a9-%d8%a7%d9%84%d9%85%d8%af%d9%8a%d9%86%d8%a9-%d8%a8%d8%a7%d9%84%d9%81%d8%b3%d8%aa%d9%82\\\/\",\"url\":\"https:\\\/\\\/saudi-gift.com\\\/product\\\/%d8%b9%d8%ac%d9%88%d8%a9-%d8%a7%d9%84%d9%85%d8%af%d9%8a%d9%86%d8%a9-%d8%a8%d8%a7%d9%84%d9%81%d8%b3%d8%aa%d9%82\\\/\",\"name\":\"Medine F\u0131st\u0131kl\u0131 Ojwa 500g (1445 \u00dcretim) - \u0647\u062f\u064a\u0629 \u0633\u0639\u0648\u062f\u064a\u0629\",\"isPartOf\":{\"@id\":\"https:\\\/\\\/saudi-gift.com\\\/#website\"},\"primaryImageOfPage\":{\"@id\":\"https:\\\/\\\/saudi-gift.com\\\/product\\\/%d8%b9%d8%ac%d9%88%d8%a9-%d8%a7%d9%84%d9%85%d8%af%d9%8a%d9%86%d8%a9-%d8%a8%d8%a7%d9%84%d9%81%d8%b3%d8%aa%d9%82\\\/#primaryimage\"},\"image\":{\"@id\":\"https:\\\/\\\/saudi-gift.com\\\/product\\\/%d8%b9%d8%ac%d9%88%d8%a9-%d8%a7%d9%84%d9%85%d8%af%d9%8a%d9%86%d8%a9-%d8%a8%d8%a7%d9%84%d9%81%d8%b3%d8%aa%d9%82\\\/#primaryimage\"},\"thumbnailUrl\":\"https:\\\/\\\/saudi-gift.com\\\/wp-content\\\/uploads\\\/2025\\\/01\\\/SnLTXEuMV8BWGymPPOHjreq5hmuPtVW2mCVA6qkf-2.webp\",\"datePublished\":\"2025-01-21T14:06:41+00:00\",\"breadcrumb\":{\"@id\":\"https:\\\/\\\/saudi-gift.com\\\/product\\\/%d8%b9%d8%ac%d9%88%d8%a9-%d8%a7%d9%84%d9%85%d8%af%d9%8a%d9%86%d8%a9-%d8%a8%d8%a7%d9%84%d9%81%d8%b3%d8%aa%d9%82\\\/#breadcrumb\"},\"inLanguage\":\"tr\",\"potentialAction\":[{\"@type\":\"ReadAction\",\"target\":[\"https:\\\/\\\/saudi-gift.com\\\/product\\\/%d8%b9%d8%ac%d9%88%d8%a9-%d8%a7%d9%84%d9%85%d8%af%d9%8a%d9%86%d8%a9-%d8%a8%d8%a7%d9%84%d9%81%d8%b3%d8%aa%d9%82\\\/\"]}]},{\"@type\":\"ImageObject\",\"inLanguage\":\"tr\",\"@id\":\"https:\\\/\\\/saudi-gift.com\\\/product\\\/%d8%b9%d8%ac%d9%88%d8%a9-%d8%a7%d9%84%d9%85%d8%af%d9%8a%d9%86%d8%a9-%d8%a8%d8%a7%d9%84%d9%81%d8%b3%d8%aa%d9%82\\\/#primaryimage\",\"url\":\"https:\\\/\\\/saudi-gift.com\\\/wp-content\\\/uploads\\\/2025\\\/01\\\/SnLTXEuMV8BWGymPPOHjreq5hmuPtVW2mCVA6qkf-2.webp\",\"contentUrl\":\"https:\\\/\\\/saudi-gift.com\\\/wp-content\\\/uploads\\\/2025\\\/01\\\/SnLTXEuMV8BWGymPPOHjreq5hmuPtVW2mCVA6qkf-2.webp\",\"width\":1000,\"height\":1000},{\"@type\":\"BreadcrumbList\",\"@id\":\"https:\\\/\\\/saudi-gift.com\\\/product\\\/%d8%b9%d8%ac%d9%88%d8%a9-%d8%a7%d9%84%d9%85%d8%af%d9%8a%d9%86%d8%a9-%d8%a8%d8%a7%d9%84%d9%81%d8%b3%d8%aa%d9%82\\\/#breadcrumb\",\"itemListElement\":[{\"@type\":\"ListItem\",\"position\":1,\"name\":\"Home\",\"item\":\"https:\\\/\\\/saudi-gift.com\\\/tr\\\/\"},{\"@type\":\"ListItem\",\"position\":2,\"name\":\"\u015eimdi Al\u0131\u015fveri\u015f Yap\u0131n\",\"item\":\"https:\\\/\\\/saudi-gift.com\\\/tr\\\/simdi-alisveris-yapin\\\/\"},{\"@type\":\"ListItem\",\"position\":3,\"name\":\"Medine F\u0131st\u0131kl\u0131 Ojwa 500g (1445 \u00dcretim)\"}]},{\"@type\":\"WebSite\",\"@id\":\"https:\\\/\\\/saudi-gift.com\\\/#website\",\"url\":\"https:\\\/\\\/saudi-gift.com\\\/\",\"name\":\"\u0647\u062f\u064a\u0629 \u0633\u0639\u0648\u062f\u064a\u0629\",\"description\":\"\u0647\u062f\u064a\u0629 \u0633\u0639\u0648\u062f\u064a\u0629 \u0645\u062a\u062c\u0631 \u0627\u0644\u0643\u062a\u0631\u0648\u0646\u064a \u064a\u0642\u062f\u0645 \u0644\u0643\u0645 \u0645\u062c\u0645\u0648\u0639\u0629 \u0645\u0646 \u0627\u0644\u0647\u062f\u0627\u064a\u0627 \u0627\u0644\u062a\u064a \u062a\u062c\u0633\u062f \u0639\u0628\u0642 \u0630\u0643\u0631\u064a\u0627\u062a\u0643\u0645 \u0641\u064a \u0627\u0644\u0645\u0634\u0627\u0639\u0631 \u0627\u0644\u0645\u0642\u062f\u0633\u0629\",\"publisher\":{\"@id\":\"https:\\\/\\\/saudi-gift.com\\\/#organization\"},\"alternateName\":\"\u0647\u062f\u064a\u0629 \u0633\u0639\u0648\u062f\u064a\u0629\",\"potentialAction\":[{\"@type\":\"SearchAction\",\"target\":{\"@type\":\"EntryPoint\",\"urlTemplate\":\"https:\\\/\\\/saudi-gift.com\\\/?s={search_term_string}\"},\"query-input\":{\"@type\":\"PropertyValueSpecification\",\"valueRequired\":true,\"valueName\":\"search_term_string\"}}],\"inLanguage\":\"tr\"},{\"@type\":\"Organization\",\"@id\":\"https:\\\/\\\/saudi-gift.com\\\/#organization\",\"name\":\"\u0645\u062a\u062c\u0631 \u0627\u0644\u0647\u062f\u064a\u0629\",\"alternateName\":\"\u0647\u062f\u064a\u0629 \u0633\u0639\u0648\u062f\u064a\u0629\",\"url\":\"https:\\\/\\\/saudi-gift.com\\\/\",\"logo\":{\"@type\":\"ImageObject\",\"inLanguage\":\"tr\",\"@id\":\"https:\\\/\\\/saudi-gift.com\\\/#\\\/schema\\\/logo\\\/image\\\/\",\"url\":\"https:\\\/\\\/saudi-gift.com\\\/wp-content\\\/uploads\\\/2025\\\/05\\\/2.png\",\"contentUrl\":\"https:\\\/\\\/saudi-gift.com\\\/wp-content\\\/uploads\\\/2025\\\/05\\\/2.png\",\"width\":163,\"height\":42,\"caption\":\"\u0645\u062a\u062c\u0631 \u0627\u0644\u0647\u062f\u064a\u0629\"},\"image\":{\"@id\":\"https:\\\/\\\/saudi-gift.com\\\/#\\\/schema\\\/logo\\\/image\\\/\"},\"sameAs\":[\"https:\\\/\\\/www.facebook.com\\\/profile.php?id=61560277649059&mibextid=LQQJ4d\",\"https:\\\/\\\/x.com\\\/saudigift_\"]}]}<\/script>\n<!-- \/ Yoast SEO Premium plugin. -->","yoast_head_json":{"title":"Medine F\u0131st\u0131kl\u0131 Ojwa 500g (1445 \u00dcretim) - \u0647\u062f\u064a\u0629 \u0633\u0639\u0648\u062f\u064a\u0629","robots":{"index":"index","follow":"follow","max-snippet":"max-snippet:-1","max-image-preview":"max-image-preview:large","max-video-preview":"max-video-preview:-1"},"canonical":"https:\/\/saudi-gift.com\/product\/\u0639\u062c\u0648\u0629-\u0627\u0644\u0645\u062f\u064a\u0646\u0629-\u0628\u0627\u0644\u0641\u0633\u062a\u0642\/","og_locale":"tr_TR","og_type":"article","og_title":"Medine F\u0131st\u0131kl\u0131 Ojwa 500g (1445 \u00dcretim)","og_description":"Temizlenmi\u015f, sterilize edilmi\u015f ve \u0131s\u0131 ile kapat\u0131lm\u0131\u015ft\u0131r. Hap boyutu orta","og_url":"https:\/\/saudi-gift.com\/product\/\u0639\u062c\u0648\u0629-\u0627\u0644\u0645\u062f\u064a\u0646\u0629-\u0628\u0627\u0644\u0641\u0633\u062a\u0642\/","og_site_name":"\u0647\u062f\u064a\u0629 \u0633\u0639\u0648\u062f\u064a\u0629","article_publisher":"https:\/\/www.facebook.com\/profile.php?id=61560277649059&mibextid=LQQJ4d","og_image":[{"width":163,"height":42,"url":"https:\/\/saudi-gift.com\/wp-content\/uploads\/2025\/05\/2.png","type":"image\/png"}],"twitter_card":"summary_large_image","twitter_site":"@saudigift_","schema":{"@context":"https:\/\/schema.org","@graph":[{"@type":"WebPage","@id":"https:\/\/saudi-gift.com\/product\/%d8%b9%d8%ac%d9%88%d8%a9-%d8%a7%d9%84%d9%85%d8%af%d9%8a%d9%86%d8%a9-%d8%a8%d8%a7%d9%84%d9%81%d8%b3%d8%aa%d9%82\/","url":"https:\/\/saudi-gift.com\/product\/%d8%b9%d8%ac%d9%88%d8%a9-%d8%a7%d9%84%d9%85%d8%af%d9%8a%d9%86%d8%a9-%d8%a8%d8%a7%d9%84%d9%81%d8%b3%d8%aa%d9%82\/","name":"Medine F\u0131st\u0131kl\u0131 Ojwa 500g (1445 \u00dcretim) - \u0647\u062f\u064a\u0629 \u0633\u0639\u0648\u062f\u064a\u0629","isPartOf":{"@id":"https:\/\/saudi-gift.com\/#website"},"primaryImageOfPage":{"@id":"https:\/\/saudi-gift.com\/product\/%d8%b9%d8%ac%d9%88%d8%a9-%d8%a7%d9%84%d9%85%d8%af%d9%8a%d9%86%d8%a9-%d8%a8%d8%a7%d9%84%d9%81%d8%b3%d8%aa%d9%82\/#primaryimage"},"image":{"@id":"https:\/\/saudi-gift.com\/product\/%d8%b9%d8%ac%d9%88%d8%a9-%d8%a7%d9%84%d9%85%d8%af%d9%8a%d9%86%d8%a9-%d8%a8%d8%a7%d9%84%d9%81%d8%b3%d8%aa%d9%82\/#primaryimage"},"thumbnailUrl":"https:\/\/saudi-gift.com\/wp-content\/uploads\/2025\/01\/SnLTXEuMV8BWGymPPOHjreq5hmuPtVW2mCVA6qkf-2.webp","datePublished":"2025-01-21T14:06:41+00:00","breadcrumb":{"@id":"https:\/\/saudi-gift.com\/product\/%d8%b9%d8%ac%d9%88%d8%a9-%d8%a7%d9%84%d9%85%d8%af%d9%8a%d9%86%d8%a9-%d8%a8%d8%a7%d9%84%d9%81%d8%b3%d8%aa%d9%82\/#breadcrumb"},"inLanguage":"tr","potentialAction":[{"@type":"ReadAction","target":["https:\/\/saudi-gift.com\/product\/%d8%b9%d8%ac%d9%88%d8%a9-%d8%a7%d9%84%d9%85%d8%af%d9%8a%d9%86%d8%a9-%d8%a8%d8%a7%d9%84%d9%81%d8%b3%d8%aa%d9%82\/"]}]},{"@type":"ImageObject","inLanguage":"tr","@id":"https:\/\/saudi-gift.com\/product\/%d8%b9%d8%ac%d9%88%d8%a9-%d8%a7%d9%84%d9%85%d8%af%d9%8a%d9%86%d8%a9-%d8%a8%d8%a7%d9%84%d9%81%d8%b3%d8%aa%d9%82\/#primaryimage","url":"https:\/\/saudi-gift.com\/wp-content\/uploads\/2025\/01\/SnLTXEuMV8BWGymPPOHjreq5hmuPtVW2mCVA6qkf-2.webp","contentUrl":"https:\/\/saudi-gift.com\/wp-content\/uploads\/2025\/01\/SnLTXEuMV8BWGymPPOHjreq5hmuPtVW2mCVA6qkf-2.webp","width":1000,"height":1000},{"@type":"BreadcrumbList","@id":"https:\/\/saudi-gift.com\/product\/%d8%b9%d8%ac%d9%88%d8%a9-%d8%a7%d9%84%d9%85%d8%af%d9%8a%d9%86%d8%a9-%d8%a8%d8%a7%d9%84%d9%81%d8%b3%d8%aa%d9%82\/#breadcrumb","itemListElement":[{"@type":"ListItem","position":1,"name":"Home","item":"https:\/\/saudi-gift.com\/tr\/"},{"@type":"ListItem","position":2,"name":"\u015eimdi Al\u0131\u015fveri\u015f Yap\u0131n","item":"https:\/\/saudi-gift.com\/tr\/simdi-alisveris-yapin\/"},{"@type":"ListItem","position":3,"name":"Medine F\u0131st\u0131kl\u0131 Ojwa 500g (1445 \u00dcretim)"}]},{"@type":"WebSite","@id":"https:\/\/saudi-gift.com\/#website","url":"https:\/\/saudi-gift.com\/","name":"\u0647\u062f\u064a\u0629 \u0633\u0639\u0648\u062f\u064a\u0629","description":"\u0647\u062f\u064a\u0629 \u0633\u0639\u0648\u062f\u064a\u0629 \u0645\u062a\u062c\u0631 \u0627\u0644\u0643\u062a\u0631\u0648\u0646\u064a \u064a\u0642\u062f\u0645 \u0644\u0643\u0645 \u0645\u062c\u0645\u0648\u0639\u0629 \u0645\u0646 \u0627\u0644\u0647\u062f\u0627\u064a\u0627 \u0627\u0644\u062a\u064a \u062a\u062c\u0633\u062f \u0639\u0628\u0642 \u0630\u0643\u0631\u064a\u0627\u062a\u0643\u0645 \u0641\u064a \u0627\u0644\u0645\u0634\u0627\u0639\u0631 \u0627\u0644\u0645\u0642\u062f\u0633\u0629","publisher":{"@id":"https:\/\/saudi-gift.com\/#organization"},"alternateName":"\u0647\u062f\u064a\u0629 \u0633\u0639\u0648\u062f\u064a\u0629","potentialAction":[{"@type":"SearchAction","target":{"@type":"EntryPoint","urlTemplate":"https:\/\/saudi-gift.com\/?s={search_term_string}"},"query-input":{"@type":"PropertyValueSpecification","valueRequired":true,"valueName":"search_term_string"}}],"inLanguage":"tr"},{"@type":"Organization","@id":"https:\/\/saudi-gift.com\/#organization","name":"\u0645\u062a\u062c\u0631 \u0627\u0644\u0647\u062f\u064a\u0629","alternateName":"\u0647\u062f\u064a\u0629 \u0633\u0639\u0648\u062f\u064a\u0629","url":"https:\/\/saudi-gift.com\/","logo":{"@type":"ImageObject","inLanguage":"tr","@id":"https:\/\/saudi-gift.com\/#\/schema\/logo\/image\/","url":"https:\/\/saudi-gift.com\/wp-content\/uploads\/2025\/05\/2.png","contentUrl":"https:\/\/saudi-gift.com\/wp-content\/uploads\/2025\/05\/2.png","width":163,"height":42,"caption":"\u0645\u062a\u062c\u0631 \u0627\u0644\u0647\u062f\u064a\u0629"},"image":{"@id":"https:\/\/saudi-gift.com\/#\/schema\/logo\/image\/"},"sameAs":["https:\/\/www.facebook.com\/profile.php?id=61560277649059&mibextid=LQQJ4d","https:\/\/x.com\/saudigift_"]}]}},"jetpack-related-posts":[],"_links":{"self":[{"href":"https:\/\/saudi-gift.com\/tr\/wp-json\/wp\/v2\/product\/43205","targetHints":{"allow":["GET"]}}],"collection":[{"href":"https:\/\/saudi-gift.com\/tr\/wp-json\/wp\/v2\/product"}],"about":[{"href":"https:\/\/saudi-gift.com\/tr\/wp-json\/wp\/v2\/types\/product"}],"replies":[{"embeddable":true,"href":"https:\/\/saudi-gift.com\/tr\/wp-json\/wp\/v2\/comments?post=43205"}],"version-history":[{"count":0,"href":"https:\/\/saudi-gift.com\/tr\/wp-json\/wp\/v2\/product\/43205\/revisions"}],"wp:featuredmedia":[{"embeddable":true,"href":"https:\/\/saudi-gift.com\/tr\/wp-json\/wp\/v2\/media\/39055"}],"wp:attachment":[{"href":"https:\/\/saudi-gift.com\/tr\/wp-json\/wp\/v2\/media?parent=43205"}],"wp:term":[{"taxonomy":"product_brand","embeddable":true,"href":"https:\/\/saudi-gift.com\/tr\/wp-json\/wp\/v2\/product_brand?post=43205"},{"taxonomy":"product_cat","embeddable":true,"href":"https:\/\/saudi-gift.com\/tr\/wp-json\/wp\/v2\/product_cat?post=43205"},{"taxonomy":"product_tag","embeddable":true,"href":"https:\/\/saudi-gift.com\/tr\/wp-json\/wp\/v2\/product_tag?post=43205"}],"curies":[{"name":"wp","href":"https:\/\/api.w.org\/{rel}","templated":true}]}}