{"id":43230,"date":"2025-01-18T20:24:36","date_gmt":"2025-01-18T17:24:36","guid":{"rendered":"https:\/\/saudi-gift.com\/product\/suudi-kahvesi-1kg\/"},"modified":"2025-01-18T20:24:36","modified_gmt":"2025-01-18T17:24:36","slug":"suudi-kahvesi-1kg","status":"publish","type":"product","link":"https:\/\/saudi-gift.com\/tr\/urun\/suudi-kahvesi-1kg\/","title":{"rendered":"Suudi Kahvesi (1kg)"},"content":{"rendered":"<p>S<strong>uudi Kahvesi (1 kilo <\/strong><strong>)<\/strong><strong>Nas\u0131l saklan\u0131r<\/strong> Lezzetini ve kalitesini korumak i\u00e7in <strong>kahveyi <\/strong> serin ve kuru bir yerdes<strong>aklay\u0131n<\/strong>.<\/p>\n","protected":false},"excerpt":{"rendered":"<article id=\"more-content\" class=\"full-description details opt-text relative overflow-hidden transition-all duration-300\">Size zengin bir lezzet ve tarihi \u00f6zg\u00fcnl\u00fck sunan Suudi kahvesi ile otantik bir geleneksel deneyimin tad\u0131n\u0131 \u00e7\u0131kar\u0131n Bu \u00fcr\u00fcn, lezzet ve kaliteyi sa\u011flamak i\u00e7in \u00f6zenle se\u00e7ilmi\u015f ve geleneksel teknikler kullan\u0131larak kavrulmu\u015f 1000 gram en iyi kahve \u00e7ekirde\u011fi i\u00e7erir &nbsp;<\/p>\n<\/article>\n","protected":false},"featured_media":37912,"comment_status":"open","ping_status":"closed","template":"","meta":[],"product_brand":[],"product_cat":[3178],"product_tag":[],"class_list":{"0":"post-43230","1":"product","2":"type-product","3":"status-publish","4":"has-post-thumbnail","6":"product_cat-ikram-urunleri","8":"first","9":"instock","10":"shipping-taxable","11":"purchasable","12":"product-type-simple"},"yoast_head":"<!-- This site is optimized with the Yoast SEO Premium plugin v27.2 (Yoast SEO v27.6) - https:\/\/yoast.com\/product\/yoast-seo-premium-wordpress\/ -->\n<title>Suudi Kahvesi (1kg) - \u0647\u062f\u064a\u0629 \u0633\u0639\u0648\u062f\u064a\u0629<\/title>\n<meta name=\"robots\" content=\"index, follow, max-snippet:-1, max-image-preview:large, max-video-preview:-1\" \/>\n<link rel=\"canonical\" href=\"https:\/\/saudi-gift.com\/product\/\u0646\u0643\u0647\u0629-\u0633\u0639\u0648\u062f\u064a-\u0642\u0647\u0648\u0629\/\" \/>\n<meta property=\"og:locale\" content=\"tr_TR\" \/>\n<meta property=\"og:type\" content=\"article\" \/>\n<meta property=\"og:title\" content=\"Suudi Kahvesi (1kg)\" \/>\n<meta property=\"og:description\" content=\"Size zengin bir lezzet ve tarihi \u00f6zg\u00fcnl\u00fck sunan Suudi kahvesi ile otantik bir geleneksel deneyimin tad\u0131n\u0131 \u00e7\u0131kar\u0131n Bu \u00fcr\u00fcn, lezzet ve kaliteyi sa\u011flamak i\u00e7in \u00f6zenle se\u00e7ilmi\u015f ve geleneksel teknikler kullan\u0131larak kavrulmu\u015f 1000 gram en iyi kahve \u00e7ekirde\u011fi i\u00e7erir &nbsp;\" \/>\n<meta property=\"og:url\" content=\"https:\/\/saudi-gift.com\/product\/\u0646\u0643\u0647\u0629-\u0633\u0639\u0648\u062f\u064a-\u0642\u0647\u0648\u0629\/\" \/>\n<meta property=\"og:site_name\" content=\"\u0647\u062f\u064a\u0629 \u0633\u0639\u0648\u062f\u064a\u0629\" \/>\n<meta property=\"article:publisher\" content=\"https:\/\/www.facebook.com\/profile.php?id=61560277649059&amp;mibextid=LQQJ4d\" \/>\n<meta property=\"og:image\" content=\"https:\/\/saudi-gift.com\/wp-content\/uploads\/2025\/01\/6a722d9d-a7be-4aa6-98fa-14cbf9492c38-1000x1000-jB813F0HcPtvhqCyGnafNxf31XCWh9TtNNnWXxqC-1.webp\" \/>\n\t<meta property=\"og:image:width\" content=\"600\" \/>\n\t<meta property=\"og:image:height\" content=\"600\" \/>\n\t<meta property=\"og:image:type\" content=\"image\/webp\" \/>\n<meta name=\"twitter:card\" content=\"summary_large_image\" \/>\n<meta name=\"twitter:site\" content=\"@saudigift_\" \/>\n<script type=\"application\/ld+json\" class=\"yoast-schema-graph\">{\"@context\":\"https:\\\/\\\/schema.org\",\"@graph\":[{\"@type\":\"WebPage\",\"@id\":\"https:\\\/\\\/saudi-gift.com\\\/product\\\/%d9%86%d9%83%d9%87%d8%a9-%d8%b3%d8%b9%d9%88%d8%af%d9%8a-%d9%82%d9%87%d9%88%d8%a9\\\/\",\"url\":\"https:\\\/\\\/saudi-gift.com\\\/product\\\/%d9%86%d9%83%d9%87%d8%a9-%d8%b3%d8%b9%d9%88%d8%af%d9%8a-%d9%82%d9%87%d9%88%d8%a9\\\/\",\"name\":\"Suudi Kahvesi (1kg) - \u0647\u062f\u064a\u0629 \u0633\u0639\u0648\u062f\u064a\u0629\",\"isPartOf\":{\"@id\":\"https:\\\/\\\/saudi-gift.com\\\/#website\"},\"primaryImageOfPage\":{\"@id\":\"https:\\\/\\\/saudi-gift.com\\\/product\\\/%d9%86%d9%83%d9%87%d8%a9-%d8%b3%d8%b9%d9%88%d8%af%d9%8a-%d9%82%d9%87%d9%88%d8%a9\\\/#primaryimage\"},\"image\":{\"@id\":\"https:\\\/\\\/saudi-gift.com\\\/product\\\/%d9%86%d9%83%d9%87%d8%a9-%d8%b3%d8%b9%d9%88%d8%af%d9%8a-%d9%82%d9%87%d9%88%d8%a9\\\/#primaryimage\"},\"thumbnailUrl\":\"https:\\\/\\\/saudi-gift.com\\\/wp-content\\\/uploads\\\/2025\\\/01\\\/6a722d9d-a7be-4aa6-98fa-14cbf9492c38-1000x1000-jB813F0HcPtvhqCyGnafNxf31XCWh9TtNNnWXxqC-1.webp\",\"datePublished\":\"2025-01-18T17:24:36+00:00\",\"breadcrumb\":{\"@id\":\"https:\\\/\\\/saudi-gift.com\\\/product\\\/%d9%86%d9%83%d9%87%d8%a9-%d8%b3%d8%b9%d9%88%d8%af%d9%8a-%d9%82%d9%87%d9%88%d8%a9\\\/#breadcrumb\"},\"inLanguage\":\"tr\",\"potentialAction\":[{\"@type\":\"ReadAction\",\"target\":[\"https:\\\/\\\/saudi-gift.com\\\/product\\\/%d9%86%d9%83%d9%87%d8%a9-%d8%b3%d8%b9%d9%88%d8%af%d9%8a-%d9%82%d9%87%d9%88%d8%a9\\\/\"]}]},{\"@type\":\"ImageObject\",\"inLanguage\":\"tr\",\"@id\":\"https:\\\/\\\/saudi-gift.com\\\/product\\\/%d9%86%d9%83%d9%87%d8%a9-%d8%b3%d8%b9%d9%88%d8%af%d9%8a-%d9%82%d9%87%d9%88%d8%a9\\\/#primaryimage\",\"url\":\"https:\\\/\\\/saudi-gift.com\\\/wp-content\\\/uploads\\\/2025\\\/01\\\/6a722d9d-a7be-4aa6-98fa-14cbf9492c38-1000x1000-jB813F0HcPtvhqCyGnafNxf31XCWh9TtNNnWXxqC-1.webp\",\"contentUrl\":\"https:\\\/\\\/saudi-gift.com\\\/wp-content\\\/uploads\\\/2025\\\/01\\\/6a722d9d-a7be-4aa6-98fa-14cbf9492c38-1000x1000-jB813F0HcPtvhqCyGnafNxf31XCWh9TtNNnWXxqC-1.webp\",\"width\":600,\"height\":600},{\"@type\":\"BreadcrumbList\",\"@id\":\"https:\\\/\\\/saudi-gift.com\\\/product\\\/%d9%86%d9%83%d9%87%d8%a9-%d8%b3%d8%b9%d9%88%d8%af%d9%8a-%d9%82%d9%87%d9%88%d8%a9\\\/#breadcrumb\",\"itemListElement\":[{\"@type\":\"ListItem\",\"position\":1,\"name\":\"Home\",\"item\":\"https:\\\/\\\/saudi-gift.com\\\/tr\\\/\"},{\"@type\":\"ListItem\",\"position\":2,\"name\":\"\u015eimdi Al\u0131\u015fveri\u015f Yap\u0131n\",\"item\":\"https:\\\/\\\/saudi-gift.com\\\/tr\\\/simdi-alisveris-yapin\\\/\"},{\"@type\":\"ListItem\",\"position\":3,\"name\":\"Suudi Kahvesi (1kg)\"}]},{\"@type\":\"WebSite\",\"@id\":\"https:\\\/\\\/saudi-gift.com\\\/#website\",\"url\":\"https:\\\/\\\/saudi-gift.com\\\/\",\"name\":\"\u0647\u062f\u064a\u0629 \u0633\u0639\u0648\u062f\u064a\u0629\",\"description\":\"\u0647\u062f\u064a\u0629 \u0633\u0639\u0648\u062f\u064a\u0629 \u0645\u062a\u062c\u0631 \u0627\u0644\u0643\u062a\u0631\u0648\u0646\u064a \u064a\u0642\u062f\u0645 \u0644\u0643\u0645 \u0645\u062c\u0645\u0648\u0639\u0629 \u0645\u0646 \u0627\u0644\u0647\u062f\u0627\u064a\u0627 \u0627\u0644\u062a\u064a \u062a\u062c\u0633\u062f \u0639\u0628\u0642 \u0630\u0643\u0631\u064a\u0627\u062a\u0643\u0645 \u0641\u064a \u0627\u0644\u0645\u0634\u0627\u0639\u0631 \u0627\u0644\u0645\u0642\u062f\u0633\u0629\",\"publisher\":{\"@id\":\"https:\\\/\\\/saudi-gift.com\\\/#organization\"},\"alternateName\":\"\u0647\u062f\u064a\u0629 \u0633\u0639\u0648\u062f\u064a\u0629\",\"potentialAction\":[{\"@type\":\"SearchAction\",\"target\":{\"@type\":\"EntryPoint\",\"urlTemplate\":\"https:\\\/\\\/saudi-gift.com\\\/?s={search_term_string}\"},\"query-input\":{\"@type\":\"PropertyValueSpecification\",\"valueRequired\":true,\"valueName\":\"search_term_string\"}}],\"inLanguage\":\"tr\"},{\"@type\":\"Organization\",\"@id\":\"https:\\\/\\\/saudi-gift.com\\\/#organization\",\"name\":\"\u0645\u062a\u062c\u0631 \u0627\u0644\u0647\u062f\u064a\u0629\",\"alternateName\":\"\u0647\u062f\u064a\u0629 \u0633\u0639\u0648\u062f\u064a\u0629\",\"url\":\"https:\\\/\\\/saudi-gift.com\\\/\",\"logo\":{\"@type\":\"ImageObject\",\"inLanguage\":\"tr\",\"@id\":\"https:\\\/\\\/saudi-gift.com\\\/#\\\/schema\\\/logo\\\/image\\\/\",\"url\":\"https:\\\/\\\/saudi-gift.com\\\/wp-content\\\/uploads\\\/2025\\\/05\\\/2.png\",\"contentUrl\":\"https:\\\/\\\/saudi-gift.com\\\/wp-content\\\/uploads\\\/2025\\\/05\\\/2.png\",\"width\":163,\"height\":42,\"caption\":\"\u0645\u062a\u062c\u0631 \u0627\u0644\u0647\u062f\u064a\u0629\"},\"image\":{\"@id\":\"https:\\\/\\\/saudi-gift.com\\\/#\\\/schema\\\/logo\\\/image\\\/\"},\"sameAs\":[\"https:\\\/\\\/www.facebook.com\\\/profile.php?id=61560277649059&mibextid=LQQJ4d\",\"https:\\\/\\\/x.com\\\/saudigift_\"]}]}<\/script>\n<!-- \/ Yoast SEO Premium plugin. -->","yoast_head_json":{"title":"Suudi Kahvesi (1kg) - \u0647\u062f\u064a\u0629 \u0633\u0639\u0648\u062f\u064a\u0629","robots":{"index":"index","follow":"follow","max-snippet":"max-snippet:-1","max-image-preview":"max-image-preview:large","max-video-preview":"max-video-preview:-1"},"canonical":"https:\/\/saudi-gift.com\/product\/\u0646\u0643\u0647\u0629-\u0633\u0639\u0648\u062f\u064a-\u0642\u0647\u0648\u0629\/","og_locale":"tr_TR","og_type":"article","og_title":"Suudi Kahvesi (1kg)","og_description":"Size zengin bir lezzet ve tarihi \u00f6zg\u00fcnl\u00fck sunan Suudi kahvesi ile otantik bir geleneksel deneyimin tad\u0131n\u0131 \u00e7\u0131kar\u0131n Bu \u00fcr\u00fcn, lezzet ve kaliteyi sa\u011flamak i\u00e7in \u00f6zenle se\u00e7ilmi\u015f ve geleneksel teknikler kullan\u0131larak kavrulmu\u015f 1000 gram en iyi kahve \u00e7ekirde\u011fi i\u00e7erir &nbsp;","og_url":"https:\/\/saudi-gift.com\/product\/\u0646\u0643\u0647\u0629-\u0633\u0639\u0648\u062f\u064a-\u0642\u0647\u0648\u0629\/","og_site_name":"\u0647\u062f\u064a\u0629 \u0633\u0639\u0648\u062f\u064a\u0629","article_publisher":"https:\/\/www.facebook.com\/profile.php?id=61560277649059&mibextid=LQQJ4d","og_image":[{"width":600,"height":600,"url":"https:\/\/saudi-gift.com\/wp-content\/uploads\/2025\/01\/6a722d9d-a7be-4aa6-98fa-14cbf9492c38-1000x1000-jB813F0HcPtvhqCyGnafNxf31XCWh9TtNNnWXxqC-1.webp","type":"image\/webp"}],"twitter_card":"summary_large_image","twitter_site":"@saudigift_","schema":{"@context":"https:\/\/schema.org","@graph":[{"@type":"WebPage","@id":"https:\/\/saudi-gift.com\/product\/%d9%86%d9%83%d9%87%d8%a9-%d8%b3%d8%b9%d9%88%d8%af%d9%8a-%d9%82%d9%87%d9%88%d8%a9\/","url":"https:\/\/saudi-gift.com\/product\/%d9%86%d9%83%d9%87%d8%a9-%d8%b3%d8%b9%d9%88%d8%af%d9%8a-%d9%82%d9%87%d9%88%d8%a9\/","name":"Suudi Kahvesi (1kg) - \u0647\u062f\u064a\u0629 \u0633\u0639\u0648\u062f\u064a\u0629","isPartOf":{"@id":"https:\/\/saudi-gift.com\/#website"},"primaryImageOfPage":{"@id":"https:\/\/saudi-gift.com\/product\/%d9%86%d9%83%d9%87%d8%a9-%d8%b3%d8%b9%d9%88%d8%af%d9%8a-%d9%82%d9%87%d9%88%d8%a9\/#primaryimage"},"image":{"@id":"https:\/\/saudi-gift.com\/product\/%d9%86%d9%83%d9%87%d8%a9-%d8%b3%d8%b9%d9%88%d8%af%d9%8a-%d9%82%d9%87%d9%88%d8%a9\/#primaryimage"},"thumbnailUrl":"https:\/\/saudi-gift.com\/wp-content\/uploads\/2025\/01\/6a722d9d-a7be-4aa6-98fa-14cbf9492c38-1000x1000-jB813F0HcPtvhqCyGnafNxf31XCWh9TtNNnWXxqC-1.webp","datePublished":"2025-01-18T17:24:36+00:00","breadcrumb":{"@id":"https:\/\/saudi-gift.com\/product\/%d9%86%d9%83%d9%87%d8%a9-%d8%b3%d8%b9%d9%88%d8%af%d9%8a-%d9%82%d9%87%d9%88%d8%a9\/#breadcrumb"},"inLanguage":"tr","potentialAction":[{"@type":"ReadAction","target":["https:\/\/saudi-gift.com\/product\/%d9%86%d9%83%d9%87%d8%a9-%d8%b3%d8%b9%d9%88%d8%af%d9%8a-%d9%82%d9%87%d9%88%d8%a9\/"]}]},{"@type":"ImageObject","inLanguage":"tr","@id":"https:\/\/saudi-gift.com\/product\/%d9%86%d9%83%d9%87%d8%a9-%d8%b3%d8%b9%d9%88%d8%af%d9%8a-%d9%82%d9%87%d9%88%d8%a9\/#primaryimage","url":"https:\/\/saudi-gift.com\/wp-content\/uploads\/2025\/01\/6a722d9d-a7be-4aa6-98fa-14cbf9492c38-1000x1000-jB813F0HcPtvhqCyGnafNxf31XCWh9TtNNnWXxqC-1.webp","contentUrl":"https:\/\/saudi-gift.com\/wp-content\/uploads\/2025\/01\/6a722d9d-a7be-4aa6-98fa-14cbf9492c38-1000x1000-jB813F0HcPtvhqCyGnafNxf31XCWh9TtNNnWXxqC-1.webp","width":600,"height":600},{"@type":"BreadcrumbList","@id":"https:\/\/saudi-gift.com\/product\/%d9%86%d9%83%d9%87%d8%a9-%d8%b3%d8%b9%d9%88%d8%af%d9%8a-%d9%82%d9%87%d9%88%d8%a9\/#breadcrumb","itemListElement":[{"@type":"ListItem","position":1,"name":"Home","item":"https:\/\/saudi-gift.com\/tr\/"},{"@type":"ListItem","position":2,"name":"\u015eimdi Al\u0131\u015fveri\u015f Yap\u0131n","item":"https:\/\/saudi-gift.com\/tr\/simdi-alisveris-yapin\/"},{"@type":"ListItem","position":3,"name":"Suudi Kahvesi (1kg)"}]},{"@type":"WebSite","@id":"https:\/\/saudi-gift.com\/#website","url":"https:\/\/saudi-gift.com\/","name":"\u0647\u062f\u064a\u0629 \u0633\u0639\u0648\u062f\u064a\u0629","description":"\u0647\u062f\u064a\u0629 \u0633\u0639\u0648\u062f\u064a\u0629 \u0645\u062a\u062c\u0631 \u0627\u0644\u0643\u062a\u0631\u0648\u0646\u064a \u064a\u0642\u062f\u0645 \u0644\u0643\u0645 \u0645\u062c\u0645\u0648\u0639\u0629 \u0645\u0646 \u0627\u0644\u0647\u062f\u0627\u064a\u0627 \u0627\u0644\u062a\u064a \u062a\u062c\u0633\u062f \u0639\u0628\u0642 \u0630\u0643\u0631\u064a\u0627\u062a\u0643\u0645 \u0641\u064a \u0627\u0644\u0645\u0634\u0627\u0639\u0631 \u0627\u0644\u0645\u0642\u062f\u0633\u0629","publisher":{"@id":"https:\/\/saudi-gift.com\/#organization"},"alternateName":"\u0647\u062f\u064a\u0629 \u0633\u0639\u0648\u062f\u064a\u0629","potentialAction":[{"@type":"SearchAction","target":{"@type":"EntryPoint","urlTemplate":"https:\/\/saudi-gift.com\/?s={search_term_string}"},"query-input":{"@type":"PropertyValueSpecification","valueRequired":true,"valueName":"search_term_string"}}],"inLanguage":"tr"},{"@type":"Organization","@id":"https:\/\/saudi-gift.com\/#organization","name":"\u0645\u062a\u062c\u0631 \u0627\u0644\u0647\u062f\u064a\u0629","alternateName":"\u0647\u062f\u064a\u0629 \u0633\u0639\u0648\u062f\u064a\u0629","url":"https:\/\/saudi-gift.com\/","logo":{"@type":"ImageObject","inLanguage":"tr","@id":"https:\/\/saudi-gift.com\/#\/schema\/logo\/image\/","url":"https:\/\/saudi-gift.com\/wp-content\/uploads\/2025\/05\/2.png","contentUrl":"https:\/\/saudi-gift.com\/wp-content\/uploads\/2025\/05\/2.png","width":163,"height":42,"caption":"\u0645\u062a\u062c\u0631 \u0627\u0644\u0647\u062f\u064a\u0629"},"image":{"@id":"https:\/\/saudi-gift.com\/#\/schema\/logo\/image\/"},"sameAs":["https:\/\/www.facebook.com\/profile.php?id=61560277649059&mibextid=LQQJ4d","https:\/\/x.com\/saudigift_"]}]}},"jetpack-related-posts":[],"_links":{"self":[{"href":"https:\/\/saudi-gift.com\/tr\/wp-json\/wp\/v2\/product\/43230","targetHints":{"allow":["GET"]}}],"collection":[{"href":"https:\/\/saudi-gift.com\/tr\/wp-json\/wp\/v2\/product"}],"about":[{"href":"https:\/\/saudi-gift.com\/tr\/wp-json\/wp\/v2\/types\/product"}],"replies":[{"embeddable":true,"href":"https:\/\/saudi-gift.com\/tr\/wp-json\/wp\/v2\/comments?post=43230"}],"version-history":[{"count":0,"href":"https:\/\/saudi-gift.com\/tr\/wp-json\/wp\/v2\/product\/43230\/revisions"}],"wp:featuredmedia":[{"embeddable":true,"href":"https:\/\/saudi-gift.com\/tr\/wp-json\/wp\/v2\/media\/37912"}],"wp:attachment":[{"href":"https:\/\/saudi-gift.com\/tr\/wp-json\/wp\/v2\/media?parent=43230"}],"wp:term":[{"taxonomy":"product_brand","embeddable":true,"href":"https:\/\/saudi-gift.com\/tr\/wp-json\/wp\/v2\/product_brand?post=43230"},{"taxonomy":"product_cat","embeddable":true,"href":"https:\/\/saudi-gift.com\/tr\/wp-json\/wp\/v2\/product_cat?post=43230"},{"taxonomy":"product_tag","embeddable":true,"href":"https:\/\/saudi-gift.com\/tr\/wp-json\/wp\/v2\/product_tag?post=43230"}],"curies":[{"name":"wp","href":"https:\/\/api.w.org\/{rel}","templated":true}]}}