{"id":43468,"date":"2025-01-28T15:24:57","date_gmt":"2025-01-28T12:24:57","guid":{"rendered":"https:\/\/saudi-gift.com\/product\/ibrahimin-turbesi-tablosu\/"},"modified":"2025-01-28T15:24:57","modified_gmt":"2025-01-28T12:24:57","slug":"ibrahimin-turbesi-tablosu","status":"publish","type":"product","link":"https:\/\/saudi-gift.com\/tr\/urun\/ibrahimin-turbesi-tablosu\/","title":{"rendered":"\u0130brahim&#8217;in T\u00fcrbesi Tablosu"},"content":{"rendered":"<p style=\"text-align: right;\">\u0130brahim&#8217;in T\u00fcrbesi Tablosu<\/p>\n<p style=\"text-align: right;\">Kabe&#8217;nin in\u015fas\u0131 ile ili\u015fkilendirilmi\u015ftir. Plaket, t\u00fcrbenin \u0130slam&#8217;daki \u00f6nemini vurgulayan bir Kuran metni ile s\u00fcslenmi\u015ftir. Plaketin tasar\u0131m\u0131, \u0130slam miras\u0131yla olan ba\u011flant\u0131s\u0131n\u0131 vurgulayan benzersiz bir zarafet kazand\u0131rmaktad\u0131r.  <\/p>\n","protected":false},"excerpt":{"rendered":"<p>\u0130brahim Peygamber&#8217;in ayak izlerini ta\u015f\u0131yan arkeolojik ta\u015f olan Makam \u0130brahim&#8217;i tasvir eden bir tablo, selam onun \u00fczerine olsun. <\/p>\n<p>&nbsp;<\/p>\n","protected":false},"featured_media":43110,"comment_status":"open","ping_status":"closed","template":"","meta":[],"product_brand":[],"product_cat":[373],"product_tag":[1511,1905],"class_list":{"0":"post-43468","1":"product","2":"type-product","3":"status-publish","4":"has-post-thumbnail","6":"product_cat-tablolar","7":"product_tag--tr","8":"product_tag-_-tr","10":"first","11":"instock","12":"sale","13":"shipping-taxable","14":"purchasable","15":"product-type-simple"},"yoast_head":"<!-- This site is optimized with the Yoast SEO Premium plugin v27.2 (Yoast SEO v27.6) - https:\/\/yoast.com\/product\/yoast-seo-premium-wordpress\/ -->\n<title>\u0130brahim&#039;in T\u00fcrbesi Tablosu - \u0647\u062f\u064a\u0629 \u0633\u0639\u0648\u062f\u064a\u0629<\/title>\n<meta name=\"robots\" content=\"index, follow, max-snippet:-1, max-image-preview:large, max-video-preview:-1\" \/>\n<link rel=\"canonical\" href=\"https:\/\/saudi-gift.com\/tr\/product\/ibrahimin-turbesi-tablosu\/\" \/>\n<meta property=\"og:locale\" content=\"tr_TR\" \/>\n<meta property=\"og:type\" content=\"article\" \/>\n<meta property=\"og:title\" content=\"\u0130brahim&#039;in T\u00fcrbesi Tablosu\" \/>\n<meta property=\"og:description\" content=\"\u0130brahim Peygamber&#039;in ayak izlerini ta\u015f\u0131yan arkeolojik ta\u015f olan Makam \u0130brahim&#039;i tasvir eden bir tablo, selam onun \u00fczerine olsun.  &nbsp;\" \/>\n<meta property=\"og:url\" content=\"https:\/\/saudi-gift.com\/tr\/product\/ibrahimin-turbesi-tablosu\/\" \/>\n<meta property=\"og:site_name\" content=\"\u0647\u062f\u064a\u0629 \u0633\u0639\u0648\u062f\u064a\u0629\" \/>\n<meta property=\"article:publisher\" content=\"https:\/\/www.facebook.com\/profile.php?id=61560277649059&amp;mibextid=LQQJ4d\" \/>\n<meta property=\"og:image\" content=\"https:\/\/saudi-gift.com\/wp-content\/uploads\/2025\/01\/43d61fcc-e340-42ae-89d7-f53de4c42084-thumbnail-1000x1000-1.webp\" \/>\n\t<meta property=\"og:image:width\" content=\"600\" \/>\n\t<meta property=\"og:image:height\" content=\"600\" \/>\n\t<meta property=\"og:image:type\" content=\"image\/webp\" \/>\n<meta name=\"twitter:card\" content=\"summary_large_image\" \/>\n<meta name=\"twitter:site\" content=\"@saudigift_\" \/>\n<script type=\"application\/ld+json\" class=\"yoast-schema-graph\">{\"@context\":\"https:\\\/\\\/schema.org\",\"@graph\":[{\"@type\":\"WebPage\",\"@id\":\"https:\\\/\\\/saudi-gift.com\\\/tr\\\/product\\\/ibrahimin-turbesi-tablosu\\\/\",\"url\":\"https:\\\/\\\/saudi-gift.com\\\/tr\\\/product\\\/ibrahimin-turbesi-tablosu\\\/\",\"name\":\"\u0130brahim'in T\u00fcrbesi Tablosu - \u0647\u062f\u064a\u0629 \u0633\u0639\u0648\u062f\u064a\u0629\",\"isPartOf\":{\"@id\":\"https:\\\/\\\/saudi-gift.com\\\/#website\"},\"primaryImageOfPage\":{\"@id\":\"https:\\\/\\\/saudi-gift.com\\\/tr\\\/product\\\/ibrahimin-turbesi-tablosu\\\/#primaryimage\"},\"image\":{\"@id\":\"https:\\\/\\\/saudi-gift.com\\\/tr\\\/product\\\/ibrahimin-turbesi-tablosu\\\/#primaryimage\"},\"thumbnailUrl\":\"https:\\\/\\\/saudi-gift.com\\\/wp-content\\\/uploads\\\/2025\\\/01\\\/43d61fcc-e340-42ae-89d7-f53de4c42084-thumbnail-1000x1000-1.webp\",\"datePublished\":\"2025-01-28T12:24:57+00:00\",\"breadcrumb\":{\"@id\":\"https:\\\/\\\/saudi-gift.com\\\/tr\\\/product\\\/ibrahimin-turbesi-tablosu\\\/#breadcrumb\"},\"inLanguage\":\"tr\",\"potentialAction\":[{\"@type\":\"ReadAction\",\"target\":[\"https:\\\/\\\/saudi-gift.com\\\/tr\\\/product\\\/ibrahimin-turbesi-tablosu\\\/\"]}]},{\"@type\":\"ImageObject\",\"inLanguage\":\"tr\",\"@id\":\"https:\\\/\\\/saudi-gift.com\\\/tr\\\/product\\\/ibrahimin-turbesi-tablosu\\\/#primaryimage\",\"url\":\"https:\\\/\\\/saudi-gift.com\\\/wp-content\\\/uploads\\\/2025\\\/01\\\/43d61fcc-e340-42ae-89d7-f53de4c42084-thumbnail-1000x1000-1.webp\",\"contentUrl\":\"https:\\\/\\\/saudi-gift.com\\\/wp-content\\\/uploads\\\/2025\\\/01\\\/43d61fcc-e340-42ae-89d7-f53de4c42084-thumbnail-1000x1000-1.webp\",\"width\":600,\"height\":600},{\"@type\":\"BreadcrumbList\",\"@id\":\"https:\\\/\\\/saudi-gift.com\\\/tr\\\/product\\\/ibrahimin-turbesi-tablosu\\\/#breadcrumb\",\"itemListElement\":[{\"@type\":\"ListItem\",\"position\":1,\"name\":\"Home\",\"item\":\"https:\\\/\\\/saudi-gift.com\\\/tr\\\/\"},{\"@type\":\"ListItem\",\"position\":2,\"name\":\"\u015eimdi Al\u0131\u015fveri\u015f Yap\u0131n\",\"item\":\"https:\\\/\\\/saudi-gift.com\\\/tr\\\/simdi-alisveris-yapin\\\/\"},{\"@type\":\"ListItem\",\"position\":3,\"name\":\"\u0130brahim&#8217;in T\u00fcrbesi Tablosu\"}]},{\"@type\":\"WebSite\",\"@id\":\"https:\\\/\\\/saudi-gift.com\\\/#website\",\"url\":\"https:\\\/\\\/saudi-gift.com\\\/\",\"name\":\"\u0647\u062f\u064a\u0629 \u0633\u0639\u0648\u062f\u064a\u0629\",\"description\":\"\u0647\u062f\u064a\u0629 \u0633\u0639\u0648\u062f\u064a\u0629 \u0645\u062a\u062c\u0631 \u0627\u0644\u0643\u062a\u0631\u0648\u0646\u064a \u064a\u0642\u062f\u0645 \u0644\u0643\u0645 \u0645\u062c\u0645\u0648\u0639\u0629 \u0645\u0646 \u0627\u0644\u0647\u062f\u0627\u064a\u0627 \u0627\u0644\u062a\u064a \u062a\u062c\u0633\u062f \u0639\u0628\u0642 \u0630\u0643\u0631\u064a\u0627\u062a\u0643\u0645 \u0641\u064a \u0627\u0644\u0645\u0634\u0627\u0639\u0631 \u0627\u0644\u0645\u0642\u062f\u0633\u0629\",\"publisher\":{\"@id\":\"https:\\\/\\\/saudi-gift.com\\\/#organization\"},\"alternateName\":\"\u0647\u062f\u064a\u0629 \u0633\u0639\u0648\u062f\u064a\u0629\",\"potentialAction\":[{\"@type\":\"SearchAction\",\"target\":{\"@type\":\"EntryPoint\",\"urlTemplate\":\"https:\\\/\\\/saudi-gift.com\\\/?s={search_term_string}\"},\"query-input\":{\"@type\":\"PropertyValueSpecification\",\"valueRequired\":true,\"valueName\":\"search_term_string\"}}],\"inLanguage\":\"tr\"},{\"@type\":\"Organization\",\"@id\":\"https:\\\/\\\/saudi-gift.com\\\/#organization\",\"name\":\"\u0645\u062a\u062c\u0631 \u0627\u0644\u0647\u062f\u064a\u0629\",\"alternateName\":\"\u0647\u062f\u064a\u0629 \u0633\u0639\u0648\u062f\u064a\u0629\",\"url\":\"https:\\\/\\\/saudi-gift.com\\\/\",\"logo\":{\"@type\":\"ImageObject\",\"inLanguage\":\"tr\",\"@id\":\"https:\\\/\\\/saudi-gift.com\\\/#\\\/schema\\\/logo\\\/image\\\/\",\"url\":\"https:\\\/\\\/saudi-gift.com\\\/wp-content\\\/uploads\\\/2025\\\/05\\\/2.png\",\"contentUrl\":\"https:\\\/\\\/saudi-gift.com\\\/wp-content\\\/uploads\\\/2025\\\/05\\\/2.png\",\"width\":163,\"height\":42,\"caption\":\"\u0645\u062a\u062c\u0631 \u0627\u0644\u0647\u062f\u064a\u0629\"},\"image\":{\"@id\":\"https:\\\/\\\/saudi-gift.com\\\/#\\\/schema\\\/logo\\\/image\\\/\"},\"sameAs\":[\"https:\\\/\\\/www.facebook.com\\\/profile.php?id=61560277649059&mibextid=LQQJ4d\",\"https:\\\/\\\/x.com\\\/saudigift_\"]}]}<\/script>\n<!-- \/ Yoast SEO Premium plugin. -->","yoast_head_json":{"title":"\u0130brahim'in T\u00fcrbesi Tablosu - \u0647\u062f\u064a\u0629 \u0633\u0639\u0648\u062f\u064a\u0629","robots":{"index":"index","follow":"follow","max-snippet":"max-snippet:-1","max-image-preview":"max-image-preview:large","max-video-preview":"max-video-preview:-1"},"canonical":"https:\/\/saudi-gift.com\/tr\/product\/ibrahimin-turbesi-tablosu\/","og_locale":"tr_TR","og_type":"article","og_title":"\u0130brahim'in T\u00fcrbesi Tablosu","og_description":"\u0130brahim Peygamber'in ayak izlerini ta\u015f\u0131yan arkeolojik ta\u015f olan Makam \u0130brahim'i tasvir eden bir tablo, selam onun \u00fczerine olsun.  &nbsp;","og_url":"https:\/\/saudi-gift.com\/tr\/product\/ibrahimin-turbesi-tablosu\/","og_site_name":"\u0647\u062f\u064a\u0629 \u0633\u0639\u0648\u062f\u064a\u0629","article_publisher":"https:\/\/www.facebook.com\/profile.php?id=61560277649059&mibextid=LQQJ4d","og_image":[{"width":600,"height":600,"url":"https:\/\/saudi-gift.com\/wp-content\/uploads\/2025\/01\/43d61fcc-e340-42ae-89d7-f53de4c42084-thumbnail-1000x1000-1.webp","type":"image\/webp"}],"twitter_card":"summary_large_image","twitter_site":"@saudigift_","schema":{"@context":"https:\/\/schema.org","@graph":[{"@type":"WebPage","@id":"https:\/\/saudi-gift.com\/tr\/product\/ibrahimin-turbesi-tablosu\/","url":"https:\/\/saudi-gift.com\/tr\/product\/ibrahimin-turbesi-tablosu\/","name":"\u0130brahim'in T\u00fcrbesi Tablosu - \u0647\u062f\u064a\u0629 \u0633\u0639\u0648\u062f\u064a\u0629","isPartOf":{"@id":"https:\/\/saudi-gift.com\/#website"},"primaryImageOfPage":{"@id":"https:\/\/saudi-gift.com\/tr\/product\/ibrahimin-turbesi-tablosu\/#primaryimage"},"image":{"@id":"https:\/\/saudi-gift.com\/tr\/product\/ibrahimin-turbesi-tablosu\/#primaryimage"},"thumbnailUrl":"https:\/\/saudi-gift.com\/wp-content\/uploads\/2025\/01\/43d61fcc-e340-42ae-89d7-f53de4c42084-thumbnail-1000x1000-1.webp","datePublished":"2025-01-28T12:24:57+00:00","breadcrumb":{"@id":"https:\/\/saudi-gift.com\/tr\/product\/ibrahimin-turbesi-tablosu\/#breadcrumb"},"inLanguage":"tr","potentialAction":[{"@type":"ReadAction","target":["https:\/\/saudi-gift.com\/tr\/product\/ibrahimin-turbesi-tablosu\/"]}]},{"@type":"ImageObject","inLanguage":"tr","@id":"https:\/\/saudi-gift.com\/tr\/product\/ibrahimin-turbesi-tablosu\/#primaryimage","url":"https:\/\/saudi-gift.com\/wp-content\/uploads\/2025\/01\/43d61fcc-e340-42ae-89d7-f53de4c42084-thumbnail-1000x1000-1.webp","contentUrl":"https:\/\/saudi-gift.com\/wp-content\/uploads\/2025\/01\/43d61fcc-e340-42ae-89d7-f53de4c42084-thumbnail-1000x1000-1.webp","width":600,"height":600},{"@type":"BreadcrumbList","@id":"https:\/\/saudi-gift.com\/tr\/product\/ibrahimin-turbesi-tablosu\/#breadcrumb","itemListElement":[{"@type":"ListItem","position":1,"name":"Home","item":"https:\/\/saudi-gift.com\/tr\/"},{"@type":"ListItem","position":2,"name":"\u015eimdi Al\u0131\u015fveri\u015f Yap\u0131n","item":"https:\/\/saudi-gift.com\/tr\/simdi-alisveris-yapin\/"},{"@type":"ListItem","position":3,"name":"\u0130brahim&#8217;in T\u00fcrbesi Tablosu"}]},{"@type":"WebSite","@id":"https:\/\/saudi-gift.com\/#website","url":"https:\/\/saudi-gift.com\/","name":"\u0647\u062f\u064a\u0629 \u0633\u0639\u0648\u062f\u064a\u0629","description":"\u0647\u062f\u064a\u0629 \u0633\u0639\u0648\u062f\u064a\u0629 \u0645\u062a\u062c\u0631 \u0627\u0644\u0643\u062a\u0631\u0648\u0646\u064a \u064a\u0642\u062f\u0645 \u0644\u0643\u0645 \u0645\u062c\u0645\u0648\u0639\u0629 \u0645\u0646 \u0627\u0644\u0647\u062f\u0627\u064a\u0627 \u0627\u0644\u062a\u064a \u062a\u062c\u0633\u062f \u0639\u0628\u0642 \u0630\u0643\u0631\u064a\u0627\u062a\u0643\u0645 \u0641\u064a \u0627\u0644\u0645\u0634\u0627\u0639\u0631 \u0627\u0644\u0645\u0642\u062f\u0633\u0629","publisher":{"@id":"https:\/\/saudi-gift.com\/#organization"},"alternateName":"\u0647\u062f\u064a\u0629 \u0633\u0639\u0648\u062f\u064a\u0629","potentialAction":[{"@type":"SearchAction","target":{"@type":"EntryPoint","urlTemplate":"https:\/\/saudi-gift.com\/?s={search_term_string}"},"query-input":{"@type":"PropertyValueSpecification","valueRequired":true,"valueName":"search_term_string"}}],"inLanguage":"tr"},{"@type":"Organization","@id":"https:\/\/saudi-gift.com\/#organization","name":"\u0645\u062a\u062c\u0631 \u0627\u0644\u0647\u062f\u064a\u0629","alternateName":"\u0647\u062f\u064a\u0629 \u0633\u0639\u0648\u062f\u064a\u0629","url":"https:\/\/saudi-gift.com\/","logo":{"@type":"ImageObject","inLanguage":"tr","@id":"https:\/\/saudi-gift.com\/#\/schema\/logo\/image\/","url":"https:\/\/saudi-gift.com\/wp-content\/uploads\/2025\/05\/2.png","contentUrl":"https:\/\/saudi-gift.com\/wp-content\/uploads\/2025\/05\/2.png","width":163,"height":42,"caption":"\u0645\u062a\u062c\u0631 \u0627\u0644\u0647\u062f\u064a\u0629"},"image":{"@id":"https:\/\/saudi-gift.com\/#\/schema\/logo\/image\/"},"sameAs":["https:\/\/www.facebook.com\/profile.php?id=61560277649059&mibextid=LQQJ4d","https:\/\/x.com\/saudigift_"]}]}},"jetpack-related-posts":[],"_links":{"self":[{"href":"https:\/\/saudi-gift.com\/tr\/wp-json\/wp\/v2\/product\/43468","targetHints":{"allow":["GET"]}}],"collection":[{"href":"https:\/\/saudi-gift.com\/tr\/wp-json\/wp\/v2\/product"}],"about":[{"href":"https:\/\/saudi-gift.com\/tr\/wp-json\/wp\/v2\/types\/product"}],"replies":[{"embeddable":true,"href":"https:\/\/saudi-gift.com\/tr\/wp-json\/wp\/v2\/comments?post=43468"}],"version-history":[{"count":0,"href":"https:\/\/saudi-gift.com\/tr\/wp-json\/wp\/v2\/product\/43468\/revisions"}],"wp:featuredmedia":[{"embeddable":true,"href":"https:\/\/saudi-gift.com\/tr\/wp-json\/wp\/v2\/media\/43110"}],"wp:attachment":[{"href":"https:\/\/saudi-gift.com\/tr\/wp-json\/wp\/v2\/media?parent=43468"}],"wp:term":[{"taxonomy":"product_brand","embeddable":true,"href":"https:\/\/saudi-gift.com\/tr\/wp-json\/wp\/v2\/product_brand?post=43468"},{"taxonomy":"product_cat","embeddable":true,"href":"https:\/\/saudi-gift.com\/tr\/wp-json\/wp\/v2\/product_cat?post=43468"},{"taxonomy":"product_tag","embeddable":true,"href":"https:\/\/saudi-gift.com\/tr\/wp-json\/wp\/v2\/product_tag?post=43468"}],"curies":[{"name":"wp","href":"https:\/\/api.w.org\/{rel}","templated":true}]}}