{"id":44136,"date":"2025-01-27T14:28:14","date_gmt":"2025-01-27T11:28:14","guid":{"rendered":"https:\/\/saudi-gift.com\/product\/safranli-ve-kakuleli-suudi-kahvesi\/"},"modified":"2025-01-27T14:28:14","modified_gmt":"2025-01-27T11:28:14","slug":"safranli-ve-kakuleli-suudi-kahvesi","status":"publish","type":"product","link":"https:\/\/saudi-gift.com\/tr\/urun\/safranli-ve-kakuleli-suudi-kahvesi\/","title":{"rendered":"Safranl\u0131 ve kakuleli Suudi kahvesi"},"content":{"rendered":"<h3 class=\"ql-direction-rtl\"><strong>Safranl\u0131 ve kakuleli Suudi kahvesi  <\/strong><\/h3>\n<h3 class=\"ql-direction-rtl\"><strong>Teknik \u00d6zellikler<\/strong><\/h3>\n<p class=\"ql-direction-rtl\"><strong>\u00dcr\u00fcn ad\u0131:<\/strong> Safranl\u0131 ve kakuleli Suudi kahvesi<\/p>\n<p class=\"ql-direction-rtl\"><strong>A\u011f\u0131rl\u0131k:<\/strong> 400g (20 kova i\u00e7in yeterli)<\/p>\n<p class=\"ql-direction-rtl\"><strong>\u0130\u00e7indekiler: <\/strong>Y\u0131kanm\u0131\u015f ve kavrulmu\u015f kahve \u00e7ekirdekleri, kakule, safran, birinci s\u0131n\u0131f s\u00fcper ince safran <\/p>\n<p class=\"ql-direction-rtl\"><strong>Paketleme:<\/strong> Oksidasyona ve neme dayan\u0131kl\u0131 \u00f6zel kutularda paketlenmi\u015ftir<\/p>\n","protected":false},"excerpt":{"rendered":"<h2 class=\"ql-align-center text-center ql-direction-rtl\"><span style=\"font-size: 13px;\"><strong>Safran ve kakuleli Suudi kahvesi &#8211; \u00f6zg\u00fcnl\u00fck ve modernli\u011fi birle\u015ftiren dengeli bir lezzet<\/strong><\/span><\/h2>\n","protected":false},"featured_media":42776,"comment_status":"open","ping_status":"closed","template":"","meta":[],"product_brand":[],"product_cat":[3122],"product_tag":[1847],"class_list":{"0":"post-44136","1":"product","2":"type-product","3":"status-publish","4":"has-post-thumbnail","6":"product_cat-3122","7":"product_tag-_","9":"first","10":"instock","11":"sale","12":"shipping-taxable","13":"purchasable","14":"product-type-simple"},"yoast_head":"<!-- This site is optimized with the Yoast SEO Premium plugin v27.2 (Yoast SEO v27.6) - https:\/\/yoast.com\/product\/yoast-seo-premium-wordpress\/ -->\n<title>Safranl\u0131 ve kakuleli Suudi kahvesi - \u0647\u062f\u064a\u0629 \u0633\u0639\u0648\u062f\u064a\u0629<\/title>\n<meta name=\"robots\" content=\"index, follow, max-snippet:-1, max-image-preview:large, max-video-preview:-1\" \/>\n<link rel=\"canonical\" href=\"https:\/\/saudi-gift.com\/product\/\u0642\u0647\u0648\u0629-\u0633\u0639\u0648\u062f\u064a\u0629-\u0628\u0627\u0644\u0632\u0639\u0641\u0631\u0627\u0646-\u0648-\u0627\u0644\u0647\u064a\u0644-2\/\" \/>\n<meta property=\"og:locale\" content=\"tr_TR\" \/>\n<meta property=\"og:type\" content=\"article\" \/>\n<meta property=\"og:title\" content=\"Safranl\u0131 ve kakuleli Suudi kahvesi\" \/>\n<meta property=\"og:description\" content=\"Safran ve kakuleli Suudi kahvesi - \u00f6zg\u00fcnl\u00fck ve modernli\u011fi birle\u015ftiren dengeli bir lezzet\" \/>\n<meta property=\"og:url\" content=\"https:\/\/saudi-gift.com\/product\/\u0642\u0647\u0648\u0629-\u0633\u0639\u0648\u062f\u064a\u0629-\u0628\u0627\u0644\u0632\u0639\u0641\u0631\u0627\u0646-\u0648-\u0627\u0644\u0647\u064a\u0644-2\/\" \/>\n<meta property=\"og:site_name\" content=\"\u0647\u062f\u064a\u0629 \u0633\u0639\u0648\u062f\u064a\u0629\" \/>\n<meta property=\"article:publisher\" content=\"https:\/\/www.facebook.com\/profile.php?id=61560277649059&amp;mibextid=LQQJ4d\" \/>\n<meta property=\"og:image\" content=\"https:\/\/saudi-gift.com\/wp-content\/uploads\/2025\/01\/dfc9178c-1f55-4b24-92a7-02f9fc187798-819.16714204221x1000-4nRYLaiEUpmWfbYpxPT1jvUj8NlppBhDLFWVilER-1.webp\" \/>\n\t<meta property=\"og:image:width\" content=\"600\" \/>\n\t<meta property=\"og:image:height\" content=\"600\" \/>\n\t<meta property=\"og:image:type\" content=\"image\/webp\" \/>\n<meta name=\"twitter:card\" content=\"summary_large_image\" \/>\n<meta name=\"twitter:site\" content=\"@saudigift_\" \/>\n<script type=\"application\/ld+json\" class=\"yoast-schema-graph\">{\"@context\":\"https:\\\/\\\/schema.org\",\"@graph\":[{\"@type\":\"WebPage\",\"@id\":\"https:\\\/\\\/saudi-gift.com\\\/product\\\/%d9%82%d9%87%d9%88%d8%a9-%d8%b3%d8%b9%d9%88%d8%af%d9%8a%d8%a9-%d8%a8%d8%a7%d9%84%d8%b2%d8%b9%d9%81%d8%b1%d8%a7%d9%86-%d9%88-%d8%a7%d9%84%d9%87%d9%8a%d9%84-2\\\/\",\"url\":\"https:\\\/\\\/saudi-gift.com\\\/product\\\/%d9%82%d9%87%d9%88%d8%a9-%d8%b3%d8%b9%d9%88%d8%af%d9%8a%d8%a9-%d8%a8%d8%a7%d9%84%d8%b2%d8%b9%d9%81%d8%b1%d8%a7%d9%86-%d9%88-%d8%a7%d9%84%d9%87%d9%8a%d9%84-2\\\/\",\"name\":\"Safranl\u0131 ve kakuleli Suudi kahvesi - \u0647\u062f\u064a\u0629 \u0633\u0639\u0648\u062f\u064a\u0629\",\"isPartOf\":{\"@id\":\"https:\\\/\\\/saudi-gift.com\\\/#website\"},\"primaryImageOfPage\":{\"@id\":\"https:\\\/\\\/saudi-gift.com\\\/product\\\/%d9%82%d9%87%d9%88%d8%a9-%d8%b3%d8%b9%d9%88%d8%af%d9%8a%d8%a9-%d8%a8%d8%a7%d9%84%d8%b2%d8%b9%d9%81%d8%b1%d8%a7%d9%86-%d9%88-%d8%a7%d9%84%d9%87%d9%8a%d9%84-2\\\/#primaryimage\"},\"image\":{\"@id\":\"https:\\\/\\\/saudi-gift.com\\\/product\\\/%d9%82%d9%87%d9%88%d8%a9-%d8%b3%d8%b9%d9%88%d8%af%d9%8a%d8%a9-%d8%a8%d8%a7%d9%84%d8%b2%d8%b9%d9%81%d8%b1%d8%a7%d9%86-%d9%88-%d8%a7%d9%84%d9%87%d9%8a%d9%84-2\\\/#primaryimage\"},\"thumbnailUrl\":\"https:\\\/\\\/saudi-gift.com\\\/wp-content\\\/uploads\\\/2025\\\/01\\\/dfc9178c-1f55-4b24-92a7-02f9fc187798-819.16714204221x1000-4nRYLaiEUpmWfbYpxPT1jvUj8NlppBhDLFWVilER-1.webp\",\"datePublished\":\"2025-01-27T11:28:14+00:00\",\"breadcrumb\":{\"@id\":\"https:\\\/\\\/saudi-gift.com\\\/product\\\/%d9%82%d9%87%d9%88%d8%a9-%d8%b3%d8%b9%d9%88%d8%af%d9%8a%d8%a9-%d8%a8%d8%a7%d9%84%d8%b2%d8%b9%d9%81%d8%b1%d8%a7%d9%86-%d9%88-%d8%a7%d9%84%d9%87%d9%8a%d9%84-2\\\/#breadcrumb\"},\"inLanguage\":\"tr\",\"potentialAction\":[{\"@type\":\"ReadAction\",\"target\":[\"https:\\\/\\\/saudi-gift.com\\\/product\\\/%d9%82%d9%87%d9%88%d8%a9-%d8%b3%d8%b9%d9%88%d8%af%d9%8a%d8%a9-%d8%a8%d8%a7%d9%84%d8%b2%d8%b9%d9%81%d8%b1%d8%a7%d9%86-%d9%88-%d8%a7%d9%84%d9%87%d9%8a%d9%84-2\\\/\"]}]},{\"@type\":\"ImageObject\",\"inLanguage\":\"tr\",\"@id\":\"https:\\\/\\\/saudi-gift.com\\\/product\\\/%d9%82%d9%87%d9%88%d8%a9-%d8%b3%d8%b9%d9%88%d8%af%d9%8a%d8%a9-%d8%a8%d8%a7%d9%84%d8%b2%d8%b9%d9%81%d8%b1%d8%a7%d9%86-%d9%88-%d8%a7%d9%84%d9%87%d9%8a%d9%84-2\\\/#primaryimage\",\"url\":\"https:\\\/\\\/saudi-gift.com\\\/wp-content\\\/uploads\\\/2025\\\/01\\\/dfc9178c-1f55-4b24-92a7-02f9fc187798-819.16714204221x1000-4nRYLaiEUpmWfbYpxPT1jvUj8NlppBhDLFWVilER-1.webp\",\"contentUrl\":\"https:\\\/\\\/saudi-gift.com\\\/wp-content\\\/uploads\\\/2025\\\/01\\\/dfc9178c-1f55-4b24-92a7-02f9fc187798-819.16714204221x1000-4nRYLaiEUpmWfbYpxPT1jvUj8NlppBhDLFWVilER-1.webp\",\"width\":600,\"height\":600},{\"@type\":\"BreadcrumbList\",\"@id\":\"https:\\\/\\\/saudi-gift.com\\\/product\\\/%d9%82%d9%87%d9%88%d8%a9-%d8%b3%d8%b9%d9%88%d8%af%d9%8a%d8%a9-%d8%a8%d8%a7%d9%84%d8%b2%d8%b9%d9%81%d8%b1%d8%a7%d9%86-%d9%88-%d8%a7%d9%84%d9%87%d9%8a%d9%84-2\\\/#breadcrumb\",\"itemListElement\":[{\"@type\":\"ListItem\",\"position\":1,\"name\":\"Home\",\"item\":\"https:\\\/\\\/saudi-gift.com\\\/tr\\\/\"},{\"@type\":\"ListItem\",\"position\":2,\"name\":\"\u015eimdi Al\u0131\u015fveri\u015f Yap\u0131n\",\"item\":\"https:\\\/\\\/saudi-gift.com\\\/tr\\\/simdi-alisveris-yapin\\\/\"},{\"@type\":\"ListItem\",\"position\":3,\"name\":\"Safranl\u0131 ve kakuleli Suudi kahvesi\"}]},{\"@type\":\"WebSite\",\"@id\":\"https:\\\/\\\/saudi-gift.com\\\/#website\",\"url\":\"https:\\\/\\\/saudi-gift.com\\\/\",\"name\":\"\u0647\u062f\u064a\u0629 \u0633\u0639\u0648\u062f\u064a\u0629\",\"description\":\"\u0647\u062f\u064a\u0629 \u0633\u0639\u0648\u062f\u064a\u0629 \u0645\u062a\u062c\u0631 \u0627\u0644\u0643\u062a\u0631\u0648\u0646\u064a \u064a\u0642\u062f\u0645 \u0644\u0643\u0645 \u0645\u062c\u0645\u0648\u0639\u0629 \u0645\u0646 \u0627\u0644\u0647\u062f\u0627\u064a\u0627 \u0627\u0644\u062a\u064a \u062a\u062c\u0633\u062f \u0639\u0628\u0642 \u0630\u0643\u0631\u064a\u0627\u062a\u0643\u0645 \u0641\u064a \u0627\u0644\u0645\u0634\u0627\u0639\u0631 \u0627\u0644\u0645\u0642\u062f\u0633\u0629\",\"publisher\":{\"@id\":\"https:\\\/\\\/saudi-gift.com\\\/#organization\"},\"alternateName\":\"\u0647\u062f\u064a\u0629 \u0633\u0639\u0648\u062f\u064a\u0629\",\"potentialAction\":[{\"@type\":\"SearchAction\",\"target\":{\"@type\":\"EntryPoint\",\"urlTemplate\":\"https:\\\/\\\/saudi-gift.com\\\/?s={search_term_string}\"},\"query-input\":{\"@type\":\"PropertyValueSpecification\",\"valueRequired\":true,\"valueName\":\"search_term_string\"}}],\"inLanguage\":\"tr\"},{\"@type\":\"Organization\",\"@id\":\"https:\\\/\\\/saudi-gift.com\\\/#organization\",\"name\":\"\u0645\u062a\u062c\u0631 \u0627\u0644\u0647\u062f\u064a\u0629\",\"alternateName\":\"\u0647\u062f\u064a\u0629 \u0633\u0639\u0648\u062f\u064a\u0629\",\"url\":\"https:\\\/\\\/saudi-gift.com\\\/\",\"logo\":{\"@type\":\"ImageObject\",\"inLanguage\":\"tr\",\"@id\":\"https:\\\/\\\/saudi-gift.com\\\/#\\\/schema\\\/logo\\\/image\\\/\",\"url\":\"https:\\\/\\\/saudi-gift.com\\\/wp-content\\\/uploads\\\/2025\\\/05\\\/2.png\",\"contentUrl\":\"https:\\\/\\\/saudi-gift.com\\\/wp-content\\\/uploads\\\/2025\\\/05\\\/2.png\",\"width\":163,\"height\":42,\"caption\":\"\u0645\u062a\u062c\u0631 \u0627\u0644\u0647\u062f\u064a\u0629\"},\"image\":{\"@id\":\"https:\\\/\\\/saudi-gift.com\\\/#\\\/schema\\\/logo\\\/image\\\/\"},\"sameAs\":[\"https:\\\/\\\/www.facebook.com\\\/profile.php?id=61560277649059&mibextid=LQQJ4d\",\"https:\\\/\\\/x.com\\\/saudigift_\"]}]}<\/script>\n<!-- \/ Yoast SEO Premium plugin. -->","yoast_head_json":{"title":"Safranl\u0131 ve kakuleli Suudi kahvesi - \u0647\u062f\u064a\u0629 \u0633\u0639\u0648\u062f\u064a\u0629","robots":{"index":"index","follow":"follow","max-snippet":"max-snippet:-1","max-image-preview":"max-image-preview:large","max-video-preview":"max-video-preview:-1"},"canonical":"https:\/\/saudi-gift.com\/product\/\u0642\u0647\u0648\u0629-\u0633\u0639\u0648\u062f\u064a\u0629-\u0628\u0627\u0644\u0632\u0639\u0641\u0631\u0627\u0646-\u0648-\u0627\u0644\u0647\u064a\u0644-2\/","og_locale":"tr_TR","og_type":"article","og_title":"Safranl\u0131 ve kakuleli Suudi kahvesi","og_description":"Safran ve kakuleli Suudi kahvesi - \u00f6zg\u00fcnl\u00fck ve modernli\u011fi birle\u015ftiren dengeli bir lezzet","og_url":"https:\/\/saudi-gift.com\/product\/\u0642\u0647\u0648\u0629-\u0633\u0639\u0648\u062f\u064a\u0629-\u0628\u0627\u0644\u0632\u0639\u0641\u0631\u0627\u0646-\u0648-\u0627\u0644\u0647\u064a\u0644-2\/","og_site_name":"\u0647\u062f\u064a\u0629 \u0633\u0639\u0648\u062f\u064a\u0629","article_publisher":"https:\/\/www.facebook.com\/profile.php?id=61560277649059&mibextid=LQQJ4d","og_image":[{"width":600,"height":600,"url":"https:\/\/saudi-gift.com\/wp-content\/uploads\/2025\/01\/dfc9178c-1f55-4b24-92a7-02f9fc187798-819.16714204221x1000-4nRYLaiEUpmWfbYpxPT1jvUj8NlppBhDLFWVilER-1.webp","type":"image\/webp"}],"twitter_card":"summary_large_image","twitter_site":"@saudigift_","schema":{"@context":"https:\/\/schema.org","@graph":[{"@type":"WebPage","@id":"https:\/\/saudi-gift.com\/product\/%d9%82%d9%87%d9%88%d8%a9-%d8%b3%d8%b9%d9%88%d8%af%d9%8a%d8%a9-%d8%a8%d8%a7%d9%84%d8%b2%d8%b9%d9%81%d8%b1%d8%a7%d9%86-%d9%88-%d8%a7%d9%84%d9%87%d9%8a%d9%84-2\/","url":"https:\/\/saudi-gift.com\/product\/%d9%82%d9%87%d9%88%d8%a9-%d8%b3%d8%b9%d9%88%d8%af%d9%8a%d8%a9-%d8%a8%d8%a7%d9%84%d8%b2%d8%b9%d9%81%d8%b1%d8%a7%d9%86-%d9%88-%d8%a7%d9%84%d9%87%d9%8a%d9%84-2\/","name":"Safranl\u0131 ve kakuleli Suudi kahvesi - \u0647\u062f\u064a\u0629 \u0633\u0639\u0648\u062f\u064a\u0629","isPartOf":{"@id":"https:\/\/saudi-gift.com\/#website"},"primaryImageOfPage":{"@id":"https:\/\/saudi-gift.com\/product\/%d9%82%d9%87%d9%88%d8%a9-%d8%b3%d8%b9%d9%88%d8%af%d9%8a%d8%a9-%d8%a8%d8%a7%d9%84%d8%b2%d8%b9%d9%81%d8%b1%d8%a7%d9%86-%d9%88-%d8%a7%d9%84%d9%87%d9%8a%d9%84-2\/#primaryimage"},"image":{"@id":"https:\/\/saudi-gift.com\/product\/%d9%82%d9%87%d9%88%d8%a9-%d8%b3%d8%b9%d9%88%d8%af%d9%8a%d8%a9-%d8%a8%d8%a7%d9%84%d8%b2%d8%b9%d9%81%d8%b1%d8%a7%d9%86-%d9%88-%d8%a7%d9%84%d9%87%d9%8a%d9%84-2\/#primaryimage"},"thumbnailUrl":"https:\/\/saudi-gift.com\/wp-content\/uploads\/2025\/01\/dfc9178c-1f55-4b24-92a7-02f9fc187798-819.16714204221x1000-4nRYLaiEUpmWfbYpxPT1jvUj8NlppBhDLFWVilER-1.webp","datePublished":"2025-01-27T11:28:14+00:00","breadcrumb":{"@id":"https:\/\/saudi-gift.com\/product\/%d9%82%d9%87%d9%88%d8%a9-%d8%b3%d8%b9%d9%88%d8%af%d9%8a%d8%a9-%d8%a8%d8%a7%d9%84%d8%b2%d8%b9%d9%81%d8%b1%d8%a7%d9%86-%d9%88-%d8%a7%d9%84%d9%87%d9%8a%d9%84-2\/#breadcrumb"},"inLanguage":"tr","potentialAction":[{"@type":"ReadAction","target":["https:\/\/saudi-gift.com\/product\/%d9%82%d9%87%d9%88%d8%a9-%d8%b3%d8%b9%d9%88%d8%af%d9%8a%d8%a9-%d8%a8%d8%a7%d9%84%d8%b2%d8%b9%d9%81%d8%b1%d8%a7%d9%86-%d9%88-%d8%a7%d9%84%d9%87%d9%8a%d9%84-2\/"]}]},{"@type":"ImageObject","inLanguage":"tr","@id":"https:\/\/saudi-gift.com\/product\/%d9%82%d9%87%d9%88%d8%a9-%d8%b3%d8%b9%d9%88%d8%af%d9%8a%d8%a9-%d8%a8%d8%a7%d9%84%d8%b2%d8%b9%d9%81%d8%b1%d8%a7%d9%86-%d9%88-%d8%a7%d9%84%d9%87%d9%8a%d9%84-2\/#primaryimage","url":"https:\/\/saudi-gift.com\/wp-content\/uploads\/2025\/01\/dfc9178c-1f55-4b24-92a7-02f9fc187798-819.16714204221x1000-4nRYLaiEUpmWfbYpxPT1jvUj8NlppBhDLFWVilER-1.webp","contentUrl":"https:\/\/saudi-gift.com\/wp-content\/uploads\/2025\/01\/dfc9178c-1f55-4b24-92a7-02f9fc187798-819.16714204221x1000-4nRYLaiEUpmWfbYpxPT1jvUj8NlppBhDLFWVilER-1.webp","width":600,"height":600},{"@type":"BreadcrumbList","@id":"https:\/\/saudi-gift.com\/product\/%d9%82%d9%87%d9%88%d8%a9-%d8%b3%d8%b9%d9%88%d8%af%d9%8a%d8%a9-%d8%a8%d8%a7%d9%84%d8%b2%d8%b9%d9%81%d8%b1%d8%a7%d9%86-%d9%88-%d8%a7%d9%84%d9%87%d9%8a%d9%84-2\/#breadcrumb","itemListElement":[{"@type":"ListItem","position":1,"name":"Home","item":"https:\/\/saudi-gift.com\/tr\/"},{"@type":"ListItem","position":2,"name":"\u015eimdi Al\u0131\u015fveri\u015f Yap\u0131n","item":"https:\/\/saudi-gift.com\/tr\/simdi-alisveris-yapin\/"},{"@type":"ListItem","position":3,"name":"Safranl\u0131 ve kakuleli Suudi kahvesi"}]},{"@type":"WebSite","@id":"https:\/\/saudi-gift.com\/#website","url":"https:\/\/saudi-gift.com\/","name":"\u0647\u062f\u064a\u0629 \u0633\u0639\u0648\u062f\u064a\u0629","description":"\u0647\u062f\u064a\u0629 \u0633\u0639\u0648\u062f\u064a\u0629 \u0645\u062a\u062c\u0631 \u0627\u0644\u0643\u062a\u0631\u0648\u0646\u064a \u064a\u0642\u062f\u0645 \u0644\u0643\u0645 \u0645\u062c\u0645\u0648\u0639\u0629 \u0645\u0646 \u0627\u0644\u0647\u062f\u0627\u064a\u0627 \u0627\u0644\u062a\u064a \u062a\u062c\u0633\u062f \u0639\u0628\u0642 \u0630\u0643\u0631\u064a\u0627\u062a\u0643\u0645 \u0641\u064a \u0627\u0644\u0645\u0634\u0627\u0639\u0631 \u0627\u0644\u0645\u0642\u062f\u0633\u0629","publisher":{"@id":"https:\/\/saudi-gift.com\/#organization"},"alternateName":"\u0647\u062f\u064a\u0629 \u0633\u0639\u0648\u062f\u064a\u0629","potentialAction":[{"@type":"SearchAction","target":{"@type":"EntryPoint","urlTemplate":"https:\/\/saudi-gift.com\/?s={search_term_string}"},"query-input":{"@type":"PropertyValueSpecification","valueRequired":true,"valueName":"search_term_string"}}],"inLanguage":"tr"},{"@type":"Organization","@id":"https:\/\/saudi-gift.com\/#organization","name":"\u0645\u062a\u062c\u0631 \u0627\u0644\u0647\u062f\u064a\u0629","alternateName":"\u0647\u062f\u064a\u0629 \u0633\u0639\u0648\u062f\u064a\u0629","url":"https:\/\/saudi-gift.com\/","logo":{"@type":"ImageObject","inLanguage":"tr","@id":"https:\/\/saudi-gift.com\/#\/schema\/logo\/image\/","url":"https:\/\/saudi-gift.com\/wp-content\/uploads\/2025\/05\/2.png","contentUrl":"https:\/\/saudi-gift.com\/wp-content\/uploads\/2025\/05\/2.png","width":163,"height":42,"caption":"\u0645\u062a\u062c\u0631 \u0627\u0644\u0647\u062f\u064a\u0629"},"image":{"@id":"https:\/\/saudi-gift.com\/#\/schema\/logo\/image\/"},"sameAs":["https:\/\/www.facebook.com\/profile.php?id=61560277649059&mibextid=LQQJ4d","https:\/\/x.com\/saudigift_"]}]}},"jetpack-related-posts":[],"_links":{"self":[{"href":"https:\/\/saudi-gift.com\/tr\/wp-json\/wp\/v2\/product\/44136","targetHints":{"allow":["GET"]}}],"collection":[{"href":"https:\/\/saudi-gift.com\/tr\/wp-json\/wp\/v2\/product"}],"about":[{"href":"https:\/\/saudi-gift.com\/tr\/wp-json\/wp\/v2\/types\/product"}],"replies":[{"embeddable":true,"href":"https:\/\/saudi-gift.com\/tr\/wp-json\/wp\/v2\/comments?post=44136"}],"version-history":[{"count":0,"href":"https:\/\/saudi-gift.com\/tr\/wp-json\/wp\/v2\/product\/44136\/revisions"}],"wp:featuredmedia":[{"embeddable":true,"href":"https:\/\/saudi-gift.com\/tr\/wp-json\/wp\/v2\/media\/42776"}],"wp:attachment":[{"href":"https:\/\/saudi-gift.com\/tr\/wp-json\/wp\/v2\/media?parent=44136"}],"wp:term":[{"taxonomy":"product_brand","embeddable":true,"href":"https:\/\/saudi-gift.com\/tr\/wp-json\/wp\/v2\/product_brand?post=44136"},{"taxonomy":"product_cat","embeddable":true,"href":"https:\/\/saudi-gift.com\/tr\/wp-json\/wp\/v2\/product_cat?post=44136"},{"taxonomy":"product_tag","embeddable":true,"href":"https:\/\/saudi-gift.com\/tr\/wp-json\/wp\/v2\/product_tag?post=44136"}],"curies":[{"name":"wp","href":"https:\/\/api.w.org\/{rel}","templated":true}]}}