{"id":44465,"date":"2025-01-26T17:34:00","date_gmt":"2025-01-26T14:34:00","guid":{"rendered":"https:\/\/saudi-gift.com\/product\/tahinli-tamariya-fistigi\/"},"modified":"2025-01-26T17:34:00","modified_gmt":"2025-01-26T14:34:00","slug":"tahinli-tamariya-fistigi","status":"publish","type":"product","link":"https:\/\/saudi-gift.com\/tr\/urun\/tahinli-tamariya-fistigi\/","title":{"rendered":"Tahinli Tamariya F\u0131st\u0131\u011f\u0131"},"content":{"rendered":"<h3 class=\"ql-direction-rtl\"><strong>Tahinli Tamariya F\u0131st\u0131\u011f\u0131  <\/strong><\/h3>\n<h3 class=\"ql-direction-rtl\"><strong>Teknik \u00d6zellikler<\/strong><\/h3>\n<p class=\"ql-direction-rtl\"><strong>Tip<\/strong> Hurmal\u0131 Tatl\u0131lar<\/p>\n<p class=\"ql-direction-rtl\"><strong>A\u011f\u0131rl\u0131k<\/strong> 500 gram<\/p>\n<p class=\"ql-direction-rtl\">Tahinli F\u0131nd\u0131kl\u0131 Tamarita, tereya\u011f\u0131, \u015feker, hurma, Antep f\u0131st\u0131\u011f\u0131, ya\u011f, kakule, kaju f\u0131st\u0131\u011f\u0131, badem ve tereya\u011fl\u0131 bisk\u00fcvi gibi do\u011fal malzemelerin e\u015fsiz bir kombinasyonudur ve en iyi kalite tahin, kaju f\u0131st\u0131\u011f\u0131 ve yer f\u0131st\u0131\u011f\u0131 ile doldurulmu\u015f ve tepesinde yuvarlak toplar halinde servis edilir.  <\/p>\n","protected":false},"excerpt":{"rendered":"<h2 class=\"ql-align-center ql-direction-rtl text-center\"><span style=\"font-size: 13px;\"><strong>Tahinli Tamariya F\u0131st\u0131\u011f\u0131 | her lokmada do\u011fal tatl\u0131l\u0131k<\/strong><\/span><\/h2>\n","protected":false},"featured_media":42173,"comment_status":"open","ping_status":"closed","template":"","meta":[],"product_brand":[],"product_cat":[3122],"product_tag":[1374],"class_list":{"0":"post-44465","1":"product","2":"type-product","3":"status-publish","4":"has-post-thumbnail","6":"product_cat-3122","7":"product_tag-1374","9":"first","10":"instock","11":"shipping-taxable","12":"purchasable","13":"product-type-simple"},"yoast_head":"<!-- This site is optimized with the Yoast SEO Premium plugin v27.2 (Yoast SEO v27.6) - https:\/\/yoast.com\/product\/yoast-seo-premium-wordpress\/ -->\n<title>Tahinli Tamariya F\u0131st\u0131\u011f\u0131 - \u0647\u062f\u064a\u0629 \u0633\u0639\u0648\u062f\u064a\u0629<\/title>\n<meta name=\"robots\" content=\"index, follow, max-snippet:-1, max-image-preview:large, max-video-preview:-1\" \/>\n<link rel=\"canonical\" href=\"https:\/\/saudi-gift.com\/product\/\u062a\u0645\u0631\u064a\u0629-\u0627\u0644\u0645\u0643\u0633\u0631\u0627\u062a-\u0628\u0627\u0644\u0637\u062d\u064a\u0646\u0629\/\" \/>\n<meta property=\"og:locale\" content=\"tr_TR\" \/>\n<meta property=\"og:type\" content=\"article\" \/>\n<meta property=\"og:title\" content=\"Tahinli Tamariya F\u0131st\u0131\u011f\u0131\" \/>\n<meta property=\"og:description\" content=\"Tahinli Tamariya F\u0131st\u0131\u011f\u0131 | her lokmada do\u011fal tatl\u0131l\u0131k\" \/>\n<meta property=\"og:url\" content=\"https:\/\/saudi-gift.com\/product\/\u062a\u0645\u0631\u064a\u0629-\u0627\u0644\u0645\u0643\u0633\u0631\u0627\u062a-\u0628\u0627\u0644\u0637\u062d\u064a\u0646\u0629\/\" \/>\n<meta property=\"og:site_name\" content=\"\u0647\u062f\u064a\u0629 \u0633\u0639\u0648\u062f\u064a\u0629\" \/>\n<meta property=\"article:publisher\" content=\"https:\/\/www.facebook.com\/profile.php?id=61560277649059&amp;mibextid=LQQJ4d\" \/>\n<meta property=\"og:image\" content=\"https:\/\/saudi-gift.com\/wp-content\/uploads\/2025\/01\/L8QVTD11Pf8d82eyS1vpFQhp4jFBOUkfqwF4mQkB-1.webp\" \/>\n\t<meta property=\"og:image:width\" content=\"600\" \/>\n\t<meta property=\"og:image:height\" content=\"600\" \/>\n\t<meta property=\"og:image:type\" content=\"image\/webp\" \/>\n<meta name=\"twitter:card\" content=\"summary_large_image\" \/>\n<meta name=\"twitter:site\" content=\"@saudigift_\" \/>\n<script type=\"application\/ld+json\" class=\"yoast-schema-graph\">{\"@context\":\"https:\\\/\\\/schema.org\",\"@graph\":[{\"@type\":\"WebPage\",\"@id\":\"https:\\\/\\\/saudi-gift.com\\\/product\\\/%d8%aa%d9%85%d8%b1%d9%8a%d8%a9-%d8%a7%d9%84%d9%85%d9%83%d8%b3%d8%b1%d8%a7%d8%aa-%d8%a8%d8%a7%d9%84%d8%b7%d8%ad%d9%8a%d9%86%d8%a9\\\/\",\"url\":\"https:\\\/\\\/saudi-gift.com\\\/product\\\/%d8%aa%d9%85%d8%b1%d9%8a%d8%a9-%d8%a7%d9%84%d9%85%d9%83%d8%b3%d8%b1%d8%a7%d8%aa-%d8%a8%d8%a7%d9%84%d8%b7%d8%ad%d9%8a%d9%86%d8%a9\\\/\",\"name\":\"Tahinli Tamariya F\u0131st\u0131\u011f\u0131 - \u0647\u062f\u064a\u0629 \u0633\u0639\u0648\u062f\u064a\u0629\",\"isPartOf\":{\"@id\":\"https:\\\/\\\/saudi-gift.com\\\/#website\"},\"primaryImageOfPage\":{\"@id\":\"https:\\\/\\\/saudi-gift.com\\\/product\\\/%d8%aa%d9%85%d8%b1%d9%8a%d8%a9-%d8%a7%d9%84%d9%85%d9%83%d8%b3%d8%b1%d8%a7%d8%aa-%d8%a8%d8%a7%d9%84%d8%b7%d8%ad%d9%8a%d9%86%d8%a9\\\/#primaryimage\"},\"image\":{\"@id\":\"https:\\\/\\\/saudi-gift.com\\\/product\\\/%d8%aa%d9%85%d8%b1%d9%8a%d8%a9-%d8%a7%d9%84%d9%85%d9%83%d8%b3%d8%b1%d8%a7%d8%aa-%d8%a8%d8%a7%d9%84%d8%b7%d8%ad%d9%8a%d9%86%d8%a9\\\/#primaryimage\"},\"thumbnailUrl\":\"https:\\\/\\\/saudi-gift.com\\\/wp-content\\\/uploads\\\/2025\\\/01\\\/L8QVTD11Pf8d82eyS1vpFQhp4jFBOUkfqwF4mQkB-1.webp\",\"datePublished\":\"2025-01-26T14:34:00+00:00\",\"breadcrumb\":{\"@id\":\"https:\\\/\\\/saudi-gift.com\\\/product\\\/%d8%aa%d9%85%d8%b1%d9%8a%d8%a9-%d8%a7%d9%84%d9%85%d9%83%d8%b3%d8%b1%d8%a7%d8%aa-%d8%a8%d8%a7%d9%84%d8%b7%d8%ad%d9%8a%d9%86%d8%a9\\\/#breadcrumb\"},\"inLanguage\":\"tr\",\"potentialAction\":[{\"@type\":\"ReadAction\",\"target\":[\"https:\\\/\\\/saudi-gift.com\\\/product\\\/%d8%aa%d9%85%d8%b1%d9%8a%d8%a9-%d8%a7%d9%84%d9%85%d9%83%d8%b3%d8%b1%d8%a7%d8%aa-%d8%a8%d8%a7%d9%84%d8%b7%d8%ad%d9%8a%d9%86%d8%a9\\\/\"]}]},{\"@type\":\"ImageObject\",\"inLanguage\":\"tr\",\"@id\":\"https:\\\/\\\/saudi-gift.com\\\/product\\\/%d8%aa%d9%85%d8%b1%d9%8a%d8%a9-%d8%a7%d9%84%d9%85%d9%83%d8%b3%d8%b1%d8%a7%d8%aa-%d8%a8%d8%a7%d9%84%d8%b7%d8%ad%d9%8a%d9%86%d8%a9\\\/#primaryimage\",\"url\":\"https:\\\/\\\/saudi-gift.com\\\/wp-content\\\/uploads\\\/2025\\\/01\\\/L8QVTD11Pf8d82eyS1vpFQhp4jFBOUkfqwF4mQkB-1.webp\",\"contentUrl\":\"https:\\\/\\\/saudi-gift.com\\\/wp-content\\\/uploads\\\/2025\\\/01\\\/L8QVTD11Pf8d82eyS1vpFQhp4jFBOUkfqwF4mQkB-1.webp\",\"width\":600,\"height\":600},{\"@type\":\"BreadcrumbList\",\"@id\":\"https:\\\/\\\/saudi-gift.com\\\/product\\\/%d8%aa%d9%85%d8%b1%d9%8a%d8%a9-%d8%a7%d9%84%d9%85%d9%83%d8%b3%d8%b1%d8%a7%d8%aa-%d8%a8%d8%a7%d9%84%d8%b7%d8%ad%d9%8a%d9%86%d8%a9\\\/#breadcrumb\",\"itemListElement\":[{\"@type\":\"ListItem\",\"position\":1,\"name\":\"Home\",\"item\":\"https:\\\/\\\/saudi-gift.com\\\/tr\\\/\"},{\"@type\":\"ListItem\",\"position\":2,\"name\":\"\u015eimdi Al\u0131\u015fveri\u015f Yap\u0131n\",\"item\":\"https:\\\/\\\/saudi-gift.com\\\/tr\\\/simdi-alisveris-yapin\\\/\"},{\"@type\":\"ListItem\",\"position\":3,\"name\":\"Tahinli Tamariya F\u0131st\u0131\u011f\u0131\"}]},{\"@type\":\"WebSite\",\"@id\":\"https:\\\/\\\/saudi-gift.com\\\/#website\",\"url\":\"https:\\\/\\\/saudi-gift.com\\\/\",\"name\":\"\u0647\u062f\u064a\u0629 \u0633\u0639\u0648\u062f\u064a\u0629\",\"description\":\"\u0647\u062f\u064a\u0629 \u0633\u0639\u0648\u062f\u064a\u0629 \u0645\u062a\u062c\u0631 \u0627\u0644\u0643\u062a\u0631\u0648\u0646\u064a \u064a\u0642\u062f\u0645 \u0644\u0643\u0645 \u0645\u062c\u0645\u0648\u0639\u0629 \u0645\u0646 \u0627\u0644\u0647\u062f\u0627\u064a\u0627 \u0627\u0644\u062a\u064a \u062a\u062c\u0633\u062f \u0639\u0628\u0642 \u0630\u0643\u0631\u064a\u0627\u062a\u0643\u0645 \u0641\u064a \u0627\u0644\u0645\u0634\u0627\u0639\u0631 \u0627\u0644\u0645\u0642\u062f\u0633\u0629\",\"publisher\":{\"@id\":\"https:\\\/\\\/saudi-gift.com\\\/#organization\"},\"alternateName\":\"\u0647\u062f\u064a\u0629 \u0633\u0639\u0648\u062f\u064a\u0629\",\"potentialAction\":[{\"@type\":\"SearchAction\",\"target\":{\"@type\":\"EntryPoint\",\"urlTemplate\":\"https:\\\/\\\/saudi-gift.com\\\/?s={search_term_string}\"},\"query-input\":{\"@type\":\"PropertyValueSpecification\",\"valueRequired\":true,\"valueName\":\"search_term_string\"}}],\"inLanguage\":\"tr\"},{\"@type\":\"Organization\",\"@id\":\"https:\\\/\\\/saudi-gift.com\\\/#organization\",\"name\":\"\u0645\u062a\u062c\u0631 \u0627\u0644\u0647\u062f\u064a\u0629\",\"alternateName\":\"\u0647\u062f\u064a\u0629 \u0633\u0639\u0648\u062f\u064a\u0629\",\"url\":\"https:\\\/\\\/saudi-gift.com\\\/\",\"logo\":{\"@type\":\"ImageObject\",\"inLanguage\":\"tr\",\"@id\":\"https:\\\/\\\/saudi-gift.com\\\/#\\\/schema\\\/logo\\\/image\\\/\",\"url\":\"https:\\\/\\\/saudi-gift.com\\\/wp-content\\\/uploads\\\/2025\\\/05\\\/2.png\",\"contentUrl\":\"https:\\\/\\\/saudi-gift.com\\\/wp-content\\\/uploads\\\/2025\\\/05\\\/2.png\",\"width\":163,\"height\":42,\"caption\":\"\u0645\u062a\u062c\u0631 \u0627\u0644\u0647\u062f\u064a\u0629\"},\"image\":{\"@id\":\"https:\\\/\\\/saudi-gift.com\\\/#\\\/schema\\\/logo\\\/image\\\/\"},\"sameAs\":[\"https:\\\/\\\/www.facebook.com\\\/profile.php?id=61560277649059&mibextid=LQQJ4d\",\"https:\\\/\\\/x.com\\\/saudigift_\"]}]}<\/script>\n<!-- \/ Yoast SEO Premium plugin. -->","yoast_head_json":{"title":"Tahinli Tamariya F\u0131st\u0131\u011f\u0131 - \u0647\u062f\u064a\u0629 \u0633\u0639\u0648\u062f\u064a\u0629","robots":{"index":"index","follow":"follow","max-snippet":"max-snippet:-1","max-image-preview":"max-image-preview:large","max-video-preview":"max-video-preview:-1"},"canonical":"https:\/\/saudi-gift.com\/product\/\u062a\u0645\u0631\u064a\u0629-\u0627\u0644\u0645\u0643\u0633\u0631\u0627\u062a-\u0628\u0627\u0644\u0637\u062d\u064a\u0646\u0629\/","og_locale":"tr_TR","og_type":"article","og_title":"Tahinli Tamariya F\u0131st\u0131\u011f\u0131","og_description":"Tahinli Tamariya F\u0131st\u0131\u011f\u0131 | her lokmada do\u011fal tatl\u0131l\u0131k","og_url":"https:\/\/saudi-gift.com\/product\/\u062a\u0645\u0631\u064a\u0629-\u0627\u0644\u0645\u0643\u0633\u0631\u0627\u062a-\u0628\u0627\u0644\u0637\u062d\u064a\u0646\u0629\/","og_site_name":"\u0647\u062f\u064a\u0629 \u0633\u0639\u0648\u062f\u064a\u0629","article_publisher":"https:\/\/www.facebook.com\/profile.php?id=61560277649059&mibextid=LQQJ4d","og_image":[{"width":600,"height":600,"url":"https:\/\/saudi-gift.com\/wp-content\/uploads\/2025\/01\/L8QVTD11Pf8d82eyS1vpFQhp4jFBOUkfqwF4mQkB-1.webp","type":"image\/webp"}],"twitter_card":"summary_large_image","twitter_site":"@saudigift_","schema":{"@context":"https:\/\/schema.org","@graph":[{"@type":"WebPage","@id":"https:\/\/saudi-gift.com\/product\/%d8%aa%d9%85%d8%b1%d9%8a%d8%a9-%d8%a7%d9%84%d9%85%d9%83%d8%b3%d8%b1%d8%a7%d8%aa-%d8%a8%d8%a7%d9%84%d8%b7%d8%ad%d9%8a%d9%86%d8%a9\/","url":"https:\/\/saudi-gift.com\/product\/%d8%aa%d9%85%d8%b1%d9%8a%d8%a9-%d8%a7%d9%84%d9%85%d9%83%d8%b3%d8%b1%d8%a7%d8%aa-%d8%a8%d8%a7%d9%84%d8%b7%d8%ad%d9%8a%d9%86%d8%a9\/","name":"Tahinli Tamariya F\u0131st\u0131\u011f\u0131 - \u0647\u062f\u064a\u0629 \u0633\u0639\u0648\u062f\u064a\u0629","isPartOf":{"@id":"https:\/\/saudi-gift.com\/#website"},"primaryImageOfPage":{"@id":"https:\/\/saudi-gift.com\/product\/%d8%aa%d9%85%d8%b1%d9%8a%d8%a9-%d8%a7%d9%84%d9%85%d9%83%d8%b3%d8%b1%d8%a7%d8%aa-%d8%a8%d8%a7%d9%84%d8%b7%d8%ad%d9%8a%d9%86%d8%a9\/#primaryimage"},"image":{"@id":"https:\/\/saudi-gift.com\/product\/%d8%aa%d9%85%d8%b1%d9%8a%d8%a9-%d8%a7%d9%84%d9%85%d9%83%d8%b3%d8%b1%d8%a7%d8%aa-%d8%a8%d8%a7%d9%84%d8%b7%d8%ad%d9%8a%d9%86%d8%a9\/#primaryimage"},"thumbnailUrl":"https:\/\/saudi-gift.com\/wp-content\/uploads\/2025\/01\/L8QVTD11Pf8d82eyS1vpFQhp4jFBOUkfqwF4mQkB-1.webp","datePublished":"2025-01-26T14:34:00+00:00","breadcrumb":{"@id":"https:\/\/saudi-gift.com\/product\/%d8%aa%d9%85%d8%b1%d9%8a%d8%a9-%d8%a7%d9%84%d9%85%d9%83%d8%b3%d8%b1%d8%a7%d8%aa-%d8%a8%d8%a7%d9%84%d8%b7%d8%ad%d9%8a%d9%86%d8%a9\/#breadcrumb"},"inLanguage":"tr","potentialAction":[{"@type":"ReadAction","target":["https:\/\/saudi-gift.com\/product\/%d8%aa%d9%85%d8%b1%d9%8a%d8%a9-%d8%a7%d9%84%d9%85%d9%83%d8%b3%d8%b1%d8%a7%d8%aa-%d8%a8%d8%a7%d9%84%d8%b7%d8%ad%d9%8a%d9%86%d8%a9\/"]}]},{"@type":"ImageObject","inLanguage":"tr","@id":"https:\/\/saudi-gift.com\/product\/%d8%aa%d9%85%d8%b1%d9%8a%d8%a9-%d8%a7%d9%84%d9%85%d9%83%d8%b3%d8%b1%d8%a7%d8%aa-%d8%a8%d8%a7%d9%84%d8%b7%d8%ad%d9%8a%d9%86%d8%a9\/#primaryimage","url":"https:\/\/saudi-gift.com\/wp-content\/uploads\/2025\/01\/L8QVTD11Pf8d82eyS1vpFQhp4jFBOUkfqwF4mQkB-1.webp","contentUrl":"https:\/\/saudi-gift.com\/wp-content\/uploads\/2025\/01\/L8QVTD11Pf8d82eyS1vpFQhp4jFBOUkfqwF4mQkB-1.webp","width":600,"height":600},{"@type":"BreadcrumbList","@id":"https:\/\/saudi-gift.com\/product\/%d8%aa%d9%85%d8%b1%d9%8a%d8%a9-%d8%a7%d9%84%d9%85%d9%83%d8%b3%d8%b1%d8%a7%d8%aa-%d8%a8%d8%a7%d9%84%d8%b7%d8%ad%d9%8a%d9%86%d8%a9\/#breadcrumb","itemListElement":[{"@type":"ListItem","position":1,"name":"Home","item":"https:\/\/saudi-gift.com\/tr\/"},{"@type":"ListItem","position":2,"name":"\u015eimdi Al\u0131\u015fveri\u015f Yap\u0131n","item":"https:\/\/saudi-gift.com\/tr\/simdi-alisveris-yapin\/"},{"@type":"ListItem","position":3,"name":"Tahinli Tamariya F\u0131st\u0131\u011f\u0131"}]},{"@type":"WebSite","@id":"https:\/\/saudi-gift.com\/#website","url":"https:\/\/saudi-gift.com\/","name":"\u0647\u062f\u064a\u0629 \u0633\u0639\u0648\u062f\u064a\u0629","description":"\u0647\u062f\u064a\u0629 \u0633\u0639\u0648\u062f\u064a\u0629 \u0645\u062a\u062c\u0631 \u0627\u0644\u0643\u062a\u0631\u0648\u0646\u064a \u064a\u0642\u062f\u0645 \u0644\u0643\u0645 \u0645\u062c\u0645\u0648\u0639\u0629 \u0645\u0646 \u0627\u0644\u0647\u062f\u0627\u064a\u0627 \u0627\u0644\u062a\u064a \u062a\u062c\u0633\u062f \u0639\u0628\u0642 \u0630\u0643\u0631\u064a\u0627\u062a\u0643\u0645 \u0641\u064a \u0627\u0644\u0645\u0634\u0627\u0639\u0631 \u0627\u0644\u0645\u0642\u062f\u0633\u0629","publisher":{"@id":"https:\/\/saudi-gift.com\/#organization"},"alternateName":"\u0647\u062f\u064a\u0629 \u0633\u0639\u0648\u062f\u064a\u0629","potentialAction":[{"@type":"SearchAction","target":{"@type":"EntryPoint","urlTemplate":"https:\/\/saudi-gift.com\/?s={search_term_string}"},"query-input":{"@type":"PropertyValueSpecification","valueRequired":true,"valueName":"search_term_string"}}],"inLanguage":"tr"},{"@type":"Organization","@id":"https:\/\/saudi-gift.com\/#organization","name":"\u0645\u062a\u062c\u0631 \u0627\u0644\u0647\u062f\u064a\u0629","alternateName":"\u0647\u062f\u064a\u0629 \u0633\u0639\u0648\u062f\u064a\u0629","url":"https:\/\/saudi-gift.com\/","logo":{"@type":"ImageObject","inLanguage":"tr","@id":"https:\/\/saudi-gift.com\/#\/schema\/logo\/image\/","url":"https:\/\/saudi-gift.com\/wp-content\/uploads\/2025\/05\/2.png","contentUrl":"https:\/\/saudi-gift.com\/wp-content\/uploads\/2025\/05\/2.png","width":163,"height":42,"caption":"\u0645\u062a\u062c\u0631 \u0627\u0644\u0647\u062f\u064a\u0629"},"image":{"@id":"https:\/\/saudi-gift.com\/#\/schema\/logo\/image\/"},"sameAs":["https:\/\/www.facebook.com\/profile.php?id=61560277649059&mibextid=LQQJ4d","https:\/\/x.com\/saudigift_"]}]}},"jetpack-related-posts":[],"_links":{"self":[{"href":"https:\/\/saudi-gift.com\/tr\/wp-json\/wp\/v2\/product\/44465","targetHints":{"allow":["GET"]}}],"collection":[{"href":"https:\/\/saudi-gift.com\/tr\/wp-json\/wp\/v2\/product"}],"about":[{"href":"https:\/\/saudi-gift.com\/tr\/wp-json\/wp\/v2\/types\/product"}],"replies":[{"embeddable":true,"href":"https:\/\/saudi-gift.com\/tr\/wp-json\/wp\/v2\/comments?post=44465"}],"version-history":[{"count":0,"href":"https:\/\/saudi-gift.com\/tr\/wp-json\/wp\/v2\/product\/44465\/revisions"}],"wp:featuredmedia":[{"embeddable":true,"href":"https:\/\/saudi-gift.com\/tr\/wp-json\/wp\/v2\/media\/42173"}],"wp:attachment":[{"href":"https:\/\/saudi-gift.com\/tr\/wp-json\/wp\/v2\/media?parent=44465"}],"wp:term":[{"taxonomy":"product_brand","embeddable":true,"href":"https:\/\/saudi-gift.com\/tr\/wp-json\/wp\/v2\/product_brand?post=44465"},{"taxonomy":"product_cat","embeddable":true,"href":"https:\/\/saudi-gift.com\/tr\/wp-json\/wp\/v2\/product_cat?post=44465"},{"taxonomy":"product_tag","embeddable":true,"href":"https:\/\/saudi-gift.com\/tr\/wp-json\/wp\/v2\/product_tag?post=44465"}],"curies":[{"name":"wp","href":"https:\/\/api.w.org\/{rel}","templated":true}]}}