{"id":44596,"date":"2025-01-25T16:23:20","date_gmt":"2025-01-25T13:23:20","guid":{"rendered":"https:\/\/saudi-gift.com\/product\/en-sevdiginiz-renklerde-isminize-gore-bir-emzik-asin\/"},"modified":"2025-01-25T16:23:20","modified_gmt":"2025-01-25T13:23:20","slug":"en-sevdiginiz-renklerde-isminize-gore-bir-emzik-asin","status":"publish","type":"product","link":"https:\/\/saudi-gift.com\/tr\/urun\/en-sevdiginiz-renklerde-isminize-gore-bir-emzik-asin\/","title":{"rendered":"En sevdi\u011finiz renklerde isminize g\u00f6re bir emzik as\u0131n"},"content":{"rendered":"<div class=\"flex max-w-full flex-col flex-grow\">\n<div class=\"min-h-8 text-message flex w-full flex-col items-end gap-2 whitespace-normal break-words text-start [.text-message+&amp;]:mt-5\" dir=\"auto\" data-message-author-role=\"assistant\" data-message-id=\"0b59b809-c1cb-43c5-8ca1-cdd8c0ad3d24\" data-message-model-slug=\"gpt-4o\">\n<div class=\"flex w-full flex-col gap-1 empty:hidden first:pt-[3px]\">\n<div class=\"markdown prose w-full break-words dark:prose-invert dark\">\n<p>En sevdi\u011finiz renklerde isme g\u00f6re Bebek Emzi\u011fi Ask\u0131s\u0131 &#8220;Bebe\u011finiz i\u00e7in konfor ve g\u00fczelli\u011fi birle\u015ftiren, yumu\u015fak dokunu\u015flu, g\u00fcvenli ve nazik el yap\u0131m\u0131 t\u0131\u011f i\u015fi bebek emzi\u011fi.&#8221;<\/p>\n<\/div>\n<\/div>\n<\/div>\n<\/div>\n<div class=\"mb-2 flex gap-3 empty:hidden -ml-2\">\n<div class=\"items-center justify-start rounded-xl p-1 flex\">\n<div class=\"flex items-center\">\n<p>&nbsp;<\/p>\n<div class=\"flex\"><\/div>\n<p>&nbsp;<\/p>\n<div class=\"flex items-center pb-0\"><\/div>\n<\/div>\n<\/div>\n<\/div>\n","protected":false},"excerpt":{"rendered":"<div class=\"flex max-w-full flex-col flex-grow\">\n<div class=\"min-h-8 text-message flex w-full flex-col items-end gap-2 whitespace-normal break-words text-start [.text-message+&amp;]:mt-5\" dir=\"auto\" data-message-author-role=\"assistant\" data-message-id=\"0b59b809-c1cb-43c5-8ca1-cdd8c0ad3d24\" data-message-model-slug=\"gpt-4o\">\n<div class=\"flex w-full flex-col gap-1 empty:hidden first:pt-[3px]\">\n<div class=\"markdown prose w-full break-words dark:prose-invert dark\">\n<p>&#8220;El Yap\u0131m\u0131 T\u0131\u011f \u0130\u015fi Bebek Emzi\u011fi<\/p>\n<\/div>\n<\/div>\n<\/div>\n<\/div>\n<div class=\"mb-2 flex gap-3 empty:hidden -ml-2\">\n<div class=\"items-center justify-start rounded-xl p-1 flex\">\n<div class=\"flex items-center\">\n<p>&nbsp;<\/p>\n<div class=\"flex items-center pb-0\"><\/div>\n<\/div>\n<\/div>\n<\/div>\n<p><span style=\"font-family: 'arial black', 'avant garde';\"><strong>L\u00fctfen sipari\u015f vermeden \u00f6nce \u00e7ocu\u011fun ad\u0131n\u0131 \u0130ngilizce olarak yaz\u0131n ve notlar kutusunda uygun karakteri se\u00e7in.  <\/strong><\/span><\/p>\n","protected":false},"featured_media":41234,"comment_status":"open","ping_status":"closed","template":"","meta":[],"product_brand":[],"product_cat":[3301],"product_tag":[1945,1887],"class_list":{"0":"post-44596","1":"product","2":"type-product","3":"status-publish","4":"has-post-thumbnail","6":"product_cat-cocuklarimiz","7":"product_tag--tr","8":"product_tag-_-tr","10":"first","11":"instock","12":"shipping-taxable","13":"purchasable","14":"product-type-variable"},"yoast_head":"<!-- This site is optimized with the Yoast SEO Premium plugin v27.2 (Yoast SEO v27.6) - https:\/\/yoast.com\/product\/yoast-seo-premium-wordpress\/ -->\n<title>En sevdi\u011finiz renklerde isminize g\u00f6re bir emzik as\u0131n - \u0647\u062f\u064a\u0629 \u0633\u0639\u0648\u062f\u064a\u0629<\/title>\n<meta name=\"robots\" content=\"index, follow, max-snippet:-1, max-image-preview:large, max-video-preview:-1\" \/>\n<link rel=\"canonical\" href=\"https:\/\/saudi-gift.com\/tr\/product\/en-sevdiginiz-renklerde-isminize-gore-bir-emzik-asin\/\" \/>\n<meta property=\"og:locale\" content=\"tr_TR\" \/>\n<meta property=\"og:type\" content=\"article\" \/>\n<meta property=\"og:title\" content=\"En sevdi\u011finiz renklerde isminize g\u00f6re bir emzik as\u0131n\" \/>\n<meta property=\"og:description\" content=\"&quot;El Yap\u0131m\u0131 T\u0131\u011f \u0130\u015fi Bebek Emzi\u011fi     &nbsp;   L\u00fctfen sipari\u015f vermeden \u00f6nce \u00e7ocu\u011fun ad\u0131n\u0131 \u0130ngilizce olarak yaz\u0131n ve notlar kutusunda uygun karakteri se\u00e7in.\" \/>\n<meta property=\"og:url\" content=\"https:\/\/saudi-gift.com\/tr\/product\/en-sevdiginiz-renklerde-isminize-gore-bir-emzik-asin\/\" \/>\n<meta property=\"og:site_name\" content=\"\u0647\u062f\u064a\u0629 \u0633\u0639\u0648\u062f\u064a\u0629\" \/>\n<meta property=\"article:publisher\" content=\"https:\/\/www.facebook.com\/profile.php?id=61560277649059&amp;mibextid=LQQJ4d\" \/>\n<meta property=\"og:image\" content=\"https:\/\/saudi-gift.com\/wp-content\/uploads\/2025\/01\/\u062a\u0639\u0644\u064a\u0642\u0629-\u0644\u0647\u0627\u064a\u0629-\u0623\u0637\u0641\u0627\u0644.webp\" \/>\n\t<meta property=\"og:image:width\" content=\"600\" \/>\n\t<meta property=\"og:image:height\" content=\"600\" \/>\n\t<meta property=\"og:image:type\" content=\"image\/webp\" \/>\n<meta name=\"twitter:card\" content=\"summary_large_image\" \/>\n<meta name=\"twitter:site\" content=\"@saudigift_\" \/>\n<script type=\"application\/ld+json\" class=\"yoast-schema-graph\">{\"@context\":\"https:\\\/\\\/schema.org\",\"@graph\":[{\"@type\":\"WebPage\",\"@id\":\"https:\\\/\\\/saudi-gift.com\\\/tr\\\/product\\\/en-sevdiginiz-renklerde-isminize-gore-bir-emzik-asin\\\/\",\"url\":\"https:\\\/\\\/saudi-gift.com\\\/tr\\\/product\\\/en-sevdiginiz-renklerde-isminize-gore-bir-emzik-asin\\\/\",\"name\":\"En sevdi\u011finiz renklerde isminize g\u00f6re bir emzik as\u0131n - \u0647\u062f\u064a\u0629 \u0633\u0639\u0648\u062f\u064a\u0629\",\"isPartOf\":{\"@id\":\"https:\\\/\\\/saudi-gift.com\\\/#website\"},\"primaryImageOfPage\":{\"@id\":\"https:\\\/\\\/saudi-gift.com\\\/tr\\\/product\\\/en-sevdiginiz-renklerde-isminize-gore-bir-emzik-asin\\\/#primaryimage\"},\"image\":{\"@id\":\"https:\\\/\\\/saudi-gift.com\\\/tr\\\/product\\\/en-sevdiginiz-renklerde-isminize-gore-bir-emzik-asin\\\/#primaryimage\"},\"thumbnailUrl\":\"https:\\\/\\\/saudi-gift.com\\\/wp-content\\\/uploads\\\/2025\\\/01\\\/\u062a\u0639\u0644\u064a\u0642\u0629-\u0644\u0647\u0627\u064a\u0629-\u0623\u0637\u0641\u0627\u0644.webp\",\"datePublished\":\"2025-01-25T13:23:20+00:00\",\"breadcrumb\":{\"@id\":\"https:\\\/\\\/saudi-gift.com\\\/tr\\\/product\\\/en-sevdiginiz-renklerde-isminize-gore-bir-emzik-asin\\\/#breadcrumb\"},\"inLanguage\":\"tr\",\"potentialAction\":[{\"@type\":\"ReadAction\",\"target\":[\"https:\\\/\\\/saudi-gift.com\\\/tr\\\/product\\\/en-sevdiginiz-renklerde-isminize-gore-bir-emzik-asin\\\/\"]}]},{\"@type\":\"ImageObject\",\"inLanguage\":\"tr\",\"@id\":\"https:\\\/\\\/saudi-gift.com\\\/tr\\\/product\\\/en-sevdiginiz-renklerde-isminize-gore-bir-emzik-asin\\\/#primaryimage\",\"url\":\"https:\\\/\\\/saudi-gift.com\\\/wp-content\\\/uploads\\\/2025\\\/01\\\/\u062a\u0639\u0644\u064a\u0642\u0629-\u0644\u0647\u0627\u064a\u0629-\u0623\u0637\u0641\u0627\u0644.webp\",\"contentUrl\":\"https:\\\/\\\/saudi-gift.com\\\/wp-content\\\/uploads\\\/2025\\\/01\\\/\u062a\u0639\u0644\u064a\u0642\u0629-\u0644\u0647\u0627\u064a\u0629-\u0623\u0637\u0641\u0627\u0644.webp\",\"width\":600,\"height\":600},{\"@type\":\"BreadcrumbList\",\"@id\":\"https:\\\/\\\/saudi-gift.com\\\/tr\\\/product\\\/en-sevdiginiz-renklerde-isminize-gore-bir-emzik-asin\\\/#breadcrumb\",\"itemListElement\":[{\"@type\":\"ListItem\",\"position\":1,\"name\":\"Home\",\"item\":\"https:\\\/\\\/saudi-gift.com\\\/tr\\\/\"},{\"@type\":\"ListItem\",\"position\":2,\"name\":\"\u015eimdi Al\u0131\u015fveri\u015f Yap\u0131n\",\"item\":\"https:\\\/\\\/saudi-gift.com\\\/tr\\\/simdi-alisveris-yapin\\\/\"},{\"@type\":\"ListItem\",\"position\":3,\"name\":\"En sevdi\u011finiz renklerde isminize g\u00f6re bir emzik as\u0131n\"}]},{\"@type\":\"WebSite\",\"@id\":\"https:\\\/\\\/saudi-gift.com\\\/#website\",\"url\":\"https:\\\/\\\/saudi-gift.com\\\/\",\"name\":\"\u0647\u062f\u064a\u0629 \u0633\u0639\u0648\u062f\u064a\u0629\",\"description\":\"\u0647\u062f\u064a\u0629 \u0633\u0639\u0648\u062f\u064a\u0629 \u0645\u062a\u062c\u0631 \u0627\u0644\u0643\u062a\u0631\u0648\u0646\u064a \u064a\u0642\u062f\u0645 \u0644\u0643\u0645 \u0645\u062c\u0645\u0648\u0639\u0629 \u0645\u0646 \u0627\u0644\u0647\u062f\u0627\u064a\u0627 \u0627\u0644\u062a\u064a \u062a\u062c\u0633\u062f \u0639\u0628\u0642 \u0630\u0643\u0631\u064a\u0627\u062a\u0643\u0645 \u0641\u064a \u0627\u0644\u0645\u0634\u0627\u0639\u0631 \u0627\u0644\u0645\u0642\u062f\u0633\u0629\",\"publisher\":{\"@id\":\"https:\\\/\\\/saudi-gift.com\\\/#organization\"},\"alternateName\":\"\u0647\u062f\u064a\u0629 \u0633\u0639\u0648\u062f\u064a\u0629\",\"potentialAction\":[{\"@type\":\"SearchAction\",\"target\":{\"@type\":\"EntryPoint\",\"urlTemplate\":\"https:\\\/\\\/saudi-gift.com\\\/?s={search_term_string}\"},\"query-input\":{\"@type\":\"PropertyValueSpecification\",\"valueRequired\":true,\"valueName\":\"search_term_string\"}}],\"inLanguage\":\"tr\"},{\"@type\":\"Organization\",\"@id\":\"https:\\\/\\\/saudi-gift.com\\\/#organization\",\"name\":\"\u0645\u062a\u062c\u0631 \u0627\u0644\u0647\u062f\u064a\u0629\",\"alternateName\":\"\u0647\u062f\u064a\u0629 \u0633\u0639\u0648\u062f\u064a\u0629\",\"url\":\"https:\\\/\\\/saudi-gift.com\\\/\",\"logo\":{\"@type\":\"ImageObject\",\"inLanguage\":\"tr\",\"@id\":\"https:\\\/\\\/saudi-gift.com\\\/#\\\/schema\\\/logo\\\/image\\\/\",\"url\":\"https:\\\/\\\/saudi-gift.com\\\/wp-content\\\/uploads\\\/2025\\\/05\\\/2.png\",\"contentUrl\":\"https:\\\/\\\/saudi-gift.com\\\/wp-content\\\/uploads\\\/2025\\\/05\\\/2.png\",\"width\":163,\"height\":42,\"caption\":\"\u0645\u062a\u062c\u0631 \u0627\u0644\u0647\u062f\u064a\u0629\"},\"image\":{\"@id\":\"https:\\\/\\\/saudi-gift.com\\\/#\\\/schema\\\/logo\\\/image\\\/\"},\"sameAs\":[\"https:\\\/\\\/www.facebook.com\\\/profile.php?id=61560277649059&mibextid=LQQJ4d\",\"https:\\\/\\\/x.com\\\/saudigift_\"]}]}<\/script>\n<!-- \/ Yoast SEO Premium plugin. -->","yoast_head_json":{"title":"En sevdi\u011finiz renklerde isminize g\u00f6re bir emzik as\u0131n - \u0647\u062f\u064a\u0629 \u0633\u0639\u0648\u062f\u064a\u0629","robots":{"index":"index","follow":"follow","max-snippet":"max-snippet:-1","max-image-preview":"max-image-preview:large","max-video-preview":"max-video-preview:-1"},"canonical":"https:\/\/saudi-gift.com\/tr\/product\/en-sevdiginiz-renklerde-isminize-gore-bir-emzik-asin\/","og_locale":"tr_TR","og_type":"article","og_title":"En sevdi\u011finiz renklerde isminize g\u00f6re bir emzik as\u0131n","og_description":"\"El Yap\u0131m\u0131 T\u0131\u011f \u0130\u015fi Bebek Emzi\u011fi     &nbsp;   L\u00fctfen sipari\u015f vermeden \u00f6nce \u00e7ocu\u011fun ad\u0131n\u0131 \u0130ngilizce olarak yaz\u0131n ve notlar kutusunda uygun karakteri se\u00e7in.","og_url":"https:\/\/saudi-gift.com\/tr\/product\/en-sevdiginiz-renklerde-isminize-gore-bir-emzik-asin\/","og_site_name":"\u0647\u062f\u064a\u0629 \u0633\u0639\u0648\u062f\u064a\u0629","article_publisher":"https:\/\/www.facebook.com\/profile.php?id=61560277649059&mibextid=LQQJ4d","og_image":[{"width":600,"height":600,"url":"https:\/\/saudi-gift.com\/wp-content\/uploads\/2025\/01\/\u062a\u0639\u0644\u064a\u0642\u0629-\u0644\u0647\u0627\u064a\u0629-\u0623\u0637\u0641\u0627\u0644.webp","type":"image\/webp"}],"twitter_card":"summary_large_image","twitter_site":"@saudigift_","schema":{"@context":"https:\/\/schema.org","@graph":[{"@type":"WebPage","@id":"https:\/\/saudi-gift.com\/tr\/product\/en-sevdiginiz-renklerde-isminize-gore-bir-emzik-asin\/","url":"https:\/\/saudi-gift.com\/tr\/product\/en-sevdiginiz-renklerde-isminize-gore-bir-emzik-asin\/","name":"En sevdi\u011finiz renklerde isminize g\u00f6re bir emzik as\u0131n - \u0647\u062f\u064a\u0629 \u0633\u0639\u0648\u062f\u064a\u0629","isPartOf":{"@id":"https:\/\/saudi-gift.com\/#website"},"primaryImageOfPage":{"@id":"https:\/\/saudi-gift.com\/tr\/product\/en-sevdiginiz-renklerde-isminize-gore-bir-emzik-asin\/#primaryimage"},"image":{"@id":"https:\/\/saudi-gift.com\/tr\/product\/en-sevdiginiz-renklerde-isminize-gore-bir-emzik-asin\/#primaryimage"},"thumbnailUrl":"https:\/\/saudi-gift.com\/wp-content\/uploads\/2025\/01\/\u062a\u0639\u0644\u064a\u0642\u0629-\u0644\u0647\u0627\u064a\u0629-\u0623\u0637\u0641\u0627\u0644.webp","datePublished":"2025-01-25T13:23:20+00:00","breadcrumb":{"@id":"https:\/\/saudi-gift.com\/tr\/product\/en-sevdiginiz-renklerde-isminize-gore-bir-emzik-asin\/#breadcrumb"},"inLanguage":"tr","potentialAction":[{"@type":"ReadAction","target":["https:\/\/saudi-gift.com\/tr\/product\/en-sevdiginiz-renklerde-isminize-gore-bir-emzik-asin\/"]}]},{"@type":"ImageObject","inLanguage":"tr","@id":"https:\/\/saudi-gift.com\/tr\/product\/en-sevdiginiz-renklerde-isminize-gore-bir-emzik-asin\/#primaryimage","url":"https:\/\/saudi-gift.com\/wp-content\/uploads\/2025\/01\/\u062a\u0639\u0644\u064a\u0642\u0629-\u0644\u0647\u0627\u064a\u0629-\u0623\u0637\u0641\u0627\u0644.webp","contentUrl":"https:\/\/saudi-gift.com\/wp-content\/uploads\/2025\/01\/\u062a\u0639\u0644\u064a\u0642\u0629-\u0644\u0647\u0627\u064a\u0629-\u0623\u0637\u0641\u0627\u0644.webp","width":600,"height":600},{"@type":"BreadcrumbList","@id":"https:\/\/saudi-gift.com\/tr\/product\/en-sevdiginiz-renklerde-isminize-gore-bir-emzik-asin\/#breadcrumb","itemListElement":[{"@type":"ListItem","position":1,"name":"Home","item":"https:\/\/saudi-gift.com\/tr\/"},{"@type":"ListItem","position":2,"name":"\u015eimdi Al\u0131\u015fveri\u015f Yap\u0131n","item":"https:\/\/saudi-gift.com\/tr\/simdi-alisveris-yapin\/"},{"@type":"ListItem","position":3,"name":"En sevdi\u011finiz renklerde isminize g\u00f6re bir emzik as\u0131n"}]},{"@type":"WebSite","@id":"https:\/\/saudi-gift.com\/#website","url":"https:\/\/saudi-gift.com\/","name":"\u0647\u062f\u064a\u0629 \u0633\u0639\u0648\u062f\u064a\u0629","description":"\u0647\u062f\u064a\u0629 \u0633\u0639\u0648\u062f\u064a\u0629 \u0645\u062a\u062c\u0631 \u0627\u0644\u0643\u062a\u0631\u0648\u0646\u064a \u064a\u0642\u062f\u0645 \u0644\u0643\u0645 \u0645\u062c\u0645\u0648\u0639\u0629 \u0645\u0646 \u0627\u0644\u0647\u062f\u0627\u064a\u0627 \u0627\u0644\u062a\u064a \u062a\u062c\u0633\u062f \u0639\u0628\u0642 \u0630\u0643\u0631\u064a\u0627\u062a\u0643\u0645 \u0641\u064a \u0627\u0644\u0645\u0634\u0627\u0639\u0631 \u0627\u0644\u0645\u0642\u062f\u0633\u0629","publisher":{"@id":"https:\/\/saudi-gift.com\/#organization"},"alternateName":"\u0647\u062f\u064a\u0629 \u0633\u0639\u0648\u062f\u064a\u0629","potentialAction":[{"@type":"SearchAction","target":{"@type":"EntryPoint","urlTemplate":"https:\/\/saudi-gift.com\/?s={search_term_string}"},"query-input":{"@type":"PropertyValueSpecification","valueRequired":true,"valueName":"search_term_string"}}],"inLanguage":"tr"},{"@type":"Organization","@id":"https:\/\/saudi-gift.com\/#organization","name":"\u0645\u062a\u062c\u0631 \u0627\u0644\u0647\u062f\u064a\u0629","alternateName":"\u0647\u062f\u064a\u0629 \u0633\u0639\u0648\u062f\u064a\u0629","url":"https:\/\/saudi-gift.com\/","logo":{"@type":"ImageObject","inLanguage":"tr","@id":"https:\/\/saudi-gift.com\/#\/schema\/logo\/image\/","url":"https:\/\/saudi-gift.com\/wp-content\/uploads\/2025\/05\/2.png","contentUrl":"https:\/\/saudi-gift.com\/wp-content\/uploads\/2025\/05\/2.png","width":163,"height":42,"caption":"\u0645\u062a\u062c\u0631 \u0627\u0644\u0647\u062f\u064a\u0629"},"image":{"@id":"https:\/\/saudi-gift.com\/#\/schema\/logo\/image\/"},"sameAs":["https:\/\/www.facebook.com\/profile.php?id=61560277649059&mibextid=LQQJ4d","https:\/\/x.com\/saudigift_"]}]}},"jetpack-related-posts":[],"_links":{"self":[{"href":"https:\/\/saudi-gift.com\/tr\/wp-json\/wp\/v2\/product\/44596","targetHints":{"allow":["GET"]}}],"collection":[{"href":"https:\/\/saudi-gift.com\/tr\/wp-json\/wp\/v2\/product"}],"about":[{"href":"https:\/\/saudi-gift.com\/tr\/wp-json\/wp\/v2\/types\/product"}],"replies":[{"embeddable":true,"href":"https:\/\/saudi-gift.com\/tr\/wp-json\/wp\/v2\/comments?post=44596"}],"version-history":[{"count":0,"href":"https:\/\/saudi-gift.com\/tr\/wp-json\/wp\/v2\/product\/44596\/revisions"}],"wp:featuredmedia":[{"embeddable":true,"href":"https:\/\/saudi-gift.com\/tr\/wp-json\/wp\/v2\/media\/41234"}],"wp:attachment":[{"href":"https:\/\/saudi-gift.com\/tr\/wp-json\/wp\/v2\/media?parent=44596"}],"wp:term":[{"taxonomy":"product_brand","embeddable":true,"href":"https:\/\/saudi-gift.com\/tr\/wp-json\/wp\/v2\/product_brand?post=44596"},{"taxonomy":"product_cat","embeddable":true,"href":"https:\/\/saudi-gift.com\/tr\/wp-json\/wp\/v2\/product_cat?post=44596"},{"taxonomy":"product_tag","embeddable":true,"href":"https:\/\/saudi-gift.com\/tr\/wp-json\/wp\/v2\/product_tag?post=44596"}],"curies":[{"name":"wp","href":"https:\/\/api.w.org\/{rel}","templated":true}]}}