{"id":45861,"date":"2025-01-30T17:03:15","date_gmt":"2025-01-30T14:03:15","guid":{"rendered":"https:\/\/saudi-gift.com\/product\/isiltili-kristal-kureler-saheseri-mekke-kapisi-tasarimi\/"},"modified":"2025-02-08T17:27:00","modified_gmt":"2025-02-08T14:27:00","slug":"isiltili-kristal-kureler-saheseri-mekke-kapisi-tasarimi","status":"publish","type":"product","link":"https:\/\/saudi-gift.com\/tr\/urun\/isiltili-kristal-kureler-saheseri-mekke-kapisi-tasarimi\/","title":{"rendered":"I\u015f\u0131lt\u0131l\u0131 kristal k\u00fcreler \u015faheseri Mekke Kap\u0131s\u0131 Tasar\u0131m\u0131"},"content":{"rendered":"<p>I\u015f\u0131lt\u0131l\u0131 kristal k\u00fcreler \u015faheseri Mekke Kap\u0131s\u0131 Tasar\u0131m\u0131<\/p>\n<table class=\"table table-bordered\">\n<tbody>\n<tr>\n<th>Malzemeler<\/th>\n<td>Ah\u015fap + Kristal<\/td>\n<\/tr>\n<tr>\n<th>Boyut<\/th>\n<td>6cm<\/td>\n<\/tr>\n<tr>\n<th>USB<\/th>\n<td>USB<\/td>\n<\/tr>\n<tr>\n<th style=\"text-align: right;\">Marka<\/th>\n<td style=\"text-align: right;\">Suudi Yolu<\/td>\n<\/tr>\n<\/tbody>\n<\/table>\n","protected":false},"excerpt":{"rendered":"<p>Mekke Kap\u0131s\u0131&#8217;n\u0131n tasar\u0131m\u0131n\u0131 tasvir eden \u0131\u015f\u0131lt\u0131l\u0131 kristal k\u00fcreyle bir ba\u015fyap\u0131t\u0131n ihti\u015fam\u0131n\u0131n tad\u0131n\u0131 \u00e7\u0131kar\u0131n. Bu \u015faheser sizi maneviyat ve g\u00fczellik dolu bir d\u00fcnyaya g\u00f6t\u00fcr\u00fcrken, kutsal Mekke \u015fehrinin sembol\u00fc olan ikonik kap\u0131n\u0131n s\u0131cak ve sayg\u0131l\u0131 sahnesini akla getiriyor.   <\/p>\n","protected":false},"featured_media":44157,"comment_status":"open","ping_status":"closed","template":"","meta":[],"product_brand":[],"product_cat":[177],"product_tag":[680,1932],"class_list":{"0":"post-45861","1":"product","2":"type-product","3":"status-publish","4":"has-post-thumbnail","6":"product_cat-177","7":"product_tag-680","8":"product_tag-_","10":"first","11":"instock","12":"shipping-taxable","13":"purchasable","14":"product-type-simple"},"yoast_head":"<!-- This site is optimized with the Yoast SEO Premium plugin v27.2 (Yoast SEO v27.6) - https:\/\/yoast.com\/product\/yoast-seo-premium-wordpress\/ -->\n<title>I\u015f\u0131lt\u0131l\u0131 kristal k\u00fcreler \u015faheseri Mekke Kap\u0131s\u0131 Tasar\u0131m\u0131 - \u0647\u062f\u064a\u0629 \u0633\u0639\u0648\u062f\u064a\u0629<\/title>\n<meta name=\"robots\" content=\"index, follow, max-snippet:-1, max-image-preview:large, max-video-preview:-1\" \/>\n<link rel=\"canonical\" href=\"https:\/\/saudi-gift.com\/tr\/product\/isiltili-kristal-kureler-saheseri-mekke-kapisi-tasarimi\/\" \/>\n<meta property=\"og:locale\" content=\"tr_TR\" \/>\n<meta property=\"og:type\" content=\"article\" \/>\n<meta property=\"og:title\" content=\"I\u015f\u0131lt\u0131l\u0131 kristal k\u00fcreler \u015faheseri Mekke Kap\u0131s\u0131 Tasar\u0131m\u0131\" \/>\n<meta property=\"og:description\" content=\"Mekke Kap\u0131s\u0131&#039;n\u0131n tasar\u0131m\u0131n\u0131 tasvir eden \u0131\u015f\u0131lt\u0131l\u0131 kristal k\u00fcreyle bir ba\u015fyap\u0131t\u0131n ihti\u015fam\u0131n\u0131n tad\u0131n\u0131 \u00e7\u0131kar\u0131n. Bu \u015faheser sizi maneviyat ve g\u00fczellik dolu bir d\u00fcnyaya g\u00f6t\u00fcr\u00fcrken, kutsal Mekke \u015fehrinin sembol\u00fc olan ikonik kap\u0131n\u0131n s\u0131cak ve sayg\u0131l\u0131 sahnesini akla getiriyor.\" \/>\n<meta property=\"og:url\" content=\"https:\/\/saudi-gift.com\/tr\/product\/isiltili-kristal-kureler-saheseri-mekke-kapisi-tasarimi\/\" \/>\n<meta property=\"og:site_name\" content=\"\u0647\u062f\u064a\u0629 \u0633\u0639\u0648\u062f\u064a\u0629\" \/>\n<meta property=\"article:publisher\" content=\"https:\/\/www.facebook.com\/profile.php?id=61560277649059&amp;mibextid=LQQJ4d\" \/>\n<meta property=\"article:modified_time\" content=\"2025-02-08T14:27:00+00:00\" \/>\n<meta property=\"og:image\" content=\"https:\/\/saudi-gift.com\/wp-content\/uploads\/2025\/01\/photo_2024-08-28_13-28-43-1.webp\" \/>\n\t<meta property=\"og:image:width\" content=\"600\" \/>\n\t<meta property=\"og:image:height\" content=\"600\" \/>\n\t<meta property=\"og:image:type\" content=\"image\/webp\" \/>\n<meta name=\"twitter:card\" content=\"summary_large_image\" \/>\n<meta name=\"twitter:site\" content=\"@saudigift_\" \/>\n<script type=\"application\/ld+json\" class=\"yoast-schema-graph\">{\"@context\":\"https:\\\/\\\/schema.org\",\"@graph\":[{\"@type\":\"WebPage\",\"@id\":\"https:\\\/\\\/saudi-gift.com\\\/tr\\\/product\\\/isiltili-kristal-kureler-saheseri-mekke-kapisi-tasarimi\\\/\",\"url\":\"https:\\\/\\\/saudi-gift.com\\\/tr\\\/product\\\/isiltili-kristal-kureler-saheseri-mekke-kapisi-tasarimi\\\/\",\"name\":\"I\u015f\u0131lt\u0131l\u0131 kristal k\u00fcreler \u015faheseri Mekke Kap\u0131s\u0131 Tasar\u0131m\u0131 - \u0647\u062f\u064a\u0629 \u0633\u0639\u0648\u062f\u064a\u0629\",\"isPartOf\":{\"@id\":\"https:\\\/\\\/saudi-gift.com\\\/#website\"},\"primaryImageOfPage\":{\"@id\":\"https:\\\/\\\/saudi-gift.com\\\/tr\\\/product\\\/isiltili-kristal-kureler-saheseri-mekke-kapisi-tasarimi\\\/#primaryimage\"},\"image\":{\"@id\":\"https:\\\/\\\/saudi-gift.com\\\/tr\\\/product\\\/isiltili-kristal-kureler-saheseri-mekke-kapisi-tasarimi\\\/#primaryimage\"},\"thumbnailUrl\":\"https:\\\/\\\/saudi-gift.com\\\/wp-content\\\/uploads\\\/2025\\\/01\\\/photo_2024-08-28_13-28-43-1.webp\",\"datePublished\":\"2025-01-30T14:03:15+00:00\",\"dateModified\":\"2025-02-08T14:27:00+00:00\",\"breadcrumb\":{\"@id\":\"https:\\\/\\\/saudi-gift.com\\\/tr\\\/product\\\/isiltili-kristal-kureler-saheseri-mekke-kapisi-tasarimi\\\/#breadcrumb\"},\"inLanguage\":\"tr\",\"potentialAction\":[{\"@type\":\"ReadAction\",\"target\":[\"https:\\\/\\\/saudi-gift.com\\\/tr\\\/product\\\/isiltili-kristal-kureler-saheseri-mekke-kapisi-tasarimi\\\/\"]}]},{\"@type\":\"ImageObject\",\"inLanguage\":\"tr\",\"@id\":\"https:\\\/\\\/saudi-gift.com\\\/tr\\\/product\\\/isiltili-kristal-kureler-saheseri-mekke-kapisi-tasarimi\\\/#primaryimage\",\"url\":\"https:\\\/\\\/saudi-gift.com\\\/wp-content\\\/uploads\\\/2025\\\/01\\\/photo_2024-08-28_13-28-43-1.webp\",\"contentUrl\":\"https:\\\/\\\/saudi-gift.com\\\/wp-content\\\/uploads\\\/2025\\\/01\\\/photo_2024-08-28_13-28-43-1.webp\",\"width\":600,\"height\":600},{\"@type\":\"BreadcrumbList\",\"@id\":\"https:\\\/\\\/saudi-gift.com\\\/tr\\\/product\\\/isiltili-kristal-kureler-saheseri-mekke-kapisi-tasarimi\\\/#breadcrumb\",\"itemListElement\":[{\"@type\":\"ListItem\",\"position\":1,\"name\":\"Home\",\"item\":\"https:\\\/\\\/saudi-gift.com\\\/tr\\\/\"},{\"@type\":\"ListItem\",\"position\":2,\"name\":\"\u015eimdi Al\u0131\u015fveri\u015f Yap\u0131n\",\"item\":\"https:\\\/\\\/saudi-gift.com\\\/tr\\\/simdi-alisveris-yapin\\\/\"},{\"@type\":\"ListItem\",\"position\":3,\"name\":\"I\u015f\u0131lt\u0131l\u0131 kristal k\u00fcreler \u015faheseri Mekke Kap\u0131s\u0131 Tasar\u0131m\u0131\"}]},{\"@type\":\"WebSite\",\"@id\":\"https:\\\/\\\/saudi-gift.com\\\/#website\",\"url\":\"https:\\\/\\\/saudi-gift.com\\\/\",\"name\":\"\u0647\u062f\u064a\u0629 \u0633\u0639\u0648\u062f\u064a\u0629\",\"description\":\"\u0647\u062f\u064a\u0629 \u0633\u0639\u0648\u062f\u064a\u0629 \u0645\u062a\u062c\u0631 \u0627\u0644\u0643\u062a\u0631\u0648\u0646\u064a \u064a\u0642\u062f\u0645 \u0644\u0643\u0645 \u0645\u062c\u0645\u0648\u0639\u0629 \u0645\u0646 \u0627\u0644\u0647\u062f\u0627\u064a\u0627 \u0627\u0644\u062a\u064a \u062a\u062c\u0633\u062f \u0639\u0628\u0642 \u0630\u0643\u0631\u064a\u0627\u062a\u0643\u0645 \u0641\u064a \u0627\u0644\u0645\u0634\u0627\u0639\u0631 \u0627\u0644\u0645\u0642\u062f\u0633\u0629\",\"publisher\":{\"@id\":\"https:\\\/\\\/saudi-gift.com\\\/#organization\"},\"alternateName\":\"\u0647\u062f\u064a\u0629 \u0633\u0639\u0648\u062f\u064a\u0629\",\"potentialAction\":[{\"@type\":\"SearchAction\",\"target\":{\"@type\":\"EntryPoint\",\"urlTemplate\":\"https:\\\/\\\/saudi-gift.com\\\/?s={search_term_string}\"},\"query-input\":{\"@type\":\"PropertyValueSpecification\",\"valueRequired\":true,\"valueName\":\"search_term_string\"}}],\"inLanguage\":\"tr\"},{\"@type\":\"Organization\",\"@id\":\"https:\\\/\\\/saudi-gift.com\\\/#organization\",\"name\":\"\u0645\u062a\u062c\u0631 \u0627\u0644\u0647\u062f\u064a\u0629\",\"alternateName\":\"\u0647\u062f\u064a\u0629 \u0633\u0639\u0648\u062f\u064a\u0629\",\"url\":\"https:\\\/\\\/saudi-gift.com\\\/\",\"logo\":{\"@type\":\"ImageObject\",\"inLanguage\":\"tr\",\"@id\":\"https:\\\/\\\/saudi-gift.com\\\/#\\\/schema\\\/logo\\\/image\\\/\",\"url\":\"https:\\\/\\\/saudi-gift.com\\\/wp-content\\\/uploads\\\/2025\\\/05\\\/2.png\",\"contentUrl\":\"https:\\\/\\\/saudi-gift.com\\\/wp-content\\\/uploads\\\/2025\\\/05\\\/2.png\",\"width\":163,\"height\":42,\"caption\":\"\u0645\u062a\u062c\u0631 \u0627\u0644\u0647\u062f\u064a\u0629\"},\"image\":{\"@id\":\"https:\\\/\\\/saudi-gift.com\\\/#\\\/schema\\\/logo\\\/image\\\/\"},\"sameAs\":[\"https:\\\/\\\/www.facebook.com\\\/profile.php?id=61560277649059&mibextid=LQQJ4d\",\"https:\\\/\\\/x.com\\\/saudigift_\"]}]}<\/script>\n<!-- \/ Yoast SEO Premium plugin. -->","yoast_head_json":{"title":"I\u015f\u0131lt\u0131l\u0131 kristal k\u00fcreler \u015faheseri Mekke Kap\u0131s\u0131 Tasar\u0131m\u0131 - \u0647\u062f\u064a\u0629 \u0633\u0639\u0648\u062f\u064a\u0629","robots":{"index":"index","follow":"follow","max-snippet":"max-snippet:-1","max-image-preview":"max-image-preview:large","max-video-preview":"max-video-preview:-1"},"canonical":"https:\/\/saudi-gift.com\/tr\/product\/isiltili-kristal-kureler-saheseri-mekke-kapisi-tasarimi\/","og_locale":"tr_TR","og_type":"article","og_title":"I\u015f\u0131lt\u0131l\u0131 kristal k\u00fcreler \u015faheseri Mekke Kap\u0131s\u0131 Tasar\u0131m\u0131","og_description":"Mekke Kap\u0131s\u0131'n\u0131n tasar\u0131m\u0131n\u0131 tasvir eden \u0131\u015f\u0131lt\u0131l\u0131 kristal k\u00fcreyle bir ba\u015fyap\u0131t\u0131n ihti\u015fam\u0131n\u0131n tad\u0131n\u0131 \u00e7\u0131kar\u0131n. Bu \u015faheser sizi maneviyat ve g\u00fczellik dolu bir d\u00fcnyaya g\u00f6t\u00fcr\u00fcrken, kutsal Mekke \u015fehrinin sembol\u00fc olan ikonik kap\u0131n\u0131n s\u0131cak ve sayg\u0131l\u0131 sahnesini akla getiriyor.","og_url":"https:\/\/saudi-gift.com\/tr\/product\/isiltili-kristal-kureler-saheseri-mekke-kapisi-tasarimi\/","og_site_name":"\u0647\u062f\u064a\u0629 \u0633\u0639\u0648\u062f\u064a\u0629","article_publisher":"https:\/\/www.facebook.com\/profile.php?id=61560277649059&mibextid=LQQJ4d","article_modified_time":"2025-02-08T14:27:00+00:00","og_image":[{"width":600,"height":600,"url":"https:\/\/saudi-gift.com\/wp-content\/uploads\/2025\/01\/photo_2024-08-28_13-28-43-1.webp","type":"image\/webp"}],"twitter_card":"summary_large_image","twitter_site":"@saudigift_","schema":{"@context":"https:\/\/schema.org","@graph":[{"@type":"WebPage","@id":"https:\/\/saudi-gift.com\/tr\/product\/isiltili-kristal-kureler-saheseri-mekke-kapisi-tasarimi\/","url":"https:\/\/saudi-gift.com\/tr\/product\/isiltili-kristal-kureler-saheseri-mekke-kapisi-tasarimi\/","name":"I\u015f\u0131lt\u0131l\u0131 kristal k\u00fcreler \u015faheseri Mekke Kap\u0131s\u0131 Tasar\u0131m\u0131 - \u0647\u062f\u064a\u0629 \u0633\u0639\u0648\u062f\u064a\u0629","isPartOf":{"@id":"https:\/\/saudi-gift.com\/#website"},"primaryImageOfPage":{"@id":"https:\/\/saudi-gift.com\/tr\/product\/isiltili-kristal-kureler-saheseri-mekke-kapisi-tasarimi\/#primaryimage"},"image":{"@id":"https:\/\/saudi-gift.com\/tr\/product\/isiltili-kristal-kureler-saheseri-mekke-kapisi-tasarimi\/#primaryimage"},"thumbnailUrl":"https:\/\/saudi-gift.com\/wp-content\/uploads\/2025\/01\/photo_2024-08-28_13-28-43-1.webp","datePublished":"2025-01-30T14:03:15+00:00","dateModified":"2025-02-08T14:27:00+00:00","breadcrumb":{"@id":"https:\/\/saudi-gift.com\/tr\/product\/isiltili-kristal-kureler-saheseri-mekke-kapisi-tasarimi\/#breadcrumb"},"inLanguage":"tr","potentialAction":[{"@type":"ReadAction","target":["https:\/\/saudi-gift.com\/tr\/product\/isiltili-kristal-kureler-saheseri-mekke-kapisi-tasarimi\/"]}]},{"@type":"ImageObject","inLanguage":"tr","@id":"https:\/\/saudi-gift.com\/tr\/product\/isiltili-kristal-kureler-saheseri-mekke-kapisi-tasarimi\/#primaryimage","url":"https:\/\/saudi-gift.com\/wp-content\/uploads\/2025\/01\/photo_2024-08-28_13-28-43-1.webp","contentUrl":"https:\/\/saudi-gift.com\/wp-content\/uploads\/2025\/01\/photo_2024-08-28_13-28-43-1.webp","width":600,"height":600},{"@type":"BreadcrumbList","@id":"https:\/\/saudi-gift.com\/tr\/product\/isiltili-kristal-kureler-saheseri-mekke-kapisi-tasarimi\/#breadcrumb","itemListElement":[{"@type":"ListItem","position":1,"name":"Home","item":"https:\/\/saudi-gift.com\/tr\/"},{"@type":"ListItem","position":2,"name":"\u015eimdi Al\u0131\u015fveri\u015f Yap\u0131n","item":"https:\/\/saudi-gift.com\/tr\/simdi-alisveris-yapin\/"},{"@type":"ListItem","position":3,"name":"I\u015f\u0131lt\u0131l\u0131 kristal k\u00fcreler \u015faheseri Mekke Kap\u0131s\u0131 Tasar\u0131m\u0131"}]},{"@type":"WebSite","@id":"https:\/\/saudi-gift.com\/#website","url":"https:\/\/saudi-gift.com\/","name":"\u0647\u062f\u064a\u0629 \u0633\u0639\u0648\u062f\u064a\u0629","description":"\u0647\u062f\u064a\u0629 \u0633\u0639\u0648\u062f\u064a\u0629 \u0645\u062a\u062c\u0631 \u0627\u0644\u0643\u062a\u0631\u0648\u0646\u064a \u064a\u0642\u062f\u0645 \u0644\u0643\u0645 \u0645\u062c\u0645\u0648\u0639\u0629 \u0645\u0646 \u0627\u0644\u0647\u062f\u0627\u064a\u0627 \u0627\u0644\u062a\u064a \u062a\u062c\u0633\u062f \u0639\u0628\u0642 \u0630\u0643\u0631\u064a\u0627\u062a\u0643\u0645 \u0641\u064a \u0627\u0644\u0645\u0634\u0627\u0639\u0631 \u0627\u0644\u0645\u0642\u062f\u0633\u0629","publisher":{"@id":"https:\/\/saudi-gift.com\/#organization"},"alternateName":"\u0647\u062f\u064a\u0629 \u0633\u0639\u0648\u062f\u064a\u0629","potentialAction":[{"@type":"SearchAction","target":{"@type":"EntryPoint","urlTemplate":"https:\/\/saudi-gift.com\/?s={search_term_string}"},"query-input":{"@type":"PropertyValueSpecification","valueRequired":true,"valueName":"search_term_string"}}],"inLanguage":"tr"},{"@type":"Organization","@id":"https:\/\/saudi-gift.com\/#organization","name":"\u0645\u062a\u062c\u0631 \u0627\u0644\u0647\u062f\u064a\u0629","alternateName":"\u0647\u062f\u064a\u0629 \u0633\u0639\u0648\u062f\u064a\u0629","url":"https:\/\/saudi-gift.com\/","logo":{"@type":"ImageObject","inLanguage":"tr","@id":"https:\/\/saudi-gift.com\/#\/schema\/logo\/image\/","url":"https:\/\/saudi-gift.com\/wp-content\/uploads\/2025\/05\/2.png","contentUrl":"https:\/\/saudi-gift.com\/wp-content\/uploads\/2025\/05\/2.png","width":163,"height":42,"caption":"\u0645\u062a\u062c\u0631 \u0627\u0644\u0647\u062f\u064a\u0629"},"image":{"@id":"https:\/\/saudi-gift.com\/#\/schema\/logo\/image\/"},"sameAs":["https:\/\/www.facebook.com\/profile.php?id=61560277649059&mibextid=LQQJ4d","https:\/\/x.com\/saudigift_"]}]}},"jetpack-related-posts":[],"_links":{"self":[{"href":"https:\/\/saudi-gift.com\/tr\/wp-json\/wp\/v2\/product\/45861","targetHints":{"allow":["GET"]}}],"collection":[{"href":"https:\/\/saudi-gift.com\/tr\/wp-json\/wp\/v2\/product"}],"about":[{"href":"https:\/\/saudi-gift.com\/tr\/wp-json\/wp\/v2\/types\/product"}],"replies":[{"embeddable":true,"href":"https:\/\/saudi-gift.com\/tr\/wp-json\/wp\/v2\/comments?post=45861"}],"version-history":[{"count":0,"href":"https:\/\/saudi-gift.com\/tr\/wp-json\/wp\/v2\/product\/45861\/revisions"}],"wp:featuredmedia":[{"embeddable":true,"href":"https:\/\/saudi-gift.com\/tr\/wp-json\/wp\/v2\/media\/44157"}],"wp:attachment":[{"href":"https:\/\/saudi-gift.com\/tr\/wp-json\/wp\/v2\/media?parent=45861"}],"wp:term":[{"taxonomy":"product_brand","embeddable":true,"href":"https:\/\/saudi-gift.com\/tr\/wp-json\/wp\/v2\/product_brand?post=45861"},{"taxonomy":"product_cat","embeddable":true,"href":"https:\/\/saudi-gift.com\/tr\/wp-json\/wp\/v2\/product_cat?post=45861"},{"taxonomy":"product_tag","embeddable":true,"href":"https:\/\/saudi-gift.com\/tr\/wp-json\/wp\/v2\/product_tag?post=45861"}],"curies":[{"name":"wp","href":"https:\/\/api.w.org\/{rel}","templated":true}]}}