{"id":45873,"date":"2025-01-30T17:00:40","date_gmt":"2025-01-30T14:00:40","guid":{"rendered":"https:\/\/saudi-gift.com\/product\/suudi-shemagh-su-tutacagi\/"},"modified":"2025-02-08T17:02:16","modified_gmt":"2025-02-08T14:02:16","slug":"suudi-shemagh-su-tutacagi","status":"publish","type":"product","link":"https:\/\/saudi-gift.com\/tr\/urun\/suudi-shemagh-su-tutacagi\/","title":{"rendered":"Mekke Taba\u011f\u0131 Su \u015ei\u015fesi"},"content":{"rendered":"<p>Mekke Taba\u011f\u0131 Su \u015ei\u015fesi<\/p>\n<p>Ruhlar\u0131n g\u00f6rkemli da\u011flar\u0131na ve kutsal simge yap\u0131lar\u0131na \u00e7ekildi\u011fi M\u00fcsl\u00fcman d\u00fcnyas\u0131n\u0131n kalbinde Mekke-i M\u00fckerreme yer al\u0131r. Mekke&#8217;nin ruhundan esinlenen i\u00e7ecek \u015fi\u015femiz, nereye giderseniz gidin yan\u0131n\u0131zda ta\u015f\u0131yabilece\u011finiz g\u00fczel bir an\u0131d\u0131r.    <\/p>\n","protected":false},"excerpt":{"rendered":"<p>S\u0131cak ve so\u011fuk koruma (12 saat): \u0130\u00e7ece\u011finizin uzun saatler boyunca s\u0131cak veya so\u011fuk kalmas\u0131n\u0131 sa\u011flar. <\/p>\n<table class=\"table table-bordered\">\n<tbody>\n<tr>\n<th>Kapasite<\/th>\n<td>500 ml<\/td>\n<\/tr>\n<\/tbody>\n<\/table>\n","protected":false},"featured_media":44249,"comment_status":"open","ping_status":"closed","template":"","meta":[],"product_brand":[],"product_cat":[132],"product_tag":[2018,2019],"class_list":{"0":"post-45873","1":"product","2":"type-product","3":"status-publish","4":"has-post-thumbnail","6":"product_cat-made-in-medina","7":"product_tag--tr","10":"first","11":"instock","12":"shipping-taxable","13":"purchasable","14":"product-type-simple"},"yoast_head":"<!-- This site is optimized with the Yoast SEO Premium plugin v27.2 (Yoast SEO v27.4) - https:\/\/yoast.com\/product\/yoast-seo-premium-wordpress\/ -->\n<title>Mekke Taba\u011f\u0131 Su \u015ei\u015fesi - \u0647\u062f\u064a\u0629 \u0633\u0639\u0648\u062f\u064a\u0629<\/title>\n<meta name=\"description\" content=\"M\u00fcsl\u00fcman d\u00fcnyas\u0131n\u0131n kalbinde, ruhlar\u0131n g\u00f6rkemli da\u011flar\u0131na ve kutsal yerlerine \u00e7ekildi\u011fi Mekke-i M\u00fckerreme yer al\u0131r. Mekke ruhundan ilham alan i\u00e7ecek \u015fi\u015femiz, nereye giderseniz gidin yan\u0131n\u0131zda ta\u015f\u0131yabilece\u011finiz g\u00fczel bir an\u0131d\u0131r: \u0130\u00e7ece\u011finizin uzun saatler boyunca s\u0131cak veya so\u011fuk kalmas\u0131n\u0131 sa\u011flar.500 ml kapasite\" \/>\n<meta name=\"robots\" content=\"index, follow, max-snippet:-1, max-image-preview:large, max-video-preview:-1\" \/>\n<link rel=\"canonical\" href=\"https:\/\/saudi-gift.com\/tr\/product\/suudi-shemagh-su-tutacagi\/\" \/>\n<meta property=\"og:locale\" content=\"tr_TR\" \/>\n<meta property=\"og:type\" content=\"article\" \/>\n<meta property=\"og:title\" content=\"Mekke Taba\u011f\u0131 Su \u015ei\u015fesi\" \/>\n<meta property=\"og:description\" content=\"M\u00fcsl\u00fcman d\u00fcnyas\u0131n\u0131n kalbinde, ruhlar\u0131n g\u00f6rkemli da\u011flar\u0131na ve kutsal yerlerine \u00e7ekildi\u011fi Mekke-i M\u00fckerreme yer al\u0131r. Mekke ruhundan ilham alan i\u00e7ecek \u015fi\u015femiz, nereye giderseniz gidin yan\u0131n\u0131zda ta\u015f\u0131yabilece\u011finiz g\u00fczel bir an\u0131d\u0131r: \u0130\u00e7ece\u011finizin uzun saatler boyunca s\u0131cak veya so\u011fuk kalmas\u0131n\u0131 sa\u011flar.500 ml kapasite\" \/>\n<meta property=\"og:url\" content=\"https:\/\/saudi-gift.com\/tr\/product\/suudi-shemagh-su-tutacagi\/\" \/>\n<meta property=\"og:site_name\" content=\"\u0647\u062f\u064a\u0629 \u0633\u0639\u0648\u062f\u064a\u0629\" \/>\n<meta property=\"article:publisher\" content=\"https:\/\/www.facebook.com\/profile.php?id=61560277649059&amp;mibextid=LQQJ4d\" \/>\n<meta property=\"article:modified_time\" content=\"2025-02-08T14:02:16+00:00\" \/>\n<meta property=\"og:image\" content=\"https:\/\/saudi-gift.com\/wp-content\/uploads\/2025\/01\/\u062d\u0627\u0641\u0638\u0629-\u0645\u0627\u0621-\u0644\u0648\u062d\u0629-\u0645\u0643\u0629.webp\" \/>\n\t<meta property=\"og:image:width\" content=\"600\" \/>\n\t<meta property=\"og:image:height\" content=\"600\" \/>\n\t<meta property=\"og:image:type\" content=\"image\/webp\" \/>\n<meta name=\"twitter:card\" content=\"summary_large_image\" \/>\n<meta name=\"twitter:site\" content=\"@saudigift_\" \/>\n<script type=\"application\/ld+json\" class=\"yoast-schema-graph\">{\"@context\":\"https:\\\/\\\/schema.org\",\"@graph\":[{\"@type\":\"WebPage\",\"@id\":\"https:\\\/\\\/saudi-gift.com\\\/tr\\\/product\\\/suudi-shemagh-su-tutacagi\\\/\",\"url\":\"https:\\\/\\\/saudi-gift.com\\\/tr\\\/product\\\/suudi-shemagh-su-tutacagi\\\/\",\"name\":\"Mekke Taba\u011f\u0131 Su \u015ei\u015fesi - \u0647\u062f\u064a\u0629 \u0633\u0639\u0648\u062f\u064a\u0629\",\"isPartOf\":{\"@id\":\"https:\\\/\\\/saudi-gift.com\\\/#website\"},\"primaryImageOfPage\":{\"@id\":\"https:\\\/\\\/saudi-gift.com\\\/tr\\\/product\\\/suudi-shemagh-su-tutacagi\\\/#primaryimage\"},\"image\":{\"@id\":\"https:\\\/\\\/saudi-gift.com\\\/tr\\\/product\\\/suudi-shemagh-su-tutacagi\\\/#primaryimage\"},\"thumbnailUrl\":\"https:\\\/\\\/saudi-gift.com\\\/wp-content\\\/uploads\\\/2025\\\/01\\\/\u062d\u0627\u0641\u0638\u0629-\u0645\u0627\u0621-\u0644\u0648\u062d\u0629-\u0645\u0643\u0629.webp\",\"datePublished\":\"2025-01-30T14:00:40+00:00\",\"dateModified\":\"2025-02-08T14:02:16+00:00\",\"description\":\"M\u00fcsl\u00fcman d\u00fcnyas\u0131n\u0131n kalbinde, ruhlar\u0131n g\u00f6rkemli da\u011flar\u0131na ve kutsal yerlerine \u00e7ekildi\u011fi Mekke-i M\u00fckerreme yer al\u0131r. Mekke ruhundan ilham alan i\u00e7ecek \u015fi\u015femiz, nereye giderseniz gidin yan\u0131n\u0131zda ta\u015f\u0131yabilece\u011finiz g\u00fczel bir an\u0131d\u0131r: \u0130\u00e7ece\u011finizin uzun saatler boyunca s\u0131cak veya so\u011fuk kalmas\u0131n\u0131 sa\u011flar.500 ml kapasite\",\"breadcrumb\":{\"@id\":\"https:\\\/\\\/saudi-gift.com\\\/tr\\\/product\\\/suudi-shemagh-su-tutacagi\\\/#breadcrumb\"},\"inLanguage\":\"tr\",\"potentialAction\":[{\"@type\":\"ReadAction\",\"target\":[\"https:\\\/\\\/saudi-gift.com\\\/tr\\\/product\\\/suudi-shemagh-su-tutacagi\\\/\"]}]},{\"@type\":\"ImageObject\",\"inLanguage\":\"tr\",\"@id\":\"https:\\\/\\\/saudi-gift.com\\\/tr\\\/product\\\/suudi-shemagh-su-tutacagi\\\/#primaryimage\",\"url\":\"https:\\\/\\\/saudi-gift.com\\\/wp-content\\\/uploads\\\/2025\\\/01\\\/\u062d\u0627\u0641\u0638\u0629-\u0645\u0627\u0621-\u0644\u0648\u062d\u0629-\u0645\u0643\u0629.webp\",\"contentUrl\":\"https:\\\/\\\/saudi-gift.com\\\/wp-content\\\/uploads\\\/2025\\\/01\\\/\u062d\u0627\u0641\u0638\u0629-\u0645\u0627\u0621-\u0644\u0648\u062d\u0629-\u0645\u0643\u0629.webp\",\"width\":600,\"height\":600},{\"@type\":\"BreadcrumbList\",\"@id\":\"https:\\\/\\\/saudi-gift.com\\\/tr\\\/product\\\/suudi-shemagh-su-tutacagi\\\/#breadcrumb\",\"itemListElement\":[{\"@type\":\"ListItem\",\"position\":1,\"name\":\"Home\",\"item\":\"https:\\\/\\\/saudi-gift.com\\\/tr\\\/\"},{\"@type\":\"ListItem\",\"position\":2,\"name\":\"\u015eimdi Al\u0131\u015fveri\u015f Yap\u0131n\",\"item\":\"https:\\\/\\\/saudi-gift.com\\\/tr\\\/simdi-alisveris-yapin\\\/\"},{\"@type\":\"ListItem\",\"position\":3,\"name\":\"Mekke Taba\u011f\u0131 Su \u015ei\u015fesi\"}]},{\"@type\":\"WebSite\",\"@id\":\"https:\\\/\\\/saudi-gift.com\\\/#website\",\"url\":\"https:\\\/\\\/saudi-gift.com\\\/\",\"name\":\"\u0647\u062f\u064a\u0629 \u0633\u0639\u0648\u062f\u064a\u0629\",\"description\":\"\u0647\u062f\u064a\u0629 \u0633\u0639\u0648\u062f\u064a\u0629 \u0645\u062a\u062c\u0631 \u0627\u0644\u0643\u062a\u0631\u0648\u0646\u064a \u064a\u0642\u062f\u0645 \u0644\u0643\u0645 \u0645\u062c\u0645\u0648\u0639\u0629 \u0645\u0646 \u0627\u0644\u0647\u062f\u0627\u064a\u0627 \u0627\u0644\u062a\u064a \u062a\u062c\u0633\u062f \u0639\u0628\u0642 \u0630\u0643\u0631\u064a\u0627\u062a\u0643\u0645 \u0641\u064a \u0627\u0644\u0645\u0634\u0627\u0639\u0631 \u0627\u0644\u0645\u0642\u062f\u0633\u0629\",\"publisher\":{\"@id\":\"https:\\\/\\\/saudi-gift.com\\\/#organization\"},\"alternateName\":\"\u0647\u062f\u064a\u0629 \u0633\u0639\u0648\u062f\u064a\u0629\",\"potentialAction\":[{\"@type\":\"SearchAction\",\"target\":{\"@type\":\"EntryPoint\",\"urlTemplate\":\"https:\\\/\\\/saudi-gift.com\\\/?s={search_term_string}\"},\"query-input\":{\"@type\":\"PropertyValueSpecification\",\"valueRequired\":true,\"valueName\":\"search_term_string\"}}],\"inLanguage\":\"tr\"},{\"@type\":\"Organization\",\"@id\":\"https:\\\/\\\/saudi-gift.com\\\/#organization\",\"name\":\"\u0645\u062a\u062c\u0631 \u0627\u0644\u0647\u062f\u064a\u0629\",\"alternateName\":\"\u0647\u062f\u064a\u0629 \u0633\u0639\u0648\u062f\u064a\u0629\",\"url\":\"https:\\\/\\\/saudi-gift.com\\\/\",\"logo\":{\"@type\":\"ImageObject\",\"inLanguage\":\"tr\",\"@id\":\"https:\\\/\\\/saudi-gift.com\\\/#\\\/schema\\\/logo\\\/image\\\/\",\"url\":\"https:\\\/\\\/saudi-gift.com\\\/wp-content\\\/uploads\\\/2025\\\/05\\\/2.png\",\"contentUrl\":\"https:\\\/\\\/saudi-gift.com\\\/wp-content\\\/uploads\\\/2025\\\/05\\\/2.png\",\"width\":163,\"height\":42,\"caption\":\"\u0645\u062a\u062c\u0631 \u0627\u0644\u0647\u062f\u064a\u0629\"},\"image\":{\"@id\":\"https:\\\/\\\/saudi-gift.com\\\/#\\\/schema\\\/logo\\\/image\\\/\"},\"sameAs\":[\"https:\\\/\\\/www.facebook.com\\\/profile.php?id=61560277649059&mibextid=LQQJ4d\",\"https:\\\/\\\/x.com\\\/saudigift_\"]}]}<\/script>\n<!-- \/ Yoast SEO Premium plugin. -->","yoast_head_json":{"title":"Mekke Taba\u011f\u0131 Su \u015ei\u015fesi - \u0647\u062f\u064a\u0629 \u0633\u0639\u0648\u062f\u064a\u0629","description":"M\u00fcsl\u00fcman d\u00fcnyas\u0131n\u0131n kalbinde, ruhlar\u0131n g\u00f6rkemli da\u011flar\u0131na ve kutsal yerlerine \u00e7ekildi\u011fi Mekke-i M\u00fckerreme yer al\u0131r. Mekke ruhundan ilham alan i\u00e7ecek \u015fi\u015femiz, nereye giderseniz gidin yan\u0131n\u0131zda ta\u015f\u0131yabilece\u011finiz g\u00fczel bir an\u0131d\u0131r: \u0130\u00e7ece\u011finizin uzun saatler boyunca s\u0131cak veya so\u011fuk kalmas\u0131n\u0131 sa\u011flar.500 ml kapasite","robots":{"index":"index","follow":"follow","max-snippet":"max-snippet:-1","max-image-preview":"max-image-preview:large","max-video-preview":"max-video-preview:-1"},"canonical":"https:\/\/saudi-gift.com\/tr\/product\/suudi-shemagh-su-tutacagi\/","og_locale":"tr_TR","og_type":"article","og_title":"Mekke Taba\u011f\u0131 Su \u015ei\u015fesi","og_description":"M\u00fcsl\u00fcman d\u00fcnyas\u0131n\u0131n kalbinde, ruhlar\u0131n g\u00f6rkemli da\u011flar\u0131na ve kutsal yerlerine \u00e7ekildi\u011fi Mekke-i M\u00fckerreme yer al\u0131r. Mekke ruhundan ilham alan i\u00e7ecek \u015fi\u015femiz, nereye giderseniz gidin yan\u0131n\u0131zda ta\u015f\u0131yabilece\u011finiz g\u00fczel bir an\u0131d\u0131r: \u0130\u00e7ece\u011finizin uzun saatler boyunca s\u0131cak veya so\u011fuk kalmas\u0131n\u0131 sa\u011flar.500 ml kapasite","og_url":"https:\/\/saudi-gift.com\/tr\/product\/suudi-shemagh-su-tutacagi\/","og_site_name":"\u0647\u062f\u064a\u0629 \u0633\u0639\u0648\u062f\u064a\u0629","article_publisher":"https:\/\/www.facebook.com\/profile.php?id=61560277649059&mibextid=LQQJ4d","article_modified_time":"2025-02-08T14:02:16+00:00","og_image":[{"width":600,"height":600,"url":"https:\/\/saudi-gift.com\/wp-content\/uploads\/2025\/01\/\u062d\u0627\u0641\u0638\u0629-\u0645\u0627\u0621-\u0644\u0648\u062d\u0629-\u0645\u0643\u0629.webp","type":"image\/webp"}],"twitter_card":"summary_large_image","twitter_site":"@saudigift_","schema":{"@context":"https:\/\/schema.org","@graph":[{"@type":"WebPage","@id":"https:\/\/saudi-gift.com\/tr\/product\/suudi-shemagh-su-tutacagi\/","url":"https:\/\/saudi-gift.com\/tr\/product\/suudi-shemagh-su-tutacagi\/","name":"Mekke Taba\u011f\u0131 Su \u015ei\u015fesi - \u0647\u062f\u064a\u0629 \u0633\u0639\u0648\u062f\u064a\u0629","isPartOf":{"@id":"https:\/\/saudi-gift.com\/#website"},"primaryImageOfPage":{"@id":"https:\/\/saudi-gift.com\/tr\/product\/suudi-shemagh-su-tutacagi\/#primaryimage"},"image":{"@id":"https:\/\/saudi-gift.com\/tr\/product\/suudi-shemagh-su-tutacagi\/#primaryimage"},"thumbnailUrl":"https:\/\/saudi-gift.com\/wp-content\/uploads\/2025\/01\/\u062d\u0627\u0641\u0638\u0629-\u0645\u0627\u0621-\u0644\u0648\u062d\u0629-\u0645\u0643\u0629.webp","datePublished":"2025-01-30T14:00:40+00:00","dateModified":"2025-02-08T14:02:16+00:00","description":"M\u00fcsl\u00fcman d\u00fcnyas\u0131n\u0131n kalbinde, ruhlar\u0131n g\u00f6rkemli da\u011flar\u0131na ve kutsal yerlerine \u00e7ekildi\u011fi Mekke-i M\u00fckerreme yer al\u0131r. Mekke ruhundan ilham alan i\u00e7ecek \u015fi\u015femiz, nereye giderseniz gidin yan\u0131n\u0131zda ta\u015f\u0131yabilece\u011finiz g\u00fczel bir an\u0131d\u0131r: \u0130\u00e7ece\u011finizin uzun saatler boyunca s\u0131cak veya so\u011fuk kalmas\u0131n\u0131 sa\u011flar.500 ml kapasite","breadcrumb":{"@id":"https:\/\/saudi-gift.com\/tr\/product\/suudi-shemagh-su-tutacagi\/#breadcrumb"},"inLanguage":"tr","potentialAction":[{"@type":"ReadAction","target":["https:\/\/saudi-gift.com\/tr\/product\/suudi-shemagh-su-tutacagi\/"]}]},{"@type":"ImageObject","inLanguage":"tr","@id":"https:\/\/saudi-gift.com\/tr\/product\/suudi-shemagh-su-tutacagi\/#primaryimage","url":"https:\/\/saudi-gift.com\/wp-content\/uploads\/2025\/01\/\u062d\u0627\u0641\u0638\u0629-\u0645\u0627\u0621-\u0644\u0648\u062d\u0629-\u0645\u0643\u0629.webp","contentUrl":"https:\/\/saudi-gift.com\/wp-content\/uploads\/2025\/01\/\u062d\u0627\u0641\u0638\u0629-\u0645\u0627\u0621-\u0644\u0648\u062d\u0629-\u0645\u0643\u0629.webp","width":600,"height":600},{"@type":"BreadcrumbList","@id":"https:\/\/saudi-gift.com\/tr\/product\/suudi-shemagh-su-tutacagi\/#breadcrumb","itemListElement":[{"@type":"ListItem","position":1,"name":"Home","item":"https:\/\/saudi-gift.com\/tr\/"},{"@type":"ListItem","position":2,"name":"\u015eimdi Al\u0131\u015fveri\u015f Yap\u0131n","item":"https:\/\/saudi-gift.com\/tr\/simdi-alisveris-yapin\/"},{"@type":"ListItem","position":3,"name":"Mekke Taba\u011f\u0131 Su \u015ei\u015fesi"}]},{"@type":"WebSite","@id":"https:\/\/saudi-gift.com\/#website","url":"https:\/\/saudi-gift.com\/","name":"\u0647\u062f\u064a\u0629 \u0633\u0639\u0648\u062f\u064a\u0629","description":"\u0647\u062f\u064a\u0629 \u0633\u0639\u0648\u062f\u064a\u0629 \u0645\u062a\u062c\u0631 \u0627\u0644\u0643\u062a\u0631\u0648\u0646\u064a \u064a\u0642\u062f\u0645 \u0644\u0643\u0645 \u0645\u062c\u0645\u0648\u0639\u0629 \u0645\u0646 \u0627\u0644\u0647\u062f\u0627\u064a\u0627 \u0627\u0644\u062a\u064a \u062a\u062c\u0633\u062f \u0639\u0628\u0642 \u0630\u0643\u0631\u064a\u0627\u062a\u0643\u0645 \u0641\u064a \u0627\u0644\u0645\u0634\u0627\u0639\u0631 \u0627\u0644\u0645\u0642\u062f\u0633\u0629","publisher":{"@id":"https:\/\/saudi-gift.com\/#organization"},"alternateName":"\u0647\u062f\u064a\u0629 \u0633\u0639\u0648\u062f\u064a\u0629","potentialAction":[{"@type":"SearchAction","target":{"@type":"EntryPoint","urlTemplate":"https:\/\/saudi-gift.com\/?s={search_term_string}"},"query-input":{"@type":"PropertyValueSpecification","valueRequired":true,"valueName":"search_term_string"}}],"inLanguage":"tr"},{"@type":"Organization","@id":"https:\/\/saudi-gift.com\/#organization","name":"\u0645\u062a\u062c\u0631 \u0627\u0644\u0647\u062f\u064a\u0629","alternateName":"\u0647\u062f\u064a\u0629 \u0633\u0639\u0648\u062f\u064a\u0629","url":"https:\/\/saudi-gift.com\/","logo":{"@type":"ImageObject","inLanguage":"tr","@id":"https:\/\/saudi-gift.com\/#\/schema\/logo\/image\/","url":"https:\/\/saudi-gift.com\/wp-content\/uploads\/2025\/05\/2.png","contentUrl":"https:\/\/saudi-gift.com\/wp-content\/uploads\/2025\/05\/2.png","width":163,"height":42,"caption":"\u0645\u062a\u062c\u0631 \u0627\u0644\u0647\u062f\u064a\u0629"},"image":{"@id":"https:\/\/saudi-gift.com\/#\/schema\/logo\/image\/"},"sameAs":["https:\/\/www.facebook.com\/profile.php?id=61560277649059&mibextid=LQQJ4d","https:\/\/x.com\/saudigift_"]}]}},"jetpack-related-posts":[],"_links":{"self":[{"href":"https:\/\/saudi-gift.com\/tr\/wp-json\/wp\/v2\/product\/45873","targetHints":{"allow":["GET"]}}],"collection":[{"href":"https:\/\/saudi-gift.com\/tr\/wp-json\/wp\/v2\/product"}],"about":[{"href":"https:\/\/saudi-gift.com\/tr\/wp-json\/wp\/v2\/types\/product"}],"replies":[{"embeddable":true,"href":"https:\/\/saudi-gift.com\/tr\/wp-json\/wp\/v2\/comments?post=45873"}],"version-history":[{"count":0,"href":"https:\/\/saudi-gift.com\/tr\/wp-json\/wp\/v2\/product\/45873\/revisions"}],"wp:featuredmedia":[{"embeddable":true,"href":"https:\/\/saudi-gift.com\/tr\/wp-json\/wp\/v2\/media\/44249"}],"wp:attachment":[{"href":"https:\/\/saudi-gift.com\/tr\/wp-json\/wp\/v2\/media?parent=45873"}],"wp:term":[{"taxonomy":"product_brand","embeddable":true,"href":"https:\/\/saudi-gift.com\/tr\/wp-json\/wp\/v2\/product_brand?post=45873"},{"taxonomy":"product_cat","embeddable":true,"href":"https:\/\/saudi-gift.com\/tr\/wp-json\/wp\/v2\/product_cat?post=45873"},{"taxonomy":"product_tag","embeddable":true,"href":"https:\/\/saudi-gift.com\/tr\/wp-json\/wp\/v2\/product_tag?post=45873"}],"curies":[{"name":"wp","href":"https:\/\/api.w.org\/{rel}","templated":true}]}}