{"id":45898,"date":"2025-02-01T17:18:35","date_gmt":"2025-02-01T14:18:35","guid":{"rendered":"https:\/\/saudi-gift.com\/product\/dammam-sehir-anahtarligi\/"},"modified":"2025-02-03T20:14:27","modified_gmt":"2025-02-03T17:14:27","slug":"dammam-sehir-anahtarligi","status":"publish","type":"product","link":"https:\/\/saudi-gift.com\/tr\/urun\/dammam-sehir-anahtarligi\/","title":{"rendered":"Dammam \u015eehir Anahtarl\u0131\u011f\u0131"},"content":{"rendered":"<p>Dammam \u015eehir Anahtarl\u0131\u011f\u0131<\/p>\n<p>Dammam, Arap K\u00f6rfezi k\u0131y\u0131s\u0131nda, Corniche&#8217;nin ye\u015fillik ve hafif r\u00fczgarlarla uyum sa\u011flad\u0131\u011f\u0131 bir konumda yer almaktad\u0131r. Bu \u015fehir, Krall\u0131\u011f\u0131n dinamik ruhunu ve zengin miras\u0131n\u0131 yans\u0131tan m\u00fckemmel bir ekonomik ve k\u00fclt\u00fcrel merkezdir.<br \/>\nBu anahtarl\u0131\u011f\u0131n her bir par\u00e7as\u0131 Dammam&#8217;\u0131n \u00f6z\u00fcn\u00fcn bir par\u00e7as\u0131n\u0131 sembolize etmektedir: 1. Yunus bal\u0131\u011f\u0131:<br \/>\nArap K\u00f6rfezi&#8217;nin sakin sular\u0131n\u0131 ve ye\u015fillikleri ve yumu\u015fak esintileriyle Dammam&#8217;\u0131n plajlar\u0131n\u0131 sembolize eder. \u0130nciler:<br \/>\nB\u00f6lgedeki eski inci dal\u0131\u015f\u0131 miras\u0131n\u0131 ifade eder. 3.Kral Abd\u00fclaziz D\u00fcnya K\u00fclt\u00fcr Merkezi (Ithra):<br \/>\nTime dergisi taraf\u0131ndan 2018 y\u0131l\u0131nda ziyaret edilecek en iyi 100 yer aras\u0131nda g\u00f6sterilerek Dammam&#8217;\u0131n k\u00fcresel k\u00fclt\u00fcr\u00fc te\u015fvik etti\u011finin alt\u0131 \u00e7izilmi\u015ftir. Khobar Su Kulesi: 90 metre y\u00fcksekli\u011fiyle Dammam&#8217;\u0131n m\u00fchendislik becerisini ve do\u011fal g\u00fczelli\u011fini temsil eden nefes kesici manzaralar sunmaktad\u0131r.   <\/p>\n","protected":false},"excerpt":{"rendered":"<p>Nikelden \u00fcretilen ve parlak alt\u0131nla kaplanan bu madalyon en iyi malzemelerden \u00fcretilmi\u015ftir. Dammam&#8217;da ya\u015fad\u0131\u011f\u0131n\u0131z anlar\u0131 korumak i\u00e7in yarat\u0131c\u0131 bir \u015fekilde tasarlanm\u0131\u015ft\u0131r.  <\/p>\n","protected":false},"featured_media":45844,"comment_status":"open","ping_status":"closed","template":"","meta":[],"product_brand":[],"product_cat":[354],"product_tag":[2027],"class_list":{"0":"post-45898","1":"product","2":"type-product","3":"status-publish","4":"has-post-thumbnail","6":"product_cat-turistik-hediyelikler","7":"product_tag--tr","9":"first","10":"instock","11":"shipping-taxable","12":"purchasable","13":"product-type-simple"},"yoast_head":"<!-- This site is optimized with the Yoast SEO Premium plugin v27.2 (Yoast SEO v27.6) - https:\/\/yoast.com\/product\/yoast-seo-premium-wordpress\/ -->\n<title>Dammam \u015eehir Anahtarl\u0131\u011f\u0131 - \u0647\u062f\u064a\u0629 \u0633\u0639\u0648\u062f\u064a\u0629<\/title>\n<meta name=\"description\" content=\"Nikelden \u00fcretilen ve parlak alt\u0131nla kaplanan bu madalyon en iyi malzemelerden \u00fcretilmi\u015ftir. Dammam&#039;da ya\u015fad\u0131\u011f\u0131n\u0131z anlar\u0131 korumak i\u00e7in yarat\u0131c\u0131 bir \u015fekilde tasarlanm\u0131\u015ft\u0131r. Bir yunus i\u00e7in: Arap K\u00f6rfezi&#039;nin sular\u0131n\u0131 sembolize eder. \u0130nci: Kral Abd\u00fclaziz D\u00fcnya K\u00fclt\u00fcr Merkezi (Ithra) dal\u0131\u015f\u0131n antik miras\u0131n\u0131 ifade eder: Time Dergisi taraf\u0131ndan 2018&#039;de ziyaret edilecek en iyi 100 yerden biri olarak g\u00f6sterilmi\u015ftir.Al Khobar Su Kulesi\" \/>\n<meta name=\"robots\" content=\"index, follow, max-snippet:-1, max-image-preview:large, max-video-preview:-1\" \/>\n<link rel=\"canonical\" href=\"https:\/\/saudi-gift.com\/tr\/product\/dammam-sehir-anahtarligi\/\" \/>\n<meta property=\"og:locale\" content=\"tr_TR\" \/>\n<meta property=\"og:type\" content=\"article\" \/>\n<meta property=\"og:title\" content=\"Dammam \u015eehir Anahtarl\u0131\u011f\u0131\" \/>\n<meta property=\"og:description\" content=\"Nikelden \u00fcretilen ve parlak alt\u0131nla kaplanan bu madalyon en iyi malzemelerden \u00fcretilmi\u015ftir. Dammam&#039;da ya\u015fad\u0131\u011f\u0131n\u0131z anlar\u0131 korumak i\u00e7in yarat\u0131c\u0131 bir \u015fekilde tasarlanm\u0131\u015ft\u0131r. Bir yunus i\u00e7in: Arap K\u00f6rfezi&#039;nin sular\u0131n\u0131 sembolize eder. \u0130nci: Kral Abd\u00fclaziz D\u00fcnya K\u00fclt\u00fcr Merkezi (Ithra) dal\u0131\u015f\u0131n antik miras\u0131n\u0131 ifade eder: Time Dergisi taraf\u0131ndan 2018&#039;de ziyaret edilecek en iyi 100 yerden biri olarak g\u00f6sterilmi\u015ftir.Al Khobar Su Kulesi\" \/>\n<meta property=\"og:url\" content=\"https:\/\/saudi-gift.com\/tr\/product\/dammam-sehir-anahtarligi\/\" \/>\n<meta property=\"og:site_name\" content=\"\u0647\u062f\u064a\u0629 \u0633\u0639\u0648\u062f\u064a\u0629\" \/>\n<meta property=\"article:publisher\" content=\"https:\/\/www.facebook.com\/profile.php?id=61560277649059&amp;mibextid=LQQJ4d\" \/>\n<meta property=\"article:modified_time\" content=\"2025-02-03T17:14:27+00:00\" \/>\n<meta property=\"og:image\" content=\"https:\/\/saudi-gift.com\/wp-content\/uploads\/2025\/02\/\u0633\u0644\u0633\u0629-\u0645\u0641\u0627\u062a\u064a\u062d-\u0645\u062f\u064a\u0646\u0629-\u0627\u0644\u062f\u0645\u0627\u0645.jpg\" \/>\n\t<meta property=\"og:image:width\" content=\"1920\" \/>\n\t<meta property=\"og:image:height\" content=\"1280\" \/>\n\t<meta property=\"og:image:type\" content=\"image\/jpeg\" \/>\n<meta name=\"twitter:card\" content=\"summary_large_image\" \/>\n<meta name=\"twitter:site\" content=\"@saudigift_\" \/>\n<meta name=\"twitter:label1\" content=\"Tahmini okuma s\u00fcresi\" \/>\n\t<meta name=\"twitter:data1\" content=\"1 dakika\" \/>\n<script type=\"application\/ld+json\" class=\"yoast-schema-graph\">{\"@context\":\"https:\\\/\\\/schema.org\",\"@graph\":[{\"@type\":\"WebPage\",\"@id\":\"https:\\\/\\\/saudi-gift.com\\\/tr\\\/product\\\/dammam-sehir-anahtarligi\\\/\",\"url\":\"https:\\\/\\\/saudi-gift.com\\\/tr\\\/product\\\/dammam-sehir-anahtarligi\\\/\",\"name\":\"Dammam \u015eehir Anahtarl\u0131\u011f\u0131 - \u0647\u062f\u064a\u0629 \u0633\u0639\u0648\u062f\u064a\u0629\",\"isPartOf\":{\"@id\":\"https:\\\/\\\/saudi-gift.com\\\/#website\"},\"primaryImageOfPage\":{\"@id\":\"https:\\\/\\\/saudi-gift.com\\\/tr\\\/product\\\/dammam-sehir-anahtarligi\\\/#primaryimage\"},\"image\":{\"@id\":\"https:\\\/\\\/saudi-gift.com\\\/tr\\\/product\\\/dammam-sehir-anahtarligi\\\/#primaryimage\"},\"thumbnailUrl\":\"https:\\\/\\\/saudi-gift.com\\\/wp-content\\\/uploads\\\/2025\\\/02\\\/\u0633\u0644\u0633\u0629-\u0645\u0641\u0627\u062a\u064a\u062d-\u0645\u062f\u064a\u0646\u0629-\u0627\u0644\u062f\u0645\u0627\u0645.jpg\",\"datePublished\":\"2025-02-01T14:18:35+00:00\",\"dateModified\":\"2025-02-03T17:14:27+00:00\",\"description\":\"Nikelden \u00fcretilen ve parlak alt\u0131nla kaplanan bu madalyon en iyi malzemelerden \u00fcretilmi\u015ftir. Dammam'da ya\u015fad\u0131\u011f\u0131n\u0131z anlar\u0131 korumak i\u00e7in yarat\u0131c\u0131 bir \u015fekilde tasarlanm\u0131\u015ft\u0131r. Bir yunus i\u00e7in: Arap K\u00f6rfezi'nin sular\u0131n\u0131 sembolize eder. \u0130nci: Kral Abd\u00fclaziz D\u00fcnya K\u00fclt\u00fcr Merkezi (Ithra) dal\u0131\u015f\u0131n antik miras\u0131n\u0131 ifade eder: Time Dergisi taraf\u0131ndan 2018'de ziyaret edilecek en iyi 100 yerden biri olarak g\u00f6sterilmi\u015ftir.Al Khobar Su Kulesi\",\"breadcrumb\":{\"@id\":\"https:\\\/\\\/saudi-gift.com\\\/tr\\\/product\\\/dammam-sehir-anahtarligi\\\/#breadcrumb\"},\"inLanguage\":\"tr\",\"potentialAction\":[{\"@type\":\"ReadAction\",\"target\":[\"https:\\\/\\\/saudi-gift.com\\\/tr\\\/product\\\/dammam-sehir-anahtarligi\\\/\"]}]},{\"@type\":\"ImageObject\",\"inLanguage\":\"tr\",\"@id\":\"https:\\\/\\\/saudi-gift.com\\\/tr\\\/product\\\/dammam-sehir-anahtarligi\\\/#primaryimage\",\"url\":\"https:\\\/\\\/saudi-gift.com\\\/wp-content\\\/uploads\\\/2025\\\/02\\\/\u0633\u0644\u0633\u0629-\u0645\u0641\u0627\u062a\u064a\u062d-\u0645\u062f\u064a\u0646\u0629-\u0627\u0644\u062f\u0645\u0627\u0645.jpg\",\"contentUrl\":\"https:\\\/\\\/saudi-gift.com\\\/wp-content\\\/uploads\\\/2025\\\/02\\\/\u0633\u0644\u0633\u0629-\u0645\u0641\u0627\u062a\u064a\u062d-\u0645\u062f\u064a\u0646\u0629-\u0627\u0644\u062f\u0645\u0627\u0645.jpg\",\"width\":1600,\"height\":1067},{\"@type\":\"BreadcrumbList\",\"@id\":\"https:\\\/\\\/saudi-gift.com\\\/tr\\\/product\\\/dammam-sehir-anahtarligi\\\/#breadcrumb\",\"itemListElement\":[{\"@type\":\"ListItem\",\"position\":1,\"name\":\"Home\",\"item\":\"https:\\\/\\\/saudi-gift.com\\\/tr\\\/\"},{\"@type\":\"ListItem\",\"position\":2,\"name\":\"\u015eimdi Al\u0131\u015fveri\u015f Yap\u0131n\",\"item\":\"https:\\\/\\\/saudi-gift.com\\\/tr\\\/simdi-alisveris-yapin\\\/\"},{\"@type\":\"ListItem\",\"position\":3,\"name\":\"Dammam \u015eehir Anahtarl\u0131\u011f\u0131\"}]},{\"@type\":\"WebSite\",\"@id\":\"https:\\\/\\\/saudi-gift.com\\\/#website\",\"url\":\"https:\\\/\\\/saudi-gift.com\\\/\",\"name\":\"\u0647\u062f\u064a\u0629 \u0633\u0639\u0648\u062f\u064a\u0629\",\"description\":\"\u0647\u062f\u064a\u0629 \u0633\u0639\u0648\u062f\u064a\u0629 \u0645\u062a\u062c\u0631 \u0627\u0644\u0643\u062a\u0631\u0648\u0646\u064a \u064a\u0642\u062f\u0645 \u0644\u0643\u0645 \u0645\u062c\u0645\u0648\u0639\u0629 \u0645\u0646 \u0627\u0644\u0647\u062f\u0627\u064a\u0627 \u0627\u0644\u062a\u064a \u062a\u062c\u0633\u062f \u0639\u0628\u0642 \u0630\u0643\u0631\u064a\u0627\u062a\u0643\u0645 \u0641\u064a \u0627\u0644\u0645\u0634\u0627\u0639\u0631 \u0627\u0644\u0645\u0642\u062f\u0633\u0629\",\"publisher\":{\"@id\":\"https:\\\/\\\/saudi-gift.com\\\/#organization\"},\"alternateName\":\"\u0647\u062f\u064a\u0629 \u0633\u0639\u0648\u062f\u064a\u0629\",\"potentialAction\":[{\"@type\":\"SearchAction\",\"target\":{\"@type\":\"EntryPoint\",\"urlTemplate\":\"https:\\\/\\\/saudi-gift.com\\\/?s={search_term_string}\"},\"query-input\":{\"@type\":\"PropertyValueSpecification\",\"valueRequired\":true,\"valueName\":\"search_term_string\"}}],\"inLanguage\":\"tr\"},{\"@type\":\"Organization\",\"@id\":\"https:\\\/\\\/saudi-gift.com\\\/#organization\",\"name\":\"\u0645\u062a\u062c\u0631 \u0627\u0644\u0647\u062f\u064a\u0629\",\"alternateName\":\"\u0647\u062f\u064a\u0629 \u0633\u0639\u0648\u062f\u064a\u0629\",\"url\":\"https:\\\/\\\/saudi-gift.com\\\/\",\"logo\":{\"@type\":\"ImageObject\",\"inLanguage\":\"tr\",\"@id\":\"https:\\\/\\\/saudi-gift.com\\\/#\\\/schema\\\/logo\\\/image\\\/\",\"url\":\"https:\\\/\\\/saudi-gift.com\\\/wp-content\\\/uploads\\\/2025\\\/05\\\/2.png\",\"contentUrl\":\"https:\\\/\\\/saudi-gift.com\\\/wp-content\\\/uploads\\\/2025\\\/05\\\/2.png\",\"width\":163,\"height\":42,\"caption\":\"\u0645\u062a\u062c\u0631 \u0627\u0644\u0647\u062f\u064a\u0629\"},\"image\":{\"@id\":\"https:\\\/\\\/saudi-gift.com\\\/#\\\/schema\\\/logo\\\/image\\\/\"},\"sameAs\":[\"https:\\\/\\\/www.facebook.com\\\/profile.php?id=61560277649059&mibextid=LQQJ4d\",\"https:\\\/\\\/x.com\\\/saudigift_\"]}]}<\/script>\n<!-- \/ Yoast SEO Premium plugin. -->","yoast_head_json":{"title":"Dammam \u015eehir Anahtarl\u0131\u011f\u0131 - \u0647\u062f\u064a\u0629 \u0633\u0639\u0648\u062f\u064a\u0629","description":"Nikelden \u00fcretilen ve parlak alt\u0131nla kaplanan bu madalyon en iyi malzemelerden \u00fcretilmi\u015ftir. Dammam'da ya\u015fad\u0131\u011f\u0131n\u0131z anlar\u0131 korumak i\u00e7in yarat\u0131c\u0131 bir \u015fekilde tasarlanm\u0131\u015ft\u0131r. Bir yunus i\u00e7in: Arap K\u00f6rfezi'nin sular\u0131n\u0131 sembolize eder. \u0130nci: Kral Abd\u00fclaziz D\u00fcnya K\u00fclt\u00fcr Merkezi (Ithra) dal\u0131\u015f\u0131n antik miras\u0131n\u0131 ifade eder: Time Dergisi taraf\u0131ndan 2018'de ziyaret edilecek en iyi 100 yerden biri olarak g\u00f6sterilmi\u015ftir.Al Khobar Su Kulesi","robots":{"index":"index","follow":"follow","max-snippet":"max-snippet:-1","max-image-preview":"max-image-preview:large","max-video-preview":"max-video-preview:-1"},"canonical":"https:\/\/saudi-gift.com\/tr\/product\/dammam-sehir-anahtarligi\/","og_locale":"tr_TR","og_type":"article","og_title":"Dammam \u015eehir Anahtarl\u0131\u011f\u0131","og_description":"Nikelden \u00fcretilen ve parlak alt\u0131nla kaplanan bu madalyon en iyi malzemelerden \u00fcretilmi\u015ftir. Dammam'da ya\u015fad\u0131\u011f\u0131n\u0131z anlar\u0131 korumak i\u00e7in yarat\u0131c\u0131 bir \u015fekilde tasarlanm\u0131\u015ft\u0131r. Bir yunus i\u00e7in: Arap K\u00f6rfezi'nin sular\u0131n\u0131 sembolize eder. \u0130nci: Kral Abd\u00fclaziz D\u00fcnya K\u00fclt\u00fcr Merkezi (Ithra) dal\u0131\u015f\u0131n antik miras\u0131n\u0131 ifade eder: Time Dergisi taraf\u0131ndan 2018'de ziyaret edilecek en iyi 100 yerden biri olarak g\u00f6sterilmi\u015ftir.Al Khobar Su Kulesi","og_url":"https:\/\/saudi-gift.com\/tr\/product\/dammam-sehir-anahtarligi\/","og_site_name":"\u0647\u062f\u064a\u0629 \u0633\u0639\u0648\u062f\u064a\u0629","article_publisher":"https:\/\/www.facebook.com\/profile.php?id=61560277649059&mibextid=LQQJ4d","article_modified_time":"2025-02-03T17:14:27+00:00","og_image":[{"width":1920,"height":1280,"url":"https:\/\/saudi-gift.com\/wp-content\/uploads\/2025\/02\/\u0633\u0644\u0633\u0629-\u0645\u0641\u0627\u062a\u064a\u062d-\u0645\u062f\u064a\u0646\u0629-\u0627\u0644\u062f\u0645\u0627\u0645.jpg","type":"image\/jpeg"}],"twitter_card":"summary_large_image","twitter_site":"@saudigift_","twitter_misc":{"Tahmini okuma s\u00fcresi":"1 dakika"},"schema":{"@context":"https:\/\/schema.org","@graph":[{"@type":"WebPage","@id":"https:\/\/saudi-gift.com\/tr\/product\/dammam-sehir-anahtarligi\/","url":"https:\/\/saudi-gift.com\/tr\/product\/dammam-sehir-anahtarligi\/","name":"Dammam \u015eehir Anahtarl\u0131\u011f\u0131 - \u0647\u062f\u064a\u0629 \u0633\u0639\u0648\u062f\u064a\u0629","isPartOf":{"@id":"https:\/\/saudi-gift.com\/#website"},"primaryImageOfPage":{"@id":"https:\/\/saudi-gift.com\/tr\/product\/dammam-sehir-anahtarligi\/#primaryimage"},"image":{"@id":"https:\/\/saudi-gift.com\/tr\/product\/dammam-sehir-anahtarligi\/#primaryimage"},"thumbnailUrl":"https:\/\/saudi-gift.com\/wp-content\/uploads\/2025\/02\/\u0633\u0644\u0633\u0629-\u0645\u0641\u0627\u062a\u064a\u062d-\u0645\u062f\u064a\u0646\u0629-\u0627\u0644\u062f\u0645\u0627\u0645.jpg","datePublished":"2025-02-01T14:18:35+00:00","dateModified":"2025-02-03T17:14:27+00:00","description":"Nikelden \u00fcretilen ve parlak alt\u0131nla kaplanan bu madalyon en iyi malzemelerden \u00fcretilmi\u015ftir. Dammam'da ya\u015fad\u0131\u011f\u0131n\u0131z anlar\u0131 korumak i\u00e7in yarat\u0131c\u0131 bir \u015fekilde tasarlanm\u0131\u015ft\u0131r. Bir yunus i\u00e7in: Arap K\u00f6rfezi'nin sular\u0131n\u0131 sembolize eder. \u0130nci: Kral Abd\u00fclaziz D\u00fcnya K\u00fclt\u00fcr Merkezi (Ithra) dal\u0131\u015f\u0131n antik miras\u0131n\u0131 ifade eder: Time Dergisi taraf\u0131ndan 2018'de ziyaret edilecek en iyi 100 yerden biri olarak g\u00f6sterilmi\u015ftir.Al Khobar Su Kulesi","breadcrumb":{"@id":"https:\/\/saudi-gift.com\/tr\/product\/dammam-sehir-anahtarligi\/#breadcrumb"},"inLanguage":"tr","potentialAction":[{"@type":"ReadAction","target":["https:\/\/saudi-gift.com\/tr\/product\/dammam-sehir-anahtarligi\/"]}]},{"@type":"ImageObject","inLanguage":"tr","@id":"https:\/\/saudi-gift.com\/tr\/product\/dammam-sehir-anahtarligi\/#primaryimage","url":"https:\/\/saudi-gift.com\/wp-content\/uploads\/2025\/02\/\u0633\u0644\u0633\u0629-\u0645\u0641\u0627\u062a\u064a\u062d-\u0645\u062f\u064a\u0646\u0629-\u0627\u0644\u062f\u0645\u0627\u0645.jpg","contentUrl":"https:\/\/saudi-gift.com\/wp-content\/uploads\/2025\/02\/\u0633\u0644\u0633\u0629-\u0645\u0641\u0627\u062a\u064a\u062d-\u0645\u062f\u064a\u0646\u0629-\u0627\u0644\u062f\u0645\u0627\u0645.jpg","width":1600,"height":1067},{"@type":"BreadcrumbList","@id":"https:\/\/saudi-gift.com\/tr\/product\/dammam-sehir-anahtarligi\/#breadcrumb","itemListElement":[{"@type":"ListItem","position":1,"name":"Home","item":"https:\/\/saudi-gift.com\/tr\/"},{"@type":"ListItem","position":2,"name":"\u015eimdi Al\u0131\u015fveri\u015f Yap\u0131n","item":"https:\/\/saudi-gift.com\/tr\/simdi-alisveris-yapin\/"},{"@type":"ListItem","position":3,"name":"Dammam \u015eehir Anahtarl\u0131\u011f\u0131"}]},{"@type":"WebSite","@id":"https:\/\/saudi-gift.com\/#website","url":"https:\/\/saudi-gift.com\/","name":"\u0647\u062f\u064a\u0629 \u0633\u0639\u0648\u062f\u064a\u0629","description":"\u0647\u062f\u064a\u0629 \u0633\u0639\u0648\u062f\u064a\u0629 \u0645\u062a\u062c\u0631 \u0627\u0644\u0643\u062a\u0631\u0648\u0646\u064a \u064a\u0642\u062f\u0645 \u0644\u0643\u0645 \u0645\u062c\u0645\u0648\u0639\u0629 \u0645\u0646 \u0627\u0644\u0647\u062f\u0627\u064a\u0627 \u0627\u0644\u062a\u064a \u062a\u062c\u0633\u062f \u0639\u0628\u0642 \u0630\u0643\u0631\u064a\u0627\u062a\u0643\u0645 \u0641\u064a \u0627\u0644\u0645\u0634\u0627\u0639\u0631 \u0627\u0644\u0645\u0642\u062f\u0633\u0629","publisher":{"@id":"https:\/\/saudi-gift.com\/#organization"},"alternateName":"\u0647\u062f\u064a\u0629 \u0633\u0639\u0648\u062f\u064a\u0629","potentialAction":[{"@type":"SearchAction","target":{"@type":"EntryPoint","urlTemplate":"https:\/\/saudi-gift.com\/?s={search_term_string}"},"query-input":{"@type":"PropertyValueSpecification","valueRequired":true,"valueName":"search_term_string"}}],"inLanguage":"tr"},{"@type":"Organization","@id":"https:\/\/saudi-gift.com\/#organization","name":"\u0645\u062a\u062c\u0631 \u0627\u0644\u0647\u062f\u064a\u0629","alternateName":"\u0647\u062f\u064a\u0629 \u0633\u0639\u0648\u062f\u064a\u0629","url":"https:\/\/saudi-gift.com\/","logo":{"@type":"ImageObject","inLanguage":"tr","@id":"https:\/\/saudi-gift.com\/#\/schema\/logo\/image\/","url":"https:\/\/saudi-gift.com\/wp-content\/uploads\/2025\/05\/2.png","contentUrl":"https:\/\/saudi-gift.com\/wp-content\/uploads\/2025\/05\/2.png","width":163,"height":42,"caption":"\u0645\u062a\u062c\u0631 \u0627\u0644\u0647\u062f\u064a\u0629"},"image":{"@id":"https:\/\/saudi-gift.com\/#\/schema\/logo\/image\/"},"sameAs":["https:\/\/www.facebook.com\/profile.php?id=61560277649059&mibextid=LQQJ4d","https:\/\/x.com\/saudigift_"]}]}},"jetpack-related-posts":[],"_links":{"self":[{"href":"https:\/\/saudi-gift.com\/tr\/wp-json\/wp\/v2\/product\/45898","targetHints":{"allow":["GET"]}}],"collection":[{"href":"https:\/\/saudi-gift.com\/tr\/wp-json\/wp\/v2\/product"}],"about":[{"href":"https:\/\/saudi-gift.com\/tr\/wp-json\/wp\/v2\/types\/product"}],"replies":[{"embeddable":true,"href":"https:\/\/saudi-gift.com\/tr\/wp-json\/wp\/v2\/comments?post=45898"}],"version-history":[{"count":0,"href":"https:\/\/saudi-gift.com\/tr\/wp-json\/wp\/v2\/product\/45898\/revisions"}],"wp:featuredmedia":[{"embeddable":true,"href":"https:\/\/saudi-gift.com\/tr\/wp-json\/wp\/v2\/media\/45844"}],"wp:attachment":[{"href":"https:\/\/saudi-gift.com\/tr\/wp-json\/wp\/v2\/media?parent=45898"}],"wp:term":[{"taxonomy":"product_brand","embeddable":true,"href":"https:\/\/saudi-gift.com\/tr\/wp-json\/wp\/v2\/product_brand?post=45898"},{"taxonomy":"product_cat","embeddable":true,"href":"https:\/\/saudi-gift.com\/tr\/wp-json\/wp\/v2\/product_cat?post=45898"},{"taxonomy":"product_tag","embeddable":true,"href":"https:\/\/saudi-gift.com\/tr\/wp-json\/wp\/v2\/product_tag?post=45898"}],"curies":[{"name":"wp","href":"https:\/\/api.w.org\/{rel}","templated":true}]}}