{"id":46009,"date":"2025-02-01T16:28:53","date_gmt":"2025-02-01T13:28:53","guid":{"rendered":"https:\/\/saudi-gift.com\/product\/suudi-arabistan-tasarimi-ve-dunyanin-en-kutsal-yerinin-grafiklerini-iceren-anahtarlik\/"},"modified":"2025-02-01T16:28:53","modified_gmt":"2025-02-01T13:28:53","slug":"suudi-arabistan-tasarimi-ve-dunyanin-en-kutsal-yerinin-grafiklerini-iceren-anahtarlik","status":"publish","type":"product","link":"https:\/\/saudi-gift.com\/tr\/urun\/suudi-arabistan-tasarimi-ve-dunyanin-en-kutsal-yerinin-grafiklerini-iceren-anahtarlik\/","title":{"rendered":"Suudi Arabistan tasar\u0131m\u0131 ve d\u00fcnyan\u0131n en kutsal yerinin grafiklerini i\u00e7eren anahtarl\u0131k"},"content":{"rendered":"<p>Suudi Arabistan tasar\u0131ml\u0131 anahtarl\u0131k &#8220;Mekke ve Medine d\u00fcnyan\u0131n d\u00f6rt bir yan\u0131ndaki M\u00fcsl\u00fcmanlar i\u00e7in inan\u00e7 merkezidir. Bu madalyon, bu iki kutsal yerin g\u00fczelli\u011fini ve \u00f6nemini yans\u0131tacak \u015fekilde tasarlanm\u0131\u015ft\u0131r. Ah\u015faptan b\u00fcy\u00fck bir \u00f6zen ve kaliteyle \u00fcretilen bu madalyon, sizi maneviyat ve kutsall\u0131\u011f\u0131n her k\u00f6\u015fede kendini g\u00f6sterdi\u011fi \u0130slam&#8217;\u0131n kalbine do\u011fru bir yolculu\u011fa \u00e7\u0131kar\u0131yor. \u00dcr\u00fcn \u00d6zellikleri: Manevi tasar\u0131m: Mekke ve Medine&#8217;nin g\u00fczelli\u011fini yans\u0131t\u0131r. \u0130nce i\u015f\u00e7ilik: Dayan\u0131kl\u0131l\u0131k ve g\u00fczelli\u011fi sa\u011flamak i\u00e7in y\u00fcksek kaliteli ah\u015faptan yap\u0131lm\u0131\u015ft\u0131r. Dini bir hat\u0131ra: Kutsal yerin ruhunu yakalar ve e\u015fyalar\u0131n\u0131za bir inan\u00e7 dokunu\u015fu katar. \u00c7oklu kullan\u0131m: Anahtar asmak i\u00e7in veya \u00e7anta \u00fcst\u00fc olarak kullan\u0131labilir ve sevdikleriniz i\u00e7in m\u00fckemmel bir hediye olur.&#8221;<\/p>\n","protected":false},"excerpt":{"rendered":"<p>Bu madalyon, bu iki kutsal mek\u00e2n\u0131n g\u00fczelli\u011fini ve \u00f6nemini yans\u0131tacak \u015fekilde tasarlanm\u0131\u015ft\u0131r. Ah\u015faptan b\u00fcy\u00fck bir \u00f6zen ve kaliteyle \u00fcretilen bu madalyon sizi \u0130slam&#8217;\u0131n kalbine do\u011fru bir yolculu\u011fa \u00e7\u0131kar\u0131yor   <\/p>\n","protected":false},"featured_media":46588,"comment_status":"open","ping_status":"closed","template":"","meta":[],"product_brand":[],"product_cat":[354],"product_tag":[2032],"class_list":{"0":"post-46009","1":"product","2":"type-product","3":"status-publish","4":"has-post-thumbnail","6":"product_cat-turistik-hediyelikler","7":"product_tag--tr","9":"first","10":"instock","11":"shipping-taxable","12":"purchasable","13":"product-type-simple"},"yoast_head":"<!-- This site is optimized with the Yoast SEO Premium plugin v27.2 (Yoast SEO v27.6) - https:\/\/yoast.com\/product\/yoast-seo-premium-wordpress\/ -->\n<title>Suudi Arabistan tasar\u0131m\u0131 ve d\u00fcnyan\u0131n en kutsal yerinin grafiklerini i\u00e7eren anahtarl\u0131k - \u0647\u062f\u064a\u0629 \u0633\u0639\u0648\u062f\u064a\u0629<\/title>\n<meta name=\"description\" content=\"Bu madalyon, bu iki kutsal mek\u00e2n\u0131n g\u00fczelli\u011fini ve \u00f6nemini yans\u0131tacak \u015fekilde tasarlanm\u0131\u015ft\u0131r. Ah\u015faptan b\u00fcy\u00fck bir \u00f6zen ve kaliteyle \u00fcretilen bu madalyon sizi \u0130slam&#039;\u0131n kalbine do\u011fru bir yolculu\u011fa \u00e7\u0131kar\u0131yor\" \/>\n<meta name=\"robots\" content=\"index, follow, max-snippet:-1, max-image-preview:large, max-video-preview:-1\" \/>\n<link rel=\"canonical\" href=\"https:\/\/saudi-gift.com\/tr\/product\/suudi-arabistan-tasarimi-ve-dunyanin-en-kutsal-yerinin-grafiklerini-iceren-anahtarlik\/\" \/>\n<meta property=\"og:locale\" content=\"tr_TR\" \/>\n<meta property=\"og:type\" content=\"article\" \/>\n<meta property=\"og:title\" content=\"Suudi Arabistan tasar\u0131m\u0131 ve d\u00fcnyan\u0131n en kutsal yerinin grafiklerini i\u00e7eren anahtarl\u0131k\" \/>\n<meta property=\"og:description\" content=\"Bu madalyon, bu iki kutsal mek\u00e2n\u0131n g\u00fczelli\u011fini ve \u00f6nemini yans\u0131tacak \u015fekilde tasarlanm\u0131\u015ft\u0131r. Ah\u015faptan b\u00fcy\u00fck bir \u00f6zen ve kaliteyle \u00fcretilen bu madalyon sizi \u0130slam&#039;\u0131n kalbine do\u011fru bir yolculu\u011fa \u00e7\u0131kar\u0131yor\" \/>\n<meta property=\"og:url\" content=\"https:\/\/saudi-gift.com\/tr\/product\/suudi-arabistan-tasarimi-ve-dunyanin-en-kutsal-yerinin-grafiklerini-iceren-anahtarlik\/\" \/>\n<meta property=\"og:site_name\" content=\"\u0647\u062f\u064a\u0629 \u0633\u0639\u0648\u062f\u064a\u0629\" \/>\n<meta property=\"article:publisher\" content=\"https:\/\/www.facebook.com\/profile.php?id=61560277649059&amp;mibextid=LQQJ4d\" \/>\n<meta property=\"og:image\" content=\"https:\/\/saudi-gift.com\/wp-content\/uploads\/2025\/05\/2.png\" \/>\n\t<meta property=\"og:image:width\" content=\"163\" \/>\n\t<meta property=\"og:image:height\" content=\"42\" \/>\n\t<meta property=\"og:image:type\" content=\"image\/png\" \/>\n<meta name=\"twitter:card\" content=\"summary_large_image\" \/>\n<meta name=\"twitter:site\" content=\"@saudigift_\" \/>\n<meta name=\"twitter:label1\" content=\"Tahmini okuma s\u00fcresi\" \/>\n\t<meta name=\"twitter:data1\" content=\"1 dakika\" \/>\n<script type=\"application\/ld+json\" class=\"yoast-schema-graph\">{\"@context\":\"https:\\\/\\\/schema.org\",\"@graph\":[{\"@type\":\"WebPage\",\"@id\":\"https:\\\/\\\/saudi-gift.com\\\/tr\\\/product\\\/suudi-arabistan-tasarimi-ve-dunyanin-en-kutsal-yerinin-grafiklerini-iceren-anahtarlik\\\/\",\"url\":\"https:\\\/\\\/saudi-gift.com\\\/tr\\\/product\\\/suudi-arabistan-tasarimi-ve-dunyanin-en-kutsal-yerinin-grafiklerini-iceren-anahtarlik\\\/\",\"name\":\"Suudi Arabistan tasar\u0131m\u0131 ve d\u00fcnyan\u0131n en kutsal yerinin grafiklerini i\u00e7eren anahtarl\u0131k - \u0647\u062f\u064a\u0629 \u0633\u0639\u0648\u062f\u064a\u0629\",\"isPartOf\":{\"@id\":\"https:\\\/\\\/saudi-gift.com\\\/#website\"},\"primaryImageOfPage\":{\"@id\":\"https:\\\/\\\/saudi-gift.com\\\/tr\\\/product\\\/suudi-arabistan-tasarimi-ve-dunyanin-en-kutsal-yerinin-grafiklerini-iceren-anahtarlik\\\/#primaryimage\"},\"image\":{\"@id\":\"https:\\\/\\\/saudi-gift.com\\\/tr\\\/product\\\/suudi-arabistan-tasarimi-ve-dunyanin-en-kutsal-yerinin-grafiklerini-iceren-anahtarlik\\\/#primaryimage\"},\"thumbnailUrl\":\"https:\\\/\\\/saudi-gift.com\\\/wp-content\\\/uploads\\\/2025\\\/02\\\/\u0633\u0644\u0633\u0629-\u0645\u0641\u0627\u062a\u064a\u062d-\u0628\u062a\u0635\u0645\u064a\u0645-\u0627\u0644\u0645\u0645\u0644\u0643\u0629-\u0627\u0644\u0639\u0631\u0628\u064a\u0629-\u0627\u0644\u0633\u0639\u0648\u062f\u064a\u0629-\u0648\u0631\u0633\u0648\u0645\u0627\u062a-\u0644\u0623\u0637\u0647\u0631-\u0628\u0642\u0627\u0639-\u0627\u0644\u0623\u0631\u06361.webp\",\"datePublished\":\"2025-02-01T13:28:53+00:00\",\"description\":\"Bu madalyon, bu iki kutsal mek\u00e2n\u0131n g\u00fczelli\u011fini ve \u00f6nemini yans\u0131tacak \u015fekilde tasarlanm\u0131\u015ft\u0131r. Ah\u015faptan b\u00fcy\u00fck bir \u00f6zen ve kaliteyle \u00fcretilen bu madalyon sizi \u0130slam'\u0131n kalbine do\u011fru bir yolculu\u011fa \u00e7\u0131kar\u0131yor\",\"breadcrumb\":{\"@id\":\"https:\\\/\\\/saudi-gift.com\\\/tr\\\/product\\\/suudi-arabistan-tasarimi-ve-dunyanin-en-kutsal-yerinin-grafiklerini-iceren-anahtarlik\\\/#breadcrumb\"},\"inLanguage\":\"tr\",\"potentialAction\":[{\"@type\":\"ReadAction\",\"target\":[\"https:\\\/\\\/saudi-gift.com\\\/tr\\\/product\\\/suudi-arabistan-tasarimi-ve-dunyanin-en-kutsal-yerinin-grafiklerini-iceren-anahtarlik\\\/\"]}]},{\"@type\":\"ImageObject\",\"inLanguage\":\"tr\",\"@id\":\"https:\\\/\\\/saudi-gift.com\\\/tr\\\/product\\\/suudi-arabistan-tasarimi-ve-dunyanin-en-kutsal-yerinin-grafiklerini-iceren-anahtarlik\\\/#primaryimage\",\"url\":\"https:\\\/\\\/saudi-gift.com\\\/wp-content\\\/uploads\\\/2025\\\/02\\\/\u0633\u0644\u0633\u0629-\u0645\u0641\u0627\u062a\u064a\u062d-\u0628\u062a\u0635\u0645\u064a\u0645-\u0627\u0644\u0645\u0645\u0644\u0643\u0629-\u0627\u0644\u0639\u0631\u0628\u064a\u0629-\u0627\u0644\u0633\u0639\u0648\u062f\u064a\u0629-\u0648\u0631\u0633\u0648\u0645\u0627\u062a-\u0644\u0623\u0637\u0647\u0631-\u0628\u0642\u0627\u0639-\u0627\u0644\u0623\u0631\u06361.webp\",\"contentUrl\":\"https:\\\/\\\/saudi-gift.com\\\/wp-content\\\/uploads\\\/2025\\\/02\\\/\u0633\u0644\u0633\u0629-\u0645\u0641\u0627\u062a\u064a\u062d-\u0628\u062a\u0635\u0645\u064a\u0645-\u0627\u0644\u0645\u0645\u0644\u0643\u0629-\u0627\u0644\u0639\u0631\u0628\u064a\u0629-\u0627\u0644\u0633\u0639\u0648\u062f\u064a\u0629-\u0648\u0631\u0633\u0648\u0645\u0627\u062a-\u0644\u0623\u0637\u0647\u0631-\u0628\u0642\u0627\u0639-\u0627\u0644\u0623\u0631\u06361.webp\",\"width\":600,\"height\":600},{\"@type\":\"BreadcrumbList\",\"@id\":\"https:\\\/\\\/saudi-gift.com\\\/tr\\\/product\\\/suudi-arabistan-tasarimi-ve-dunyanin-en-kutsal-yerinin-grafiklerini-iceren-anahtarlik\\\/#breadcrumb\",\"itemListElement\":[{\"@type\":\"ListItem\",\"position\":1,\"name\":\"Home\",\"item\":\"https:\\\/\\\/saudi-gift.com\\\/tr\\\/\"},{\"@type\":\"ListItem\",\"position\":2,\"name\":\"\u015eimdi Al\u0131\u015fveri\u015f Yap\u0131n\",\"item\":\"https:\\\/\\\/saudi-gift.com\\\/tr\\\/simdi-alisveris-yapin\\\/\"},{\"@type\":\"ListItem\",\"position\":3,\"name\":\"Suudi Arabistan tasar\u0131m\u0131 ve d\u00fcnyan\u0131n en kutsal yerinin grafiklerini i\u00e7eren anahtarl\u0131k\"}]},{\"@type\":\"WebSite\",\"@id\":\"https:\\\/\\\/saudi-gift.com\\\/#website\",\"url\":\"https:\\\/\\\/saudi-gift.com\\\/\",\"name\":\"\u0647\u062f\u064a\u0629 \u0633\u0639\u0648\u062f\u064a\u0629\",\"description\":\"\u0647\u062f\u064a\u0629 \u0633\u0639\u0648\u062f\u064a\u0629 \u0645\u062a\u062c\u0631 \u0627\u0644\u0643\u062a\u0631\u0648\u0646\u064a \u064a\u0642\u062f\u0645 \u0644\u0643\u0645 \u0645\u062c\u0645\u0648\u0639\u0629 \u0645\u0646 \u0627\u0644\u0647\u062f\u0627\u064a\u0627 \u0627\u0644\u062a\u064a \u062a\u062c\u0633\u062f \u0639\u0628\u0642 \u0630\u0643\u0631\u064a\u0627\u062a\u0643\u0645 \u0641\u064a \u0627\u0644\u0645\u0634\u0627\u0639\u0631 \u0627\u0644\u0645\u0642\u062f\u0633\u0629\",\"publisher\":{\"@id\":\"https:\\\/\\\/saudi-gift.com\\\/#organization\"},\"alternateName\":\"\u0647\u062f\u064a\u0629 \u0633\u0639\u0648\u062f\u064a\u0629\",\"potentialAction\":[{\"@type\":\"SearchAction\",\"target\":{\"@type\":\"EntryPoint\",\"urlTemplate\":\"https:\\\/\\\/saudi-gift.com\\\/?s={search_term_string}\"},\"query-input\":{\"@type\":\"PropertyValueSpecification\",\"valueRequired\":true,\"valueName\":\"search_term_string\"}}],\"inLanguage\":\"tr\"},{\"@type\":\"Organization\",\"@id\":\"https:\\\/\\\/saudi-gift.com\\\/#organization\",\"name\":\"\u0645\u062a\u062c\u0631 \u0627\u0644\u0647\u062f\u064a\u0629\",\"alternateName\":\"\u0647\u062f\u064a\u0629 \u0633\u0639\u0648\u062f\u064a\u0629\",\"url\":\"https:\\\/\\\/saudi-gift.com\\\/\",\"logo\":{\"@type\":\"ImageObject\",\"inLanguage\":\"tr\",\"@id\":\"https:\\\/\\\/saudi-gift.com\\\/#\\\/schema\\\/logo\\\/image\\\/\",\"url\":\"https:\\\/\\\/saudi-gift.com\\\/wp-content\\\/uploads\\\/2025\\\/05\\\/2.png\",\"contentUrl\":\"https:\\\/\\\/saudi-gift.com\\\/wp-content\\\/uploads\\\/2025\\\/05\\\/2.png\",\"width\":163,\"height\":42,\"caption\":\"\u0645\u062a\u062c\u0631 \u0627\u0644\u0647\u062f\u064a\u0629\"},\"image\":{\"@id\":\"https:\\\/\\\/saudi-gift.com\\\/#\\\/schema\\\/logo\\\/image\\\/\"},\"sameAs\":[\"https:\\\/\\\/www.facebook.com\\\/profile.php?id=61560277649059&mibextid=LQQJ4d\",\"https:\\\/\\\/x.com\\\/saudigift_\"]}]}<\/script>\n<!-- \/ Yoast SEO Premium plugin. -->","yoast_head_json":{"title":"Suudi Arabistan tasar\u0131m\u0131 ve d\u00fcnyan\u0131n en kutsal yerinin grafiklerini i\u00e7eren anahtarl\u0131k - \u0647\u062f\u064a\u0629 \u0633\u0639\u0648\u062f\u064a\u0629","description":"Bu madalyon, bu iki kutsal mek\u00e2n\u0131n g\u00fczelli\u011fini ve \u00f6nemini yans\u0131tacak \u015fekilde tasarlanm\u0131\u015ft\u0131r. Ah\u015faptan b\u00fcy\u00fck bir \u00f6zen ve kaliteyle \u00fcretilen bu madalyon sizi \u0130slam'\u0131n kalbine do\u011fru bir yolculu\u011fa \u00e7\u0131kar\u0131yor","robots":{"index":"index","follow":"follow","max-snippet":"max-snippet:-1","max-image-preview":"max-image-preview:large","max-video-preview":"max-video-preview:-1"},"canonical":"https:\/\/saudi-gift.com\/tr\/product\/suudi-arabistan-tasarimi-ve-dunyanin-en-kutsal-yerinin-grafiklerini-iceren-anahtarlik\/","og_locale":"tr_TR","og_type":"article","og_title":"Suudi Arabistan tasar\u0131m\u0131 ve d\u00fcnyan\u0131n en kutsal yerinin grafiklerini i\u00e7eren anahtarl\u0131k","og_description":"Bu madalyon, bu iki kutsal mek\u00e2n\u0131n g\u00fczelli\u011fini ve \u00f6nemini yans\u0131tacak \u015fekilde tasarlanm\u0131\u015ft\u0131r. Ah\u015faptan b\u00fcy\u00fck bir \u00f6zen ve kaliteyle \u00fcretilen bu madalyon sizi \u0130slam'\u0131n kalbine do\u011fru bir yolculu\u011fa \u00e7\u0131kar\u0131yor","og_url":"https:\/\/saudi-gift.com\/tr\/product\/suudi-arabistan-tasarimi-ve-dunyanin-en-kutsal-yerinin-grafiklerini-iceren-anahtarlik\/","og_site_name":"\u0647\u062f\u064a\u0629 \u0633\u0639\u0648\u062f\u064a\u0629","article_publisher":"https:\/\/www.facebook.com\/profile.php?id=61560277649059&mibextid=LQQJ4d","og_image":[{"width":163,"height":42,"url":"https:\/\/saudi-gift.com\/wp-content\/uploads\/2025\/05\/2.png","type":"image\/png"}],"twitter_card":"summary_large_image","twitter_site":"@saudigift_","twitter_misc":{"Tahmini okuma s\u00fcresi":"1 dakika"},"schema":{"@context":"https:\/\/schema.org","@graph":[{"@type":"WebPage","@id":"https:\/\/saudi-gift.com\/tr\/product\/suudi-arabistan-tasarimi-ve-dunyanin-en-kutsal-yerinin-grafiklerini-iceren-anahtarlik\/","url":"https:\/\/saudi-gift.com\/tr\/product\/suudi-arabistan-tasarimi-ve-dunyanin-en-kutsal-yerinin-grafiklerini-iceren-anahtarlik\/","name":"Suudi Arabistan tasar\u0131m\u0131 ve d\u00fcnyan\u0131n en kutsal yerinin grafiklerini i\u00e7eren anahtarl\u0131k - \u0647\u062f\u064a\u0629 \u0633\u0639\u0648\u062f\u064a\u0629","isPartOf":{"@id":"https:\/\/saudi-gift.com\/#website"},"primaryImageOfPage":{"@id":"https:\/\/saudi-gift.com\/tr\/product\/suudi-arabistan-tasarimi-ve-dunyanin-en-kutsal-yerinin-grafiklerini-iceren-anahtarlik\/#primaryimage"},"image":{"@id":"https:\/\/saudi-gift.com\/tr\/product\/suudi-arabistan-tasarimi-ve-dunyanin-en-kutsal-yerinin-grafiklerini-iceren-anahtarlik\/#primaryimage"},"thumbnailUrl":"https:\/\/saudi-gift.com\/wp-content\/uploads\/2025\/02\/\u0633\u0644\u0633\u0629-\u0645\u0641\u0627\u062a\u064a\u062d-\u0628\u062a\u0635\u0645\u064a\u0645-\u0627\u0644\u0645\u0645\u0644\u0643\u0629-\u0627\u0644\u0639\u0631\u0628\u064a\u0629-\u0627\u0644\u0633\u0639\u0648\u062f\u064a\u0629-\u0648\u0631\u0633\u0648\u0645\u0627\u062a-\u0644\u0623\u0637\u0647\u0631-\u0628\u0642\u0627\u0639-\u0627\u0644\u0623\u0631\u06361.webp","datePublished":"2025-02-01T13:28:53+00:00","description":"Bu madalyon, bu iki kutsal mek\u00e2n\u0131n g\u00fczelli\u011fini ve \u00f6nemini yans\u0131tacak \u015fekilde tasarlanm\u0131\u015ft\u0131r. Ah\u015faptan b\u00fcy\u00fck bir \u00f6zen ve kaliteyle \u00fcretilen bu madalyon sizi \u0130slam'\u0131n kalbine do\u011fru bir yolculu\u011fa \u00e7\u0131kar\u0131yor","breadcrumb":{"@id":"https:\/\/saudi-gift.com\/tr\/product\/suudi-arabistan-tasarimi-ve-dunyanin-en-kutsal-yerinin-grafiklerini-iceren-anahtarlik\/#breadcrumb"},"inLanguage":"tr","potentialAction":[{"@type":"ReadAction","target":["https:\/\/saudi-gift.com\/tr\/product\/suudi-arabistan-tasarimi-ve-dunyanin-en-kutsal-yerinin-grafiklerini-iceren-anahtarlik\/"]}]},{"@type":"ImageObject","inLanguage":"tr","@id":"https:\/\/saudi-gift.com\/tr\/product\/suudi-arabistan-tasarimi-ve-dunyanin-en-kutsal-yerinin-grafiklerini-iceren-anahtarlik\/#primaryimage","url":"https:\/\/saudi-gift.com\/wp-content\/uploads\/2025\/02\/\u0633\u0644\u0633\u0629-\u0645\u0641\u0627\u062a\u064a\u062d-\u0628\u062a\u0635\u0645\u064a\u0645-\u0627\u0644\u0645\u0645\u0644\u0643\u0629-\u0627\u0644\u0639\u0631\u0628\u064a\u0629-\u0627\u0644\u0633\u0639\u0648\u062f\u064a\u0629-\u0648\u0631\u0633\u0648\u0645\u0627\u062a-\u0644\u0623\u0637\u0647\u0631-\u0628\u0642\u0627\u0639-\u0627\u0644\u0623\u0631\u06361.webp","contentUrl":"https:\/\/saudi-gift.com\/wp-content\/uploads\/2025\/02\/\u0633\u0644\u0633\u0629-\u0645\u0641\u0627\u062a\u064a\u062d-\u0628\u062a\u0635\u0645\u064a\u0645-\u0627\u0644\u0645\u0645\u0644\u0643\u0629-\u0627\u0644\u0639\u0631\u0628\u064a\u0629-\u0627\u0644\u0633\u0639\u0648\u062f\u064a\u0629-\u0648\u0631\u0633\u0648\u0645\u0627\u062a-\u0644\u0623\u0637\u0647\u0631-\u0628\u0642\u0627\u0639-\u0627\u0644\u0623\u0631\u06361.webp","width":600,"height":600},{"@type":"BreadcrumbList","@id":"https:\/\/saudi-gift.com\/tr\/product\/suudi-arabistan-tasarimi-ve-dunyanin-en-kutsal-yerinin-grafiklerini-iceren-anahtarlik\/#breadcrumb","itemListElement":[{"@type":"ListItem","position":1,"name":"Home","item":"https:\/\/saudi-gift.com\/tr\/"},{"@type":"ListItem","position":2,"name":"\u015eimdi Al\u0131\u015fveri\u015f Yap\u0131n","item":"https:\/\/saudi-gift.com\/tr\/simdi-alisveris-yapin\/"},{"@type":"ListItem","position":3,"name":"Suudi Arabistan tasar\u0131m\u0131 ve d\u00fcnyan\u0131n en kutsal yerinin grafiklerini i\u00e7eren anahtarl\u0131k"}]},{"@type":"WebSite","@id":"https:\/\/saudi-gift.com\/#website","url":"https:\/\/saudi-gift.com\/","name":"\u0647\u062f\u064a\u0629 \u0633\u0639\u0648\u062f\u064a\u0629","description":"\u0647\u062f\u064a\u0629 \u0633\u0639\u0648\u062f\u064a\u0629 \u0645\u062a\u062c\u0631 \u0627\u0644\u0643\u062a\u0631\u0648\u0646\u064a \u064a\u0642\u062f\u0645 \u0644\u0643\u0645 \u0645\u062c\u0645\u0648\u0639\u0629 \u0645\u0646 \u0627\u0644\u0647\u062f\u0627\u064a\u0627 \u0627\u0644\u062a\u064a \u062a\u062c\u0633\u062f \u0639\u0628\u0642 \u0630\u0643\u0631\u064a\u0627\u062a\u0643\u0645 \u0641\u064a \u0627\u0644\u0645\u0634\u0627\u0639\u0631 \u0627\u0644\u0645\u0642\u062f\u0633\u0629","publisher":{"@id":"https:\/\/saudi-gift.com\/#organization"},"alternateName":"\u0647\u062f\u064a\u0629 \u0633\u0639\u0648\u062f\u064a\u0629","potentialAction":[{"@type":"SearchAction","target":{"@type":"EntryPoint","urlTemplate":"https:\/\/saudi-gift.com\/?s={search_term_string}"},"query-input":{"@type":"PropertyValueSpecification","valueRequired":true,"valueName":"search_term_string"}}],"inLanguage":"tr"},{"@type":"Organization","@id":"https:\/\/saudi-gift.com\/#organization","name":"\u0645\u062a\u062c\u0631 \u0627\u0644\u0647\u062f\u064a\u0629","alternateName":"\u0647\u062f\u064a\u0629 \u0633\u0639\u0648\u062f\u064a\u0629","url":"https:\/\/saudi-gift.com\/","logo":{"@type":"ImageObject","inLanguage":"tr","@id":"https:\/\/saudi-gift.com\/#\/schema\/logo\/image\/","url":"https:\/\/saudi-gift.com\/wp-content\/uploads\/2025\/05\/2.png","contentUrl":"https:\/\/saudi-gift.com\/wp-content\/uploads\/2025\/05\/2.png","width":163,"height":42,"caption":"\u0645\u062a\u062c\u0631 \u0627\u0644\u0647\u062f\u064a\u0629"},"image":{"@id":"https:\/\/saudi-gift.com\/#\/schema\/logo\/image\/"},"sameAs":["https:\/\/www.facebook.com\/profile.php?id=61560277649059&mibextid=LQQJ4d","https:\/\/x.com\/saudigift_"]}]}},"jetpack-related-posts":[],"_links":{"self":[{"href":"https:\/\/saudi-gift.com\/tr\/wp-json\/wp\/v2\/product\/46009","targetHints":{"allow":["GET"]}}],"collection":[{"href":"https:\/\/saudi-gift.com\/tr\/wp-json\/wp\/v2\/product"}],"about":[{"href":"https:\/\/saudi-gift.com\/tr\/wp-json\/wp\/v2\/types\/product"}],"replies":[{"embeddable":true,"href":"https:\/\/saudi-gift.com\/tr\/wp-json\/wp\/v2\/comments?post=46009"}],"version-history":[{"count":0,"href":"https:\/\/saudi-gift.com\/tr\/wp-json\/wp\/v2\/product\/46009\/revisions"}],"wp:featuredmedia":[{"embeddable":true,"href":"https:\/\/saudi-gift.com\/tr\/wp-json\/wp\/v2\/media\/46588"}],"wp:attachment":[{"href":"https:\/\/saudi-gift.com\/tr\/wp-json\/wp\/v2\/media?parent=46009"}],"wp:term":[{"taxonomy":"product_brand","embeddable":true,"href":"https:\/\/saudi-gift.com\/tr\/wp-json\/wp\/v2\/product_brand?post=46009"},{"taxonomy":"product_cat","embeddable":true,"href":"https:\/\/saudi-gift.com\/tr\/wp-json\/wp\/v2\/product_cat?post=46009"},{"taxonomy":"product_tag","embeddable":true,"href":"https:\/\/saudi-gift.com\/tr\/wp-json\/wp\/v2\/product_tag?post=46009"}],"curies":[{"name":"wp","href":"https:\/\/api.w.org\/{rel}","templated":true}]}}