{"id":46015,"date":"2025-02-01T15:56:45","date_gmt":"2025-02-01T12:56:45","guid":{"rendered":"https:\/\/saudi-gift.com\/product\/altin-kumlar-ve-bir-col-gemisi-ile-suslenmis-krallik-haritasina-sahip-bir-anahtarlik\/"},"modified":"2025-02-06T12:55:21","modified_gmt":"2025-02-06T09:55:21","slug":"altin-kumlar-ve-bir-col-gemisi-ile-suslenmis-krallik-haritasina-sahip-bir-anahtarlik","status":"publish","type":"product","link":"https:\/\/saudi-gift.com\/tr\/urun\/altin-kumlar-ve-bir-col-gemisi-ile-suslenmis-krallik-haritasina-sahip-bir-anahtarlik\/","title":{"rendered":"Alt\u0131n kumlar ve bir \u00e7\u00f6l gemisi ile s\u00fcslenmi\u015f Krall\u0131k haritas\u0131na sahip bir anahtarl\u0131k"},"content":{"rendered":"<p>Krall\u0131k Haritas\u0131 Tasar\u0131ml\u0131 Anahtarl\u0131k<\/p>\n<p>&#8220;Suudi Arabistan, do\u011fal hazineleri ve antik tarihiyle t\u00fckenmez bir ilham kayna\u011f\u0131d\u0131r. Bu madalyon, alt\u0131n kumlar\u0131n ve Suudi Arabistan&#8217;\u0131n g\u00f6\u00e7ebe ruhunu temsil eden \u00e7\u00f6l arac\u0131 devenin g\u00fczelli\u011fini yans\u0131tacak \u015fekilde tasarlanm\u0131\u015ft\u0131r.   Ah\u015faptan b\u00fcy\u00fck bir \u00f6zen ve kaliteyle \u00fcretilen bu madalyon, sizi kum tepelerinin alt\u0131n renklerle parlad\u0131\u011f\u0131 ve develerin en g\u00fczel halleriyle boy g\u00f6sterdi\u011fi \u00e7\u00f6l\u00fcn kalbine do\u011fru bir yolculu\u011fa \u00e7\u0131kar\u0131yor.  <\/p>\n<p>\u00dcr\u00fcn \u00f6zellikleri:<\/p>\n<p>E\u015fsiz bir tasar\u0131m: Alt\u0131n kumlar\u0131n ve develerin g\u00fczelli\u011fini yans\u0131t\u0131r.<br \/>\n\u0130yi yap\u0131lm\u0131\u015f: Dayan\u0131kl\u0131l\u0131k ve g\u00fczellik sa\u011flamak i\u00e7in y\u00fcksek kaliteli ah\u015faptan yap\u0131lm\u0131\u015ft\u0131r.<br \/>\nHarika bir hat\u0131ra e\u015fyas\u0131: Mekan\u0131n ruhunu yakalar ve koleksiyonlar\u0131n\u0131za \u00f6zg\u00fcn bir dokunu\u015f katar.<br \/>\n\u00c7oklu kullan\u0131m: Anahtarlar\u0131 asmak veya \u00e7anta \u00fcst\u00fc olarak kullan\u0131labilir ve sevdikleriniz i\u00e7in m\u00fckemmel bir hediye olur.&#8221;  <\/p>\n","protected":false},"excerpt":{"rendered":"<p><strong>Bu madalyon, alt\u0131n kumlar\u0131n ve Suudi Arabistan&#8217;\u0131n g\u00f6\u00e7ebe ruhunu temsil eden \u00e7\u00f6l arac\u0131 devenin g\u00fczelli\u011fini yans\u0131tacak \u015fekilde tasarlanm\u0131\u015ft\u0131r. <\/strong><\/p>\n","protected":false},"featured_media":45734,"comment_status":"open","ping_status":"closed","template":"","meta":[],"product_brand":[],"product_cat":[354],"product_tag":[1895],"class_list":{"0":"post-46015","1":"product","2":"type-product","3":"status-publish","4":"has-post-thumbnail","6":"product_cat-turistik-hediyelikler","7":"product_tag--tr","9":"first","10":"instock","11":"shipping-taxable","12":"purchasable","13":"product-type-simple"},"yoast_head":"<!-- This site is optimized with the Yoast SEO Premium plugin v27.2 (Yoast SEO v27.6) - https:\/\/yoast.com\/product\/yoast-seo-premium-wordpress\/ -->\n<title>Alt\u0131n kumlar ve bir \u00e7\u00f6l gemisi ile s\u00fcslenmi\u015f Krall\u0131k haritas\u0131na sahip bir anahtarl\u0131k - \u0647\u062f\u064a\u0629 \u0633\u0639\u0648\u062f\u064a\u0629<\/title>\n<meta name=\"description\" content=\"Bu madalyon, alt\u0131n kumlar\u0131n ve Suudi Arabistan&#039;\u0131n g\u00f6\u00e7ebe ruhunu temsil eden \u00e7\u00f6l arac\u0131 devenin g\u00fczelli\u011fini yans\u0131tacak \u015fekilde tasarlanm\u0131\u015ft\u0131r. Ah\u015faptan b\u00fcy\u00fck bir \u00f6zen ve kaliteyle \u00fcretilen bu madalyon, sizi kum tepelerinin alt\u0131n renklerle parlad\u0131\u011f\u0131 ve develerin en g\u00fczel halleriyle boy g\u00f6sterdi\u011fi \u00e7\u00f6l\u00fcn kalbine do\u011fru bir yolculu\u011fa \u00e7\u0131kar\u0131yor.\" \/>\n<meta name=\"robots\" content=\"index, follow, max-snippet:-1, max-image-preview:large, max-video-preview:-1\" \/>\n<link rel=\"canonical\" href=\"https:\/\/saudi-gift.com\/tr\/product\/altin-kumlar-ve-bir-col-gemisi-ile-suslenmis-krallik-haritasina-sahip-bir-anahtarlik\/\" \/>\n<meta property=\"og:locale\" content=\"tr_TR\" \/>\n<meta property=\"og:type\" content=\"article\" \/>\n<meta property=\"og:title\" content=\"Alt\u0131n kumlar ve bir \u00e7\u00f6l gemisi ile s\u00fcslenmi\u015f Krall\u0131k haritas\u0131na sahip bir anahtarl\u0131k\" \/>\n<meta property=\"og:description\" content=\"Bu madalyon, alt\u0131n kumlar\u0131n ve Suudi Arabistan&#039;\u0131n g\u00f6\u00e7ebe ruhunu temsil eden \u00e7\u00f6l arac\u0131 devenin g\u00fczelli\u011fini yans\u0131tacak \u015fekilde tasarlanm\u0131\u015ft\u0131r. Ah\u015faptan b\u00fcy\u00fck bir \u00f6zen ve kaliteyle \u00fcretilen bu madalyon, sizi kum tepelerinin alt\u0131n renklerle parlad\u0131\u011f\u0131 ve develerin en g\u00fczel halleriyle boy g\u00f6sterdi\u011fi \u00e7\u00f6l\u00fcn kalbine do\u011fru bir yolculu\u011fa \u00e7\u0131kar\u0131yor.\" \/>\n<meta property=\"og:url\" content=\"https:\/\/saudi-gift.com\/tr\/product\/altin-kumlar-ve-bir-col-gemisi-ile-suslenmis-krallik-haritasina-sahip-bir-anahtarlik\/\" \/>\n<meta property=\"og:site_name\" content=\"\u0647\u062f\u064a\u0629 \u0633\u0639\u0648\u062f\u064a\u0629\" \/>\n<meta property=\"article:publisher\" content=\"https:\/\/www.facebook.com\/profile.php?id=61560277649059&amp;mibextid=LQQJ4d\" \/>\n<meta property=\"article:modified_time\" content=\"2025-02-06T09:55:21+00:00\" \/>\n<meta property=\"og:image\" content=\"https:\/\/saudi-gift.com\/wp-content\/uploads\/2025\/02\/\u0633\u0644\u0633\u0629-\u0645\u0641\u0627\u062a\u064a\u062d-\u0628\u062a\u0635\u0645\u064a\u0645-\u062e\u0627\u0631\u0637\u0629-\u0627\u0644\u0645\u0645\u0644\u0643\u0629-\u0645\u0632\u064a\u0646\u0629-\u0628\u0627\u0644\u0631\u0645\u0627\u0644-\u0627\u0644\u0630\u0647\u0628\u064a\u0629-\u0648\u0633\u0641\u064a\u0646\u0629-\u0627\u0644\u0635\u062d\u0631\u0627\u0621.webp\" \/>\n\t<meta property=\"og:image:width\" content=\"600\" \/>\n\t<meta property=\"og:image:height\" content=\"600\" \/>\n\t<meta property=\"og:image:type\" content=\"image\/webp\" \/>\n<meta name=\"twitter:card\" content=\"summary_large_image\" \/>\n<meta name=\"twitter:site\" content=\"@saudigift_\" \/>\n<meta name=\"twitter:label1\" content=\"Tahmini okuma s\u00fcresi\" \/>\n\t<meta name=\"twitter:data1\" content=\"1 dakika\" \/>\n<script type=\"application\/ld+json\" class=\"yoast-schema-graph\">{\"@context\":\"https:\\\/\\\/schema.org\",\"@graph\":[{\"@type\":\"WebPage\",\"@id\":\"https:\\\/\\\/saudi-gift.com\\\/tr\\\/product\\\/altin-kumlar-ve-bir-col-gemisi-ile-suslenmis-krallik-haritasina-sahip-bir-anahtarlik\\\/\",\"url\":\"https:\\\/\\\/saudi-gift.com\\\/tr\\\/product\\\/altin-kumlar-ve-bir-col-gemisi-ile-suslenmis-krallik-haritasina-sahip-bir-anahtarlik\\\/\",\"name\":\"Alt\u0131n kumlar ve bir \u00e7\u00f6l gemisi ile s\u00fcslenmi\u015f Krall\u0131k haritas\u0131na sahip bir anahtarl\u0131k - \u0647\u062f\u064a\u0629 \u0633\u0639\u0648\u062f\u064a\u0629\",\"isPartOf\":{\"@id\":\"https:\\\/\\\/saudi-gift.com\\\/#website\"},\"primaryImageOfPage\":{\"@id\":\"https:\\\/\\\/saudi-gift.com\\\/tr\\\/product\\\/altin-kumlar-ve-bir-col-gemisi-ile-suslenmis-krallik-haritasina-sahip-bir-anahtarlik\\\/#primaryimage\"},\"image\":{\"@id\":\"https:\\\/\\\/saudi-gift.com\\\/tr\\\/product\\\/altin-kumlar-ve-bir-col-gemisi-ile-suslenmis-krallik-haritasina-sahip-bir-anahtarlik\\\/#primaryimage\"},\"thumbnailUrl\":\"https:\\\/\\\/saudi-gift.com\\\/wp-content\\\/uploads\\\/2025\\\/02\\\/\u0633\u0644\u0633\u0629-\u0645\u0641\u0627\u062a\u064a\u062d-\u0628\u062a\u0635\u0645\u064a\u0645-\u062e\u0627\u0631\u0637\u0629-\u0627\u0644\u0645\u0645\u0644\u0643\u0629-\u0645\u0632\u064a\u0646\u0629-\u0628\u0627\u0644\u0631\u0645\u0627\u0644-\u0627\u0644\u0630\u0647\u0628\u064a\u0629-\u0648\u0633\u0641\u064a\u0646\u0629-\u0627\u0644\u0635\u062d\u0631\u0627\u0621.webp\",\"datePublished\":\"2025-02-01T12:56:45+00:00\",\"dateModified\":\"2025-02-06T09:55:21+00:00\",\"description\":\"Bu madalyon, alt\u0131n kumlar\u0131n ve Suudi Arabistan'\u0131n g\u00f6\u00e7ebe ruhunu temsil eden \u00e7\u00f6l arac\u0131 devenin g\u00fczelli\u011fini yans\u0131tacak \u015fekilde tasarlanm\u0131\u015ft\u0131r. Ah\u015faptan b\u00fcy\u00fck bir \u00f6zen ve kaliteyle \u00fcretilen bu madalyon, sizi kum tepelerinin alt\u0131n renklerle parlad\u0131\u011f\u0131 ve develerin en g\u00fczel halleriyle boy g\u00f6sterdi\u011fi \u00e7\u00f6l\u00fcn kalbine do\u011fru bir yolculu\u011fa \u00e7\u0131kar\u0131yor.\",\"breadcrumb\":{\"@id\":\"https:\\\/\\\/saudi-gift.com\\\/tr\\\/product\\\/altin-kumlar-ve-bir-col-gemisi-ile-suslenmis-krallik-haritasina-sahip-bir-anahtarlik\\\/#breadcrumb\"},\"inLanguage\":\"tr\",\"potentialAction\":[{\"@type\":\"ReadAction\",\"target\":[\"https:\\\/\\\/saudi-gift.com\\\/tr\\\/product\\\/altin-kumlar-ve-bir-col-gemisi-ile-suslenmis-krallik-haritasina-sahip-bir-anahtarlik\\\/\"]}]},{\"@type\":\"ImageObject\",\"inLanguage\":\"tr\",\"@id\":\"https:\\\/\\\/saudi-gift.com\\\/tr\\\/product\\\/altin-kumlar-ve-bir-col-gemisi-ile-suslenmis-krallik-haritasina-sahip-bir-anahtarlik\\\/#primaryimage\",\"url\":\"https:\\\/\\\/saudi-gift.com\\\/wp-content\\\/uploads\\\/2025\\\/02\\\/\u0633\u0644\u0633\u0629-\u0645\u0641\u0627\u062a\u064a\u062d-\u0628\u062a\u0635\u0645\u064a\u0645-\u062e\u0627\u0631\u0637\u0629-\u0627\u0644\u0645\u0645\u0644\u0643\u0629-\u0645\u0632\u064a\u0646\u0629-\u0628\u0627\u0644\u0631\u0645\u0627\u0644-\u0627\u0644\u0630\u0647\u0628\u064a\u0629-\u0648\u0633\u0641\u064a\u0646\u0629-\u0627\u0644\u0635\u062d\u0631\u0627\u0621.webp\",\"contentUrl\":\"https:\\\/\\\/saudi-gift.com\\\/wp-content\\\/uploads\\\/2025\\\/02\\\/\u0633\u0644\u0633\u0629-\u0645\u0641\u0627\u062a\u064a\u062d-\u0628\u062a\u0635\u0645\u064a\u0645-\u062e\u0627\u0631\u0637\u0629-\u0627\u0644\u0645\u0645\u0644\u0643\u0629-\u0645\u0632\u064a\u0646\u0629-\u0628\u0627\u0644\u0631\u0645\u0627\u0644-\u0627\u0644\u0630\u0647\u0628\u064a\u0629-\u0648\u0633\u0641\u064a\u0646\u0629-\u0627\u0644\u0635\u062d\u0631\u0627\u0621.webp\",\"width\":600,\"height\":600},{\"@type\":\"BreadcrumbList\",\"@id\":\"https:\\\/\\\/saudi-gift.com\\\/tr\\\/product\\\/altin-kumlar-ve-bir-col-gemisi-ile-suslenmis-krallik-haritasina-sahip-bir-anahtarlik\\\/#breadcrumb\",\"itemListElement\":[{\"@type\":\"ListItem\",\"position\":1,\"name\":\"Home\",\"item\":\"https:\\\/\\\/saudi-gift.com\\\/tr\\\/\"},{\"@type\":\"ListItem\",\"position\":2,\"name\":\"\u015eimdi Al\u0131\u015fveri\u015f Yap\u0131n\",\"item\":\"https:\\\/\\\/saudi-gift.com\\\/tr\\\/simdi-alisveris-yapin\\\/\"},{\"@type\":\"ListItem\",\"position\":3,\"name\":\"Alt\u0131n kumlar ve bir \u00e7\u00f6l gemisi ile s\u00fcslenmi\u015f Krall\u0131k haritas\u0131na sahip bir anahtarl\u0131k\"}]},{\"@type\":\"WebSite\",\"@id\":\"https:\\\/\\\/saudi-gift.com\\\/#website\",\"url\":\"https:\\\/\\\/saudi-gift.com\\\/\",\"name\":\"\u0647\u062f\u064a\u0629 \u0633\u0639\u0648\u062f\u064a\u0629\",\"description\":\"\u0647\u062f\u064a\u0629 \u0633\u0639\u0648\u062f\u064a\u0629 \u0645\u062a\u062c\u0631 \u0627\u0644\u0643\u062a\u0631\u0648\u0646\u064a \u064a\u0642\u062f\u0645 \u0644\u0643\u0645 \u0645\u062c\u0645\u0648\u0639\u0629 \u0645\u0646 \u0627\u0644\u0647\u062f\u0627\u064a\u0627 \u0627\u0644\u062a\u064a \u062a\u062c\u0633\u062f \u0639\u0628\u0642 \u0630\u0643\u0631\u064a\u0627\u062a\u0643\u0645 \u0641\u064a \u0627\u0644\u0645\u0634\u0627\u0639\u0631 \u0627\u0644\u0645\u0642\u062f\u0633\u0629\",\"publisher\":{\"@id\":\"https:\\\/\\\/saudi-gift.com\\\/#organization\"},\"alternateName\":\"\u0647\u062f\u064a\u0629 \u0633\u0639\u0648\u062f\u064a\u0629\",\"potentialAction\":[{\"@type\":\"SearchAction\",\"target\":{\"@type\":\"EntryPoint\",\"urlTemplate\":\"https:\\\/\\\/saudi-gift.com\\\/?s={search_term_string}\"},\"query-input\":{\"@type\":\"PropertyValueSpecification\",\"valueRequired\":true,\"valueName\":\"search_term_string\"}}],\"inLanguage\":\"tr\"},{\"@type\":\"Organization\",\"@id\":\"https:\\\/\\\/saudi-gift.com\\\/#organization\",\"name\":\"\u0645\u062a\u062c\u0631 \u0627\u0644\u0647\u062f\u064a\u0629\",\"alternateName\":\"\u0647\u062f\u064a\u0629 \u0633\u0639\u0648\u062f\u064a\u0629\",\"url\":\"https:\\\/\\\/saudi-gift.com\\\/\",\"logo\":{\"@type\":\"ImageObject\",\"inLanguage\":\"tr\",\"@id\":\"https:\\\/\\\/saudi-gift.com\\\/#\\\/schema\\\/logo\\\/image\\\/\",\"url\":\"https:\\\/\\\/saudi-gift.com\\\/wp-content\\\/uploads\\\/2025\\\/05\\\/2.png\",\"contentUrl\":\"https:\\\/\\\/saudi-gift.com\\\/wp-content\\\/uploads\\\/2025\\\/05\\\/2.png\",\"width\":163,\"height\":42,\"caption\":\"\u0645\u062a\u062c\u0631 \u0627\u0644\u0647\u062f\u064a\u0629\"},\"image\":{\"@id\":\"https:\\\/\\\/saudi-gift.com\\\/#\\\/schema\\\/logo\\\/image\\\/\"},\"sameAs\":[\"https:\\\/\\\/www.facebook.com\\\/profile.php?id=61560277649059&mibextid=LQQJ4d\",\"https:\\\/\\\/x.com\\\/saudigift_\"]}]}<\/script>\n<!-- \/ Yoast SEO Premium plugin. -->","yoast_head_json":{"title":"Alt\u0131n kumlar ve bir \u00e7\u00f6l gemisi ile s\u00fcslenmi\u015f Krall\u0131k haritas\u0131na sahip bir anahtarl\u0131k - \u0647\u062f\u064a\u0629 \u0633\u0639\u0648\u062f\u064a\u0629","description":"Bu madalyon, alt\u0131n kumlar\u0131n ve Suudi Arabistan'\u0131n g\u00f6\u00e7ebe ruhunu temsil eden \u00e7\u00f6l arac\u0131 devenin g\u00fczelli\u011fini yans\u0131tacak \u015fekilde tasarlanm\u0131\u015ft\u0131r. Ah\u015faptan b\u00fcy\u00fck bir \u00f6zen ve kaliteyle \u00fcretilen bu madalyon, sizi kum tepelerinin alt\u0131n renklerle parlad\u0131\u011f\u0131 ve develerin en g\u00fczel halleriyle boy g\u00f6sterdi\u011fi \u00e7\u00f6l\u00fcn kalbine do\u011fru bir yolculu\u011fa \u00e7\u0131kar\u0131yor.","robots":{"index":"index","follow":"follow","max-snippet":"max-snippet:-1","max-image-preview":"max-image-preview:large","max-video-preview":"max-video-preview:-1"},"canonical":"https:\/\/saudi-gift.com\/tr\/product\/altin-kumlar-ve-bir-col-gemisi-ile-suslenmis-krallik-haritasina-sahip-bir-anahtarlik\/","og_locale":"tr_TR","og_type":"article","og_title":"Alt\u0131n kumlar ve bir \u00e7\u00f6l gemisi ile s\u00fcslenmi\u015f Krall\u0131k haritas\u0131na sahip bir anahtarl\u0131k","og_description":"Bu madalyon, alt\u0131n kumlar\u0131n ve Suudi Arabistan'\u0131n g\u00f6\u00e7ebe ruhunu temsil eden \u00e7\u00f6l arac\u0131 devenin g\u00fczelli\u011fini yans\u0131tacak \u015fekilde tasarlanm\u0131\u015ft\u0131r. Ah\u015faptan b\u00fcy\u00fck bir \u00f6zen ve kaliteyle \u00fcretilen bu madalyon, sizi kum tepelerinin alt\u0131n renklerle parlad\u0131\u011f\u0131 ve develerin en g\u00fczel halleriyle boy g\u00f6sterdi\u011fi \u00e7\u00f6l\u00fcn kalbine do\u011fru bir yolculu\u011fa \u00e7\u0131kar\u0131yor.","og_url":"https:\/\/saudi-gift.com\/tr\/product\/altin-kumlar-ve-bir-col-gemisi-ile-suslenmis-krallik-haritasina-sahip-bir-anahtarlik\/","og_site_name":"\u0647\u062f\u064a\u0629 \u0633\u0639\u0648\u062f\u064a\u0629","article_publisher":"https:\/\/www.facebook.com\/profile.php?id=61560277649059&mibextid=LQQJ4d","article_modified_time":"2025-02-06T09:55:21+00:00","og_image":[{"width":600,"height":600,"url":"https:\/\/saudi-gift.com\/wp-content\/uploads\/2025\/02\/\u0633\u0644\u0633\u0629-\u0645\u0641\u0627\u062a\u064a\u062d-\u0628\u062a\u0635\u0645\u064a\u0645-\u062e\u0627\u0631\u0637\u0629-\u0627\u0644\u0645\u0645\u0644\u0643\u0629-\u0645\u0632\u064a\u0646\u0629-\u0628\u0627\u0644\u0631\u0645\u0627\u0644-\u0627\u0644\u0630\u0647\u0628\u064a\u0629-\u0648\u0633\u0641\u064a\u0646\u0629-\u0627\u0644\u0635\u062d\u0631\u0627\u0621.webp","type":"image\/webp"}],"twitter_card":"summary_large_image","twitter_site":"@saudigift_","twitter_misc":{"Tahmini okuma s\u00fcresi":"1 dakika"},"schema":{"@context":"https:\/\/schema.org","@graph":[{"@type":"WebPage","@id":"https:\/\/saudi-gift.com\/tr\/product\/altin-kumlar-ve-bir-col-gemisi-ile-suslenmis-krallik-haritasina-sahip-bir-anahtarlik\/","url":"https:\/\/saudi-gift.com\/tr\/product\/altin-kumlar-ve-bir-col-gemisi-ile-suslenmis-krallik-haritasina-sahip-bir-anahtarlik\/","name":"Alt\u0131n kumlar ve bir \u00e7\u00f6l gemisi ile s\u00fcslenmi\u015f Krall\u0131k haritas\u0131na sahip bir anahtarl\u0131k - \u0647\u062f\u064a\u0629 \u0633\u0639\u0648\u062f\u064a\u0629","isPartOf":{"@id":"https:\/\/saudi-gift.com\/#website"},"primaryImageOfPage":{"@id":"https:\/\/saudi-gift.com\/tr\/product\/altin-kumlar-ve-bir-col-gemisi-ile-suslenmis-krallik-haritasina-sahip-bir-anahtarlik\/#primaryimage"},"image":{"@id":"https:\/\/saudi-gift.com\/tr\/product\/altin-kumlar-ve-bir-col-gemisi-ile-suslenmis-krallik-haritasina-sahip-bir-anahtarlik\/#primaryimage"},"thumbnailUrl":"https:\/\/saudi-gift.com\/wp-content\/uploads\/2025\/02\/\u0633\u0644\u0633\u0629-\u0645\u0641\u0627\u062a\u064a\u062d-\u0628\u062a\u0635\u0645\u064a\u0645-\u062e\u0627\u0631\u0637\u0629-\u0627\u0644\u0645\u0645\u0644\u0643\u0629-\u0645\u0632\u064a\u0646\u0629-\u0628\u0627\u0644\u0631\u0645\u0627\u0644-\u0627\u0644\u0630\u0647\u0628\u064a\u0629-\u0648\u0633\u0641\u064a\u0646\u0629-\u0627\u0644\u0635\u062d\u0631\u0627\u0621.webp","datePublished":"2025-02-01T12:56:45+00:00","dateModified":"2025-02-06T09:55:21+00:00","description":"Bu madalyon, alt\u0131n kumlar\u0131n ve Suudi Arabistan'\u0131n g\u00f6\u00e7ebe ruhunu temsil eden \u00e7\u00f6l arac\u0131 devenin g\u00fczelli\u011fini yans\u0131tacak \u015fekilde tasarlanm\u0131\u015ft\u0131r. Ah\u015faptan b\u00fcy\u00fck bir \u00f6zen ve kaliteyle \u00fcretilen bu madalyon, sizi kum tepelerinin alt\u0131n renklerle parlad\u0131\u011f\u0131 ve develerin en g\u00fczel halleriyle boy g\u00f6sterdi\u011fi \u00e7\u00f6l\u00fcn kalbine do\u011fru bir yolculu\u011fa \u00e7\u0131kar\u0131yor.","breadcrumb":{"@id":"https:\/\/saudi-gift.com\/tr\/product\/altin-kumlar-ve-bir-col-gemisi-ile-suslenmis-krallik-haritasina-sahip-bir-anahtarlik\/#breadcrumb"},"inLanguage":"tr","potentialAction":[{"@type":"ReadAction","target":["https:\/\/saudi-gift.com\/tr\/product\/altin-kumlar-ve-bir-col-gemisi-ile-suslenmis-krallik-haritasina-sahip-bir-anahtarlik\/"]}]},{"@type":"ImageObject","inLanguage":"tr","@id":"https:\/\/saudi-gift.com\/tr\/product\/altin-kumlar-ve-bir-col-gemisi-ile-suslenmis-krallik-haritasina-sahip-bir-anahtarlik\/#primaryimage","url":"https:\/\/saudi-gift.com\/wp-content\/uploads\/2025\/02\/\u0633\u0644\u0633\u0629-\u0645\u0641\u0627\u062a\u064a\u062d-\u0628\u062a\u0635\u0645\u064a\u0645-\u062e\u0627\u0631\u0637\u0629-\u0627\u0644\u0645\u0645\u0644\u0643\u0629-\u0645\u0632\u064a\u0646\u0629-\u0628\u0627\u0644\u0631\u0645\u0627\u0644-\u0627\u0644\u0630\u0647\u0628\u064a\u0629-\u0648\u0633\u0641\u064a\u0646\u0629-\u0627\u0644\u0635\u062d\u0631\u0627\u0621.webp","contentUrl":"https:\/\/saudi-gift.com\/wp-content\/uploads\/2025\/02\/\u0633\u0644\u0633\u0629-\u0645\u0641\u0627\u062a\u064a\u062d-\u0628\u062a\u0635\u0645\u064a\u0645-\u062e\u0627\u0631\u0637\u0629-\u0627\u0644\u0645\u0645\u0644\u0643\u0629-\u0645\u0632\u064a\u0646\u0629-\u0628\u0627\u0644\u0631\u0645\u0627\u0644-\u0627\u0644\u0630\u0647\u0628\u064a\u0629-\u0648\u0633\u0641\u064a\u0646\u0629-\u0627\u0644\u0635\u062d\u0631\u0627\u0621.webp","width":600,"height":600},{"@type":"BreadcrumbList","@id":"https:\/\/saudi-gift.com\/tr\/product\/altin-kumlar-ve-bir-col-gemisi-ile-suslenmis-krallik-haritasina-sahip-bir-anahtarlik\/#breadcrumb","itemListElement":[{"@type":"ListItem","position":1,"name":"Home","item":"https:\/\/saudi-gift.com\/tr\/"},{"@type":"ListItem","position":2,"name":"\u015eimdi Al\u0131\u015fveri\u015f Yap\u0131n","item":"https:\/\/saudi-gift.com\/tr\/simdi-alisveris-yapin\/"},{"@type":"ListItem","position":3,"name":"Alt\u0131n kumlar ve bir \u00e7\u00f6l gemisi ile s\u00fcslenmi\u015f Krall\u0131k haritas\u0131na sahip bir anahtarl\u0131k"}]},{"@type":"WebSite","@id":"https:\/\/saudi-gift.com\/#website","url":"https:\/\/saudi-gift.com\/","name":"\u0647\u062f\u064a\u0629 \u0633\u0639\u0648\u062f\u064a\u0629","description":"\u0647\u062f\u064a\u0629 \u0633\u0639\u0648\u062f\u064a\u0629 \u0645\u062a\u062c\u0631 \u0627\u0644\u0643\u062a\u0631\u0648\u0646\u064a \u064a\u0642\u062f\u0645 \u0644\u0643\u0645 \u0645\u062c\u0645\u0648\u0639\u0629 \u0645\u0646 \u0627\u0644\u0647\u062f\u0627\u064a\u0627 \u0627\u0644\u062a\u064a \u062a\u062c\u0633\u062f \u0639\u0628\u0642 \u0630\u0643\u0631\u064a\u0627\u062a\u0643\u0645 \u0641\u064a \u0627\u0644\u0645\u0634\u0627\u0639\u0631 \u0627\u0644\u0645\u0642\u062f\u0633\u0629","publisher":{"@id":"https:\/\/saudi-gift.com\/#organization"},"alternateName":"\u0647\u062f\u064a\u0629 \u0633\u0639\u0648\u062f\u064a\u0629","potentialAction":[{"@type":"SearchAction","target":{"@type":"EntryPoint","urlTemplate":"https:\/\/saudi-gift.com\/?s={search_term_string}"},"query-input":{"@type":"PropertyValueSpecification","valueRequired":true,"valueName":"search_term_string"}}],"inLanguage":"tr"},{"@type":"Organization","@id":"https:\/\/saudi-gift.com\/#organization","name":"\u0645\u062a\u062c\u0631 \u0627\u0644\u0647\u062f\u064a\u0629","alternateName":"\u0647\u062f\u064a\u0629 \u0633\u0639\u0648\u062f\u064a\u0629","url":"https:\/\/saudi-gift.com\/","logo":{"@type":"ImageObject","inLanguage":"tr","@id":"https:\/\/saudi-gift.com\/#\/schema\/logo\/image\/","url":"https:\/\/saudi-gift.com\/wp-content\/uploads\/2025\/05\/2.png","contentUrl":"https:\/\/saudi-gift.com\/wp-content\/uploads\/2025\/05\/2.png","width":163,"height":42,"caption":"\u0645\u062a\u062c\u0631 \u0627\u0644\u0647\u062f\u064a\u0629"},"image":{"@id":"https:\/\/saudi-gift.com\/#\/schema\/logo\/image\/"},"sameAs":["https:\/\/www.facebook.com\/profile.php?id=61560277649059&mibextid=LQQJ4d","https:\/\/x.com\/saudigift_"]}]}},"jetpack-related-posts":[],"_links":{"self":[{"href":"https:\/\/saudi-gift.com\/tr\/wp-json\/wp\/v2\/product\/46015","targetHints":{"allow":["GET"]}}],"collection":[{"href":"https:\/\/saudi-gift.com\/tr\/wp-json\/wp\/v2\/product"}],"about":[{"href":"https:\/\/saudi-gift.com\/tr\/wp-json\/wp\/v2\/types\/product"}],"replies":[{"embeddable":true,"href":"https:\/\/saudi-gift.com\/tr\/wp-json\/wp\/v2\/comments?post=46015"}],"version-history":[{"count":0,"href":"https:\/\/saudi-gift.com\/tr\/wp-json\/wp\/v2\/product\/46015\/revisions"}],"wp:featuredmedia":[{"embeddable":true,"href":"https:\/\/saudi-gift.com\/tr\/wp-json\/wp\/v2\/media\/45734"}],"wp:attachment":[{"href":"https:\/\/saudi-gift.com\/tr\/wp-json\/wp\/v2\/media?parent=46015"}],"wp:term":[{"taxonomy":"product_brand","embeddable":true,"href":"https:\/\/saudi-gift.com\/tr\/wp-json\/wp\/v2\/product_brand?post=46015"},{"taxonomy":"product_cat","embeddable":true,"href":"https:\/\/saudi-gift.com\/tr\/wp-json\/wp\/v2\/product_cat?post=46015"},{"taxonomy":"product_tag","embeddable":true,"href":"https:\/\/saudi-gift.com\/tr\/wp-json\/wp\/v2\/product_tag?post=46015"}],"curies":[{"name":"wp","href":"https:\/\/api.w.org\/{rel}","templated":true}]}}