{"id":46021,"date":"2025-02-01T15:35:12","date_gmt":"2025-02-01T12:35:12","guid":{"rendered":"https:\/\/saudi-gift.com\/product\/suudi-harfli-anahtar-serisi\/"},"modified":"2025-02-06T13:03:48","modified_gmt":"2025-02-06T10:03:48","slug":"suudi-harfli-anahtar-serisi","status":"publish","type":"product","link":"https:\/\/saudi-gift.com\/tr\/urun\/suudi-harfli-anahtar-serisi\/","title":{"rendered":"Suudi Harfli Anahtar Serisi"},"content":{"rendered":"<p>Suudi Harfli Anahtar Serisi<\/p>\n<p>&#8220;Suudi Arabistan&#8221; kelimesindeki her harf Krall\u0131k&#8217;taki farkl\u0131 bir \u015fehrin g\u00fczelli\u011fini ta\u015f\u0131r. Bu madalyon, Riyad&#8217;dan Cidde&#8217;ye, Mekke ve Medine&#8217;ye kadar Suudi Arabistan \u015fehirlerinin \u00e7e\u015fitlili\u011fini ve g\u00fczelli\u011fini yans\u0131tacak \u015fekilde tasarlanm\u0131\u015ft\u0131r. Ah\u015faptan b\u00fcy\u00fck bir \u00f6zen ve kaliteyle \u00fcretilen bu madalyon sizi Suudi Arabistan&#8217;\u0131n g\u00fczel \u015fehirlerinde bir yolculu\u011fa \u00e7\u0131kar\u0131r ve bu \u015fehirlerin e\u015fsiz ruhunu sergiler.     <\/p>\n<p>\u00dcr\u00fcn \u00f6zellikleri:<\/p>\n<p>Benzersiz tasar\u0131m: Her harfinde Krall\u0131k \u015fehirlerinin g\u00fczelli\u011fini yans\u0131t\u0131r.<br \/>\n\u0130yi yap\u0131lm\u0131\u015f: Dayan\u0131kl\u0131l\u0131k ve g\u00fczellik sa\u011flamak i\u00e7in y\u00fcksek kaliteli ah\u015faptan yap\u0131lm\u0131\u015ft\u0131r.<br \/>\nUlusal bir hat\u0131ra: Krall\u0131\u011f\u0131n ruhunu yans\u0131t\u0131r ve koleksiyonunuza ulusal bir gurur dokunu\u015fu katar.<br \/>\n\u00c7oklu kullan\u0131m: Anahtarlar\u0131 asmak veya \u00e7anta \u00fcst\u00fc olarak kullan\u0131labilir ve sevdikleriniz i\u00e7in m\u00fckemmel bir hediye olur.&#8221;  <\/p>\n","protected":false},"excerpt":{"rendered":"<p>Bu madalyon, Riyad&#8217;dan Cidde&#8217;ye, Mekke ve Medine&#8217;ye kadar Suudi Arabistan \u015fehirlerinin \u00e7e\u015fitlili\u011fini ve g\u00fczelli\u011fini yans\u0131tacak \u015fekilde tasarlanm\u0131\u015ft\u0131r <\/p>\n","protected":false},"featured_media":45701,"comment_status":"open","ping_status":"closed","template":"","meta":[],"product_brand":[],"product_cat":[122],"product_tag":[],"class_list":{"0":"post-46021","1":"product","2":"type-product","3":"status-publish","4":"has-post-thumbnail","6":"product_cat-tourist-gifts","8":"first","9":"instock","10":"shipping-taxable","11":"purchasable","12":"product-type-simple"},"yoast_head":"<!-- This site is optimized with the Yoast SEO Premium plugin v27.2 (Yoast SEO v27.6) - https:\/\/yoast.com\/product\/yoast-seo-premium-wordpress\/ -->\n<title>Suudi Harfli Anahtar Serisi - \u0647\u062f\u064a\u0629 \u0633\u0639\u0648\u062f\u064a\u0629<\/title>\n<meta name=\"description\" content=\"Bu madalyon, Riyad&#039;dan Cidde&#039;ye, Mekke ve Medine&#039;ye kadar Suudi Arabistan \u015fehirlerinin \u00e7e\u015fitlili\u011fini ve g\u00fczelli\u011fini yans\u0131tacak \u015fekilde tasarlanm\u0131\u015ft\u0131r. Ah\u015faptan b\u00fcy\u00fck bir \u00f6zen ve kaliteyle \u00fcretilen bu madalyon sizi Suudi Arabistan&#039;\u0131n g\u00fczel \u015fehirlerinde bir yolculu\u011fa \u00e7\u0131kar\u0131r ve bu \u015fehirlerin e\u015fsiz ruhunu sergiler.\" \/>\n<meta name=\"robots\" content=\"index, follow, max-snippet:-1, max-image-preview:large, max-video-preview:-1\" \/>\n<link rel=\"canonical\" href=\"https:\/\/saudi-gift.com\/tr\/product\/suudi-harfli-anahtar-serisi\/\" \/>\n<meta property=\"og:locale\" content=\"tr_TR\" \/>\n<meta property=\"og:type\" content=\"article\" \/>\n<meta property=\"og:title\" content=\"Suudi Harfli Anahtar Serisi\" \/>\n<meta property=\"og:description\" content=\"Bu madalyon, Riyad&#039;dan Cidde&#039;ye, Mekke ve Medine&#039;ye kadar Suudi Arabistan \u015fehirlerinin \u00e7e\u015fitlili\u011fini ve g\u00fczelli\u011fini yans\u0131tacak \u015fekilde tasarlanm\u0131\u015ft\u0131r. Ah\u015faptan b\u00fcy\u00fck bir \u00f6zen ve kaliteyle \u00fcretilen bu madalyon sizi Suudi Arabistan&#039;\u0131n g\u00fczel \u015fehirlerinde bir yolculu\u011fa \u00e7\u0131kar\u0131r ve bu \u015fehirlerin e\u015fsiz ruhunu sergiler.\" \/>\n<meta property=\"og:url\" content=\"https:\/\/saudi-gift.com\/tr\/product\/suudi-harfli-anahtar-serisi\/\" \/>\n<meta property=\"og:site_name\" content=\"\u0647\u062f\u064a\u0629 \u0633\u0639\u0648\u062f\u064a\u0629\" \/>\n<meta property=\"article:publisher\" content=\"https:\/\/www.facebook.com\/profile.php?id=61560277649059&amp;mibextid=LQQJ4d\" \/>\n<meta property=\"article:modified_time\" content=\"2025-02-06T10:03:48+00:00\" \/>\n<meta property=\"og:image\" content=\"https:\/\/saudi-gift.com\/wp-content\/uploads\/2025\/02\/\u0633\u0644\u0633\u0629-\u0645\u0641\u0627\u062a\u064a\u062d-\u0627\u062d\u0631\u0641-\u0627\u0644\u0633\u0639\u0648\u062f\u064a\u0629.webp\" \/>\n\t<meta property=\"og:image:width\" content=\"600\" \/>\n\t<meta property=\"og:image:height\" content=\"600\" \/>\n\t<meta property=\"og:image:type\" content=\"image\/webp\" \/>\n<meta name=\"twitter:card\" content=\"summary_large_image\" \/>\n<meta name=\"twitter:site\" content=\"@saudigift_\" \/>\n<meta name=\"twitter:label1\" content=\"Tahmini okuma s\u00fcresi\" \/>\n\t<meta name=\"twitter:data1\" content=\"1 dakika\" \/>\n<script type=\"application\/ld+json\" class=\"yoast-schema-graph\">{\"@context\":\"https:\\\/\\\/schema.org\",\"@graph\":[{\"@type\":\"WebPage\",\"@id\":\"https:\\\/\\\/saudi-gift.com\\\/tr\\\/product\\\/suudi-harfli-anahtar-serisi\\\/\",\"url\":\"https:\\\/\\\/saudi-gift.com\\\/tr\\\/product\\\/suudi-harfli-anahtar-serisi\\\/\",\"name\":\"Suudi Harfli Anahtar Serisi - \u0647\u062f\u064a\u0629 \u0633\u0639\u0648\u062f\u064a\u0629\",\"isPartOf\":{\"@id\":\"https:\\\/\\\/saudi-gift.com\\\/#website\"},\"primaryImageOfPage\":{\"@id\":\"https:\\\/\\\/saudi-gift.com\\\/tr\\\/product\\\/suudi-harfli-anahtar-serisi\\\/#primaryimage\"},\"image\":{\"@id\":\"https:\\\/\\\/saudi-gift.com\\\/tr\\\/product\\\/suudi-harfli-anahtar-serisi\\\/#primaryimage\"},\"thumbnailUrl\":\"https:\\\/\\\/saudi-gift.com\\\/wp-content\\\/uploads\\\/2025\\\/02\\\/\u0633\u0644\u0633\u0629-\u0645\u0641\u0627\u062a\u064a\u062d-\u0627\u062d\u0631\u0641-\u0627\u0644\u0633\u0639\u0648\u062f\u064a\u0629.webp\",\"datePublished\":\"2025-02-01T12:35:12+00:00\",\"dateModified\":\"2025-02-06T10:03:48+00:00\",\"description\":\"Bu madalyon, Riyad'dan Cidde'ye, Mekke ve Medine'ye kadar Suudi Arabistan \u015fehirlerinin \u00e7e\u015fitlili\u011fini ve g\u00fczelli\u011fini yans\u0131tacak \u015fekilde tasarlanm\u0131\u015ft\u0131r. Ah\u015faptan b\u00fcy\u00fck bir \u00f6zen ve kaliteyle \u00fcretilen bu madalyon sizi Suudi Arabistan'\u0131n g\u00fczel \u015fehirlerinde bir yolculu\u011fa \u00e7\u0131kar\u0131r ve bu \u015fehirlerin e\u015fsiz ruhunu sergiler.\",\"breadcrumb\":{\"@id\":\"https:\\\/\\\/saudi-gift.com\\\/tr\\\/product\\\/suudi-harfli-anahtar-serisi\\\/#breadcrumb\"},\"inLanguage\":\"tr\",\"potentialAction\":[{\"@type\":\"ReadAction\",\"target\":[\"https:\\\/\\\/saudi-gift.com\\\/tr\\\/product\\\/suudi-harfli-anahtar-serisi\\\/\"]}]},{\"@type\":\"ImageObject\",\"inLanguage\":\"tr\",\"@id\":\"https:\\\/\\\/saudi-gift.com\\\/tr\\\/product\\\/suudi-harfli-anahtar-serisi\\\/#primaryimage\",\"url\":\"https:\\\/\\\/saudi-gift.com\\\/wp-content\\\/uploads\\\/2025\\\/02\\\/\u0633\u0644\u0633\u0629-\u0645\u0641\u0627\u062a\u064a\u062d-\u0627\u062d\u0631\u0641-\u0627\u0644\u0633\u0639\u0648\u062f\u064a\u0629.webp\",\"contentUrl\":\"https:\\\/\\\/saudi-gift.com\\\/wp-content\\\/uploads\\\/2025\\\/02\\\/\u0633\u0644\u0633\u0629-\u0645\u0641\u0627\u062a\u064a\u062d-\u0627\u062d\u0631\u0641-\u0627\u0644\u0633\u0639\u0648\u062f\u064a\u0629.webp\",\"width\":600,\"height\":600},{\"@type\":\"BreadcrumbList\",\"@id\":\"https:\\\/\\\/saudi-gift.com\\\/tr\\\/product\\\/suudi-harfli-anahtar-serisi\\\/#breadcrumb\",\"itemListElement\":[{\"@type\":\"ListItem\",\"position\":1,\"name\":\"Home\",\"item\":\"https:\\\/\\\/saudi-gift.com\\\/tr\\\/\"},{\"@type\":\"ListItem\",\"position\":2,\"name\":\"\u015eimdi Al\u0131\u015fveri\u015f Yap\u0131n\",\"item\":\"https:\\\/\\\/saudi-gift.com\\\/tr\\\/simdi-alisveris-yapin\\\/\"},{\"@type\":\"ListItem\",\"position\":3,\"name\":\"Suudi Harfli Anahtar Serisi\"}]},{\"@type\":\"WebSite\",\"@id\":\"https:\\\/\\\/saudi-gift.com\\\/#website\",\"url\":\"https:\\\/\\\/saudi-gift.com\\\/\",\"name\":\"\u0647\u062f\u064a\u0629 \u0633\u0639\u0648\u062f\u064a\u0629\",\"description\":\"\u0647\u062f\u064a\u0629 \u0633\u0639\u0648\u062f\u064a\u0629 \u0645\u062a\u062c\u0631 \u0627\u0644\u0643\u062a\u0631\u0648\u0646\u064a \u064a\u0642\u062f\u0645 \u0644\u0643\u0645 \u0645\u062c\u0645\u0648\u0639\u0629 \u0645\u0646 \u0627\u0644\u0647\u062f\u0627\u064a\u0627 \u0627\u0644\u062a\u064a \u062a\u062c\u0633\u062f \u0639\u0628\u0642 \u0630\u0643\u0631\u064a\u0627\u062a\u0643\u0645 \u0641\u064a \u0627\u0644\u0645\u0634\u0627\u0639\u0631 \u0627\u0644\u0645\u0642\u062f\u0633\u0629\",\"publisher\":{\"@id\":\"https:\\\/\\\/saudi-gift.com\\\/#organization\"},\"alternateName\":\"\u0647\u062f\u064a\u0629 \u0633\u0639\u0648\u062f\u064a\u0629\",\"potentialAction\":[{\"@type\":\"SearchAction\",\"target\":{\"@type\":\"EntryPoint\",\"urlTemplate\":\"https:\\\/\\\/saudi-gift.com\\\/?s={search_term_string}\"},\"query-input\":{\"@type\":\"PropertyValueSpecification\",\"valueRequired\":true,\"valueName\":\"search_term_string\"}}],\"inLanguage\":\"tr\"},{\"@type\":\"Organization\",\"@id\":\"https:\\\/\\\/saudi-gift.com\\\/#organization\",\"name\":\"\u0645\u062a\u062c\u0631 \u0627\u0644\u0647\u062f\u064a\u0629\",\"alternateName\":\"\u0647\u062f\u064a\u0629 \u0633\u0639\u0648\u062f\u064a\u0629\",\"url\":\"https:\\\/\\\/saudi-gift.com\\\/\",\"logo\":{\"@type\":\"ImageObject\",\"inLanguage\":\"tr\",\"@id\":\"https:\\\/\\\/saudi-gift.com\\\/#\\\/schema\\\/logo\\\/image\\\/\",\"url\":\"https:\\\/\\\/saudi-gift.com\\\/wp-content\\\/uploads\\\/2025\\\/05\\\/2.png\",\"contentUrl\":\"https:\\\/\\\/saudi-gift.com\\\/wp-content\\\/uploads\\\/2025\\\/05\\\/2.png\",\"width\":163,\"height\":42,\"caption\":\"\u0645\u062a\u062c\u0631 \u0627\u0644\u0647\u062f\u064a\u0629\"},\"image\":{\"@id\":\"https:\\\/\\\/saudi-gift.com\\\/#\\\/schema\\\/logo\\\/image\\\/\"},\"sameAs\":[\"https:\\\/\\\/www.facebook.com\\\/profile.php?id=61560277649059&mibextid=LQQJ4d\",\"https:\\\/\\\/x.com\\\/saudigift_\"]}]}<\/script>\n<!-- \/ Yoast SEO Premium plugin. -->","yoast_head_json":{"title":"Suudi Harfli Anahtar Serisi - \u0647\u062f\u064a\u0629 \u0633\u0639\u0648\u062f\u064a\u0629","description":"Bu madalyon, Riyad'dan Cidde'ye, Mekke ve Medine'ye kadar Suudi Arabistan \u015fehirlerinin \u00e7e\u015fitlili\u011fini ve g\u00fczelli\u011fini yans\u0131tacak \u015fekilde tasarlanm\u0131\u015ft\u0131r. Ah\u015faptan b\u00fcy\u00fck bir \u00f6zen ve kaliteyle \u00fcretilen bu madalyon sizi Suudi Arabistan'\u0131n g\u00fczel \u015fehirlerinde bir yolculu\u011fa \u00e7\u0131kar\u0131r ve bu \u015fehirlerin e\u015fsiz ruhunu sergiler.","robots":{"index":"index","follow":"follow","max-snippet":"max-snippet:-1","max-image-preview":"max-image-preview:large","max-video-preview":"max-video-preview:-1"},"canonical":"https:\/\/saudi-gift.com\/tr\/product\/suudi-harfli-anahtar-serisi\/","og_locale":"tr_TR","og_type":"article","og_title":"Suudi Harfli Anahtar Serisi","og_description":"Bu madalyon, Riyad'dan Cidde'ye, Mekke ve Medine'ye kadar Suudi Arabistan \u015fehirlerinin \u00e7e\u015fitlili\u011fini ve g\u00fczelli\u011fini yans\u0131tacak \u015fekilde tasarlanm\u0131\u015ft\u0131r. Ah\u015faptan b\u00fcy\u00fck bir \u00f6zen ve kaliteyle \u00fcretilen bu madalyon sizi Suudi Arabistan'\u0131n g\u00fczel \u015fehirlerinde bir yolculu\u011fa \u00e7\u0131kar\u0131r ve bu \u015fehirlerin e\u015fsiz ruhunu sergiler.","og_url":"https:\/\/saudi-gift.com\/tr\/product\/suudi-harfli-anahtar-serisi\/","og_site_name":"\u0647\u062f\u064a\u0629 \u0633\u0639\u0648\u062f\u064a\u0629","article_publisher":"https:\/\/www.facebook.com\/profile.php?id=61560277649059&mibextid=LQQJ4d","article_modified_time":"2025-02-06T10:03:48+00:00","og_image":[{"width":600,"height":600,"url":"https:\/\/saudi-gift.com\/wp-content\/uploads\/2025\/02\/\u0633\u0644\u0633\u0629-\u0645\u0641\u0627\u062a\u064a\u062d-\u0627\u062d\u0631\u0641-\u0627\u0644\u0633\u0639\u0648\u062f\u064a\u0629.webp","type":"image\/webp"}],"twitter_card":"summary_large_image","twitter_site":"@saudigift_","twitter_misc":{"Tahmini okuma s\u00fcresi":"1 dakika"},"schema":{"@context":"https:\/\/schema.org","@graph":[{"@type":"WebPage","@id":"https:\/\/saudi-gift.com\/tr\/product\/suudi-harfli-anahtar-serisi\/","url":"https:\/\/saudi-gift.com\/tr\/product\/suudi-harfli-anahtar-serisi\/","name":"Suudi Harfli Anahtar Serisi - \u0647\u062f\u064a\u0629 \u0633\u0639\u0648\u062f\u064a\u0629","isPartOf":{"@id":"https:\/\/saudi-gift.com\/#website"},"primaryImageOfPage":{"@id":"https:\/\/saudi-gift.com\/tr\/product\/suudi-harfli-anahtar-serisi\/#primaryimage"},"image":{"@id":"https:\/\/saudi-gift.com\/tr\/product\/suudi-harfli-anahtar-serisi\/#primaryimage"},"thumbnailUrl":"https:\/\/saudi-gift.com\/wp-content\/uploads\/2025\/02\/\u0633\u0644\u0633\u0629-\u0645\u0641\u0627\u062a\u064a\u062d-\u0627\u062d\u0631\u0641-\u0627\u0644\u0633\u0639\u0648\u062f\u064a\u0629.webp","datePublished":"2025-02-01T12:35:12+00:00","dateModified":"2025-02-06T10:03:48+00:00","description":"Bu madalyon, Riyad'dan Cidde'ye, Mekke ve Medine'ye kadar Suudi Arabistan \u015fehirlerinin \u00e7e\u015fitlili\u011fini ve g\u00fczelli\u011fini yans\u0131tacak \u015fekilde tasarlanm\u0131\u015ft\u0131r. Ah\u015faptan b\u00fcy\u00fck bir \u00f6zen ve kaliteyle \u00fcretilen bu madalyon sizi Suudi Arabistan'\u0131n g\u00fczel \u015fehirlerinde bir yolculu\u011fa \u00e7\u0131kar\u0131r ve bu \u015fehirlerin e\u015fsiz ruhunu sergiler.","breadcrumb":{"@id":"https:\/\/saudi-gift.com\/tr\/product\/suudi-harfli-anahtar-serisi\/#breadcrumb"},"inLanguage":"tr","potentialAction":[{"@type":"ReadAction","target":["https:\/\/saudi-gift.com\/tr\/product\/suudi-harfli-anahtar-serisi\/"]}]},{"@type":"ImageObject","inLanguage":"tr","@id":"https:\/\/saudi-gift.com\/tr\/product\/suudi-harfli-anahtar-serisi\/#primaryimage","url":"https:\/\/saudi-gift.com\/wp-content\/uploads\/2025\/02\/\u0633\u0644\u0633\u0629-\u0645\u0641\u0627\u062a\u064a\u062d-\u0627\u062d\u0631\u0641-\u0627\u0644\u0633\u0639\u0648\u062f\u064a\u0629.webp","contentUrl":"https:\/\/saudi-gift.com\/wp-content\/uploads\/2025\/02\/\u0633\u0644\u0633\u0629-\u0645\u0641\u0627\u062a\u064a\u062d-\u0627\u062d\u0631\u0641-\u0627\u0644\u0633\u0639\u0648\u062f\u064a\u0629.webp","width":600,"height":600},{"@type":"BreadcrumbList","@id":"https:\/\/saudi-gift.com\/tr\/product\/suudi-harfli-anahtar-serisi\/#breadcrumb","itemListElement":[{"@type":"ListItem","position":1,"name":"Home","item":"https:\/\/saudi-gift.com\/tr\/"},{"@type":"ListItem","position":2,"name":"\u015eimdi Al\u0131\u015fveri\u015f Yap\u0131n","item":"https:\/\/saudi-gift.com\/tr\/simdi-alisveris-yapin\/"},{"@type":"ListItem","position":3,"name":"Suudi Harfli Anahtar Serisi"}]},{"@type":"WebSite","@id":"https:\/\/saudi-gift.com\/#website","url":"https:\/\/saudi-gift.com\/","name":"\u0647\u062f\u064a\u0629 \u0633\u0639\u0648\u062f\u064a\u0629","description":"\u0647\u062f\u064a\u0629 \u0633\u0639\u0648\u062f\u064a\u0629 \u0645\u062a\u062c\u0631 \u0627\u0644\u0643\u062a\u0631\u0648\u0646\u064a \u064a\u0642\u062f\u0645 \u0644\u0643\u0645 \u0645\u062c\u0645\u0648\u0639\u0629 \u0645\u0646 \u0627\u0644\u0647\u062f\u0627\u064a\u0627 \u0627\u0644\u062a\u064a \u062a\u062c\u0633\u062f \u0639\u0628\u0642 \u0630\u0643\u0631\u064a\u0627\u062a\u0643\u0645 \u0641\u064a \u0627\u0644\u0645\u0634\u0627\u0639\u0631 \u0627\u0644\u0645\u0642\u062f\u0633\u0629","publisher":{"@id":"https:\/\/saudi-gift.com\/#organization"},"alternateName":"\u0647\u062f\u064a\u0629 \u0633\u0639\u0648\u062f\u064a\u0629","potentialAction":[{"@type":"SearchAction","target":{"@type":"EntryPoint","urlTemplate":"https:\/\/saudi-gift.com\/?s={search_term_string}"},"query-input":{"@type":"PropertyValueSpecification","valueRequired":true,"valueName":"search_term_string"}}],"inLanguage":"tr"},{"@type":"Organization","@id":"https:\/\/saudi-gift.com\/#organization","name":"\u0645\u062a\u062c\u0631 \u0627\u0644\u0647\u062f\u064a\u0629","alternateName":"\u0647\u062f\u064a\u0629 \u0633\u0639\u0648\u062f\u064a\u0629","url":"https:\/\/saudi-gift.com\/","logo":{"@type":"ImageObject","inLanguage":"tr","@id":"https:\/\/saudi-gift.com\/#\/schema\/logo\/image\/","url":"https:\/\/saudi-gift.com\/wp-content\/uploads\/2025\/05\/2.png","contentUrl":"https:\/\/saudi-gift.com\/wp-content\/uploads\/2025\/05\/2.png","width":163,"height":42,"caption":"\u0645\u062a\u062c\u0631 \u0627\u0644\u0647\u062f\u064a\u0629"},"image":{"@id":"https:\/\/saudi-gift.com\/#\/schema\/logo\/image\/"},"sameAs":["https:\/\/www.facebook.com\/profile.php?id=61560277649059&mibextid=LQQJ4d","https:\/\/x.com\/saudigift_"]}]}},"jetpack-related-posts":[],"_links":{"self":[{"href":"https:\/\/saudi-gift.com\/tr\/wp-json\/wp\/v2\/product\/46021","targetHints":{"allow":["GET"]}}],"collection":[{"href":"https:\/\/saudi-gift.com\/tr\/wp-json\/wp\/v2\/product"}],"about":[{"href":"https:\/\/saudi-gift.com\/tr\/wp-json\/wp\/v2\/types\/product"}],"replies":[{"embeddable":true,"href":"https:\/\/saudi-gift.com\/tr\/wp-json\/wp\/v2\/comments?post=46021"}],"version-history":[{"count":0,"href":"https:\/\/saudi-gift.com\/tr\/wp-json\/wp\/v2\/product\/46021\/revisions"}],"wp:featuredmedia":[{"embeddable":true,"href":"https:\/\/saudi-gift.com\/tr\/wp-json\/wp\/v2\/media\/45701"}],"wp:attachment":[{"href":"https:\/\/saudi-gift.com\/tr\/wp-json\/wp\/v2\/media?parent=46021"}],"wp:term":[{"taxonomy":"product_brand","embeddable":true,"href":"https:\/\/saudi-gift.com\/tr\/wp-json\/wp\/v2\/product_brand?post=46021"},{"taxonomy":"product_cat","embeddable":true,"href":"https:\/\/saudi-gift.com\/tr\/wp-json\/wp\/v2\/product_cat?post=46021"},{"taxonomy":"product_tag","embeddable":true,"href":"https:\/\/saudi-gift.com\/tr\/wp-json\/wp\/v2\/product_tag?post=46021"}],"curies":[{"name":"wp","href":"https:\/\/api.w.org\/{rel}","templated":true}]}}