{"id":46026,"date":"2025-02-01T15:26:45","date_gmt":"2025-02-01T12:26:45","guid":{"rendered":"https:\/\/saudi-gift.com\/product\/fawahah-aromaterapi-suudi-arabistan\/"},"modified":"2025-02-06T13:19:35","modified_gmt":"2025-02-06T10:19:35","slug":"fawahah-aromaterapi-suudi-arabistan","status":"publish","type":"product","link":"https:\/\/saudi-gift.com\/tr\/urun\/fawahah-aromaterapi-suudi-arabistan\/","title":{"rendered":"Fawahah Aromaterapi Suudi Arabistan"},"content":{"rendered":"<div dir=\"ltr\">\n<div class=\"input-box\">\n<div id=\"waffle-rich-text-editor\" class=\"cell-input editable\" dir=\"rtl\" role=\"combobox\" aria-label=\"F107\">Fawahah Aromaterapi Suudi Arabistan<\/div>\n<div class=\"cell-input editable\" dir=\"rtl\" role=\"combobox\" aria-label=\"F107\">Aromatik Suudi \u00e7ad\u0131r\u0131, her k\u00f6\u015fesinde size sihirli ve g\u00fczel bir atmosfer sunmak i\u00e7in \u00f6zenle tasarlanm\u0131\u015ft\u0131r. Suudi \u00e7ad\u0131r\u0131, Krall\u0131\u011f\u0131n eski geleneklerini ve zengin k\u00fclt\u00fcr\u00fcn\u00fc yans\u0131tarak ona farkl\u0131 ve \u00e7ekici bir karakter kazand\u0131r\u0131r ve konuklar\u0131n\u0131zla her an\u0131n\u0131z\u0131 Suudi Arabistan&#8217;\u0131n muhte\u015fem g\u00f6ky\u00fcz\u00fc alt\u0131nda unutulmaz bir an haline getirir.  <\/div>\n<\/div>\n<\/div>\n<div><\/div>\n","protected":false},"excerpt":{"rendered":"<p>Fawahah Aromaterapi Suudi Arabistan Aromatik Suudi \u00e7ad\u0131r\u0131, her k\u00f6\u015fesinde size sihirli ve g\u00fczel bir atmosfer sunmak i\u00e7in \u00f6zenle tasarlanm\u0131\u015ft\u0131r. Suudi<\/p>\n","protected":false},"featured_media":45686,"comment_status":"open","ping_status":"closed","template":"","meta":[],"product_brand":[],"product_cat":[375,3178],"product_tag":[2004],"class_list":{"0":"post-46026","1":"product","2":"type-product","3":"status-publish","4":"has-post-thumbnail","6":"product_cat-oud-buhur","7":"product_cat-ikram-urunleri","8":"product_tag--tr","10":"first","11":"instock","12":"shipping-taxable","13":"purchasable","14":"product-type-simple"},"yoast_head":"<!-- This site is optimized with the Yoast SEO Premium plugin v27.2 (Yoast SEO v27.6) - https:\/\/yoast.com\/product\/yoast-seo-premium-wordpress\/ -->\n<title>Fawahah Aromaterapi Suudi Arabistan - \u0647\u062f\u064a\u0629 \u0633\u0639\u0648\u062f\u064a\u0629<\/title>\n<meta name=\"description\" content=\"Aromatik Suudi \u00e7ad\u0131r\u0131, her k\u00f6\u015fesinde size sihirli ve g\u00fczel bir atmosfer sunmak i\u00e7in \u00f6zenle tasarlanm\u0131\u015ft\u0131r. Suudi \u00e7ad\u0131r\u0131, Krall\u0131\u011f\u0131n eski geleneklerini ve zengin k\u00fclt\u00fcr\u00fcn\u00fc yans\u0131tarak ona farkl\u0131 ve \u00e7ekici bir karakter kazand\u0131r\u0131r ve konuklar\u0131n\u0131zla her an\u0131n\u0131z\u0131 Suudi Arabistan&#039;\u0131n muhte\u015fem g\u00f6ky\u00fcz\u00fc alt\u0131nda unutulmaz bir an haline getirir.\" \/>\n<meta name=\"robots\" content=\"index, follow, max-snippet:-1, max-image-preview:large, max-video-preview:-1\" \/>\n<link rel=\"canonical\" href=\"https:\/\/saudi-gift.com\/tr\/product\/fawahah-aromaterapi-suudi-arabistan\/\" \/>\n<meta property=\"og:locale\" content=\"tr_TR\" \/>\n<meta property=\"og:type\" content=\"article\" \/>\n<meta property=\"og:title\" content=\"Fawahah Aromaterapi Suudi Arabistan\" \/>\n<meta property=\"og:description\" content=\"Aromatik Suudi \u00e7ad\u0131r\u0131, her k\u00f6\u015fesinde size sihirli ve g\u00fczel bir atmosfer sunmak i\u00e7in \u00f6zenle tasarlanm\u0131\u015ft\u0131r. Suudi \u00e7ad\u0131r\u0131, Krall\u0131\u011f\u0131n eski geleneklerini ve zengin k\u00fclt\u00fcr\u00fcn\u00fc yans\u0131tarak ona farkl\u0131 ve \u00e7ekici bir karakter kazand\u0131r\u0131r ve konuklar\u0131n\u0131zla her an\u0131n\u0131z\u0131 Suudi Arabistan&#039;\u0131n muhte\u015fem g\u00f6ky\u00fcz\u00fc alt\u0131nda unutulmaz bir an haline getirir.\" \/>\n<meta property=\"og:url\" content=\"https:\/\/saudi-gift.com\/tr\/product\/fawahah-aromaterapi-suudi-arabistan\/\" \/>\n<meta property=\"og:site_name\" content=\"\u0647\u062f\u064a\u0629 \u0633\u0639\u0648\u062f\u064a\u0629\" \/>\n<meta property=\"article:publisher\" content=\"https:\/\/www.facebook.com\/profile.php?id=61560277649059&amp;mibextid=LQQJ4d\" \/>\n<meta property=\"article:modified_time\" content=\"2025-02-06T10:19:35+00:00\" \/>\n<meta property=\"og:image\" content=\"https:\/\/saudi-gift.com\/wp-content\/uploads\/2025\/02\/60105.webp\" \/>\n\t<meta property=\"og:image:width\" content=\"600\" \/>\n\t<meta property=\"og:image:height\" content=\"600\" \/>\n\t<meta property=\"og:image:type\" content=\"image\/webp\" \/>\n<meta name=\"twitter:card\" content=\"summary_large_image\" \/>\n<meta name=\"twitter:site\" content=\"@saudigift_\" \/>\n<script type=\"application\/ld+json\" class=\"yoast-schema-graph\">{\"@context\":\"https:\\\/\\\/schema.org\",\"@graph\":[{\"@type\":\"WebPage\",\"@id\":\"https:\\\/\\\/saudi-gift.com\\\/tr\\\/product\\\/fawahah-aromaterapi-suudi-arabistan\\\/\",\"url\":\"https:\\\/\\\/saudi-gift.com\\\/tr\\\/product\\\/fawahah-aromaterapi-suudi-arabistan\\\/\",\"name\":\"Fawahah Aromaterapi Suudi Arabistan - \u0647\u062f\u064a\u0629 \u0633\u0639\u0648\u062f\u064a\u0629\",\"isPartOf\":{\"@id\":\"https:\\\/\\\/saudi-gift.com\\\/#website\"},\"primaryImageOfPage\":{\"@id\":\"https:\\\/\\\/saudi-gift.com\\\/tr\\\/product\\\/fawahah-aromaterapi-suudi-arabistan\\\/#primaryimage\"},\"image\":{\"@id\":\"https:\\\/\\\/saudi-gift.com\\\/tr\\\/product\\\/fawahah-aromaterapi-suudi-arabistan\\\/#primaryimage\"},\"thumbnailUrl\":\"https:\\\/\\\/saudi-gift.com\\\/wp-content\\\/uploads\\\/2025\\\/02\\\/60105.webp\",\"datePublished\":\"2025-02-01T12:26:45+00:00\",\"dateModified\":\"2025-02-06T10:19:35+00:00\",\"description\":\"Aromatik Suudi \u00e7ad\u0131r\u0131, her k\u00f6\u015fesinde size sihirli ve g\u00fczel bir atmosfer sunmak i\u00e7in \u00f6zenle tasarlanm\u0131\u015ft\u0131r. Suudi \u00e7ad\u0131r\u0131, Krall\u0131\u011f\u0131n eski geleneklerini ve zengin k\u00fclt\u00fcr\u00fcn\u00fc yans\u0131tarak ona farkl\u0131 ve \u00e7ekici bir karakter kazand\u0131r\u0131r ve konuklar\u0131n\u0131zla her an\u0131n\u0131z\u0131 Suudi Arabistan'\u0131n muhte\u015fem g\u00f6ky\u00fcz\u00fc alt\u0131nda unutulmaz bir an haline getirir.\",\"breadcrumb\":{\"@id\":\"https:\\\/\\\/saudi-gift.com\\\/tr\\\/product\\\/fawahah-aromaterapi-suudi-arabistan\\\/#breadcrumb\"},\"inLanguage\":\"tr\",\"potentialAction\":[{\"@type\":\"ReadAction\",\"target\":[\"https:\\\/\\\/saudi-gift.com\\\/tr\\\/product\\\/fawahah-aromaterapi-suudi-arabistan\\\/\"]}]},{\"@type\":\"ImageObject\",\"inLanguage\":\"tr\",\"@id\":\"https:\\\/\\\/saudi-gift.com\\\/tr\\\/product\\\/fawahah-aromaterapi-suudi-arabistan\\\/#primaryimage\",\"url\":\"https:\\\/\\\/saudi-gift.com\\\/wp-content\\\/uploads\\\/2025\\\/02\\\/60105.webp\",\"contentUrl\":\"https:\\\/\\\/saudi-gift.com\\\/wp-content\\\/uploads\\\/2025\\\/02\\\/60105.webp\",\"width\":600,\"height\":600},{\"@type\":\"BreadcrumbList\",\"@id\":\"https:\\\/\\\/saudi-gift.com\\\/tr\\\/product\\\/fawahah-aromaterapi-suudi-arabistan\\\/#breadcrumb\",\"itemListElement\":[{\"@type\":\"ListItem\",\"position\":1,\"name\":\"Home\",\"item\":\"https:\\\/\\\/saudi-gift.com\\\/tr\\\/\"},{\"@type\":\"ListItem\",\"position\":2,\"name\":\"\u015eimdi Al\u0131\u015fveri\u015f Yap\u0131n\",\"item\":\"https:\\\/\\\/saudi-gift.com\\\/tr\\\/simdi-alisveris-yapin\\\/\"},{\"@type\":\"ListItem\",\"position\":3,\"name\":\"Fawahah Aromaterapi Suudi Arabistan\"}]},{\"@type\":\"WebSite\",\"@id\":\"https:\\\/\\\/saudi-gift.com\\\/#website\",\"url\":\"https:\\\/\\\/saudi-gift.com\\\/\",\"name\":\"\u0647\u062f\u064a\u0629 \u0633\u0639\u0648\u062f\u064a\u0629\",\"description\":\"\u0647\u062f\u064a\u0629 \u0633\u0639\u0648\u062f\u064a\u0629 \u0645\u062a\u062c\u0631 \u0627\u0644\u0643\u062a\u0631\u0648\u0646\u064a \u064a\u0642\u062f\u0645 \u0644\u0643\u0645 \u0645\u062c\u0645\u0648\u0639\u0629 \u0645\u0646 \u0627\u0644\u0647\u062f\u0627\u064a\u0627 \u0627\u0644\u062a\u064a \u062a\u062c\u0633\u062f \u0639\u0628\u0642 \u0630\u0643\u0631\u064a\u0627\u062a\u0643\u0645 \u0641\u064a \u0627\u0644\u0645\u0634\u0627\u0639\u0631 \u0627\u0644\u0645\u0642\u062f\u0633\u0629\",\"publisher\":{\"@id\":\"https:\\\/\\\/saudi-gift.com\\\/#organization\"},\"alternateName\":\"\u0647\u062f\u064a\u0629 \u0633\u0639\u0648\u062f\u064a\u0629\",\"potentialAction\":[{\"@type\":\"SearchAction\",\"target\":{\"@type\":\"EntryPoint\",\"urlTemplate\":\"https:\\\/\\\/saudi-gift.com\\\/?s={search_term_string}\"},\"query-input\":{\"@type\":\"PropertyValueSpecification\",\"valueRequired\":true,\"valueName\":\"search_term_string\"}}],\"inLanguage\":\"tr\"},{\"@type\":\"Organization\",\"@id\":\"https:\\\/\\\/saudi-gift.com\\\/#organization\",\"name\":\"\u0645\u062a\u062c\u0631 \u0627\u0644\u0647\u062f\u064a\u0629\",\"alternateName\":\"\u0647\u062f\u064a\u0629 \u0633\u0639\u0648\u062f\u064a\u0629\",\"url\":\"https:\\\/\\\/saudi-gift.com\\\/\",\"logo\":{\"@type\":\"ImageObject\",\"inLanguage\":\"tr\",\"@id\":\"https:\\\/\\\/saudi-gift.com\\\/#\\\/schema\\\/logo\\\/image\\\/\",\"url\":\"https:\\\/\\\/saudi-gift.com\\\/wp-content\\\/uploads\\\/2025\\\/05\\\/2.png\",\"contentUrl\":\"https:\\\/\\\/saudi-gift.com\\\/wp-content\\\/uploads\\\/2025\\\/05\\\/2.png\",\"width\":163,\"height\":42,\"caption\":\"\u0645\u062a\u062c\u0631 \u0627\u0644\u0647\u062f\u064a\u0629\"},\"image\":{\"@id\":\"https:\\\/\\\/saudi-gift.com\\\/#\\\/schema\\\/logo\\\/image\\\/\"},\"sameAs\":[\"https:\\\/\\\/www.facebook.com\\\/profile.php?id=61560277649059&mibextid=LQQJ4d\",\"https:\\\/\\\/x.com\\\/saudigift_\"]}]}<\/script>\n<!-- \/ Yoast SEO Premium plugin. -->","yoast_head_json":{"title":"Fawahah Aromaterapi Suudi Arabistan - \u0647\u062f\u064a\u0629 \u0633\u0639\u0648\u062f\u064a\u0629","description":"Aromatik Suudi \u00e7ad\u0131r\u0131, her k\u00f6\u015fesinde size sihirli ve g\u00fczel bir atmosfer sunmak i\u00e7in \u00f6zenle tasarlanm\u0131\u015ft\u0131r. Suudi \u00e7ad\u0131r\u0131, Krall\u0131\u011f\u0131n eski geleneklerini ve zengin k\u00fclt\u00fcr\u00fcn\u00fc yans\u0131tarak ona farkl\u0131 ve \u00e7ekici bir karakter kazand\u0131r\u0131r ve konuklar\u0131n\u0131zla her an\u0131n\u0131z\u0131 Suudi Arabistan'\u0131n muhte\u015fem g\u00f6ky\u00fcz\u00fc alt\u0131nda unutulmaz bir an haline getirir.","robots":{"index":"index","follow":"follow","max-snippet":"max-snippet:-1","max-image-preview":"max-image-preview:large","max-video-preview":"max-video-preview:-1"},"canonical":"https:\/\/saudi-gift.com\/tr\/product\/fawahah-aromaterapi-suudi-arabistan\/","og_locale":"tr_TR","og_type":"article","og_title":"Fawahah Aromaterapi Suudi Arabistan","og_description":"Aromatik Suudi \u00e7ad\u0131r\u0131, her k\u00f6\u015fesinde size sihirli ve g\u00fczel bir atmosfer sunmak i\u00e7in \u00f6zenle tasarlanm\u0131\u015ft\u0131r. Suudi \u00e7ad\u0131r\u0131, Krall\u0131\u011f\u0131n eski geleneklerini ve zengin k\u00fclt\u00fcr\u00fcn\u00fc yans\u0131tarak ona farkl\u0131 ve \u00e7ekici bir karakter kazand\u0131r\u0131r ve konuklar\u0131n\u0131zla her an\u0131n\u0131z\u0131 Suudi Arabistan'\u0131n muhte\u015fem g\u00f6ky\u00fcz\u00fc alt\u0131nda unutulmaz bir an haline getirir.","og_url":"https:\/\/saudi-gift.com\/tr\/product\/fawahah-aromaterapi-suudi-arabistan\/","og_site_name":"\u0647\u062f\u064a\u0629 \u0633\u0639\u0648\u062f\u064a\u0629","article_publisher":"https:\/\/www.facebook.com\/profile.php?id=61560277649059&mibextid=LQQJ4d","article_modified_time":"2025-02-06T10:19:35+00:00","og_image":[{"width":600,"height":600,"url":"https:\/\/saudi-gift.com\/wp-content\/uploads\/2025\/02\/60105.webp","type":"image\/webp"}],"twitter_card":"summary_large_image","twitter_site":"@saudigift_","schema":{"@context":"https:\/\/schema.org","@graph":[{"@type":"WebPage","@id":"https:\/\/saudi-gift.com\/tr\/product\/fawahah-aromaterapi-suudi-arabistan\/","url":"https:\/\/saudi-gift.com\/tr\/product\/fawahah-aromaterapi-suudi-arabistan\/","name":"Fawahah Aromaterapi Suudi Arabistan - \u0647\u062f\u064a\u0629 \u0633\u0639\u0648\u062f\u064a\u0629","isPartOf":{"@id":"https:\/\/saudi-gift.com\/#website"},"primaryImageOfPage":{"@id":"https:\/\/saudi-gift.com\/tr\/product\/fawahah-aromaterapi-suudi-arabistan\/#primaryimage"},"image":{"@id":"https:\/\/saudi-gift.com\/tr\/product\/fawahah-aromaterapi-suudi-arabistan\/#primaryimage"},"thumbnailUrl":"https:\/\/saudi-gift.com\/wp-content\/uploads\/2025\/02\/60105.webp","datePublished":"2025-02-01T12:26:45+00:00","dateModified":"2025-02-06T10:19:35+00:00","description":"Aromatik Suudi \u00e7ad\u0131r\u0131, her k\u00f6\u015fesinde size sihirli ve g\u00fczel bir atmosfer sunmak i\u00e7in \u00f6zenle tasarlanm\u0131\u015ft\u0131r. Suudi \u00e7ad\u0131r\u0131, Krall\u0131\u011f\u0131n eski geleneklerini ve zengin k\u00fclt\u00fcr\u00fcn\u00fc yans\u0131tarak ona farkl\u0131 ve \u00e7ekici bir karakter kazand\u0131r\u0131r ve konuklar\u0131n\u0131zla her an\u0131n\u0131z\u0131 Suudi Arabistan'\u0131n muhte\u015fem g\u00f6ky\u00fcz\u00fc alt\u0131nda unutulmaz bir an haline getirir.","breadcrumb":{"@id":"https:\/\/saudi-gift.com\/tr\/product\/fawahah-aromaterapi-suudi-arabistan\/#breadcrumb"},"inLanguage":"tr","potentialAction":[{"@type":"ReadAction","target":["https:\/\/saudi-gift.com\/tr\/product\/fawahah-aromaterapi-suudi-arabistan\/"]}]},{"@type":"ImageObject","inLanguage":"tr","@id":"https:\/\/saudi-gift.com\/tr\/product\/fawahah-aromaterapi-suudi-arabistan\/#primaryimage","url":"https:\/\/saudi-gift.com\/wp-content\/uploads\/2025\/02\/60105.webp","contentUrl":"https:\/\/saudi-gift.com\/wp-content\/uploads\/2025\/02\/60105.webp","width":600,"height":600},{"@type":"BreadcrumbList","@id":"https:\/\/saudi-gift.com\/tr\/product\/fawahah-aromaterapi-suudi-arabistan\/#breadcrumb","itemListElement":[{"@type":"ListItem","position":1,"name":"Home","item":"https:\/\/saudi-gift.com\/tr\/"},{"@type":"ListItem","position":2,"name":"\u015eimdi Al\u0131\u015fveri\u015f Yap\u0131n","item":"https:\/\/saudi-gift.com\/tr\/simdi-alisveris-yapin\/"},{"@type":"ListItem","position":3,"name":"Fawahah Aromaterapi Suudi Arabistan"}]},{"@type":"WebSite","@id":"https:\/\/saudi-gift.com\/#website","url":"https:\/\/saudi-gift.com\/","name":"\u0647\u062f\u064a\u0629 \u0633\u0639\u0648\u062f\u064a\u0629","description":"\u0647\u062f\u064a\u0629 \u0633\u0639\u0648\u062f\u064a\u0629 \u0645\u062a\u062c\u0631 \u0627\u0644\u0643\u062a\u0631\u0648\u0646\u064a \u064a\u0642\u062f\u0645 \u0644\u0643\u0645 \u0645\u062c\u0645\u0648\u0639\u0629 \u0645\u0646 \u0627\u0644\u0647\u062f\u0627\u064a\u0627 \u0627\u0644\u062a\u064a \u062a\u062c\u0633\u062f \u0639\u0628\u0642 \u0630\u0643\u0631\u064a\u0627\u062a\u0643\u0645 \u0641\u064a \u0627\u0644\u0645\u0634\u0627\u0639\u0631 \u0627\u0644\u0645\u0642\u062f\u0633\u0629","publisher":{"@id":"https:\/\/saudi-gift.com\/#organization"},"alternateName":"\u0647\u062f\u064a\u0629 \u0633\u0639\u0648\u062f\u064a\u0629","potentialAction":[{"@type":"SearchAction","target":{"@type":"EntryPoint","urlTemplate":"https:\/\/saudi-gift.com\/?s={search_term_string}"},"query-input":{"@type":"PropertyValueSpecification","valueRequired":true,"valueName":"search_term_string"}}],"inLanguage":"tr"},{"@type":"Organization","@id":"https:\/\/saudi-gift.com\/#organization","name":"\u0645\u062a\u062c\u0631 \u0627\u0644\u0647\u062f\u064a\u0629","alternateName":"\u0647\u062f\u064a\u0629 \u0633\u0639\u0648\u062f\u064a\u0629","url":"https:\/\/saudi-gift.com\/","logo":{"@type":"ImageObject","inLanguage":"tr","@id":"https:\/\/saudi-gift.com\/#\/schema\/logo\/image\/","url":"https:\/\/saudi-gift.com\/wp-content\/uploads\/2025\/05\/2.png","contentUrl":"https:\/\/saudi-gift.com\/wp-content\/uploads\/2025\/05\/2.png","width":163,"height":42,"caption":"\u0645\u062a\u062c\u0631 \u0627\u0644\u0647\u062f\u064a\u0629"},"image":{"@id":"https:\/\/saudi-gift.com\/#\/schema\/logo\/image\/"},"sameAs":["https:\/\/www.facebook.com\/profile.php?id=61560277649059&mibextid=LQQJ4d","https:\/\/x.com\/saudigift_"]}]}},"jetpack-related-posts":[],"_links":{"self":[{"href":"https:\/\/saudi-gift.com\/tr\/wp-json\/wp\/v2\/product\/46026","targetHints":{"allow":["GET"]}}],"collection":[{"href":"https:\/\/saudi-gift.com\/tr\/wp-json\/wp\/v2\/product"}],"about":[{"href":"https:\/\/saudi-gift.com\/tr\/wp-json\/wp\/v2\/types\/product"}],"replies":[{"embeddable":true,"href":"https:\/\/saudi-gift.com\/tr\/wp-json\/wp\/v2\/comments?post=46026"}],"version-history":[{"count":0,"href":"https:\/\/saudi-gift.com\/tr\/wp-json\/wp\/v2\/product\/46026\/revisions"}],"wp:featuredmedia":[{"embeddable":true,"href":"https:\/\/saudi-gift.com\/tr\/wp-json\/wp\/v2\/media\/45686"}],"wp:attachment":[{"href":"https:\/\/saudi-gift.com\/tr\/wp-json\/wp\/v2\/media?parent=46026"}],"wp:term":[{"taxonomy":"product_brand","embeddable":true,"href":"https:\/\/saudi-gift.com\/tr\/wp-json\/wp\/v2\/product_brand?post=46026"},{"taxonomy":"product_cat","embeddable":true,"href":"https:\/\/saudi-gift.com\/tr\/wp-json\/wp\/v2\/product_cat?post=46026"},{"taxonomy":"product_tag","embeddable":true,"href":"https:\/\/saudi-gift.com\/tr\/wp-json\/wp\/v2\/product_tag?post=46026"}],"curies":[{"name":"wp","href":"https:\/\/api.w.org\/{rel}","templated":true}]}}