{"id":46119,"date":"2025-02-01T15:22:16","date_gmt":"2025-02-01T12:22:16","guid":{"rendered":"https:\/\/saudi-gift.com\/product\/yetiskinler-icin-muhammad-cotton-t-shirt\/"},"modified":"2025-02-06T13:25:24","modified_gmt":"2025-02-06T10:25:24","slug":"yetiskinler-icin-muhammad-cotton-t-shirt","status":"publish","type":"product","link":"https:\/\/saudi-gift.com\/tr\/urun\/yetiskinler-icin-muhammad-cotton-t-shirt\/","title":{"rendered":"Yeti\u015fkinler i\u00e7in Muhammad Cotton T-Shirt"},"content":{"rendered":"<p>Yeti\u015fkinler i\u00e7in Muhammad Cotton T-Shirt<\/p>\n<table class=\"table table-bordered\">\n<tbody>\n<tr>\n<th>Malzemeler<\/th>\n<td>100 pamuk<\/td>\n<\/tr>\n<tr>\n<th>Stil<\/th>\n<td>Yar\u0131m Kol G\u00f6mlek<\/td>\n<\/tr>\n<tr>\n<th>Teknik<\/th>\n<td>Bas\u0131l\u0131<\/td>\n<\/tr>\n<\/tbody>\n<\/table>\n","protected":false},"excerpt":{"rendered":"<p>100 saf pamuklu y\u00fcksek kaliteli ti\u015f\u00f6rt<\/p>\n<p>Peygamberimiz Muhammed&#8217;in hayat\u0131n\u0131 ve d\u00fcr\u00fcstl\u00fck, samimiyet ve hayal gibi g\u00fczel niteliklerini kutlayan bu rahat ve \u015f\u0131k ti\u015f\u00f6rt\u00fc giyin. Bu ti\u015f\u00f6rt unisextir ve asil de\u011ferleri ve iyi nitelikleri yans\u0131tan modern tasar\u0131mlarla gelir.<br \/>\nGer\u00e7ek bedeninizi belirlemek i\u00e7in l\u00fctfen beden tablosunu kontrol edin. Her durum i\u00e7in m\u00fckemmel olan bu ti\u015f\u00f6rt, konfor ve kaliteyi peygamberlik erdemlerini ve ahlaki de\u011ferleri yans\u0131tan bir tasar\u0131mla birle\u015ftiriyor.  <\/p>\n","protected":false},"featured_media":45597,"comment_status":"open","ping_status":"closed","template":"","meta":[],"product_brand":[],"product_cat":[365],"product_tag":[2041,2040,2042],"class_list":{"0":"post-46119","1":"product","2":"type-product","3":"status-publish","4":"has-post-thumbnail","6":"product_cat-tisortler","7":"product_tag--tr","9":"product_tag-_-tr","11":"first","12":"instock","13":"shipping-taxable","14":"purchasable","15":"product-type-variable"},"yoast_head":"<!-- This site is optimized with the Yoast SEO Premium plugin v27.2 (Yoast SEO v27.6) - https:\/\/yoast.com\/product\/yoast-seo-premium-wordpress\/ -->\n<title>Yeti\u015fkinler i\u00e7in Muhammad Cotton T-Shirt - \u0647\u062f\u064a\u0629 \u0633\u0639\u0648\u062f\u064a\u0629<\/title>\n<meta name=\"robots\" content=\"index, follow, max-snippet:-1, max-image-preview:large, max-video-preview:-1\" \/>\n<link rel=\"canonical\" href=\"https:\/\/saudi-gift.com\/tr\/product\/yetiskinler-icin-muhammad-cotton-t-shirt\/\" \/>\n<meta property=\"og:locale\" content=\"tr_TR\" \/>\n<meta property=\"og:type\" content=\"article\" \/>\n<meta property=\"og:title\" content=\"Yeti\u015fkinler i\u00e7in Muhammad Cotton T-Shirt\" \/>\n<meta property=\"og:description\" content=\"100 saf pamuklu y\u00fcksek kaliteli ti\u015f\u00f6rt Peygamberimiz Muhammed&#039;in hayat\u0131n\u0131 ve d\u00fcr\u00fcstl\u00fck, samimiyet ve hayal gibi g\u00fczel niteliklerini kutlayan bu rahat ve \u015f\u0131k ti\u015f\u00f6rt\u00fc giyin. Bu ti\u015f\u00f6rt unisextir ve asil de\u011ferleri ve iyi nitelikleri yans\u0131tan modern tasar\u0131mlarla gelir.  Ger\u00e7ek bedeninizi belirlemek i\u00e7in l\u00fctfen beden tablosunu kontrol edin. Her durum i\u00e7in m\u00fckemmel olan bu ti\u015f\u00f6rt, konfor ve kaliteyi peygamberlik erdemlerini ve ahlaki de\u011ferleri yans\u0131tan bir tasar\u0131mla birle\u015ftiriyor.\" \/>\n<meta property=\"og:url\" content=\"https:\/\/saudi-gift.com\/tr\/product\/yetiskinler-icin-muhammad-cotton-t-shirt\/\" \/>\n<meta property=\"og:site_name\" content=\"\u0647\u062f\u064a\u0629 \u0633\u0639\u0648\u062f\u064a\u0629\" \/>\n<meta property=\"article:publisher\" content=\"https:\/\/www.facebook.com\/profile.php?id=61560277649059&amp;mibextid=LQQJ4d\" \/>\n<meta property=\"article:modified_time\" content=\"2025-02-06T10:25:24+00:00\" \/>\n<meta property=\"og:image\" content=\"https:\/\/saudi-gift.com\/wp-content\/uploads\/2025\/02\/8902.webp\" \/>\n\t<meta property=\"og:image:width\" content=\"600\" \/>\n\t<meta property=\"og:image:height\" content=\"600\" \/>\n\t<meta property=\"og:image:type\" content=\"image\/webp\" \/>\n<meta name=\"twitter:card\" content=\"summary_large_image\" \/>\n<meta name=\"twitter:site\" content=\"@saudigift_\" \/>\n<script type=\"application\/ld+json\" class=\"yoast-schema-graph\">{\"@context\":\"https:\\\/\\\/schema.org\",\"@graph\":[{\"@type\":\"WebPage\",\"@id\":\"https:\\\/\\\/saudi-gift.com\\\/tr\\\/product\\\/yetiskinler-icin-muhammad-cotton-t-shirt\\\/\",\"url\":\"https:\\\/\\\/saudi-gift.com\\\/tr\\\/product\\\/yetiskinler-icin-muhammad-cotton-t-shirt\\\/\",\"name\":\"Yeti\u015fkinler i\u00e7in Muhammad Cotton T-Shirt - \u0647\u062f\u064a\u0629 \u0633\u0639\u0648\u062f\u064a\u0629\",\"isPartOf\":{\"@id\":\"https:\\\/\\\/saudi-gift.com\\\/#website\"},\"primaryImageOfPage\":{\"@id\":\"https:\\\/\\\/saudi-gift.com\\\/tr\\\/product\\\/yetiskinler-icin-muhammad-cotton-t-shirt\\\/#primaryimage\"},\"image\":{\"@id\":\"https:\\\/\\\/saudi-gift.com\\\/tr\\\/product\\\/yetiskinler-icin-muhammad-cotton-t-shirt\\\/#primaryimage\"},\"thumbnailUrl\":\"https:\\\/\\\/saudi-gift.com\\\/wp-content\\\/uploads\\\/2025\\\/02\\\/8902.webp\",\"datePublished\":\"2025-02-01T12:22:16+00:00\",\"dateModified\":\"2025-02-06T10:25:24+00:00\",\"breadcrumb\":{\"@id\":\"https:\\\/\\\/saudi-gift.com\\\/tr\\\/product\\\/yetiskinler-icin-muhammad-cotton-t-shirt\\\/#breadcrumb\"},\"inLanguage\":\"tr\",\"potentialAction\":[{\"@type\":\"ReadAction\",\"target\":[\"https:\\\/\\\/saudi-gift.com\\\/tr\\\/product\\\/yetiskinler-icin-muhammad-cotton-t-shirt\\\/\"]}]},{\"@type\":\"ImageObject\",\"inLanguage\":\"tr\",\"@id\":\"https:\\\/\\\/saudi-gift.com\\\/tr\\\/product\\\/yetiskinler-icin-muhammad-cotton-t-shirt\\\/#primaryimage\",\"url\":\"https:\\\/\\\/saudi-gift.com\\\/wp-content\\\/uploads\\\/2025\\\/02\\\/8902.webp\",\"contentUrl\":\"https:\\\/\\\/saudi-gift.com\\\/wp-content\\\/uploads\\\/2025\\\/02\\\/8902.webp\",\"width\":600,\"height\":600},{\"@type\":\"BreadcrumbList\",\"@id\":\"https:\\\/\\\/saudi-gift.com\\\/tr\\\/product\\\/yetiskinler-icin-muhammad-cotton-t-shirt\\\/#breadcrumb\",\"itemListElement\":[{\"@type\":\"ListItem\",\"position\":1,\"name\":\"Home\",\"item\":\"https:\\\/\\\/saudi-gift.com\\\/tr\\\/\"},{\"@type\":\"ListItem\",\"position\":2,\"name\":\"\u015eimdi Al\u0131\u015fveri\u015f Yap\u0131n\",\"item\":\"https:\\\/\\\/saudi-gift.com\\\/tr\\\/simdi-alisveris-yapin\\\/\"},{\"@type\":\"ListItem\",\"position\":3,\"name\":\"Yeti\u015fkinler i\u00e7in Muhammad Cotton T-Shirt\"}]},{\"@type\":\"WebSite\",\"@id\":\"https:\\\/\\\/saudi-gift.com\\\/#website\",\"url\":\"https:\\\/\\\/saudi-gift.com\\\/\",\"name\":\"\u0647\u062f\u064a\u0629 \u0633\u0639\u0648\u062f\u064a\u0629\",\"description\":\"\u0647\u062f\u064a\u0629 \u0633\u0639\u0648\u062f\u064a\u0629 \u0645\u062a\u062c\u0631 \u0627\u0644\u0643\u062a\u0631\u0648\u0646\u064a \u064a\u0642\u062f\u0645 \u0644\u0643\u0645 \u0645\u062c\u0645\u0648\u0639\u0629 \u0645\u0646 \u0627\u0644\u0647\u062f\u0627\u064a\u0627 \u0627\u0644\u062a\u064a \u062a\u062c\u0633\u062f \u0639\u0628\u0642 \u0630\u0643\u0631\u064a\u0627\u062a\u0643\u0645 \u0641\u064a \u0627\u0644\u0645\u0634\u0627\u0639\u0631 \u0627\u0644\u0645\u0642\u062f\u0633\u0629\",\"publisher\":{\"@id\":\"https:\\\/\\\/saudi-gift.com\\\/#organization\"},\"alternateName\":\"\u0647\u062f\u064a\u0629 \u0633\u0639\u0648\u062f\u064a\u0629\",\"potentialAction\":[{\"@type\":\"SearchAction\",\"target\":{\"@type\":\"EntryPoint\",\"urlTemplate\":\"https:\\\/\\\/saudi-gift.com\\\/?s={search_term_string}\"},\"query-input\":{\"@type\":\"PropertyValueSpecification\",\"valueRequired\":true,\"valueName\":\"search_term_string\"}}],\"inLanguage\":\"tr\"},{\"@type\":\"Organization\",\"@id\":\"https:\\\/\\\/saudi-gift.com\\\/#organization\",\"name\":\"\u0645\u062a\u062c\u0631 \u0627\u0644\u0647\u062f\u064a\u0629\",\"alternateName\":\"\u0647\u062f\u064a\u0629 \u0633\u0639\u0648\u062f\u064a\u0629\",\"url\":\"https:\\\/\\\/saudi-gift.com\\\/\",\"logo\":{\"@type\":\"ImageObject\",\"inLanguage\":\"tr\",\"@id\":\"https:\\\/\\\/saudi-gift.com\\\/#\\\/schema\\\/logo\\\/image\\\/\",\"url\":\"https:\\\/\\\/saudi-gift.com\\\/wp-content\\\/uploads\\\/2025\\\/05\\\/2.png\",\"contentUrl\":\"https:\\\/\\\/saudi-gift.com\\\/wp-content\\\/uploads\\\/2025\\\/05\\\/2.png\",\"width\":163,\"height\":42,\"caption\":\"\u0645\u062a\u062c\u0631 \u0627\u0644\u0647\u062f\u064a\u0629\"},\"image\":{\"@id\":\"https:\\\/\\\/saudi-gift.com\\\/#\\\/schema\\\/logo\\\/image\\\/\"},\"sameAs\":[\"https:\\\/\\\/www.facebook.com\\\/profile.php?id=61560277649059&mibextid=LQQJ4d\",\"https:\\\/\\\/x.com\\\/saudigift_\"]}]}<\/script>\n<!-- \/ Yoast SEO Premium plugin. -->","yoast_head_json":{"title":"Yeti\u015fkinler i\u00e7in Muhammad Cotton T-Shirt - \u0647\u062f\u064a\u0629 \u0633\u0639\u0648\u062f\u064a\u0629","robots":{"index":"index","follow":"follow","max-snippet":"max-snippet:-1","max-image-preview":"max-image-preview:large","max-video-preview":"max-video-preview:-1"},"canonical":"https:\/\/saudi-gift.com\/tr\/product\/yetiskinler-icin-muhammad-cotton-t-shirt\/","og_locale":"tr_TR","og_type":"article","og_title":"Yeti\u015fkinler i\u00e7in Muhammad Cotton T-Shirt","og_description":"100 saf pamuklu y\u00fcksek kaliteli ti\u015f\u00f6rt Peygamberimiz Muhammed'in hayat\u0131n\u0131 ve d\u00fcr\u00fcstl\u00fck, samimiyet ve hayal gibi g\u00fczel niteliklerini kutlayan bu rahat ve \u015f\u0131k ti\u015f\u00f6rt\u00fc giyin. Bu ti\u015f\u00f6rt unisextir ve asil de\u011ferleri ve iyi nitelikleri yans\u0131tan modern tasar\u0131mlarla gelir.  Ger\u00e7ek bedeninizi belirlemek i\u00e7in l\u00fctfen beden tablosunu kontrol edin. Her durum i\u00e7in m\u00fckemmel olan bu ti\u015f\u00f6rt, konfor ve kaliteyi peygamberlik erdemlerini ve ahlaki de\u011ferleri yans\u0131tan bir tasar\u0131mla birle\u015ftiriyor.","og_url":"https:\/\/saudi-gift.com\/tr\/product\/yetiskinler-icin-muhammad-cotton-t-shirt\/","og_site_name":"\u0647\u062f\u064a\u0629 \u0633\u0639\u0648\u062f\u064a\u0629","article_publisher":"https:\/\/www.facebook.com\/profile.php?id=61560277649059&mibextid=LQQJ4d","article_modified_time":"2025-02-06T10:25:24+00:00","og_image":[{"width":600,"height":600,"url":"https:\/\/saudi-gift.com\/wp-content\/uploads\/2025\/02\/8902.webp","type":"image\/webp"}],"twitter_card":"summary_large_image","twitter_site":"@saudigift_","schema":{"@context":"https:\/\/schema.org","@graph":[{"@type":"WebPage","@id":"https:\/\/saudi-gift.com\/tr\/product\/yetiskinler-icin-muhammad-cotton-t-shirt\/","url":"https:\/\/saudi-gift.com\/tr\/product\/yetiskinler-icin-muhammad-cotton-t-shirt\/","name":"Yeti\u015fkinler i\u00e7in Muhammad Cotton T-Shirt - \u0647\u062f\u064a\u0629 \u0633\u0639\u0648\u062f\u064a\u0629","isPartOf":{"@id":"https:\/\/saudi-gift.com\/#website"},"primaryImageOfPage":{"@id":"https:\/\/saudi-gift.com\/tr\/product\/yetiskinler-icin-muhammad-cotton-t-shirt\/#primaryimage"},"image":{"@id":"https:\/\/saudi-gift.com\/tr\/product\/yetiskinler-icin-muhammad-cotton-t-shirt\/#primaryimage"},"thumbnailUrl":"https:\/\/saudi-gift.com\/wp-content\/uploads\/2025\/02\/8902.webp","datePublished":"2025-02-01T12:22:16+00:00","dateModified":"2025-02-06T10:25:24+00:00","breadcrumb":{"@id":"https:\/\/saudi-gift.com\/tr\/product\/yetiskinler-icin-muhammad-cotton-t-shirt\/#breadcrumb"},"inLanguage":"tr","potentialAction":[{"@type":"ReadAction","target":["https:\/\/saudi-gift.com\/tr\/product\/yetiskinler-icin-muhammad-cotton-t-shirt\/"]}]},{"@type":"ImageObject","inLanguage":"tr","@id":"https:\/\/saudi-gift.com\/tr\/product\/yetiskinler-icin-muhammad-cotton-t-shirt\/#primaryimage","url":"https:\/\/saudi-gift.com\/wp-content\/uploads\/2025\/02\/8902.webp","contentUrl":"https:\/\/saudi-gift.com\/wp-content\/uploads\/2025\/02\/8902.webp","width":600,"height":600},{"@type":"BreadcrumbList","@id":"https:\/\/saudi-gift.com\/tr\/product\/yetiskinler-icin-muhammad-cotton-t-shirt\/#breadcrumb","itemListElement":[{"@type":"ListItem","position":1,"name":"Home","item":"https:\/\/saudi-gift.com\/tr\/"},{"@type":"ListItem","position":2,"name":"\u015eimdi Al\u0131\u015fveri\u015f Yap\u0131n","item":"https:\/\/saudi-gift.com\/tr\/simdi-alisveris-yapin\/"},{"@type":"ListItem","position":3,"name":"Yeti\u015fkinler i\u00e7in Muhammad Cotton T-Shirt"}]},{"@type":"WebSite","@id":"https:\/\/saudi-gift.com\/#website","url":"https:\/\/saudi-gift.com\/","name":"\u0647\u062f\u064a\u0629 \u0633\u0639\u0648\u062f\u064a\u0629","description":"\u0647\u062f\u064a\u0629 \u0633\u0639\u0648\u062f\u064a\u0629 \u0645\u062a\u062c\u0631 \u0627\u0644\u0643\u062a\u0631\u0648\u0646\u064a \u064a\u0642\u062f\u0645 \u0644\u0643\u0645 \u0645\u062c\u0645\u0648\u0639\u0629 \u0645\u0646 \u0627\u0644\u0647\u062f\u0627\u064a\u0627 \u0627\u0644\u062a\u064a \u062a\u062c\u0633\u062f \u0639\u0628\u0642 \u0630\u0643\u0631\u064a\u0627\u062a\u0643\u0645 \u0641\u064a \u0627\u0644\u0645\u0634\u0627\u0639\u0631 \u0627\u0644\u0645\u0642\u062f\u0633\u0629","publisher":{"@id":"https:\/\/saudi-gift.com\/#organization"},"alternateName":"\u0647\u062f\u064a\u0629 \u0633\u0639\u0648\u062f\u064a\u0629","potentialAction":[{"@type":"SearchAction","target":{"@type":"EntryPoint","urlTemplate":"https:\/\/saudi-gift.com\/?s={search_term_string}"},"query-input":{"@type":"PropertyValueSpecification","valueRequired":true,"valueName":"search_term_string"}}],"inLanguage":"tr"},{"@type":"Organization","@id":"https:\/\/saudi-gift.com\/#organization","name":"\u0645\u062a\u062c\u0631 \u0627\u0644\u0647\u062f\u064a\u0629","alternateName":"\u0647\u062f\u064a\u0629 \u0633\u0639\u0648\u062f\u064a\u0629","url":"https:\/\/saudi-gift.com\/","logo":{"@type":"ImageObject","inLanguage":"tr","@id":"https:\/\/saudi-gift.com\/#\/schema\/logo\/image\/","url":"https:\/\/saudi-gift.com\/wp-content\/uploads\/2025\/05\/2.png","contentUrl":"https:\/\/saudi-gift.com\/wp-content\/uploads\/2025\/05\/2.png","width":163,"height":42,"caption":"\u0645\u062a\u062c\u0631 \u0627\u0644\u0647\u062f\u064a\u0629"},"image":{"@id":"https:\/\/saudi-gift.com\/#\/schema\/logo\/image\/"},"sameAs":["https:\/\/www.facebook.com\/profile.php?id=61560277649059&mibextid=LQQJ4d","https:\/\/x.com\/saudigift_"]}]}},"jetpack-related-posts":[],"_links":{"self":[{"href":"https:\/\/saudi-gift.com\/tr\/wp-json\/wp\/v2\/product\/46119","targetHints":{"allow":["GET"]}}],"collection":[{"href":"https:\/\/saudi-gift.com\/tr\/wp-json\/wp\/v2\/product"}],"about":[{"href":"https:\/\/saudi-gift.com\/tr\/wp-json\/wp\/v2\/types\/product"}],"replies":[{"embeddable":true,"href":"https:\/\/saudi-gift.com\/tr\/wp-json\/wp\/v2\/comments?post=46119"}],"version-history":[{"count":0,"href":"https:\/\/saudi-gift.com\/tr\/wp-json\/wp\/v2\/product\/46119\/revisions"}],"wp:featuredmedia":[{"embeddable":true,"href":"https:\/\/saudi-gift.com\/tr\/wp-json\/wp\/v2\/media\/45597"}],"wp:attachment":[{"href":"https:\/\/saudi-gift.com\/tr\/wp-json\/wp\/v2\/media?parent=46119"}],"wp:term":[{"taxonomy":"product_brand","embeddable":true,"href":"https:\/\/saudi-gift.com\/tr\/wp-json\/wp\/v2\/product_brand?post=46119"},{"taxonomy":"product_cat","embeddable":true,"href":"https:\/\/saudi-gift.com\/tr\/wp-json\/wp\/v2\/product_cat?post=46119"},{"taxonomy":"product_tag","embeddable":true,"href":"https:\/\/saudi-gift.com\/tr\/wp-json\/wp\/v2\/product_tag?post=46119"}],"curies":[{"name":"wp","href":"https:\/\/api.w.org\/{rel}","templated":true}]}}