{"id":46233,"date":"2025-02-01T14:59:02","date_gmt":"2025-02-01T11:59:02","guid":{"rendered":"https:\/\/saudi-gift.com\/product\/obsidyen-tasli-tesbih\/"},"modified":"2025-02-06T14:01:15","modified_gmt":"2025-02-06T11:01:15","slug":"obsidyen-tasli-tesbih","status":"publish","type":"product","link":"https:\/\/saudi-gift.com\/tr\/urun\/obsidyen-tasli-tesbih\/","title":{"rendered":"Obsidyen Ta\u015fl\u0131 Tesbih"},"content":{"rendered":"<p>Obsidyen Ta\u015fl\u0131 Tesbih<\/p>\n<p>Obsidyen tespih boncuklar\u0131, e\u015fsiz g\u00fczelli\u011fi ve \u0131\u015f\u0131lt\u0131l\u0131 parlakl\u0131\u011f\u0131yla karakterize edilen de\u011ferli bir ta\u015f olan Obsidyen&#8217;den yap\u0131lm\u0131\u015ft\u0131r. Obsidyen pozitif enerjiyi ve ruhsal dengeyi te\u015fvik etme yetene\u011fine sahiptir ve negatif enerjilere kar\u015f\u0131 korudu\u011funa ve zihinsel berrakl\u0131\u011fa ula\u015fmaya yard\u0131mc\u0131 oldu\u011funa inan\u0131l\u0131r. Bu \u00f6zellikler Obsidyen tesbihi meditasyon ve \u015f\u00fck\u00fcr i\u00e7in ideal bir ara\u00e7 haline getirmektedir.    <\/p>\n<p>Suudi Arabistan semboll\u00fc \u00f6zel tasar\u0131m Bu tespih, Suudi Arabistan Krall\u0131\u011f\u0131&#8217;n\u0131n sembol\u00fcn\u00fc temsil eden ve l\u00fcks bir dokunu\u015f i\u00e7in alt\u0131nla kaplanm\u0131\u015f benzersiz bir kolye tasar\u0131m\u0131na sahiptir. Ayr\u0131ca tespih, \u00fcst\u00fcn i\u015f\u00e7ilik ve detaylara g\u00f6sterilen \u00f6zeni yans\u0131tan benzersiz tasar\u0131ml\u0131 bir Obsidyen ta\u015f\u0131 par\u00e7as\u0131na sahiptir. G\u00fczel bir \u015fekilde paketlenmi\u015f olarak gelen bu \u00fcr\u00fcn, g\u00fczelli\u011fi ve sanat\u0131 takdir eden herkes i\u00e7in m\u00fckemmel bir hediyedir.      <\/p>\n","protected":false},"excerpt":{"rendered":"<p><strong>Bu tespih, Suudi Arabistan&#8217;\u0131n sembol\u00fcn\u00fc temsil eden benzersiz bir kolye tasar\u0131m\u0131na sahiptir ve l\u00fcks bir dokunu\u015f i\u00e7in alt\u0131nla kaplanm\u0131\u015ft\u0131r. <\/strong><\/p>\n","protected":false},"featured_media":45589,"comment_status":"open","ping_status":"closed","template":"","meta":[],"product_brand":[],"product_cat":[357],"product_tag":[1829],"class_list":{"0":"post-46233","1":"product","2":"type-product","3":"status-publish","4":"has-post-thumbnail","6":"product_cat-medinede-uretildi","7":"product_tag--tr","9":"first","10":"outofstock","11":"shipping-taxable","12":"purchasable","13":"product-type-simple"},"yoast_head":"<!-- This site is optimized with the Yoast SEO Premium plugin v27.2 (Yoast SEO v27.6) - https:\/\/yoast.com\/product\/yoast-seo-premium-wordpress\/ -->\n<title>Obsidyen Ta\u015fl\u0131 Tesbih - \u0647\u062f\u064a\u0629 \u0633\u0639\u0648\u062f\u064a\u0629<\/title>\n<meta name=\"description\" content=\"Bu \u00f6zelle\u015ftirilmi\u015f Obsidyen tespih, Suudi Arabistan Krall\u0131\u011f\u0131&#039;n\u0131n sembol\u00fcn\u00fc temsil eden ve l\u00fcks bir dokunu\u015f i\u00e7in alt\u0131nla kaplanm\u0131\u015f benzersiz bir kolye tasar\u0131m\u0131na sahiptir. Ayr\u0131ca tespih, \u00fcst\u00fcn i\u015f\u00e7ilik ve detaylara g\u00f6sterilen \u00f6zeni yans\u0131tan benzersiz tasar\u0131ml\u0131 bir Obsidyen ta\u015f\u0131 par\u00e7as\u0131na sahiptir. G\u00fczel bir \u015fekilde paketlenmi\u015f olarak gelen bu \u00fcr\u00fcn, g\u00fczelli\u011fi ve sanat\u0131 takdir eden herkes i\u00e7in m\u00fckemmel bir hediyedir.\" \/>\n<meta name=\"robots\" content=\"index, follow, max-snippet:-1, max-image-preview:large, max-video-preview:-1\" \/>\n<link rel=\"canonical\" href=\"https:\/\/saudi-gift.com\/tr\/product\/obsidyen-tasli-tesbih\/\" \/>\n<meta property=\"og:locale\" content=\"tr_TR\" \/>\n<meta property=\"og:type\" content=\"article\" \/>\n<meta property=\"og:title\" content=\"Obsidyen Ta\u015fl\u0131 Tesbih\" \/>\n<meta property=\"og:description\" content=\"Bu \u00f6zelle\u015ftirilmi\u015f Obsidyen tespih, Suudi Arabistan Krall\u0131\u011f\u0131&#039;n\u0131n sembol\u00fcn\u00fc temsil eden ve l\u00fcks bir dokunu\u015f i\u00e7in alt\u0131nla kaplanm\u0131\u015f benzersiz bir kolye tasar\u0131m\u0131na sahiptir. Ayr\u0131ca tespih, \u00fcst\u00fcn i\u015f\u00e7ilik ve detaylara g\u00f6sterilen \u00f6zeni yans\u0131tan benzersiz tasar\u0131ml\u0131 bir Obsidyen ta\u015f\u0131 par\u00e7as\u0131na sahiptir. G\u00fczel bir \u015fekilde paketlenmi\u015f olarak gelen bu \u00fcr\u00fcn, g\u00fczelli\u011fi ve sanat\u0131 takdir eden herkes i\u00e7in m\u00fckemmel bir hediyedir.\" \/>\n<meta property=\"og:url\" content=\"https:\/\/saudi-gift.com\/tr\/product\/obsidyen-tasli-tesbih\/\" \/>\n<meta property=\"og:site_name\" content=\"\u0647\u062f\u064a\u0629 \u0633\u0639\u0648\u062f\u064a\u0629\" \/>\n<meta property=\"article:publisher\" content=\"https:\/\/www.facebook.com\/profile.php?id=61560277649059&amp;mibextid=LQQJ4d\" \/>\n<meta property=\"article:modified_time\" content=\"2025-02-06T11:01:15+00:00\" \/>\n<meta property=\"og:image\" content=\"https:\/\/saudi-gift.com\/wp-content\/uploads\/2025\/02\/\u0633\u0628\u062d\u0629-\u062d\u062c\u0631-\u0643\u0631\u064a\u0645-\u0627\u0644\u0627\u0648\u0628\u0633\u064a\u062f\u064a\u0627\u0646.webp\" \/>\n\t<meta property=\"og:image:width\" content=\"600\" \/>\n\t<meta property=\"og:image:height\" content=\"600\" \/>\n\t<meta property=\"og:image:type\" content=\"image\/webp\" \/>\n<meta name=\"twitter:card\" content=\"summary_large_image\" \/>\n<meta name=\"twitter:site\" content=\"@saudigift_\" \/>\n<meta name=\"twitter:label1\" content=\"Tahmini okuma s\u00fcresi\" \/>\n\t<meta name=\"twitter:data1\" content=\"1 dakika\" \/>\n<script type=\"application\/ld+json\" class=\"yoast-schema-graph\">{\"@context\":\"https:\\\/\\\/schema.org\",\"@graph\":[{\"@type\":\"WebPage\",\"@id\":\"https:\\\/\\\/saudi-gift.com\\\/tr\\\/product\\\/obsidyen-tasli-tesbih\\\/\",\"url\":\"https:\\\/\\\/saudi-gift.com\\\/tr\\\/product\\\/obsidyen-tasli-tesbih\\\/\",\"name\":\"Obsidyen Ta\u015fl\u0131 Tesbih - \u0647\u062f\u064a\u0629 \u0633\u0639\u0648\u062f\u064a\u0629\",\"isPartOf\":{\"@id\":\"https:\\\/\\\/saudi-gift.com\\\/#website\"},\"primaryImageOfPage\":{\"@id\":\"https:\\\/\\\/saudi-gift.com\\\/tr\\\/product\\\/obsidyen-tasli-tesbih\\\/#primaryimage\"},\"image\":{\"@id\":\"https:\\\/\\\/saudi-gift.com\\\/tr\\\/product\\\/obsidyen-tasli-tesbih\\\/#primaryimage\"},\"thumbnailUrl\":\"https:\\\/\\\/saudi-gift.com\\\/wp-content\\\/uploads\\\/2025\\\/02\\\/\u0633\u0628\u062d\u0629-\u062d\u062c\u0631-\u0643\u0631\u064a\u0645-\u0627\u0644\u0627\u0648\u0628\u0633\u064a\u062f\u064a\u0627\u0646.webp\",\"datePublished\":\"2025-02-01T11:59:02+00:00\",\"dateModified\":\"2025-02-06T11:01:15+00:00\",\"description\":\"Bu \u00f6zelle\u015ftirilmi\u015f Obsidyen tespih, Suudi Arabistan Krall\u0131\u011f\u0131'n\u0131n sembol\u00fcn\u00fc temsil eden ve l\u00fcks bir dokunu\u015f i\u00e7in alt\u0131nla kaplanm\u0131\u015f benzersiz bir kolye tasar\u0131m\u0131na sahiptir. Ayr\u0131ca tespih, \u00fcst\u00fcn i\u015f\u00e7ilik ve detaylara g\u00f6sterilen \u00f6zeni yans\u0131tan benzersiz tasar\u0131ml\u0131 bir Obsidyen ta\u015f\u0131 par\u00e7as\u0131na sahiptir. G\u00fczel bir \u015fekilde paketlenmi\u015f olarak gelen bu \u00fcr\u00fcn, g\u00fczelli\u011fi ve sanat\u0131 takdir eden herkes i\u00e7in m\u00fckemmel bir hediyedir.\",\"breadcrumb\":{\"@id\":\"https:\\\/\\\/saudi-gift.com\\\/tr\\\/product\\\/obsidyen-tasli-tesbih\\\/#breadcrumb\"},\"inLanguage\":\"tr\",\"potentialAction\":[{\"@type\":\"ReadAction\",\"target\":[\"https:\\\/\\\/saudi-gift.com\\\/tr\\\/product\\\/obsidyen-tasli-tesbih\\\/\"]}]},{\"@type\":\"ImageObject\",\"inLanguage\":\"tr\",\"@id\":\"https:\\\/\\\/saudi-gift.com\\\/tr\\\/product\\\/obsidyen-tasli-tesbih\\\/#primaryimage\",\"url\":\"https:\\\/\\\/saudi-gift.com\\\/wp-content\\\/uploads\\\/2025\\\/02\\\/\u0633\u0628\u062d\u0629-\u062d\u062c\u0631-\u0643\u0631\u064a\u0645-\u0627\u0644\u0627\u0648\u0628\u0633\u064a\u062f\u064a\u0627\u0646.webp\",\"contentUrl\":\"https:\\\/\\\/saudi-gift.com\\\/wp-content\\\/uploads\\\/2025\\\/02\\\/\u0633\u0628\u062d\u0629-\u062d\u062c\u0631-\u0643\u0631\u064a\u0645-\u0627\u0644\u0627\u0648\u0628\u0633\u064a\u062f\u064a\u0627\u0646.webp\",\"width\":600,\"height\":600},{\"@type\":\"BreadcrumbList\",\"@id\":\"https:\\\/\\\/saudi-gift.com\\\/tr\\\/product\\\/obsidyen-tasli-tesbih\\\/#breadcrumb\",\"itemListElement\":[{\"@type\":\"ListItem\",\"position\":1,\"name\":\"Home\",\"item\":\"https:\\\/\\\/saudi-gift.com\\\/tr\\\/\"},{\"@type\":\"ListItem\",\"position\":2,\"name\":\"\u015eimdi Al\u0131\u015fveri\u015f Yap\u0131n\",\"item\":\"https:\\\/\\\/saudi-gift.com\\\/tr\\\/simdi-alisveris-yapin\\\/\"},{\"@type\":\"ListItem\",\"position\":3,\"name\":\"Obsidyen Ta\u015fl\u0131 Tesbih\"}]},{\"@type\":\"WebSite\",\"@id\":\"https:\\\/\\\/saudi-gift.com\\\/#website\",\"url\":\"https:\\\/\\\/saudi-gift.com\\\/\",\"name\":\"\u0647\u062f\u064a\u0629 \u0633\u0639\u0648\u062f\u064a\u0629\",\"description\":\"\u0647\u062f\u064a\u0629 \u0633\u0639\u0648\u062f\u064a\u0629 \u0645\u062a\u062c\u0631 \u0627\u0644\u0643\u062a\u0631\u0648\u0646\u064a \u064a\u0642\u062f\u0645 \u0644\u0643\u0645 \u0645\u062c\u0645\u0648\u0639\u0629 \u0645\u0646 \u0627\u0644\u0647\u062f\u0627\u064a\u0627 \u0627\u0644\u062a\u064a \u062a\u062c\u0633\u062f \u0639\u0628\u0642 \u0630\u0643\u0631\u064a\u0627\u062a\u0643\u0645 \u0641\u064a \u0627\u0644\u0645\u0634\u0627\u0639\u0631 \u0627\u0644\u0645\u0642\u062f\u0633\u0629\",\"publisher\":{\"@id\":\"https:\\\/\\\/saudi-gift.com\\\/#organization\"},\"alternateName\":\"\u0647\u062f\u064a\u0629 \u0633\u0639\u0648\u062f\u064a\u0629\",\"potentialAction\":[{\"@type\":\"SearchAction\",\"target\":{\"@type\":\"EntryPoint\",\"urlTemplate\":\"https:\\\/\\\/saudi-gift.com\\\/?s={search_term_string}\"},\"query-input\":{\"@type\":\"PropertyValueSpecification\",\"valueRequired\":true,\"valueName\":\"search_term_string\"}}],\"inLanguage\":\"tr\"},{\"@type\":\"Organization\",\"@id\":\"https:\\\/\\\/saudi-gift.com\\\/#organization\",\"name\":\"\u0645\u062a\u062c\u0631 \u0627\u0644\u0647\u062f\u064a\u0629\",\"alternateName\":\"\u0647\u062f\u064a\u0629 \u0633\u0639\u0648\u062f\u064a\u0629\",\"url\":\"https:\\\/\\\/saudi-gift.com\\\/\",\"logo\":{\"@type\":\"ImageObject\",\"inLanguage\":\"tr\",\"@id\":\"https:\\\/\\\/saudi-gift.com\\\/#\\\/schema\\\/logo\\\/image\\\/\",\"url\":\"https:\\\/\\\/saudi-gift.com\\\/wp-content\\\/uploads\\\/2025\\\/05\\\/2.png\",\"contentUrl\":\"https:\\\/\\\/saudi-gift.com\\\/wp-content\\\/uploads\\\/2025\\\/05\\\/2.png\",\"width\":163,\"height\":42,\"caption\":\"\u0645\u062a\u062c\u0631 \u0627\u0644\u0647\u062f\u064a\u0629\"},\"image\":{\"@id\":\"https:\\\/\\\/saudi-gift.com\\\/#\\\/schema\\\/logo\\\/image\\\/\"},\"sameAs\":[\"https:\\\/\\\/www.facebook.com\\\/profile.php?id=61560277649059&mibextid=LQQJ4d\",\"https:\\\/\\\/x.com\\\/saudigift_\"]}]}<\/script>\n<!-- \/ Yoast SEO Premium plugin. -->","yoast_head_json":{"title":"Obsidyen Ta\u015fl\u0131 Tesbih - \u0647\u062f\u064a\u0629 \u0633\u0639\u0648\u062f\u064a\u0629","description":"Bu \u00f6zelle\u015ftirilmi\u015f Obsidyen tespih, Suudi Arabistan Krall\u0131\u011f\u0131'n\u0131n sembol\u00fcn\u00fc temsil eden ve l\u00fcks bir dokunu\u015f i\u00e7in alt\u0131nla kaplanm\u0131\u015f benzersiz bir kolye tasar\u0131m\u0131na sahiptir. Ayr\u0131ca tespih, \u00fcst\u00fcn i\u015f\u00e7ilik ve detaylara g\u00f6sterilen \u00f6zeni yans\u0131tan benzersiz tasar\u0131ml\u0131 bir Obsidyen ta\u015f\u0131 par\u00e7as\u0131na sahiptir. G\u00fczel bir \u015fekilde paketlenmi\u015f olarak gelen bu \u00fcr\u00fcn, g\u00fczelli\u011fi ve sanat\u0131 takdir eden herkes i\u00e7in m\u00fckemmel bir hediyedir.","robots":{"index":"index","follow":"follow","max-snippet":"max-snippet:-1","max-image-preview":"max-image-preview:large","max-video-preview":"max-video-preview:-1"},"canonical":"https:\/\/saudi-gift.com\/tr\/product\/obsidyen-tasli-tesbih\/","og_locale":"tr_TR","og_type":"article","og_title":"Obsidyen Ta\u015fl\u0131 Tesbih","og_description":"Bu \u00f6zelle\u015ftirilmi\u015f Obsidyen tespih, Suudi Arabistan Krall\u0131\u011f\u0131'n\u0131n sembol\u00fcn\u00fc temsil eden ve l\u00fcks bir dokunu\u015f i\u00e7in alt\u0131nla kaplanm\u0131\u015f benzersiz bir kolye tasar\u0131m\u0131na sahiptir. Ayr\u0131ca tespih, \u00fcst\u00fcn i\u015f\u00e7ilik ve detaylara g\u00f6sterilen \u00f6zeni yans\u0131tan benzersiz tasar\u0131ml\u0131 bir Obsidyen ta\u015f\u0131 par\u00e7as\u0131na sahiptir. G\u00fczel bir \u015fekilde paketlenmi\u015f olarak gelen bu \u00fcr\u00fcn, g\u00fczelli\u011fi ve sanat\u0131 takdir eden herkes i\u00e7in m\u00fckemmel bir hediyedir.","og_url":"https:\/\/saudi-gift.com\/tr\/product\/obsidyen-tasli-tesbih\/","og_site_name":"\u0647\u062f\u064a\u0629 \u0633\u0639\u0648\u062f\u064a\u0629","article_publisher":"https:\/\/www.facebook.com\/profile.php?id=61560277649059&mibextid=LQQJ4d","article_modified_time":"2025-02-06T11:01:15+00:00","og_image":[{"width":600,"height":600,"url":"https:\/\/saudi-gift.com\/wp-content\/uploads\/2025\/02\/\u0633\u0628\u062d\u0629-\u062d\u062c\u0631-\u0643\u0631\u064a\u0645-\u0627\u0644\u0627\u0648\u0628\u0633\u064a\u062f\u064a\u0627\u0646.webp","type":"image\/webp"}],"twitter_card":"summary_large_image","twitter_site":"@saudigift_","twitter_misc":{"Tahmini okuma s\u00fcresi":"1 dakika"},"schema":{"@context":"https:\/\/schema.org","@graph":[{"@type":"WebPage","@id":"https:\/\/saudi-gift.com\/tr\/product\/obsidyen-tasli-tesbih\/","url":"https:\/\/saudi-gift.com\/tr\/product\/obsidyen-tasli-tesbih\/","name":"Obsidyen Ta\u015fl\u0131 Tesbih - \u0647\u062f\u064a\u0629 \u0633\u0639\u0648\u062f\u064a\u0629","isPartOf":{"@id":"https:\/\/saudi-gift.com\/#website"},"primaryImageOfPage":{"@id":"https:\/\/saudi-gift.com\/tr\/product\/obsidyen-tasli-tesbih\/#primaryimage"},"image":{"@id":"https:\/\/saudi-gift.com\/tr\/product\/obsidyen-tasli-tesbih\/#primaryimage"},"thumbnailUrl":"https:\/\/saudi-gift.com\/wp-content\/uploads\/2025\/02\/\u0633\u0628\u062d\u0629-\u062d\u062c\u0631-\u0643\u0631\u064a\u0645-\u0627\u0644\u0627\u0648\u0628\u0633\u064a\u062f\u064a\u0627\u0646.webp","datePublished":"2025-02-01T11:59:02+00:00","dateModified":"2025-02-06T11:01:15+00:00","description":"Bu \u00f6zelle\u015ftirilmi\u015f Obsidyen tespih, Suudi Arabistan Krall\u0131\u011f\u0131'n\u0131n sembol\u00fcn\u00fc temsil eden ve l\u00fcks bir dokunu\u015f i\u00e7in alt\u0131nla kaplanm\u0131\u015f benzersiz bir kolye tasar\u0131m\u0131na sahiptir. Ayr\u0131ca tespih, \u00fcst\u00fcn i\u015f\u00e7ilik ve detaylara g\u00f6sterilen \u00f6zeni yans\u0131tan benzersiz tasar\u0131ml\u0131 bir Obsidyen ta\u015f\u0131 par\u00e7as\u0131na sahiptir. G\u00fczel bir \u015fekilde paketlenmi\u015f olarak gelen bu \u00fcr\u00fcn, g\u00fczelli\u011fi ve sanat\u0131 takdir eden herkes i\u00e7in m\u00fckemmel bir hediyedir.","breadcrumb":{"@id":"https:\/\/saudi-gift.com\/tr\/product\/obsidyen-tasli-tesbih\/#breadcrumb"},"inLanguage":"tr","potentialAction":[{"@type":"ReadAction","target":["https:\/\/saudi-gift.com\/tr\/product\/obsidyen-tasli-tesbih\/"]}]},{"@type":"ImageObject","inLanguage":"tr","@id":"https:\/\/saudi-gift.com\/tr\/product\/obsidyen-tasli-tesbih\/#primaryimage","url":"https:\/\/saudi-gift.com\/wp-content\/uploads\/2025\/02\/\u0633\u0628\u062d\u0629-\u062d\u062c\u0631-\u0643\u0631\u064a\u0645-\u0627\u0644\u0627\u0648\u0628\u0633\u064a\u062f\u064a\u0627\u0646.webp","contentUrl":"https:\/\/saudi-gift.com\/wp-content\/uploads\/2025\/02\/\u0633\u0628\u062d\u0629-\u062d\u062c\u0631-\u0643\u0631\u064a\u0645-\u0627\u0644\u0627\u0648\u0628\u0633\u064a\u062f\u064a\u0627\u0646.webp","width":600,"height":600},{"@type":"BreadcrumbList","@id":"https:\/\/saudi-gift.com\/tr\/product\/obsidyen-tasli-tesbih\/#breadcrumb","itemListElement":[{"@type":"ListItem","position":1,"name":"Home","item":"https:\/\/saudi-gift.com\/tr\/"},{"@type":"ListItem","position":2,"name":"\u015eimdi Al\u0131\u015fveri\u015f Yap\u0131n","item":"https:\/\/saudi-gift.com\/tr\/simdi-alisveris-yapin\/"},{"@type":"ListItem","position":3,"name":"Obsidyen Ta\u015fl\u0131 Tesbih"}]},{"@type":"WebSite","@id":"https:\/\/saudi-gift.com\/#website","url":"https:\/\/saudi-gift.com\/","name":"\u0647\u062f\u064a\u0629 \u0633\u0639\u0648\u062f\u064a\u0629","description":"\u0647\u062f\u064a\u0629 \u0633\u0639\u0648\u062f\u064a\u0629 \u0645\u062a\u062c\u0631 \u0627\u0644\u0643\u062a\u0631\u0648\u0646\u064a \u064a\u0642\u062f\u0645 \u0644\u0643\u0645 \u0645\u062c\u0645\u0648\u0639\u0629 \u0645\u0646 \u0627\u0644\u0647\u062f\u0627\u064a\u0627 \u0627\u0644\u062a\u064a \u062a\u062c\u0633\u062f \u0639\u0628\u0642 \u0630\u0643\u0631\u064a\u0627\u062a\u0643\u0645 \u0641\u064a \u0627\u0644\u0645\u0634\u0627\u0639\u0631 \u0627\u0644\u0645\u0642\u062f\u0633\u0629","publisher":{"@id":"https:\/\/saudi-gift.com\/#organization"},"alternateName":"\u0647\u062f\u064a\u0629 \u0633\u0639\u0648\u062f\u064a\u0629","potentialAction":[{"@type":"SearchAction","target":{"@type":"EntryPoint","urlTemplate":"https:\/\/saudi-gift.com\/?s={search_term_string}"},"query-input":{"@type":"PropertyValueSpecification","valueRequired":true,"valueName":"search_term_string"}}],"inLanguage":"tr"},{"@type":"Organization","@id":"https:\/\/saudi-gift.com\/#organization","name":"\u0645\u062a\u062c\u0631 \u0627\u0644\u0647\u062f\u064a\u0629","alternateName":"\u0647\u062f\u064a\u0629 \u0633\u0639\u0648\u062f\u064a\u0629","url":"https:\/\/saudi-gift.com\/","logo":{"@type":"ImageObject","inLanguage":"tr","@id":"https:\/\/saudi-gift.com\/#\/schema\/logo\/image\/","url":"https:\/\/saudi-gift.com\/wp-content\/uploads\/2025\/05\/2.png","contentUrl":"https:\/\/saudi-gift.com\/wp-content\/uploads\/2025\/05\/2.png","width":163,"height":42,"caption":"\u0645\u062a\u062c\u0631 \u0627\u0644\u0647\u062f\u064a\u0629"},"image":{"@id":"https:\/\/saudi-gift.com\/#\/schema\/logo\/image\/"},"sameAs":["https:\/\/www.facebook.com\/profile.php?id=61560277649059&mibextid=LQQJ4d","https:\/\/x.com\/saudigift_"]}]}},"jetpack-related-posts":[],"_links":{"self":[{"href":"https:\/\/saudi-gift.com\/tr\/wp-json\/wp\/v2\/product\/46233","targetHints":{"allow":["GET"]}}],"collection":[{"href":"https:\/\/saudi-gift.com\/tr\/wp-json\/wp\/v2\/product"}],"about":[{"href":"https:\/\/saudi-gift.com\/tr\/wp-json\/wp\/v2\/types\/product"}],"replies":[{"embeddable":true,"href":"https:\/\/saudi-gift.com\/tr\/wp-json\/wp\/v2\/comments?post=46233"}],"version-history":[{"count":0,"href":"https:\/\/saudi-gift.com\/tr\/wp-json\/wp\/v2\/product\/46233\/revisions"}],"wp:featuredmedia":[{"embeddable":true,"href":"https:\/\/saudi-gift.com\/tr\/wp-json\/wp\/v2\/media\/45589"}],"wp:attachment":[{"href":"https:\/\/saudi-gift.com\/tr\/wp-json\/wp\/v2\/media?parent=46233"}],"wp:term":[{"taxonomy":"product_brand","embeddable":true,"href":"https:\/\/saudi-gift.com\/tr\/wp-json\/wp\/v2\/product_brand?post=46233"},{"taxonomy":"product_cat","embeddable":true,"href":"https:\/\/saudi-gift.com\/tr\/wp-json\/wp\/v2\/product_cat?post=46233"},{"taxonomy":"product_tag","embeddable":true,"href":"https:\/\/saudi-gift.com\/tr\/wp-json\/wp\/v2\/product_tag?post=46233"}],"curies":[{"name":"wp","href":"https:\/\/api.w.org\/{rel}","templated":true}]}}