{"id":46407,"date":"2025-02-01T19:43:45","date_gmt":"2025-02-01T16:43:45","guid":{"rendered":"https:\/\/saudi-gift.com\/product\/icecek-kabi\/"},"modified":"2025-02-03T15:02:11","modified_gmt":"2025-02-03T12:02:11","slug":"icecek-kabi","status":"publish","type":"product","link":"https:\/\/saudi-gift.com\/tr\/urun\/icecek-kabi\/","title":{"rendered":"\u0130\u00e7ecek Kab\u0131"},"content":{"rendered":"<p>\u0130\u00e7ecek Kab\u0131<\/p>\n<p>\u00c7ift katmanl\u0131 cam termos \u015fi\u015fe<\/p>\n<p>Rahatl\u0131\u011f\u0131 ve kullan\u0131m kolayl\u0131\u011f\u0131n\u0131 garanti eden bu l\u00fcks cam matara ile en sevdi\u011finiz \u00e7ay\u0131 istedi\u011finiz zaman haz\u0131rlaman\u0131n keyfini \u00e7\u0131kar\u0131n. \u00c7ift katmanl\u0131 tasar\u0131m\u0131 sayesinde mataran\u0131n d\u0131\u015f k\u0131sm\u0131n\u0131n \u0131s\u0131nmayaca\u011f\u0131ndan ve i\u00e7 k\u0131sm\u0131n\u0131n \u0131s\u0131dan etkilenmeyerek k\u0131r\u0131lmaz hale gelece\u011finden emin olabilirsiniz. Matara, size m\u00fckemmel bir \u00e7ay deneyimi ya\u015fatmak i\u00e7in hava ge\u00e7irmez \u015fekilde kapat\u0131lm\u0131\u015ft\u0131r.<br \/>\nNas\u0131l kullan\u0131l\u0131r: \u00c7ay yapraklar\u0131n\u0131 orta b\u00f6l\u00fcme yerle\u015ftirebilirsiniz ve \u00e7ay demlemek istedi\u011finizde, \u00e7ay\u0131 suyla kar\u0131\u015ft\u0131rmak i\u00e7in orta b\u00f6l\u00fcm\u00fc \u00e7evirmeniz ve \u015fi\u015feyi ters \u00e7evirmeniz yeterlidir. \u00c7ay istedi\u011finiz s\u0131cakl\u0131\u011fa ula\u015ft\u0131\u011f\u0131nda \u015fi\u015feyi kapat\u0131n ve m\u00fckemmel \u00e7ay\u0131n tad\u0131n\u0131 \u00e7\u0131kar\u0131n.  <\/p>\n","protected":false},"excerpt":{"rendered":"<p><strong>Rahatl\u0131\u011f\u0131 ve kullan\u0131m kolayl\u0131\u011f\u0131n\u0131 garanti eden bu l\u00fcks cam matara ile en sevdi\u011finiz \u00e7ay\u0131 istedi\u011finiz zaman haz\u0131rlaman\u0131n keyfini \u00e7\u0131kar\u0131n.<\/strong><\/p>\n","protected":false},"featured_media":46339,"comment_status":"open","ping_status":"closed","template":"","meta":[],"product_brand":[],"product_cat":[3178],"product_tag":[2069],"class_list":{"0":"post-46407","1":"product","2":"type-product","3":"status-publish","4":"has-post-thumbnail","6":"product_cat-ikram-urunleri","7":"product_tag--tr","9":"first","10":"instock","11":"shipping-taxable","12":"purchasable","13":"product-type-simple"},"yoast_head":"<!-- This site is optimized with the Yoast SEO Premium plugin v27.2 (Yoast SEO v27.6) - https:\/\/yoast.com\/product\/yoast-seo-premium-wordpress\/ -->\n<title>\u0130\u00e7ecek Kab\u0131 - \u0647\u062f\u064a\u0629 \u0633\u0639\u0648\u062f\u064a\u0629<\/title>\n<meta name=\"description\" content=\"Rahatl\u0131\u011f\u0131 ve kullan\u0131m kolayl\u0131\u011f\u0131n\u0131 garanti eden bu l\u00fcks cam matara ile en sevdi\u011finiz \u00e7ay\u0131 istedi\u011finiz zaman haz\u0131rlaman\u0131n keyfini \u00e7\u0131kar\u0131n. \u00c7ift katmanl\u0131 tasar\u0131m\u0131 sayesinde mataran\u0131n d\u0131\u015far\u0131dan \u0131s\u0131nmayaca\u011f\u0131ndan ve i\u00e7eriden \u0131s\u0131dan etkilenmeyece\u011finden emin olabilirsiniz, bu da onu k\u0131r\u0131lmaz hale getirir. Matara, size m\u00fckemmel bir \u00e7ay deneyimi ya\u015fatmak i\u00e7in hava ge\u00e7irmez \u015fekilde kapat\u0131lm\u0131\u015ft\u0131r.\" \/>\n<meta name=\"robots\" content=\"index, follow, max-snippet:-1, max-image-preview:large, max-video-preview:-1\" \/>\n<link rel=\"canonical\" href=\"https:\/\/saudi-gift.com\/product\/\u062d\u0627\u0641\u0638\u0629-\u0645\u0634\u0631\u0648\u0628\u0627\u062a-\u0642\u0632\u0627\u0632\/\" \/>\n<meta property=\"og:locale\" content=\"tr_TR\" \/>\n<meta property=\"og:type\" content=\"article\" \/>\n<meta property=\"og:title\" content=\"\u0130\u00e7ecek Kab\u0131\" \/>\n<meta property=\"og:description\" content=\"Rahatl\u0131\u011f\u0131 ve kullan\u0131m kolayl\u0131\u011f\u0131n\u0131 garanti eden bu l\u00fcks cam matara ile en sevdi\u011finiz \u00e7ay\u0131 istedi\u011finiz zaman haz\u0131rlaman\u0131n keyfini \u00e7\u0131kar\u0131n. \u00c7ift katmanl\u0131 tasar\u0131m\u0131 sayesinde mataran\u0131n d\u0131\u015far\u0131dan \u0131s\u0131nmayaca\u011f\u0131ndan ve i\u00e7eriden \u0131s\u0131dan etkilenmeyece\u011finden emin olabilirsiniz, bu da onu k\u0131r\u0131lmaz hale getirir. Matara, size m\u00fckemmel bir \u00e7ay deneyimi ya\u015fatmak i\u00e7in hava ge\u00e7irmez \u015fekilde kapat\u0131lm\u0131\u015ft\u0131r.\" \/>\n<meta property=\"og:url\" content=\"https:\/\/saudi-gift.com\/product\/\u062d\u0627\u0641\u0638\u0629-\u0645\u0634\u0631\u0648\u0628\u0627\u062a-\u0642\u0632\u0627\u0632\/\" \/>\n<meta property=\"og:site_name\" content=\"\u0647\u062f\u064a\u0629 \u0633\u0639\u0648\u062f\u064a\u0629\" \/>\n<meta property=\"article:publisher\" content=\"https:\/\/www.facebook.com\/profile.php?id=61560277649059&amp;mibextid=LQQJ4d\" \/>\n<meta property=\"article:modified_time\" content=\"2025-02-03T12:02:11+00:00\" \/>\n<meta property=\"og:image\" content=\"https:\/\/saudi-gift.com\/wp-content\/uploads\/2025\/02\/\u062d\u0627\u0641\u0638\u0629-\u0645\u0634\u0631\u0648\u0628\u0627\u062a-\u0642\u0632\u0627\u0632.webp\" \/>\n\t<meta property=\"og:image:width\" content=\"600\" \/>\n\t<meta property=\"og:image:height\" content=\"600\" \/>\n\t<meta property=\"og:image:type\" content=\"image\/webp\" \/>\n<meta name=\"twitter:card\" content=\"summary_large_image\" \/>\n<meta name=\"twitter:site\" content=\"@saudigift_\" \/>\n<meta name=\"twitter:label1\" content=\"Tahmini okuma s\u00fcresi\" \/>\n\t<meta name=\"twitter:data1\" content=\"1 dakika\" \/>\n<script type=\"application\/ld+json\" class=\"yoast-schema-graph\">{\"@context\":\"https:\\\/\\\/schema.org\",\"@graph\":[{\"@type\":\"WebPage\",\"@id\":\"https:\\\/\\\/saudi-gift.com\\\/product\\\/%d8%ad%d8%a7%d9%81%d8%b8%d8%a9-%d9%85%d8%b4%d8%b1%d9%88%d8%a8%d8%a7%d8%aa-%d9%82%d8%b2%d8%a7%d8%b2\\\/\",\"url\":\"https:\\\/\\\/saudi-gift.com\\\/product\\\/%d8%ad%d8%a7%d9%81%d8%b8%d8%a9-%d9%85%d8%b4%d8%b1%d9%88%d8%a8%d8%a7%d8%aa-%d9%82%d8%b2%d8%a7%d8%b2\\\/\",\"name\":\"\u0130\u00e7ecek Kab\u0131 - \u0647\u062f\u064a\u0629 \u0633\u0639\u0648\u062f\u064a\u0629\",\"isPartOf\":{\"@id\":\"https:\\\/\\\/saudi-gift.com\\\/#website\"},\"primaryImageOfPage\":{\"@id\":\"https:\\\/\\\/saudi-gift.com\\\/product\\\/%d8%ad%d8%a7%d9%81%d8%b8%d8%a9-%d9%85%d8%b4%d8%b1%d9%88%d8%a8%d8%a7%d8%aa-%d9%82%d8%b2%d8%a7%d8%b2\\\/#primaryimage\"},\"image\":{\"@id\":\"https:\\\/\\\/saudi-gift.com\\\/product\\\/%d8%ad%d8%a7%d9%81%d8%b8%d8%a9-%d9%85%d8%b4%d8%b1%d9%88%d8%a8%d8%a7%d8%aa-%d9%82%d8%b2%d8%a7%d8%b2\\\/#primaryimage\"},\"thumbnailUrl\":\"https:\\\/\\\/saudi-gift.com\\\/wp-content\\\/uploads\\\/2025\\\/02\\\/\u062d\u0627\u0641\u0638\u0629-\u0645\u0634\u0631\u0648\u0628\u0627\u062a-\u0642\u0632\u0627\u0632.webp\",\"datePublished\":\"2025-02-01T16:43:45+00:00\",\"dateModified\":\"2025-02-03T12:02:11+00:00\",\"description\":\"Rahatl\u0131\u011f\u0131 ve kullan\u0131m kolayl\u0131\u011f\u0131n\u0131 garanti eden bu l\u00fcks cam matara ile en sevdi\u011finiz \u00e7ay\u0131 istedi\u011finiz zaman haz\u0131rlaman\u0131n keyfini \u00e7\u0131kar\u0131n. \u00c7ift katmanl\u0131 tasar\u0131m\u0131 sayesinde mataran\u0131n d\u0131\u015far\u0131dan \u0131s\u0131nmayaca\u011f\u0131ndan ve i\u00e7eriden \u0131s\u0131dan etkilenmeyece\u011finden emin olabilirsiniz, bu da onu k\u0131r\u0131lmaz hale getirir. Matara, size m\u00fckemmel bir \u00e7ay deneyimi ya\u015fatmak i\u00e7in hava ge\u00e7irmez \u015fekilde kapat\u0131lm\u0131\u015ft\u0131r.\",\"breadcrumb\":{\"@id\":\"https:\\\/\\\/saudi-gift.com\\\/product\\\/%d8%ad%d8%a7%d9%81%d8%b8%d8%a9-%d9%85%d8%b4%d8%b1%d9%88%d8%a8%d8%a7%d8%aa-%d9%82%d8%b2%d8%a7%d8%b2\\\/#breadcrumb\"},\"inLanguage\":\"tr\",\"potentialAction\":[{\"@type\":\"ReadAction\",\"target\":[\"https:\\\/\\\/saudi-gift.com\\\/product\\\/%d8%ad%d8%a7%d9%81%d8%b8%d8%a9-%d9%85%d8%b4%d8%b1%d9%88%d8%a8%d8%a7%d8%aa-%d9%82%d8%b2%d8%a7%d8%b2\\\/\"]}]},{\"@type\":\"ImageObject\",\"inLanguage\":\"tr\",\"@id\":\"https:\\\/\\\/saudi-gift.com\\\/product\\\/%d8%ad%d8%a7%d9%81%d8%b8%d8%a9-%d9%85%d8%b4%d8%b1%d9%88%d8%a8%d8%a7%d8%aa-%d9%82%d8%b2%d8%a7%d8%b2\\\/#primaryimage\",\"url\":\"https:\\\/\\\/saudi-gift.com\\\/wp-content\\\/uploads\\\/2025\\\/02\\\/\u062d\u0627\u0641\u0638\u0629-\u0645\u0634\u0631\u0648\u0628\u0627\u062a-\u0642\u0632\u0627\u0632.webp\",\"contentUrl\":\"https:\\\/\\\/saudi-gift.com\\\/wp-content\\\/uploads\\\/2025\\\/02\\\/\u062d\u0627\u0641\u0638\u0629-\u0645\u0634\u0631\u0648\u0628\u0627\u062a-\u0642\u0632\u0627\u0632.webp\",\"width\":600,\"height\":600},{\"@type\":\"BreadcrumbList\",\"@id\":\"https:\\\/\\\/saudi-gift.com\\\/product\\\/%d8%ad%d8%a7%d9%81%d8%b8%d8%a9-%d9%85%d8%b4%d8%b1%d9%88%d8%a8%d8%a7%d8%aa-%d9%82%d8%b2%d8%a7%d8%b2\\\/#breadcrumb\",\"itemListElement\":[{\"@type\":\"ListItem\",\"position\":1,\"name\":\"Home\",\"item\":\"https:\\\/\\\/saudi-gift.com\\\/tr\\\/\"},{\"@type\":\"ListItem\",\"position\":2,\"name\":\"\u015eimdi Al\u0131\u015fveri\u015f Yap\u0131n\",\"item\":\"https:\\\/\\\/saudi-gift.com\\\/tr\\\/simdi-alisveris-yapin\\\/\"},{\"@type\":\"ListItem\",\"position\":3,\"name\":\"\u0130\u00e7ecek Kab\u0131\"}]},{\"@type\":\"WebSite\",\"@id\":\"https:\\\/\\\/saudi-gift.com\\\/#website\",\"url\":\"https:\\\/\\\/saudi-gift.com\\\/\",\"name\":\"\u0647\u062f\u064a\u0629 \u0633\u0639\u0648\u062f\u064a\u0629\",\"description\":\"\u0647\u062f\u064a\u0629 \u0633\u0639\u0648\u062f\u064a\u0629 \u0645\u062a\u062c\u0631 \u0627\u0644\u0643\u062a\u0631\u0648\u0646\u064a \u064a\u0642\u062f\u0645 \u0644\u0643\u0645 \u0645\u062c\u0645\u0648\u0639\u0629 \u0645\u0646 \u0627\u0644\u0647\u062f\u0627\u064a\u0627 \u0627\u0644\u062a\u064a \u062a\u062c\u0633\u062f \u0639\u0628\u0642 \u0630\u0643\u0631\u064a\u0627\u062a\u0643\u0645 \u0641\u064a \u0627\u0644\u0645\u0634\u0627\u0639\u0631 \u0627\u0644\u0645\u0642\u062f\u0633\u0629\",\"publisher\":{\"@id\":\"https:\\\/\\\/saudi-gift.com\\\/#organization\"},\"alternateName\":\"\u0647\u062f\u064a\u0629 \u0633\u0639\u0648\u062f\u064a\u0629\",\"potentialAction\":[{\"@type\":\"SearchAction\",\"target\":{\"@type\":\"EntryPoint\",\"urlTemplate\":\"https:\\\/\\\/saudi-gift.com\\\/?s={search_term_string}\"},\"query-input\":{\"@type\":\"PropertyValueSpecification\",\"valueRequired\":true,\"valueName\":\"search_term_string\"}}],\"inLanguage\":\"tr\"},{\"@type\":\"Organization\",\"@id\":\"https:\\\/\\\/saudi-gift.com\\\/#organization\",\"name\":\"\u0645\u062a\u062c\u0631 \u0627\u0644\u0647\u062f\u064a\u0629\",\"alternateName\":\"\u0647\u062f\u064a\u0629 \u0633\u0639\u0648\u062f\u064a\u0629\",\"url\":\"https:\\\/\\\/saudi-gift.com\\\/\",\"logo\":{\"@type\":\"ImageObject\",\"inLanguage\":\"tr\",\"@id\":\"https:\\\/\\\/saudi-gift.com\\\/#\\\/schema\\\/logo\\\/image\\\/\",\"url\":\"https:\\\/\\\/saudi-gift.com\\\/wp-content\\\/uploads\\\/2025\\\/05\\\/2.png\",\"contentUrl\":\"https:\\\/\\\/saudi-gift.com\\\/wp-content\\\/uploads\\\/2025\\\/05\\\/2.png\",\"width\":163,\"height\":42,\"caption\":\"\u0645\u062a\u062c\u0631 \u0627\u0644\u0647\u062f\u064a\u0629\"},\"image\":{\"@id\":\"https:\\\/\\\/saudi-gift.com\\\/#\\\/schema\\\/logo\\\/image\\\/\"},\"sameAs\":[\"https:\\\/\\\/www.facebook.com\\\/profile.php?id=61560277649059&mibextid=LQQJ4d\",\"https:\\\/\\\/x.com\\\/saudigift_\"]}]}<\/script>\n<!-- \/ Yoast SEO Premium plugin. -->","yoast_head_json":{"title":"\u0130\u00e7ecek Kab\u0131 - \u0647\u062f\u064a\u0629 \u0633\u0639\u0648\u062f\u064a\u0629","description":"Rahatl\u0131\u011f\u0131 ve kullan\u0131m kolayl\u0131\u011f\u0131n\u0131 garanti eden bu l\u00fcks cam matara ile en sevdi\u011finiz \u00e7ay\u0131 istedi\u011finiz zaman haz\u0131rlaman\u0131n keyfini \u00e7\u0131kar\u0131n. \u00c7ift katmanl\u0131 tasar\u0131m\u0131 sayesinde mataran\u0131n d\u0131\u015far\u0131dan \u0131s\u0131nmayaca\u011f\u0131ndan ve i\u00e7eriden \u0131s\u0131dan etkilenmeyece\u011finden emin olabilirsiniz, bu da onu k\u0131r\u0131lmaz hale getirir. Matara, size m\u00fckemmel bir \u00e7ay deneyimi ya\u015fatmak i\u00e7in hava ge\u00e7irmez \u015fekilde kapat\u0131lm\u0131\u015ft\u0131r.","robots":{"index":"index","follow":"follow","max-snippet":"max-snippet:-1","max-image-preview":"max-image-preview:large","max-video-preview":"max-video-preview:-1"},"canonical":"https:\/\/saudi-gift.com\/product\/\u062d\u0627\u0641\u0638\u0629-\u0645\u0634\u0631\u0648\u0628\u0627\u062a-\u0642\u0632\u0627\u0632\/","og_locale":"tr_TR","og_type":"article","og_title":"\u0130\u00e7ecek Kab\u0131","og_description":"Rahatl\u0131\u011f\u0131 ve kullan\u0131m kolayl\u0131\u011f\u0131n\u0131 garanti eden bu l\u00fcks cam matara ile en sevdi\u011finiz \u00e7ay\u0131 istedi\u011finiz zaman haz\u0131rlaman\u0131n keyfini \u00e7\u0131kar\u0131n. \u00c7ift katmanl\u0131 tasar\u0131m\u0131 sayesinde mataran\u0131n d\u0131\u015far\u0131dan \u0131s\u0131nmayaca\u011f\u0131ndan ve i\u00e7eriden \u0131s\u0131dan etkilenmeyece\u011finden emin olabilirsiniz, bu da onu k\u0131r\u0131lmaz hale getirir. Matara, size m\u00fckemmel bir \u00e7ay deneyimi ya\u015fatmak i\u00e7in hava ge\u00e7irmez \u015fekilde kapat\u0131lm\u0131\u015ft\u0131r.","og_url":"https:\/\/saudi-gift.com\/product\/\u062d\u0627\u0641\u0638\u0629-\u0645\u0634\u0631\u0648\u0628\u0627\u062a-\u0642\u0632\u0627\u0632\/","og_site_name":"\u0647\u062f\u064a\u0629 \u0633\u0639\u0648\u062f\u064a\u0629","article_publisher":"https:\/\/www.facebook.com\/profile.php?id=61560277649059&mibextid=LQQJ4d","article_modified_time":"2025-02-03T12:02:11+00:00","og_image":[{"width":600,"height":600,"url":"https:\/\/saudi-gift.com\/wp-content\/uploads\/2025\/02\/\u062d\u0627\u0641\u0638\u0629-\u0645\u0634\u0631\u0648\u0628\u0627\u062a-\u0642\u0632\u0627\u0632.webp","type":"image\/webp"}],"twitter_card":"summary_large_image","twitter_site":"@saudigift_","twitter_misc":{"Tahmini okuma s\u00fcresi":"1 dakika"},"schema":{"@context":"https:\/\/schema.org","@graph":[{"@type":"WebPage","@id":"https:\/\/saudi-gift.com\/product\/%d8%ad%d8%a7%d9%81%d8%b8%d8%a9-%d9%85%d8%b4%d8%b1%d9%88%d8%a8%d8%a7%d8%aa-%d9%82%d8%b2%d8%a7%d8%b2\/","url":"https:\/\/saudi-gift.com\/product\/%d8%ad%d8%a7%d9%81%d8%b8%d8%a9-%d9%85%d8%b4%d8%b1%d9%88%d8%a8%d8%a7%d8%aa-%d9%82%d8%b2%d8%a7%d8%b2\/","name":"\u0130\u00e7ecek Kab\u0131 - \u0647\u062f\u064a\u0629 \u0633\u0639\u0648\u062f\u064a\u0629","isPartOf":{"@id":"https:\/\/saudi-gift.com\/#website"},"primaryImageOfPage":{"@id":"https:\/\/saudi-gift.com\/product\/%d8%ad%d8%a7%d9%81%d8%b8%d8%a9-%d9%85%d8%b4%d8%b1%d9%88%d8%a8%d8%a7%d8%aa-%d9%82%d8%b2%d8%a7%d8%b2\/#primaryimage"},"image":{"@id":"https:\/\/saudi-gift.com\/product\/%d8%ad%d8%a7%d9%81%d8%b8%d8%a9-%d9%85%d8%b4%d8%b1%d9%88%d8%a8%d8%a7%d8%aa-%d9%82%d8%b2%d8%a7%d8%b2\/#primaryimage"},"thumbnailUrl":"https:\/\/saudi-gift.com\/wp-content\/uploads\/2025\/02\/\u062d\u0627\u0641\u0638\u0629-\u0645\u0634\u0631\u0648\u0628\u0627\u062a-\u0642\u0632\u0627\u0632.webp","datePublished":"2025-02-01T16:43:45+00:00","dateModified":"2025-02-03T12:02:11+00:00","description":"Rahatl\u0131\u011f\u0131 ve kullan\u0131m kolayl\u0131\u011f\u0131n\u0131 garanti eden bu l\u00fcks cam matara ile en sevdi\u011finiz \u00e7ay\u0131 istedi\u011finiz zaman haz\u0131rlaman\u0131n keyfini \u00e7\u0131kar\u0131n. \u00c7ift katmanl\u0131 tasar\u0131m\u0131 sayesinde mataran\u0131n d\u0131\u015far\u0131dan \u0131s\u0131nmayaca\u011f\u0131ndan ve i\u00e7eriden \u0131s\u0131dan etkilenmeyece\u011finden emin olabilirsiniz, bu da onu k\u0131r\u0131lmaz hale getirir. Matara, size m\u00fckemmel bir \u00e7ay deneyimi ya\u015fatmak i\u00e7in hava ge\u00e7irmez \u015fekilde kapat\u0131lm\u0131\u015ft\u0131r.","breadcrumb":{"@id":"https:\/\/saudi-gift.com\/product\/%d8%ad%d8%a7%d9%81%d8%b8%d8%a9-%d9%85%d8%b4%d8%b1%d9%88%d8%a8%d8%a7%d8%aa-%d9%82%d8%b2%d8%a7%d8%b2\/#breadcrumb"},"inLanguage":"tr","potentialAction":[{"@type":"ReadAction","target":["https:\/\/saudi-gift.com\/product\/%d8%ad%d8%a7%d9%81%d8%b8%d8%a9-%d9%85%d8%b4%d8%b1%d9%88%d8%a8%d8%a7%d8%aa-%d9%82%d8%b2%d8%a7%d8%b2\/"]}]},{"@type":"ImageObject","inLanguage":"tr","@id":"https:\/\/saudi-gift.com\/product\/%d8%ad%d8%a7%d9%81%d8%b8%d8%a9-%d9%85%d8%b4%d8%b1%d9%88%d8%a8%d8%a7%d8%aa-%d9%82%d8%b2%d8%a7%d8%b2\/#primaryimage","url":"https:\/\/saudi-gift.com\/wp-content\/uploads\/2025\/02\/\u062d\u0627\u0641\u0638\u0629-\u0645\u0634\u0631\u0648\u0628\u0627\u062a-\u0642\u0632\u0627\u0632.webp","contentUrl":"https:\/\/saudi-gift.com\/wp-content\/uploads\/2025\/02\/\u062d\u0627\u0641\u0638\u0629-\u0645\u0634\u0631\u0648\u0628\u0627\u062a-\u0642\u0632\u0627\u0632.webp","width":600,"height":600},{"@type":"BreadcrumbList","@id":"https:\/\/saudi-gift.com\/product\/%d8%ad%d8%a7%d9%81%d8%b8%d8%a9-%d9%85%d8%b4%d8%b1%d9%88%d8%a8%d8%a7%d8%aa-%d9%82%d8%b2%d8%a7%d8%b2\/#breadcrumb","itemListElement":[{"@type":"ListItem","position":1,"name":"Home","item":"https:\/\/saudi-gift.com\/tr\/"},{"@type":"ListItem","position":2,"name":"\u015eimdi Al\u0131\u015fveri\u015f Yap\u0131n","item":"https:\/\/saudi-gift.com\/tr\/simdi-alisveris-yapin\/"},{"@type":"ListItem","position":3,"name":"\u0130\u00e7ecek Kab\u0131"}]},{"@type":"WebSite","@id":"https:\/\/saudi-gift.com\/#website","url":"https:\/\/saudi-gift.com\/","name":"\u0647\u062f\u064a\u0629 \u0633\u0639\u0648\u062f\u064a\u0629","description":"\u0647\u062f\u064a\u0629 \u0633\u0639\u0648\u062f\u064a\u0629 \u0645\u062a\u062c\u0631 \u0627\u0644\u0643\u062a\u0631\u0648\u0646\u064a \u064a\u0642\u062f\u0645 \u0644\u0643\u0645 \u0645\u062c\u0645\u0648\u0639\u0629 \u0645\u0646 \u0627\u0644\u0647\u062f\u0627\u064a\u0627 \u0627\u0644\u062a\u064a \u062a\u062c\u0633\u062f \u0639\u0628\u0642 \u0630\u0643\u0631\u064a\u0627\u062a\u0643\u0645 \u0641\u064a \u0627\u0644\u0645\u0634\u0627\u0639\u0631 \u0627\u0644\u0645\u0642\u062f\u0633\u0629","publisher":{"@id":"https:\/\/saudi-gift.com\/#organization"},"alternateName":"\u0647\u062f\u064a\u0629 \u0633\u0639\u0648\u062f\u064a\u0629","potentialAction":[{"@type":"SearchAction","target":{"@type":"EntryPoint","urlTemplate":"https:\/\/saudi-gift.com\/?s={search_term_string}"},"query-input":{"@type":"PropertyValueSpecification","valueRequired":true,"valueName":"search_term_string"}}],"inLanguage":"tr"},{"@type":"Organization","@id":"https:\/\/saudi-gift.com\/#organization","name":"\u0645\u062a\u062c\u0631 \u0627\u0644\u0647\u062f\u064a\u0629","alternateName":"\u0647\u062f\u064a\u0629 \u0633\u0639\u0648\u062f\u064a\u0629","url":"https:\/\/saudi-gift.com\/","logo":{"@type":"ImageObject","inLanguage":"tr","@id":"https:\/\/saudi-gift.com\/#\/schema\/logo\/image\/","url":"https:\/\/saudi-gift.com\/wp-content\/uploads\/2025\/05\/2.png","contentUrl":"https:\/\/saudi-gift.com\/wp-content\/uploads\/2025\/05\/2.png","width":163,"height":42,"caption":"\u0645\u062a\u062c\u0631 \u0627\u0644\u0647\u062f\u064a\u0629"},"image":{"@id":"https:\/\/saudi-gift.com\/#\/schema\/logo\/image\/"},"sameAs":["https:\/\/www.facebook.com\/profile.php?id=61560277649059&mibextid=LQQJ4d","https:\/\/x.com\/saudigift_"]}]}},"jetpack-related-posts":[],"_links":{"self":[{"href":"https:\/\/saudi-gift.com\/tr\/wp-json\/wp\/v2\/product\/46407","targetHints":{"allow":["GET"]}}],"collection":[{"href":"https:\/\/saudi-gift.com\/tr\/wp-json\/wp\/v2\/product"}],"about":[{"href":"https:\/\/saudi-gift.com\/tr\/wp-json\/wp\/v2\/types\/product"}],"replies":[{"embeddable":true,"href":"https:\/\/saudi-gift.com\/tr\/wp-json\/wp\/v2\/comments?post=46407"}],"version-history":[{"count":0,"href":"https:\/\/saudi-gift.com\/tr\/wp-json\/wp\/v2\/product\/46407\/revisions"}],"wp:featuredmedia":[{"embeddable":true,"href":"https:\/\/saudi-gift.com\/tr\/wp-json\/wp\/v2\/media\/46339"}],"wp:attachment":[{"href":"https:\/\/saudi-gift.com\/tr\/wp-json\/wp\/v2\/media?parent=46407"}],"wp:term":[{"taxonomy":"product_brand","embeddable":true,"href":"https:\/\/saudi-gift.com\/tr\/wp-json\/wp\/v2\/product_brand?post=46407"},{"taxonomy":"product_cat","embeddable":true,"href":"https:\/\/saudi-gift.com\/tr\/wp-json\/wp\/v2\/product_cat?post=46407"},{"taxonomy":"product_tag","embeddable":true,"href":"https:\/\/saudi-gift.com\/tr\/wp-json\/wp\/v2\/product_tag?post=46407"}],"curies":[{"name":"wp","href":"https:\/\/api.w.org\/{rel}","templated":true}]}}