{"id":46562,"date":"2025-02-01T17:46:45","date_gmt":"2025-02-01T14:46:45","guid":{"rendered":"https:\/\/saudi-gift.com\/product\/mekke-sehri-anahtarlik\/"},"modified":"2025-02-02T19:55:33","modified_gmt":"2025-02-02T16:55:33","slug":"mekke-sehri-anahtarlik","status":"publish","type":"product","link":"https:\/\/saudi-gift.com\/tr\/urun\/mekke-sehri-anahtarlik\/","title":{"rendered":"Mekke \u015eehri Anahtarl\u0131k"},"content":{"rendered":"<p>Mekke \u015eehri Anahtarl\u0131k<\/p>\n<p>Bu hat\u0131ra madalyonu sadece bir metal par\u00e7as\u0131 de\u011fil, ayn\u0131 zamanda bir tarih ve yer duygusu ta\u015f\u0131yan bir sembold\u00fcr. Her bir par\u00e7a bir hikaye anlatmakta ve bir an\u0131y\u0131 aktarmaktad\u0131r:<br \/>\n1. Kral Abd\u00fclaziz Kuleleri: Mekke&#8217;nin siluetinde bir d\u00f6n\u00fcm noktas\u0131 haline gelen d\u00fcnyan\u0131n en y\u00fcksek saatini i\u00e7erir. Bu kuleler Kutsal \u015eehrin kalbinde sofistike ve modernli\u011fin bir sembol\u00fcd\u00fcr ve Krall\u0131\u011f\u0131n \u0130ki Kutsal Camiyi geli\u015ftirme \u00e7abalar\u0131n\u0131 yans\u0131tmaktad\u0131r.<br \/>\n2. Zemzem Suyu: Zemzem, \u0130brahim Peygamber&#8217;in e\u015fi Hacer Han\u0131m&#8217;\u0131n sabr\u0131 ve inanc\u0131 sayesinde suyun akt\u0131\u011f\u0131 m\u00fcbarek bir kaynakt\u0131r. Zemzem sadece su de\u011fil, vericili\u011fin ve ilahi bereketin sembol\u00fcd\u00fcr.<br \/>\n3. Ate\u015f G\u00fcvercinleri: Mekke Camii&#8217;nin etraf\u0131nda dola\u015fan ve \u00dcmm\u00fc G\u00fcls\u00fcm ve \u015fairler taraf\u0131ndan s\u00f6ylenen ku\u015flard\u0131r. Bu ku\u015flar bu kutsal mek\u00e2nda huzur ve g\u00fcvenli\u011fi temsil eder.<br \/>\n4. Mekke Otob\u00fcs\u00fc: \u015eehrin b\u00f6lgeleri aras\u0131nda seyahat etmeyi ve en g\u00fczel yerlerini g\u00f6rmeyi kolayla\u015ft\u0131r\u0131r. Bu otob\u00fcs kentsel geli\u015fimi ve hac\u0131lar\u0131n ve ziyaret\u00e7ilerin hareketini kolayla\u015ft\u0131rmaya y\u00f6nelik ilgiyi yans\u0131tmaktad\u0131r.  <\/p>\n","protected":false},"excerpt":{"rendered":"<section class=\"product-tabs\">\n<div class=\"container\">\n<div class=\"desc_wrapper mt-5 pt-4\">\n<div id=\"pills-tabContent\" class=\"tab-content\">\n<div id=\"pills-tab1\" class=\"tab-pane fade show active\" role=\"tabpanel\" aria-labelledby=\"pills-tab1-tab\">\n<div class=\"tab_wrapper\">\n<p><strong>En iyi hammaddelerden \u00fcretilen bu madalyon, M\u00fcsl\u00fcmanlar\u0131n kalbinde Mekke&#8217;nin g\u00fczelli\u011fini ve \u00f6nemini hat\u0131rlatan bir hat\u0131ra olarak kalmas\u0131 i\u00e7in b\u00fcy\u00fck bir \u00f6zenle i\u015flenmi\u015f ve boyanm\u0131\u015ft\u0131r.&#8221;  <\/strong><\/p>\n<\/div>\n<\/div>\n<\/div>\n<\/div>\n<\/div>\n<\/section>\n<section class=\"products product-det-products section-padding bg-light-grad\">\n<div class=\"container\">\n<div class=\"section-head text-center\"><\/div>\n<\/div>\n<\/section>\n","protected":false},"featured_media":45903,"comment_status":"open","ping_status":"closed","template":"","meta":[],"product_brand":[],"product_cat":[122],"product_tag":[695],"class_list":{"0":"post-46562","1":"product","2":"type-product","3":"status-publish","4":"has-post-thumbnail","6":"product_cat-tourist-gifts","7":"product_tag-695","9":"first","10":"instock","11":"shipping-taxable","12":"purchasable","13":"product-type-simple"},"yoast_head":"<!-- This site is optimized with the Yoast SEO Premium plugin v27.2 (Yoast SEO v27.6) - https:\/\/yoast.com\/product\/yoast-seo-premium-wordpress\/ -->\n<title>Mekke \u015eehri Anahtarl\u0131k - \u0647\u062f\u064a\u0629 \u0633\u0639\u0648\u062f\u064a\u0629<\/title>\n<meta name=\"robots\" content=\"index, follow, max-snippet:-1, max-image-preview:large, max-video-preview:-1\" \/>\n<link rel=\"canonical\" href=\"https:\/\/saudi-gift.com\/tr\/product\/mekke-sehri-anahtarlik\/\" \/>\n<meta property=\"og:locale\" content=\"tr_TR\" \/>\n<meta property=\"og:type\" content=\"article\" \/>\n<meta property=\"og:title\" content=\"Mekke \u015eehri Anahtarl\u0131k\" \/>\n<meta property=\"og:description\" content=\"En iyi hammaddelerden \u00fcretilen bu madalyon, M\u00fcsl\u00fcmanlar\u0131n kalbinde Mekke&#039;nin g\u00fczelli\u011fini ve \u00f6nemini hat\u0131rlatan bir hat\u0131ra olarak kalmas\u0131 i\u00e7in b\u00fcy\u00fck bir \u00f6zenle i\u015flenmi\u015f ve boyanm\u0131\u015ft\u0131r.&quot;\" \/>\n<meta property=\"og:url\" content=\"https:\/\/saudi-gift.com\/tr\/product\/mekke-sehri-anahtarlik\/\" \/>\n<meta property=\"og:site_name\" content=\"\u0647\u062f\u064a\u0629 \u0633\u0639\u0648\u062f\u064a\u0629\" \/>\n<meta property=\"article:publisher\" content=\"https:\/\/www.facebook.com\/profile.php?id=61560277649059&amp;mibextid=LQQJ4d\" \/>\n<meta property=\"article:modified_time\" content=\"2025-02-02T16:55:33+00:00\" \/>\n<meta property=\"og:image\" content=\"https:\/\/saudi-gift.com\/wp-content\/uploads\/2025\/02\/\u0633\u0644\u0633\u0644\u0629-\u0645\u0641\u0627\u062a\u064a\u062d-\u0645\u062f\u064a\u0646\u0629-\u0645\u0643\u0647-\u0627\u0644\u0645\u0643\u0631\u0645\u0629.webp\" \/>\n\t<meta property=\"og:image:width\" content=\"600\" \/>\n\t<meta property=\"og:image:height\" content=\"600\" \/>\n\t<meta property=\"og:image:type\" content=\"image\/webp\" \/>\n<meta name=\"twitter:card\" content=\"summary_large_image\" \/>\n<meta name=\"twitter:site\" content=\"@saudigift_\" \/>\n<meta name=\"twitter:label1\" content=\"Tahmini okuma s\u00fcresi\" \/>\n\t<meta name=\"twitter:data1\" content=\"1 dakika\" \/>\n<script type=\"application\/ld+json\" class=\"yoast-schema-graph\">{\"@context\":\"https:\\\/\\\/schema.org\",\"@graph\":[{\"@type\":\"WebPage\",\"@id\":\"https:\\\/\\\/saudi-gift.com\\\/tr\\\/product\\\/mekke-sehri-anahtarlik\\\/\",\"url\":\"https:\\\/\\\/saudi-gift.com\\\/tr\\\/product\\\/mekke-sehri-anahtarlik\\\/\",\"name\":\"Mekke \u015eehri Anahtarl\u0131k - \u0647\u062f\u064a\u0629 \u0633\u0639\u0648\u062f\u064a\u0629\",\"isPartOf\":{\"@id\":\"https:\\\/\\\/saudi-gift.com\\\/#website\"},\"primaryImageOfPage\":{\"@id\":\"https:\\\/\\\/saudi-gift.com\\\/tr\\\/product\\\/mekke-sehri-anahtarlik\\\/#primaryimage\"},\"image\":{\"@id\":\"https:\\\/\\\/saudi-gift.com\\\/tr\\\/product\\\/mekke-sehri-anahtarlik\\\/#primaryimage\"},\"thumbnailUrl\":\"https:\\\/\\\/saudi-gift.com\\\/wp-content\\\/uploads\\\/2025\\\/02\\\/\u0633\u0644\u0633\u0644\u0629-\u0645\u0641\u0627\u062a\u064a\u062d-\u0645\u062f\u064a\u0646\u0629-\u0645\u0643\u0647-\u0627\u0644\u0645\u0643\u0631\u0645\u0629.webp\",\"datePublished\":\"2025-02-01T14:46:45+00:00\",\"dateModified\":\"2025-02-02T16:55:33+00:00\",\"breadcrumb\":{\"@id\":\"https:\\\/\\\/saudi-gift.com\\\/tr\\\/product\\\/mekke-sehri-anahtarlik\\\/#breadcrumb\"},\"inLanguage\":\"tr\",\"potentialAction\":[{\"@type\":\"ReadAction\",\"target\":[\"https:\\\/\\\/saudi-gift.com\\\/tr\\\/product\\\/mekke-sehri-anahtarlik\\\/\"]}]},{\"@type\":\"ImageObject\",\"inLanguage\":\"tr\",\"@id\":\"https:\\\/\\\/saudi-gift.com\\\/tr\\\/product\\\/mekke-sehri-anahtarlik\\\/#primaryimage\",\"url\":\"https:\\\/\\\/saudi-gift.com\\\/wp-content\\\/uploads\\\/2025\\\/02\\\/\u0633\u0644\u0633\u0644\u0629-\u0645\u0641\u0627\u062a\u064a\u062d-\u0645\u062f\u064a\u0646\u0629-\u0645\u0643\u0647-\u0627\u0644\u0645\u0643\u0631\u0645\u0629.webp\",\"contentUrl\":\"https:\\\/\\\/saudi-gift.com\\\/wp-content\\\/uploads\\\/2025\\\/02\\\/\u0633\u0644\u0633\u0644\u0629-\u0645\u0641\u0627\u062a\u064a\u062d-\u0645\u062f\u064a\u0646\u0629-\u0645\u0643\u0647-\u0627\u0644\u0645\u0643\u0631\u0645\u0629.webp\",\"width\":600,\"height\":600},{\"@type\":\"BreadcrumbList\",\"@id\":\"https:\\\/\\\/saudi-gift.com\\\/tr\\\/product\\\/mekke-sehri-anahtarlik\\\/#breadcrumb\",\"itemListElement\":[{\"@type\":\"ListItem\",\"position\":1,\"name\":\"Home\",\"item\":\"https:\\\/\\\/saudi-gift.com\\\/tr\\\/\"},{\"@type\":\"ListItem\",\"position\":2,\"name\":\"\u015eimdi Al\u0131\u015fveri\u015f Yap\u0131n\",\"item\":\"https:\\\/\\\/saudi-gift.com\\\/tr\\\/simdi-alisveris-yapin\\\/\"},{\"@type\":\"ListItem\",\"position\":3,\"name\":\"Mekke \u015eehri Anahtarl\u0131k\"}]},{\"@type\":\"WebSite\",\"@id\":\"https:\\\/\\\/saudi-gift.com\\\/#website\",\"url\":\"https:\\\/\\\/saudi-gift.com\\\/\",\"name\":\"\u0647\u062f\u064a\u0629 \u0633\u0639\u0648\u062f\u064a\u0629\",\"description\":\"\u0647\u062f\u064a\u0629 \u0633\u0639\u0648\u062f\u064a\u0629 \u0645\u062a\u062c\u0631 \u0627\u0644\u0643\u062a\u0631\u0648\u0646\u064a \u064a\u0642\u062f\u0645 \u0644\u0643\u0645 \u0645\u062c\u0645\u0648\u0639\u0629 \u0645\u0646 \u0627\u0644\u0647\u062f\u0627\u064a\u0627 \u0627\u0644\u062a\u064a \u062a\u062c\u0633\u062f \u0639\u0628\u0642 \u0630\u0643\u0631\u064a\u0627\u062a\u0643\u0645 \u0641\u064a \u0627\u0644\u0645\u0634\u0627\u0639\u0631 \u0627\u0644\u0645\u0642\u062f\u0633\u0629\",\"publisher\":{\"@id\":\"https:\\\/\\\/saudi-gift.com\\\/#organization\"},\"alternateName\":\"\u0647\u062f\u064a\u0629 \u0633\u0639\u0648\u062f\u064a\u0629\",\"potentialAction\":[{\"@type\":\"SearchAction\",\"target\":{\"@type\":\"EntryPoint\",\"urlTemplate\":\"https:\\\/\\\/saudi-gift.com\\\/?s={search_term_string}\"},\"query-input\":{\"@type\":\"PropertyValueSpecification\",\"valueRequired\":true,\"valueName\":\"search_term_string\"}}],\"inLanguage\":\"tr\"},{\"@type\":\"Organization\",\"@id\":\"https:\\\/\\\/saudi-gift.com\\\/#organization\",\"name\":\"\u0645\u062a\u062c\u0631 \u0627\u0644\u0647\u062f\u064a\u0629\",\"alternateName\":\"\u0647\u062f\u064a\u0629 \u0633\u0639\u0648\u062f\u064a\u0629\",\"url\":\"https:\\\/\\\/saudi-gift.com\\\/\",\"logo\":{\"@type\":\"ImageObject\",\"inLanguage\":\"tr\",\"@id\":\"https:\\\/\\\/saudi-gift.com\\\/#\\\/schema\\\/logo\\\/image\\\/\",\"url\":\"https:\\\/\\\/saudi-gift.com\\\/wp-content\\\/uploads\\\/2025\\\/05\\\/2.png\",\"contentUrl\":\"https:\\\/\\\/saudi-gift.com\\\/wp-content\\\/uploads\\\/2025\\\/05\\\/2.png\",\"width\":163,\"height\":42,\"caption\":\"\u0645\u062a\u062c\u0631 \u0627\u0644\u0647\u062f\u064a\u0629\"},\"image\":{\"@id\":\"https:\\\/\\\/saudi-gift.com\\\/#\\\/schema\\\/logo\\\/image\\\/\"},\"sameAs\":[\"https:\\\/\\\/www.facebook.com\\\/profile.php?id=61560277649059&mibextid=LQQJ4d\",\"https:\\\/\\\/x.com\\\/saudigift_\"]}]}<\/script>\n<!-- \/ Yoast SEO Premium plugin. -->","yoast_head_json":{"title":"Mekke \u015eehri Anahtarl\u0131k - \u0647\u062f\u064a\u0629 \u0633\u0639\u0648\u062f\u064a\u0629","robots":{"index":"index","follow":"follow","max-snippet":"max-snippet:-1","max-image-preview":"max-image-preview:large","max-video-preview":"max-video-preview:-1"},"canonical":"https:\/\/saudi-gift.com\/tr\/product\/mekke-sehri-anahtarlik\/","og_locale":"tr_TR","og_type":"article","og_title":"Mekke \u015eehri Anahtarl\u0131k","og_description":"En iyi hammaddelerden \u00fcretilen bu madalyon, M\u00fcsl\u00fcmanlar\u0131n kalbinde Mekke'nin g\u00fczelli\u011fini ve \u00f6nemini hat\u0131rlatan bir hat\u0131ra olarak kalmas\u0131 i\u00e7in b\u00fcy\u00fck bir \u00f6zenle i\u015flenmi\u015f ve boyanm\u0131\u015ft\u0131r.\"","og_url":"https:\/\/saudi-gift.com\/tr\/product\/mekke-sehri-anahtarlik\/","og_site_name":"\u0647\u062f\u064a\u0629 \u0633\u0639\u0648\u062f\u064a\u0629","article_publisher":"https:\/\/www.facebook.com\/profile.php?id=61560277649059&mibextid=LQQJ4d","article_modified_time":"2025-02-02T16:55:33+00:00","og_image":[{"width":600,"height":600,"url":"https:\/\/saudi-gift.com\/wp-content\/uploads\/2025\/02\/\u0633\u0644\u0633\u0644\u0629-\u0645\u0641\u0627\u062a\u064a\u062d-\u0645\u062f\u064a\u0646\u0629-\u0645\u0643\u0647-\u0627\u0644\u0645\u0643\u0631\u0645\u0629.webp","type":"image\/webp"}],"twitter_card":"summary_large_image","twitter_site":"@saudigift_","twitter_misc":{"Tahmini okuma s\u00fcresi":"1 dakika"},"schema":{"@context":"https:\/\/schema.org","@graph":[{"@type":"WebPage","@id":"https:\/\/saudi-gift.com\/tr\/product\/mekke-sehri-anahtarlik\/","url":"https:\/\/saudi-gift.com\/tr\/product\/mekke-sehri-anahtarlik\/","name":"Mekke \u015eehri Anahtarl\u0131k - \u0647\u062f\u064a\u0629 \u0633\u0639\u0648\u062f\u064a\u0629","isPartOf":{"@id":"https:\/\/saudi-gift.com\/#website"},"primaryImageOfPage":{"@id":"https:\/\/saudi-gift.com\/tr\/product\/mekke-sehri-anahtarlik\/#primaryimage"},"image":{"@id":"https:\/\/saudi-gift.com\/tr\/product\/mekke-sehri-anahtarlik\/#primaryimage"},"thumbnailUrl":"https:\/\/saudi-gift.com\/wp-content\/uploads\/2025\/02\/\u0633\u0644\u0633\u0644\u0629-\u0645\u0641\u0627\u062a\u064a\u062d-\u0645\u062f\u064a\u0646\u0629-\u0645\u0643\u0647-\u0627\u0644\u0645\u0643\u0631\u0645\u0629.webp","datePublished":"2025-02-01T14:46:45+00:00","dateModified":"2025-02-02T16:55:33+00:00","breadcrumb":{"@id":"https:\/\/saudi-gift.com\/tr\/product\/mekke-sehri-anahtarlik\/#breadcrumb"},"inLanguage":"tr","potentialAction":[{"@type":"ReadAction","target":["https:\/\/saudi-gift.com\/tr\/product\/mekke-sehri-anahtarlik\/"]}]},{"@type":"ImageObject","inLanguage":"tr","@id":"https:\/\/saudi-gift.com\/tr\/product\/mekke-sehri-anahtarlik\/#primaryimage","url":"https:\/\/saudi-gift.com\/wp-content\/uploads\/2025\/02\/\u0633\u0644\u0633\u0644\u0629-\u0645\u0641\u0627\u062a\u064a\u062d-\u0645\u062f\u064a\u0646\u0629-\u0645\u0643\u0647-\u0627\u0644\u0645\u0643\u0631\u0645\u0629.webp","contentUrl":"https:\/\/saudi-gift.com\/wp-content\/uploads\/2025\/02\/\u0633\u0644\u0633\u0644\u0629-\u0645\u0641\u0627\u062a\u064a\u062d-\u0645\u062f\u064a\u0646\u0629-\u0645\u0643\u0647-\u0627\u0644\u0645\u0643\u0631\u0645\u0629.webp","width":600,"height":600},{"@type":"BreadcrumbList","@id":"https:\/\/saudi-gift.com\/tr\/product\/mekke-sehri-anahtarlik\/#breadcrumb","itemListElement":[{"@type":"ListItem","position":1,"name":"Home","item":"https:\/\/saudi-gift.com\/tr\/"},{"@type":"ListItem","position":2,"name":"\u015eimdi Al\u0131\u015fveri\u015f Yap\u0131n","item":"https:\/\/saudi-gift.com\/tr\/simdi-alisveris-yapin\/"},{"@type":"ListItem","position":3,"name":"Mekke \u015eehri Anahtarl\u0131k"}]},{"@type":"WebSite","@id":"https:\/\/saudi-gift.com\/#website","url":"https:\/\/saudi-gift.com\/","name":"\u0647\u062f\u064a\u0629 \u0633\u0639\u0648\u062f\u064a\u0629","description":"\u0647\u062f\u064a\u0629 \u0633\u0639\u0648\u062f\u064a\u0629 \u0645\u062a\u062c\u0631 \u0627\u0644\u0643\u062a\u0631\u0648\u0646\u064a \u064a\u0642\u062f\u0645 \u0644\u0643\u0645 \u0645\u062c\u0645\u0648\u0639\u0629 \u0645\u0646 \u0627\u0644\u0647\u062f\u0627\u064a\u0627 \u0627\u0644\u062a\u064a \u062a\u062c\u0633\u062f \u0639\u0628\u0642 \u0630\u0643\u0631\u064a\u0627\u062a\u0643\u0645 \u0641\u064a \u0627\u0644\u0645\u0634\u0627\u0639\u0631 \u0627\u0644\u0645\u0642\u062f\u0633\u0629","publisher":{"@id":"https:\/\/saudi-gift.com\/#organization"},"alternateName":"\u0647\u062f\u064a\u0629 \u0633\u0639\u0648\u062f\u064a\u0629","potentialAction":[{"@type":"SearchAction","target":{"@type":"EntryPoint","urlTemplate":"https:\/\/saudi-gift.com\/?s={search_term_string}"},"query-input":{"@type":"PropertyValueSpecification","valueRequired":true,"valueName":"search_term_string"}}],"inLanguage":"tr"},{"@type":"Organization","@id":"https:\/\/saudi-gift.com\/#organization","name":"\u0645\u062a\u062c\u0631 \u0627\u0644\u0647\u062f\u064a\u0629","alternateName":"\u0647\u062f\u064a\u0629 \u0633\u0639\u0648\u062f\u064a\u0629","url":"https:\/\/saudi-gift.com\/","logo":{"@type":"ImageObject","inLanguage":"tr","@id":"https:\/\/saudi-gift.com\/#\/schema\/logo\/image\/","url":"https:\/\/saudi-gift.com\/wp-content\/uploads\/2025\/05\/2.png","contentUrl":"https:\/\/saudi-gift.com\/wp-content\/uploads\/2025\/05\/2.png","width":163,"height":42,"caption":"\u0645\u062a\u062c\u0631 \u0627\u0644\u0647\u062f\u064a\u0629"},"image":{"@id":"https:\/\/saudi-gift.com\/#\/schema\/logo\/image\/"},"sameAs":["https:\/\/www.facebook.com\/profile.php?id=61560277649059&mibextid=LQQJ4d","https:\/\/x.com\/saudigift_"]}]}},"jetpack-related-posts":[],"_links":{"self":[{"href":"https:\/\/saudi-gift.com\/tr\/wp-json\/wp\/v2\/product\/46562","targetHints":{"allow":["GET"]}}],"collection":[{"href":"https:\/\/saudi-gift.com\/tr\/wp-json\/wp\/v2\/product"}],"about":[{"href":"https:\/\/saudi-gift.com\/tr\/wp-json\/wp\/v2\/types\/product"}],"replies":[{"embeddable":true,"href":"https:\/\/saudi-gift.com\/tr\/wp-json\/wp\/v2\/comments?post=46562"}],"version-history":[{"count":0,"href":"https:\/\/saudi-gift.com\/tr\/wp-json\/wp\/v2\/product\/46562\/revisions"}],"wp:featuredmedia":[{"embeddable":true,"href":"https:\/\/saudi-gift.com\/tr\/wp-json\/wp\/v2\/media\/45903"}],"wp:attachment":[{"href":"https:\/\/saudi-gift.com\/tr\/wp-json\/wp\/v2\/media?parent=46562"}],"wp:term":[{"taxonomy":"product_brand","embeddable":true,"href":"https:\/\/saudi-gift.com\/tr\/wp-json\/wp\/v2\/product_brand?post=46562"},{"taxonomy":"product_cat","embeddable":true,"href":"https:\/\/saudi-gift.com\/tr\/wp-json\/wp\/v2\/product_cat?post=46562"},{"taxonomy":"product_tag","embeddable":true,"href":"https:\/\/saudi-gift.com\/tr\/wp-json\/wp\/v2\/product_tag?post=46562"}],"curies":[{"name":"wp","href":"https:\/\/api.w.org\/{rel}","templated":true}]}}