{"id":46662,"date":"2025-02-01T14:23:05","date_gmt":"2025-02-01T11:23:05","guid":{"rendered":"https:\/\/saudi-gift.com\/product\/degerli-tas-lepidolit-tesbih\/"},"modified":"2025-02-03T19:20:18","modified_gmt":"2025-02-03T16:20:18","slug":"degerli-tas-lepidolit-tesbih","status":"publish","type":"product","link":"https:\/\/saudi-gift.com\/tr\/urun\/degerli-tas-lepidolit-tesbih\/","title":{"rendered":"De\u011ferli Ta\u015f-Lepidolit Tesbih"},"content":{"rendered":"<p>De\u011ferli Ta\u015f-Lepidolit Tesbih<\/p>\n<p>&#8220;Tesbih ve isti\u011ffar, M\u00fcsl\u00fcmanlar\u0131n Allah&#8217;\u0131 y\u00fccelterek, \u00f6verek, tesbih ederek ve ba\u011f\u0131\u015flayarak O&#8217;na yakla\u015ft\u0131klar\u0131 en \u00f6nemli iki ibadettir. Peygamber Muhammed (sav) \u015f\u00f6yle buyurmu\u015ftur: &#8220;Kim ba\u011f\u0131\u015flamay\u0131 al\u0131\u015fkanl\u0131k haline getirirse, Allah onun i\u00e7in her s\u0131k\u0131nt\u0131dan bir \u00e7\u0131k\u0131\u015f, her zorluktan bir kurtulu\u015f yolu yarat\u0131r ve onu ummad\u0131\u011f\u0131 yerden r\u0131z\u0131kland\u0131r\u0131r.&#8221; Tespih, zikir ve \u015f\u00fck\u00fcrde kullan\u0131ld\u0131\u011f\u0131 i\u00e7in M\u00fcsl\u00fcmanlar i\u00e7in \u00f6zel bir yere sahiptir ve g\u00fcnl\u00fck ruhani ya\u015fam\u0131n \u00f6nemli bir par\u00e7as\u0131d\u0131r. De\u011ferli ta\u015ftan bir tespih hediye etmek, do\u011fal g\u00fczelli\u011fi ve detaylara g\u00f6sterilen \u00f6zeni yans\u0131tt\u0131\u011f\u0131 i\u00e7in bir takdir ve sevgi sembol\u00fcd\u00fcr.<br \/>\nLepidolitin \u00d6zellikleri Lepidolit de\u011ferli ta\u015f\u0131, sakinle\u015ftirici ve enerji verici \u00f6zelliklere sahip e\u015fsiz ve de\u011ferli bir de\u011ferli ta\u015ft\u0131r. Zihni sakinle\u015ftirdi\u011fi, depresyon ve anksiyeteyi hafifletti\u011fi bilinmektedir, bu da onu duygusal dengeyi te\u015fvik etmek i\u00e7in yararl\u0131 bir ara\u00e7 haline getirir. Tan\u0131nm\u0131\u015f iyile\u015ftirici yetenekleri nedeniyle aranan bir de\u011ferli ta\u015ft\u0131r. Genel sa\u011fl\u0131\u011f\u0131n\u0131z \u00fczerinde olumlu etkiler elde etmek i\u00e7in meditasyon veya ruhani uygulamalara dahil edilebilir.<br \/>\nMedine Kubbesi Tasar\u0131m\u0131 Bu tespih, Medine Kubbesi ile benzersiz bir kolye tasar\u0131m\u0131na sahiptir.         <\/p>\n","protected":false},"excerpt":{"rendered":"<p>Lepidolit de\u011ferli ta\u015f\u0131, yat\u0131\u015ft\u0131r\u0131c\u0131 ve canland\u0131r\u0131c\u0131 \u00f6zelliklere sahip e\u015fsiz ve de\u011ferli bir de\u011ferli ta\u015ft\u0131r. <\/p>\n","protected":false},"featured_media":45454,"comment_status":"open","ping_status":"closed","template":"","meta":[],"product_brand":[],"product_cat":[132],"product_tag":[1829],"class_list":{"0":"post-46662","1":"product","2":"type-product","3":"status-publish","4":"has-post-thumbnail","6":"product_cat-made-in-medina","7":"product_tag--tr","9":"first","10":"instock","11":"shipping-taxable","12":"purchasable","13":"product-type-simple"},"yoast_head":"<!-- This site is optimized with the Yoast SEO Premium plugin v27.2 (Yoast SEO v27.6) - https:\/\/yoast.com\/product\/yoast-seo-premium-wordpress\/ -->\n<title>De\u011ferli Ta\u015f-Lepidolit Tesbih - \u0647\u062f\u064a\u0629 \u0633\u0639\u0648\u062f\u064a\u0629<\/title>\n<meta name=\"description\" content=\"De\u011ferli ta\u015ftan bir tespih hediye etmek, do\u011fal g\u00fczelli\u011fi ve detaylara g\u00f6sterilen \u00f6zeni yans\u0131tan bir takdir ve sevgi sembol\u00fcd\u00fcr. Lepidolit De\u011ferli Ta\u015f\u0131n \u00d6zellikleri Lepidolit, sakinle\u015ftirici ve enerji verici \u00f6zelliklere sahip e\u015fsiz ve de\u011ferli bir de\u011ferli ta\u015ft\u0131r.\" \/>\n<meta name=\"robots\" content=\"index, follow, max-snippet:-1, max-image-preview:large, max-video-preview:-1\" \/>\n<link rel=\"canonical\" href=\"https:\/\/saudi-gift.com\/tr\/product\/degerli-tas-lepidolit-tesbih\/\" \/>\n<meta property=\"og:locale\" content=\"tr_TR\" \/>\n<meta property=\"og:type\" content=\"article\" \/>\n<meta property=\"og:title\" content=\"De\u011ferli Ta\u015f-Lepidolit Tesbih\" \/>\n<meta property=\"og:description\" content=\"De\u011ferli ta\u015ftan bir tespih hediye etmek, do\u011fal g\u00fczelli\u011fi ve detaylara g\u00f6sterilen \u00f6zeni yans\u0131tan bir takdir ve sevgi sembol\u00fcd\u00fcr. Lepidolit De\u011ferli Ta\u015f\u0131n \u00d6zellikleri Lepidolit, sakinle\u015ftirici ve enerji verici \u00f6zelliklere sahip e\u015fsiz ve de\u011ferli bir de\u011ferli ta\u015ft\u0131r.\" \/>\n<meta property=\"og:url\" content=\"https:\/\/saudi-gift.com\/tr\/product\/degerli-tas-lepidolit-tesbih\/\" \/>\n<meta property=\"og:site_name\" content=\"\u0647\u062f\u064a\u0629 \u0633\u0639\u0648\u062f\u064a\u0629\" \/>\n<meta property=\"article:publisher\" content=\"https:\/\/www.facebook.com\/profile.php?id=61560277649059&amp;mibextid=LQQJ4d\" \/>\n<meta property=\"article:modified_time\" content=\"2025-02-03T16:20:18+00:00\" \/>\n<meta property=\"og:image\" content=\"https:\/\/saudi-gift.com\/wp-content\/uploads\/2025\/02\/\u0633\u0628\u062d\u0629-\u062d\u062c\u0631-\u0643\u0631\u064a\u0645-\u0627\u0644\u0644\u064a\u0628\u064a\u062f\u0648\u0644\u064a\u062a.webp\" \/>\n\t<meta property=\"og:image:width\" content=\"600\" \/>\n\t<meta property=\"og:image:height\" content=\"600\" \/>\n\t<meta property=\"og:image:type\" content=\"image\/webp\" \/>\n<meta name=\"twitter:card\" content=\"summary_large_image\" \/>\n<meta name=\"twitter:site\" content=\"@saudigift_\" \/>\n<meta name=\"twitter:label1\" content=\"Tahmini okuma s\u00fcresi\" \/>\n\t<meta name=\"twitter:data1\" content=\"1 dakika\" \/>\n<script type=\"application\/ld+json\" class=\"yoast-schema-graph\">{\"@context\":\"https:\\\/\\\/schema.org\",\"@graph\":[{\"@type\":\"WebPage\",\"@id\":\"https:\\\/\\\/saudi-gift.com\\\/tr\\\/product\\\/degerli-tas-lepidolit-tesbih\\\/\",\"url\":\"https:\\\/\\\/saudi-gift.com\\\/tr\\\/product\\\/degerli-tas-lepidolit-tesbih\\\/\",\"name\":\"De\u011ferli Ta\u015f-Lepidolit Tesbih - \u0647\u062f\u064a\u0629 \u0633\u0639\u0648\u062f\u064a\u0629\",\"isPartOf\":{\"@id\":\"https:\\\/\\\/saudi-gift.com\\\/#website\"},\"primaryImageOfPage\":{\"@id\":\"https:\\\/\\\/saudi-gift.com\\\/tr\\\/product\\\/degerli-tas-lepidolit-tesbih\\\/#primaryimage\"},\"image\":{\"@id\":\"https:\\\/\\\/saudi-gift.com\\\/tr\\\/product\\\/degerli-tas-lepidolit-tesbih\\\/#primaryimage\"},\"thumbnailUrl\":\"https:\\\/\\\/saudi-gift.com\\\/wp-content\\\/uploads\\\/2025\\\/02\\\/\u0633\u0628\u062d\u0629-\u062d\u062c\u0631-\u0643\u0631\u064a\u0645-\u0627\u0644\u0644\u064a\u0628\u064a\u062f\u0648\u0644\u064a\u062a.webp\",\"datePublished\":\"2025-02-01T11:23:05+00:00\",\"dateModified\":\"2025-02-03T16:20:18+00:00\",\"description\":\"De\u011ferli ta\u015ftan bir tespih hediye etmek, do\u011fal g\u00fczelli\u011fi ve detaylara g\u00f6sterilen \u00f6zeni yans\u0131tan bir takdir ve sevgi sembol\u00fcd\u00fcr. Lepidolit De\u011ferli Ta\u015f\u0131n \u00d6zellikleri Lepidolit, sakinle\u015ftirici ve enerji verici \u00f6zelliklere sahip e\u015fsiz ve de\u011ferli bir de\u011ferli ta\u015ft\u0131r.\",\"breadcrumb\":{\"@id\":\"https:\\\/\\\/saudi-gift.com\\\/tr\\\/product\\\/degerli-tas-lepidolit-tesbih\\\/#breadcrumb\"},\"inLanguage\":\"tr\",\"potentialAction\":[{\"@type\":\"ReadAction\",\"target\":[\"https:\\\/\\\/saudi-gift.com\\\/tr\\\/product\\\/degerli-tas-lepidolit-tesbih\\\/\"]}]},{\"@type\":\"ImageObject\",\"inLanguage\":\"tr\",\"@id\":\"https:\\\/\\\/saudi-gift.com\\\/tr\\\/product\\\/degerli-tas-lepidolit-tesbih\\\/#primaryimage\",\"url\":\"https:\\\/\\\/saudi-gift.com\\\/wp-content\\\/uploads\\\/2025\\\/02\\\/\u0633\u0628\u062d\u0629-\u062d\u062c\u0631-\u0643\u0631\u064a\u0645-\u0627\u0644\u0644\u064a\u0628\u064a\u062f\u0648\u0644\u064a\u062a.webp\",\"contentUrl\":\"https:\\\/\\\/saudi-gift.com\\\/wp-content\\\/uploads\\\/2025\\\/02\\\/\u0633\u0628\u062d\u0629-\u062d\u062c\u0631-\u0643\u0631\u064a\u0645-\u0627\u0644\u0644\u064a\u0628\u064a\u062f\u0648\u0644\u064a\u062a.webp\",\"width\":600,\"height\":600},{\"@type\":\"BreadcrumbList\",\"@id\":\"https:\\\/\\\/saudi-gift.com\\\/tr\\\/product\\\/degerli-tas-lepidolit-tesbih\\\/#breadcrumb\",\"itemListElement\":[{\"@type\":\"ListItem\",\"position\":1,\"name\":\"Home\",\"item\":\"https:\\\/\\\/saudi-gift.com\\\/tr\\\/\"},{\"@type\":\"ListItem\",\"position\":2,\"name\":\"\u015eimdi Al\u0131\u015fveri\u015f Yap\u0131n\",\"item\":\"https:\\\/\\\/saudi-gift.com\\\/tr\\\/simdi-alisveris-yapin\\\/\"},{\"@type\":\"ListItem\",\"position\":3,\"name\":\"De\u011ferli Ta\u015f-Lepidolit Tesbih\"}]},{\"@type\":\"WebSite\",\"@id\":\"https:\\\/\\\/saudi-gift.com\\\/#website\",\"url\":\"https:\\\/\\\/saudi-gift.com\\\/\",\"name\":\"\u0647\u062f\u064a\u0629 \u0633\u0639\u0648\u062f\u064a\u0629\",\"description\":\"\u0647\u062f\u064a\u0629 \u0633\u0639\u0648\u062f\u064a\u0629 \u0645\u062a\u062c\u0631 \u0627\u0644\u0643\u062a\u0631\u0648\u0646\u064a \u064a\u0642\u062f\u0645 \u0644\u0643\u0645 \u0645\u062c\u0645\u0648\u0639\u0629 \u0645\u0646 \u0627\u0644\u0647\u062f\u0627\u064a\u0627 \u0627\u0644\u062a\u064a \u062a\u062c\u0633\u062f \u0639\u0628\u0642 \u0630\u0643\u0631\u064a\u0627\u062a\u0643\u0645 \u0641\u064a \u0627\u0644\u0645\u0634\u0627\u0639\u0631 \u0627\u0644\u0645\u0642\u062f\u0633\u0629\",\"publisher\":{\"@id\":\"https:\\\/\\\/saudi-gift.com\\\/#organization\"},\"alternateName\":\"\u0647\u062f\u064a\u0629 \u0633\u0639\u0648\u062f\u064a\u0629\",\"potentialAction\":[{\"@type\":\"SearchAction\",\"target\":{\"@type\":\"EntryPoint\",\"urlTemplate\":\"https:\\\/\\\/saudi-gift.com\\\/?s={search_term_string}\"},\"query-input\":{\"@type\":\"PropertyValueSpecification\",\"valueRequired\":true,\"valueName\":\"search_term_string\"}}],\"inLanguage\":\"tr\"},{\"@type\":\"Organization\",\"@id\":\"https:\\\/\\\/saudi-gift.com\\\/#organization\",\"name\":\"\u0645\u062a\u062c\u0631 \u0627\u0644\u0647\u062f\u064a\u0629\",\"alternateName\":\"\u0647\u062f\u064a\u0629 \u0633\u0639\u0648\u062f\u064a\u0629\",\"url\":\"https:\\\/\\\/saudi-gift.com\\\/\",\"logo\":{\"@type\":\"ImageObject\",\"inLanguage\":\"tr\",\"@id\":\"https:\\\/\\\/saudi-gift.com\\\/#\\\/schema\\\/logo\\\/image\\\/\",\"url\":\"https:\\\/\\\/saudi-gift.com\\\/wp-content\\\/uploads\\\/2025\\\/05\\\/2.png\",\"contentUrl\":\"https:\\\/\\\/saudi-gift.com\\\/wp-content\\\/uploads\\\/2025\\\/05\\\/2.png\",\"width\":163,\"height\":42,\"caption\":\"\u0645\u062a\u062c\u0631 \u0627\u0644\u0647\u062f\u064a\u0629\"},\"image\":{\"@id\":\"https:\\\/\\\/saudi-gift.com\\\/#\\\/schema\\\/logo\\\/image\\\/\"},\"sameAs\":[\"https:\\\/\\\/www.facebook.com\\\/profile.php?id=61560277649059&mibextid=LQQJ4d\",\"https:\\\/\\\/x.com\\\/saudigift_\"]}]}<\/script>\n<!-- \/ Yoast SEO Premium plugin. -->","yoast_head_json":{"title":"De\u011ferli Ta\u015f-Lepidolit Tesbih - \u0647\u062f\u064a\u0629 \u0633\u0639\u0648\u062f\u064a\u0629","description":"De\u011ferli ta\u015ftan bir tespih hediye etmek, do\u011fal g\u00fczelli\u011fi ve detaylara g\u00f6sterilen \u00f6zeni yans\u0131tan bir takdir ve sevgi sembol\u00fcd\u00fcr. Lepidolit De\u011ferli Ta\u015f\u0131n \u00d6zellikleri Lepidolit, sakinle\u015ftirici ve enerji verici \u00f6zelliklere sahip e\u015fsiz ve de\u011ferli bir de\u011ferli ta\u015ft\u0131r.","robots":{"index":"index","follow":"follow","max-snippet":"max-snippet:-1","max-image-preview":"max-image-preview:large","max-video-preview":"max-video-preview:-1"},"canonical":"https:\/\/saudi-gift.com\/tr\/product\/degerli-tas-lepidolit-tesbih\/","og_locale":"tr_TR","og_type":"article","og_title":"De\u011ferli Ta\u015f-Lepidolit Tesbih","og_description":"De\u011ferli ta\u015ftan bir tespih hediye etmek, do\u011fal g\u00fczelli\u011fi ve detaylara g\u00f6sterilen \u00f6zeni yans\u0131tan bir takdir ve sevgi sembol\u00fcd\u00fcr. Lepidolit De\u011ferli Ta\u015f\u0131n \u00d6zellikleri Lepidolit, sakinle\u015ftirici ve enerji verici \u00f6zelliklere sahip e\u015fsiz ve de\u011ferli bir de\u011ferli ta\u015ft\u0131r.","og_url":"https:\/\/saudi-gift.com\/tr\/product\/degerli-tas-lepidolit-tesbih\/","og_site_name":"\u0647\u062f\u064a\u0629 \u0633\u0639\u0648\u062f\u064a\u0629","article_publisher":"https:\/\/www.facebook.com\/profile.php?id=61560277649059&mibextid=LQQJ4d","article_modified_time":"2025-02-03T16:20:18+00:00","og_image":[{"width":600,"height":600,"url":"https:\/\/saudi-gift.com\/wp-content\/uploads\/2025\/02\/\u0633\u0628\u062d\u0629-\u062d\u062c\u0631-\u0643\u0631\u064a\u0645-\u0627\u0644\u0644\u064a\u0628\u064a\u062f\u0648\u0644\u064a\u062a.webp","type":"image\/webp"}],"twitter_card":"summary_large_image","twitter_site":"@saudigift_","twitter_misc":{"Tahmini okuma s\u00fcresi":"1 dakika"},"schema":{"@context":"https:\/\/schema.org","@graph":[{"@type":"WebPage","@id":"https:\/\/saudi-gift.com\/tr\/product\/degerli-tas-lepidolit-tesbih\/","url":"https:\/\/saudi-gift.com\/tr\/product\/degerli-tas-lepidolit-tesbih\/","name":"De\u011ferli Ta\u015f-Lepidolit Tesbih - \u0647\u062f\u064a\u0629 \u0633\u0639\u0648\u062f\u064a\u0629","isPartOf":{"@id":"https:\/\/saudi-gift.com\/#website"},"primaryImageOfPage":{"@id":"https:\/\/saudi-gift.com\/tr\/product\/degerli-tas-lepidolit-tesbih\/#primaryimage"},"image":{"@id":"https:\/\/saudi-gift.com\/tr\/product\/degerli-tas-lepidolit-tesbih\/#primaryimage"},"thumbnailUrl":"https:\/\/saudi-gift.com\/wp-content\/uploads\/2025\/02\/\u0633\u0628\u062d\u0629-\u062d\u062c\u0631-\u0643\u0631\u064a\u0645-\u0627\u0644\u0644\u064a\u0628\u064a\u062f\u0648\u0644\u064a\u062a.webp","datePublished":"2025-02-01T11:23:05+00:00","dateModified":"2025-02-03T16:20:18+00:00","description":"De\u011ferli ta\u015ftan bir tespih hediye etmek, do\u011fal g\u00fczelli\u011fi ve detaylara g\u00f6sterilen \u00f6zeni yans\u0131tan bir takdir ve sevgi sembol\u00fcd\u00fcr. Lepidolit De\u011ferli Ta\u015f\u0131n \u00d6zellikleri Lepidolit, sakinle\u015ftirici ve enerji verici \u00f6zelliklere sahip e\u015fsiz ve de\u011ferli bir de\u011ferli ta\u015ft\u0131r.","breadcrumb":{"@id":"https:\/\/saudi-gift.com\/tr\/product\/degerli-tas-lepidolit-tesbih\/#breadcrumb"},"inLanguage":"tr","potentialAction":[{"@type":"ReadAction","target":["https:\/\/saudi-gift.com\/tr\/product\/degerli-tas-lepidolit-tesbih\/"]}]},{"@type":"ImageObject","inLanguage":"tr","@id":"https:\/\/saudi-gift.com\/tr\/product\/degerli-tas-lepidolit-tesbih\/#primaryimage","url":"https:\/\/saudi-gift.com\/wp-content\/uploads\/2025\/02\/\u0633\u0628\u062d\u0629-\u062d\u062c\u0631-\u0643\u0631\u064a\u0645-\u0627\u0644\u0644\u064a\u0628\u064a\u062f\u0648\u0644\u064a\u062a.webp","contentUrl":"https:\/\/saudi-gift.com\/wp-content\/uploads\/2025\/02\/\u0633\u0628\u062d\u0629-\u062d\u062c\u0631-\u0643\u0631\u064a\u0645-\u0627\u0644\u0644\u064a\u0628\u064a\u062f\u0648\u0644\u064a\u062a.webp","width":600,"height":600},{"@type":"BreadcrumbList","@id":"https:\/\/saudi-gift.com\/tr\/product\/degerli-tas-lepidolit-tesbih\/#breadcrumb","itemListElement":[{"@type":"ListItem","position":1,"name":"Home","item":"https:\/\/saudi-gift.com\/tr\/"},{"@type":"ListItem","position":2,"name":"\u015eimdi Al\u0131\u015fveri\u015f Yap\u0131n","item":"https:\/\/saudi-gift.com\/tr\/simdi-alisveris-yapin\/"},{"@type":"ListItem","position":3,"name":"De\u011ferli Ta\u015f-Lepidolit Tesbih"}]},{"@type":"WebSite","@id":"https:\/\/saudi-gift.com\/#website","url":"https:\/\/saudi-gift.com\/","name":"\u0647\u062f\u064a\u0629 \u0633\u0639\u0648\u062f\u064a\u0629","description":"\u0647\u062f\u064a\u0629 \u0633\u0639\u0648\u062f\u064a\u0629 \u0645\u062a\u062c\u0631 \u0627\u0644\u0643\u062a\u0631\u0648\u0646\u064a \u064a\u0642\u062f\u0645 \u0644\u0643\u0645 \u0645\u062c\u0645\u0648\u0639\u0629 \u0645\u0646 \u0627\u0644\u0647\u062f\u0627\u064a\u0627 \u0627\u0644\u062a\u064a \u062a\u062c\u0633\u062f \u0639\u0628\u0642 \u0630\u0643\u0631\u064a\u0627\u062a\u0643\u0645 \u0641\u064a \u0627\u0644\u0645\u0634\u0627\u0639\u0631 \u0627\u0644\u0645\u0642\u062f\u0633\u0629","publisher":{"@id":"https:\/\/saudi-gift.com\/#organization"},"alternateName":"\u0647\u062f\u064a\u0629 \u0633\u0639\u0648\u062f\u064a\u0629","potentialAction":[{"@type":"SearchAction","target":{"@type":"EntryPoint","urlTemplate":"https:\/\/saudi-gift.com\/?s={search_term_string}"},"query-input":{"@type":"PropertyValueSpecification","valueRequired":true,"valueName":"search_term_string"}}],"inLanguage":"tr"},{"@type":"Organization","@id":"https:\/\/saudi-gift.com\/#organization","name":"\u0645\u062a\u062c\u0631 \u0627\u0644\u0647\u062f\u064a\u0629","alternateName":"\u0647\u062f\u064a\u0629 \u0633\u0639\u0648\u062f\u064a\u0629","url":"https:\/\/saudi-gift.com\/","logo":{"@type":"ImageObject","inLanguage":"tr","@id":"https:\/\/saudi-gift.com\/#\/schema\/logo\/image\/","url":"https:\/\/saudi-gift.com\/wp-content\/uploads\/2025\/05\/2.png","contentUrl":"https:\/\/saudi-gift.com\/wp-content\/uploads\/2025\/05\/2.png","width":163,"height":42,"caption":"\u0645\u062a\u062c\u0631 \u0627\u0644\u0647\u062f\u064a\u0629"},"image":{"@id":"https:\/\/saudi-gift.com\/#\/schema\/logo\/image\/"},"sameAs":["https:\/\/www.facebook.com\/profile.php?id=61560277649059&mibextid=LQQJ4d","https:\/\/x.com\/saudigift_"]}]}},"jetpack-related-posts":[],"_links":{"self":[{"href":"https:\/\/saudi-gift.com\/tr\/wp-json\/wp\/v2\/product\/46662","targetHints":{"allow":["GET"]}}],"collection":[{"href":"https:\/\/saudi-gift.com\/tr\/wp-json\/wp\/v2\/product"}],"about":[{"href":"https:\/\/saudi-gift.com\/tr\/wp-json\/wp\/v2\/types\/product"}],"replies":[{"embeddable":true,"href":"https:\/\/saudi-gift.com\/tr\/wp-json\/wp\/v2\/comments?post=46662"}],"version-history":[{"count":0,"href":"https:\/\/saudi-gift.com\/tr\/wp-json\/wp\/v2\/product\/46662\/revisions"}],"wp:featuredmedia":[{"embeddable":true,"href":"https:\/\/saudi-gift.com\/tr\/wp-json\/wp\/v2\/media\/45454"}],"wp:attachment":[{"href":"https:\/\/saudi-gift.com\/tr\/wp-json\/wp\/v2\/media?parent=46662"}],"wp:term":[{"taxonomy":"product_brand","embeddable":true,"href":"https:\/\/saudi-gift.com\/tr\/wp-json\/wp\/v2\/product_brand?post=46662"},{"taxonomy":"product_cat","embeddable":true,"href":"https:\/\/saudi-gift.com\/tr\/wp-json\/wp\/v2\/product_cat?post=46662"},{"taxonomy":"product_tag","embeddable":true,"href":"https:\/\/saudi-gift.com\/tr\/wp-json\/wp\/v2\/product_tag?post=46662"}],"curies":[{"name":"wp","href":"https:\/\/api.w.org\/{rel}","templated":true}]}}