{"id":47695,"date":"2025-01-30T19:18:55","date_gmt":"2025-01-30T16:18:55","guid":{"rendered":"https:\/\/saudi-gift.com\/product\/mekke-defteri\/"},"modified":"2025-02-08T14:49:28","modified_gmt":"2025-02-08T11:49:28","slug":"mekke-defteri","status":"publish","type":"product","link":"https:\/\/saudi-gift.com\/tr\/urun\/mekke-defteri\/","title":{"rendered":"Mekke Defteri"},"content":{"rendered":"<p>Mekke Defteri<\/p>\n<p>&#8220;U\u00e7suz bucaks\u0131z Arap \u00e7\u00f6l\u00fcn\u00fcn kalbinde, alt\u0131n kumlar\u0131n ve mavi g\u00f6ky\u00fcz\u00fcn\u00fcn bulu\u015ftu\u011fu yerde, deve Hawar do\u011fdu. Bu zengin tarih ve k\u00fclt\u00fcr d\u00fcnyas\u0131nda Hewar, Suudi Arabistan&#8217;\u0131n \u00f6zg\u00fcnl\u00fc\u011f\u00fcn\u00fcn ve miras\u0131n\u0131n bir sembol\u00fcd\u00fcr.    <\/p>\n<p>\u00dcr\u00fcn Tasar\u0131m\u0131 L\u00fcks deriden yap\u0131lm\u0131\u015f ve \u00e7e\u015fitli \u00e7izgiler, hatlar ve karelerle astarlanm\u0131\u015f olan bu g\u00fcnl\u00fck, \u00e7ocu\u011funuzun g\u00fcnl\u00fc\u011f\u00fc i\u00e7in m\u00fckemmeldir. \u00c7ocuklar bunu maceralar\u0131n\u0131 ve d\u00fc\u015f\u00fcncelerini kaydetmek i\u00e7in kullanabilir, yazma ve organizasyon becerilerini geli\u015ftirebilirler.<\/p>\n<p>Defter, her \u00e7ocu\u011fa ki\u015fisel ve \u00f6zel bir dokunu\u015f katar. &#8220;Diyalog &#8220;un Anlam\u0131 &#8220;Diyalog&#8221; ismi tesad\u00fcfen se\u00e7ilmemi\u015ftir. Diyalog, yeni bir ba\u015flang\u0131c\u0131 ve yenilenen umudu temsil eden k\u00fc\u00e7\u00fck bir c\u00fcmledir. Bu isim ayn\u0131 zamanda Suudi toplumunun ba\u015fkalar\u0131yla ili\u015fkilerinde te\u015fvik etti\u011fi de\u011ferler olan diyalog ve anlay\u0131\u015f anlamlar\u0131n\u0131 da ta\u015f\u0131maktad\u0131r.        <\/p>\n<p>\u0130lgin\u00e7 Koleksiyon &#8220;Hewar&#8221; koleksiyonu, \u00e7ocuklar i\u00e7in deneyimi daha etkile\u015fimli ve e\u011fitici hale getiren \u00e7e\u015fitli aksesuarlar i\u00e7erir: &#8211; Hewar bebek: \u00e7ocuklar\u0131n r\u00fcyalar\u0131n\u0131n ve oyun zamanlar\u0131n\u0131n bir par\u00e7as\u0131 olmak i\u00e7in ona sar\u0131l\u0131p yan\u0131nda uyuyabilecekleri m\u00fckemmel bir arkada\u015f &#8211; Sanat \u00c7antas\u0131: \u00e7ocuklar\u0131n yarat\u0131c\u0131l\u0131klar\u0131n\u0131 ifade etmelerine olanak tan\u0131yan her t\u00fcrl\u00fc ah\u015fap, s\u0131v\u0131 ve mum boyay\u0131 i\u00e7erir.<br \/>\n&#8211; Bir g\u00fcnl\u00fck: Diyalog ile \u00e7ocuklar\u0131n maceralar\u0131n\u0131 ve d\u00fc\u015f\u00fcncelerini kaydetmek i\u00e7in benzersiz bir defter.<br \/>\n&#8211; Bir kalem: Dialogue taraf\u0131ndan \u00e7ocuklar\u0131n yazma ve \u00e7izmelerine e\u015flik etmesi i\u00e7in tasarlanm\u0131\u015f \u00f6zel bir kalem.<br \/>\n&#8211; Pamuk Yapboz: \u00c7ocuklar\u0131n motor becerilerini ve mant\u0131ksal d\u00fc\u015f\u00fcnmelerini geli\u015ftirmelerine yard\u0131mc\u0131 olan e\u011flenceli bir oyun.<br \/>\n&#8211; Diyalog Madalyonu: \u00c7antalara tak\u0131labilen veya anahtarlarla ta\u015f\u0131nabilen k\u00fc\u00e7\u00fck bir madalyon, b\u00f6ylece \u00e7ocuklar nereye giderlerse gitsinler Hewar&#8217;\u0131 her zaman yanlar\u0131nda ta\u015f\u0131rlar.<br \/>\n&#8211; Hewar&#8217;\u0131 \u00e7e\u015fitli geleneksel Suudi k\u0131yafetleri i\u00e7inde g\u00f6steren ilgin\u00e7 bir Hewar posteri koleksiyonu.<br \/>\n&#8211; \u00c7ocuk kupas\u0131: Solmayan silikon grafikli k\u0131r\u0131lmaz <\/p>\n<p>&#8220;Hawar&#8221; sadece bir kukla de\u011fil, \u00e7\u00f6l\u00fcn kalbinden gelen bir sevgi ve bar\u0131\u015f mesaj\u0131d\u0131r. O, Suudi Arabistan&#8217;\u0131 deneyimlemi\u015f olan herkes ve bu \u00fclkenin g\u00fczelli\u011fini ve miras\u0131n\u0131 ke\u015ffetmeye hevesli olanlar i\u00e7in bir sembold\u00fcr. Hewar&#8217;a ve onun ilgin\u00e7 koleksiyonuna sahip olarak Suudi Arabistan&#8217;\u0131n ruhundan ve miras\u0131ndan bir par\u00e7ay\u0131 yan\u0131n\u0131za alm\u0131\u015f ve bunu \u00e7ocuklar\u0131n\u0131zla payla\u015farak onlar\u0131n mutlu an\u0131lar\u0131n\u0131n ve oyun zamanlar\u0131n\u0131n bir par\u00e7as\u0131 haline getirmi\u015f olursunuz.&#8221;    Hewar&#8217;a ve ilgin\u00e7 koleksiyonuna sahip olarak Suudi Arabistan&#8217;\u0131n ruhundan ve miras\u0131ndan bir par\u00e7ay\u0131 yan\u0131n\u0131za alm\u0131\u015f ve bunu \u00e7ocuklar\u0131n\u0131zla payla\u015farak onlar\u0131n mutlu an\u0131lar\u0131n\u0131n ve oyun zamanlar\u0131n\u0131n bir par\u00e7as\u0131 haline getirmi\u015f olursunuz.&#8221;  <\/p>\n","protected":false},"excerpt":{"rendered":"<p>Birinci s\u0131n\u0131f deriden yap\u0131lm\u0131\u015f ve \u00e7e\u015fitli \u00e7izgi, \u00e7izgi, \u00e7izgi ve karelerle astarlanm\u0131\u015f olan bu g\u00fcnl\u00fck, k\u00fc\u00e7\u00fck \u00e7ocu\u011funuzun g\u00fcnl\u00fc\u011f\u00fc i\u00e7in m\u00fckemmeldir.   <\/p>\n","protected":false},"featured_media":44689,"comment_status":"open","ping_status":"closed","template":"","meta":[],"product_brand":[],"product_cat":[3264],"product_tag":[1965],"class_list":{"0":"post-47695","1":"product","2":"type-product","3":"status-publish","4":"has-post-thumbnail","6":"product_cat-3264","7":"product_tag-_","9":"first","10":"instock","11":"shipping-taxable","12":"purchasable","13":"product-type-simple"},"yoast_head":"<!-- This site is optimized with the Yoast SEO Premium plugin v27.2 (Yoast SEO v27.6) - https:\/\/yoast.com\/product\/yoast-seo-premium-wordpress\/ -->\n<title>Mekke Defteri - \u0647\u062f\u064a\u0629 \u0633\u0639\u0648\u062f\u064a\u0629<\/title>\n<meta name=\"description\" content=\"L\u00fcks deriden yap\u0131lm\u0131\u015f ve \u00e7e\u015fitli \u00e7izgiler, hatlar ve karelerle astarlanm\u0131\u015f olan bu g\u00fcnl\u00fck, k\u00fc\u00e7\u00fck \u00e7ocu\u011funuzun g\u00fcnl\u00fc\u011f\u00fc i\u00e7in m\u00fckemmeldir.\" \/>\n<meta name=\"robots\" content=\"index, follow, max-snippet:-1, max-image-preview:large, max-video-preview:-1\" \/>\n<link rel=\"canonical\" href=\"https:\/\/saudi-gift.com\/tr\/product\/mekke-defteri\/\" \/>\n<meta property=\"og:locale\" content=\"tr_TR\" \/>\n<meta property=\"og:type\" content=\"article\" \/>\n<meta property=\"og:title\" content=\"Mekke Defteri\" \/>\n<meta property=\"og:description\" content=\"L\u00fcks deriden yap\u0131lm\u0131\u015f ve \u00e7e\u015fitli \u00e7izgiler, hatlar ve karelerle astarlanm\u0131\u015f olan bu g\u00fcnl\u00fck, k\u00fc\u00e7\u00fck \u00e7ocu\u011funuzun g\u00fcnl\u00fc\u011f\u00fc i\u00e7in m\u00fckemmeldir.\" \/>\n<meta property=\"og:url\" content=\"https:\/\/saudi-gift.com\/tr\/product\/mekke-defteri\/\" \/>\n<meta property=\"og:site_name\" content=\"\u0647\u062f\u064a\u0629 \u0633\u0639\u0648\u062f\u064a\u0629\" \/>\n<meta property=\"article:publisher\" content=\"https:\/\/www.facebook.com\/profile.php?id=61560277649059&amp;mibextid=LQQJ4d\" \/>\n<meta property=\"article:modified_time\" content=\"2025-02-08T11:49:28+00:00\" \/>\n<meta property=\"og:image\" content=\"https:\/\/saudi-gift.com\/wp-content\/uploads\/2025\/01\/\u062f\u0641\u062a\u0631-\u0645\u0644\u0627\u062d\u0638\u0627\u062a-\u062d\u0648\u0627\u0631.webp\" \/>\n\t<meta property=\"og:image:width\" content=\"600\" \/>\n\t<meta property=\"og:image:height\" content=\"600\" \/>\n\t<meta property=\"og:image:type\" content=\"image\/webp\" \/>\n<meta name=\"twitter:card\" content=\"summary_large_image\" \/>\n<meta name=\"twitter:site\" content=\"@saudigift_\" \/>\n<meta name=\"twitter:label1\" content=\"Tahmini okuma s\u00fcresi\" \/>\n\t<meta name=\"twitter:data1\" content=\"2 dakika\" \/>\n<script type=\"application\/ld+json\" class=\"yoast-schema-graph\">{\"@context\":\"https:\\\/\\\/schema.org\",\"@graph\":[{\"@type\":\"WebPage\",\"@id\":\"https:\\\/\\\/saudi-gift.com\\\/tr\\\/product\\\/mekke-defteri\\\/\",\"url\":\"https:\\\/\\\/saudi-gift.com\\\/tr\\\/product\\\/mekke-defteri\\\/\",\"name\":\"Mekke Defteri - \u0647\u062f\u064a\u0629 \u0633\u0639\u0648\u062f\u064a\u0629\",\"isPartOf\":{\"@id\":\"https:\\\/\\\/saudi-gift.com\\\/#website\"},\"primaryImageOfPage\":{\"@id\":\"https:\\\/\\\/saudi-gift.com\\\/tr\\\/product\\\/mekke-defteri\\\/#primaryimage\"},\"image\":{\"@id\":\"https:\\\/\\\/saudi-gift.com\\\/tr\\\/product\\\/mekke-defteri\\\/#primaryimage\"},\"thumbnailUrl\":\"https:\\\/\\\/saudi-gift.com\\\/wp-content\\\/uploads\\\/2025\\\/01\\\/\u062f\u0641\u062a\u0631-\u0645\u0644\u0627\u062d\u0638\u0627\u062a-\u062d\u0648\u0627\u0631.webp\",\"datePublished\":\"2025-01-30T16:18:55+00:00\",\"dateModified\":\"2025-02-08T11:49:28+00:00\",\"description\":\"L\u00fcks deriden yap\u0131lm\u0131\u015f ve \u00e7e\u015fitli \u00e7izgiler, hatlar ve karelerle astarlanm\u0131\u015f olan bu g\u00fcnl\u00fck, k\u00fc\u00e7\u00fck \u00e7ocu\u011funuzun g\u00fcnl\u00fc\u011f\u00fc i\u00e7in m\u00fckemmeldir.\",\"breadcrumb\":{\"@id\":\"https:\\\/\\\/saudi-gift.com\\\/tr\\\/product\\\/mekke-defteri\\\/#breadcrumb\"},\"inLanguage\":\"tr\",\"potentialAction\":[{\"@type\":\"ReadAction\",\"target\":[\"https:\\\/\\\/saudi-gift.com\\\/tr\\\/product\\\/mekke-defteri\\\/\"]}]},{\"@type\":\"ImageObject\",\"inLanguage\":\"tr\",\"@id\":\"https:\\\/\\\/saudi-gift.com\\\/tr\\\/product\\\/mekke-defteri\\\/#primaryimage\",\"url\":\"https:\\\/\\\/saudi-gift.com\\\/wp-content\\\/uploads\\\/2025\\\/01\\\/\u062f\u0641\u062a\u0631-\u0645\u0644\u0627\u062d\u0638\u0627\u062a-\u062d\u0648\u0627\u0631.webp\",\"contentUrl\":\"https:\\\/\\\/saudi-gift.com\\\/wp-content\\\/uploads\\\/2025\\\/01\\\/\u062f\u0641\u062a\u0631-\u0645\u0644\u0627\u062d\u0638\u0627\u062a-\u062d\u0648\u0627\u0631.webp\",\"width\":600,\"height\":600},{\"@type\":\"BreadcrumbList\",\"@id\":\"https:\\\/\\\/saudi-gift.com\\\/tr\\\/product\\\/mekke-defteri\\\/#breadcrumb\",\"itemListElement\":[{\"@type\":\"ListItem\",\"position\":1,\"name\":\"Home\",\"item\":\"https:\\\/\\\/saudi-gift.com\\\/tr\\\/\"},{\"@type\":\"ListItem\",\"position\":2,\"name\":\"\u015eimdi Al\u0131\u015fveri\u015f Yap\u0131n\",\"item\":\"https:\\\/\\\/saudi-gift.com\\\/tr\\\/simdi-alisveris-yapin\\\/\"},{\"@type\":\"ListItem\",\"position\":3,\"name\":\"Mekke Defteri\"}]},{\"@type\":\"WebSite\",\"@id\":\"https:\\\/\\\/saudi-gift.com\\\/#website\",\"url\":\"https:\\\/\\\/saudi-gift.com\\\/\",\"name\":\"\u0647\u062f\u064a\u0629 \u0633\u0639\u0648\u062f\u064a\u0629\",\"description\":\"\u0647\u062f\u064a\u0629 \u0633\u0639\u0648\u062f\u064a\u0629 \u0645\u062a\u062c\u0631 \u0627\u0644\u0643\u062a\u0631\u0648\u0646\u064a \u064a\u0642\u062f\u0645 \u0644\u0643\u0645 \u0645\u062c\u0645\u0648\u0639\u0629 \u0645\u0646 \u0627\u0644\u0647\u062f\u0627\u064a\u0627 \u0627\u0644\u062a\u064a \u062a\u062c\u0633\u062f \u0639\u0628\u0642 \u0630\u0643\u0631\u064a\u0627\u062a\u0643\u0645 \u0641\u064a \u0627\u0644\u0645\u0634\u0627\u0639\u0631 \u0627\u0644\u0645\u0642\u062f\u0633\u0629\",\"publisher\":{\"@id\":\"https:\\\/\\\/saudi-gift.com\\\/#organization\"},\"alternateName\":\"\u0647\u062f\u064a\u0629 \u0633\u0639\u0648\u062f\u064a\u0629\",\"potentialAction\":[{\"@type\":\"SearchAction\",\"target\":{\"@type\":\"EntryPoint\",\"urlTemplate\":\"https:\\\/\\\/saudi-gift.com\\\/?s={search_term_string}\"},\"query-input\":{\"@type\":\"PropertyValueSpecification\",\"valueRequired\":true,\"valueName\":\"search_term_string\"}}],\"inLanguage\":\"tr\"},{\"@type\":\"Organization\",\"@id\":\"https:\\\/\\\/saudi-gift.com\\\/#organization\",\"name\":\"\u0645\u062a\u062c\u0631 \u0627\u0644\u0647\u062f\u064a\u0629\",\"alternateName\":\"\u0647\u062f\u064a\u0629 \u0633\u0639\u0648\u062f\u064a\u0629\",\"url\":\"https:\\\/\\\/saudi-gift.com\\\/\",\"logo\":{\"@type\":\"ImageObject\",\"inLanguage\":\"tr\",\"@id\":\"https:\\\/\\\/saudi-gift.com\\\/#\\\/schema\\\/logo\\\/image\\\/\",\"url\":\"https:\\\/\\\/saudi-gift.com\\\/wp-content\\\/uploads\\\/2025\\\/05\\\/2.png\",\"contentUrl\":\"https:\\\/\\\/saudi-gift.com\\\/wp-content\\\/uploads\\\/2025\\\/05\\\/2.png\",\"width\":163,\"height\":42,\"caption\":\"\u0645\u062a\u062c\u0631 \u0627\u0644\u0647\u062f\u064a\u0629\"},\"image\":{\"@id\":\"https:\\\/\\\/saudi-gift.com\\\/#\\\/schema\\\/logo\\\/image\\\/\"},\"sameAs\":[\"https:\\\/\\\/www.facebook.com\\\/profile.php?id=61560277649059&mibextid=LQQJ4d\",\"https:\\\/\\\/x.com\\\/saudigift_\"]}]}<\/script>\n<!-- \/ Yoast SEO Premium plugin. -->","yoast_head_json":{"title":"Mekke Defteri - \u0647\u062f\u064a\u0629 \u0633\u0639\u0648\u062f\u064a\u0629","description":"L\u00fcks deriden yap\u0131lm\u0131\u015f ve \u00e7e\u015fitli \u00e7izgiler, hatlar ve karelerle astarlanm\u0131\u015f olan bu g\u00fcnl\u00fck, k\u00fc\u00e7\u00fck \u00e7ocu\u011funuzun g\u00fcnl\u00fc\u011f\u00fc i\u00e7in m\u00fckemmeldir.","robots":{"index":"index","follow":"follow","max-snippet":"max-snippet:-1","max-image-preview":"max-image-preview:large","max-video-preview":"max-video-preview:-1"},"canonical":"https:\/\/saudi-gift.com\/tr\/product\/mekke-defteri\/","og_locale":"tr_TR","og_type":"article","og_title":"Mekke Defteri","og_description":"L\u00fcks deriden yap\u0131lm\u0131\u015f ve \u00e7e\u015fitli \u00e7izgiler, hatlar ve karelerle astarlanm\u0131\u015f olan bu g\u00fcnl\u00fck, k\u00fc\u00e7\u00fck \u00e7ocu\u011funuzun g\u00fcnl\u00fc\u011f\u00fc i\u00e7in m\u00fckemmeldir.","og_url":"https:\/\/saudi-gift.com\/tr\/product\/mekke-defteri\/","og_site_name":"\u0647\u062f\u064a\u0629 \u0633\u0639\u0648\u062f\u064a\u0629","article_publisher":"https:\/\/www.facebook.com\/profile.php?id=61560277649059&mibextid=LQQJ4d","article_modified_time":"2025-02-08T11:49:28+00:00","og_image":[{"width":600,"height":600,"url":"https:\/\/saudi-gift.com\/wp-content\/uploads\/2025\/01\/\u062f\u0641\u062a\u0631-\u0645\u0644\u0627\u062d\u0638\u0627\u062a-\u062d\u0648\u0627\u0631.webp","type":"image\/webp"}],"twitter_card":"summary_large_image","twitter_site":"@saudigift_","twitter_misc":{"Tahmini okuma s\u00fcresi":"2 dakika"},"schema":{"@context":"https:\/\/schema.org","@graph":[{"@type":"WebPage","@id":"https:\/\/saudi-gift.com\/tr\/product\/mekke-defteri\/","url":"https:\/\/saudi-gift.com\/tr\/product\/mekke-defteri\/","name":"Mekke Defteri - \u0647\u062f\u064a\u0629 \u0633\u0639\u0648\u062f\u064a\u0629","isPartOf":{"@id":"https:\/\/saudi-gift.com\/#website"},"primaryImageOfPage":{"@id":"https:\/\/saudi-gift.com\/tr\/product\/mekke-defteri\/#primaryimage"},"image":{"@id":"https:\/\/saudi-gift.com\/tr\/product\/mekke-defteri\/#primaryimage"},"thumbnailUrl":"https:\/\/saudi-gift.com\/wp-content\/uploads\/2025\/01\/\u062f\u0641\u062a\u0631-\u0645\u0644\u0627\u062d\u0638\u0627\u062a-\u062d\u0648\u0627\u0631.webp","datePublished":"2025-01-30T16:18:55+00:00","dateModified":"2025-02-08T11:49:28+00:00","description":"L\u00fcks deriden yap\u0131lm\u0131\u015f ve \u00e7e\u015fitli \u00e7izgiler, hatlar ve karelerle astarlanm\u0131\u015f olan bu g\u00fcnl\u00fck, k\u00fc\u00e7\u00fck \u00e7ocu\u011funuzun g\u00fcnl\u00fc\u011f\u00fc i\u00e7in m\u00fckemmeldir.","breadcrumb":{"@id":"https:\/\/saudi-gift.com\/tr\/product\/mekke-defteri\/#breadcrumb"},"inLanguage":"tr","potentialAction":[{"@type":"ReadAction","target":["https:\/\/saudi-gift.com\/tr\/product\/mekke-defteri\/"]}]},{"@type":"ImageObject","inLanguage":"tr","@id":"https:\/\/saudi-gift.com\/tr\/product\/mekke-defteri\/#primaryimage","url":"https:\/\/saudi-gift.com\/wp-content\/uploads\/2025\/01\/\u062f\u0641\u062a\u0631-\u0645\u0644\u0627\u062d\u0638\u0627\u062a-\u062d\u0648\u0627\u0631.webp","contentUrl":"https:\/\/saudi-gift.com\/wp-content\/uploads\/2025\/01\/\u062f\u0641\u062a\u0631-\u0645\u0644\u0627\u062d\u0638\u0627\u062a-\u062d\u0648\u0627\u0631.webp","width":600,"height":600},{"@type":"BreadcrumbList","@id":"https:\/\/saudi-gift.com\/tr\/product\/mekke-defteri\/#breadcrumb","itemListElement":[{"@type":"ListItem","position":1,"name":"Home","item":"https:\/\/saudi-gift.com\/tr\/"},{"@type":"ListItem","position":2,"name":"\u015eimdi Al\u0131\u015fveri\u015f Yap\u0131n","item":"https:\/\/saudi-gift.com\/tr\/simdi-alisveris-yapin\/"},{"@type":"ListItem","position":3,"name":"Mekke Defteri"}]},{"@type":"WebSite","@id":"https:\/\/saudi-gift.com\/#website","url":"https:\/\/saudi-gift.com\/","name":"\u0647\u062f\u064a\u0629 \u0633\u0639\u0648\u062f\u064a\u0629","description":"\u0647\u062f\u064a\u0629 \u0633\u0639\u0648\u062f\u064a\u0629 \u0645\u062a\u062c\u0631 \u0627\u0644\u0643\u062a\u0631\u0648\u0646\u064a \u064a\u0642\u062f\u0645 \u0644\u0643\u0645 \u0645\u062c\u0645\u0648\u0639\u0629 \u0645\u0646 \u0627\u0644\u0647\u062f\u0627\u064a\u0627 \u0627\u0644\u062a\u064a \u062a\u062c\u0633\u062f \u0639\u0628\u0642 \u0630\u0643\u0631\u064a\u0627\u062a\u0643\u0645 \u0641\u064a \u0627\u0644\u0645\u0634\u0627\u0639\u0631 \u0627\u0644\u0645\u0642\u062f\u0633\u0629","publisher":{"@id":"https:\/\/saudi-gift.com\/#organization"},"alternateName":"\u0647\u062f\u064a\u0629 \u0633\u0639\u0648\u062f\u064a\u0629","potentialAction":[{"@type":"SearchAction","target":{"@type":"EntryPoint","urlTemplate":"https:\/\/saudi-gift.com\/?s={search_term_string}"},"query-input":{"@type":"PropertyValueSpecification","valueRequired":true,"valueName":"search_term_string"}}],"inLanguage":"tr"},{"@type":"Organization","@id":"https:\/\/saudi-gift.com\/#organization","name":"\u0645\u062a\u062c\u0631 \u0627\u0644\u0647\u062f\u064a\u0629","alternateName":"\u0647\u062f\u064a\u0629 \u0633\u0639\u0648\u062f\u064a\u0629","url":"https:\/\/saudi-gift.com\/","logo":{"@type":"ImageObject","inLanguage":"tr","@id":"https:\/\/saudi-gift.com\/#\/schema\/logo\/image\/","url":"https:\/\/saudi-gift.com\/wp-content\/uploads\/2025\/05\/2.png","contentUrl":"https:\/\/saudi-gift.com\/wp-content\/uploads\/2025\/05\/2.png","width":163,"height":42,"caption":"\u0645\u062a\u062c\u0631 \u0627\u0644\u0647\u062f\u064a\u0629"},"image":{"@id":"https:\/\/saudi-gift.com\/#\/schema\/logo\/image\/"},"sameAs":["https:\/\/www.facebook.com\/profile.php?id=61560277649059&mibextid=LQQJ4d","https:\/\/x.com\/saudigift_"]}]}},"jetpack-related-posts":[],"_links":{"self":[{"href":"https:\/\/saudi-gift.com\/tr\/wp-json\/wp\/v2\/product\/47695","targetHints":{"allow":["GET"]}}],"collection":[{"href":"https:\/\/saudi-gift.com\/tr\/wp-json\/wp\/v2\/product"}],"about":[{"href":"https:\/\/saudi-gift.com\/tr\/wp-json\/wp\/v2\/types\/product"}],"replies":[{"embeddable":true,"href":"https:\/\/saudi-gift.com\/tr\/wp-json\/wp\/v2\/comments?post=47695"}],"version-history":[{"count":0,"href":"https:\/\/saudi-gift.com\/tr\/wp-json\/wp\/v2\/product\/47695\/revisions"}],"wp:featuredmedia":[{"embeddable":true,"href":"https:\/\/saudi-gift.com\/tr\/wp-json\/wp\/v2\/media\/44689"}],"wp:attachment":[{"href":"https:\/\/saudi-gift.com\/tr\/wp-json\/wp\/v2\/media?parent=47695"}],"wp:term":[{"taxonomy":"product_brand","embeddable":true,"href":"https:\/\/saudi-gift.com\/tr\/wp-json\/wp\/v2\/product_brand?post=47695"},{"taxonomy":"product_cat","embeddable":true,"href":"https:\/\/saudi-gift.com\/tr\/wp-json\/wp\/v2\/product_cat?post=47695"},{"taxonomy":"product_tag","embeddable":true,"href":"https:\/\/saudi-gift.com\/tr\/wp-json\/wp\/v2\/product_tag?post=47695"}],"curies":[{"name":"wp","href":"https:\/\/api.w.org\/{rel}","templated":true}]}}