{"id":47817,"date":"2025-01-30T20:22:58","date_gmt":"2025-01-30T17:22:58","guid":{"rendered":"https:\/\/saudi-gift.com\/product\/guvercin-doldurulmus-bebek-askisi\/"},"modified":"2025-01-30T20:22:58","modified_gmt":"2025-01-30T17:22:58","slug":"guvercin-doldurulmus-bebek-askisi","status":"publish","type":"product","link":"https:\/\/saudi-gift.com\/tr\/urun\/guvercin-doldurulmus-bebek-askisi\/","title":{"rendered":"G\u00fcvercin Doldurulmu\u015f Bebek Ask\u0131s\u0131"},"content":{"rendered":"<p>G\u00fcvercin Doldurulmu\u015f Bebek Ask\u0131s\u0131<\/p>\n<p>&#8220;Makia&#8217;n\u0131n e\u011flenceli yorumu &#8211; zarafet ve masumiyetin yolda\u015f\u0131<\/p>\n<p>Her \u00e7antaya veya anahtarl\u0131\u011fa m\u00fckemmel bir ek olan Makiyah Bebek Kolye, kalp ve Mekke kelimesiyle benzersiz bir tasar\u0131mda yumu\u015fakl\u0131k ve zarafeti bir araya getiriyor. <\/p>\n<p>&#8220;Makiye &#8220;nin Anlam\u0131 &#8220;Makiye&#8221; isminin se\u00e7ilmesi derin \u00e7a\u011fr\u0131\u015f\u0131mlar ta\u015f\u0131r. Bar\u0131\u015f g\u00fcvercininin, \u0130slam&#8217;\u0131n be\u015fi\u011fi ve yery\u00fcz\u00fcndeki en kutsal yer olan Mekke&#8217;nin sembol\u00fcd\u00fcr. Bu isim ayn\u0131 zamanda \u015fairlerin ve \u015fark\u0131c\u0131lar\u0131n kutsal g\u00fcvercin hakk\u0131nda s\u00f6yledikleri \u015fark\u0131lar\u0131 da yans\u0131tmaktad\u0131r; \u00dcmm\u00fc Kalthoum en g\u00fczel melodileri seslendirmi\u015ftir ve bu da Makiye&#8217;ye \u00f6zg\u00fcnl\u00fck ve sanat dokunu\u015fu katmaktad\u0131r.      <\/p>\n<p>&#8220;Bir oyuncak bebek olarak Makiyah Makiyah&#8217;\u0131 sat\u0131n ald\u0131\u011f\u0131n\u0131zda, sadece g\u00fczel bir hat\u0131ra almakla kalmaz, \u00e7ocuklar\u0131n\u0131za \u015fefkat ve huzur dolu bir oyuncak bebek verirsiniz. &#8220;Makiyah \u00e7ocuklar i\u00e7in m\u00fckemmel bir arkada\u015ft\u0131r, onunla kucakla\u015fabilir, yan\u0131nda uyuyabilir, r\u00fcyalar\u0131n\u0131n ve oyun zamanlar\u0131n\u0131n bir par\u00e7as\u0131 olabilirler. Ayr\u0131ca Makiyah, onunla oynamay\u0131 daha da heyecanl\u0131 ve e\u011flenceli hale getiren ilgin\u00e7 bir aksesuar setiyle birlikte gelir.       <\/p>\n<p>\u0130lgin\u00e7 koleksiyon<\/p>\n<p>Makiyah koleksiyonu, \u00e7ocuklar i\u00e7in deneyimi daha interaktif ve e\u011fitici hale getiren \u00e7e\u015fitli aksesuarlar i\u00e7erir: &#8211; Sanat \u00c7antas\u0131: \u00e7ocuklar\u0131n yarat\u0131c\u0131l\u0131klar\u0131n\u0131 ifade etmelerine olanak tan\u0131yan her t\u00fcrl\u00fc ah\u015fap, s\u0131v\u0131 ve mum boyay\u0131 i\u00e7erir.<br \/>\n&#8211; Boyama kitap\u00e7\u0131\u011f\u0131: \u00c7ocuklar\u0131n boyayabilecekleri ve Suudi miras\u0131n\u0131n g\u00fczelli\u011fini ke\u015ffedebilecekleri, Suudi Arabistan&#8217;\u0131n ruhunu yans\u0131tan resimler i\u00e7eren bir kitap\u00e7\u0131k.<br \/>\n&#8211; Bir g\u00fcnl\u00fck: \u00c7ocuklar\u0131n Makia ile olan maceralar\u0131n\u0131 ve d\u00fc\u015f\u00fcncelerini kaydetmek i\u00e7in \u00f6zel bir defter.<br \/>\n&#8211; Makiyah Kalem: \u00c7ocuklar\u0131n yaz\u0131 ve \u00e7izimlerinde onlara yolda\u015fl\u0131k edecek \u00f6zel bir Makiyah kalem.<br \/>\n&#8211; Pamuk Yapboz: \u00c7ocuklar\u0131n motor becerilerini ve mant\u0131ksal d\u00fc\u015f\u00fcnmelerini geli\u015ftirmelerine yard\u0131mc\u0131 olan e\u011flenceli bir oyun.<br \/>\n&#8211; Makiyah Madalyon: \u00c7antalara tak\u0131labilen veya anahtarlarla ta\u015f\u0131nabilen k\u00fc\u00e7\u00fck bir oyuncak olan Makiyah nereye giderlerse gitsinler \u00e7ocuklarla birlikte.<br \/>\n&#8211; Makia Kupa:<br \/>\nFarkl\u0131 tasar\u0131m ve y\u00fcksek kaliteli malzemeler, \u00e7ocuklar i\u00e7in g\u00fcvenli &#8211; G\u00fcm\u00fc\u015f Kaplama Tak\u0131lar: K\u00fc\u00e7\u00fck k\u0131z\u0131n\u0131z i\u00e7in, benzersizlik ve g\u00fczellik hissini art\u0131rmak i\u00e7in &#8220;Makiye&#8221; semboll\u00fc sevimli bir g\u00fcm\u00fc\u015f kaplama tak\u0131 seti.    <\/p>\n<p>&#8220;Makiye&#8221; umudun ve huzurun sembol\u00fc, i\u00e7 huzurun ve manevi ba\u011flant\u0131n\u0131n \u00f6neminin s\u00fcrekli hat\u0131rlat\u0131c\u0131s\u0131d\u0131r. Onu g\u00f6ren herkesi tefekk\u00fcr ve dinginlik anlar\u0131 ya\u015famaya ve Mekke&#8217;nin hikayesinin, inan\u00e7 ve sevgi hikayesinin bir par\u00e7as\u0131 olmaya davet eder. Ayn\u0131 zamanda \u00e7ocuklar\u0131n kalplerine asil de\u011ferleri ve miras sevgisini a\u015f\u0131lamay\u0131 ama\u00e7lamaktad\u0131r.     <\/p>\n<p>Sonu\u00e7 &#8220;Makiye&#8221; sadece bir oyuncak bebek de\u011fil, d\u00fcnyan\u0131n en kutsal yerinden gelen bir sevgi ve bar\u0131\u015f mesaj\u0131d\u0131r. O, Hac veya Umre deneyimi ya\u015fam\u0131\u015f ve Mekke&#8217;yi ziyaret etmeyi arzulayan herkes i\u00e7in bir sembold\u00fcr. Makiye&#8217;ye ve onun ilgin\u00e7 koleksiyonuna sahip olarak, Mekke&#8217;nin ruhunun ve kadim miras\u0131n\u0131n bir par\u00e7as\u0131n\u0131 yan\u0131n\u0131zda ta\u015f\u0131m\u0131\u015f ve bunu \u00e7ocuklar\u0131n\u0131zla payla\u015farak onlar\u0131n mutlu an\u0131lar\u0131n\u0131n ve e\u011flenceli oyun zamanlar\u0131n\u0131n bir par\u00e7as\u0131 olmu\u015f olursunuz.      <\/p>\n","protected":false},"excerpt":{"rendered":"<p>Her \u00e7antaya veya anahtarl\u0131\u011fa m\u00fckemmel bir ek olan Makiyah Bebek Kolye, kalp ve Mekke kelimesiyle benzersiz bir tasar\u0131mda yumu\u015fakl\u0131k ve zarafeti bir araya getiriyor. <\/p>\n<p>&#8220;Makkiyah &#8220;\u0131n Tan\u0131m\u0131<\/p>\n","protected":false},"featured_media":45128,"comment_status":"open","ping_status":"closed","template":"","meta":[],"product_brand":[],"product_cat":[3122],"product_tag":[],"class_list":{"0":"post-47817","1":"product","2":"type-product","3":"status-publish","4":"has-post-thumbnail","6":"product_cat-3122","8":"first","9":"instock","10":"shipping-taxable","11":"purchasable","12":"product-type-simple"},"yoast_head":"<!-- This site is optimized with the Yoast SEO Premium plugin v27.2 (Yoast SEO v27.3) - https:\/\/yoast.com\/product\/yoast-seo-premium-wordpress\/ -->\n<title>G\u00fcvercin Doldurulmu\u015f Bebek Ask\u0131s\u0131 - \u0647\u062f\u064a\u0629 \u0633\u0639\u0648\u062f\u064a\u0629<\/title>\n<meta name=\"description\" content=\"Her \u00e7antaya veya anahtarl\u0131\u011fa m\u00fckemmel bir ek olan Makiyah bebek kolye ucu, kalp ve Mekke kelimesiyle benzersiz bir tasar\u0131mda yumu\u015fakl\u0131k ve zarafeti bir araya getiriyor. &quot;Makiyah &quot;\u0131n Anlam\u0131\" \/>\n<meta name=\"robots\" content=\"index, follow, max-snippet:-1, max-image-preview:large, max-video-preview:-1\" \/>\n<link rel=\"canonical\" href=\"https:\/\/saudi-gift.com\/product\/\u062a\u0639\u0644\u064a\u0642\u0629-\u062f\u0645\u064a\u0629-\u0645\u062d\u0634\u0648\u0629-\u0627\u0644\u062d\u0645\u0627\u0645\u0629-\u0645\u0643\u064a\u0629\/\" \/>\n<meta property=\"og:locale\" content=\"tr_TR\" \/>\n<meta property=\"og:type\" content=\"article\" \/>\n<meta property=\"og:title\" content=\"G\u00fcvercin Doldurulmu\u015f Bebek Ask\u0131s\u0131\" \/>\n<meta property=\"og:description\" content=\"Her \u00e7antaya veya anahtarl\u0131\u011fa m\u00fckemmel bir ek olan Makiyah bebek kolye ucu, kalp ve Mekke kelimesiyle benzersiz bir tasar\u0131mda yumu\u015fakl\u0131k ve zarafeti bir araya getiriyor. &quot;Makiyah &quot;\u0131n Anlam\u0131\" \/>\n<meta property=\"og:url\" content=\"https:\/\/saudi-gift.com\/product\/\u062a\u0639\u0644\u064a\u0642\u0629-\u062f\u0645\u064a\u0629-\u0645\u062d\u0634\u0648\u0629-\u0627\u0644\u062d\u0645\u0627\u0645\u0629-\u0645\u0643\u064a\u0629\/\" \/>\n<meta property=\"og:site_name\" content=\"\u0647\u062f\u064a\u0629 \u0633\u0639\u0648\u062f\u064a\u0629\" \/>\n<meta property=\"article:publisher\" content=\"https:\/\/www.facebook.com\/profile.php?id=61560277649059&amp;mibextid=LQQJ4d\" \/>\n<meta property=\"og:image\" content=\"https:\/\/i0.wp.com\/saudi-gift.com\/wp-content\/uploads\/2025\/01\/%D8%AA%D8%B9%D9%84%D9%8A%D9%82%D8%A9-%D8%AF%D9%85%D9%8A%D8%A9-%D9%85%D8%AD%D8%B4%D9%88%D8%A9-%D8%A7%D9%84%D8%AD%D9%85%D8%A7%D9%85%D8%A9-%D9%85%D9%83%D9%8A%D8%A9.webp?fit=600%2C600&ssl=1\" \/>\n\t<meta property=\"og:image:width\" content=\"600\" \/>\n\t<meta property=\"og:image:height\" content=\"600\" \/>\n\t<meta property=\"og:image:type\" content=\"image\/webp\" \/>\n<meta name=\"twitter:card\" content=\"summary_large_image\" \/>\n<meta name=\"twitter:site\" content=\"@saudigift_\" \/>\n<meta name=\"twitter:label1\" content=\"Tahmini okuma s\u00fcresi\" \/>\n\t<meta name=\"twitter:data1\" content=\"3 dakika\" \/>\n<script type=\"application\/ld+json\" class=\"yoast-schema-graph\">{\"@context\":\"https:\\\/\\\/schema.org\",\"@graph\":[{\"@type\":\"WebPage\",\"@id\":\"https:\\\/\\\/saudi-gift.com\\\/product\\\/%d8%aa%d8%b9%d9%84%d9%8a%d9%82%d8%a9-%d8%af%d9%85%d9%8a%d8%a9-%d9%85%d8%ad%d8%b4%d9%88%d8%a9-%d8%a7%d9%84%d8%ad%d9%85%d8%a7%d9%85%d8%a9-%d9%85%d9%83%d9%8a%d8%a9\\\/\",\"url\":\"https:\\\/\\\/saudi-gift.com\\\/product\\\/%d8%aa%d8%b9%d9%84%d9%8a%d9%82%d8%a9-%d8%af%d9%85%d9%8a%d8%a9-%d9%85%d8%ad%d8%b4%d9%88%d8%a9-%d8%a7%d9%84%d8%ad%d9%85%d8%a7%d9%85%d8%a9-%d9%85%d9%83%d9%8a%d8%a9\\\/\",\"name\":\"G\u00fcvercin Doldurulmu\u015f Bebek Ask\u0131s\u0131 - \u0647\u062f\u064a\u0629 \u0633\u0639\u0648\u062f\u064a\u0629\",\"isPartOf\":{\"@id\":\"https:\\\/\\\/saudi-gift.com\\\/#website\"},\"primaryImageOfPage\":{\"@id\":\"https:\\\/\\\/saudi-gift.com\\\/product\\\/%d8%aa%d8%b9%d9%84%d9%8a%d9%82%d8%a9-%d8%af%d9%85%d9%8a%d8%a9-%d9%85%d8%ad%d8%b4%d9%88%d8%a9-%d8%a7%d9%84%d8%ad%d9%85%d8%a7%d9%85%d8%a9-%d9%85%d9%83%d9%8a%d8%a9\\\/#primaryimage\"},\"image\":{\"@id\":\"https:\\\/\\\/saudi-gift.com\\\/product\\\/%d8%aa%d8%b9%d9%84%d9%8a%d9%82%d8%a9-%d8%af%d9%85%d9%8a%d8%a9-%d9%85%d8%ad%d8%b4%d9%88%d8%a9-%d8%a7%d9%84%d8%ad%d9%85%d8%a7%d9%85%d8%a9-%d9%85%d9%83%d9%8a%d8%a9\\\/#primaryimage\"},\"thumbnailUrl\":\"https:\\\/\\\/saudi-gift.com\\\/wp-content\\\/uploads\\\/2025\\\/01\\\/\u062a\u0639\u0644\u064a\u0642\u0629-\u062f\u0645\u064a\u0629-\u0645\u062d\u0634\u0648\u0629-\u0627\u0644\u062d\u0645\u0627\u0645\u0629-\u0645\u0643\u064a\u0629.webp\",\"datePublished\":\"2025-01-30T17:22:58+00:00\",\"description\":\"Her \u00e7antaya veya anahtarl\u0131\u011fa m\u00fckemmel bir ek olan Makiyah bebek kolye ucu, kalp ve Mekke kelimesiyle benzersiz bir tasar\u0131mda yumu\u015fakl\u0131k ve zarafeti bir araya getiriyor. \\\"Makiyah \\\"\u0131n Anlam\u0131\",\"breadcrumb\":{\"@id\":\"https:\\\/\\\/saudi-gift.com\\\/product\\\/%d8%aa%d8%b9%d9%84%d9%8a%d9%82%d8%a9-%d8%af%d9%85%d9%8a%d8%a9-%d9%85%d8%ad%d8%b4%d9%88%d8%a9-%d8%a7%d9%84%d8%ad%d9%85%d8%a7%d9%85%d8%a9-%d9%85%d9%83%d9%8a%d8%a9\\\/#breadcrumb\"},\"inLanguage\":\"tr\",\"potentialAction\":[{\"@type\":\"ReadAction\",\"target\":[\"https:\\\/\\\/saudi-gift.com\\\/product\\\/%d8%aa%d8%b9%d9%84%d9%8a%d9%82%d8%a9-%d8%af%d9%85%d9%8a%d8%a9-%d9%85%d8%ad%d8%b4%d9%88%d8%a9-%d8%a7%d9%84%d8%ad%d9%85%d8%a7%d9%85%d8%a9-%d9%85%d9%83%d9%8a%d8%a9\\\/\"]}]},{\"@type\":\"ImageObject\",\"inLanguage\":\"tr\",\"@id\":\"https:\\\/\\\/saudi-gift.com\\\/product\\\/%d8%aa%d8%b9%d9%84%d9%8a%d9%82%d8%a9-%d8%af%d9%85%d9%8a%d8%a9-%d9%85%d8%ad%d8%b4%d9%88%d8%a9-%d8%a7%d9%84%d8%ad%d9%85%d8%a7%d9%85%d8%a9-%d9%85%d9%83%d9%8a%d8%a9\\\/#primaryimage\",\"url\":\"https:\\\/\\\/saudi-gift.com\\\/wp-content\\\/uploads\\\/2025\\\/01\\\/\u062a\u0639\u0644\u064a\u0642\u0629-\u062f\u0645\u064a\u0629-\u0645\u062d\u0634\u0648\u0629-\u0627\u0644\u062d\u0645\u0627\u0645\u0629-\u0645\u0643\u064a\u0629.webp\",\"contentUrl\":\"https:\\\/\\\/saudi-gift.com\\\/wp-content\\\/uploads\\\/2025\\\/01\\\/\u062a\u0639\u0644\u064a\u0642\u0629-\u062f\u0645\u064a\u0629-\u0645\u062d\u0634\u0648\u0629-\u0627\u0644\u062d\u0645\u0627\u0645\u0629-\u0645\u0643\u064a\u0629.webp\",\"width\":600,\"height\":600},{\"@type\":\"BreadcrumbList\",\"@id\":\"https:\\\/\\\/saudi-gift.com\\\/product\\\/%d8%aa%d8%b9%d9%84%d9%8a%d9%82%d8%a9-%d8%af%d9%85%d9%8a%d8%a9-%d9%85%d8%ad%d8%b4%d9%88%d8%a9-%d8%a7%d9%84%d8%ad%d9%85%d8%a7%d9%85%d8%a9-%d9%85%d9%83%d9%8a%d8%a9\\\/#breadcrumb\",\"itemListElement\":[{\"@type\":\"ListItem\",\"position\":1,\"name\":\"Home\",\"item\":\"https:\\\/\\\/saudi-gift.com\\\/tr\\\/\"},{\"@type\":\"ListItem\",\"position\":2,\"name\":\"\u015eimdi Al\u0131\u015fveri\u015f Yap\u0131n\",\"item\":\"https:\\\/\\\/saudi-gift.com\\\/tr\\\/simdi-alisveris-yapin\\\/\"},{\"@type\":\"ListItem\",\"position\":3,\"name\":\"G\u00fcvercin Doldurulmu\u015f Bebek Ask\u0131s\u0131\"}]},{\"@type\":\"WebSite\",\"@id\":\"https:\\\/\\\/saudi-gift.com\\\/#website\",\"url\":\"https:\\\/\\\/saudi-gift.com\\\/\",\"name\":\"\u0647\u062f\u064a\u0629 \u0633\u0639\u0648\u062f\u064a\u0629\",\"description\":\"\u0647\u062f\u064a\u0629 \u0633\u0639\u0648\u062f\u064a\u0629 \u0645\u062a\u062c\u0631 \u0627\u0644\u0643\u062a\u0631\u0648\u0646\u064a \u064a\u0642\u062f\u0645 \u0644\u0643\u0645 \u0645\u062c\u0645\u0648\u0639\u0629 \u0645\u0646 \u0627\u0644\u0647\u062f\u0627\u064a\u0627 \u0627\u0644\u062a\u064a \u062a\u062c\u0633\u062f \u0639\u0628\u0642 \u0630\u0643\u0631\u064a\u0627\u062a\u0643\u0645 \u0641\u064a \u0627\u0644\u0645\u0634\u0627\u0639\u0631 \u0627\u0644\u0645\u0642\u062f\u0633\u0629\",\"publisher\":{\"@id\":\"https:\\\/\\\/saudi-gift.com\\\/#organization\"},\"alternateName\":\"\u0647\u062f\u064a\u0629 \u0633\u0639\u0648\u062f\u064a\u0629\",\"potentialAction\":[{\"@type\":\"SearchAction\",\"target\":{\"@type\":\"EntryPoint\",\"urlTemplate\":\"https:\\\/\\\/saudi-gift.com\\\/?s={search_term_string}\"},\"query-input\":{\"@type\":\"PropertyValueSpecification\",\"valueRequired\":true,\"valueName\":\"search_term_string\"}}],\"inLanguage\":\"tr\"},{\"@type\":\"Organization\",\"@id\":\"https:\\\/\\\/saudi-gift.com\\\/#organization\",\"name\":\"\u0645\u062a\u062c\u0631 \u0627\u0644\u0647\u062f\u064a\u0629\",\"alternateName\":\"\u0647\u062f\u064a\u0629 \u0633\u0639\u0648\u062f\u064a\u0629\",\"url\":\"https:\\\/\\\/saudi-gift.com\\\/\",\"logo\":{\"@type\":\"ImageObject\",\"inLanguage\":\"tr\",\"@id\":\"https:\\\/\\\/saudi-gift.com\\\/#\\\/schema\\\/logo\\\/image\\\/\",\"url\":\"https:\\\/\\\/saudi-gift.com\\\/wp-content\\\/uploads\\\/2025\\\/05\\\/2.png\",\"contentUrl\":\"https:\\\/\\\/saudi-gift.com\\\/wp-content\\\/uploads\\\/2025\\\/05\\\/2.png\",\"width\":163,\"height\":42,\"caption\":\"\u0645\u062a\u062c\u0631 \u0627\u0644\u0647\u062f\u064a\u0629\"},\"image\":{\"@id\":\"https:\\\/\\\/saudi-gift.com\\\/#\\\/schema\\\/logo\\\/image\\\/\"},\"sameAs\":[\"https:\\\/\\\/www.facebook.com\\\/profile.php?id=61560277649059&mibextid=LQQJ4d\",\"https:\\\/\\\/x.com\\\/saudigift_\"]}]}<\/script>\n<!-- \/ Yoast SEO Premium plugin. -->","yoast_head_json":{"title":"G\u00fcvercin Doldurulmu\u015f Bebek Ask\u0131s\u0131 - \u0647\u062f\u064a\u0629 \u0633\u0639\u0648\u062f\u064a\u0629","description":"Her \u00e7antaya veya anahtarl\u0131\u011fa m\u00fckemmel bir ek olan Makiyah bebek kolye ucu, kalp ve Mekke kelimesiyle benzersiz bir tasar\u0131mda yumu\u015fakl\u0131k ve zarafeti bir araya getiriyor. \"Makiyah \"\u0131n Anlam\u0131","robots":{"index":"index","follow":"follow","max-snippet":"max-snippet:-1","max-image-preview":"max-image-preview:large","max-video-preview":"max-video-preview:-1"},"canonical":"https:\/\/saudi-gift.com\/product\/\u062a\u0639\u0644\u064a\u0642\u0629-\u062f\u0645\u064a\u0629-\u0645\u062d\u0634\u0648\u0629-\u0627\u0644\u062d\u0645\u0627\u0645\u0629-\u0645\u0643\u064a\u0629\/","og_locale":"tr_TR","og_type":"article","og_title":"G\u00fcvercin Doldurulmu\u015f Bebek Ask\u0131s\u0131","og_description":"Her \u00e7antaya veya anahtarl\u0131\u011fa m\u00fckemmel bir ek olan Makiyah bebek kolye ucu, kalp ve Mekke kelimesiyle benzersiz bir tasar\u0131mda yumu\u015fakl\u0131k ve zarafeti bir araya getiriyor. \"Makiyah \"\u0131n Anlam\u0131","og_url":"https:\/\/saudi-gift.com\/product\/\u062a\u0639\u0644\u064a\u0642\u0629-\u062f\u0645\u064a\u0629-\u0645\u062d\u0634\u0648\u0629-\u0627\u0644\u062d\u0645\u0627\u0645\u0629-\u0645\u0643\u064a\u0629\/","og_site_name":"\u0647\u062f\u064a\u0629 \u0633\u0639\u0648\u062f\u064a\u0629","article_publisher":"https:\/\/www.facebook.com\/profile.php?id=61560277649059&mibextid=LQQJ4d","og_image":[{"width":600,"height":600,"url":"https:\/\/i0.wp.com\/saudi-gift.com\/wp-content\/uploads\/2025\/01\/%D8%AA%D8%B9%D9%84%D9%8A%D9%82%D8%A9-%D8%AF%D9%85%D9%8A%D8%A9-%D9%85%D8%AD%D8%B4%D9%88%D8%A9-%D8%A7%D9%84%D8%AD%D9%85%D8%A7%D9%85%D8%A9-%D9%85%D9%83%D9%8A%D8%A9.webp?fit=600%2C600&ssl=1","type":"image\/webp"}],"twitter_card":"summary_large_image","twitter_site":"@saudigift_","twitter_misc":{"Tahmini okuma s\u00fcresi":"3 dakika"},"schema":{"@context":"https:\/\/schema.org","@graph":[{"@type":"WebPage","@id":"https:\/\/saudi-gift.com\/product\/%d8%aa%d8%b9%d9%84%d9%8a%d9%82%d8%a9-%d8%af%d9%85%d9%8a%d8%a9-%d9%85%d8%ad%d8%b4%d9%88%d8%a9-%d8%a7%d9%84%d8%ad%d9%85%d8%a7%d9%85%d8%a9-%d9%85%d9%83%d9%8a%d8%a9\/","url":"https:\/\/saudi-gift.com\/product\/%d8%aa%d8%b9%d9%84%d9%8a%d9%82%d8%a9-%d8%af%d9%85%d9%8a%d8%a9-%d9%85%d8%ad%d8%b4%d9%88%d8%a9-%d8%a7%d9%84%d8%ad%d9%85%d8%a7%d9%85%d8%a9-%d9%85%d9%83%d9%8a%d8%a9\/","name":"G\u00fcvercin Doldurulmu\u015f Bebek Ask\u0131s\u0131 - \u0647\u062f\u064a\u0629 \u0633\u0639\u0648\u062f\u064a\u0629","isPartOf":{"@id":"https:\/\/saudi-gift.com\/#website"},"primaryImageOfPage":{"@id":"https:\/\/saudi-gift.com\/product\/%d8%aa%d8%b9%d9%84%d9%8a%d9%82%d8%a9-%d8%af%d9%85%d9%8a%d8%a9-%d9%85%d8%ad%d8%b4%d9%88%d8%a9-%d8%a7%d9%84%d8%ad%d9%85%d8%a7%d9%85%d8%a9-%d9%85%d9%83%d9%8a%d8%a9\/#primaryimage"},"image":{"@id":"https:\/\/saudi-gift.com\/product\/%d8%aa%d8%b9%d9%84%d9%8a%d9%82%d8%a9-%d8%af%d9%85%d9%8a%d8%a9-%d9%85%d8%ad%d8%b4%d9%88%d8%a9-%d8%a7%d9%84%d8%ad%d9%85%d8%a7%d9%85%d8%a9-%d9%85%d9%83%d9%8a%d8%a9\/#primaryimage"},"thumbnailUrl":"https:\/\/saudi-gift.com\/wp-content\/uploads\/2025\/01\/\u062a\u0639\u0644\u064a\u0642\u0629-\u062f\u0645\u064a\u0629-\u0645\u062d\u0634\u0648\u0629-\u0627\u0644\u062d\u0645\u0627\u0645\u0629-\u0645\u0643\u064a\u0629.webp","datePublished":"2025-01-30T17:22:58+00:00","description":"Her \u00e7antaya veya anahtarl\u0131\u011fa m\u00fckemmel bir ek olan Makiyah bebek kolye ucu, kalp ve Mekke kelimesiyle benzersiz bir tasar\u0131mda yumu\u015fakl\u0131k ve zarafeti bir araya getiriyor. \"Makiyah \"\u0131n Anlam\u0131","breadcrumb":{"@id":"https:\/\/saudi-gift.com\/product\/%d8%aa%d8%b9%d9%84%d9%8a%d9%82%d8%a9-%d8%af%d9%85%d9%8a%d8%a9-%d9%85%d8%ad%d8%b4%d9%88%d8%a9-%d8%a7%d9%84%d8%ad%d9%85%d8%a7%d9%85%d8%a9-%d9%85%d9%83%d9%8a%d8%a9\/#breadcrumb"},"inLanguage":"tr","potentialAction":[{"@type":"ReadAction","target":["https:\/\/saudi-gift.com\/product\/%d8%aa%d8%b9%d9%84%d9%8a%d9%82%d8%a9-%d8%af%d9%85%d9%8a%d8%a9-%d9%85%d8%ad%d8%b4%d9%88%d8%a9-%d8%a7%d9%84%d8%ad%d9%85%d8%a7%d9%85%d8%a9-%d9%85%d9%83%d9%8a%d8%a9\/"]}]},{"@type":"ImageObject","inLanguage":"tr","@id":"https:\/\/saudi-gift.com\/product\/%d8%aa%d8%b9%d9%84%d9%8a%d9%82%d8%a9-%d8%af%d9%85%d9%8a%d8%a9-%d9%85%d8%ad%d8%b4%d9%88%d8%a9-%d8%a7%d9%84%d8%ad%d9%85%d8%a7%d9%85%d8%a9-%d9%85%d9%83%d9%8a%d8%a9\/#primaryimage","url":"https:\/\/saudi-gift.com\/wp-content\/uploads\/2025\/01\/\u062a\u0639\u0644\u064a\u0642\u0629-\u062f\u0645\u064a\u0629-\u0645\u062d\u0634\u0648\u0629-\u0627\u0644\u062d\u0645\u0627\u0645\u0629-\u0645\u0643\u064a\u0629.webp","contentUrl":"https:\/\/saudi-gift.com\/wp-content\/uploads\/2025\/01\/\u062a\u0639\u0644\u064a\u0642\u0629-\u062f\u0645\u064a\u0629-\u0645\u062d\u0634\u0648\u0629-\u0627\u0644\u062d\u0645\u0627\u0645\u0629-\u0645\u0643\u064a\u0629.webp","width":600,"height":600},{"@type":"BreadcrumbList","@id":"https:\/\/saudi-gift.com\/product\/%d8%aa%d8%b9%d9%84%d9%8a%d9%82%d8%a9-%d8%af%d9%85%d9%8a%d8%a9-%d9%85%d8%ad%d8%b4%d9%88%d8%a9-%d8%a7%d9%84%d8%ad%d9%85%d8%a7%d9%85%d8%a9-%d9%85%d9%83%d9%8a%d8%a9\/#breadcrumb","itemListElement":[{"@type":"ListItem","position":1,"name":"Home","item":"https:\/\/saudi-gift.com\/tr\/"},{"@type":"ListItem","position":2,"name":"\u015eimdi Al\u0131\u015fveri\u015f Yap\u0131n","item":"https:\/\/saudi-gift.com\/tr\/simdi-alisveris-yapin\/"},{"@type":"ListItem","position":3,"name":"G\u00fcvercin Doldurulmu\u015f Bebek Ask\u0131s\u0131"}]},{"@type":"WebSite","@id":"https:\/\/saudi-gift.com\/#website","url":"https:\/\/saudi-gift.com\/","name":"\u0647\u062f\u064a\u0629 \u0633\u0639\u0648\u062f\u064a\u0629","description":"\u0647\u062f\u064a\u0629 \u0633\u0639\u0648\u062f\u064a\u0629 \u0645\u062a\u062c\u0631 \u0627\u0644\u0643\u062a\u0631\u0648\u0646\u064a \u064a\u0642\u062f\u0645 \u0644\u0643\u0645 \u0645\u062c\u0645\u0648\u0639\u0629 \u0645\u0646 \u0627\u0644\u0647\u062f\u0627\u064a\u0627 \u0627\u0644\u062a\u064a \u062a\u062c\u0633\u062f \u0639\u0628\u0642 \u0630\u0643\u0631\u064a\u0627\u062a\u0643\u0645 \u0641\u064a \u0627\u0644\u0645\u0634\u0627\u0639\u0631 \u0627\u0644\u0645\u0642\u062f\u0633\u0629","publisher":{"@id":"https:\/\/saudi-gift.com\/#organization"},"alternateName":"\u0647\u062f\u064a\u0629 \u0633\u0639\u0648\u062f\u064a\u0629","potentialAction":[{"@type":"SearchAction","target":{"@type":"EntryPoint","urlTemplate":"https:\/\/saudi-gift.com\/?s={search_term_string}"},"query-input":{"@type":"PropertyValueSpecification","valueRequired":true,"valueName":"search_term_string"}}],"inLanguage":"tr"},{"@type":"Organization","@id":"https:\/\/saudi-gift.com\/#organization","name":"\u0645\u062a\u062c\u0631 \u0627\u0644\u0647\u062f\u064a\u0629","alternateName":"\u0647\u062f\u064a\u0629 \u0633\u0639\u0648\u062f\u064a\u0629","url":"https:\/\/saudi-gift.com\/","logo":{"@type":"ImageObject","inLanguage":"tr","@id":"https:\/\/saudi-gift.com\/#\/schema\/logo\/image\/","url":"https:\/\/saudi-gift.com\/wp-content\/uploads\/2025\/05\/2.png","contentUrl":"https:\/\/saudi-gift.com\/wp-content\/uploads\/2025\/05\/2.png","width":163,"height":42,"caption":"\u0645\u062a\u062c\u0631 \u0627\u0644\u0647\u062f\u064a\u0629"},"image":{"@id":"https:\/\/saudi-gift.com\/#\/schema\/logo\/image\/"},"sameAs":["https:\/\/www.facebook.com\/profile.php?id=61560277649059&mibextid=LQQJ4d","https:\/\/x.com\/saudigift_"]}]}},"jetpack-related-posts":[],"_links":{"self":[{"href":"https:\/\/saudi-gift.com\/tr\/wp-json\/wp\/v2\/product\/47817","targetHints":{"allow":["GET"]}}],"collection":[{"href":"https:\/\/saudi-gift.com\/tr\/wp-json\/wp\/v2\/product"}],"about":[{"href":"https:\/\/saudi-gift.com\/tr\/wp-json\/wp\/v2\/types\/product"}],"replies":[{"embeddable":true,"href":"https:\/\/saudi-gift.com\/tr\/wp-json\/wp\/v2\/comments?post=47817"}],"version-history":[{"count":0,"href":"https:\/\/saudi-gift.com\/tr\/wp-json\/wp\/v2\/product\/47817\/revisions"}],"wp:featuredmedia":[{"embeddable":true,"href":"https:\/\/saudi-gift.com\/tr\/wp-json\/wp\/v2\/media\/45128"}],"wp:attachment":[{"href":"https:\/\/saudi-gift.com\/tr\/wp-json\/wp\/v2\/media?parent=47817"}],"wp:term":[{"taxonomy":"product_brand","embeddable":true,"href":"https:\/\/saudi-gift.com\/tr\/wp-json\/wp\/v2\/product_brand?post=47817"},{"taxonomy":"product_cat","embeddable":true,"href":"https:\/\/saudi-gift.com\/tr\/wp-json\/wp\/v2\/product_cat?post=47817"},{"taxonomy":"product_tag","embeddable":true,"href":"https:\/\/saudi-gift.com\/tr\/wp-json\/wp\/v2\/product_tag?post=47817"}],"curies":[{"name":"wp","href":"https:\/\/api.w.org\/{rel}","templated":true}]}}