{"id":48126,"date":"2025-02-03T19:13:21","date_gmt":"2025-02-03T16:13:21","guid":{"rendered":"https:\/\/saudi-gift.com\/product\/suudi-milli-gunu-marsi-kutusu-koyu-ahsap\/"},"modified":"2025-03-03T05:43:22","modified_gmt":"2025-03-03T02:43:22","slug":"suudi-milli-gunu-marsi-kutusu-koyu-ahsap","status":"publish","type":"product","link":"https:\/\/saudi-gift.com\/tr\/urun\/suudi-milli-gunu-marsi-kutusu-koyu-ahsap\/","title":{"rendered":"Suudi Milli G\u00fcn\u00fc Mar\u015f\u0131 Kutusu (Koyu Ah\u015fap)"},"content":{"rendered":"<p>Suudi Milli G\u00fcn\u00fc Mar\u015f\u0131 Kutusu (Koyu Ah\u015fap)<\/p>\n<p>&nbsp;<\/p>\n<article id=\"more-content\" class=\"article article--main relative overflow-hidden transition-all max-h-0 duration-300 p-4\">K\u0131sacas\u0131, Suudi Ulusal G\u00fcn\u00fc M\u00fczik Kutusu sanat, k\u00fclt\u00fcr ve m\u00fczi\u011fi bir araya getiren, g\u00fc\u00e7l\u00fc bir birlik ve ulusal gurur mesaj\u0131 ta\u015f\u0131yan e\u015fsiz bir eserdir.  <\/article>\n<p>Tahta kutu:<\/p>\n<p>7&#215;6,5&#215;6,5&#215;4 cm<\/p>\n","protected":false},"excerpt":{"rendered":"<p>Suudi Ulusal G\u00fcn\u00fc M\u00fczik Kutusu, Suudi Arabistan Krall\u0131\u011f\u0131&#8217;n\u0131n ulusal y\u0131ld\u00f6n\u00fcm\u00fcn\u00fc kutlayan e\u015fsiz ve g\u00fczel bir sanat eseridir. Bu harika \u00fcr\u00fcn birlik, gurur ve aidiyet ruhunu yans\u0131tmakta ve insanlar\u0131n \u00fclkelerine olan sevgisini ifade etmektedir. <\/p>\n","protected":false},"featured_media":47195,"comment_status":"open","ping_status":"closed","template":"","meta":[],"product_brand":[],"product_cat":[354],"product_tag":[2138,1968,1280],"class_list":{"0":"post-48126","1":"product","2":"type-product","3":"status-publish","4":"has-post-thumbnail","6":"product_cat-turistik-hediyelikler","7":"product_tag-_-tr","11":"first","12":"instock","13":"shipping-taxable","14":"purchasable","15":"product-type-simple"},"yoast_head":"<!-- This site is optimized with the Yoast SEO Premium plugin v27.2 (Yoast SEO v27.3) - https:\/\/yoast.com\/product\/yoast-seo-premium-wordpress\/ -->\n<title>Suudi Milli G\u00fcn\u00fc Mar\u015f\u0131 Kutusu (Koyu Ah\u015fap) - \u0647\u062f\u064a\u0629 \u0633\u0639\u0648\u062f\u064a\u0629<\/title>\n<meta name=\"robots\" content=\"index, follow, max-snippet:-1, max-image-preview:large, max-video-preview:-1\" \/>\n<link rel=\"canonical\" href=\"https:\/\/saudi-gift.com\/tr\/product\/suudi-milli-gunu-marsi-kutusu-koyu-ahsap\/\" \/>\n<meta property=\"og:locale\" content=\"tr_TR\" \/>\n<meta property=\"og:type\" content=\"article\" \/>\n<meta property=\"og:title\" content=\"Suudi Milli G\u00fcn\u00fc Mar\u015f\u0131 Kutusu (Koyu Ah\u015fap)\" \/>\n<meta property=\"og:description\" content=\"Suudi Ulusal G\u00fcn\u00fc M\u00fczik Kutusu, Suudi Arabistan Krall\u0131\u011f\u0131&#039;n\u0131n ulusal y\u0131ld\u00f6n\u00fcm\u00fcn\u00fc kutlayan e\u015fsiz ve g\u00fczel bir sanat eseridir. Bu harika \u00fcr\u00fcn birlik, gurur ve aidiyet ruhunu yans\u0131tmakta ve insanlar\u0131n \u00fclkelerine olan sevgisini ifade etmektedir.\" \/>\n<meta property=\"og:url\" content=\"https:\/\/saudi-gift.com\/tr\/product\/suudi-milli-gunu-marsi-kutusu-koyu-ahsap\/\" \/>\n<meta property=\"og:site_name\" content=\"\u0647\u062f\u064a\u0629 \u0633\u0639\u0648\u062f\u064a\u0629\" \/>\n<meta property=\"article:publisher\" content=\"https:\/\/www.facebook.com\/profile.php?id=61560277649059&amp;mibextid=LQQJ4d\" \/>\n<meta property=\"article:modified_time\" content=\"2025-03-03T02:43:22+00:00\" \/>\n<meta property=\"og:image\" content=\"https:\/\/i0.wp.com\/saudi-gift.com\/wp-content\/uploads\/2025\/02\/1b1d7d2b-dccc-473b-bb0a-d9b5778cd969-1000x1000-sgPsrlAkStlfnQ9DmqCSMOJJq41Oezee2Sios9oi-1.webp?fit=600%2C600&ssl=1\" \/>\n\t<meta property=\"og:image:width\" content=\"600\" \/>\n\t<meta property=\"og:image:height\" content=\"600\" \/>\n\t<meta property=\"og:image:type\" content=\"image\/webp\" \/>\n<meta name=\"twitter:card\" content=\"summary_large_image\" \/>\n<meta name=\"twitter:site\" content=\"@saudigift_\" \/>\n<script type=\"application\/ld+json\" class=\"yoast-schema-graph\">{\"@context\":\"https:\\\/\\\/schema.org\",\"@graph\":[{\"@type\":\"WebPage\",\"@id\":\"https:\\\/\\\/saudi-gift.com\\\/tr\\\/product\\\/suudi-milli-gunu-marsi-kutusu-koyu-ahsap\\\/\",\"url\":\"https:\\\/\\\/saudi-gift.com\\\/tr\\\/product\\\/suudi-milli-gunu-marsi-kutusu-koyu-ahsap\\\/\",\"name\":\"Suudi Milli G\u00fcn\u00fc Mar\u015f\u0131 Kutusu (Koyu Ah\u015fap) - \u0647\u062f\u064a\u0629 \u0633\u0639\u0648\u062f\u064a\u0629\",\"isPartOf\":{\"@id\":\"https:\\\/\\\/saudi-gift.com\\\/#website\"},\"primaryImageOfPage\":{\"@id\":\"https:\\\/\\\/saudi-gift.com\\\/tr\\\/product\\\/suudi-milli-gunu-marsi-kutusu-koyu-ahsap\\\/#primaryimage\"},\"image\":{\"@id\":\"https:\\\/\\\/saudi-gift.com\\\/tr\\\/product\\\/suudi-milli-gunu-marsi-kutusu-koyu-ahsap\\\/#primaryimage\"},\"thumbnailUrl\":\"https:\\\/\\\/saudi-gift.com\\\/wp-content\\\/uploads\\\/2025\\\/02\\\/1b1d7d2b-dccc-473b-bb0a-d9b5778cd969-1000x1000-sgPsrlAkStlfnQ9DmqCSMOJJq41Oezee2Sios9oi-1.webp\",\"datePublished\":\"2025-02-03T16:13:21+00:00\",\"dateModified\":\"2025-03-03T02:43:22+00:00\",\"breadcrumb\":{\"@id\":\"https:\\\/\\\/saudi-gift.com\\\/tr\\\/product\\\/suudi-milli-gunu-marsi-kutusu-koyu-ahsap\\\/#breadcrumb\"},\"inLanguage\":\"tr\",\"potentialAction\":[{\"@type\":\"ReadAction\",\"target\":[\"https:\\\/\\\/saudi-gift.com\\\/tr\\\/product\\\/suudi-milli-gunu-marsi-kutusu-koyu-ahsap\\\/\"]}]},{\"@type\":\"ImageObject\",\"inLanguage\":\"tr\",\"@id\":\"https:\\\/\\\/saudi-gift.com\\\/tr\\\/product\\\/suudi-milli-gunu-marsi-kutusu-koyu-ahsap\\\/#primaryimage\",\"url\":\"https:\\\/\\\/saudi-gift.com\\\/wp-content\\\/uploads\\\/2025\\\/02\\\/1b1d7d2b-dccc-473b-bb0a-d9b5778cd969-1000x1000-sgPsrlAkStlfnQ9DmqCSMOJJq41Oezee2Sios9oi-1.webp\",\"contentUrl\":\"https:\\\/\\\/saudi-gift.com\\\/wp-content\\\/uploads\\\/2025\\\/02\\\/1b1d7d2b-dccc-473b-bb0a-d9b5778cd969-1000x1000-sgPsrlAkStlfnQ9DmqCSMOJJq41Oezee2Sios9oi-1.webp\",\"width\":600,\"height\":600},{\"@type\":\"BreadcrumbList\",\"@id\":\"https:\\\/\\\/saudi-gift.com\\\/tr\\\/product\\\/suudi-milli-gunu-marsi-kutusu-koyu-ahsap\\\/#breadcrumb\",\"itemListElement\":[{\"@type\":\"ListItem\",\"position\":1,\"name\":\"Home\",\"item\":\"https:\\\/\\\/saudi-gift.com\\\/tr\\\/\"},{\"@type\":\"ListItem\",\"position\":2,\"name\":\"\u015eimdi Al\u0131\u015fveri\u015f Yap\u0131n\",\"item\":\"https:\\\/\\\/saudi-gift.com\\\/tr\\\/simdi-alisveris-yapin\\\/\"},{\"@type\":\"ListItem\",\"position\":3,\"name\":\"Suudi Milli G\u00fcn\u00fc Mar\u015f\u0131 Kutusu (Koyu Ah\u015fap)\"}]},{\"@type\":\"WebSite\",\"@id\":\"https:\\\/\\\/saudi-gift.com\\\/#website\",\"url\":\"https:\\\/\\\/saudi-gift.com\\\/\",\"name\":\"\u0647\u062f\u064a\u0629 \u0633\u0639\u0648\u062f\u064a\u0629\",\"description\":\"\u0647\u062f\u064a\u0629 \u0633\u0639\u0648\u062f\u064a\u0629 \u0645\u062a\u062c\u0631 \u0627\u0644\u0643\u062a\u0631\u0648\u0646\u064a \u064a\u0642\u062f\u0645 \u0644\u0643\u0645 \u0645\u062c\u0645\u0648\u0639\u0629 \u0645\u0646 \u0627\u0644\u0647\u062f\u0627\u064a\u0627 \u0627\u0644\u062a\u064a \u062a\u062c\u0633\u062f \u0639\u0628\u0642 \u0630\u0643\u0631\u064a\u0627\u062a\u0643\u0645 \u0641\u064a \u0627\u0644\u0645\u0634\u0627\u0639\u0631 \u0627\u0644\u0645\u0642\u062f\u0633\u0629\",\"publisher\":{\"@id\":\"https:\\\/\\\/saudi-gift.com\\\/#organization\"},\"alternateName\":\"\u0647\u062f\u064a\u0629 \u0633\u0639\u0648\u062f\u064a\u0629\",\"potentialAction\":[{\"@type\":\"SearchAction\",\"target\":{\"@type\":\"EntryPoint\",\"urlTemplate\":\"https:\\\/\\\/saudi-gift.com\\\/?s={search_term_string}\"},\"query-input\":{\"@type\":\"PropertyValueSpecification\",\"valueRequired\":true,\"valueName\":\"search_term_string\"}}],\"inLanguage\":\"tr\"},{\"@type\":\"Organization\",\"@id\":\"https:\\\/\\\/saudi-gift.com\\\/#organization\",\"name\":\"\u0645\u062a\u062c\u0631 \u0627\u0644\u0647\u062f\u064a\u0629\",\"alternateName\":\"\u0647\u062f\u064a\u0629 \u0633\u0639\u0648\u062f\u064a\u0629\",\"url\":\"https:\\\/\\\/saudi-gift.com\\\/\",\"logo\":{\"@type\":\"ImageObject\",\"inLanguage\":\"tr\",\"@id\":\"https:\\\/\\\/saudi-gift.com\\\/#\\\/schema\\\/logo\\\/image\\\/\",\"url\":\"https:\\\/\\\/saudi-gift.com\\\/wp-content\\\/uploads\\\/2025\\\/05\\\/2.png\",\"contentUrl\":\"https:\\\/\\\/saudi-gift.com\\\/wp-content\\\/uploads\\\/2025\\\/05\\\/2.png\",\"width\":163,\"height\":42,\"caption\":\"\u0645\u062a\u062c\u0631 \u0627\u0644\u0647\u062f\u064a\u0629\"},\"image\":{\"@id\":\"https:\\\/\\\/saudi-gift.com\\\/#\\\/schema\\\/logo\\\/image\\\/\"},\"sameAs\":[\"https:\\\/\\\/www.facebook.com\\\/profile.php?id=61560277649059&mibextid=LQQJ4d\",\"https:\\\/\\\/x.com\\\/saudigift_\"]}]}<\/script>\n<!-- \/ Yoast SEO Premium plugin. -->","yoast_head_json":{"title":"Suudi Milli G\u00fcn\u00fc Mar\u015f\u0131 Kutusu (Koyu Ah\u015fap) - \u0647\u062f\u064a\u0629 \u0633\u0639\u0648\u062f\u064a\u0629","robots":{"index":"index","follow":"follow","max-snippet":"max-snippet:-1","max-image-preview":"max-image-preview:large","max-video-preview":"max-video-preview:-1"},"canonical":"https:\/\/saudi-gift.com\/tr\/product\/suudi-milli-gunu-marsi-kutusu-koyu-ahsap\/","og_locale":"tr_TR","og_type":"article","og_title":"Suudi Milli G\u00fcn\u00fc Mar\u015f\u0131 Kutusu (Koyu Ah\u015fap)","og_description":"Suudi Ulusal G\u00fcn\u00fc M\u00fczik Kutusu, Suudi Arabistan Krall\u0131\u011f\u0131'n\u0131n ulusal y\u0131ld\u00f6n\u00fcm\u00fcn\u00fc kutlayan e\u015fsiz ve g\u00fczel bir sanat eseridir. Bu harika \u00fcr\u00fcn birlik, gurur ve aidiyet ruhunu yans\u0131tmakta ve insanlar\u0131n \u00fclkelerine olan sevgisini ifade etmektedir.","og_url":"https:\/\/saudi-gift.com\/tr\/product\/suudi-milli-gunu-marsi-kutusu-koyu-ahsap\/","og_site_name":"\u0647\u062f\u064a\u0629 \u0633\u0639\u0648\u062f\u064a\u0629","article_publisher":"https:\/\/www.facebook.com\/profile.php?id=61560277649059&mibextid=LQQJ4d","article_modified_time":"2025-03-03T02:43:22+00:00","og_image":[{"width":600,"height":600,"url":"https:\/\/i0.wp.com\/saudi-gift.com\/wp-content\/uploads\/2025\/02\/1b1d7d2b-dccc-473b-bb0a-d9b5778cd969-1000x1000-sgPsrlAkStlfnQ9DmqCSMOJJq41Oezee2Sios9oi-1.webp?fit=600%2C600&ssl=1","type":"image\/webp"}],"twitter_card":"summary_large_image","twitter_site":"@saudigift_","schema":{"@context":"https:\/\/schema.org","@graph":[{"@type":"WebPage","@id":"https:\/\/saudi-gift.com\/tr\/product\/suudi-milli-gunu-marsi-kutusu-koyu-ahsap\/","url":"https:\/\/saudi-gift.com\/tr\/product\/suudi-milli-gunu-marsi-kutusu-koyu-ahsap\/","name":"Suudi Milli G\u00fcn\u00fc Mar\u015f\u0131 Kutusu (Koyu Ah\u015fap) - \u0647\u062f\u064a\u0629 \u0633\u0639\u0648\u062f\u064a\u0629","isPartOf":{"@id":"https:\/\/saudi-gift.com\/#website"},"primaryImageOfPage":{"@id":"https:\/\/saudi-gift.com\/tr\/product\/suudi-milli-gunu-marsi-kutusu-koyu-ahsap\/#primaryimage"},"image":{"@id":"https:\/\/saudi-gift.com\/tr\/product\/suudi-milli-gunu-marsi-kutusu-koyu-ahsap\/#primaryimage"},"thumbnailUrl":"https:\/\/saudi-gift.com\/wp-content\/uploads\/2025\/02\/1b1d7d2b-dccc-473b-bb0a-d9b5778cd969-1000x1000-sgPsrlAkStlfnQ9DmqCSMOJJq41Oezee2Sios9oi-1.webp","datePublished":"2025-02-03T16:13:21+00:00","dateModified":"2025-03-03T02:43:22+00:00","breadcrumb":{"@id":"https:\/\/saudi-gift.com\/tr\/product\/suudi-milli-gunu-marsi-kutusu-koyu-ahsap\/#breadcrumb"},"inLanguage":"tr","potentialAction":[{"@type":"ReadAction","target":["https:\/\/saudi-gift.com\/tr\/product\/suudi-milli-gunu-marsi-kutusu-koyu-ahsap\/"]}]},{"@type":"ImageObject","inLanguage":"tr","@id":"https:\/\/saudi-gift.com\/tr\/product\/suudi-milli-gunu-marsi-kutusu-koyu-ahsap\/#primaryimage","url":"https:\/\/saudi-gift.com\/wp-content\/uploads\/2025\/02\/1b1d7d2b-dccc-473b-bb0a-d9b5778cd969-1000x1000-sgPsrlAkStlfnQ9DmqCSMOJJq41Oezee2Sios9oi-1.webp","contentUrl":"https:\/\/saudi-gift.com\/wp-content\/uploads\/2025\/02\/1b1d7d2b-dccc-473b-bb0a-d9b5778cd969-1000x1000-sgPsrlAkStlfnQ9DmqCSMOJJq41Oezee2Sios9oi-1.webp","width":600,"height":600},{"@type":"BreadcrumbList","@id":"https:\/\/saudi-gift.com\/tr\/product\/suudi-milli-gunu-marsi-kutusu-koyu-ahsap\/#breadcrumb","itemListElement":[{"@type":"ListItem","position":1,"name":"Home","item":"https:\/\/saudi-gift.com\/tr\/"},{"@type":"ListItem","position":2,"name":"\u015eimdi Al\u0131\u015fveri\u015f Yap\u0131n","item":"https:\/\/saudi-gift.com\/tr\/simdi-alisveris-yapin\/"},{"@type":"ListItem","position":3,"name":"Suudi Milli G\u00fcn\u00fc Mar\u015f\u0131 Kutusu (Koyu Ah\u015fap)"}]},{"@type":"WebSite","@id":"https:\/\/saudi-gift.com\/#website","url":"https:\/\/saudi-gift.com\/","name":"\u0647\u062f\u064a\u0629 \u0633\u0639\u0648\u062f\u064a\u0629","description":"\u0647\u062f\u064a\u0629 \u0633\u0639\u0648\u062f\u064a\u0629 \u0645\u062a\u062c\u0631 \u0627\u0644\u0643\u062a\u0631\u0648\u0646\u064a \u064a\u0642\u062f\u0645 \u0644\u0643\u0645 \u0645\u062c\u0645\u0648\u0639\u0629 \u0645\u0646 \u0627\u0644\u0647\u062f\u0627\u064a\u0627 \u0627\u0644\u062a\u064a \u062a\u062c\u0633\u062f \u0639\u0628\u0642 \u0630\u0643\u0631\u064a\u0627\u062a\u0643\u0645 \u0641\u064a \u0627\u0644\u0645\u0634\u0627\u0639\u0631 \u0627\u0644\u0645\u0642\u062f\u0633\u0629","publisher":{"@id":"https:\/\/saudi-gift.com\/#organization"},"alternateName":"\u0647\u062f\u064a\u0629 \u0633\u0639\u0648\u062f\u064a\u0629","potentialAction":[{"@type":"SearchAction","target":{"@type":"EntryPoint","urlTemplate":"https:\/\/saudi-gift.com\/?s={search_term_string}"},"query-input":{"@type":"PropertyValueSpecification","valueRequired":true,"valueName":"search_term_string"}}],"inLanguage":"tr"},{"@type":"Organization","@id":"https:\/\/saudi-gift.com\/#organization","name":"\u0645\u062a\u062c\u0631 \u0627\u0644\u0647\u062f\u064a\u0629","alternateName":"\u0647\u062f\u064a\u0629 \u0633\u0639\u0648\u062f\u064a\u0629","url":"https:\/\/saudi-gift.com\/","logo":{"@type":"ImageObject","inLanguage":"tr","@id":"https:\/\/saudi-gift.com\/#\/schema\/logo\/image\/","url":"https:\/\/saudi-gift.com\/wp-content\/uploads\/2025\/05\/2.png","contentUrl":"https:\/\/saudi-gift.com\/wp-content\/uploads\/2025\/05\/2.png","width":163,"height":42,"caption":"\u0645\u062a\u062c\u0631 \u0627\u0644\u0647\u062f\u064a\u0629"},"image":{"@id":"https:\/\/saudi-gift.com\/#\/schema\/logo\/image\/"},"sameAs":["https:\/\/www.facebook.com\/profile.php?id=61560277649059&mibextid=LQQJ4d","https:\/\/x.com\/saudigift_"]}]}},"jetpack-related-posts":[],"_links":{"self":[{"href":"https:\/\/saudi-gift.com\/tr\/wp-json\/wp\/v2\/product\/48126","targetHints":{"allow":["GET"]}}],"collection":[{"href":"https:\/\/saudi-gift.com\/tr\/wp-json\/wp\/v2\/product"}],"about":[{"href":"https:\/\/saudi-gift.com\/tr\/wp-json\/wp\/v2\/types\/product"}],"replies":[{"embeddable":true,"href":"https:\/\/saudi-gift.com\/tr\/wp-json\/wp\/v2\/comments?post=48126"}],"version-history":[{"count":0,"href":"https:\/\/saudi-gift.com\/tr\/wp-json\/wp\/v2\/product\/48126\/revisions"}],"wp:featuredmedia":[{"embeddable":true,"href":"https:\/\/saudi-gift.com\/tr\/wp-json\/wp\/v2\/media\/47195"}],"wp:attachment":[{"href":"https:\/\/saudi-gift.com\/tr\/wp-json\/wp\/v2\/media?parent=48126"}],"wp:term":[{"taxonomy":"product_brand","embeddable":true,"href":"https:\/\/saudi-gift.com\/tr\/wp-json\/wp\/v2\/product_brand?post=48126"},{"taxonomy":"product_cat","embeddable":true,"href":"https:\/\/saudi-gift.com\/tr\/wp-json\/wp\/v2\/product_cat?post=48126"},{"taxonomy":"product_tag","embeddable":true,"href":"https:\/\/saudi-gift.com\/tr\/wp-json\/wp\/v2\/product_tag?post=48126"}],"curies":[{"name":"wp","href":"https:\/\/api.w.org\/{rel}","templated":true}]}}