{"id":48278,"date":"2025-01-30T16:42:56","date_gmt":"2025-01-30T13:42:56","guid":{"rendered":"https:\/\/saudi-gift.com\/product\/suudi-shemagh-su-tutacagi-2\/"},"modified":"2025-01-30T16:42:56","modified_gmt":"2025-01-30T13:42:56","slug":"suudi-shemagh-su-tutacagi-2","status":"publish","type":"product","link":"https:\/\/saudi-gift.com\/tr\/urun\/suudi-shemagh-su-tutacagi-2\/","title":{"rendered":"Suudi Shemagh Su Tutaca\u011f\u0131"},"content":{"rendered":"<p>Suudi Shemagh Su Tutaca\u011f\u0131<\/p>\n<p>&#8220;Suudi k\u00fclt\u00fcr\u00fcn\u00fcn ve miras\u0131n\u0131n kalbinde yer alan Shemagh, \u00f6zg\u00fcnl\u00fc\u011f\u00fcn ve gururun sembol\u00fcd\u00fcr. Bu zengin mirastan esinlenerek, e\u015fsiz bir deneyim i\u00e7in gelenek ve modernli\u011fi bir araya getiren Shemagh \u0130\u00e7ecek \u015ei\u015fesini sunuyoruz.    <\/p>\n","protected":false},"excerpt":{"rendered":"<p>Kapasite ml 500 <\/p>\n<p>\u0130\u00e7ecekleri 12 saate kadar s\u0131cak veya so\u011fuk tutar<\/p>\n","protected":false},"featured_media":44127,"comment_status":"open","ping_status":"closed","template":"","meta":[],"product_brand":[],"product_cat":[132],"product_tag":[1922,1923],"class_list":{"0":"post-48278","1":"product","2":"type-product","3":"status-publish","4":"has-post-thumbnail","6":"product_cat-made-in-medina","7":"product_tag-1922","8":"product_tag-1923","10":"first","11":"instock","12":"shipping-taxable","13":"purchasable","14":"product-type-simple"},"yoast_head":"<!-- This site is optimized with the Yoast SEO Premium plugin v27.2 (Yoast SEO v27.6) - https:\/\/yoast.com\/product\/yoast-seo-premium-wordpress\/ -->\n<title>Suudi Shemagh Su Tutaca\u011f\u0131 - \u0647\u062f\u064a\u0629 \u0633\u0639\u0648\u062f\u064a\u0629<\/title>\n<meta name=\"description\" content=\"Suudi k\u00fclt\u00fcr\u00fcn\u00fcn ve miras\u0131n\u0131n kalbinde yer alan Shemagh, \u00f6zg\u00fcnl\u00fc\u011f\u00fcn ve gururun sembol\u00fcd\u00fcr. Bu zengin mirastan ilham alan Shemagh desenli i\u00e7ecek \u015fi\u015fesi, benzersiz bir deneyim i\u00e7in gelenek ve modernli\u011fi bir araya getiriyor. S\u0131cak ve so\u011fuk: \u0130\u00e7ecekleri 12 saate kadar s\u0131cak veya so\u011fuk tutar Kapasite: 500 ml\" \/>\n<meta name=\"robots\" content=\"index, follow, max-snippet:-1, max-image-preview:large, max-video-preview:-1\" \/>\n<link rel=\"canonical\" href=\"https:\/\/saudi-gift.com\/tr\/product\/suudi-shemagh-su-tutacagi-2\/\" \/>\n<meta property=\"og:locale\" content=\"tr_TR\" \/>\n<meta property=\"og:type\" content=\"article\" \/>\n<meta property=\"og:title\" content=\"Suudi Shemagh Su Tutaca\u011f\u0131\" \/>\n<meta property=\"og:description\" content=\"Suudi k\u00fclt\u00fcr\u00fcn\u00fcn ve miras\u0131n\u0131n kalbinde yer alan Shemagh, \u00f6zg\u00fcnl\u00fc\u011f\u00fcn ve gururun sembol\u00fcd\u00fcr. Bu zengin mirastan ilham alan Shemagh desenli i\u00e7ecek \u015fi\u015fesi, benzersiz bir deneyim i\u00e7in gelenek ve modernli\u011fi bir araya getiriyor. S\u0131cak ve so\u011fuk: \u0130\u00e7ecekleri 12 saate kadar s\u0131cak veya so\u011fuk tutar Kapasite: 500 ml\" \/>\n<meta property=\"og:url\" content=\"https:\/\/saudi-gift.com\/tr\/product\/suudi-shemagh-su-tutacagi-2\/\" \/>\n<meta property=\"og:site_name\" content=\"\u0647\u062f\u064a\u0629 \u0633\u0639\u0648\u062f\u064a\u0629\" \/>\n<meta property=\"article:publisher\" content=\"https:\/\/www.facebook.com\/profile.php?id=61560277649059&amp;mibextid=LQQJ4d\" \/>\n<meta property=\"og:image\" content=\"https:\/\/saudi-gift.com\/wp-content\/uploads\/2025\/01\/\u062d\u0627\u0641\u0638\u0629-\u0645\u0627\u0621-\u0627\u0644\u0634\u0645\u0627\u063a-\u0627\u0644\u0633\u0639\u0648\u062f\u064a.webp\" \/>\n\t<meta property=\"og:image:width\" content=\"600\" \/>\n\t<meta property=\"og:image:height\" content=\"600\" \/>\n\t<meta property=\"og:image:type\" content=\"image\/webp\" \/>\n<meta name=\"twitter:card\" content=\"summary_large_image\" \/>\n<meta name=\"twitter:site\" content=\"@saudigift_\" \/>\n<script type=\"application\/ld+json\" class=\"yoast-schema-graph\">{\"@context\":\"https:\\\/\\\/schema.org\",\"@graph\":[{\"@type\":\"WebPage\",\"@id\":\"https:\\\/\\\/saudi-gift.com\\\/tr\\\/product\\\/suudi-shemagh-su-tutacagi-2\\\/\",\"url\":\"https:\\\/\\\/saudi-gift.com\\\/tr\\\/product\\\/suudi-shemagh-su-tutacagi-2\\\/\",\"name\":\"Suudi Shemagh Su Tutaca\u011f\u0131 - \u0647\u062f\u064a\u0629 \u0633\u0639\u0648\u062f\u064a\u0629\",\"isPartOf\":{\"@id\":\"https:\\\/\\\/saudi-gift.com\\\/#website\"},\"primaryImageOfPage\":{\"@id\":\"https:\\\/\\\/saudi-gift.com\\\/tr\\\/product\\\/suudi-shemagh-su-tutacagi-2\\\/#primaryimage\"},\"image\":{\"@id\":\"https:\\\/\\\/saudi-gift.com\\\/tr\\\/product\\\/suudi-shemagh-su-tutacagi-2\\\/#primaryimage\"},\"thumbnailUrl\":\"https:\\\/\\\/saudi-gift.com\\\/wp-content\\\/uploads\\\/2025\\\/01\\\/\u062d\u0627\u0641\u0638\u0629-\u0645\u0627\u0621-\u0627\u0644\u0634\u0645\u0627\u063a-\u0627\u0644\u0633\u0639\u0648\u062f\u064a.webp\",\"datePublished\":\"2025-01-30T13:42:56+00:00\",\"description\":\"Suudi k\u00fclt\u00fcr\u00fcn\u00fcn ve miras\u0131n\u0131n kalbinde yer alan Shemagh, \u00f6zg\u00fcnl\u00fc\u011f\u00fcn ve gururun sembol\u00fcd\u00fcr. Bu zengin mirastan ilham alan Shemagh desenli i\u00e7ecek \u015fi\u015fesi, benzersiz bir deneyim i\u00e7in gelenek ve modernli\u011fi bir araya getiriyor. S\u0131cak ve so\u011fuk: \u0130\u00e7ecekleri 12 saate kadar s\u0131cak veya so\u011fuk tutar Kapasite: 500 ml\",\"breadcrumb\":{\"@id\":\"https:\\\/\\\/saudi-gift.com\\\/tr\\\/product\\\/suudi-shemagh-su-tutacagi-2\\\/#breadcrumb\"},\"inLanguage\":\"tr\",\"potentialAction\":[{\"@type\":\"ReadAction\",\"target\":[\"https:\\\/\\\/saudi-gift.com\\\/tr\\\/product\\\/suudi-shemagh-su-tutacagi-2\\\/\"]}]},{\"@type\":\"ImageObject\",\"inLanguage\":\"tr\",\"@id\":\"https:\\\/\\\/saudi-gift.com\\\/tr\\\/product\\\/suudi-shemagh-su-tutacagi-2\\\/#primaryimage\",\"url\":\"https:\\\/\\\/saudi-gift.com\\\/wp-content\\\/uploads\\\/2025\\\/01\\\/\u062d\u0627\u0641\u0638\u0629-\u0645\u0627\u0621-\u0627\u0644\u0634\u0645\u0627\u063a-\u0627\u0644\u0633\u0639\u0648\u062f\u064a.webp\",\"contentUrl\":\"https:\\\/\\\/saudi-gift.com\\\/wp-content\\\/uploads\\\/2025\\\/01\\\/\u062d\u0627\u0641\u0638\u0629-\u0645\u0627\u0621-\u0627\u0644\u0634\u0645\u0627\u063a-\u0627\u0644\u0633\u0639\u0648\u062f\u064a.webp\",\"width\":600,\"height\":600},{\"@type\":\"BreadcrumbList\",\"@id\":\"https:\\\/\\\/saudi-gift.com\\\/tr\\\/product\\\/suudi-shemagh-su-tutacagi-2\\\/#breadcrumb\",\"itemListElement\":[{\"@type\":\"ListItem\",\"position\":1,\"name\":\"Home\",\"item\":\"https:\\\/\\\/saudi-gift.com\\\/tr\\\/\"},{\"@type\":\"ListItem\",\"position\":2,\"name\":\"\u015eimdi Al\u0131\u015fveri\u015f Yap\u0131n\",\"item\":\"https:\\\/\\\/saudi-gift.com\\\/tr\\\/simdi-alisveris-yapin\\\/\"},{\"@type\":\"ListItem\",\"position\":3,\"name\":\"Suudi Shemagh Su Tutaca\u011f\u0131\"}]},{\"@type\":\"WebSite\",\"@id\":\"https:\\\/\\\/saudi-gift.com\\\/#website\",\"url\":\"https:\\\/\\\/saudi-gift.com\\\/\",\"name\":\"\u0647\u062f\u064a\u0629 \u0633\u0639\u0648\u062f\u064a\u0629\",\"description\":\"\u0647\u062f\u064a\u0629 \u0633\u0639\u0648\u062f\u064a\u0629 \u0645\u062a\u062c\u0631 \u0627\u0644\u0643\u062a\u0631\u0648\u0646\u064a \u064a\u0642\u062f\u0645 \u0644\u0643\u0645 \u0645\u062c\u0645\u0648\u0639\u0629 \u0645\u0646 \u0627\u0644\u0647\u062f\u0627\u064a\u0627 \u0627\u0644\u062a\u064a \u062a\u062c\u0633\u062f \u0639\u0628\u0642 \u0630\u0643\u0631\u064a\u0627\u062a\u0643\u0645 \u0641\u064a \u0627\u0644\u0645\u0634\u0627\u0639\u0631 \u0627\u0644\u0645\u0642\u062f\u0633\u0629\",\"publisher\":{\"@id\":\"https:\\\/\\\/saudi-gift.com\\\/#organization\"},\"alternateName\":\"\u0647\u062f\u064a\u0629 \u0633\u0639\u0648\u062f\u064a\u0629\",\"potentialAction\":[{\"@type\":\"SearchAction\",\"target\":{\"@type\":\"EntryPoint\",\"urlTemplate\":\"https:\\\/\\\/saudi-gift.com\\\/?s={search_term_string}\"},\"query-input\":{\"@type\":\"PropertyValueSpecification\",\"valueRequired\":true,\"valueName\":\"search_term_string\"}}],\"inLanguage\":\"tr\"},{\"@type\":\"Organization\",\"@id\":\"https:\\\/\\\/saudi-gift.com\\\/#organization\",\"name\":\"\u0645\u062a\u062c\u0631 \u0627\u0644\u0647\u062f\u064a\u0629\",\"alternateName\":\"\u0647\u062f\u064a\u0629 \u0633\u0639\u0648\u062f\u064a\u0629\",\"url\":\"https:\\\/\\\/saudi-gift.com\\\/\",\"logo\":{\"@type\":\"ImageObject\",\"inLanguage\":\"tr\",\"@id\":\"https:\\\/\\\/saudi-gift.com\\\/#\\\/schema\\\/logo\\\/image\\\/\",\"url\":\"https:\\\/\\\/saudi-gift.com\\\/wp-content\\\/uploads\\\/2025\\\/05\\\/2.png\",\"contentUrl\":\"https:\\\/\\\/saudi-gift.com\\\/wp-content\\\/uploads\\\/2025\\\/05\\\/2.png\",\"width\":163,\"height\":42,\"caption\":\"\u0645\u062a\u062c\u0631 \u0627\u0644\u0647\u062f\u064a\u0629\"},\"image\":{\"@id\":\"https:\\\/\\\/saudi-gift.com\\\/#\\\/schema\\\/logo\\\/image\\\/\"},\"sameAs\":[\"https:\\\/\\\/www.facebook.com\\\/profile.php?id=61560277649059&mibextid=LQQJ4d\",\"https:\\\/\\\/x.com\\\/saudigift_\"]}]}<\/script>\n<!-- \/ Yoast SEO Premium plugin. -->","yoast_head_json":{"title":"Suudi Shemagh Su Tutaca\u011f\u0131 - \u0647\u062f\u064a\u0629 \u0633\u0639\u0648\u062f\u064a\u0629","description":"Suudi k\u00fclt\u00fcr\u00fcn\u00fcn ve miras\u0131n\u0131n kalbinde yer alan Shemagh, \u00f6zg\u00fcnl\u00fc\u011f\u00fcn ve gururun sembol\u00fcd\u00fcr. Bu zengin mirastan ilham alan Shemagh desenli i\u00e7ecek \u015fi\u015fesi, benzersiz bir deneyim i\u00e7in gelenek ve modernli\u011fi bir araya getiriyor. S\u0131cak ve so\u011fuk: \u0130\u00e7ecekleri 12 saate kadar s\u0131cak veya so\u011fuk tutar Kapasite: 500 ml","robots":{"index":"index","follow":"follow","max-snippet":"max-snippet:-1","max-image-preview":"max-image-preview:large","max-video-preview":"max-video-preview:-1"},"canonical":"https:\/\/saudi-gift.com\/tr\/product\/suudi-shemagh-su-tutacagi-2\/","og_locale":"tr_TR","og_type":"article","og_title":"Suudi Shemagh Su Tutaca\u011f\u0131","og_description":"Suudi k\u00fclt\u00fcr\u00fcn\u00fcn ve miras\u0131n\u0131n kalbinde yer alan Shemagh, \u00f6zg\u00fcnl\u00fc\u011f\u00fcn ve gururun sembol\u00fcd\u00fcr. Bu zengin mirastan ilham alan Shemagh desenli i\u00e7ecek \u015fi\u015fesi, benzersiz bir deneyim i\u00e7in gelenek ve modernli\u011fi bir araya getiriyor. S\u0131cak ve so\u011fuk: \u0130\u00e7ecekleri 12 saate kadar s\u0131cak veya so\u011fuk tutar Kapasite: 500 ml","og_url":"https:\/\/saudi-gift.com\/tr\/product\/suudi-shemagh-su-tutacagi-2\/","og_site_name":"\u0647\u062f\u064a\u0629 \u0633\u0639\u0648\u062f\u064a\u0629","article_publisher":"https:\/\/www.facebook.com\/profile.php?id=61560277649059&mibextid=LQQJ4d","og_image":[{"width":600,"height":600,"url":"https:\/\/saudi-gift.com\/wp-content\/uploads\/2025\/01\/\u062d\u0627\u0641\u0638\u0629-\u0645\u0627\u0621-\u0627\u0644\u0634\u0645\u0627\u063a-\u0627\u0644\u0633\u0639\u0648\u062f\u064a.webp","type":"image\/webp"}],"twitter_card":"summary_large_image","twitter_site":"@saudigift_","schema":{"@context":"https:\/\/schema.org","@graph":[{"@type":"WebPage","@id":"https:\/\/saudi-gift.com\/tr\/product\/suudi-shemagh-su-tutacagi-2\/","url":"https:\/\/saudi-gift.com\/tr\/product\/suudi-shemagh-su-tutacagi-2\/","name":"Suudi Shemagh Su Tutaca\u011f\u0131 - \u0647\u062f\u064a\u0629 \u0633\u0639\u0648\u062f\u064a\u0629","isPartOf":{"@id":"https:\/\/saudi-gift.com\/#website"},"primaryImageOfPage":{"@id":"https:\/\/saudi-gift.com\/tr\/product\/suudi-shemagh-su-tutacagi-2\/#primaryimage"},"image":{"@id":"https:\/\/saudi-gift.com\/tr\/product\/suudi-shemagh-su-tutacagi-2\/#primaryimage"},"thumbnailUrl":"https:\/\/saudi-gift.com\/wp-content\/uploads\/2025\/01\/\u062d\u0627\u0641\u0638\u0629-\u0645\u0627\u0621-\u0627\u0644\u0634\u0645\u0627\u063a-\u0627\u0644\u0633\u0639\u0648\u062f\u064a.webp","datePublished":"2025-01-30T13:42:56+00:00","description":"Suudi k\u00fclt\u00fcr\u00fcn\u00fcn ve miras\u0131n\u0131n kalbinde yer alan Shemagh, \u00f6zg\u00fcnl\u00fc\u011f\u00fcn ve gururun sembol\u00fcd\u00fcr. Bu zengin mirastan ilham alan Shemagh desenli i\u00e7ecek \u015fi\u015fesi, benzersiz bir deneyim i\u00e7in gelenek ve modernli\u011fi bir araya getiriyor. S\u0131cak ve so\u011fuk: \u0130\u00e7ecekleri 12 saate kadar s\u0131cak veya so\u011fuk tutar Kapasite: 500 ml","breadcrumb":{"@id":"https:\/\/saudi-gift.com\/tr\/product\/suudi-shemagh-su-tutacagi-2\/#breadcrumb"},"inLanguage":"tr","potentialAction":[{"@type":"ReadAction","target":["https:\/\/saudi-gift.com\/tr\/product\/suudi-shemagh-su-tutacagi-2\/"]}]},{"@type":"ImageObject","inLanguage":"tr","@id":"https:\/\/saudi-gift.com\/tr\/product\/suudi-shemagh-su-tutacagi-2\/#primaryimage","url":"https:\/\/saudi-gift.com\/wp-content\/uploads\/2025\/01\/\u062d\u0627\u0641\u0638\u0629-\u0645\u0627\u0621-\u0627\u0644\u0634\u0645\u0627\u063a-\u0627\u0644\u0633\u0639\u0648\u062f\u064a.webp","contentUrl":"https:\/\/saudi-gift.com\/wp-content\/uploads\/2025\/01\/\u062d\u0627\u0641\u0638\u0629-\u0645\u0627\u0621-\u0627\u0644\u0634\u0645\u0627\u063a-\u0627\u0644\u0633\u0639\u0648\u062f\u064a.webp","width":600,"height":600},{"@type":"BreadcrumbList","@id":"https:\/\/saudi-gift.com\/tr\/product\/suudi-shemagh-su-tutacagi-2\/#breadcrumb","itemListElement":[{"@type":"ListItem","position":1,"name":"Home","item":"https:\/\/saudi-gift.com\/tr\/"},{"@type":"ListItem","position":2,"name":"\u015eimdi Al\u0131\u015fveri\u015f Yap\u0131n","item":"https:\/\/saudi-gift.com\/tr\/simdi-alisveris-yapin\/"},{"@type":"ListItem","position":3,"name":"Suudi Shemagh Su Tutaca\u011f\u0131"}]},{"@type":"WebSite","@id":"https:\/\/saudi-gift.com\/#website","url":"https:\/\/saudi-gift.com\/","name":"\u0647\u062f\u064a\u0629 \u0633\u0639\u0648\u062f\u064a\u0629","description":"\u0647\u062f\u064a\u0629 \u0633\u0639\u0648\u062f\u064a\u0629 \u0645\u062a\u062c\u0631 \u0627\u0644\u0643\u062a\u0631\u0648\u0646\u064a \u064a\u0642\u062f\u0645 \u0644\u0643\u0645 \u0645\u062c\u0645\u0648\u0639\u0629 \u0645\u0646 \u0627\u0644\u0647\u062f\u0627\u064a\u0627 \u0627\u0644\u062a\u064a \u062a\u062c\u0633\u062f \u0639\u0628\u0642 \u0630\u0643\u0631\u064a\u0627\u062a\u0643\u0645 \u0641\u064a \u0627\u0644\u0645\u0634\u0627\u0639\u0631 \u0627\u0644\u0645\u0642\u062f\u0633\u0629","publisher":{"@id":"https:\/\/saudi-gift.com\/#organization"},"alternateName":"\u0647\u062f\u064a\u0629 \u0633\u0639\u0648\u062f\u064a\u0629","potentialAction":[{"@type":"SearchAction","target":{"@type":"EntryPoint","urlTemplate":"https:\/\/saudi-gift.com\/?s={search_term_string}"},"query-input":{"@type":"PropertyValueSpecification","valueRequired":true,"valueName":"search_term_string"}}],"inLanguage":"tr"},{"@type":"Organization","@id":"https:\/\/saudi-gift.com\/#organization","name":"\u0645\u062a\u062c\u0631 \u0627\u0644\u0647\u062f\u064a\u0629","alternateName":"\u0647\u062f\u064a\u0629 \u0633\u0639\u0648\u062f\u064a\u0629","url":"https:\/\/saudi-gift.com\/","logo":{"@type":"ImageObject","inLanguage":"tr","@id":"https:\/\/saudi-gift.com\/#\/schema\/logo\/image\/","url":"https:\/\/saudi-gift.com\/wp-content\/uploads\/2025\/05\/2.png","contentUrl":"https:\/\/saudi-gift.com\/wp-content\/uploads\/2025\/05\/2.png","width":163,"height":42,"caption":"\u0645\u062a\u062c\u0631 \u0627\u0644\u0647\u062f\u064a\u0629"},"image":{"@id":"https:\/\/saudi-gift.com\/#\/schema\/logo\/image\/"},"sameAs":["https:\/\/www.facebook.com\/profile.php?id=61560277649059&mibextid=LQQJ4d","https:\/\/x.com\/saudigift_"]}]}},"jetpack-related-posts":[],"_links":{"self":[{"href":"https:\/\/saudi-gift.com\/tr\/wp-json\/wp\/v2\/product\/48278","targetHints":{"allow":["GET"]}}],"collection":[{"href":"https:\/\/saudi-gift.com\/tr\/wp-json\/wp\/v2\/product"}],"about":[{"href":"https:\/\/saudi-gift.com\/tr\/wp-json\/wp\/v2\/types\/product"}],"replies":[{"embeddable":true,"href":"https:\/\/saudi-gift.com\/tr\/wp-json\/wp\/v2\/comments?post=48278"}],"version-history":[{"count":0,"href":"https:\/\/saudi-gift.com\/tr\/wp-json\/wp\/v2\/product\/48278\/revisions"}],"wp:featuredmedia":[{"embeddable":true,"href":"https:\/\/saudi-gift.com\/tr\/wp-json\/wp\/v2\/media\/44127"}],"wp:attachment":[{"href":"https:\/\/saudi-gift.com\/tr\/wp-json\/wp\/v2\/media?parent=48278"}],"wp:term":[{"taxonomy":"product_brand","embeddable":true,"href":"https:\/\/saudi-gift.com\/tr\/wp-json\/wp\/v2\/product_brand?post=48278"},{"taxonomy":"product_cat","embeddable":true,"href":"https:\/\/saudi-gift.com\/tr\/wp-json\/wp\/v2\/product_cat?post=48278"},{"taxonomy":"product_tag","embeddable":true,"href":"https:\/\/saudi-gift.com\/tr\/wp-json\/wp\/v2\/product_tag?post=48278"}],"curies":[{"name":"wp","href":"https:\/\/api.w.org\/{rel}","templated":true}]}}