{"id":51092,"date":"2025-01-02T17:14:30","date_gmt":"2025-01-02T14:14:30","guid":{"rendered":"https:\/\/saudi-gift.com\/product\/sehadet-ederim-ki-allahtan-baska-ilah-yoktur-ve-yine-sehadet-ederim-ki-muhammed-allahin-elcisidir\/"},"modified":"2025-01-02T17:14:30","modified_gmt":"2025-01-02T14:14:30","slug":"sehadet-ederim-ki-allahtan-baska-ilah-yoktur-ve-yine-sehadet-ederim-ki-muhammed-allahin-elcisidir","status":"publish","type":"product","link":"https:\/\/saudi-gift.com\/tr\/urun\/sehadet-ederim-ki-allahtan-baska-ilah-yoktur-ve-yine-sehadet-ederim-ki-muhammed-allahin-elcisidir\/","title":{"rendered":"\u015eehadet ederim ki Allah&#8217;tan ba\u015fka ilah yoktur ve yine \u015fehadet ederim ki Muhammed Allah&#8217;\u0131n el\u00e7isidir."},"content":{"rendered":"<p class=\"ql-align-right\">\u015eahitlik ederim ki Allah&#8217;tan ba\u015fka ilah yoktur ve yine \u015fahitlik ederim ki Muhammed Allah&#8217;\u0131n el\u00e7isidir, en yetenekli hattatlar taraf\u0131ndan siyah ve alt\u0131n renklerin birle\u015fimiyle l\u00fcks bir tasar\u0131mda yaz\u0131lm\u0131\u015ft\u0131r ve en iyi tuval \u00fczerine bas\u0131lm\u0131\u015f ve ah\u015fap bir \u00e7er\u00e7eveye gerilmi\u015f, as\u0131lmaya haz\u0131r \u015fekerli bir arka plana sahiptir. <\/p>\n<p class=\"ql-align-right\">Evinizi dekore etmek ve daha unutulmaz k\u0131lmak i\u00e7in<\/p>\n<p>\u00c7e\u015fitli boyutlarda mevcuttur<\/p>\n<p>1\/40cmX60cm<\/p>\n<p>2\/60cmX90cm<\/p>\n<p>3\/80cmX120cm<\/p>\n<p>4\/90cmX140cm<\/p>\n","protected":false},"excerpt":{"rendered":"<h1 class=\"text-[24px] leading-[35.28px] font-bold text-black\">\u015eehadet ederim ki Allah&#8217;tan ba\u015fka ilah yoktur ve yine \u015fehadet ederim ki Muhammed Allah&#8217;\u0131n el\u00e7isidir.<\/h1>\n","protected":false},"featured_media":32894,"comment_status":"open","ping_status":"closed","template":"","meta":[],"product_brand":[],"product_cat":[373],"product_tag":[1511,615],"class_list":{"0":"post-51092","1":"product","2":"type-product","3":"status-publish","4":"has-post-thumbnail","6":"product_cat-tablolar","7":"product_tag--tr","10":"first","11":"instock","12":"shipping-taxable","13":"purchasable","14":"product-type-variable"},"yoast_head":"<!-- This site is optimized with the Yoast SEO Premium plugin v27.2 (Yoast SEO v27.5) - https:\/\/yoast.com\/product\/yoast-seo-premium-wordpress\/ -->\n<title>\u015eehadet ederim ki Allah&#039;tan ba\u015fka ilah yoktur ve yine \u015fehadet ederim ki Muhammed Allah&#039;\u0131n el\u00e7isidir. - \u0647\u062f\u064a\u0629 \u0633\u0639\u0648\u062f\u064a\u0629<\/title>\n<meta name=\"robots\" content=\"index, follow, max-snippet:-1, max-image-preview:large, max-video-preview:-1\" \/>\n<link rel=\"canonical\" href=\"https:\/\/saudi-gift.com\/tr\/product\/sehadet-ederim-ki-allahtan-baska-ilah-yoktur-ve-yine-sehadet-ederim-ki-muhammed-allahin-elcisidir\/\" \/>\n<meta property=\"og:locale\" content=\"tr_TR\" \/>\n<meta property=\"og:type\" content=\"article\" \/>\n<meta property=\"og:title\" content=\"\u015eehadet ederim ki Allah&#039;tan ba\u015fka ilah yoktur ve yine \u015fehadet ederim ki Muhammed Allah&#039;\u0131n el\u00e7isidir.\" \/>\n<meta property=\"og:description\" content=\"\u015eehadet ederim ki Allah&#039;tan ba\u015fka ilah yoktur ve yine \u015fehadet ederim ki Muhammed Allah&#039;\u0131n el\u00e7isidir.\" \/>\n<meta property=\"og:url\" content=\"https:\/\/saudi-gift.com\/tr\/product\/sehadet-ederim-ki-allahtan-baska-ilah-yoktur-ve-yine-sehadet-ederim-ki-muhammed-allahin-elcisidir\/\" \/>\n<meta property=\"og:site_name\" content=\"\u0647\u062f\u064a\u0629 \u0633\u0639\u0648\u062f\u064a\u0629\" \/>\n<meta property=\"article:publisher\" content=\"https:\/\/www.facebook.com\/profile.php?id=61560277649059&amp;mibextid=LQQJ4d\" \/>\n<meta property=\"og:image\" content=\"https:\/\/saudi-gift.com\/wp-content\/uploads\/2025\/01\/\u0627\u0634\u0647\u062f-1.webp\" \/>\n\t<meta property=\"og:image:width\" content=\"600\" \/>\n\t<meta property=\"og:image:height\" content=\"600\" \/>\n\t<meta property=\"og:image:type\" content=\"image\/webp\" \/>\n<meta name=\"twitter:card\" content=\"summary_large_image\" \/>\n<meta name=\"twitter:site\" content=\"@saudigift_\" \/>\n<script type=\"application\/ld+json\" class=\"yoast-schema-graph\">{\"@context\":\"https:\\\/\\\/schema.org\",\"@graph\":[{\"@type\":\"WebPage\",\"@id\":\"https:\\\/\\\/saudi-gift.com\\\/tr\\\/product\\\/sehadet-ederim-ki-allahtan-baska-ilah-yoktur-ve-yine-sehadet-ederim-ki-muhammed-allahin-elcisidir\\\/\",\"url\":\"https:\\\/\\\/saudi-gift.com\\\/tr\\\/product\\\/sehadet-ederim-ki-allahtan-baska-ilah-yoktur-ve-yine-sehadet-ederim-ki-muhammed-allahin-elcisidir\\\/\",\"name\":\"\u015eehadet ederim ki Allah'tan ba\u015fka ilah yoktur ve yine \u015fehadet ederim ki Muhammed Allah'\u0131n el\u00e7isidir. - \u0647\u062f\u064a\u0629 \u0633\u0639\u0648\u062f\u064a\u0629\",\"isPartOf\":{\"@id\":\"https:\\\/\\\/saudi-gift.com\\\/#website\"},\"primaryImageOfPage\":{\"@id\":\"https:\\\/\\\/saudi-gift.com\\\/tr\\\/product\\\/sehadet-ederim-ki-allahtan-baska-ilah-yoktur-ve-yine-sehadet-ederim-ki-muhammed-allahin-elcisidir\\\/#primaryimage\"},\"image\":{\"@id\":\"https:\\\/\\\/saudi-gift.com\\\/tr\\\/product\\\/sehadet-ederim-ki-allahtan-baska-ilah-yoktur-ve-yine-sehadet-ederim-ki-muhammed-allahin-elcisidir\\\/#primaryimage\"},\"thumbnailUrl\":\"https:\\\/\\\/saudi-gift.com\\\/wp-content\\\/uploads\\\/2025\\\/01\\\/\u0627\u0634\u0647\u062f-1.webp\",\"datePublished\":\"2025-01-02T14:14:30+00:00\",\"breadcrumb\":{\"@id\":\"https:\\\/\\\/saudi-gift.com\\\/tr\\\/product\\\/sehadet-ederim-ki-allahtan-baska-ilah-yoktur-ve-yine-sehadet-ederim-ki-muhammed-allahin-elcisidir\\\/#breadcrumb\"},\"inLanguage\":\"tr\",\"potentialAction\":[{\"@type\":\"ReadAction\",\"target\":[\"https:\\\/\\\/saudi-gift.com\\\/tr\\\/product\\\/sehadet-ederim-ki-allahtan-baska-ilah-yoktur-ve-yine-sehadet-ederim-ki-muhammed-allahin-elcisidir\\\/\"]}]},{\"@type\":\"ImageObject\",\"inLanguage\":\"tr\",\"@id\":\"https:\\\/\\\/saudi-gift.com\\\/tr\\\/product\\\/sehadet-ederim-ki-allahtan-baska-ilah-yoktur-ve-yine-sehadet-ederim-ki-muhammed-allahin-elcisidir\\\/#primaryimage\",\"url\":\"https:\\\/\\\/saudi-gift.com\\\/wp-content\\\/uploads\\\/2025\\\/01\\\/\u0627\u0634\u0647\u062f-1.webp\",\"contentUrl\":\"https:\\\/\\\/saudi-gift.com\\\/wp-content\\\/uploads\\\/2025\\\/01\\\/\u0627\u0634\u0647\u062f-1.webp\",\"width\":600,\"height\":600},{\"@type\":\"BreadcrumbList\",\"@id\":\"https:\\\/\\\/saudi-gift.com\\\/tr\\\/product\\\/sehadet-ederim-ki-allahtan-baska-ilah-yoktur-ve-yine-sehadet-ederim-ki-muhammed-allahin-elcisidir\\\/#breadcrumb\",\"itemListElement\":[{\"@type\":\"ListItem\",\"position\":1,\"name\":\"Home\",\"item\":\"https:\\\/\\\/saudi-gift.com\\\/tr\\\/\"},{\"@type\":\"ListItem\",\"position\":2,\"name\":\"\u015eimdi Al\u0131\u015fveri\u015f Yap\u0131n\",\"item\":\"https:\\\/\\\/saudi-gift.com\\\/tr\\\/simdi-alisveris-yapin\\\/\"},{\"@type\":\"ListItem\",\"position\":3,\"name\":\"\u015eehadet ederim ki Allah&#8217;tan ba\u015fka ilah yoktur ve yine \u015fehadet ederim ki Muhammed Allah&#8217;\u0131n el\u00e7isidir.\"}]},{\"@type\":\"WebSite\",\"@id\":\"https:\\\/\\\/saudi-gift.com\\\/#website\",\"url\":\"https:\\\/\\\/saudi-gift.com\\\/\",\"name\":\"\u0647\u062f\u064a\u0629 \u0633\u0639\u0648\u062f\u064a\u0629\",\"description\":\"\u0647\u062f\u064a\u0629 \u0633\u0639\u0648\u062f\u064a\u0629 \u0645\u062a\u062c\u0631 \u0627\u0644\u0643\u062a\u0631\u0648\u0646\u064a \u064a\u0642\u062f\u0645 \u0644\u0643\u0645 \u0645\u062c\u0645\u0648\u0639\u0629 \u0645\u0646 \u0627\u0644\u0647\u062f\u0627\u064a\u0627 \u0627\u0644\u062a\u064a \u062a\u062c\u0633\u062f \u0639\u0628\u0642 \u0630\u0643\u0631\u064a\u0627\u062a\u0643\u0645 \u0641\u064a \u0627\u0644\u0645\u0634\u0627\u0639\u0631 \u0627\u0644\u0645\u0642\u062f\u0633\u0629\",\"publisher\":{\"@id\":\"https:\\\/\\\/saudi-gift.com\\\/#organization\"},\"alternateName\":\"\u0647\u062f\u064a\u0629 \u0633\u0639\u0648\u062f\u064a\u0629\",\"potentialAction\":[{\"@type\":\"SearchAction\",\"target\":{\"@type\":\"EntryPoint\",\"urlTemplate\":\"https:\\\/\\\/saudi-gift.com\\\/?s={search_term_string}\"},\"query-input\":{\"@type\":\"PropertyValueSpecification\",\"valueRequired\":true,\"valueName\":\"search_term_string\"}}],\"inLanguage\":\"tr\"},{\"@type\":\"Organization\",\"@id\":\"https:\\\/\\\/saudi-gift.com\\\/#organization\",\"name\":\"\u0645\u062a\u062c\u0631 \u0627\u0644\u0647\u062f\u064a\u0629\",\"alternateName\":\"\u0647\u062f\u064a\u0629 \u0633\u0639\u0648\u062f\u064a\u0629\",\"url\":\"https:\\\/\\\/saudi-gift.com\\\/\",\"logo\":{\"@type\":\"ImageObject\",\"inLanguage\":\"tr\",\"@id\":\"https:\\\/\\\/saudi-gift.com\\\/#\\\/schema\\\/logo\\\/image\\\/\",\"url\":\"https:\\\/\\\/saudi-gift.com\\\/wp-content\\\/uploads\\\/2025\\\/05\\\/2.png\",\"contentUrl\":\"https:\\\/\\\/saudi-gift.com\\\/wp-content\\\/uploads\\\/2025\\\/05\\\/2.png\",\"width\":163,\"height\":42,\"caption\":\"\u0645\u062a\u062c\u0631 \u0627\u0644\u0647\u062f\u064a\u0629\"},\"image\":{\"@id\":\"https:\\\/\\\/saudi-gift.com\\\/#\\\/schema\\\/logo\\\/image\\\/\"},\"sameAs\":[\"https:\\\/\\\/www.facebook.com\\\/profile.php?id=61560277649059&mibextid=LQQJ4d\",\"https:\\\/\\\/x.com\\\/saudigift_\"]}]}<\/script>\n<!-- \/ Yoast SEO Premium plugin. -->","yoast_head_json":{"title":"\u015eehadet ederim ki Allah'tan ba\u015fka ilah yoktur ve yine \u015fehadet ederim ki Muhammed Allah'\u0131n el\u00e7isidir. - \u0647\u062f\u064a\u0629 \u0633\u0639\u0648\u062f\u064a\u0629","robots":{"index":"index","follow":"follow","max-snippet":"max-snippet:-1","max-image-preview":"max-image-preview:large","max-video-preview":"max-video-preview:-1"},"canonical":"https:\/\/saudi-gift.com\/tr\/product\/sehadet-ederim-ki-allahtan-baska-ilah-yoktur-ve-yine-sehadet-ederim-ki-muhammed-allahin-elcisidir\/","og_locale":"tr_TR","og_type":"article","og_title":"\u015eehadet ederim ki Allah'tan ba\u015fka ilah yoktur ve yine \u015fehadet ederim ki Muhammed Allah'\u0131n el\u00e7isidir.","og_description":"\u015eehadet ederim ki Allah'tan ba\u015fka ilah yoktur ve yine \u015fehadet ederim ki Muhammed Allah'\u0131n el\u00e7isidir.","og_url":"https:\/\/saudi-gift.com\/tr\/product\/sehadet-ederim-ki-allahtan-baska-ilah-yoktur-ve-yine-sehadet-ederim-ki-muhammed-allahin-elcisidir\/","og_site_name":"\u0647\u062f\u064a\u0629 \u0633\u0639\u0648\u062f\u064a\u0629","article_publisher":"https:\/\/www.facebook.com\/profile.php?id=61560277649059&mibextid=LQQJ4d","og_image":[{"width":600,"height":600,"url":"https:\/\/saudi-gift.com\/wp-content\/uploads\/2025\/01\/\u0627\u0634\u0647\u062f-1.webp","type":"image\/webp"}],"twitter_card":"summary_large_image","twitter_site":"@saudigift_","schema":{"@context":"https:\/\/schema.org","@graph":[{"@type":"WebPage","@id":"https:\/\/saudi-gift.com\/tr\/product\/sehadet-ederim-ki-allahtan-baska-ilah-yoktur-ve-yine-sehadet-ederim-ki-muhammed-allahin-elcisidir\/","url":"https:\/\/saudi-gift.com\/tr\/product\/sehadet-ederim-ki-allahtan-baska-ilah-yoktur-ve-yine-sehadet-ederim-ki-muhammed-allahin-elcisidir\/","name":"\u015eehadet ederim ki Allah'tan ba\u015fka ilah yoktur ve yine \u015fehadet ederim ki Muhammed Allah'\u0131n el\u00e7isidir. - \u0647\u062f\u064a\u0629 \u0633\u0639\u0648\u062f\u064a\u0629","isPartOf":{"@id":"https:\/\/saudi-gift.com\/#website"},"primaryImageOfPage":{"@id":"https:\/\/saudi-gift.com\/tr\/product\/sehadet-ederim-ki-allahtan-baska-ilah-yoktur-ve-yine-sehadet-ederim-ki-muhammed-allahin-elcisidir\/#primaryimage"},"image":{"@id":"https:\/\/saudi-gift.com\/tr\/product\/sehadet-ederim-ki-allahtan-baska-ilah-yoktur-ve-yine-sehadet-ederim-ki-muhammed-allahin-elcisidir\/#primaryimage"},"thumbnailUrl":"https:\/\/saudi-gift.com\/wp-content\/uploads\/2025\/01\/\u0627\u0634\u0647\u062f-1.webp","datePublished":"2025-01-02T14:14:30+00:00","breadcrumb":{"@id":"https:\/\/saudi-gift.com\/tr\/product\/sehadet-ederim-ki-allahtan-baska-ilah-yoktur-ve-yine-sehadet-ederim-ki-muhammed-allahin-elcisidir\/#breadcrumb"},"inLanguage":"tr","potentialAction":[{"@type":"ReadAction","target":["https:\/\/saudi-gift.com\/tr\/product\/sehadet-ederim-ki-allahtan-baska-ilah-yoktur-ve-yine-sehadet-ederim-ki-muhammed-allahin-elcisidir\/"]}]},{"@type":"ImageObject","inLanguage":"tr","@id":"https:\/\/saudi-gift.com\/tr\/product\/sehadet-ederim-ki-allahtan-baska-ilah-yoktur-ve-yine-sehadet-ederim-ki-muhammed-allahin-elcisidir\/#primaryimage","url":"https:\/\/saudi-gift.com\/wp-content\/uploads\/2025\/01\/\u0627\u0634\u0647\u062f-1.webp","contentUrl":"https:\/\/saudi-gift.com\/wp-content\/uploads\/2025\/01\/\u0627\u0634\u0647\u062f-1.webp","width":600,"height":600},{"@type":"BreadcrumbList","@id":"https:\/\/saudi-gift.com\/tr\/product\/sehadet-ederim-ki-allahtan-baska-ilah-yoktur-ve-yine-sehadet-ederim-ki-muhammed-allahin-elcisidir\/#breadcrumb","itemListElement":[{"@type":"ListItem","position":1,"name":"Home","item":"https:\/\/saudi-gift.com\/tr\/"},{"@type":"ListItem","position":2,"name":"\u015eimdi Al\u0131\u015fveri\u015f Yap\u0131n","item":"https:\/\/saudi-gift.com\/tr\/simdi-alisveris-yapin\/"},{"@type":"ListItem","position":3,"name":"\u015eehadet ederim ki Allah&#8217;tan ba\u015fka ilah yoktur ve yine \u015fehadet ederim ki Muhammed Allah&#8217;\u0131n el\u00e7isidir."}]},{"@type":"WebSite","@id":"https:\/\/saudi-gift.com\/#website","url":"https:\/\/saudi-gift.com\/","name":"\u0647\u062f\u064a\u0629 \u0633\u0639\u0648\u062f\u064a\u0629","description":"\u0647\u062f\u064a\u0629 \u0633\u0639\u0648\u062f\u064a\u0629 \u0645\u062a\u062c\u0631 \u0627\u0644\u0643\u062a\u0631\u0648\u0646\u064a \u064a\u0642\u062f\u0645 \u0644\u0643\u0645 \u0645\u062c\u0645\u0648\u0639\u0629 \u0645\u0646 \u0627\u0644\u0647\u062f\u0627\u064a\u0627 \u0627\u0644\u062a\u064a \u062a\u062c\u0633\u062f \u0639\u0628\u0642 \u0630\u0643\u0631\u064a\u0627\u062a\u0643\u0645 \u0641\u064a \u0627\u0644\u0645\u0634\u0627\u0639\u0631 \u0627\u0644\u0645\u0642\u062f\u0633\u0629","publisher":{"@id":"https:\/\/saudi-gift.com\/#organization"},"alternateName":"\u0647\u062f\u064a\u0629 \u0633\u0639\u0648\u062f\u064a\u0629","potentialAction":[{"@type":"SearchAction","target":{"@type":"EntryPoint","urlTemplate":"https:\/\/saudi-gift.com\/?s={search_term_string}"},"query-input":{"@type":"PropertyValueSpecification","valueRequired":true,"valueName":"search_term_string"}}],"inLanguage":"tr"},{"@type":"Organization","@id":"https:\/\/saudi-gift.com\/#organization","name":"\u0645\u062a\u062c\u0631 \u0627\u0644\u0647\u062f\u064a\u0629","alternateName":"\u0647\u062f\u064a\u0629 \u0633\u0639\u0648\u062f\u064a\u0629","url":"https:\/\/saudi-gift.com\/","logo":{"@type":"ImageObject","inLanguage":"tr","@id":"https:\/\/saudi-gift.com\/#\/schema\/logo\/image\/","url":"https:\/\/saudi-gift.com\/wp-content\/uploads\/2025\/05\/2.png","contentUrl":"https:\/\/saudi-gift.com\/wp-content\/uploads\/2025\/05\/2.png","width":163,"height":42,"caption":"\u0645\u062a\u062c\u0631 \u0627\u0644\u0647\u062f\u064a\u0629"},"image":{"@id":"https:\/\/saudi-gift.com\/#\/schema\/logo\/image\/"},"sameAs":["https:\/\/www.facebook.com\/profile.php?id=61560277649059&mibextid=LQQJ4d","https:\/\/x.com\/saudigift_"]}]}},"jetpack-related-posts":[],"_links":{"self":[{"href":"https:\/\/saudi-gift.com\/tr\/wp-json\/wp\/v2\/product\/51092","targetHints":{"allow":["GET"]}}],"collection":[{"href":"https:\/\/saudi-gift.com\/tr\/wp-json\/wp\/v2\/product"}],"about":[{"href":"https:\/\/saudi-gift.com\/tr\/wp-json\/wp\/v2\/types\/product"}],"replies":[{"embeddable":true,"href":"https:\/\/saudi-gift.com\/tr\/wp-json\/wp\/v2\/comments?post=51092"}],"version-history":[{"count":0,"href":"https:\/\/saudi-gift.com\/tr\/wp-json\/wp\/v2\/product\/51092\/revisions"}],"wp:featuredmedia":[{"embeddable":true,"href":"https:\/\/saudi-gift.com\/tr\/wp-json\/wp\/v2\/media\/32894"}],"wp:attachment":[{"href":"https:\/\/saudi-gift.com\/tr\/wp-json\/wp\/v2\/media?parent=51092"}],"wp:term":[{"taxonomy":"product_brand","embeddable":true,"href":"https:\/\/saudi-gift.com\/tr\/wp-json\/wp\/v2\/product_brand?post=51092"},{"taxonomy":"product_cat","embeddable":true,"href":"https:\/\/saudi-gift.com\/tr\/wp-json\/wp\/v2\/product_cat?post=51092"},{"taxonomy":"product_tag","embeddable":true,"href":"https:\/\/saudi-gift.com\/tr\/wp-json\/wp\/v2\/product_tag?post=51092"}],"curies":[{"name":"wp","href":"https:\/\/api.w.org\/{rel}","templated":true}]}}