{"id":51432,"date":"2025-01-30T16:20:51","date_gmt":"2025-01-30T13:20:51","guid":{"rendered":"https:\/\/saudi-gift.com\/product\/sadu-desen-cezve\/"},"modified":"2025-01-30T16:20:51","modified_gmt":"2025-01-30T13:20:51","slug":"sadu-desen-cezve","status":"publish","type":"product","link":"https:\/\/saudi-gift.com\/tr\/urun\/sadu-desen-cezve\/","title":{"rendered":"Sadu desen cezve"},"content":{"rendered":"<table class=\"table table-bordered\">\n<tbody>\n<tr>\n<th style=\"text-align: right;\">\u00c7ok y\u00fcksek kalite<\/th>\n<td style=\"text-align: right;\">\u0130\u00e7 k\u0131sm\u0131 paslanmaz \u00e7elikten yap\u0131lm\u0131\u015ft\u0131r, k\u0131r\u0131lmaz ve uzun s\u00fcre dayanmas\u0131 garantilidir. <\/td>\n<\/tr>\n<tr>\n<th>Modern tasar\u0131m<\/th>\n<td>Size kirlilik i\u00e7ermeyen bir i\u00e7ecek sunmak i\u00e7in dahili bir s\u00fczge\u00e7 i\u00e7erir<\/td>\n<\/tr>\n<tr>\n<th>S\u0131ca\u011f\u0131 ve so\u011fu\u011fu 16 saatten fazla muhafaza eder<\/th>\n<td>Geli\u015fmi\u015f \u0131s\u0131 yal\u0131t\u0131m teknolojisi sayesinde cezve, kahveyi 16 saatten fazla s\u0131cak veya i\u00e7ece\u011fi so\u011fuk tutar <\/td>\n<\/tr>\n<tr>\n<th>Kolay dokunarak a\u00e7\u0131lan kapak<\/th>\n<td>Kullan\u0131m kolayl\u0131\u011f\u0131 i\u00e7in dokunmatik a\u00e7\u0131l\u0131r kapa\u011fa sahiptir<\/td>\n<\/tr>\n<tr>\n<th>Dokunmatik ekran<\/th>\n<td>\u0130\u00e7ece\u011finizin s\u0131cakl\u0131\u011f\u0131n\u0131 kolayca alg\u0131lamak i\u00e7in dokunmatik ekran<\/td>\n<\/tr>\n<tr>\n<th>D\u00f6ner taban<\/th>\n<td>D\u00f6ner taban m\u00fckemmel toplant\u0131lar ve kahve servisi kolayl\u0131\u011f\u0131 sa\u011flar<\/td>\n<\/tr>\n<tr>\n<th>L\u00fcks Ah\u015fap Sap<\/th>\n<td>L\u00fcks ah\u015fap sap l\u00fcks bir dokunu\u015f katar<\/td>\n<\/tr>\n<tr>\n<th style=\"text-align: right;\">Harika renkler<\/th>\n<td style=\"text-align: right;\">Turuncu, Bo\u015f Mahalle&#8217;nin kumlar\u0131n\u0131n rengidir<\/td>\n<\/tr>\n<\/tbody>\n<\/table>\n<div class=\"aioseo-google-search-preview__title\" data-v-4e7993c0=\"\">Sadu desen cezve<\/div>\n","protected":false},"excerpt":{"rendered":"<p>Gelenek ve mirasla dolu bir d\u00fcnyada Saudi Coffee Dallah, misafirperverli\u011fin ve kar\u015f\u0131laman\u0131n bir sembol\u00fc olarak \u00f6ne \u00e7\u0131k\u0131yor. \u00d6zg\u00fcnl\u00fck ve modernli\u011fi bir araya getirerek geleneksel sanatlar\u0131n g\u00fczelli\u011fini ve en son teknolojiyi bir araya getiriyor.   <\/p>\n","protected":false},"featured_media":44020,"comment_status":"open","ping_status":"closed","template":"","meta":[],"product_brand":[],"product_cat":[3122],"product_tag":[1918,1264],"class_list":{"0":"post-51432","1":"product","2":"type-product","3":"status-publish","4":"has-post-thumbnail","6":"product_cat-3122","7":"product_tag-1918","8":"product_tag-_","10":"first","11":"instock","12":"shipping-taxable","13":"purchasable","14":"product-type-simple"},"yoast_head":"<!-- This site is optimized with the Yoast SEO Premium plugin v27.2 (Yoast SEO v27.6) - https:\/\/yoast.com\/product\/yoast-seo-premium-wordpress\/ -->\n<title>Sadu desen cezve - \u0647\u062f\u064a\u0629 \u0633\u0639\u0648\u062f\u064a\u0629<\/title>\n<meta name=\"robots\" content=\"index, follow, max-snippet:-1, max-image-preview:large, max-video-preview:-1\" \/>\n<link rel=\"canonical\" href=\"https:\/\/saudi-gift.com\/product\/\u062f\u0644\u0629-\u0642\u0647\u0648\u0629-\u0646\u0642\u0634-\u0627\u0644\u0633\u062f\u0648-2\/\" \/>\n<meta property=\"og:locale\" content=\"tr_TR\" \/>\n<meta property=\"og:type\" content=\"article\" \/>\n<meta property=\"og:title\" content=\"Sadu desen cezve\" \/>\n<meta property=\"og:description\" content=\"Gelenek ve mirasla dolu bir d\u00fcnyada Saudi Coffee Dallah, misafirperverli\u011fin ve kar\u015f\u0131laman\u0131n bir sembol\u00fc olarak \u00f6ne \u00e7\u0131k\u0131yor. \u00d6zg\u00fcnl\u00fck ve modernli\u011fi bir araya getirerek geleneksel sanatlar\u0131n g\u00fczelli\u011fini ve en son teknolojiyi bir araya getiriyor.\" \/>\n<meta property=\"og:url\" content=\"https:\/\/saudi-gift.com\/product\/\u062f\u0644\u0629-\u0642\u0647\u0648\u0629-\u0646\u0642\u0634-\u0627\u0644\u0633\u062f\u0648-2\/\" \/>\n<meta property=\"og:site_name\" content=\"\u0647\u062f\u064a\u0629 \u0633\u0639\u0648\u062f\u064a\u0629\" \/>\n<meta property=\"article:publisher\" content=\"https:\/\/www.facebook.com\/profile.php?id=61560277649059&amp;mibextid=LQQJ4d\" \/>\n<meta property=\"og:image\" content=\"https:\/\/saudi-gift.com\/wp-content\/uploads\/2025\/01\/8201.webp\" \/>\n\t<meta property=\"og:image:width\" content=\"600\" \/>\n\t<meta property=\"og:image:height\" content=\"600\" \/>\n\t<meta property=\"og:image:type\" content=\"image\/webp\" \/>\n<meta name=\"twitter:card\" content=\"summary_large_image\" \/>\n<meta name=\"twitter:site\" content=\"@saudigift_\" \/>\n<meta name=\"twitter:label1\" content=\"Tahmini okuma s\u00fcresi\" \/>\n\t<meta name=\"twitter:data1\" content=\"1 dakika\" \/>\n<script type=\"application\/ld+json\" class=\"yoast-schema-graph\">{\"@context\":\"https:\\\/\\\/schema.org\",\"@graph\":[{\"@type\":\"WebPage\",\"@id\":\"https:\\\/\\\/saudi-gift.com\\\/product\\\/%d8%af%d9%84%d8%a9-%d9%82%d9%87%d9%88%d8%a9-%d9%86%d9%82%d8%b4-%d8%a7%d9%84%d8%b3%d8%af%d9%88-2\\\/\",\"url\":\"https:\\\/\\\/saudi-gift.com\\\/product\\\/%d8%af%d9%84%d8%a9-%d9%82%d9%87%d9%88%d8%a9-%d9%86%d9%82%d8%b4-%d8%a7%d9%84%d8%b3%d8%af%d9%88-2\\\/\",\"name\":\"Sadu desen cezve - \u0647\u062f\u064a\u0629 \u0633\u0639\u0648\u062f\u064a\u0629\",\"isPartOf\":{\"@id\":\"https:\\\/\\\/saudi-gift.com\\\/#website\"},\"primaryImageOfPage\":{\"@id\":\"https:\\\/\\\/saudi-gift.com\\\/product\\\/%d8%af%d9%84%d8%a9-%d9%82%d9%87%d9%88%d8%a9-%d9%86%d9%82%d8%b4-%d8%a7%d9%84%d8%b3%d8%af%d9%88-2\\\/#primaryimage\"},\"image\":{\"@id\":\"https:\\\/\\\/saudi-gift.com\\\/product\\\/%d8%af%d9%84%d8%a9-%d9%82%d9%87%d9%88%d8%a9-%d9%86%d9%82%d8%b4-%d8%a7%d9%84%d8%b3%d8%af%d9%88-2\\\/#primaryimage\"},\"thumbnailUrl\":\"https:\\\/\\\/saudi-gift.com\\\/wp-content\\\/uploads\\\/2025\\\/01\\\/8201.webp\",\"datePublished\":\"2025-01-30T13:20:51+00:00\",\"breadcrumb\":{\"@id\":\"https:\\\/\\\/saudi-gift.com\\\/product\\\/%d8%af%d9%84%d8%a9-%d9%82%d9%87%d9%88%d8%a9-%d9%86%d9%82%d8%b4-%d8%a7%d9%84%d8%b3%d8%af%d9%88-2\\\/#breadcrumb\"},\"inLanguage\":\"tr\",\"potentialAction\":[{\"@type\":\"ReadAction\",\"target\":[\"https:\\\/\\\/saudi-gift.com\\\/product\\\/%d8%af%d9%84%d8%a9-%d9%82%d9%87%d9%88%d8%a9-%d9%86%d9%82%d8%b4-%d8%a7%d9%84%d8%b3%d8%af%d9%88-2\\\/\"]}]},{\"@type\":\"ImageObject\",\"inLanguage\":\"tr\",\"@id\":\"https:\\\/\\\/saudi-gift.com\\\/product\\\/%d8%af%d9%84%d8%a9-%d9%82%d9%87%d9%88%d8%a9-%d9%86%d9%82%d8%b4-%d8%a7%d9%84%d8%b3%d8%af%d9%88-2\\\/#primaryimage\",\"url\":\"https:\\\/\\\/saudi-gift.com\\\/wp-content\\\/uploads\\\/2025\\\/01\\\/8201.webp\",\"contentUrl\":\"https:\\\/\\\/saudi-gift.com\\\/wp-content\\\/uploads\\\/2025\\\/01\\\/8201.webp\",\"width\":600,\"height\":600},{\"@type\":\"BreadcrumbList\",\"@id\":\"https:\\\/\\\/saudi-gift.com\\\/product\\\/%d8%af%d9%84%d8%a9-%d9%82%d9%87%d9%88%d8%a9-%d9%86%d9%82%d8%b4-%d8%a7%d9%84%d8%b3%d8%af%d9%88-2\\\/#breadcrumb\",\"itemListElement\":[{\"@type\":\"ListItem\",\"position\":1,\"name\":\"Home\",\"item\":\"https:\\\/\\\/saudi-gift.com\\\/tr\\\/\"},{\"@type\":\"ListItem\",\"position\":2,\"name\":\"\u015eimdi Al\u0131\u015fveri\u015f Yap\u0131n\",\"item\":\"https:\\\/\\\/saudi-gift.com\\\/tr\\\/simdi-alisveris-yapin\\\/\"},{\"@type\":\"ListItem\",\"position\":3,\"name\":\"Sadu desen cezve\"}]},{\"@type\":\"WebSite\",\"@id\":\"https:\\\/\\\/saudi-gift.com\\\/#website\",\"url\":\"https:\\\/\\\/saudi-gift.com\\\/\",\"name\":\"\u0647\u062f\u064a\u0629 \u0633\u0639\u0648\u062f\u064a\u0629\",\"description\":\"\u0647\u062f\u064a\u0629 \u0633\u0639\u0648\u062f\u064a\u0629 \u0645\u062a\u062c\u0631 \u0627\u0644\u0643\u062a\u0631\u0648\u0646\u064a \u064a\u0642\u062f\u0645 \u0644\u0643\u0645 \u0645\u062c\u0645\u0648\u0639\u0629 \u0645\u0646 \u0627\u0644\u0647\u062f\u0627\u064a\u0627 \u0627\u0644\u062a\u064a \u062a\u062c\u0633\u062f \u0639\u0628\u0642 \u0630\u0643\u0631\u064a\u0627\u062a\u0643\u0645 \u0641\u064a \u0627\u0644\u0645\u0634\u0627\u0639\u0631 \u0627\u0644\u0645\u0642\u062f\u0633\u0629\",\"publisher\":{\"@id\":\"https:\\\/\\\/saudi-gift.com\\\/#organization\"},\"alternateName\":\"\u0647\u062f\u064a\u0629 \u0633\u0639\u0648\u062f\u064a\u0629\",\"potentialAction\":[{\"@type\":\"SearchAction\",\"target\":{\"@type\":\"EntryPoint\",\"urlTemplate\":\"https:\\\/\\\/saudi-gift.com\\\/?s={search_term_string}\"},\"query-input\":{\"@type\":\"PropertyValueSpecification\",\"valueRequired\":true,\"valueName\":\"search_term_string\"}}],\"inLanguage\":\"tr\"},{\"@type\":\"Organization\",\"@id\":\"https:\\\/\\\/saudi-gift.com\\\/#organization\",\"name\":\"\u0645\u062a\u062c\u0631 \u0627\u0644\u0647\u062f\u064a\u0629\",\"alternateName\":\"\u0647\u062f\u064a\u0629 \u0633\u0639\u0648\u062f\u064a\u0629\",\"url\":\"https:\\\/\\\/saudi-gift.com\\\/\",\"logo\":{\"@type\":\"ImageObject\",\"inLanguage\":\"tr\",\"@id\":\"https:\\\/\\\/saudi-gift.com\\\/#\\\/schema\\\/logo\\\/image\\\/\",\"url\":\"https:\\\/\\\/saudi-gift.com\\\/wp-content\\\/uploads\\\/2025\\\/05\\\/2.png\",\"contentUrl\":\"https:\\\/\\\/saudi-gift.com\\\/wp-content\\\/uploads\\\/2025\\\/05\\\/2.png\",\"width\":163,\"height\":42,\"caption\":\"\u0645\u062a\u062c\u0631 \u0627\u0644\u0647\u062f\u064a\u0629\"},\"image\":{\"@id\":\"https:\\\/\\\/saudi-gift.com\\\/#\\\/schema\\\/logo\\\/image\\\/\"},\"sameAs\":[\"https:\\\/\\\/www.facebook.com\\\/profile.php?id=61560277649059&mibextid=LQQJ4d\",\"https:\\\/\\\/x.com\\\/saudigift_\"]}]}<\/script>\n<!-- \/ Yoast SEO Premium plugin. -->","yoast_head_json":{"title":"Sadu desen cezve - \u0647\u062f\u064a\u0629 \u0633\u0639\u0648\u062f\u064a\u0629","robots":{"index":"index","follow":"follow","max-snippet":"max-snippet:-1","max-image-preview":"max-image-preview:large","max-video-preview":"max-video-preview:-1"},"canonical":"https:\/\/saudi-gift.com\/product\/\u062f\u0644\u0629-\u0642\u0647\u0648\u0629-\u0646\u0642\u0634-\u0627\u0644\u0633\u062f\u0648-2\/","og_locale":"tr_TR","og_type":"article","og_title":"Sadu desen cezve","og_description":"Gelenek ve mirasla dolu bir d\u00fcnyada Saudi Coffee Dallah, misafirperverli\u011fin ve kar\u015f\u0131laman\u0131n bir sembol\u00fc olarak \u00f6ne \u00e7\u0131k\u0131yor. \u00d6zg\u00fcnl\u00fck ve modernli\u011fi bir araya getirerek geleneksel sanatlar\u0131n g\u00fczelli\u011fini ve en son teknolojiyi bir araya getiriyor.","og_url":"https:\/\/saudi-gift.com\/product\/\u062f\u0644\u0629-\u0642\u0647\u0648\u0629-\u0646\u0642\u0634-\u0627\u0644\u0633\u062f\u0648-2\/","og_site_name":"\u0647\u062f\u064a\u0629 \u0633\u0639\u0648\u062f\u064a\u0629","article_publisher":"https:\/\/www.facebook.com\/profile.php?id=61560277649059&mibextid=LQQJ4d","og_image":[{"width":600,"height":600,"url":"https:\/\/saudi-gift.com\/wp-content\/uploads\/2025\/01\/8201.webp","type":"image\/webp"}],"twitter_card":"summary_large_image","twitter_site":"@saudigift_","twitter_misc":{"Tahmini okuma s\u00fcresi":"1 dakika"},"schema":{"@context":"https:\/\/schema.org","@graph":[{"@type":"WebPage","@id":"https:\/\/saudi-gift.com\/product\/%d8%af%d9%84%d8%a9-%d9%82%d9%87%d9%88%d8%a9-%d9%86%d9%82%d8%b4-%d8%a7%d9%84%d8%b3%d8%af%d9%88-2\/","url":"https:\/\/saudi-gift.com\/product\/%d8%af%d9%84%d8%a9-%d9%82%d9%87%d9%88%d8%a9-%d9%86%d9%82%d8%b4-%d8%a7%d9%84%d8%b3%d8%af%d9%88-2\/","name":"Sadu desen cezve - \u0647\u062f\u064a\u0629 \u0633\u0639\u0648\u062f\u064a\u0629","isPartOf":{"@id":"https:\/\/saudi-gift.com\/#website"},"primaryImageOfPage":{"@id":"https:\/\/saudi-gift.com\/product\/%d8%af%d9%84%d8%a9-%d9%82%d9%87%d9%88%d8%a9-%d9%86%d9%82%d8%b4-%d8%a7%d9%84%d8%b3%d8%af%d9%88-2\/#primaryimage"},"image":{"@id":"https:\/\/saudi-gift.com\/product\/%d8%af%d9%84%d8%a9-%d9%82%d9%87%d9%88%d8%a9-%d9%86%d9%82%d8%b4-%d8%a7%d9%84%d8%b3%d8%af%d9%88-2\/#primaryimage"},"thumbnailUrl":"https:\/\/saudi-gift.com\/wp-content\/uploads\/2025\/01\/8201.webp","datePublished":"2025-01-30T13:20:51+00:00","breadcrumb":{"@id":"https:\/\/saudi-gift.com\/product\/%d8%af%d9%84%d8%a9-%d9%82%d9%87%d9%88%d8%a9-%d9%86%d9%82%d8%b4-%d8%a7%d9%84%d8%b3%d8%af%d9%88-2\/#breadcrumb"},"inLanguage":"tr","potentialAction":[{"@type":"ReadAction","target":["https:\/\/saudi-gift.com\/product\/%d8%af%d9%84%d8%a9-%d9%82%d9%87%d9%88%d8%a9-%d9%86%d9%82%d8%b4-%d8%a7%d9%84%d8%b3%d8%af%d9%88-2\/"]}]},{"@type":"ImageObject","inLanguage":"tr","@id":"https:\/\/saudi-gift.com\/product\/%d8%af%d9%84%d8%a9-%d9%82%d9%87%d9%88%d8%a9-%d9%86%d9%82%d8%b4-%d8%a7%d9%84%d8%b3%d8%af%d9%88-2\/#primaryimage","url":"https:\/\/saudi-gift.com\/wp-content\/uploads\/2025\/01\/8201.webp","contentUrl":"https:\/\/saudi-gift.com\/wp-content\/uploads\/2025\/01\/8201.webp","width":600,"height":600},{"@type":"BreadcrumbList","@id":"https:\/\/saudi-gift.com\/product\/%d8%af%d9%84%d8%a9-%d9%82%d9%87%d9%88%d8%a9-%d9%86%d9%82%d8%b4-%d8%a7%d9%84%d8%b3%d8%af%d9%88-2\/#breadcrumb","itemListElement":[{"@type":"ListItem","position":1,"name":"Home","item":"https:\/\/saudi-gift.com\/tr\/"},{"@type":"ListItem","position":2,"name":"\u015eimdi Al\u0131\u015fveri\u015f Yap\u0131n","item":"https:\/\/saudi-gift.com\/tr\/simdi-alisveris-yapin\/"},{"@type":"ListItem","position":3,"name":"Sadu desen cezve"}]},{"@type":"WebSite","@id":"https:\/\/saudi-gift.com\/#website","url":"https:\/\/saudi-gift.com\/","name":"\u0647\u062f\u064a\u0629 \u0633\u0639\u0648\u062f\u064a\u0629","description":"\u0647\u062f\u064a\u0629 \u0633\u0639\u0648\u062f\u064a\u0629 \u0645\u062a\u062c\u0631 \u0627\u0644\u0643\u062a\u0631\u0648\u0646\u064a \u064a\u0642\u062f\u0645 \u0644\u0643\u0645 \u0645\u062c\u0645\u0648\u0639\u0629 \u0645\u0646 \u0627\u0644\u0647\u062f\u0627\u064a\u0627 \u0627\u0644\u062a\u064a \u062a\u062c\u0633\u062f \u0639\u0628\u0642 \u0630\u0643\u0631\u064a\u0627\u062a\u0643\u0645 \u0641\u064a \u0627\u0644\u0645\u0634\u0627\u0639\u0631 \u0627\u0644\u0645\u0642\u062f\u0633\u0629","publisher":{"@id":"https:\/\/saudi-gift.com\/#organization"},"alternateName":"\u0647\u062f\u064a\u0629 \u0633\u0639\u0648\u062f\u064a\u0629","potentialAction":[{"@type":"SearchAction","target":{"@type":"EntryPoint","urlTemplate":"https:\/\/saudi-gift.com\/?s={search_term_string}"},"query-input":{"@type":"PropertyValueSpecification","valueRequired":true,"valueName":"search_term_string"}}],"inLanguage":"tr"},{"@type":"Organization","@id":"https:\/\/saudi-gift.com\/#organization","name":"\u0645\u062a\u062c\u0631 \u0627\u0644\u0647\u062f\u064a\u0629","alternateName":"\u0647\u062f\u064a\u0629 \u0633\u0639\u0648\u062f\u064a\u0629","url":"https:\/\/saudi-gift.com\/","logo":{"@type":"ImageObject","inLanguage":"tr","@id":"https:\/\/saudi-gift.com\/#\/schema\/logo\/image\/","url":"https:\/\/saudi-gift.com\/wp-content\/uploads\/2025\/05\/2.png","contentUrl":"https:\/\/saudi-gift.com\/wp-content\/uploads\/2025\/05\/2.png","width":163,"height":42,"caption":"\u0645\u062a\u062c\u0631 \u0627\u0644\u0647\u062f\u064a\u0629"},"image":{"@id":"https:\/\/saudi-gift.com\/#\/schema\/logo\/image\/"},"sameAs":["https:\/\/www.facebook.com\/profile.php?id=61560277649059&mibextid=LQQJ4d","https:\/\/x.com\/saudigift_"]}]}},"jetpack-related-posts":[],"_links":{"self":[{"href":"https:\/\/saudi-gift.com\/tr\/wp-json\/wp\/v2\/product\/51432","targetHints":{"allow":["GET"]}}],"collection":[{"href":"https:\/\/saudi-gift.com\/tr\/wp-json\/wp\/v2\/product"}],"about":[{"href":"https:\/\/saudi-gift.com\/tr\/wp-json\/wp\/v2\/types\/product"}],"replies":[{"embeddable":true,"href":"https:\/\/saudi-gift.com\/tr\/wp-json\/wp\/v2\/comments?post=51432"}],"version-history":[{"count":0,"href":"https:\/\/saudi-gift.com\/tr\/wp-json\/wp\/v2\/product\/51432\/revisions"}],"wp:featuredmedia":[{"embeddable":true,"href":"https:\/\/saudi-gift.com\/tr\/wp-json\/wp\/v2\/media\/44020"}],"wp:attachment":[{"href":"https:\/\/saudi-gift.com\/tr\/wp-json\/wp\/v2\/media?parent=51432"}],"wp:term":[{"taxonomy":"product_brand","embeddable":true,"href":"https:\/\/saudi-gift.com\/tr\/wp-json\/wp\/v2\/product_brand?post=51432"},{"taxonomy":"product_cat","embeddable":true,"href":"https:\/\/saudi-gift.com\/tr\/wp-json\/wp\/v2\/product_cat?post=51432"},{"taxonomy":"product_tag","embeddable":true,"href":"https:\/\/saudi-gift.com\/tr\/wp-json\/wp\/v2\/product_tag?post=51432"}],"curies":[{"name":"wp","href":"https:\/\/api.w.org\/{rel}","templated":true}]}}