{"id":51613,"date":"2025-01-30T15:26:27","date_gmt":"2025-01-30T12:26:27","guid":{"rendered":"https:\/\/saudi-gift.com\/product\/esnek-kaucuk-sapli-smart-luxury-misvak-firca-beyaz\/"},"modified":"2025-01-30T15:26:27","modified_gmt":"2025-01-30T12:26:27","slug":"esnek-kaucuk-sapli-smart-luxury-misvak-firca-beyaz","status":"publish","type":"product","link":"https:\/\/saudi-gift.com\/tr\/urun\/esnek-kaucuk-sapli-smart-luxury-misvak-firca-beyaz\/","title":{"rendered":"Esnek Kau\u00e7uk Sapl\u0131 Smart Luxury Misvak F\u0131r\u00e7a (Beyaz)"},"content":{"rendered":"<div style=\"text-align: right;\">Esnek Kau\u00e7uk Sapl\u0131 Smart Luxury Misvak F\u0131r\u00e7a (Beyaz)<\/div>\n<div style=\"text-align: right;\">\nJaponya&#8217;da bir di\u015f\u00e7ilik \u00fcniversitesinde test edilmi\u015f ve di\u015f macunu olmadan etkili oldu\u011fu kan\u0131tlanm\u0131\u015ft\u0131r, ayr\u0131ca di\u015f ceplerinin aras\u0131na giren ve y\u00fcksek verimlilikle birikintileri gideren belirgin kirpikler i\u00e7erir.<\/div>\n<div style=\"text-align: right;\"><\/div>\n<div style=\"text-align: right;\"><strong><br \/>\n<\/strong><\/p>\n<p>L<strong>\u00fcks Ak\u0131ll\u0131 Misvak F\u0131r\u00e7a<\/strong> Ba\u015fl\u0131\u011f\u0131n\u0131n <strong><strong>\u00d6zellikleri<\/strong> En uzak b\u00f6lgelere ula\u015fmak i\u00e7in tasarlanm\u0131\u015ft\u0131r Esnek kau\u00e7uk sap \/ esneklik ve kaymaz g\u00fcvenlik sa\u011flar Geni\u015f ba\u015fl\u0131k, f\u0131r\u00e7alama s\u0131ras\u0131nda size benzersiz bir deneyim sunar Daha derin temizlik i\u00e7in belirgin kirpiklere sahiptir.<\/strong><\/div>\n","protected":false},"excerpt":{"rendered":"<p><b>Bu l\u00fcks ak\u0131ll\u0131 k\u00fcrdan f\u0131r\u00e7a ile di\u015flerinizi f\u0131r\u00e7alamay\u0131 unutulmaz bir deneyim haline getirin. Japonya&#8217;da \u00f6zenle tasarlanan ve Kanegawa Di\u015f Hekimli\u011fi \u00dcniversitesi&#8217;nde test edilen bu f\u0131r\u00e7a, di\u015flerinizin derinlemesine ve kapsaml\u0131 bir \u015fekilde temizlenmesini sa\u011flar. Bug\u00fcn deneyin ve fark\u0131 g\u00f6r\u00fcn.   <\/b><\/p>\n","protected":false},"featured_media":43852,"comment_status":"open","ping_status":"closed","template":"","meta":[],"product_brand":[],"product_cat":[132],"product_tag":[2272,2246,1280],"class_list":{"0":"post-51613","1":"product","2":"type-product","3":"status-publish","4":"has-post-thumbnail","6":"product_cat-made-in-medina","7":"product_tag--tr","9":"product_tag-_-tr","11":"first","12":"instock","13":"shipping-taxable","14":"purchasable","15":"product-type-simple"},"yoast_head":"<!-- This site is optimized with the Yoast SEO Premium plugin v27.2 (Yoast SEO v27.3) - https:\/\/yoast.com\/product\/yoast-seo-premium-wordpress\/ -->\n<title>Esnek Kau\u00e7uk Sapl\u0131 Smart Luxury Misvak F\u0131r\u00e7a (Beyaz) - \u0647\u062f\u064a\u0629 \u0633\u0639\u0648\u062f\u064a\u0629<\/title>\n<meta name=\"robots\" content=\"index, follow, max-snippet:-1, max-image-preview:large, max-video-preview:-1\" \/>\n<link rel=\"canonical\" href=\"https:\/\/saudi-gift.com\/product\/\u0641\u0631\u0634\u0627\u0629-\u0645\u0633\u0648\u0627\u0643-\u0627\u0644\u0630\u0643\u064a\u0629-\u0627\u0644\u0641\u0627\u062e\u0631\u0629-\u0628\u0645\u0642\u0628\u0636-\u0645\u0637\u0627\u0637\/\" \/>\n<meta property=\"og:locale\" content=\"tr_TR\" \/>\n<meta property=\"og:type\" content=\"article\" \/>\n<meta property=\"og:title\" content=\"Esnek Kau\u00e7uk Sapl\u0131 Smart Luxury Misvak F\u0131r\u00e7a (Beyaz)\" \/>\n<meta property=\"og:description\" content=\"Bu l\u00fcks ak\u0131ll\u0131 k\u00fcrdan f\u0131r\u00e7a ile di\u015flerinizi f\u0131r\u00e7alamay\u0131 unutulmaz bir deneyim haline getirin. Japonya&#039;da \u00f6zenle tasarlanan ve Kanegawa Di\u015f Hekimli\u011fi \u00dcniversitesi&#039;nde test edilen bu f\u0131r\u00e7a, di\u015flerinizin derinlemesine ve kapsaml\u0131 bir \u015fekilde temizlenmesini sa\u011flar. Bug\u00fcn deneyin ve fark\u0131 g\u00f6r\u00fcn.\" \/>\n<meta property=\"og:url\" content=\"https:\/\/saudi-gift.com\/product\/\u0641\u0631\u0634\u0627\u0629-\u0645\u0633\u0648\u0627\u0643-\u0627\u0644\u0630\u0643\u064a\u0629-\u0627\u0644\u0641\u0627\u062e\u0631\u0629-\u0628\u0645\u0642\u0628\u0636-\u0645\u0637\u0627\u0637\/\" \/>\n<meta property=\"og:site_name\" content=\"\u0647\u062f\u064a\u0629 \u0633\u0639\u0648\u062f\u064a\u0629\" \/>\n<meta property=\"article:publisher\" content=\"https:\/\/www.facebook.com\/profile.php?id=61560277649059&amp;mibextid=LQQJ4d\" \/>\n<meta property=\"og:image\" content=\"https:\/\/saudi-gift.com\/wp-content\/uploads\/2025\/01\/af72d749-29ea-4da8-80ad-61082ad8b24a-1.webp\" \/>\n\t<meta property=\"og:image:width\" content=\"600\" \/>\n\t<meta property=\"og:image:height\" content=\"600\" \/>\n\t<meta property=\"og:image:type\" content=\"image\/webp\" \/>\n<meta name=\"twitter:card\" content=\"summary_large_image\" \/>\n<meta name=\"twitter:site\" content=\"@saudigift_\" \/>\n<meta name=\"twitter:label1\" content=\"Tahmini okuma s\u00fcresi\" \/>\n\t<meta name=\"twitter:data1\" content=\"1 dakika\" \/>\n<script type=\"application\/ld+json\" class=\"yoast-schema-graph\">{\"@context\":\"https:\\\/\\\/schema.org\",\"@graph\":[{\"@type\":\"WebPage\",\"@id\":\"https:\\\/\\\/saudi-gift.com\\\/product\\\/%d9%81%d8%b1%d8%b4%d8%a7%d8%a9-%d9%85%d8%b3%d9%88%d8%a7%d9%83-%d8%a7%d9%84%d8%b0%d9%83%d9%8a%d8%a9-%d8%a7%d9%84%d9%81%d8%a7%d8%ae%d8%b1%d8%a9-%d8%a8%d9%85%d9%82%d8%a8%d8%b6-%d9%85%d8%b7%d8%a7%d8%b7\\\/\",\"url\":\"https:\\\/\\\/saudi-gift.com\\\/product\\\/%d9%81%d8%b1%d8%b4%d8%a7%d8%a9-%d9%85%d8%b3%d9%88%d8%a7%d9%83-%d8%a7%d9%84%d8%b0%d9%83%d9%8a%d8%a9-%d8%a7%d9%84%d9%81%d8%a7%d8%ae%d8%b1%d8%a9-%d8%a8%d9%85%d9%82%d8%a8%d8%b6-%d9%85%d8%b7%d8%a7%d8%b7\\\/\",\"name\":\"Esnek Kau\u00e7uk Sapl\u0131 Smart Luxury Misvak F\u0131r\u00e7a (Beyaz) - \u0647\u062f\u064a\u0629 \u0633\u0639\u0648\u062f\u064a\u0629\",\"isPartOf\":{\"@id\":\"https:\\\/\\\/saudi-gift.com\\\/#website\"},\"primaryImageOfPage\":{\"@id\":\"https:\\\/\\\/saudi-gift.com\\\/product\\\/%d9%81%d8%b1%d8%b4%d8%a7%d8%a9-%d9%85%d8%b3%d9%88%d8%a7%d9%83-%d8%a7%d9%84%d8%b0%d9%83%d9%8a%d8%a9-%d8%a7%d9%84%d9%81%d8%a7%d8%ae%d8%b1%d8%a9-%d8%a8%d9%85%d9%82%d8%a8%d8%b6-%d9%85%d8%b7%d8%a7%d8%b7\\\/#primaryimage\"},\"image\":{\"@id\":\"https:\\\/\\\/saudi-gift.com\\\/product\\\/%d9%81%d8%b1%d8%b4%d8%a7%d8%a9-%d9%85%d8%b3%d9%88%d8%a7%d9%83-%d8%a7%d9%84%d8%b0%d9%83%d9%8a%d8%a9-%d8%a7%d9%84%d9%81%d8%a7%d8%ae%d8%b1%d8%a9-%d8%a8%d9%85%d9%82%d8%a8%d8%b6-%d9%85%d8%b7%d8%a7%d8%b7\\\/#primaryimage\"},\"thumbnailUrl\":\"https:\\\/\\\/saudi-gift.com\\\/wp-content\\\/uploads\\\/2025\\\/01\\\/af72d749-29ea-4da8-80ad-61082ad8b24a-1.webp\",\"datePublished\":\"2025-01-30T12:26:27+00:00\",\"breadcrumb\":{\"@id\":\"https:\\\/\\\/saudi-gift.com\\\/product\\\/%d9%81%d8%b1%d8%b4%d8%a7%d8%a9-%d9%85%d8%b3%d9%88%d8%a7%d9%83-%d8%a7%d9%84%d8%b0%d9%83%d9%8a%d8%a9-%d8%a7%d9%84%d9%81%d8%a7%d8%ae%d8%b1%d8%a9-%d8%a8%d9%85%d9%82%d8%a8%d8%b6-%d9%85%d8%b7%d8%a7%d8%b7\\\/#breadcrumb\"},\"inLanguage\":\"tr\",\"potentialAction\":[{\"@type\":\"ReadAction\",\"target\":[\"https:\\\/\\\/saudi-gift.com\\\/product\\\/%d9%81%d8%b1%d8%b4%d8%a7%d8%a9-%d9%85%d8%b3%d9%88%d8%a7%d9%83-%d8%a7%d9%84%d8%b0%d9%83%d9%8a%d8%a9-%d8%a7%d9%84%d9%81%d8%a7%d8%ae%d8%b1%d8%a9-%d8%a8%d9%85%d9%82%d8%a8%d8%b6-%d9%85%d8%b7%d8%a7%d8%b7\\\/\"]}]},{\"@type\":\"ImageObject\",\"inLanguage\":\"tr\",\"@id\":\"https:\\\/\\\/saudi-gift.com\\\/product\\\/%d9%81%d8%b1%d8%b4%d8%a7%d8%a9-%d9%85%d8%b3%d9%88%d8%a7%d9%83-%d8%a7%d9%84%d8%b0%d9%83%d9%8a%d8%a9-%d8%a7%d9%84%d9%81%d8%a7%d8%ae%d8%b1%d8%a9-%d8%a8%d9%85%d9%82%d8%a8%d8%b6-%d9%85%d8%b7%d8%a7%d8%b7\\\/#primaryimage\",\"url\":\"https:\\\/\\\/saudi-gift.com\\\/wp-content\\\/uploads\\\/2025\\\/01\\\/af72d749-29ea-4da8-80ad-61082ad8b24a-1.webp\",\"contentUrl\":\"https:\\\/\\\/saudi-gift.com\\\/wp-content\\\/uploads\\\/2025\\\/01\\\/af72d749-29ea-4da8-80ad-61082ad8b24a-1.webp\",\"width\":600,\"height\":600},{\"@type\":\"BreadcrumbList\",\"@id\":\"https:\\\/\\\/saudi-gift.com\\\/product\\\/%d9%81%d8%b1%d8%b4%d8%a7%d8%a9-%d9%85%d8%b3%d9%88%d8%a7%d9%83-%d8%a7%d9%84%d8%b0%d9%83%d9%8a%d8%a9-%d8%a7%d9%84%d9%81%d8%a7%d8%ae%d8%b1%d8%a9-%d8%a8%d9%85%d9%82%d8%a8%d8%b6-%d9%85%d8%b7%d8%a7%d8%b7\\\/#breadcrumb\",\"itemListElement\":[{\"@type\":\"ListItem\",\"position\":1,\"name\":\"Home\",\"item\":\"https:\\\/\\\/saudi-gift.com\\\/tr\\\/\"},{\"@type\":\"ListItem\",\"position\":2,\"name\":\"\u015eimdi Al\u0131\u015fveri\u015f Yap\u0131n\",\"item\":\"https:\\\/\\\/saudi-gift.com\\\/tr\\\/simdi-alisveris-yapin\\\/\"},{\"@type\":\"ListItem\",\"position\":3,\"name\":\"Esnek Kau\u00e7uk Sapl\u0131 Smart Luxury Misvak F\u0131r\u00e7a (Beyaz)\"}]},{\"@type\":\"WebSite\",\"@id\":\"https:\\\/\\\/saudi-gift.com\\\/#website\",\"url\":\"https:\\\/\\\/saudi-gift.com\\\/\",\"name\":\"\u0647\u062f\u064a\u0629 \u0633\u0639\u0648\u062f\u064a\u0629\",\"description\":\"\u0647\u062f\u064a\u0629 \u0633\u0639\u0648\u062f\u064a\u0629 \u0645\u062a\u062c\u0631 \u0627\u0644\u0643\u062a\u0631\u0648\u0646\u064a \u064a\u0642\u062f\u0645 \u0644\u0643\u0645 \u0645\u062c\u0645\u0648\u0639\u0629 \u0645\u0646 \u0627\u0644\u0647\u062f\u0627\u064a\u0627 \u0627\u0644\u062a\u064a \u062a\u062c\u0633\u062f \u0639\u0628\u0642 \u0630\u0643\u0631\u064a\u0627\u062a\u0643\u0645 \u0641\u064a \u0627\u0644\u0645\u0634\u0627\u0639\u0631 \u0627\u0644\u0645\u0642\u062f\u0633\u0629\",\"publisher\":{\"@id\":\"https:\\\/\\\/saudi-gift.com\\\/#organization\"},\"alternateName\":\"\u0647\u062f\u064a\u0629 \u0633\u0639\u0648\u062f\u064a\u0629\",\"potentialAction\":[{\"@type\":\"SearchAction\",\"target\":{\"@type\":\"EntryPoint\",\"urlTemplate\":\"https:\\\/\\\/saudi-gift.com\\\/?s={search_term_string}\"},\"query-input\":{\"@type\":\"PropertyValueSpecification\",\"valueRequired\":true,\"valueName\":\"search_term_string\"}}],\"inLanguage\":\"tr\"},{\"@type\":\"Organization\",\"@id\":\"https:\\\/\\\/saudi-gift.com\\\/#organization\",\"name\":\"\u0645\u062a\u062c\u0631 \u0627\u0644\u0647\u062f\u064a\u0629\",\"alternateName\":\"\u0647\u062f\u064a\u0629 \u0633\u0639\u0648\u062f\u064a\u0629\",\"url\":\"https:\\\/\\\/saudi-gift.com\\\/\",\"logo\":{\"@type\":\"ImageObject\",\"inLanguage\":\"tr\",\"@id\":\"https:\\\/\\\/saudi-gift.com\\\/#\\\/schema\\\/logo\\\/image\\\/\",\"url\":\"https:\\\/\\\/saudi-gift.com\\\/wp-content\\\/uploads\\\/2025\\\/05\\\/2.png\",\"contentUrl\":\"https:\\\/\\\/saudi-gift.com\\\/wp-content\\\/uploads\\\/2025\\\/05\\\/2.png\",\"width\":163,\"height\":42,\"caption\":\"\u0645\u062a\u062c\u0631 \u0627\u0644\u0647\u062f\u064a\u0629\"},\"image\":{\"@id\":\"https:\\\/\\\/saudi-gift.com\\\/#\\\/schema\\\/logo\\\/image\\\/\"},\"sameAs\":[\"https:\\\/\\\/www.facebook.com\\\/profile.php?id=61560277649059&mibextid=LQQJ4d\",\"https:\\\/\\\/x.com\\\/saudigift_\"]}]}<\/script>\n<!-- \/ Yoast SEO Premium plugin. -->","yoast_head_json":{"title":"Esnek Kau\u00e7uk Sapl\u0131 Smart Luxury Misvak F\u0131r\u00e7a (Beyaz) - \u0647\u062f\u064a\u0629 \u0633\u0639\u0648\u062f\u064a\u0629","robots":{"index":"index","follow":"follow","max-snippet":"max-snippet:-1","max-image-preview":"max-image-preview:large","max-video-preview":"max-video-preview:-1"},"canonical":"https:\/\/saudi-gift.com\/product\/\u0641\u0631\u0634\u0627\u0629-\u0645\u0633\u0648\u0627\u0643-\u0627\u0644\u0630\u0643\u064a\u0629-\u0627\u0644\u0641\u0627\u062e\u0631\u0629-\u0628\u0645\u0642\u0628\u0636-\u0645\u0637\u0627\u0637\/","og_locale":"tr_TR","og_type":"article","og_title":"Esnek Kau\u00e7uk Sapl\u0131 Smart Luxury Misvak F\u0131r\u00e7a (Beyaz)","og_description":"Bu l\u00fcks ak\u0131ll\u0131 k\u00fcrdan f\u0131r\u00e7a ile di\u015flerinizi f\u0131r\u00e7alamay\u0131 unutulmaz bir deneyim haline getirin. Japonya'da \u00f6zenle tasarlanan ve Kanegawa Di\u015f Hekimli\u011fi \u00dcniversitesi'nde test edilen bu f\u0131r\u00e7a, di\u015flerinizin derinlemesine ve kapsaml\u0131 bir \u015fekilde temizlenmesini sa\u011flar. Bug\u00fcn deneyin ve fark\u0131 g\u00f6r\u00fcn.","og_url":"https:\/\/saudi-gift.com\/product\/\u0641\u0631\u0634\u0627\u0629-\u0645\u0633\u0648\u0627\u0643-\u0627\u0644\u0630\u0643\u064a\u0629-\u0627\u0644\u0641\u0627\u062e\u0631\u0629-\u0628\u0645\u0642\u0628\u0636-\u0645\u0637\u0627\u0637\/","og_site_name":"\u0647\u062f\u064a\u0629 \u0633\u0639\u0648\u062f\u064a\u0629","article_publisher":"https:\/\/www.facebook.com\/profile.php?id=61560277649059&mibextid=LQQJ4d","og_image":[{"width":600,"height":600,"url":"https:\/\/saudi-gift.com\/wp-content\/uploads\/2025\/01\/af72d749-29ea-4da8-80ad-61082ad8b24a-1.webp","type":"image\/webp"}],"twitter_card":"summary_large_image","twitter_site":"@saudigift_","twitter_misc":{"Tahmini okuma s\u00fcresi":"1 dakika"},"schema":{"@context":"https:\/\/schema.org","@graph":[{"@type":"WebPage","@id":"https:\/\/saudi-gift.com\/product\/%d9%81%d8%b1%d8%b4%d8%a7%d8%a9-%d9%85%d8%b3%d9%88%d8%a7%d9%83-%d8%a7%d9%84%d8%b0%d9%83%d9%8a%d8%a9-%d8%a7%d9%84%d9%81%d8%a7%d8%ae%d8%b1%d8%a9-%d8%a8%d9%85%d9%82%d8%a8%d8%b6-%d9%85%d8%b7%d8%a7%d8%b7\/","url":"https:\/\/saudi-gift.com\/product\/%d9%81%d8%b1%d8%b4%d8%a7%d8%a9-%d9%85%d8%b3%d9%88%d8%a7%d9%83-%d8%a7%d9%84%d8%b0%d9%83%d9%8a%d8%a9-%d8%a7%d9%84%d9%81%d8%a7%d8%ae%d8%b1%d8%a9-%d8%a8%d9%85%d9%82%d8%a8%d8%b6-%d9%85%d8%b7%d8%a7%d8%b7\/","name":"Esnek Kau\u00e7uk Sapl\u0131 Smart Luxury Misvak F\u0131r\u00e7a (Beyaz) - \u0647\u062f\u064a\u0629 \u0633\u0639\u0648\u062f\u064a\u0629","isPartOf":{"@id":"https:\/\/saudi-gift.com\/#website"},"primaryImageOfPage":{"@id":"https:\/\/saudi-gift.com\/product\/%d9%81%d8%b1%d8%b4%d8%a7%d8%a9-%d9%85%d8%b3%d9%88%d8%a7%d9%83-%d8%a7%d9%84%d8%b0%d9%83%d9%8a%d8%a9-%d8%a7%d9%84%d9%81%d8%a7%d8%ae%d8%b1%d8%a9-%d8%a8%d9%85%d9%82%d8%a8%d8%b6-%d9%85%d8%b7%d8%a7%d8%b7\/#primaryimage"},"image":{"@id":"https:\/\/saudi-gift.com\/product\/%d9%81%d8%b1%d8%b4%d8%a7%d8%a9-%d9%85%d8%b3%d9%88%d8%a7%d9%83-%d8%a7%d9%84%d8%b0%d9%83%d9%8a%d8%a9-%d8%a7%d9%84%d9%81%d8%a7%d8%ae%d8%b1%d8%a9-%d8%a8%d9%85%d9%82%d8%a8%d8%b6-%d9%85%d8%b7%d8%a7%d8%b7\/#primaryimage"},"thumbnailUrl":"https:\/\/saudi-gift.com\/wp-content\/uploads\/2025\/01\/af72d749-29ea-4da8-80ad-61082ad8b24a-1.webp","datePublished":"2025-01-30T12:26:27+00:00","breadcrumb":{"@id":"https:\/\/saudi-gift.com\/product\/%d9%81%d8%b1%d8%b4%d8%a7%d8%a9-%d9%85%d8%b3%d9%88%d8%a7%d9%83-%d8%a7%d9%84%d8%b0%d9%83%d9%8a%d8%a9-%d8%a7%d9%84%d9%81%d8%a7%d8%ae%d8%b1%d8%a9-%d8%a8%d9%85%d9%82%d8%a8%d8%b6-%d9%85%d8%b7%d8%a7%d8%b7\/#breadcrumb"},"inLanguage":"tr","potentialAction":[{"@type":"ReadAction","target":["https:\/\/saudi-gift.com\/product\/%d9%81%d8%b1%d8%b4%d8%a7%d8%a9-%d9%85%d8%b3%d9%88%d8%a7%d9%83-%d8%a7%d9%84%d8%b0%d9%83%d9%8a%d8%a9-%d8%a7%d9%84%d9%81%d8%a7%d8%ae%d8%b1%d8%a9-%d8%a8%d9%85%d9%82%d8%a8%d8%b6-%d9%85%d8%b7%d8%a7%d8%b7\/"]}]},{"@type":"ImageObject","inLanguage":"tr","@id":"https:\/\/saudi-gift.com\/product\/%d9%81%d8%b1%d8%b4%d8%a7%d8%a9-%d9%85%d8%b3%d9%88%d8%a7%d9%83-%d8%a7%d9%84%d8%b0%d9%83%d9%8a%d8%a9-%d8%a7%d9%84%d9%81%d8%a7%d8%ae%d8%b1%d8%a9-%d8%a8%d9%85%d9%82%d8%a8%d8%b6-%d9%85%d8%b7%d8%a7%d8%b7\/#primaryimage","url":"https:\/\/saudi-gift.com\/wp-content\/uploads\/2025\/01\/af72d749-29ea-4da8-80ad-61082ad8b24a-1.webp","contentUrl":"https:\/\/saudi-gift.com\/wp-content\/uploads\/2025\/01\/af72d749-29ea-4da8-80ad-61082ad8b24a-1.webp","width":600,"height":600},{"@type":"BreadcrumbList","@id":"https:\/\/saudi-gift.com\/product\/%d9%81%d8%b1%d8%b4%d8%a7%d8%a9-%d9%85%d8%b3%d9%88%d8%a7%d9%83-%d8%a7%d9%84%d8%b0%d9%83%d9%8a%d8%a9-%d8%a7%d9%84%d9%81%d8%a7%d8%ae%d8%b1%d8%a9-%d8%a8%d9%85%d9%82%d8%a8%d8%b6-%d9%85%d8%b7%d8%a7%d8%b7\/#breadcrumb","itemListElement":[{"@type":"ListItem","position":1,"name":"Home","item":"https:\/\/saudi-gift.com\/tr\/"},{"@type":"ListItem","position":2,"name":"\u015eimdi Al\u0131\u015fveri\u015f Yap\u0131n","item":"https:\/\/saudi-gift.com\/tr\/simdi-alisveris-yapin\/"},{"@type":"ListItem","position":3,"name":"Esnek Kau\u00e7uk Sapl\u0131 Smart Luxury Misvak F\u0131r\u00e7a (Beyaz)"}]},{"@type":"WebSite","@id":"https:\/\/saudi-gift.com\/#website","url":"https:\/\/saudi-gift.com\/","name":"\u0647\u062f\u064a\u0629 \u0633\u0639\u0648\u062f\u064a\u0629","description":"\u0647\u062f\u064a\u0629 \u0633\u0639\u0648\u062f\u064a\u0629 \u0645\u062a\u062c\u0631 \u0627\u0644\u0643\u062a\u0631\u0648\u0646\u064a \u064a\u0642\u062f\u0645 \u0644\u0643\u0645 \u0645\u062c\u0645\u0648\u0639\u0629 \u0645\u0646 \u0627\u0644\u0647\u062f\u0627\u064a\u0627 \u0627\u0644\u062a\u064a \u062a\u062c\u0633\u062f \u0639\u0628\u0642 \u0630\u0643\u0631\u064a\u0627\u062a\u0643\u0645 \u0641\u064a \u0627\u0644\u0645\u0634\u0627\u0639\u0631 \u0627\u0644\u0645\u0642\u062f\u0633\u0629","publisher":{"@id":"https:\/\/saudi-gift.com\/#organization"},"alternateName":"\u0647\u062f\u064a\u0629 \u0633\u0639\u0648\u062f\u064a\u0629","potentialAction":[{"@type":"SearchAction","target":{"@type":"EntryPoint","urlTemplate":"https:\/\/saudi-gift.com\/?s={search_term_string}"},"query-input":{"@type":"PropertyValueSpecification","valueRequired":true,"valueName":"search_term_string"}}],"inLanguage":"tr"},{"@type":"Organization","@id":"https:\/\/saudi-gift.com\/#organization","name":"\u0645\u062a\u062c\u0631 \u0627\u0644\u0647\u062f\u064a\u0629","alternateName":"\u0647\u062f\u064a\u0629 \u0633\u0639\u0648\u062f\u064a\u0629","url":"https:\/\/saudi-gift.com\/","logo":{"@type":"ImageObject","inLanguage":"tr","@id":"https:\/\/saudi-gift.com\/#\/schema\/logo\/image\/","url":"https:\/\/saudi-gift.com\/wp-content\/uploads\/2025\/05\/2.png","contentUrl":"https:\/\/saudi-gift.com\/wp-content\/uploads\/2025\/05\/2.png","width":163,"height":42,"caption":"\u0645\u062a\u062c\u0631 \u0627\u0644\u0647\u062f\u064a\u0629"},"image":{"@id":"https:\/\/saudi-gift.com\/#\/schema\/logo\/image\/"},"sameAs":["https:\/\/www.facebook.com\/profile.php?id=61560277649059&mibextid=LQQJ4d","https:\/\/x.com\/saudigift_"]}]}},"jetpack-related-posts":[],"_links":{"self":[{"href":"https:\/\/saudi-gift.com\/tr\/wp-json\/wp\/v2\/product\/51613","targetHints":{"allow":["GET"]}}],"collection":[{"href":"https:\/\/saudi-gift.com\/tr\/wp-json\/wp\/v2\/product"}],"about":[{"href":"https:\/\/saudi-gift.com\/tr\/wp-json\/wp\/v2\/types\/product"}],"replies":[{"embeddable":true,"href":"https:\/\/saudi-gift.com\/tr\/wp-json\/wp\/v2\/comments?post=51613"}],"version-history":[{"count":0,"href":"https:\/\/saudi-gift.com\/tr\/wp-json\/wp\/v2\/product\/51613\/revisions"}],"wp:featuredmedia":[{"embeddable":true,"href":"https:\/\/saudi-gift.com\/tr\/wp-json\/wp\/v2\/media\/43852"}],"wp:attachment":[{"href":"https:\/\/saudi-gift.com\/tr\/wp-json\/wp\/v2\/media?parent=51613"}],"wp:term":[{"taxonomy":"product_brand","embeddable":true,"href":"https:\/\/saudi-gift.com\/tr\/wp-json\/wp\/v2\/product_brand?post=51613"},{"taxonomy":"product_cat","embeddable":true,"href":"https:\/\/saudi-gift.com\/tr\/wp-json\/wp\/v2\/product_cat?post=51613"},{"taxonomy":"product_tag","embeddable":true,"href":"https:\/\/saudi-gift.com\/tr\/wp-json\/wp\/v2\/product_tag?post=51613"}],"curies":[{"name":"wp","href":"https:\/\/api.w.org\/{rel}","templated":true}]}}