{"id":55791,"date":"2025-03-10T20:06:43","date_gmt":"2025-03-10T17:06:43","guid":{"rendered":"https:\/\/saudi-gift.com\/product\/sehirden-bir-hediye\/"},"modified":"2025-03-10T20:06:43","modified_gmt":"2025-03-10T17:06:43","slug":"sehirden-bir-hediye","status":"publish","type":"product","link":"https:\/\/saudi-gift.com\/tr\/urun\/sehirden-bir-hediye\/","title":{"rendered":"\u015eehirden bir hediye"},"content":{"rendered":"<p class=\"p1\" dir=\"rtl\"><span class=\"s1\">Ye\u015fil kubbeden ilham alan zarif bir tasar\u0131ma sahip l\u00fcks bir dua seti, dekoratif bir bord\u00fcr ve narin bir kubbe tasviriyle s\u00fcslenmi\u015f yumu\u015fak, y\u00fcksek kaliteli bir seccade i\u00e7erir ve size huzur ve hu\u015fu hissi verir. Set, el yap\u0131m\u0131 t\u0131\u011f i\u015fi bir Kuran k\u0131l\u0131f\u0131, zarif bir tespih ve sofistike bir \u0130slami tasar\u0131m\u0131 yans\u0131tan g\u00fczel tasar\u0131ml\u0131 bir Ye\u015fil Kubbe madalyonu ile birlikte gelir. Ki\u015fisel kullan\u0131m veya sevdikleriniz i\u00e7in \u00f6zel bir hediye olarak m\u00fckemmeldir.      <\/span><\/p>\n<p class=\"p1\" dir=\"rtl\"><span class=\"s1\">\u00d6zellikler:<\/span><\/p>\n<p class=\"p1\" dir=\"rtl\"><span class=\"s1\">&#8211; Ye\u015fil kubbe desenli y\u00fcksek kaliteli seccade<\/span><\/p>\n<p class=\"p1\" dir=\"rtl\"><span class=\"s1\">&#8211; Zarif kubbe \u015fekilli madalyon<\/span><\/p>\n<p class=\"p1\" dir=\"rtl\"><span class=\"s1\">&#8211; L\u00fcks tespih<\/span><\/p>\n<p class=\"p1\" dir=\"rtl\"><span class=\"s1\">&#8211; T\u0131\u011f \u0130\u015fi Kur&#8217;an \u00d6rt\u00fcs\u00fc<\/span><\/p>\n<p class=\"p1\" dir=\"rtl\"><span class=\"s1\">&#8211; L\u00fcks tasar\u0131m ve sofistike renkler<\/span><\/p>\n<p class=\"p1\" dir=\"rtl\"><span class=\"s1\">\u00d6zellikler:<\/span><\/p>\n<p class=\"p1\" dir=\"rtl\"><span class=\"s2\">\u2714\ufe0f<\/span><span class=\"s1\"> Yumu\u015fak ve rahat malzemeler<\/span><\/p>\n<p class=\"p1\" dir=\"rtl\"><span class=\"s2\">\u2714\ufe0f<\/span><span class=\"s1\"> Maneviyat\u0131 g\u00fc\u00e7lendiren \u00f6zg\u00fcn bir tasar\u0131m<\/span><\/p>\n<p class=\"p1\" dir=\"rtl\"><span class=\"s2\">\u2714\ufe0f<\/span><span class=\"s1\"> \u0130slami g\u00fcnler i\u00e7in m\u00fckemmel bir hediye<\/span><\/p>\n<p class=\"p1\" dir=\"rtl\"><span class=\"s2\">\u2714\ufe0f<\/span><span class=\"s1\"> Katlamas\u0131 ve saklamas\u0131 kolay<\/span><\/p>\n<p class=\"p1\" dir=\"rtl\"><span class=\"s1\">E\u015fsiz bir ruhani deneyim i\u00e7in sipari\u015f edin<\/span><span class=\"s2\">\u2728<\/span><\/p>\n","protected":false},"excerpt":{"rendered":"<p class=\"p1\" dir=\"rtl\"><span class=\"s1\">Yumu\u015fak ye\u015fil bir kubbe hal\u0131s\u0131, zarif bir ye\u015fil kubbe madalyonu, bir tespih ve manevi bir dokunu\u015fa sahip t\u0131\u011f i\u015fi bir Kuran \u00f6rt\u00fcs\u00fc i\u00e7eren l\u00fcks \u015fehir buketi   <\/span><\/p>\n","protected":false},"featured_media":55715,"comment_status":"open","ping_status":"closed","template":"","meta":[],"product_brand":[],"product_cat":[357],"product_tag":[2459,614,2458],"class_list":{"0":"post-55791","1":"product","2":"type-product","3":"status-publish","4":"has-post-thumbnail","6":"product_cat-medinede-uretildi","7":"product_tag--tr","11":"first","12":"instock","13":"shipping-taxable","14":"purchasable","15":"product-type-simple"},"yoast_head":"<!-- This site is optimized with the Yoast SEO Premium plugin v27.2 (Yoast SEO v27.6) - https:\/\/yoast.com\/product\/yoast-seo-premium-wordpress\/ -->\n<title>\u015eehirden bir hediye - \u0647\u062f\u064a\u0629 \u0633\u0639\u0648\u062f\u064a\u0629<\/title>\n<meta name=\"robots\" content=\"index, follow, max-snippet:-1, max-image-preview:large, max-video-preview:-1\" \/>\n<link rel=\"canonical\" href=\"https:\/\/saudi-gift.com\/tr\/product\/sehirden-bir-hediye\/\" \/>\n<meta property=\"og:locale\" content=\"tr_TR\" \/>\n<meta property=\"og:type\" content=\"article\" \/>\n<meta property=\"og:title\" content=\"\u015eehirden bir hediye\" \/>\n<meta property=\"og:description\" content=\"Yumu\u015fak ye\u015fil bir kubbe hal\u0131s\u0131, zarif bir ye\u015fil kubbe madalyonu, bir tespih ve manevi bir dokunu\u015fa sahip t\u0131\u011f i\u015fi bir Kuran \u00f6rt\u00fcs\u00fc i\u00e7eren l\u00fcks \u015fehir buketi\" \/>\n<meta property=\"og:url\" content=\"https:\/\/saudi-gift.com\/tr\/product\/sehirden-bir-hediye\/\" \/>\n<meta property=\"og:site_name\" content=\"\u0647\u062f\u064a\u0629 \u0633\u0639\u0648\u062f\u064a\u0629\" \/>\n<meta property=\"article:publisher\" content=\"https:\/\/www.facebook.com\/profile.php?id=61560277649059&amp;mibextid=LQQJ4d\" \/>\n<meta property=\"og:image\" content=\"https:\/\/saudi-gift.com\/wp-content\/uploads\/2025\/03\/80c8cb31-b35a-4676-879a-65e33d9ff753.jpeg\" \/>\n\t<meta property=\"og:image:width\" content=\"600\" \/>\n\t<meta property=\"og:image:height\" content=\"600\" \/>\n\t<meta property=\"og:image:type\" content=\"image\/jpeg\" \/>\n<meta name=\"twitter:card\" content=\"summary_large_image\" \/>\n<meta name=\"twitter:site\" content=\"@saudigift_\" \/>\n<meta name=\"twitter:label1\" content=\"Tahmini okuma s\u00fcresi\" \/>\n\t<meta name=\"twitter:data1\" content=\"1 dakika\" \/>\n<script type=\"application\/ld+json\" class=\"yoast-schema-graph\">{\"@context\":\"https:\\\/\\\/schema.org\",\"@graph\":[{\"@type\":\"WebPage\",\"@id\":\"https:\\\/\\\/saudi-gift.com\\\/tr\\\/product\\\/sehirden-bir-hediye\\\/\",\"url\":\"https:\\\/\\\/saudi-gift.com\\\/tr\\\/product\\\/sehirden-bir-hediye\\\/\",\"name\":\"\u015eehirden bir hediye - \u0647\u062f\u064a\u0629 \u0633\u0639\u0648\u062f\u064a\u0629\",\"isPartOf\":{\"@id\":\"https:\\\/\\\/saudi-gift.com\\\/#website\"},\"primaryImageOfPage\":{\"@id\":\"https:\\\/\\\/saudi-gift.com\\\/tr\\\/product\\\/sehirden-bir-hediye\\\/#primaryimage\"},\"image\":{\"@id\":\"https:\\\/\\\/saudi-gift.com\\\/tr\\\/product\\\/sehirden-bir-hediye\\\/#primaryimage\"},\"thumbnailUrl\":\"https:\\\/\\\/saudi-gift.com\\\/wp-content\\\/uploads\\\/2025\\\/03\\\/80c8cb31-b35a-4676-879a-65e33d9ff753.jpeg\",\"datePublished\":\"2025-03-10T17:06:43+00:00\",\"breadcrumb\":{\"@id\":\"https:\\\/\\\/saudi-gift.com\\\/tr\\\/product\\\/sehirden-bir-hediye\\\/#breadcrumb\"},\"inLanguage\":\"tr\",\"potentialAction\":[{\"@type\":\"ReadAction\",\"target\":[\"https:\\\/\\\/saudi-gift.com\\\/tr\\\/product\\\/sehirden-bir-hediye\\\/\"]}]},{\"@type\":\"ImageObject\",\"inLanguage\":\"tr\",\"@id\":\"https:\\\/\\\/saudi-gift.com\\\/tr\\\/product\\\/sehirden-bir-hediye\\\/#primaryimage\",\"url\":\"https:\\\/\\\/saudi-gift.com\\\/wp-content\\\/uploads\\\/2025\\\/03\\\/80c8cb31-b35a-4676-879a-65e33d9ff753.jpeg\",\"contentUrl\":\"https:\\\/\\\/saudi-gift.com\\\/wp-content\\\/uploads\\\/2025\\\/03\\\/80c8cb31-b35a-4676-879a-65e33d9ff753.jpeg\",\"width\":600,\"height\":600},{\"@type\":\"BreadcrumbList\",\"@id\":\"https:\\\/\\\/saudi-gift.com\\\/tr\\\/product\\\/sehirden-bir-hediye\\\/#breadcrumb\",\"itemListElement\":[{\"@type\":\"ListItem\",\"position\":1,\"name\":\"Home\",\"item\":\"https:\\\/\\\/saudi-gift.com\\\/tr\\\/\"},{\"@type\":\"ListItem\",\"position\":2,\"name\":\"\u015eimdi Al\u0131\u015fveri\u015f Yap\u0131n\",\"item\":\"https:\\\/\\\/saudi-gift.com\\\/tr\\\/simdi-alisveris-yapin\\\/\"},{\"@type\":\"ListItem\",\"position\":3,\"name\":\"\u015eehirden bir hediye\"}]},{\"@type\":\"WebSite\",\"@id\":\"https:\\\/\\\/saudi-gift.com\\\/#website\",\"url\":\"https:\\\/\\\/saudi-gift.com\\\/\",\"name\":\"\u0647\u062f\u064a\u0629 \u0633\u0639\u0648\u062f\u064a\u0629\",\"description\":\"\u0647\u062f\u064a\u0629 \u0633\u0639\u0648\u062f\u064a\u0629 \u0645\u062a\u062c\u0631 \u0627\u0644\u0643\u062a\u0631\u0648\u0646\u064a \u064a\u0642\u062f\u0645 \u0644\u0643\u0645 \u0645\u062c\u0645\u0648\u0639\u0629 \u0645\u0646 \u0627\u0644\u0647\u062f\u0627\u064a\u0627 \u0627\u0644\u062a\u064a \u062a\u062c\u0633\u062f \u0639\u0628\u0642 \u0630\u0643\u0631\u064a\u0627\u062a\u0643\u0645 \u0641\u064a \u0627\u0644\u0645\u0634\u0627\u0639\u0631 \u0627\u0644\u0645\u0642\u062f\u0633\u0629\",\"publisher\":{\"@id\":\"https:\\\/\\\/saudi-gift.com\\\/#organization\"},\"alternateName\":\"\u0647\u062f\u064a\u0629 \u0633\u0639\u0648\u062f\u064a\u0629\",\"potentialAction\":[{\"@type\":\"SearchAction\",\"target\":{\"@type\":\"EntryPoint\",\"urlTemplate\":\"https:\\\/\\\/saudi-gift.com\\\/?s={search_term_string}\"},\"query-input\":{\"@type\":\"PropertyValueSpecification\",\"valueRequired\":true,\"valueName\":\"search_term_string\"}}],\"inLanguage\":\"tr\"},{\"@type\":\"Organization\",\"@id\":\"https:\\\/\\\/saudi-gift.com\\\/#organization\",\"name\":\"\u0645\u062a\u062c\u0631 \u0627\u0644\u0647\u062f\u064a\u0629\",\"alternateName\":\"\u0647\u062f\u064a\u0629 \u0633\u0639\u0648\u062f\u064a\u0629\",\"url\":\"https:\\\/\\\/saudi-gift.com\\\/\",\"logo\":{\"@type\":\"ImageObject\",\"inLanguage\":\"tr\",\"@id\":\"https:\\\/\\\/saudi-gift.com\\\/#\\\/schema\\\/logo\\\/image\\\/\",\"url\":\"https:\\\/\\\/saudi-gift.com\\\/wp-content\\\/uploads\\\/2025\\\/05\\\/2.png\",\"contentUrl\":\"https:\\\/\\\/saudi-gift.com\\\/wp-content\\\/uploads\\\/2025\\\/05\\\/2.png\",\"width\":163,\"height\":42,\"caption\":\"\u0645\u062a\u062c\u0631 \u0627\u0644\u0647\u062f\u064a\u0629\"},\"image\":{\"@id\":\"https:\\\/\\\/saudi-gift.com\\\/#\\\/schema\\\/logo\\\/image\\\/\"},\"sameAs\":[\"https:\\\/\\\/www.facebook.com\\\/profile.php?id=61560277649059&mibextid=LQQJ4d\",\"https:\\\/\\\/x.com\\\/saudigift_\"]}]}<\/script>\n<!-- \/ Yoast SEO Premium plugin. -->","yoast_head_json":{"title":"\u015eehirden bir hediye - \u0647\u062f\u064a\u0629 \u0633\u0639\u0648\u062f\u064a\u0629","robots":{"index":"index","follow":"follow","max-snippet":"max-snippet:-1","max-image-preview":"max-image-preview:large","max-video-preview":"max-video-preview:-1"},"canonical":"https:\/\/saudi-gift.com\/tr\/product\/sehirden-bir-hediye\/","og_locale":"tr_TR","og_type":"article","og_title":"\u015eehirden bir hediye","og_description":"Yumu\u015fak ye\u015fil bir kubbe hal\u0131s\u0131, zarif bir ye\u015fil kubbe madalyonu, bir tespih ve manevi bir dokunu\u015fa sahip t\u0131\u011f i\u015fi bir Kuran \u00f6rt\u00fcs\u00fc i\u00e7eren l\u00fcks \u015fehir buketi","og_url":"https:\/\/saudi-gift.com\/tr\/product\/sehirden-bir-hediye\/","og_site_name":"\u0647\u062f\u064a\u0629 \u0633\u0639\u0648\u062f\u064a\u0629","article_publisher":"https:\/\/www.facebook.com\/profile.php?id=61560277649059&mibextid=LQQJ4d","og_image":[{"width":600,"height":600,"url":"https:\/\/saudi-gift.com\/wp-content\/uploads\/2025\/03\/80c8cb31-b35a-4676-879a-65e33d9ff753.jpeg","type":"image\/jpeg"}],"twitter_card":"summary_large_image","twitter_site":"@saudigift_","twitter_misc":{"Tahmini okuma s\u00fcresi":"1 dakika"},"schema":{"@context":"https:\/\/schema.org","@graph":[{"@type":"WebPage","@id":"https:\/\/saudi-gift.com\/tr\/product\/sehirden-bir-hediye\/","url":"https:\/\/saudi-gift.com\/tr\/product\/sehirden-bir-hediye\/","name":"\u015eehirden bir hediye - \u0647\u062f\u064a\u0629 \u0633\u0639\u0648\u062f\u064a\u0629","isPartOf":{"@id":"https:\/\/saudi-gift.com\/#website"},"primaryImageOfPage":{"@id":"https:\/\/saudi-gift.com\/tr\/product\/sehirden-bir-hediye\/#primaryimage"},"image":{"@id":"https:\/\/saudi-gift.com\/tr\/product\/sehirden-bir-hediye\/#primaryimage"},"thumbnailUrl":"https:\/\/saudi-gift.com\/wp-content\/uploads\/2025\/03\/80c8cb31-b35a-4676-879a-65e33d9ff753.jpeg","datePublished":"2025-03-10T17:06:43+00:00","breadcrumb":{"@id":"https:\/\/saudi-gift.com\/tr\/product\/sehirden-bir-hediye\/#breadcrumb"},"inLanguage":"tr","potentialAction":[{"@type":"ReadAction","target":["https:\/\/saudi-gift.com\/tr\/product\/sehirden-bir-hediye\/"]}]},{"@type":"ImageObject","inLanguage":"tr","@id":"https:\/\/saudi-gift.com\/tr\/product\/sehirden-bir-hediye\/#primaryimage","url":"https:\/\/saudi-gift.com\/wp-content\/uploads\/2025\/03\/80c8cb31-b35a-4676-879a-65e33d9ff753.jpeg","contentUrl":"https:\/\/saudi-gift.com\/wp-content\/uploads\/2025\/03\/80c8cb31-b35a-4676-879a-65e33d9ff753.jpeg","width":600,"height":600},{"@type":"BreadcrumbList","@id":"https:\/\/saudi-gift.com\/tr\/product\/sehirden-bir-hediye\/#breadcrumb","itemListElement":[{"@type":"ListItem","position":1,"name":"Home","item":"https:\/\/saudi-gift.com\/tr\/"},{"@type":"ListItem","position":2,"name":"\u015eimdi Al\u0131\u015fveri\u015f Yap\u0131n","item":"https:\/\/saudi-gift.com\/tr\/simdi-alisveris-yapin\/"},{"@type":"ListItem","position":3,"name":"\u015eehirden bir hediye"}]},{"@type":"WebSite","@id":"https:\/\/saudi-gift.com\/#website","url":"https:\/\/saudi-gift.com\/","name":"\u0647\u062f\u064a\u0629 \u0633\u0639\u0648\u062f\u064a\u0629","description":"\u0647\u062f\u064a\u0629 \u0633\u0639\u0648\u062f\u064a\u0629 \u0645\u062a\u062c\u0631 \u0627\u0644\u0643\u062a\u0631\u0648\u0646\u064a \u064a\u0642\u062f\u0645 \u0644\u0643\u0645 \u0645\u062c\u0645\u0648\u0639\u0629 \u0645\u0646 \u0627\u0644\u0647\u062f\u0627\u064a\u0627 \u0627\u0644\u062a\u064a \u062a\u062c\u0633\u062f \u0639\u0628\u0642 \u0630\u0643\u0631\u064a\u0627\u062a\u0643\u0645 \u0641\u064a \u0627\u0644\u0645\u0634\u0627\u0639\u0631 \u0627\u0644\u0645\u0642\u062f\u0633\u0629","publisher":{"@id":"https:\/\/saudi-gift.com\/#organization"},"alternateName":"\u0647\u062f\u064a\u0629 \u0633\u0639\u0648\u062f\u064a\u0629","potentialAction":[{"@type":"SearchAction","target":{"@type":"EntryPoint","urlTemplate":"https:\/\/saudi-gift.com\/?s={search_term_string}"},"query-input":{"@type":"PropertyValueSpecification","valueRequired":true,"valueName":"search_term_string"}}],"inLanguage":"tr"},{"@type":"Organization","@id":"https:\/\/saudi-gift.com\/#organization","name":"\u0645\u062a\u062c\u0631 \u0627\u0644\u0647\u062f\u064a\u0629","alternateName":"\u0647\u062f\u064a\u0629 \u0633\u0639\u0648\u062f\u064a\u0629","url":"https:\/\/saudi-gift.com\/","logo":{"@type":"ImageObject","inLanguage":"tr","@id":"https:\/\/saudi-gift.com\/#\/schema\/logo\/image\/","url":"https:\/\/saudi-gift.com\/wp-content\/uploads\/2025\/05\/2.png","contentUrl":"https:\/\/saudi-gift.com\/wp-content\/uploads\/2025\/05\/2.png","width":163,"height":42,"caption":"\u0645\u062a\u062c\u0631 \u0627\u0644\u0647\u062f\u064a\u0629"},"image":{"@id":"https:\/\/saudi-gift.com\/#\/schema\/logo\/image\/"},"sameAs":["https:\/\/www.facebook.com\/profile.php?id=61560277649059&mibextid=LQQJ4d","https:\/\/x.com\/saudigift_"]}]}},"jetpack-related-posts":[],"_links":{"self":[{"href":"https:\/\/saudi-gift.com\/tr\/wp-json\/wp\/v2\/product\/55791","targetHints":{"allow":["GET"]}}],"collection":[{"href":"https:\/\/saudi-gift.com\/tr\/wp-json\/wp\/v2\/product"}],"about":[{"href":"https:\/\/saudi-gift.com\/tr\/wp-json\/wp\/v2\/types\/product"}],"replies":[{"embeddable":true,"href":"https:\/\/saudi-gift.com\/tr\/wp-json\/wp\/v2\/comments?post=55791"}],"version-history":[{"count":0,"href":"https:\/\/saudi-gift.com\/tr\/wp-json\/wp\/v2\/product\/55791\/revisions"}],"wp:featuredmedia":[{"embeddable":true,"href":"https:\/\/saudi-gift.com\/tr\/wp-json\/wp\/v2\/media\/55715"}],"wp:attachment":[{"href":"https:\/\/saudi-gift.com\/tr\/wp-json\/wp\/v2\/media?parent=55791"}],"wp:term":[{"taxonomy":"product_brand","embeddable":true,"href":"https:\/\/saudi-gift.com\/tr\/wp-json\/wp\/v2\/product_brand?post=55791"},{"taxonomy":"product_cat","embeddable":true,"href":"https:\/\/saudi-gift.com\/tr\/wp-json\/wp\/v2\/product_cat?post=55791"},{"taxonomy":"product_tag","embeddable":true,"href":"https:\/\/saudi-gift.com\/tr\/wp-json\/wp\/v2\/product_tag?post=55791"}],"curies":[{"name":"wp","href":"https:\/\/api.w.org\/{rel}","templated":true}]}}