{"id":71617,"date":"2025-12-16T14:31:38","date_gmt":"2025-12-16T11:31:38","guid":{"rendered":"https:\/\/saudi-gift.com\/product\/orijinal-medine-karari\/"},"modified":"2025-12-16T14:31:38","modified_gmt":"2025-12-16T11:31:38","slug":"orijinal-medine-karari","status":"publish","type":"product","link":"https:\/\/saudi-gift.com\/tr\/urun\/orijinal-medine-karari\/","title":{"rendered":"Orijinal Medine Karar\u0131"},"content":{"rendered":"<p>A\u00e7\u0131klamalar :<br \/>\nDukkah Al Madinah, otantik Medine tarz\u0131nda haz\u0131rlanm\u0131\u015f baharat ve susam tohumlar\u0131n\u0131n miras kar\u0131\u015f\u0131m\u0131d\u0131r. Lezzet a\u00e7\u0131s\u0131ndan zengin ve Suudi Arabistan folklorunu sevenler i\u00e7in m\u00fckemmel olan bu yemek genellikle ekmek, hurma veya zeytinya\u011f\u0131 ile servis edilir.  <\/p>\n<p>Malzemeler:<br \/>\nK\u0131zarm\u0131\u015f susam, se\u00e7ilmi\u015f baharatlar (geleneksel Medine tarifine g\u00f6re). <\/p>\n<p>Men\u015fe \u00dclke:<br \/>\nSuudi Arabistan &#8211; Medine<\/p>\n<p>Nas\u0131l kullan\u0131l\u0131r:<br \/>\nEkmekle birlikte dip sos olarak kullan\u0131n, yemeklerin \u00fczerine serpin veya istedi\u011finiz gibi zeytinya\u011f\u0131 ile kar\u0131\u015ft\u0131r\u0131n.  <\/p>\n<p>Ambalaj: Lezzet ve kaliteyi korumak i\u00e7in<br \/>\nm\u00fch\u00fcrl\u00fc plastik ambalaj.<\/p>\n<p>Depolama:<br \/>\nDo\u011frudan g\u00fcne\u015f \u0131\u015f\u0131\u011f\u0131ndan uzak, kuru ve serin bir yerde saklay\u0131n.<\/p>\n<p>\u00dcr\u00fcn \u00f6zellikleri:<\/p>\n<p>Otantik kentsel lezzet<\/p>\n<p>Y\u00fcksek kalite<\/p>\n<p>Miras hediyesi vermek i\u00e7in uygundur<\/p>\n<p>T\u00fcm uygulamalara uygun \u00e7e\u015fitli boyutlarda mevcuttur<\/p>\n","protected":false},"excerpt":{"rendered":"<p>A\u00e7\u0131klamalar : Dukkah Al Madinah, otantik Medine tarz\u0131nda haz\u0131rlanm\u0131\u015f baharat ve susam tohumlar\u0131n\u0131n miras kar\u0131\u015f\u0131m\u0131d\u0131r. Lezzet a\u00e7\u0131s\u0131ndan zengin ve Suudi<\/p>\n","protected":false},"featured_media":71618,"comment_status":"open","ping_status":"closed","template":"","meta":[],"product_brand":[],"product_cat":[3323],"product_tag":[1809,1694,3454],"class_list":{"0":"post-71617","1":"product","2":"type-product","3":"status-publish","4":"has-post-thumbnail","6":"product_cat-medine-miras-hediyeleri","7":"product_tag-_-tr","8":"product_tag--tr","9":"product_tag-3454","11":"first","12":"instock","13":"shipping-taxable","14":"purchasable","15":"product-type-variable"},"yoast_head":"<!-- This site is optimized with the Yoast SEO Premium plugin v27.2 (Yoast SEO v27.6) - https:\/\/yoast.com\/product\/yoast-seo-premium-wordpress\/ -->\n<title>Orijinal Medine Karar\u0131 - \u0647\u062f\u064a\u0629 \u0633\u0639\u0648\u062f\u064a\u0629<\/title>\n<meta name=\"robots\" content=\"index, follow, max-snippet:-1, max-image-preview:large, max-video-preview:-1\" \/>\n<link rel=\"canonical\" href=\"https:\/\/saudi-gift.com\/tr\/urun\/orijinal-medine-karari\/\" \/>\n<meta property=\"og:locale\" content=\"tr_TR\" \/>\n<meta property=\"og:type\" content=\"article\" \/>\n<meta property=\"og:title\" content=\"Orijinal Medine Karar\u0131\" \/>\n<meta property=\"og:description\" content=\"A\u00e7\u0131klamalar : Dukkah Al Madinah, otantik Medine tarz\u0131nda haz\u0131rlanm\u0131\u015f baharat ve susam tohumlar\u0131n\u0131n miras kar\u0131\u015f\u0131m\u0131d\u0131r. Lezzet a\u00e7\u0131s\u0131ndan zengin ve Suudi\" \/>\n<meta property=\"og:url\" content=\"https:\/\/saudi-gift.com\/tr\/urun\/orijinal-medine-karari\/\" \/>\n<meta property=\"og:site_name\" content=\"\u0647\u062f\u064a\u0629 \u0633\u0639\u0648\u062f\u064a\u0629\" \/>\n<meta property=\"article:publisher\" content=\"https:\/\/www.facebook.com\/profile.php?id=61560277649059&amp;mibextid=LQQJ4d\" \/>\n<meta property=\"og:image\" content=\"https:\/\/saudi-gift.com\/wp-content\/uploads\/2025\/12\/WhatsApp-Image-2025-12-15-at-12.47.04-PM.jpeg\" \/>\n\t<meta property=\"og:image:width\" content=\"554\" \/>\n\t<meta property=\"og:image:height\" content=\"554\" \/>\n\t<meta property=\"og:image:type\" content=\"image\/jpeg\" \/>\n<meta name=\"twitter:card\" content=\"summary_large_image\" \/>\n<meta name=\"twitter:site\" content=\"@saudigift_\" \/>\n<meta name=\"twitter:label1\" content=\"Tahmini okuma s\u00fcresi\" \/>\n\t<meta name=\"twitter:data1\" content=\"1 dakika\" \/>\n<script type=\"application\/ld+json\" class=\"yoast-schema-graph\">{\"@context\":\"https:\\\/\\\/schema.org\",\"@graph\":[{\"@type\":\"WebPage\",\"@id\":\"https:\\\/\\\/saudi-gift.com\\\/tr\\\/urun\\\/orijinal-medine-karari\\\/\",\"url\":\"https:\\\/\\\/saudi-gift.com\\\/tr\\\/urun\\\/orijinal-medine-karari\\\/\",\"name\":\"Orijinal Medine Karar\u0131 - \u0647\u062f\u064a\u0629 \u0633\u0639\u0648\u062f\u064a\u0629\",\"isPartOf\":{\"@id\":\"https:\\\/\\\/saudi-gift.com\\\/#website\"},\"primaryImageOfPage\":{\"@id\":\"https:\\\/\\\/saudi-gift.com\\\/tr\\\/urun\\\/orijinal-medine-karari\\\/#primaryimage\"},\"image\":{\"@id\":\"https:\\\/\\\/saudi-gift.com\\\/tr\\\/urun\\\/orijinal-medine-karari\\\/#primaryimage\"},\"thumbnailUrl\":\"https:\\\/\\\/saudi-gift.com\\\/wp-content\\\/uploads\\\/2025\\\/12\\\/WhatsApp-Image-2025-12-15-at-12.47.04-PM.jpeg\",\"datePublished\":\"2025-12-16T11:31:38+00:00\",\"breadcrumb\":{\"@id\":\"https:\\\/\\\/saudi-gift.com\\\/tr\\\/urun\\\/orijinal-medine-karari\\\/#breadcrumb\"},\"inLanguage\":\"tr\",\"potentialAction\":[{\"@type\":\"ReadAction\",\"target\":[\"https:\\\/\\\/saudi-gift.com\\\/tr\\\/urun\\\/orijinal-medine-karari\\\/\"]}]},{\"@type\":\"ImageObject\",\"inLanguage\":\"tr\",\"@id\":\"https:\\\/\\\/saudi-gift.com\\\/tr\\\/urun\\\/orijinal-medine-karari\\\/#primaryimage\",\"url\":\"https:\\\/\\\/saudi-gift.com\\\/wp-content\\\/uploads\\\/2025\\\/12\\\/WhatsApp-Image-2025-12-15-at-12.47.04-PM.jpeg\",\"contentUrl\":\"https:\\\/\\\/saudi-gift.com\\\/wp-content\\\/uploads\\\/2025\\\/12\\\/WhatsApp-Image-2025-12-15-at-12.47.04-PM.jpeg\",\"width\":554,\"height\":554},{\"@type\":\"BreadcrumbList\",\"@id\":\"https:\\\/\\\/saudi-gift.com\\\/tr\\\/urun\\\/orijinal-medine-karari\\\/#breadcrumb\",\"itemListElement\":[{\"@type\":\"ListItem\",\"position\":1,\"name\":\"Home\",\"item\":\"https:\\\/\\\/saudi-gift.com\\\/tr\\\/\"},{\"@type\":\"ListItem\",\"position\":2,\"name\":\"\u015eimdi Al\u0131\u015fveri\u015f Yap\u0131n\",\"item\":\"https:\\\/\\\/saudi-gift.com\\\/tr\\\/simdi-alisveris-yapin\\\/\"},{\"@type\":\"ListItem\",\"position\":3,\"name\":\"Orijinal Medine Karar\u0131\"}]},{\"@type\":\"WebSite\",\"@id\":\"https:\\\/\\\/saudi-gift.com\\\/#website\",\"url\":\"https:\\\/\\\/saudi-gift.com\\\/\",\"name\":\"\u0647\u062f\u064a\u0629 \u0633\u0639\u0648\u062f\u064a\u0629\",\"description\":\"\u0647\u062f\u064a\u0629 \u0633\u0639\u0648\u062f\u064a\u0629 \u0645\u062a\u062c\u0631 \u0627\u0644\u0643\u062a\u0631\u0648\u0646\u064a \u064a\u0642\u062f\u0645 \u0644\u0643\u0645 \u0645\u062c\u0645\u0648\u0639\u0629 \u0645\u0646 \u0627\u0644\u0647\u062f\u0627\u064a\u0627 \u0627\u0644\u062a\u064a \u062a\u062c\u0633\u062f \u0639\u0628\u0642 \u0630\u0643\u0631\u064a\u0627\u062a\u0643\u0645 \u0641\u064a \u0627\u0644\u0645\u0634\u0627\u0639\u0631 \u0627\u0644\u0645\u0642\u062f\u0633\u0629\",\"publisher\":{\"@id\":\"https:\\\/\\\/saudi-gift.com\\\/#organization\"},\"alternateName\":\"\u0647\u062f\u064a\u0629 \u0633\u0639\u0648\u062f\u064a\u0629\",\"potentialAction\":[{\"@type\":\"SearchAction\",\"target\":{\"@type\":\"EntryPoint\",\"urlTemplate\":\"https:\\\/\\\/saudi-gift.com\\\/?s={search_term_string}\"},\"query-input\":{\"@type\":\"PropertyValueSpecification\",\"valueRequired\":true,\"valueName\":\"search_term_string\"}}],\"inLanguage\":\"tr\"},{\"@type\":\"Organization\",\"@id\":\"https:\\\/\\\/saudi-gift.com\\\/#organization\",\"name\":\"\u0645\u062a\u062c\u0631 \u0627\u0644\u0647\u062f\u064a\u0629\",\"alternateName\":\"\u0647\u062f\u064a\u0629 \u0633\u0639\u0648\u062f\u064a\u0629\",\"url\":\"https:\\\/\\\/saudi-gift.com\\\/\",\"logo\":{\"@type\":\"ImageObject\",\"inLanguage\":\"tr\",\"@id\":\"https:\\\/\\\/saudi-gift.com\\\/#\\\/schema\\\/logo\\\/image\\\/\",\"url\":\"https:\\\/\\\/saudi-gift.com\\\/wp-content\\\/uploads\\\/2025\\\/05\\\/2.png\",\"contentUrl\":\"https:\\\/\\\/saudi-gift.com\\\/wp-content\\\/uploads\\\/2025\\\/05\\\/2.png\",\"width\":163,\"height\":42,\"caption\":\"\u0645\u062a\u062c\u0631 \u0627\u0644\u0647\u062f\u064a\u0629\"},\"image\":{\"@id\":\"https:\\\/\\\/saudi-gift.com\\\/#\\\/schema\\\/logo\\\/image\\\/\"},\"sameAs\":[\"https:\\\/\\\/www.facebook.com\\\/profile.php?id=61560277649059&mibextid=LQQJ4d\",\"https:\\\/\\\/x.com\\\/saudigift_\"]}]}<\/script>\n<!-- \/ Yoast SEO Premium plugin. -->","yoast_head_json":{"title":"Orijinal Medine Karar\u0131 - \u0647\u062f\u064a\u0629 \u0633\u0639\u0648\u062f\u064a\u0629","robots":{"index":"index","follow":"follow","max-snippet":"max-snippet:-1","max-image-preview":"max-image-preview:large","max-video-preview":"max-video-preview:-1"},"canonical":"https:\/\/saudi-gift.com\/tr\/urun\/orijinal-medine-karari\/","og_locale":"tr_TR","og_type":"article","og_title":"Orijinal Medine Karar\u0131","og_description":"A\u00e7\u0131klamalar : Dukkah Al Madinah, otantik Medine tarz\u0131nda haz\u0131rlanm\u0131\u015f baharat ve susam tohumlar\u0131n\u0131n miras kar\u0131\u015f\u0131m\u0131d\u0131r. Lezzet a\u00e7\u0131s\u0131ndan zengin ve Suudi","og_url":"https:\/\/saudi-gift.com\/tr\/urun\/orijinal-medine-karari\/","og_site_name":"\u0647\u062f\u064a\u0629 \u0633\u0639\u0648\u062f\u064a\u0629","article_publisher":"https:\/\/www.facebook.com\/profile.php?id=61560277649059&mibextid=LQQJ4d","og_image":[{"width":554,"height":554,"url":"https:\/\/saudi-gift.com\/wp-content\/uploads\/2025\/12\/WhatsApp-Image-2025-12-15-at-12.47.04-PM.jpeg","type":"image\/jpeg"}],"twitter_card":"summary_large_image","twitter_site":"@saudigift_","twitter_misc":{"Tahmini okuma s\u00fcresi":"1 dakika"},"schema":{"@context":"https:\/\/schema.org","@graph":[{"@type":"WebPage","@id":"https:\/\/saudi-gift.com\/tr\/urun\/orijinal-medine-karari\/","url":"https:\/\/saudi-gift.com\/tr\/urun\/orijinal-medine-karari\/","name":"Orijinal Medine Karar\u0131 - \u0647\u062f\u064a\u0629 \u0633\u0639\u0648\u062f\u064a\u0629","isPartOf":{"@id":"https:\/\/saudi-gift.com\/#website"},"primaryImageOfPage":{"@id":"https:\/\/saudi-gift.com\/tr\/urun\/orijinal-medine-karari\/#primaryimage"},"image":{"@id":"https:\/\/saudi-gift.com\/tr\/urun\/orijinal-medine-karari\/#primaryimage"},"thumbnailUrl":"https:\/\/saudi-gift.com\/wp-content\/uploads\/2025\/12\/WhatsApp-Image-2025-12-15-at-12.47.04-PM.jpeg","datePublished":"2025-12-16T11:31:38+00:00","breadcrumb":{"@id":"https:\/\/saudi-gift.com\/tr\/urun\/orijinal-medine-karari\/#breadcrumb"},"inLanguage":"tr","potentialAction":[{"@type":"ReadAction","target":["https:\/\/saudi-gift.com\/tr\/urun\/orijinal-medine-karari\/"]}]},{"@type":"ImageObject","inLanguage":"tr","@id":"https:\/\/saudi-gift.com\/tr\/urun\/orijinal-medine-karari\/#primaryimage","url":"https:\/\/saudi-gift.com\/wp-content\/uploads\/2025\/12\/WhatsApp-Image-2025-12-15-at-12.47.04-PM.jpeg","contentUrl":"https:\/\/saudi-gift.com\/wp-content\/uploads\/2025\/12\/WhatsApp-Image-2025-12-15-at-12.47.04-PM.jpeg","width":554,"height":554},{"@type":"BreadcrumbList","@id":"https:\/\/saudi-gift.com\/tr\/urun\/orijinal-medine-karari\/#breadcrumb","itemListElement":[{"@type":"ListItem","position":1,"name":"Home","item":"https:\/\/saudi-gift.com\/tr\/"},{"@type":"ListItem","position":2,"name":"\u015eimdi Al\u0131\u015fveri\u015f Yap\u0131n","item":"https:\/\/saudi-gift.com\/tr\/simdi-alisveris-yapin\/"},{"@type":"ListItem","position":3,"name":"Orijinal Medine Karar\u0131"}]},{"@type":"WebSite","@id":"https:\/\/saudi-gift.com\/#website","url":"https:\/\/saudi-gift.com\/","name":"\u0647\u062f\u064a\u0629 \u0633\u0639\u0648\u062f\u064a\u0629","description":"\u0647\u062f\u064a\u0629 \u0633\u0639\u0648\u062f\u064a\u0629 \u0645\u062a\u062c\u0631 \u0627\u0644\u0643\u062a\u0631\u0648\u0646\u064a \u064a\u0642\u062f\u0645 \u0644\u0643\u0645 \u0645\u062c\u0645\u0648\u0639\u0629 \u0645\u0646 \u0627\u0644\u0647\u062f\u0627\u064a\u0627 \u0627\u0644\u062a\u064a \u062a\u062c\u0633\u062f \u0639\u0628\u0642 \u0630\u0643\u0631\u064a\u0627\u062a\u0643\u0645 \u0641\u064a \u0627\u0644\u0645\u0634\u0627\u0639\u0631 \u0627\u0644\u0645\u0642\u062f\u0633\u0629","publisher":{"@id":"https:\/\/saudi-gift.com\/#organization"},"alternateName":"\u0647\u062f\u064a\u0629 \u0633\u0639\u0648\u062f\u064a\u0629","potentialAction":[{"@type":"SearchAction","target":{"@type":"EntryPoint","urlTemplate":"https:\/\/saudi-gift.com\/?s={search_term_string}"},"query-input":{"@type":"PropertyValueSpecification","valueRequired":true,"valueName":"search_term_string"}}],"inLanguage":"tr"},{"@type":"Organization","@id":"https:\/\/saudi-gift.com\/#organization","name":"\u0645\u062a\u062c\u0631 \u0627\u0644\u0647\u062f\u064a\u0629","alternateName":"\u0647\u062f\u064a\u0629 \u0633\u0639\u0648\u062f\u064a\u0629","url":"https:\/\/saudi-gift.com\/","logo":{"@type":"ImageObject","inLanguage":"tr","@id":"https:\/\/saudi-gift.com\/#\/schema\/logo\/image\/","url":"https:\/\/saudi-gift.com\/wp-content\/uploads\/2025\/05\/2.png","contentUrl":"https:\/\/saudi-gift.com\/wp-content\/uploads\/2025\/05\/2.png","width":163,"height":42,"caption":"\u0645\u062a\u062c\u0631 \u0627\u0644\u0647\u062f\u064a\u0629"},"image":{"@id":"https:\/\/saudi-gift.com\/#\/schema\/logo\/image\/"},"sameAs":["https:\/\/www.facebook.com\/profile.php?id=61560277649059&mibextid=LQQJ4d","https:\/\/x.com\/saudigift_"]}]}},"jetpack-related-posts":[],"_links":{"self":[{"href":"https:\/\/saudi-gift.com\/tr\/wp-json\/wp\/v2\/product\/71617","targetHints":{"allow":["GET"]}}],"collection":[{"href":"https:\/\/saudi-gift.com\/tr\/wp-json\/wp\/v2\/product"}],"about":[{"href":"https:\/\/saudi-gift.com\/tr\/wp-json\/wp\/v2\/types\/product"}],"replies":[{"embeddable":true,"href":"https:\/\/saudi-gift.com\/tr\/wp-json\/wp\/v2\/comments?post=71617"}],"version-history":[{"count":0,"href":"https:\/\/saudi-gift.com\/tr\/wp-json\/wp\/v2\/product\/71617\/revisions"}],"wp:featuredmedia":[{"embeddable":true,"href":"https:\/\/saudi-gift.com\/tr\/wp-json\/wp\/v2\/media\/71618"}],"wp:attachment":[{"href":"https:\/\/saudi-gift.com\/tr\/wp-json\/wp\/v2\/media?parent=71617"}],"wp:term":[{"taxonomy":"product_brand","embeddable":true,"href":"https:\/\/saudi-gift.com\/tr\/wp-json\/wp\/v2\/product_brand?post=71617"},{"taxonomy":"product_cat","embeddable":true,"href":"https:\/\/saudi-gift.com\/tr\/wp-json\/wp\/v2\/product_cat?post=71617"},{"taxonomy":"product_tag","embeddable":true,"href":"https:\/\/saudi-gift.com\/tr\/wp-json\/wp\/v2\/product_tag?post=71617"}],"curies":[{"name":"wp","href":"https:\/\/api.w.org\/{rel}","templated":true}]}}