{"id":71778,"date":"2025-12-28T19:33:10","date_gmt":"2025-12-28T16:33:10","guid":{"rendered":"https:\/\/saudi-gift.com\/product\/zarif-boncuk-tespih-farkli-renklerde-yumusak-tasarim\/"},"modified":"2025-12-28T19:33:10","modified_gmt":"2025-12-28T16:33:10","slug":"zarif-boncuk-tespih-farkli-renklerde-yumusak-tasarim","status":"publish","type":"product","link":"https:\/\/saudi-gift.com\/tr\/urun\/zarif-boncuk-tespih-farkli-renklerde-yumusak-tasarim\/","title":{"rendered":"Zarif boncuk tespih &#8211; farkl\u0131 renklerde yumu\u015fak tasar\u0131m"},"content":{"rendered":"<p dir=\"rtl\">Sadelik ve zarafeti bir araya getirmek i\u00e7in \u00f6zenle tasarlanan bu boncuk tespih, parlak y\u00fczeyli yumu\u015fak boncuklardan ve g\u00fczel, klasik bir his katan sa\u011flam bir metal zincirden yap\u0131lm\u0131\u015ft\u0131r. <\/p>\n<p dir=\"rtl\">Hafif ve kullan\u0131m\u0131 kolayd\u0131r, bu da onu g\u00fcnl\u00fck kullan\u0131m veya s\u00fcrekli ta\u015f\u0131ma i\u00e7in uygun hale getirir. <\/p>\n<p dir=\"rtl\">Farkl\u0131 g\u00fcnlerde hediye etmek i\u00e7in harika olan bu \u00fcr\u00fcn, ayn\u0131 zamanda sessiz renklere ve \u015f\u0131k bir tasar\u0131ma sahip tespihleri sevenler i\u00e7in de harika bir se\u00e7imdir. <\/p>\n<p dir=\"rtl\">Farkl\u0131 zevklere uygun \u00e7ok say\u0131da renk se\u00e7ene\u011fi mevcuttur.<\/p>\n<p dir=\"rtl\">Not: Renk, \u0131\u015f\u0131\u011fa veya ekrana ba\u011fl\u0131 olarak biraz de\u011fi\u015febilir.<\/p>\n","protected":false},"excerpt":{"rendered":"<p dir=\"rtl\">Zarif tasar\u0131ml\u0131 ve yumu\u015fak renkli bu boncuk tespih, g\u00fcnl\u00fck dua i\u00e7in veya sofistike bir hediye olarak uygundur. <\/p>\n","protected":false},"featured_media":71779,"comment_status":"open","ping_status":"closed","template":"","meta":[],"product_brand":[],"product_cat":[3364],"product_tag":[817,1809,803,3405],"class_list":{"0":"post-71778","1":"product","2":"type-product","3":"status-publish","4":"has-post-thumbnail","6":"product_cat-tespihler","7":"product_tag-sabha","8":"product_tag-_-tr","10":"product_tag-3405","12":"first","13":"outofstock","14":"shipping-taxable","15":"purchasable","16":"product-type-simple"},"yoast_head":"<!-- This site is optimized with the Yoast SEO Premium plugin v27.2 (Yoast SEO v27.6) - https:\/\/yoast.com\/product\/yoast-seo-premium-wordpress\/ -->\n<title>Zarif boncuk tespih - farkl\u0131 renklerde yumu\u015fak tasar\u0131m - \u0647\u062f\u064a\u0629 \u0633\u0639\u0648\u062f\u064a\u0629<\/title>\n<meta name=\"robots\" content=\"index, follow, max-snippet:-1, max-image-preview:large, max-video-preview:-1\" \/>\n<link rel=\"canonical\" href=\"https:\/\/saudi-gift.com\/tr\/urun\/zarif-boncuk-tespih-farkli-renklerde-yumusak-tasarim\/\" \/>\n<meta property=\"og:locale\" content=\"tr_TR\" \/>\n<meta property=\"og:type\" content=\"article\" \/>\n<meta property=\"og:title\" content=\"Zarif boncuk tespih - farkl\u0131 renklerde yumu\u015fak tasar\u0131m\" \/>\n<meta property=\"og:description\" content=\"Zarif tasar\u0131ml\u0131 ve yumu\u015fak renkli bu boncuk tespih, g\u00fcnl\u00fck dua i\u00e7in veya sofistike bir hediye olarak uygundur.\" \/>\n<meta property=\"og:url\" content=\"https:\/\/saudi-gift.com\/tr\/urun\/zarif-boncuk-tespih-farkli-renklerde-yumusak-tasarim\/\" \/>\n<meta property=\"og:site_name\" content=\"\u0647\u062f\u064a\u0629 \u0633\u0639\u0648\u062f\u064a\u0629\" \/>\n<meta property=\"article:publisher\" content=\"https:\/\/www.facebook.com\/profile.php?id=61560277649059&amp;mibextid=LQQJ4d\" \/>\n<meta property=\"og:image\" content=\"https:\/\/i0.wp.com\/saudi-gift.com\/wp-content\/uploads\/2025\/12\/cropped-IMG_6864.jpeg?fit=800%2C990&ssl=1\" \/>\n\t<meta property=\"og:image:width\" content=\"800\" \/>\n\t<meta property=\"og:image:height\" content=\"990\" \/>\n\t<meta property=\"og:image:type\" content=\"image\/jpeg\" \/>\n<meta name=\"twitter:card\" content=\"summary_large_image\" \/>\n<meta name=\"twitter:site\" content=\"@saudigift_\" \/>\n<meta name=\"twitter:label1\" content=\"Tahmini okuma s\u00fcresi\" \/>\n\t<meta name=\"twitter:data1\" content=\"1 dakika\" \/>\n<script type=\"application\/ld+json\" class=\"yoast-schema-graph\">{\"@context\":\"https:\\\/\\\/schema.org\",\"@graph\":[{\"@type\":\"WebPage\",\"@id\":\"https:\\\/\\\/saudi-gift.com\\\/tr\\\/urun\\\/zarif-boncuk-tespih-farkli-renklerde-yumusak-tasarim\\\/\",\"url\":\"https:\\\/\\\/saudi-gift.com\\\/tr\\\/urun\\\/zarif-boncuk-tespih-farkli-renklerde-yumusak-tasarim\\\/\",\"name\":\"Zarif boncuk tespih - farkl\u0131 renklerde yumu\u015fak tasar\u0131m - \u0647\u062f\u064a\u0629 \u0633\u0639\u0648\u062f\u064a\u0629\",\"isPartOf\":{\"@id\":\"https:\\\/\\\/saudi-gift.com\\\/#website\"},\"primaryImageOfPage\":{\"@id\":\"https:\\\/\\\/saudi-gift.com\\\/tr\\\/urun\\\/zarif-boncuk-tespih-farkli-renklerde-yumusak-tasarim\\\/#primaryimage\"},\"image\":{\"@id\":\"https:\\\/\\\/saudi-gift.com\\\/tr\\\/urun\\\/zarif-boncuk-tespih-farkli-renklerde-yumusak-tasarim\\\/#primaryimage\"},\"thumbnailUrl\":\"https:\\\/\\\/saudi-gift.com\\\/wp-content\\\/uploads\\\/2025\\\/12\\\/cropped-IMG_6864.jpeg\",\"datePublished\":\"2025-12-28T16:33:10+00:00\",\"breadcrumb\":{\"@id\":\"https:\\\/\\\/saudi-gift.com\\\/tr\\\/urun\\\/zarif-boncuk-tespih-farkli-renklerde-yumusak-tasarim\\\/#breadcrumb\"},\"inLanguage\":\"tr\",\"potentialAction\":[{\"@type\":\"ReadAction\",\"target\":[\"https:\\\/\\\/saudi-gift.com\\\/tr\\\/urun\\\/zarif-boncuk-tespih-farkli-renklerde-yumusak-tasarim\\\/\"]}]},{\"@type\":\"ImageObject\",\"inLanguage\":\"tr\",\"@id\":\"https:\\\/\\\/saudi-gift.com\\\/tr\\\/urun\\\/zarif-boncuk-tespih-farkli-renklerde-yumusak-tasarim\\\/#primaryimage\",\"url\":\"https:\\\/\\\/saudi-gift.com\\\/wp-content\\\/uploads\\\/2025\\\/12\\\/cropped-IMG_6864.jpeg\",\"contentUrl\":\"https:\\\/\\\/saudi-gift.com\\\/wp-content\\\/uploads\\\/2025\\\/12\\\/cropped-IMG_6864.jpeg\",\"width\":800,\"height\":990},{\"@type\":\"BreadcrumbList\",\"@id\":\"https:\\\/\\\/saudi-gift.com\\\/tr\\\/urun\\\/zarif-boncuk-tespih-farkli-renklerde-yumusak-tasarim\\\/#breadcrumb\",\"itemListElement\":[{\"@type\":\"ListItem\",\"position\":1,\"name\":\"Home\",\"item\":\"https:\\\/\\\/saudi-gift.com\\\/tr\\\/\"},{\"@type\":\"ListItem\",\"position\":2,\"name\":\"\u015eimdi Al\u0131\u015fveri\u015f Yap\u0131n\",\"item\":\"https:\\\/\\\/saudi-gift.com\\\/tr\\\/simdi-alisveris-yapin\\\/\"},{\"@type\":\"ListItem\",\"position\":3,\"name\":\"Zarif boncuk tespih &#8211; farkl\u0131 renklerde yumu\u015fak tasar\u0131m\"}]},{\"@type\":\"WebSite\",\"@id\":\"https:\\\/\\\/saudi-gift.com\\\/#website\",\"url\":\"https:\\\/\\\/saudi-gift.com\\\/\",\"name\":\"\u0647\u062f\u064a\u0629 \u0633\u0639\u0648\u062f\u064a\u0629\",\"description\":\"\u0647\u062f\u064a\u0629 \u0633\u0639\u0648\u062f\u064a\u0629 \u0645\u062a\u062c\u0631 \u0627\u0644\u0643\u062a\u0631\u0648\u0646\u064a \u064a\u0642\u062f\u0645 \u0644\u0643\u0645 \u0645\u062c\u0645\u0648\u0639\u0629 \u0645\u0646 \u0627\u0644\u0647\u062f\u0627\u064a\u0627 \u0627\u0644\u062a\u064a \u062a\u062c\u0633\u062f \u0639\u0628\u0642 \u0630\u0643\u0631\u064a\u0627\u062a\u0643\u0645 \u0641\u064a \u0627\u0644\u0645\u0634\u0627\u0639\u0631 \u0627\u0644\u0645\u0642\u062f\u0633\u0629\",\"publisher\":{\"@id\":\"https:\\\/\\\/saudi-gift.com\\\/#organization\"},\"alternateName\":\"\u0647\u062f\u064a\u0629 \u0633\u0639\u0648\u062f\u064a\u0629\",\"potentialAction\":[{\"@type\":\"SearchAction\",\"target\":{\"@type\":\"EntryPoint\",\"urlTemplate\":\"https:\\\/\\\/saudi-gift.com\\\/?s={search_term_string}\"},\"query-input\":{\"@type\":\"PropertyValueSpecification\",\"valueRequired\":true,\"valueName\":\"search_term_string\"}}],\"inLanguage\":\"tr\"},{\"@type\":\"Organization\",\"@id\":\"https:\\\/\\\/saudi-gift.com\\\/#organization\",\"name\":\"\u0645\u062a\u062c\u0631 \u0627\u0644\u0647\u062f\u064a\u0629\",\"alternateName\":\"\u0647\u062f\u064a\u0629 \u0633\u0639\u0648\u062f\u064a\u0629\",\"url\":\"https:\\\/\\\/saudi-gift.com\\\/\",\"logo\":{\"@type\":\"ImageObject\",\"inLanguage\":\"tr\",\"@id\":\"https:\\\/\\\/saudi-gift.com\\\/#\\\/schema\\\/logo\\\/image\\\/\",\"url\":\"https:\\\/\\\/saudi-gift.com\\\/wp-content\\\/uploads\\\/2025\\\/05\\\/2.png\",\"contentUrl\":\"https:\\\/\\\/saudi-gift.com\\\/wp-content\\\/uploads\\\/2025\\\/05\\\/2.png\",\"width\":163,\"height\":42,\"caption\":\"\u0645\u062a\u062c\u0631 \u0627\u0644\u0647\u062f\u064a\u0629\"},\"image\":{\"@id\":\"https:\\\/\\\/saudi-gift.com\\\/#\\\/schema\\\/logo\\\/image\\\/\"},\"sameAs\":[\"https:\\\/\\\/www.facebook.com\\\/profile.php?id=61560277649059&mibextid=LQQJ4d\",\"https:\\\/\\\/x.com\\\/saudigift_\"]}]}<\/script>\n<!-- \/ Yoast SEO Premium plugin. -->","yoast_head_json":{"title":"Zarif boncuk tespih - farkl\u0131 renklerde yumu\u015fak tasar\u0131m - \u0647\u062f\u064a\u0629 \u0633\u0639\u0648\u062f\u064a\u0629","robots":{"index":"index","follow":"follow","max-snippet":"max-snippet:-1","max-image-preview":"max-image-preview:large","max-video-preview":"max-video-preview:-1"},"canonical":"https:\/\/saudi-gift.com\/tr\/urun\/zarif-boncuk-tespih-farkli-renklerde-yumusak-tasarim\/","og_locale":"tr_TR","og_type":"article","og_title":"Zarif boncuk tespih - farkl\u0131 renklerde yumu\u015fak tasar\u0131m","og_description":"Zarif tasar\u0131ml\u0131 ve yumu\u015fak renkli bu boncuk tespih, g\u00fcnl\u00fck dua i\u00e7in veya sofistike bir hediye olarak uygundur.","og_url":"https:\/\/saudi-gift.com\/tr\/urun\/zarif-boncuk-tespih-farkli-renklerde-yumusak-tasarim\/","og_site_name":"\u0647\u062f\u064a\u0629 \u0633\u0639\u0648\u062f\u064a\u0629","article_publisher":"https:\/\/www.facebook.com\/profile.php?id=61560277649059&mibextid=LQQJ4d","og_image":[{"width":800,"height":990,"url":"https:\/\/i0.wp.com\/saudi-gift.com\/wp-content\/uploads\/2025\/12\/cropped-IMG_6864.jpeg?fit=800%2C990&ssl=1","type":"image\/jpeg"}],"twitter_card":"summary_large_image","twitter_site":"@saudigift_","twitter_misc":{"Tahmini okuma s\u00fcresi":"1 dakika"},"schema":{"@context":"https:\/\/schema.org","@graph":[{"@type":"WebPage","@id":"https:\/\/saudi-gift.com\/tr\/urun\/zarif-boncuk-tespih-farkli-renklerde-yumusak-tasarim\/","url":"https:\/\/saudi-gift.com\/tr\/urun\/zarif-boncuk-tespih-farkli-renklerde-yumusak-tasarim\/","name":"Zarif boncuk tespih - farkl\u0131 renklerde yumu\u015fak tasar\u0131m - \u0647\u062f\u064a\u0629 \u0633\u0639\u0648\u062f\u064a\u0629","isPartOf":{"@id":"https:\/\/saudi-gift.com\/#website"},"primaryImageOfPage":{"@id":"https:\/\/saudi-gift.com\/tr\/urun\/zarif-boncuk-tespih-farkli-renklerde-yumusak-tasarim\/#primaryimage"},"image":{"@id":"https:\/\/saudi-gift.com\/tr\/urun\/zarif-boncuk-tespih-farkli-renklerde-yumusak-tasarim\/#primaryimage"},"thumbnailUrl":"https:\/\/saudi-gift.com\/wp-content\/uploads\/2025\/12\/cropped-IMG_6864.jpeg","datePublished":"2025-12-28T16:33:10+00:00","breadcrumb":{"@id":"https:\/\/saudi-gift.com\/tr\/urun\/zarif-boncuk-tespih-farkli-renklerde-yumusak-tasarim\/#breadcrumb"},"inLanguage":"tr","potentialAction":[{"@type":"ReadAction","target":["https:\/\/saudi-gift.com\/tr\/urun\/zarif-boncuk-tespih-farkli-renklerde-yumusak-tasarim\/"]}]},{"@type":"ImageObject","inLanguage":"tr","@id":"https:\/\/saudi-gift.com\/tr\/urun\/zarif-boncuk-tespih-farkli-renklerde-yumusak-tasarim\/#primaryimage","url":"https:\/\/saudi-gift.com\/wp-content\/uploads\/2025\/12\/cropped-IMG_6864.jpeg","contentUrl":"https:\/\/saudi-gift.com\/wp-content\/uploads\/2025\/12\/cropped-IMG_6864.jpeg","width":800,"height":990},{"@type":"BreadcrumbList","@id":"https:\/\/saudi-gift.com\/tr\/urun\/zarif-boncuk-tespih-farkli-renklerde-yumusak-tasarim\/#breadcrumb","itemListElement":[{"@type":"ListItem","position":1,"name":"Home","item":"https:\/\/saudi-gift.com\/tr\/"},{"@type":"ListItem","position":2,"name":"\u015eimdi Al\u0131\u015fveri\u015f Yap\u0131n","item":"https:\/\/saudi-gift.com\/tr\/simdi-alisveris-yapin\/"},{"@type":"ListItem","position":3,"name":"Zarif boncuk tespih &#8211; farkl\u0131 renklerde yumu\u015fak tasar\u0131m"}]},{"@type":"WebSite","@id":"https:\/\/saudi-gift.com\/#website","url":"https:\/\/saudi-gift.com\/","name":"\u0647\u062f\u064a\u0629 \u0633\u0639\u0648\u062f\u064a\u0629","description":"\u0647\u062f\u064a\u0629 \u0633\u0639\u0648\u062f\u064a\u0629 \u0645\u062a\u062c\u0631 \u0627\u0644\u0643\u062a\u0631\u0648\u0646\u064a \u064a\u0642\u062f\u0645 \u0644\u0643\u0645 \u0645\u062c\u0645\u0648\u0639\u0629 \u0645\u0646 \u0627\u0644\u0647\u062f\u0627\u064a\u0627 \u0627\u0644\u062a\u064a \u062a\u062c\u0633\u062f \u0639\u0628\u0642 \u0630\u0643\u0631\u064a\u0627\u062a\u0643\u0645 \u0641\u064a \u0627\u0644\u0645\u0634\u0627\u0639\u0631 \u0627\u0644\u0645\u0642\u062f\u0633\u0629","publisher":{"@id":"https:\/\/saudi-gift.com\/#organization"},"alternateName":"\u0647\u062f\u064a\u0629 \u0633\u0639\u0648\u062f\u064a\u0629","potentialAction":[{"@type":"SearchAction","target":{"@type":"EntryPoint","urlTemplate":"https:\/\/saudi-gift.com\/?s={search_term_string}"},"query-input":{"@type":"PropertyValueSpecification","valueRequired":true,"valueName":"search_term_string"}}],"inLanguage":"tr"},{"@type":"Organization","@id":"https:\/\/saudi-gift.com\/#organization","name":"\u0645\u062a\u062c\u0631 \u0627\u0644\u0647\u062f\u064a\u0629","alternateName":"\u0647\u062f\u064a\u0629 \u0633\u0639\u0648\u062f\u064a\u0629","url":"https:\/\/saudi-gift.com\/","logo":{"@type":"ImageObject","inLanguage":"tr","@id":"https:\/\/saudi-gift.com\/#\/schema\/logo\/image\/","url":"https:\/\/saudi-gift.com\/wp-content\/uploads\/2025\/05\/2.png","contentUrl":"https:\/\/saudi-gift.com\/wp-content\/uploads\/2025\/05\/2.png","width":163,"height":42,"caption":"\u0645\u062a\u062c\u0631 \u0627\u0644\u0647\u062f\u064a\u0629"},"image":{"@id":"https:\/\/saudi-gift.com\/#\/schema\/logo\/image\/"},"sameAs":["https:\/\/www.facebook.com\/profile.php?id=61560277649059&mibextid=LQQJ4d","https:\/\/x.com\/saudigift_"]}]}},"jetpack-related-posts":[],"_links":{"self":[{"href":"https:\/\/saudi-gift.com\/tr\/wp-json\/wp\/v2\/product\/71778","targetHints":{"allow":["GET"]}}],"collection":[{"href":"https:\/\/saudi-gift.com\/tr\/wp-json\/wp\/v2\/product"}],"about":[{"href":"https:\/\/saudi-gift.com\/tr\/wp-json\/wp\/v2\/types\/product"}],"replies":[{"embeddable":true,"href":"https:\/\/saudi-gift.com\/tr\/wp-json\/wp\/v2\/comments?post=71778"}],"version-history":[{"count":0,"href":"https:\/\/saudi-gift.com\/tr\/wp-json\/wp\/v2\/product\/71778\/revisions"}],"wp:featuredmedia":[{"embeddable":true,"href":"https:\/\/saudi-gift.com\/tr\/wp-json\/wp\/v2\/media\/71779"}],"wp:attachment":[{"href":"https:\/\/saudi-gift.com\/tr\/wp-json\/wp\/v2\/media?parent=71778"}],"wp:term":[{"taxonomy":"product_brand","embeddable":true,"href":"https:\/\/saudi-gift.com\/tr\/wp-json\/wp\/v2\/product_brand?post=71778"},{"taxonomy":"product_cat","embeddable":true,"href":"https:\/\/saudi-gift.com\/tr\/wp-json\/wp\/v2\/product_cat?post=71778"},{"taxonomy":"product_tag","embeddable":true,"href":"https:\/\/saudi-gift.com\/tr\/wp-json\/wp\/v2\/product_tag?post=71778"}],"curies":[{"name":"wp","href":"https:\/\/api.w.org\/{rel}","templated":true}]}}