{"id":74038,"date":"2026-03-02T12:32:29","date_gmt":"2026-03-02T09:32:29","guid":{"rendered":"https:\/\/saudi-gift.com\/product\/cebel-uhud-kolye\/"},"modified":"2026-03-02T12:32:29","modified_gmt":"2026-03-02T09:32:29","slug":"cebel-uhud-kolye","status":"publish","type":"product","link":"https:\/\/saudi-gift.com\/tr\/urun\/cebel-uhud-kolye\/","title":{"rendered":"Cebel Uhud Kolye"},"content":{"rendered":"<p>Bile\u015fenler<\/p>\n<p>Uhud Da\u011f\u0131&#8217;ndan ta\u015f ve paslanmaz \u00e7elik zincir<\/p>\n","protected":false},"excerpt":{"rendered":"<p>Uhud Da\u011f\u0131 Kolye \u26f0\ufe0f<\/p>\n<p>Do\u011fal ta\u015f\u0131n g\u00fczelli\u011fi ve tarihi miras bir araya geldi\u011finde&#8230;<\/p>\n<p>g\u00f6r\u00fcn\u00fcm\u00fcn\u00fcze ihti\u015fam ve g\u00fczellik katar\u2728<\/p>\n","protected":false},"featured_media":74040,"comment_status":"open","ping_status":"closed","template":"","meta":[],"product_brand":[],"product_cat":[3246],"product_tag":[],"class_list":{"0":"post-74038","1":"product","2":"type-product","3":"status-publish","4":"has-post-thumbnail","6":"product_cat-3246","8":"first","9":"instock","10":"shipping-taxable","11":"purchasable","12":"product-type-simple"},"yoast_head":"<!-- This site is optimized with the Yoast SEO Premium plugin v27.2 (Yoast SEO v27.6) - https:\/\/yoast.com\/product\/yoast-seo-premium-wordpress\/ -->\n<title>Cebel Uhud Kolye - \u0647\u062f\u064a\u0629 \u0633\u0639\u0648\u062f\u064a\u0629<\/title>\n<meta name=\"robots\" content=\"index, follow, max-snippet:-1, max-image-preview:large, max-video-preview:-1\" \/>\n<link rel=\"canonical\" href=\"https:\/\/saudi-gift.com\/tr\/urun\/cebel-uhud-kolye\/\" \/>\n<meta property=\"og:locale\" content=\"tr_TR\" \/>\n<meta property=\"og:type\" content=\"article\" \/>\n<meta property=\"og:title\" content=\"Cebel Uhud Kolye\" \/>\n<meta property=\"og:description\" content=\"Uhud Da\u011f\u0131 Kolye \u26f0\ufe0f Do\u011fal ta\u015f\u0131n g\u00fczelli\u011fi ve tarihi miras bir araya geldi\u011finde... g\u00f6r\u00fcn\u00fcm\u00fcn\u00fcze ihti\u015fam ve g\u00fczellik katar\u2728\" \/>\n<meta property=\"og:url\" content=\"https:\/\/saudi-gift.com\/tr\/urun\/cebel-uhud-kolye\/\" \/>\n<meta property=\"og:site_name\" content=\"\u0647\u062f\u064a\u0629 \u0633\u0639\u0648\u062f\u064a\u0629\" \/>\n<meta property=\"article:publisher\" content=\"https:\/\/www.facebook.com\/profile.php?id=61560277649059&amp;mibextid=LQQJ4d\" \/>\n<meta property=\"og:image\" content=\"https:\/\/i0.wp.com\/saudi-gift.com\/wp-content\/uploads\/2026\/03\/cropped-%D9%82%D9%84%D8%A7%D8%AF%D8%A9-%D8%AC%D8%A8%D9%84-%D8%A3%D8%AD%D8%AF.webp?fit=748%2C1000&ssl=1\" \/>\n\t<meta property=\"og:image:width\" content=\"748\" \/>\n\t<meta property=\"og:image:height\" content=\"1000\" \/>\n\t<meta property=\"og:image:type\" content=\"image\/webp\" \/>\n<meta name=\"twitter:card\" content=\"summary_large_image\" \/>\n<meta name=\"twitter:site\" content=\"@saudigift_\" \/>\n<script type=\"application\/ld+json\" class=\"yoast-schema-graph\">{\"@context\":\"https:\\\/\\\/schema.org\",\"@graph\":[{\"@type\":\"WebPage\",\"@id\":\"https:\\\/\\\/saudi-gift.com\\\/tr\\\/urun\\\/cebel-uhud-kolye\\\/\",\"url\":\"https:\\\/\\\/saudi-gift.com\\\/tr\\\/urun\\\/cebel-uhud-kolye\\\/\",\"name\":\"Cebel Uhud Kolye - \u0647\u062f\u064a\u0629 \u0633\u0639\u0648\u062f\u064a\u0629\",\"isPartOf\":{\"@id\":\"https:\\\/\\\/saudi-gift.com\\\/#website\"},\"primaryImageOfPage\":{\"@id\":\"https:\\\/\\\/saudi-gift.com\\\/tr\\\/urun\\\/cebel-uhud-kolye\\\/#primaryimage\"},\"image\":{\"@id\":\"https:\\\/\\\/saudi-gift.com\\\/tr\\\/urun\\\/cebel-uhud-kolye\\\/#primaryimage\"},\"thumbnailUrl\":\"https:\\\/\\\/saudi-gift.com\\\/wp-content\\\/uploads\\\/2026\\\/03\\\/cropped-\u0642\u0644\u0627\u062f\u0629-\u062c\u0628\u0644-\u0623\u062d\u062f.webp\",\"datePublished\":\"2026-03-02T09:32:29+00:00\",\"breadcrumb\":{\"@id\":\"https:\\\/\\\/saudi-gift.com\\\/tr\\\/urun\\\/cebel-uhud-kolye\\\/#breadcrumb\"},\"inLanguage\":\"tr\",\"potentialAction\":[{\"@type\":\"ReadAction\",\"target\":[\"https:\\\/\\\/saudi-gift.com\\\/tr\\\/urun\\\/cebel-uhud-kolye\\\/\"]}]},{\"@type\":\"ImageObject\",\"inLanguage\":\"tr\",\"@id\":\"https:\\\/\\\/saudi-gift.com\\\/tr\\\/urun\\\/cebel-uhud-kolye\\\/#primaryimage\",\"url\":\"https:\\\/\\\/saudi-gift.com\\\/wp-content\\\/uploads\\\/2026\\\/03\\\/cropped-\u0642\u0644\u0627\u062f\u0629-\u062c\u0628\u0644-\u0623\u062d\u062f.webp\",\"contentUrl\":\"https:\\\/\\\/saudi-gift.com\\\/wp-content\\\/uploads\\\/2026\\\/03\\\/cropped-\u0642\u0644\u0627\u062f\u0629-\u062c\u0628\u0644-\u0623\u062d\u062f.webp\",\"width\":748,\"height\":1000},{\"@type\":\"BreadcrumbList\",\"@id\":\"https:\\\/\\\/saudi-gift.com\\\/tr\\\/urun\\\/cebel-uhud-kolye\\\/#breadcrumb\",\"itemListElement\":[{\"@type\":\"ListItem\",\"position\":1,\"name\":\"Home\",\"item\":\"https:\\\/\\\/saudi-gift.com\\\/tr\\\/\"},{\"@type\":\"ListItem\",\"position\":2,\"name\":\"\u015eimdi Al\u0131\u015fveri\u015f Yap\u0131n\",\"item\":\"https:\\\/\\\/saudi-gift.com\\\/tr\\\/simdi-alisveris-yapin\\\/\"},{\"@type\":\"ListItem\",\"position\":3,\"name\":\"Cebel Uhud Kolye\"}]},{\"@type\":\"WebSite\",\"@id\":\"https:\\\/\\\/saudi-gift.com\\\/#website\",\"url\":\"https:\\\/\\\/saudi-gift.com\\\/\",\"name\":\"\u0647\u062f\u064a\u0629 \u0633\u0639\u0648\u062f\u064a\u0629\",\"description\":\"\u0647\u062f\u064a\u0629 \u0633\u0639\u0648\u062f\u064a\u0629 \u0645\u062a\u062c\u0631 \u0627\u0644\u0643\u062a\u0631\u0648\u0646\u064a \u064a\u0642\u062f\u0645 \u0644\u0643\u0645 \u0645\u062c\u0645\u0648\u0639\u0629 \u0645\u0646 \u0627\u0644\u0647\u062f\u0627\u064a\u0627 \u0627\u0644\u062a\u064a \u062a\u062c\u0633\u062f \u0639\u0628\u0642 \u0630\u0643\u0631\u064a\u0627\u062a\u0643\u0645 \u0641\u064a \u0627\u0644\u0645\u0634\u0627\u0639\u0631 \u0627\u0644\u0645\u0642\u062f\u0633\u0629\",\"publisher\":{\"@id\":\"https:\\\/\\\/saudi-gift.com\\\/#organization\"},\"alternateName\":\"\u0647\u062f\u064a\u0629 \u0633\u0639\u0648\u062f\u064a\u0629\",\"potentialAction\":[{\"@type\":\"SearchAction\",\"target\":{\"@type\":\"EntryPoint\",\"urlTemplate\":\"https:\\\/\\\/saudi-gift.com\\\/?s={search_term_string}\"},\"query-input\":{\"@type\":\"PropertyValueSpecification\",\"valueRequired\":true,\"valueName\":\"search_term_string\"}}],\"inLanguage\":\"tr\"},{\"@type\":\"Organization\",\"@id\":\"https:\\\/\\\/saudi-gift.com\\\/#organization\",\"name\":\"\u0645\u062a\u062c\u0631 \u0627\u0644\u0647\u062f\u064a\u0629\",\"alternateName\":\"\u0647\u062f\u064a\u0629 \u0633\u0639\u0648\u062f\u064a\u0629\",\"url\":\"https:\\\/\\\/saudi-gift.com\\\/\",\"logo\":{\"@type\":\"ImageObject\",\"inLanguage\":\"tr\",\"@id\":\"https:\\\/\\\/saudi-gift.com\\\/#\\\/schema\\\/logo\\\/image\\\/\",\"url\":\"https:\\\/\\\/saudi-gift.com\\\/wp-content\\\/uploads\\\/2025\\\/05\\\/2.png\",\"contentUrl\":\"https:\\\/\\\/saudi-gift.com\\\/wp-content\\\/uploads\\\/2025\\\/05\\\/2.png\",\"width\":163,\"height\":42,\"caption\":\"\u0645\u062a\u062c\u0631 \u0627\u0644\u0647\u062f\u064a\u0629\"},\"image\":{\"@id\":\"https:\\\/\\\/saudi-gift.com\\\/#\\\/schema\\\/logo\\\/image\\\/\"},\"sameAs\":[\"https:\\\/\\\/www.facebook.com\\\/profile.php?id=61560277649059&mibextid=LQQJ4d\",\"https:\\\/\\\/x.com\\\/saudigift_\"]}]}<\/script>\n<!-- \/ Yoast SEO Premium plugin. -->","yoast_head_json":{"title":"Cebel Uhud Kolye - \u0647\u062f\u064a\u0629 \u0633\u0639\u0648\u062f\u064a\u0629","robots":{"index":"index","follow":"follow","max-snippet":"max-snippet:-1","max-image-preview":"max-image-preview:large","max-video-preview":"max-video-preview:-1"},"canonical":"https:\/\/saudi-gift.com\/tr\/urun\/cebel-uhud-kolye\/","og_locale":"tr_TR","og_type":"article","og_title":"Cebel Uhud Kolye","og_description":"Uhud Da\u011f\u0131 Kolye \u26f0\ufe0f Do\u011fal ta\u015f\u0131n g\u00fczelli\u011fi ve tarihi miras bir araya geldi\u011finde... g\u00f6r\u00fcn\u00fcm\u00fcn\u00fcze ihti\u015fam ve g\u00fczellik katar\u2728","og_url":"https:\/\/saudi-gift.com\/tr\/urun\/cebel-uhud-kolye\/","og_site_name":"\u0647\u062f\u064a\u0629 \u0633\u0639\u0648\u062f\u064a\u0629","article_publisher":"https:\/\/www.facebook.com\/profile.php?id=61560277649059&mibextid=LQQJ4d","og_image":[{"width":748,"height":1000,"url":"https:\/\/i0.wp.com\/saudi-gift.com\/wp-content\/uploads\/2026\/03\/cropped-%D9%82%D9%84%D8%A7%D8%AF%D8%A9-%D8%AC%D8%A8%D9%84-%D8%A3%D8%AD%D8%AF.webp?fit=748%2C1000&ssl=1","type":"image\/webp"}],"twitter_card":"summary_large_image","twitter_site":"@saudigift_","schema":{"@context":"https:\/\/schema.org","@graph":[{"@type":"WebPage","@id":"https:\/\/saudi-gift.com\/tr\/urun\/cebel-uhud-kolye\/","url":"https:\/\/saudi-gift.com\/tr\/urun\/cebel-uhud-kolye\/","name":"Cebel Uhud Kolye - \u0647\u062f\u064a\u0629 \u0633\u0639\u0648\u062f\u064a\u0629","isPartOf":{"@id":"https:\/\/saudi-gift.com\/#website"},"primaryImageOfPage":{"@id":"https:\/\/saudi-gift.com\/tr\/urun\/cebel-uhud-kolye\/#primaryimage"},"image":{"@id":"https:\/\/saudi-gift.com\/tr\/urun\/cebel-uhud-kolye\/#primaryimage"},"thumbnailUrl":"https:\/\/saudi-gift.com\/wp-content\/uploads\/2026\/03\/cropped-\u0642\u0644\u0627\u062f\u0629-\u062c\u0628\u0644-\u0623\u062d\u062f.webp","datePublished":"2026-03-02T09:32:29+00:00","breadcrumb":{"@id":"https:\/\/saudi-gift.com\/tr\/urun\/cebel-uhud-kolye\/#breadcrumb"},"inLanguage":"tr","potentialAction":[{"@type":"ReadAction","target":["https:\/\/saudi-gift.com\/tr\/urun\/cebel-uhud-kolye\/"]}]},{"@type":"ImageObject","inLanguage":"tr","@id":"https:\/\/saudi-gift.com\/tr\/urun\/cebel-uhud-kolye\/#primaryimage","url":"https:\/\/saudi-gift.com\/wp-content\/uploads\/2026\/03\/cropped-\u0642\u0644\u0627\u062f\u0629-\u062c\u0628\u0644-\u0623\u062d\u062f.webp","contentUrl":"https:\/\/saudi-gift.com\/wp-content\/uploads\/2026\/03\/cropped-\u0642\u0644\u0627\u062f\u0629-\u062c\u0628\u0644-\u0623\u062d\u062f.webp","width":748,"height":1000},{"@type":"BreadcrumbList","@id":"https:\/\/saudi-gift.com\/tr\/urun\/cebel-uhud-kolye\/#breadcrumb","itemListElement":[{"@type":"ListItem","position":1,"name":"Home","item":"https:\/\/saudi-gift.com\/tr\/"},{"@type":"ListItem","position":2,"name":"\u015eimdi Al\u0131\u015fveri\u015f Yap\u0131n","item":"https:\/\/saudi-gift.com\/tr\/simdi-alisveris-yapin\/"},{"@type":"ListItem","position":3,"name":"Cebel Uhud Kolye"}]},{"@type":"WebSite","@id":"https:\/\/saudi-gift.com\/#website","url":"https:\/\/saudi-gift.com\/","name":"\u0647\u062f\u064a\u0629 \u0633\u0639\u0648\u062f\u064a\u0629","description":"\u0647\u062f\u064a\u0629 \u0633\u0639\u0648\u062f\u064a\u0629 \u0645\u062a\u062c\u0631 \u0627\u0644\u0643\u062a\u0631\u0648\u0646\u064a \u064a\u0642\u062f\u0645 \u0644\u0643\u0645 \u0645\u062c\u0645\u0648\u0639\u0629 \u0645\u0646 \u0627\u0644\u0647\u062f\u0627\u064a\u0627 \u0627\u0644\u062a\u064a \u062a\u062c\u0633\u062f \u0639\u0628\u0642 \u0630\u0643\u0631\u064a\u0627\u062a\u0643\u0645 \u0641\u064a \u0627\u0644\u0645\u0634\u0627\u0639\u0631 \u0627\u0644\u0645\u0642\u062f\u0633\u0629","publisher":{"@id":"https:\/\/saudi-gift.com\/#organization"},"alternateName":"\u0647\u062f\u064a\u0629 \u0633\u0639\u0648\u062f\u064a\u0629","potentialAction":[{"@type":"SearchAction","target":{"@type":"EntryPoint","urlTemplate":"https:\/\/saudi-gift.com\/?s={search_term_string}"},"query-input":{"@type":"PropertyValueSpecification","valueRequired":true,"valueName":"search_term_string"}}],"inLanguage":"tr"},{"@type":"Organization","@id":"https:\/\/saudi-gift.com\/#organization","name":"\u0645\u062a\u062c\u0631 \u0627\u0644\u0647\u062f\u064a\u0629","alternateName":"\u0647\u062f\u064a\u0629 \u0633\u0639\u0648\u062f\u064a\u0629","url":"https:\/\/saudi-gift.com\/","logo":{"@type":"ImageObject","inLanguage":"tr","@id":"https:\/\/saudi-gift.com\/#\/schema\/logo\/image\/","url":"https:\/\/saudi-gift.com\/wp-content\/uploads\/2025\/05\/2.png","contentUrl":"https:\/\/saudi-gift.com\/wp-content\/uploads\/2025\/05\/2.png","width":163,"height":42,"caption":"\u0645\u062a\u062c\u0631 \u0627\u0644\u0647\u062f\u064a\u0629"},"image":{"@id":"https:\/\/saudi-gift.com\/#\/schema\/logo\/image\/"},"sameAs":["https:\/\/www.facebook.com\/profile.php?id=61560277649059&mibextid=LQQJ4d","https:\/\/x.com\/saudigift_"]}]}},"jetpack-related-posts":[],"_links":{"self":[{"href":"https:\/\/saudi-gift.com\/tr\/wp-json\/wp\/v2\/product\/74038","targetHints":{"allow":["GET"]}}],"collection":[{"href":"https:\/\/saudi-gift.com\/tr\/wp-json\/wp\/v2\/product"}],"about":[{"href":"https:\/\/saudi-gift.com\/tr\/wp-json\/wp\/v2\/types\/product"}],"replies":[{"embeddable":true,"href":"https:\/\/saudi-gift.com\/tr\/wp-json\/wp\/v2\/comments?post=74038"}],"version-history":[{"count":0,"href":"https:\/\/saudi-gift.com\/tr\/wp-json\/wp\/v2\/product\/74038\/revisions"}],"wp:featuredmedia":[{"embeddable":true,"href":"https:\/\/saudi-gift.com\/tr\/wp-json\/wp\/v2\/media\/74040"}],"wp:attachment":[{"href":"https:\/\/saudi-gift.com\/tr\/wp-json\/wp\/v2\/media?parent=74038"}],"wp:term":[{"taxonomy":"product_brand","embeddable":true,"href":"https:\/\/saudi-gift.com\/tr\/wp-json\/wp\/v2\/product_brand?post=74038"},{"taxonomy":"product_cat","embeddable":true,"href":"https:\/\/saudi-gift.com\/tr\/wp-json\/wp\/v2\/product_cat?post=74038"},{"taxonomy":"product_tag","embeddable":true,"href":"https:\/\/saudi-gift.com\/tr\/wp-json\/wp\/v2\/product_tag?post=74038"}],"curies":[{"name":"wp","href":"https:\/\/api.w.org\/{rel}","templated":true}]}}